{"id":42553,"date":"2023-09-13T18:34:38","date_gmt":"2023-09-13T15:34:38","guid":{"rendered":"https:\/\/miumjau.ee\/toode\/draskykle-petrebels-catharina-160-kapucino\/"},"modified":"2026-01-07T20:52:43","modified_gmt":"2026-01-07T18:52:43","slug":"draskykle-petrebels-catharina-160-kapucino","status":"publish","type":"product","link":"https:\/\/miumjau.ee\/lt\/produktas\/draskykle-petrebels-catharina-160-kapucino\/","title":{"rendered":"Draskykl\u0117 Petrebels Catharina 160, kapu\u010dino"},"content":{"rendered":"","protected":false},"excerpt":{"rendered":"<p>Draskykl\u0117 Catharina 160 \u2013 sukurta specialiai namams, kur ma\u017eai laisvos grind\u0173 erdv\u0117s. D\u0117l trikamp\u0117s formos idealiai tinka statyti kambario kampe. Tinka ka\u010diukams ir ma\u017eesn\u0117ms kat\u0117ms. Netinka labai sunkioms kat\u0117ms.<\/p>\n<p>Matmenys: 60\u00d760 cm, auk\u0161tis 160 cm,<br \/>\nNamelis \u2013 ekstra didelis, per vis\u0105 pagrind\u0105 60\u00d760 cm, auk\u0161tis 30 cm.<br \/>\nI\u0161siki\u0161usi\u0173 guoli\u0173 dydis 45\u00d745 cm \u2013 didel\u0117 laikomoji galia.<br \/>\nVir\u0161utin\u0117 gulin\u0117jimo platforma 60\u00d760 (vis tiek trikamp\u0117).<br \/>\nPS: namelyje esantis mink\u0161tas pagrindas skalbiamas 30 \u00b0C.<\/p>\n<p>Prek\u0117 atkeliauja dviem d\u0117\u017e\u0117mis, kuri\u0173 bendras svoris 35 kg.<br \/>\nProdukto svoris 33 kg.<\/p>\n<p>PER\u017dI\u016aR\u0116KITE \u010cIA TAIP PAT IR TRUMP\u0104 VAIZDO \u012eRA\u0160\u0104<\/p>\n<p>Gaminys CE sertifikuotas, gamintojas \u2013 olandi\u0161kas kokyb\u0117s prek\u0117s \u017eenklas PETREBELS. Investuojame \u012f kokyb\u0119!<\/p>\n","protected":false},"featured_media":42893,"template":"","meta":[],"product_brand":[],"product_cat":[513],"product_tag":[],"class_list":{"0":"post-42553","1":"product","2":"type-product","3":"status-publish","4":"has-post-thumbnail","6":"product_cat-vidutinio-dydzio-draskymo-medziai-petrebels","7":"product_shipping_class-pakiautomaati-sobimatu-lt","9":"first","10":"instock","11":"sale","12":"taxable","13":"shipping-taxable","14":"purchasable","15":"product-type-simple"},"yoast_head":"<!-- This site is optimized with the Yoast SEO plugin v27.2 - https:\/\/yoast.com\/product\/yoast-seo-wordpress\/ -->\n<title>Draskykl\u0117 Petrebels Catharina 160, kapu\u010dino - MiuMjau<\/title>\n<meta name=\"robots\" content=\"index, follow, max-snippet:-1, max-image-preview:large, max-video-preview:-1\" \/>\n<link rel=\"canonical\" href=\"https:\/\/miumjau.ee\/lt\/produktas\/draskykle-petrebels-catharina-160-kapucino\/\" \/>\n<meta property=\"og:locale\" content=\"lt_LT\" \/>\n<meta property=\"og:type\" content=\"article\" \/>\n<meta property=\"og:title\" content=\"Draskykl\u0117 Petrebels Catharina 160, kapu\u010dino - MiuMjau\" \/>\n<meta property=\"og:description\" content=\"Draskykl\u0117 Catharina 160 \u2013 sukurta specialiai namams, kur ma\u017eai laisvos grind\u0173 erdv\u0117s. D\u0117l trikamp\u0117s formos idealiai tinka statyti kambario kampe. Tinka ka\u010diukams ir ma\u017eesn\u0117ms kat\u0117ms. Netinka labai sunkioms kat\u0117ms. Matmenys: 60\u00d760 cm, auk\u0161tis 160 cm, Namelis \u2013 ekstra didelis, per vis\u0105 pagrind\u0105 60\u00d760 cm, auk\u0161tis 30 cm. I\u0161siki\u0161usi\u0173 guoli\u0173 dydis 45\u00d745 cm \u2013 didel\u0117 laikomoji galia. Vir\u0161utin\u0117 gulin\u0117jimo platforma 60\u00d760 (vis tiek trikamp\u0117). PS: namelyje esantis mink\u0161tas pagrindas skalbiamas 30 \u00b0C. Prek\u0117 atkeliauja dviem d\u0117\u017e\u0117mis, kuri\u0173 bendras svoris 35 kg. Produkto svoris 33 kg. PER\u017dI\u016aR\u0116KITE \u010cIA TAIP PAT IR TRUMP\u0104 VAIZDO \u012eRA\u0160\u0104 Gaminys CE sertifikuotas, gamintojas \u2013 olandi\u0161kas kokyb\u0117s prek\u0117s \u017eenklas PETREBELS. Investuojame \u012f kokyb\u0119!\" \/>\n<meta property=\"og:url\" content=\"https:\/\/miumjau.ee\/lt\/produktas\/draskykle-petrebels-catharina-160-kapucino\/\" \/>\n<meta property=\"og:site_name\" content=\"MiuMjau\" \/>\n<meta property=\"article:publisher\" content=\"https:\/\/www.facebook.com\/miumjaupood\/\" \/>\n<meta property=\"article:modified_time\" content=\"2026-01-07T18:52:43+00:00\" \/>\n<meta property=\"og:image\" content=\"https:\/\/miumjau.ee\/wp-content\/uploads\/2023\/09\/catharina-160-cappuccino-kassi-kraapimispuu-1.jpg\" \/>\n\t<meta property=\"og:image:width\" content=\"600\" \/>\n\t<meta property=\"og:image:height\" content=\"800\" \/>\n\t<meta property=\"og:image:type\" content=\"image\/jpeg\" \/>\n<meta name=\"twitter:card\" content=\"summary_large_image\" \/>\n<script type=\"application\/ld+json\" class=\"yoast-schema-graph\">{\"@context\":\"https:\/\/schema.org\",\"@graph\":[{\"@type\":\"WebPage\",\"@id\":\"https:\/\/miumjau.ee\/lt\/produktas\/draskykle-petrebels-catharina-160-kapucino\/\",\"url\":\"https:\/\/miumjau.ee\/lt\/produktas\/draskykle-petrebels-catharina-160-kapucino\/\",\"name\":\"Draskykl\u0117 Petrebels Catharina 160, kapu\u010dino - MiuMjau\",\"isPartOf\":{\"@id\":\"https:\/\/miumjau.ee\/#website\"},\"primaryImageOfPage\":{\"@id\":\"https:\/\/miumjau.ee\/lt\/produktas\/draskykle-petrebels-catharina-160-kapucino\/#primaryimage\"},\"image\":{\"@id\":\"https:\/\/miumjau.ee\/lt\/produktas\/draskykle-petrebels-catharina-160-kapucino\/#primaryimage\"},\"thumbnailUrl\":\"https:\/\/miumjau.ee\/wp-content\/uploads\/2023\/09\/catharina-160-cappuccino-kassi-kraapimispuu-1.jpg\",\"datePublished\":\"2023-09-13T15:34:38+00:00\",\"dateModified\":\"2026-01-07T18:52:43+00:00\",\"breadcrumb\":{\"@id\":\"https:\/\/miumjau.ee\/lt\/produktas\/draskykle-petrebels-catharina-160-kapucino\/#breadcrumb\"},\"inLanguage\":\"lt-LT\",\"potentialAction\":[{\"@type\":\"ReadAction\",\"target\":[\"https:\/\/miumjau.ee\/lt\/produktas\/draskykle-petrebels-catharina-160-kapucino\/\"]}]},{\"@type\":\"ImageObject\",\"inLanguage\":\"lt-LT\",\"@id\":\"https:\/\/miumjau.ee\/lt\/produktas\/draskykle-petrebels-catharina-160-kapucino\/#primaryimage\",\"url\":\"https:\/\/miumjau.ee\/wp-content\/uploads\/2023\/09\/catharina-160-cappuccino-kassi-kraapimispuu-1.jpg\",\"contentUrl\":\"https:\/\/miumjau.ee\/wp-content\/uploads\/2023\/09\/catharina-160-cappuccino-kassi-kraapimispuu-1.jpg\",\"width\":600,\"height\":800,\"caption\":\"Catharina 160 kassi kraapimispuu Petrebels\"},{\"@type\":\"BreadcrumbList\",\"@id\":\"https:\/\/miumjau.ee\/lt\/produktas\/draskykle-petrebels-catharina-160-kapucino\/#breadcrumb\",\"itemListElement\":[{\"@type\":\"ListItem\",\"position\":1,\"name\":\"Home\",\"item\":\"https:\/\/miumjau.ee\/lt\/\"},{\"@type\":\"ListItem\",\"position\":2,\"name\":\"Parduotuv\u0117\",\"item\":\"https:\/\/miumjau.ee\/lt\/parduotuve\/\"},{\"@type\":\"ListItem\",\"position\":3,\"name\":\"Draskykl\u0117 Petrebels Catharina 160, kapu\u010dino\"}]},{\"@type\":\"WebSite\",\"@id\":\"https:\/\/miumjau.ee\/#website\",\"url\":\"https:\/\/miumjau.ee\/\",\"name\":\"MiuMjau\",\"description\":\"Kraapimispuud kassidele\",\"publisher\":{\"@id\":\"https:\/\/miumjau.ee\/#organization\"},\"potentialAction\":[{\"@type\":\"SearchAction\",\"target\":{\"@type\":\"EntryPoint\",\"urlTemplate\":\"https:\/\/miumjau.ee\/?s={search_term_string}\"},\"query-input\":{\"@type\":\"PropertyValueSpecification\",\"valueRequired\":true,\"valueName\":\"search_term_string\"}}],\"inLanguage\":\"lt-LT\"},{\"@type\":\"Organization\",\"@id\":\"https:\/\/miumjau.ee\/#organization\",\"name\":\"MiuMjau O\u00dc\",\"url\":\"https:\/\/miumjau.ee\/\",\"logo\":{\"@type\":\"ImageObject\",\"inLanguage\":\"lt-LT\",\"@id\":\"https:\/\/miumjau.ee\/#\/schema\/logo\/image\/\",\"url\":\"https:\/\/miumjau.ee\/wp-content\/uploads\/2022\/04\/MiuMjau-logo-kollane.png\",\"contentUrl\":\"https:\/\/miumjau.ee\/wp-content\/uploads\/2022\/04\/MiuMjau-logo-kollane.png\",\"width\":219,\"height\":100,\"caption\":\"MiuMjau O\u00dc\"},\"image\":{\"@id\":\"https:\/\/miumjau.ee\/#\/schema\/logo\/image\/\"},\"sameAs\":[\"https:\/\/www.facebook.com\/miumjaupood\/\"]}]}<\/script>\n<!-- \/ Yoast SEO plugin. -->","yoast_head_json":{"title":"Draskykl\u0117 Petrebels Catharina 160, kapu\u010dino - MiuMjau","robots":{"index":"index","follow":"follow","max-snippet":"max-snippet:-1","max-image-preview":"max-image-preview:large","max-video-preview":"max-video-preview:-1"},"canonical":"https:\/\/miumjau.ee\/lt\/produktas\/draskykle-petrebels-catharina-160-kapucino\/","og_locale":"lt_LT","og_type":"article","og_title":"Draskykl\u0117 Petrebels Catharina 160, kapu\u010dino - MiuMjau","og_description":"Draskykl\u0117 Catharina 160 \u2013 sukurta specialiai namams, kur ma\u017eai laisvos grind\u0173 erdv\u0117s. D\u0117l trikamp\u0117s formos idealiai tinka statyti kambario kampe. Tinka ka\u010diukams ir ma\u017eesn\u0117ms kat\u0117ms. Netinka labai sunkioms kat\u0117ms. Matmenys: 60\u00d760 cm, auk\u0161tis 160 cm, Namelis \u2013 ekstra didelis, per vis\u0105 pagrind\u0105 60\u00d760 cm, auk\u0161tis 30 cm. I\u0161siki\u0161usi\u0173 guoli\u0173 dydis 45\u00d745 cm \u2013 didel\u0117 laikomoji galia. Vir\u0161utin\u0117 gulin\u0117jimo platforma 60\u00d760 (vis tiek trikamp\u0117). PS: namelyje esantis mink\u0161tas pagrindas skalbiamas 30 \u00b0C. Prek\u0117 atkeliauja dviem d\u0117\u017e\u0117mis, kuri\u0173 bendras svoris 35 kg. Produkto svoris 33 kg. PER\u017dI\u016aR\u0116KITE \u010cIA TAIP PAT IR TRUMP\u0104 VAIZDO \u012eRA\u0160\u0104 Gaminys CE sertifikuotas, gamintojas \u2013 olandi\u0161kas kokyb\u0117s prek\u0117s \u017eenklas PETREBELS. Investuojame \u012f kokyb\u0119!","og_url":"https:\/\/miumjau.ee\/lt\/produktas\/draskykle-petrebels-catharina-160-kapucino\/","og_site_name":"MiuMjau","article_publisher":"https:\/\/www.facebook.com\/miumjaupood\/","article_modified_time":"2026-01-07T18:52:43+00:00","og_image":[{"width":600,"height":800,"url":"https:\/\/miumjau.ee\/wp-content\/uploads\/2023\/09\/catharina-160-cappuccino-kassi-kraapimispuu-1.jpg","type":"image\/jpeg"}],"twitter_card":"summary_large_image","schema":{"@context":"https:\/\/schema.org","@graph":[{"@type":"WebPage","@id":"https:\/\/miumjau.ee\/lt\/produktas\/draskykle-petrebels-catharina-160-kapucino\/","url":"https:\/\/miumjau.ee\/lt\/produktas\/draskykle-petrebels-catharina-160-kapucino\/","name":"Draskykl\u0117 Petrebels Catharina 160, kapu\u010dino - MiuMjau","isPartOf":{"@id":"https:\/\/miumjau.ee\/#website"},"primaryImageOfPage":{"@id":"https:\/\/miumjau.ee\/lt\/produktas\/draskykle-petrebels-catharina-160-kapucino\/#primaryimage"},"image":{"@id":"https:\/\/miumjau.ee\/lt\/produktas\/draskykle-petrebels-catharina-160-kapucino\/#primaryimage"},"thumbnailUrl":"https:\/\/miumjau.ee\/wp-content\/uploads\/2023\/09\/catharina-160-cappuccino-kassi-kraapimispuu-1.jpg","datePublished":"2023-09-13T15:34:38+00:00","dateModified":"2026-01-07T18:52:43+00:00","breadcrumb":{"@id":"https:\/\/miumjau.ee\/lt\/produktas\/draskykle-petrebels-catharina-160-kapucino\/#breadcrumb"},"inLanguage":"lt-LT","potentialAction":[{"@type":"ReadAction","target":["https:\/\/miumjau.ee\/lt\/produktas\/draskykle-petrebels-catharina-160-kapucino\/"]}]},{"@type":"ImageObject","inLanguage":"lt-LT","@id":"https:\/\/miumjau.ee\/lt\/produktas\/draskykle-petrebels-catharina-160-kapucino\/#primaryimage","url":"https:\/\/miumjau.ee\/wp-content\/uploads\/2023\/09\/catharina-160-cappuccino-kassi-kraapimispuu-1.jpg","contentUrl":"https:\/\/miumjau.ee\/wp-content\/uploads\/2023\/09\/catharina-160-cappuccino-kassi-kraapimispuu-1.jpg","width":600,"height":800,"caption":"Catharina 160 kassi kraapimispuu Petrebels"},{"@type":"BreadcrumbList","@id":"https:\/\/miumjau.ee\/lt\/produktas\/draskykle-petrebels-catharina-160-kapucino\/#breadcrumb","itemListElement":[{"@type":"ListItem","position":1,"name":"Home","item":"https:\/\/miumjau.ee\/lt\/"},{"@type":"ListItem","position":2,"name":"Parduotuv\u0117","item":"https:\/\/miumjau.ee\/lt\/parduotuve\/"},{"@type":"ListItem","position":3,"name":"Draskykl\u0117 Petrebels Catharina 160, kapu\u010dino"}]},{"@type":"WebSite","@id":"https:\/\/miumjau.ee\/#website","url":"https:\/\/miumjau.ee\/","name":"MiuMjau","description":"Kraapimispuud kassidele","publisher":{"@id":"https:\/\/miumjau.ee\/#organization"},"potentialAction":[{"@type":"SearchAction","target":{"@type":"EntryPoint","urlTemplate":"https:\/\/miumjau.ee\/?s={search_term_string}"},"query-input":{"@type":"PropertyValueSpecification","valueRequired":true,"valueName":"search_term_string"}}],"inLanguage":"lt-LT"},{"@type":"Organization","@id":"https:\/\/miumjau.ee\/#organization","name":"MiuMjau O\u00dc","url":"https:\/\/miumjau.ee\/","logo":{"@type":"ImageObject","inLanguage":"lt-LT","@id":"https:\/\/miumjau.ee\/#\/schema\/logo\/image\/","url":"https:\/\/miumjau.ee\/wp-content\/uploads\/2022\/04\/MiuMjau-logo-kollane.png","contentUrl":"https:\/\/miumjau.ee\/wp-content\/uploads\/2022\/04\/MiuMjau-logo-kollane.png","width":219,"height":100,"caption":"MiuMjau O\u00dc"},"image":{"@id":"https:\/\/miumjau.ee\/#\/schema\/logo\/image\/"},"sameAs":["https:\/\/www.facebook.com\/miumjaupood\/"]}]}},"_links":{"self":[{"href":"https:\/\/miumjau.ee\/lt\/wp-json\/wp\/v2\/product\/42553","targetHints":{"allow":["GET"]}}],"collection":[{"href":"https:\/\/miumjau.ee\/lt\/wp-json\/wp\/v2\/product"}],"about":[{"href":"https:\/\/miumjau.ee\/lt\/wp-json\/wp\/v2\/types\/product"}],"wp:featuredmedia":[{"embeddable":true,"href":"https:\/\/miumjau.ee\/lt\/wp-json\/wp\/v2\/media\/42893"}],"wp:attachment":[{"href":"https:\/\/miumjau.ee\/lt\/wp-json\/wp\/v2\/media?parent=42553"}],"wp:term":[{"taxonomy":"product_brand","embeddable":true,"href":"https:\/\/miumjau.ee\/lt\/wp-json\/wp\/v2\/product_brand?post=42553"},{"taxonomy":"product_cat","embeddable":true,"href":"https:\/\/miumjau.ee\/lt\/wp-json\/wp\/v2\/product_cat?post=42553"},{"taxonomy":"product_tag","embeddable":true,"href":"https:\/\/miumjau.ee\/lt\/wp-json\/wp\/v2\/product_tag?post=42553"}],"curies":[{"name":"wp","href":"https:\/\/api.w.org\/{rel}","templated":true}]}}