{"id":42551,"date":"2023-09-13T15:11:41","date_gmt":"2023-09-13T12:11:41","guid":{"rendered":"https:\/\/miumjau.ee\/toode\/petrebels-draskymo-plokste-kampui-pilka\/"},"modified":"2026-01-07T20:52:50","modified_gmt":"2026-01-07T18:52:50","slug":"petrebels-draskymo-plokste-kampui-pilka","status":"publish","type":"product","link":"https:\/\/miumjau.ee\/lt\/produktas\/petrebels-draskymo-plokste-kampui-pilka\/","title":{"rendered":"Petrebels Draskymo plok\u0161t\u0117 kampui, pilka"},"content":{"rendered":"","protected":false},"excerpt":{"rendered":"<p>Petrebels draskymo plok\u0161t\u0117 skirta tvirtinti prie sienos, kampo. Geriausia rasti b\u016btent t\u0105 kamp\u0105, kuriuo kat\u0117 da\u017enai vaik\u0161to. Taip galima sukurti daug draskymo viet\u0173 taip, kad grind\u0173 plotas likt\u0173 laisvas. Be to, j\u016bs\u0173 baldai gaus \u201ema\u017eiau \u012fkaisti\u201c. Kaip ir visi kiti Petrebels gaminiai, \u0161is pagamintas kokybi\u0161kai: papildomai tvirtu sisalu dengtas kilimas ir kra\u0161tuose itin mink\u0161tas pliu\u0161as. Esame tikri, kad j\u016bs\u0173 kat\u0117 kasdien \u010dia draskys.<\/p>\n<ul>\n<li>Matmenys \u2013 auk\u0161tis 57 cm, plotis 29,5 cm, storis 3 cm<\/li>\n<li>Tinka visoms kat\u0117ms \u2013 taip pat didel\u0117ms ir stiprioms<\/li>\n<\/ul>\n<p>Gaminys CE sertifikuotas, gamintojas \u2013 olandi\u0161kas kokyb\u0117s prek\u0117s \u017eenklas PETREBELS. Investuojame \u012f kokyb\u0119!<\/p>\n","protected":false},"featured_media":42877,"template":"","meta":[],"product_brand":[],"product_cat":[522],"product_tag":[],"class_list":{"0":"post-42551","1":"product","2":"type-product","3":"status-publish","4":"has-post-thumbnail","6":"product_cat-draskymo-kilimeliai","7":"product_shipping_class-pakiautomaati-sobimatu-lt","9":"first","10":"instock","11":"taxable","12":"shipping-taxable","13":"purchasable","14":"product-type-simple"},"yoast_head":"<!-- This site is optimized with the Yoast SEO plugin v27.2 - https:\/\/yoast.com\/product\/yoast-seo-wordpress\/ -->\n<title>Petrebels Draskymo plok\u0161t\u0117 kampui, pilka - MiuMjau<\/title>\n<meta name=\"robots\" content=\"index, follow, max-snippet:-1, max-image-preview:large, max-video-preview:-1\" \/>\n<link rel=\"canonical\" href=\"https:\/\/miumjau.ee\/lt\/produktas\/petrebels-draskymo-plokste-kampui-pilka\/\" \/>\n<meta property=\"og:locale\" content=\"lt_LT\" \/>\n<meta property=\"og:type\" content=\"article\" \/>\n<meta property=\"og:title\" content=\"Petrebels Draskymo plok\u0161t\u0117 kampui, pilka - MiuMjau\" \/>\n<meta property=\"og:description\" content=\"Petrebels draskymo plok\u0161t\u0117 skirta tvirtinti prie sienos, kampo. Geriausia rasti b\u016btent t\u0105 kamp\u0105, kuriuo kat\u0117 da\u017enai vaik\u0161to. Taip galima sukurti daug draskymo viet\u0173 taip, kad grind\u0173 plotas likt\u0173 laisvas. Be to, j\u016bs\u0173 baldai gaus \u201ema\u017eiau \u012fkaisti\u201c. Kaip ir visi kiti Petrebels gaminiai, \u0161is pagamintas kokybi\u0161kai: papildomai tvirtu sisalu dengtas kilimas ir kra\u0161tuose itin mink\u0161tas pliu\u0161as. Esame tikri, kad j\u016bs\u0173 kat\u0117 kasdien \u010dia draskys. Matmenys \u2013 auk\u0161tis 57 cm, plotis 29,5 cm, storis 3 cm Tinka visoms kat\u0117ms \u2013 taip pat didel\u0117ms ir stiprioms Gaminys CE sertifikuotas, gamintojas \u2013 olandi\u0161kas kokyb\u0117s prek\u0117s \u017eenklas PETREBELS. Investuojame \u012f kokyb\u0119!\" \/>\n<meta property=\"og:url\" content=\"https:\/\/miumjau.ee\/lt\/produktas\/petrebels-draskymo-plokste-kampui-pilka\/\" \/>\n<meta property=\"og:site_name\" content=\"MiuMjau\" \/>\n<meta property=\"article:publisher\" content=\"https:\/\/www.facebook.com\/miumjaupood\/\" \/>\n<meta property=\"article:modified_time\" content=\"2026-01-07T18:52:50+00:00\" \/>\n<meta property=\"og:image\" content=\"https:\/\/miumjau.ee\/wp-content\/uploads\/2023\/09\/scratch-corner-petrebels-kraapimisplaat4.jpg\" \/>\n\t<meta property=\"og:image:width\" content=\"600\" \/>\n\t<meta property=\"og:image:height\" content=\"800\" \/>\n\t<meta property=\"og:image:type\" content=\"image\/jpeg\" \/>\n<meta name=\"twitter:card\" content=\"summary_large_image\" \/>\n<script type=\"application\/ld+json\" class=\"yoast-schema-graph\">{\"@context\":\"https:\/\/schema.org\",\"@graph\":[{\"@type\":\"WebPage\",\"@id\":\"https:\/\/miumjau.ee\/lt\/produktas\/petrebels-draskymo-plokste-kampui-pilka\/\",\"url\":\"https:\/\/miumjau.ee\/lt\/produktas\/petrebels-draskymo-plokste-kampui-pilka\/\",\"name\":\"Petrebels Draskymo plok\u0161t\u0117 kampui, pilka - MiuMjau\",\"isPartOf\":{\"@id\":\"https:\/\/miumjau.ee\/#website\"},\"primaryImageOfPage\":{\"@id\":\"https:\/\/miumjau.ee\/lt\/produktas\/petrebels-draskymo-plokste-kampui-pilka\/#primaryimage\"},\"image\":{\"@id\":\"https:\/\/miumjau.ee\/lt\/produktas\/petrebels-draskymo-plokste-kampui-pilka\/#primaryimage\"},\"thumbnailUrl\":\"https:\/\/miumjau.ee\/wp-content\/uploads\/2023\/09\/scratch-corner-petrebels-kraapimisplaat4.jpg\",\"datePublished\":\"2023-09-13T12:11:41+00:00\",\"dateModified\":\"2026-01-07T18:52:50+00:00\",\"breadcrumb\":{\"@id\":\"https:\/\/miumjau.ee\/lt\/produktas\/petrebels-draskymo-plokste-kampui-pilka\/#breadcrumb\"},\"inLanguage\":\"lt-LT\",\"potentialAction\":[{\"@type\":\"ReadAction\",\"target\":[\"https:\/\/miumjau.ee\/lt\/produktas\/petrebels-draskymo-plokste-kampui-pilka\/\"]}]},{\"@type\":\"ImageObject\",\"inLanguage\":\"lt-LT\",\"@id\":\"https:\/\/miumjau.ee\/lt\/produktas\/petrebels-draskymo-plokste-kampui-pilka\/#primaryimage\",\"url\":\"https:\/\/miumjau.ee\/wp-content\/uploads\/2023\/09\/scratch-corner-petrebels-kraapimisplaat4.jpg\",\"contentUrl\":\"https:\/\/miumjau.ee\/wp-content\/uploads\/2023\/09\/scratch-corner-petrebels-kraapimisplaat4.jpg\",\"width\":600,\"height\":800,\"caption\":\"Petrebels Kraapimise plaat nurka kinnitamiseks\"},{\"@type\":\"BreadcrumbList\",\"@id\":\"https:\/\/miumjau.ee\/lt\/produktas\/petrebels-draskymo-plokste-kampui-pilka\/#breadcrumb\",\"itemListElement\":[{\"@type\":\"ListItem\",\"position\":1,\"name\":\"Home\",\"item\":\"https:\/\/miumjau.ee\/lt\/\"},{\"@type\":\"ListItem\",\"position\":2,\"name\":\"Parduotuv\u0117\",\"item\":\"https:\/\/miumjau.ee\/lt\/parduotuve\/\"},{\"@type\":\"ListItem\",\"position\":3,\"name\":\"Petrebels Draskymo plok\u0161t\u0117 kampui, pilka\"}]},{\"@type\":\"WebSite\",\"@id\":\"https:\/\/miumjau.ee\/#website\",\"url\":\"https:\/\/miumjau.ee\/\",\"name\":\"MiuMjau\",\"description\":\"Kraapimispuud kassidele\",\"publisher\":{\"@id\":\"https:\/\/miumjau.ee\/#organization\"},\"potentialAction\":[{\"@type\":\"SearchAction\",\"target\":{\"@type\":\"EntryPoint\",\"urlTemplate\":\"https:\/\/miumjau.ee\/?s={search_term_string}\"},\"query-input\":{\"@type\":\"PropertyValueSpecification\",\"valueRequired\":true,\"valueName\":\"search_term_string\"}}],\"inLanguage\":\"lt-LT\"},{\"@type\":\"Organization\",\"@id\":\"https:\/\/miumjau.ee\/#organization\",\"name\":\"MiuMjau O\u00dc\",\"url\":\"https:\/\/miumjau.ee\/\",\"logo\":{\"@type\":\"ImageObject\",\"inLanguage\":\"lt-LT\",\"@id\":\"https:\/\/miumjau.ee\/#\/schema\/logo\/image\/\",\"url\":\"https:\/\/miumjau.ee\/wp-content\/uploads\/2022\/04\/MiuMjau-logo-kollane.png\",\"contentUrl\":\"https:\/\/miumjau.ee\/wp-content\/uploads\/2022\/04\/MiuMjau-logo-kollane.png\",\"width\":219,\"height\":100,\"caption\":\"MiuMjau O\u00dc\"},\"image\":{\"@id\":\"https:\/\/miumjau.ee\/#\/schema\/logo\/image\/\"},\"sameAs\":[\"https:\/\/www.facebook.com\/miumjaupood\/\"]}]}<\/script>\n<!-- \/ Yoast SEO plugin. -->","yoast_head_json":{"title":"Petrebels Draskymo plok\u0161t\u0117 kampui, pilka - MiuMjau","robots":{"index":"index","follow":"follow","max-snippet":"max-snippet:-1","max-image-preview":"max-image-preview:large","max-video-preview":"max-video-preview:-1"},"canonical":"https:\/\/miumjau.ee\/lt\/produktas\/petrebels-draskymo-plokste-kampui-pilka\/","og_locale":"lt_LT","og_type":"article","og_title":"Petrebels Draskymo plok\u0161t\u0117 kampui, pilka - MiuMjau","og_description":"Petrebels draskymo plok\u0161t\u0117 skirta tvirtinti prie sienos, kampo. Geriausia rasti b\u016btent t\u0105 kamp\u0105, kuriuo kat\u0117 da\u017enai vaik\u0161to. Taip galima sukurti daug draskymo viet\u0173 taip, kad grind\u0173 plotas likt\u0173 laisvas. Be to, j\u016bs\u0173 baldai gaus \u201ema\u017eiau \u012fkaisti\u201c. Kaip ir visi kiti Petrebels gaminiai, \u0161is pagamintas kokybi\u0161kai: papildomai tvirtu sisalu dengtas kilimas ir kra\u0161tuose itin mink\u0161tas pliu\u0161as. Esame tikri, kad j\u016bs\u0173 kat\u0117 kasdien \u010dia draskys. Matmenys \u2013 auk\u0161tis 57 cm, plotis 29,5 cm, storis 3 cm Tinka visoms kat\u0117ms \u2013 taip pat didel\u0117ms ir stiprioms Gaminys CE sertifikuotas, gamintojas \u2013 olandi\u0161kas kokyb\u0117s prek\u0117s \u017eenklas PETREBELS. Investuojame \u012f kokyb\u0119!","og_url":"https:\/\/miumjau.ee\/lt\/produktas\/petrebels-draskymo-plokste-kampui-pilka\/","og_site_name":"MiuMjau","article_publisher":"https:\/\/www.facebook.com\/miumjaupood\/","article_modified_time":"2026-01-07T18:52:50+00:00","og_image":[{"width":600,"height":800,"url":"https:\/\/miumjau.ee\/wp-content\/uploads\/2023\/09\/scratch-corner-petrebels-kraapimisplaat4.jpg","type":"image\/jpeg"}],"twitter_card":"summary_large_image","schema":{"@context":"https:\/\/schema.org","@graph":[{"@type":"WebPage","@id":"https:\/\/miumjau.ee\/lt\/produktas\/petrebels-draskymo-plokste-kampui-pilka\/","url":"https:\/\/miumjau.ee\/lt\/produktas\/petrebels-draskymo-plokste-kampui-pilka\/","name":"Petrebels Draskymo plok\u0161t\u0117 kampui, pilka - MiuMjau","isPartOf":{"@id":"https:\/\/miumjau.ee\/#website"},"primaryImageOfPage":{"@id":"https:\/\/miumjau.ee\/lt\/produktas\/petrebels-draskymo-plokste-kampui-pilka\/#primaryimage"},"image":{"@id":"https:\/\/miumjau.ee\/lt\/produktas\/petrebels-draskymo-plokste-kampui-pilka\/#primaryimage"},"thumbnailUrl":"https:\/\/miumjau.ee\/wp-content\/uploads\/2023\/09\/scratch-corner-petrebels-kraapimisplaat4.jpg","datePublished":"2023-09-13T12:11:41+00:00","dateModified":"2026-01-07T18:52:50+00:00","breadcrumb":{"@id":"https:\/\/miumjau.ee\/lt\/produktas\/petrebels-draskymo-plokste-kampui-pilka\/#breadcrumb"},"inLanguage":"lt-LT","potentialAction":[{"@type":"ReadAction","target":["https:\/\/miumjau.ee\/lt\/produktas\/petrebels-draskymo-plokste-kampui-pilka\/"]}]},{"@type":"ImageObject","inLanguage":"lt-LT","@id":"https:\/\/miumjau.ee\/lt\/produktas\/petrebels-draskymo-plokste-kampui-pilka\/#primaryimage","url":"https:\/\/miumjau.ee\/wp-content\/uploads\/2023\/09\/scratch-corner-petrebels-kraapimisplaat4.jpg","contentUrl":"https:\/\/miumjau.ee\/wp-content\/uploads\/2023\/09\/scratch-corner-petrebels-kraapimisplaat4.jpg","width":600,"height":800,"caption":"Petrebels Kraapimise plaat nurka kinnitamiseks"},{"@type":"BreadcrumbList","@id":"https:\/\/miumjau.ee\/lt\/produktas\/petrebels-draskymo-plokste-kampui-pilka\/#breadcrumb","itemListElement":[{"@type":"ListItem","position":1,"name":"Home","item":"https:\/\/miumjau.ee\/lt\/"},{"@type":"ListItem","position":2,"name":"Parduotuv\u0117","item":"https:\/\/miumjau.ee\/lt\/parduotuve\/"},{"@type":"ListItem","position":3,"name":"Petrebels Draskymo plok\u0161t\u0117 kampui, pilka"}]},{"@type":"WebSite","@id":"https:\/\/miumjau.ee\/#website","url":"https:\/\/miumjau.ee\/","name":"MiuMjau","description":"Kraapimispuud kassidele","publisher":{"@id":"https:\/\/miumjau.ee\/#organization"},"potentialAction":[{"@type":"SearchAction","target":{"@type":"EntryPoint","urlTemplate":"https:\/\/miumjau.ee\/?s={search_term_string}"},"query-input":{"@type":"PropertyValueSpecification","valueRequired":true,"valueName":"search_term_string"}}],"inLanguage":"lt-LT"},{"@type":"Organization","@id":"https:\/\/miumjau.ee\/#organization","name":"MiuMjau O\u00dc","url":"https:\/\/miumjau.ee\/","logo":{"@type":"ImageObject","inLanguage":"lt-LT","@id":"https:\/\/miumjau.ee\/#\/schema\/logo\/image\/","url":"https:\/\/miumjau.ee\/wp-content\/uploads\/2022\/04\/MiuMjau-logo-kollane.png","contentUrl":"https:\/\/miumjau.ee\/wp-content\/uploads\/2022\/04\/MiuMjau-logo-kollane.png","width":219,"height":100,"caption":"MiuMjau O\u00dc"},"image":{"@id":"https:\/\/miumjau.ee\/#\/schema\/logo\/image\/"},"sameAs":["https:\/\/www.facebook.com\/miumjaupood\/"]}]}},"_links":{"self":[{"href":"https:\/\/miumjau.ee\/lt\/wp-json\/wp\/v2\/product\/42551","targetHints":{"allow":["GET"]}}],"collection":[{"href":"https:\/\/miumjau.ee\/lt\/wp-json\/wp\/v2\/product"}],"about":[{"href":"https:\/\/miumjau.ee\/lt\/wp-json\/wp\/v2\/types\/product"}],"wp:featuredmedia":[{"embeddable":true,"href":"https:\/\/miumjau.ee\/lt\/wp-json\/wp\/v2\/media\/42877"}],"wp:attachment":[{"href":"https:\/\/miumjau.ee\/lt\/wp-json\/wp\/v2\/media?parent=42551"}],"wp:term":[{"taxonomy":"product_brand","embeddable":true,"href":"https:\/\/miumjau.ee\/lt\/wp-json\/wp\/v2\/product_brand?post=42551"},{"taxonomy":"product_cat","embeddable":true,"href":"https:\/\/miumjau.ee\/lt\/wp-json\/wp\/v2\/product_cat?post=42551"},{"taxonomy":"product_tag","embeddable":true,"href":"https:\/\/miumjau.ee\/lt\/wp-json\/wp\/v2\/product_tag?post=42551"}],"curies":[{"name":"wp","href":"https:\/\/api.w.org\/{rel}","templated":true}]}}