{"id":42550,"date":"2023-09-13T13:12:46","date_gmt":"2023-09-13T10:12:46","guid":{"rendered":"https:\/\/miumjau.ee\/toode\/draskykle-petrebels-scenic-view-175-kapucino\/"},"modified":"2026-01-07T20:52:50","modified_gmt":"2026-01-07T18:52:50","slug":"draskykle-petrebels-scenic-view-175-kapucino","status":"publish","type":"product","link":"https:\/\/miumjau.ee\/lt\/produktas\/draskykle-petrebels-scenic-view-175-kapucino\/","title":{"rendered":"Draskykl\u0117 Petrebels Scenic View 175, kapu\u010dino"},"content":{"rendered":"","protected":false},"excerpt":{"rendered":"<p>Kat\u0117ms patinka draskyti ir, \u017einoma, laipioti. Kod\u0117l nepalepinus savo augintinio Petrebels laipiojimo rojumi? Draskymo stulpai yra stori, 12 cm skersmens, ir per vis\u0105 ilg\u012f aptraukti draskymui skirtu sisalu. Tarp j\u0173 \u2013 kelios skirtingos platformos, kad j\u016bs\u0173 kat\u0117 b\u016bt\u0173 u\u017esi\u0117musi vis\u0105 dien\u0105. Pavargo \u017eaisti? Joki\u0173 problem\u0173! \u010cia yra ir \u012fvair\u016bs auk\u0161\u010diai, tvirtas i\u0161siki\u0161\u0119s guolis, ir apa\u010dioje esantis namelis \u2013 viskas poilsiui ir pasiruo\u0161imui kitam \u201elaipiojimo maratonui\u201c.<\/p>\n<ul>\n<li>Ilgis 85 cm, plotis 50 cm, auk\u0161tis 175 cm<\/li>\n<li>I\u0161siki\u0161\u0119s guolis 45\u00d745 cm<\/li>\n<li>Mink\u0161tu u\u017epildu namelis 45 \u00d7 45 cm ir 30 cm auk\u0161\u010dio.<\/li>\n<li>Ekstra didel\u0117 vir\u0161utin\u0117 gulin\u0117jimo vieta 30\u00d750 cm ir 8 cm auk\u0161\u010dio, kad kat\u0117 nei\u0161krist\u0173 miegodama.<\/li>\n<\/ul>\n<p>PER\u017dI\u016aR\u0116KITE \u010cIA TAIP PAT IR TRUMP\u0104 VAIZDO \u012eRA\u0160\u0104<\/p>\n<p>Pirk\u0117jui prek\u0119 siun\u010diame dviem pakuot\u0117mis, kuri\u0173 bendras svoris 43 kg.<br \/>\nPakuot\u0117 Nr. 1 \u2013 92\u00d752\u00d726 cm, svoris 25 kg<br \/>\nPakuot\u0117 Nr. 2 \u2013 53\u00d749\u00d751 cm, svoris 18 kg<br \/>\nProdukto svoris be pakuo\u010di\u0173 41 kg.<\/p>\n<p>Gaminys CE sertifikuotas, gamintojas \u2013 olandi\u0161kas kokyb\u0117s prek\u0117s \u017eenklas PETREBELS. Investuojame \u012f kokyb\u0119!<\/p>\n","protected":false},"featured_media":42867,"template":"","meta":[],"product_brand":[],"product_cat":[513],"product_tag":[],"class_list":{"0":"post-42550","1":"product","2":"type-product","3":"status-publish","4":"has-post-thumbnail","6":"product_cat-vidutinio-dydzio-draskymo-medziai-petrebels","8":"first","9":"instock","10":"taxable","11":"shipping-taxable","12":"purchasable","13":"product-type-simple"},"yoast_head":"<!-- This site is optimized with the Yoast SEO plugin v27.2 - https:\/\/yoast.com\/product\/yoast-seo-wordpress\/ -->\n<title>Draskykl\u0117 Petrebels Scenic View 175, kapu\u010dino - MiuMjau<\/title>\n<meta name=\"robots\" content=\"index, follow, max-snippet:-1, max-image-preview:large, max-video-preview:-1\" \/>\n<link rel=\"canonical\" href=\"https:\/\/miumjau.ee\/lt\/produktas\/draskykle-petrebels-scenic-view-175-kapucino\/\" \/>\n<meta property=\"og:locale\" content=\"lt_LT\" \/>\n<meta property=\"og:type\" content=\"article\" \/>\n<meta property=\"og:title\" content=\"Draskykl\u0117 Petrebels Scenic View 175, kapu\u010dino - MiuMjau\" \/>\n<meta property=\"og:description\" content=\"Kat\u0117ms patinka draskyti ir, \u017einoma, laipioti. Kod\u0117l nepalepinus savo augintinio Petrebels laipiojimo rojumi? Draskymo stulpai yra stori, 12 cm skersmens, ir per vis\u0105 ilg\u012f aptraukti draskymui skirtu sisalu. Tarp j\u0173 \u2013 kelios skirtingos platformos, kad j\u016bs\u0173 kat\u0117 b\u016bt\u0173 u\u017esi\u0117musi vis\u0105 dien\u0105. Pavargo \u017eaisti? Joki\u0173 problem\u0173! \u010cia yra ir \u012fvair\u016bs auk\u0161\u010diai, tvirtas i\u0161siki\u0161\u0119s guolis, ir apa\u010dioje esantis namelis \u2013 viskas poilsiui ir pasiruo\u0161imui kitam \u201elaipiojimo maratonui\u201c. Ilgis 85 cm, plotis 50 cm, auk\u0161tis 175 cm I\u0161siki\u0161\u0119s guolis 45\u00d745 cm Mink\u0161tu u\u017epildu namelis 45 \u00d7 45 cm ir 30 cm auk\u0161\u010dio. Ekstra didel\u0117 vir\u0161utin\u0117 gulin\u0117jimo vieta 30\u00d750 cm ir 8 cm auk\u0161\u010dio, kad kat\u0117 nei\u0161krist\u0173 miegodama. PER\u017dI\u016aR\u0116KITE \u010cIA TAIP PAT IR TRUMP\u0104 VAIZDO \u012eRA\u0160\u0104 Pirk\u0117jui prek\u0119 siun\u010diame dviem pakuot\u0117mis, kuri\u0173 bendras svoris 43 kg. Pakuot\u0117 Nr. 1 \u2013 92\u00d752\u00d726 cm, svoris 25 kg Pakuot\u0117 Nr. 2 \u2013 53\u00d749\u00d751 cm, svoris 18 kg Produkto svoris be pakuo\u010di\u0173 41 kg. Gaminys CE sertifikuotas, gamintojas \u2013 olandi\u0161kas kokyb\u0117s prek\u0117s \u017eenklas PETREBELS. Investuojame \u012f kokyb\u0119!\" \/>\n<meta property=\"og:url\" content=\"https:\/\/miumjau.ee\/lt\/produktas\/draskykle-petrebels-scenic-view-175-kapucino\/\" \/>\n<meta property=\"og:site_name\" content=\"MiuMjau\" \/>\n<meta property=\"article:publisher\" content=\"https:\/\/www.facebook.com\/miumjaupood\/\" \/>\n<meta property=\"article:modified_time\" content=\"2026-01-07T18:52:50+00:00\" \/>\n<meta property=\"og:image\" content=\"https:\/\/miumjau.ee\/wp-content\/uploads\/2023\/09\/scenic-view-175-cappuccino-kassi-kraapimispuu-1.jpg\" \/>\n\t<meta property=\"og:image:width\" content=\"600\" \/>\n\t<meta property=\"og:image:height\" content=\"800\" \/>\n\t<meta property=\"og:image:type\" content=\"image\/jpeg\" \/>\n<meta name=\"twitter:card\" content=\"summary_large_image\" \/>\n<script type=\"application\/ld+json\" class=\"yoast-schema-graph\">{\"@context\":\"https:\/\/schema.org\",\"@graph\":[{\"@type\":\"WebPage\",\"@id\":\"https:\/\/miumjau.ee\/lt\/produktas\/draskykle-petrebels-scenic-view-175-kapucino\/\",\"url\":\"https:\/\/miumjau.ee\/lt\/produktas\/draskykle-petrebels-scenic-view-175-kapucino\/\",\"name\":\"Draskykl\u0117 Petrebels Scenic View 175, kapu\u010dino - MiuMjau\",\"isPartOf\":{\"@id\":\"https:\/\/miumjau.ee\/#website\"},\"primaryImageOfPage\":{\"@id\":\"https:\/\/miumjau.ee\/lt\/produktas\/draskykle-petrebels-scenic-view-175-kapucino\/#primaryimage\"},\"image\":{\"@id\":\"https:\/\/miumjau.ee\/lt\/produktas\/draskykle-petrebels-scenic-view-175-kapucino\/#primaryimage\"},\"thumbnailUrl\":\"https:\/\/miumjau.ee\/wp-content\/uploads\/2023\/09\/scenic-view-175-cappuccino-kassi-kraapimispuu-1.jpg\",\"datePublished\":\"2023-09-13T10:12:46+00:00\",\"dateModified\":\"2026-01-07T18:52:50+00:00\",\"breadcrumb\":{\"@id\":\"https:\/\/miumjau.ee\/lt\/produktas\/draskykle-petrebels-scenic-view-175-kapucino\/#breadcrumb\"},\"inLanguage\":\"lt-LT\",\"potentialAction\":[{\"@type\":\"ReadAction\",\"target\":[\"https:\/\/miumjau.ee\/lt\/produktas\/draskykle-petrebels-scenic-view-175-kapucino\/\"]}]},{\"@type\":\"ImageObject\",\"inLanguage\":\"lt-LT\",\"@id\":\"https:\/\/miumjau.ee\/lt\/produktas\/draskykle-petrebels-scenic-view-175-kapucino\/#primaryimage\",\"url\":\"https:\/\/miumjau.ee\/wp-content\/uploads\/2023\/09\/scenic-view-175-cappuccino-kassi-kraapimispuu-1.jpg\",\"contentUrl\":\"https:\/\/miumjau.ee\/wp-content\/uploads\/2023\/09\/scenic-view-175-cappuccino-kassi-kraapimispuu-1.jpg\",\"width\":600,\"height\":800,\"caption\":\"Petrebels Scenic View 175 kassi kraapimispuu\"},{\"@type\":\"BreadcrumbList\",\"@id\":\"https:\/\/miumjau.ee\/lt\/produktas\/draskykle-petrebels-scenic-view-175-kapucino\/#breadcrumb\",\"itemListElement\":[{\"@type\":\"ListItem\",\"position\":1,\"name\":\"Home\",\"item\":\"https:\/\/miumjau.ee\/lt\/\"},{\"@type\":\"ListItem\",\"position\":2,\"name\":\"Parduotuv\u0117\",\"item\":\"https:\/\/miumjau.ee\/lt\/parduotuve\/\"},{\"@type\":\"ListItem\",\"position\":3,\"name\":\"Draskykl\u0117 Petrebels Scenic View 175, kapu\u010dino\"}]},{\"@type\":\"WebSite\",\"@id\":\"https:\/\/miumjau.ee\/#website\",\"url\":\"https:\/\/miumjau.ee\/\",\"name\":\"MiuMjau\",\"description\":\"Kraapimispuud kassidele\",\"publisher\":{\"@id\":\"https:\/\/miumjau.ee\/#organization\"},\"potentialAction\":[{\"@type\":\"SearchAction\",\"target\":{\"@type\":\"EntryPoint\",\"urlTemplate\":\"https:\/\/miumjau.ee\/?s={search_term_string}\"},\"query-input\":{\"@type\":\"PropertyValueSpecification\",\"valueRequired\":true,\"valueName\":\"search_term_string\"}}],\"inLanguage\":\"lt-LT\"},{\"@type\":\"Organization\",\"@id\":\"https:\/\/miumjau.ee\/#organization\",\"name\":\"MiuMjau O\u00dc\",\"url\":\"https:\/\/miumjau.ee\/\",\"logo\":{\"@type\":\"ImageObject\",\"inLanguage\":\"lt-LT\",\"@id\":\"https:\/\/miumjau.ee\/#\/schema\/logo\/image\/\",\"url\":\"https:\/\/miumjau.ee\/wp-content\/uploads\/2022\/04\/MiuMjau-logo-kollane.png\",\"contentUrl\":\"https:\/\/miumjau.ee\/wp-content\/uploads\/2022\/04\/MiuMjau-logo-kollane.png\",\"width\":219,\"height\":100,\"caption\":\"MiuMjau O\u00dc\"},\"image\":{\"@id\":\"https:\/\/miumjau.ee\/#\/schema\/logo\/image\/\"},\"sameAs\":[\"https:\/\/www.facebook.com\/miumjaupood\/\"]}]}<\/script>\n<!-- \/ Yoast SEO plugin. -->","yoast_head_json":{"title":"Draskykl\u0117 Petrebels Scenic View 175, kapu\u010dino - MiuMjau","robots":{"index":"index","follow":"follow","max-snippet":"max-snippet:-1","max-image-preview":"max-image-preview:large","max-video-preview":"max-video-preview:-1"},"canonical":"https:\/\/miumjau.ee\/lt\/produktas\/draskykle-petrebels-scenic-view-175-kapucino\/","og_locale":"lt_LT","og_type":"article","og_title":"Draskykl\u0117 Petrebels Scenic View 175, kapu\u010dino - MiuMjau","og_description":"Kat\u0117ms patinka draskyti ir, \u017einoma, laipioti. Kod\u0117l nepalepinus savo augintinio Petrebels laipiojimo rojumi? Draskymo stulpai yra stori, 12 cm skersmens, ir per vis\u0105 ilg\u012f aptraukti draskymui skirtu sisalu. Tarp j\u0173 \u2013 kelios skirtingos platformos, kad j\u016bs\u0173 kat\u0117 b\u016bt\u0173 u\u017esi\u0117musi vis\u0105 dien\u0105. Pavargo \u017eaisti? Joki\u0173 problem\u0173! \u010cia yra ir \u012fvair\u016bs auk\u0161\u010diai, tvirtas i\u0161siki\u0161\u0119s guolis, ir apa\u010dioje esantis namelis \u2013 viskas poilsiui ir pasiruo\u0161imui kitam \u201elaipiojimo maratonui\u201c. Ilgis 85 cm, plotis 50 cm, auk\u0161tis 175 cm I\u0161siki\u0161\u0119s guolis 45\u00d745 cm Mink\u0161tu u\u017epildu namelis 45 \u00d7 45 cm ir 30 cm auk\u0161\u010dio. Ekstra didel\u0117 vir\u0161utin\u0117 gulin\u0117jimo vieta 30\u00d750 cm ir 8 cm auk\u0161\u010dio, kad kat\u0117 nei\u0161krist\u0173 miegodama. PER\u017dI\u016aR\u0116KITE \u010cIA TAIP PAT IR TRUMP\u0104 VAIZDO \u012eRA\u0160\u0104 Pirk\u0117jui prek\u0119 siun\u010diame dviem pakuot\u0117mis, kuri\u0173 bendras svoris 43 kg. Pakuot\u0117 Nr. 1 \u2013 92\u00d752\u00d726 cm, svoris 25 kg Pakuot\u0117 Nr. 2 \u2013 53\u00d749\u00d751 cm, svoris 18 kg Produkto svoris be pakuo\u010di\u0173 41 kg. Gaminys CE sertifikuotas, gamintojas \u2013 olandi\u0161kas kokyb\u0117s prek\u0117s \u017eenklas PETREBELS. Investuojame \u012f kokyb\u0119!","og_url":"https:\/\/miumjau.ee\/lt\/produktas\/draskykle-petrebels-scenic-view-175-kapucino\/","og_site_name":"MiuMjau","article_publisher":"https:\/\/www.facebook.com\/miumjaupood\/","article_modified_time":"2026-01-07T18:52:50+00:00","og_image":[{"width":600,"height":800,"url":"https:\/\/miumjau.ee\/wp-content\/uploads\/2023\/09\/scenic-view-175-cappuccino-kassi-kraapimispuu-1.jpg","type":"image\/jpeg"}],"twitter_card":"summary_large_image","schema":{"@context":"https:\/\/schema.org","@graph":[{"@type":"WebPage","@id":"https:\/\/miumjau.ee\/lt\/produktas\/draskykle-petrebels-scenic-view-175-kapucino\/","url":"https:\/\/miumjau.ee\/lt\/produktas\/draskykle-petrebels-scenic-view-175-kapucino\/","name":"Draskykl\u0117 Petrebels Scenic View 175, kapu\u010dino - MiuMjau","isPartOf":{"@id":"https:\/\/miumjau.ee\/#website"},"primaryImageOfPage":{"@id":"https:\/\/miumjau.ee\/lt\/produktas\/draskykle-petrebels-scenic-view-175-kapucino\/#primaryimage"},"image":{"@id":"https:\/\/miumjau.ee\/lt\/produktas\/draskykle-petrebels-scenic-view-175-kapucino\/#primaryimage"},"thumbnailUrl":"https:\/\/miumjau.ee\/wp-content\/uploads\/2023\/09\/scenic-view-175-cappuccino-kassi-kraapimispuu-1.jpg","datePublished":"2023-09-13T10:12:46+00:00","dateModified":"2026-01-07T18:52:50+00:00","breadcrumb":{"@id":"https:\/\/miumjau.ee\/lt\/produktas\/draskykle-petrebels-scenic-view-175-kapucino\/#breadcrumb"},"inLanguage":"lt-LT","potentialAction":[{"@type":"ReadAction","target":["https:\/\/miumjau.ee\/lt\/produktas\/draskykle-petrebels-scenic-view-175-kapucino\/"]}]},{"@type":"ImageObject","inLanguage":"lt-LT","@id":"https:\/\/miumjau.ee\/lt\/produktas\/draskykle-petrebels-scenic-view-175-kapucino\/#primaryimage","url":"https:\/\/miumjau.ee\/wp-content\/uploads\/2023\/09\/scenic-view-175-cappuccino-kassi-kraapimispuu-1.jpg","contentUrl":"https:\/\/miumjau.ee\/wp-content\/uploads\/2023\/09\/scenic-view-175-cappuccino-kassi-kraapimispuu-1.jpg","width":600,"height":800,"caption":"Petrebels Scenic View 175 kassi kraapimispuu"},{"@type":"BreadcrumbList","@id":"https:\/\/miumjau.ee\/lt\/produktas\/draskykle-petrebels-scenic-view-175-kapucino\/#breadcrumb","itemListElement":[{"@type":"ListItem","position":1,"name":"Home","item":"https:\/\/miumjau.ee\/lt\/"},{"@type":"ListItem","position":2,"name":"Parduotuv\u0117","item":"https:\/\/miumjau.ee\/lt\/parduotuve\/"},{"@type":"ListItem","position":3,"name":"Draskykl\u0117 Petrebels Scenic View 175, kapu\u010dino"}]},{"@type":"WebSite","@id":"https:\/\/miumjau.ee\/#website","url":"https:\/\/miumjau.ee\/","name":"MiuMjau","description":"Kraapimispuud kassidele","publisher":{"@id":"https:\/\/miumjau.ee\/#organization"},"potentialAction":[{"@type":"SearchAction","target":{"@type":"EntryPoint","urlTemplate":"https:\/\/miumjau.ee\/?s={search_term_string}"},"query-input":{"@type":"PropertyValueSpecification","valueRequired":true,"valueName":"search_term_string"}}],"inLanguage":"lt-LT"},{"@type":"Organization","@id":"https:\/\/miumjau.ee\/#organization","name":"MiuMjau O\u00dc","url":"https:\/\/miumjau.ee\/","logo":{"@type":"ImageObject","inLanguage":"lt-LT","@id":"https:\/\/miumjau.ee\/#\/schema\/logo\/image\/","url":"https:\/\/miumjau.ee\/wp-content\/uploads\/2022\/04\/MiuMjau-logo-kollane.png","contentUrl":"https:\/\/miumjau.ee\/wp-content\/uploads\/2022\/04\/MiuMjau-logo-kollane.png","width":219,"height":100,"caption":"MiuMjau O\u00dc"},"image":{"@id":"https:\/\/miumjau.ee\/#\/schema\/logo\/image\/"},"sameAs":["https:\/\/www.facebook.com\/miumjaupood\/"]}]}},"_links":{"self":[{"href":"https:\/\/miumjau.ee\/lt\/wp-json\/wp\/v2\/product\/42550","targetHints":{"allow":["GET"]}}],"collection":[{"href":"https:\/\/miumjau.ee\/lt\/wp-json\/wp\/v2\/product"}],"about":[{"href":"https:\/\/miumjau.ee\/lt\/wp-json\/wp\/v2\/types\/product"}],"wp:featuredmedia":[{"embeddable":true,"href":"https:\/\/miumjau.ee\/lt\/wp-json\/wp\/v2\/media\/42867"}],"wp:attachment":[{"href":"https:\/\/miumjau.ee\/lt\/wp-json\/wp\/v2\/media?parent=42550"}],"wp:term":[{"taxonomy":"product_brand","embeddable":true,"href":"https:\/\/miumjau.ee\/lt\/wp-json\/wp\/v2\/product_brand?post=42550"},{"taxonomy":"product_cat","embeddable":true,"href":"https:\/\/miumjau.ee\/lt\/wp-json\/wp\/v2\/product_cat?post=42550"},{"taxonomy":"product_tag","embeddable":true,"href":"https:\/\/miumjau.ee\/lt\/wp-json\/wp\/v2\/product_tag?post=42550"}],"curies":[{"name":"wp","href":"https:\/\/api.w.org\/{rel}","templated":true}]}}