{"id":42547,"date":"2023-09-12T10:39:14","date_gmt":"2023-09-12T07:39:14","guid":{"rendered":"https:\/\/miumjau.ee\/toode\/petrebels-kates-draskykle-villa-100-pilka\/"},"modified":"2026-01-07T20:52:50","modified_gmt":"2026-01-07T18:52:50","slug":"petrebels-kates-draskykle-villa-100-pilka","status":"publish","type":"product","link":"https:\/\/miumjau.ee\/lt\/produktas\/petrebels-kates-draskykle-villa-100-pilka\/","title":{"rendered":"PETREBELS kat\u0117s draskykl\u0117 Villa 100, pilka"},"content":{"rendered":"","protected":false},"excerpt":{"rendered":"<p>Draskykl\u0117 Villa 100 \u2013 \u017eaisk, kopk, tempkis ir draskyk \u2013 tokius patarimus duodame kat\u0117ms, kuri\u0173 pasirinkimu tampa b\u016btent \u0161is namelis. Draskymo stulp\u0173 skersmuo 9 cm ir jie per vis\u0105 ilg\u012f aptraukti kokybi\u0161ku draskymo sisalu. Daug viet\u0173 \u017eaidimui \u2013 anga pralindimui, tvirta virv\u0117 ir taip pat kabantis \u017eaislas. Pa\u010diame vir\u0161uje yra erdvus guolis poilsiui. Gaminys sukurtas atsi\u017evelgiant \u012f ka\u010diukus, ma\u017eesnio tipo kates ir senjorus.<br \/>\nAtkreipkite d\u0117mes\u012f, kad gaminio pagrindas sutvirtintas ir 3 cm storio, kad b\u016bt\u0173 u\u017etikrintas stabilumas.<\/p>\n<p>Auk\u0161tis 100 cm, ilgis 60 cm, gylis 40 cm \u2013 tvirtas ir stabilus, nesvyruoja!<br \/>\nSvoris su pakuote 21 kg<br \/>\nSvoris be pakuot\u0117s 19,6 kg<br \/>\nPakuot\u0117s matmenys: 62\u00d742\u00d748 cm<\/p>\n<p>PER\u017dI\u016aR\u0116KITE \u010cIA TAIP PAT IR TRUMP\u0104 VAIZDO \u012eRA\u0160\u0104<\/p>\n<p>Gaminys CE sertifikuotas, gamintojas \u2013 olandi\u0161kas kokyb\u0117s prek\u0117s \u017eenklas Petrebels. Investuojame \u012f kokyb\u0119 ir ilgaam\u017ei\u0161kum\u0105.<\/p>\n<p>https:\/\/www.youtube.com\/shorts\/0_35XlLK958<\/p>\n","protected":false},"featured_media":42841,"template":"","meta":[],"product_brand":[],"product_cat":[516],"product_tag":[],"class_list":{"0":"post-42547","1":"product","2":"type-product","3":"status-publish","4":"has-post-thumbnail","6":"product_cat-mazi-draskymo-medziai-petrebels","7":"product_shipping_class-pakiautomaati-sobimatu-lt","9":"first","10":"instock","11":"sale","12":"taxable","13":"shipping-taxable","14":"purchasable","15":"product-type-simple"},"yoast_head":"<!-- This site is optimized with the Yoast SEO plugin v27.2 - https:\/\/yoast.com\/product\/yoast-seo-wordpress\/ -->\n<title>PETREBELS kat\u0117s draskykl\u0117 Villa 100, pilka - MiuMjau<\/title>\n<meta name=\"robots\" content=\"index, follow, max-snippet:-1, max-image-preview:large, max-video-preview:-1\" \/>\n<link rel=\"canonical\" href=\"https:\/\/miumjau.ee\/lt\/produktas\/petrebels-kates-draskykle-villa-100-pilka\/\" \/>\n<meta property=\"og:locale\" content=\"lt_LT\" \/>\n<meta property=\"og:type\" content=\"article\" \/>\n<meta property=\"og:title\" content=\"PETREBELS kat\u0117s draskykl\u0117 Villa 100, pilka - MiuMjau\" \/>\n<meta property=\"og:description\" content=\"Draskykl\u0117 Villa 100 \u2013 \u017eaisk, kopk, tempkis ir draskyk \u2013 tokius patarimus duodame kat\u0117ms, kuri\u0173 pasirinkimu tampa b\u016btent \u0161is namelis. Draskymo stulp\u0173 skersmuo 9 cm ir jie per vis\u0105 ilg\u012f aptraukti kokybi\u0161ku draskymo sisalu. Daug viet\u0173 \u017eaidimui \u2013 anga pralindimui, tvirta virv\u0117 ir taip pat kabantis \u017eaislas. Pa\u010diame vir\u0161uje yra erdvus guolis poilsiui. Gaminys sukurtas atsi\u017evelgiant \u012f ka\u010diukus, ma\u017eesnio tipo kates ir senjorus. Atkreipkite d\u0117mes\u012f, kad gaminio pagrindas sutvirtintas ir 3 cm storio, kad b\u016bt\u0173 u\u017etikrintas stabilumas. Auk\u0161tis 100 cm, ilgis 60 cm, gylis 40 cm \u2013 tvirtas ir stabilus, nesvyruoja! Svoris su pakuote 21 kg Svoris be pakuot\u0117s 19,6 kg Pakuot\u0117s matmenys: 62\u00d742\u00d748 cm PER\u017dI\u016aR\u0116KITE \u010cIA TAIP PAT IR TRUMP\u0104 VAIZDO \u012eRA\u0160\u0104 Gaminys CE sertifikuotas, gamintojas \u2013 olandi\u0161kas kokyb\u0117s prek\u0117s \u017eenklas Petrebels. Investuojame \u012f kokyb\u0119 ir ilgaam\u017ei\u0161kum\u0105. https:\/\/www.youtube.com\/shorts\/0_35XlLK958\" \/>\n<meta property=\"og:url\" content=\"https:\/\/miumjau.ee\/lt\/produktas\/petrebels-kates-draskykle-villa-100-pilka\/\" \/>\n<meta property=\"og:site_name\" content=\"MiuMjau\" \/>\n<meta property=\"article:publisher\" content=\"https:\/\/www.facebook.com\/miumjaupood\/\" \/>\n<meta property=\"article:modified_time\" content=\"2026-01-07T18:52:50+00:00\" \/>\n<meta property=\"og:image\" content=\"https:\/\/miumjau.ee\/wp-content\/uploads\/2023\/09\/villa-100-hall-kassi-kraapimispuu-1.jpg\" \/>\n\t<meta property=\"og:image:width\" content=\"600\" \/>\n\t<meta property=\"og:image:height\" content=\"800\" \/>\n\t<meta property=\"og:image:type\" content=\"image\/jpeg\" \/>\n<meta name=\"twitter:card\" content=\"summary_large_image\" \/>\n<script type=\"application\/ld+json\" class=\"yoast-schema-graph\">{\"@context\":\"https:\/\/schema.org\",\"@graph\":[{\"@type\":\"WebPage\",\"@id\":\"https:\/\/miumjau.ee\/lt\/produktas\/petrebels-kates-draskykle-villa-100-pilka\/\",\"url\":\"https:\/\/miumjau.ee\/lt\/produktas\/petrebels-kates-draskykle-villa-100-pilka\/\",\"name\":\"PETREBELS kat\u0117s draskykl\u0117 Villa 100, pilka - MiuMjau\",\"isPartOf\":{\"@id\":\"https:\/\/miumjau.ee\/#website\"},\"primaryImageOfPage\":{\"@id\":\"https:\/\/miumjau.ee\/lt\/produktas\/petrebels-kates-draskykle-villa-100-pilka\/#primaryimage\"},\"image\":{\"@id\":\"https:\/\/miumjau.ee\/lt\/produktas\/petrebels-kates-draskykle-villa-100-pilka\/#primaryimage\"},\"thumbnailUrl\":\"https:\/\/miumjau.ee\/wp-content\/uploads\/2023\/09\/villa-100-hall-kassi-kraapimispuu-1.jpg\",\"datePublished\":\"2023-09-12T07:39:14+00:00\",\"dateModified\":\"2026-01-07T18:52:50+00:00\",\"breadcrumb\":{\"@id\":\"https:\/\/miumjau.ee\/lt\/produktas\/petrebels-kates-draskykle-villa-100-pilka\/#breadcrumb\"},\"inLanguage\":\"lt-LT\",\"potentialAction\":[{\"@type\":\"ReadAction\",\"target\":[\"https:\/\/miumjau.ee\/lt\/produktas\/petrebels-kates-draskykle-villa-100-pilka\/\"]}]},{\"@type\":\"ImageObject\",\"inLanguage\":\"lt-LT\",\"@id\":\"https:\/\/miumjau.ee\/lt\/produktas\/petrebels-kates-draskykle-villa-100-pilka\/#primaryimage\",\"url\":\"https:\/\/miumjau.ee\/wp-content\/uploads\/2023\/09\/villa-100-hall-kassi-kraapimispuu-1.jpg\",\"contentUrl\":\"https:\/\/miumjau.ee\/wp-content\/uploads\/2023\/09\/villa-100-hall-kassi-kraapimispuu-1.jpg\",\"width\":600,\"height\":800,\"caption\":\"Villa 100, hall kraapimispuu kassidele, Petrebels\"},{\"@type\":\"BreadcrumbList\",\"@id\":\"https:\/\/miumjau.ee\/lt\/produktas\/petrebels-kates-draskykle-villa-100-pilka\/#breadcrumb\",\"itemListElement\":[{\"@type\":\"ListItem\",\"position\":1,\"name\":\"Home\",\"item\":\"https:\/\/miumjau.ee\/lt\/\"},{\"@type\":\"ListItem\",\"position\":2,\"name\":\"Parduotuv\u0117\",\"item\":\"https:\/\/miumjau.ee\/lt\/parduotuve\/\"},{\"@type\":\"ListItem\",\"position\":3,\"name\":\"PETREBELS kat\u0117s draskykl\u0117 Villa 100, pilka\"}]},{\"@type\":\"WebSite\",\"@id\":\"https:\/\/miumjau.ee\/#website\",\"url\":\"https:\/\/miumjau.ee\/\",\"name\":\"MiuMjau\",\"description\":\"Kraapimispuud kassidele\",\"publisher\":{\"@id\":\"https:\/\/miumjau.ee\/#organization\"},\"potentialAction\":[{\"@type\":\"SearchAction\",\"target\":{\"@type\":\"EntryPoint\",\"urlTemplate\":\"https:\/\/miumjau.ee\/?s={search_term_string}\"},\"query-input\":{\"@type\":\"PropertyValueSpecification\",\"valueRequired\":true,\"valueName\":\"search_term_string\"}}],\"inLanguage\":\"lt-LT\"},{\"@type\":\"Organization\",\"@id\":\"https:\/\/miumjau.ee\/#organization\",\"name\":\"MiuMjau O\u00dc\",\"url\":\"https:\/\/miumjau.ee\/\",\"logo\":{\"@type\":\"ImageObject\",\"inLanguage\":\"lt-LT\",\"@id\":\"https:\/\/miumjau.ee\/#\/schema\/logo\/image\/\",\"url\":\"https:\/\/miumjau.ee\/wp-content\/uploads\/2022\/04\/MiuMjau-logo-kollane.png\",\"contentUrl\":\"https:\/\/miumjau.ee\/wp-content\/uploads\/2022\/04\/MiuMjau-logo-kollane.png\",\"width\":219,\"height\":100,\"caption\":\"MiuMjau O\u00dc\"},\"image\":{\"@id\":\"https:\/\/miumjau.ee\/#\/schema\/logo\/image\/\"},\"sameAs\":[\"https:\/\/www.facebook.com\/miumjaupood\/\"]}]}<\/script>\n<!-- \/ Yoast SEO plugin. -->","yoast_head_json":{"title":"PETREBELS kat\u0117s draskykl\u0117 Villa 100, pilka - MiuMjau","robots":{"index":"index","follow":"follow","max-snippet":"max-snippet:-1","max-image-preview":"max-image-preview:large","max-video-preview":"max-video-preview:-1"},"canonical":"https:\/\/miumjau.ee\/lt\/produktas\/petrebels-kates-draskykle-villa-100-pilka\/","og_locale":"lt_LT","og_type":"article","og_title":"PETREBELS kat\u0117s draskykl\u0117 Villa 100, pilka - MiuMjau","og_description":"Draskykl\u0117 Villa 100 \u2013 \u017eaisk, kopk, tempkis ir draskyk \u2013 tokius patarimus duodame kat\u0117ms, kuri\u0173 pasirinkimu tampa b\u016btent \u0161is namelis. Draskymo stulp\u0173 skersmuo 9 cm ir jie per vis\u0105 ilg\u012f aptraukti kokybi\u0161ku draskymo sisalu. Daug viet\u0173 \u017eaidimui \u2013 anga pralindimui, tvirta virv\u0117 ir taip pat kabantis \u017eaislas. Pa\u010diame vir\u0161uje yra erdvus guolis poilsiui. Gaminys sukurtas atsi\u017evelgiant \u012f ka\u010diukus, ma\u017eesnio tipo kates ir senjorus. Atkreipkite d\u0117mes\u012f, kad gaminio pagrindas sutvirtintas ir 3 cm storio, kad b\u016bt\u0173 u\u017etikrintas stabilumas. Auk\u0161tis 100 cm, ilgis 60 cm, gylis 40 cm \u2013 tvirtas ir stabilus, nesvyruoja! Svoris su pakuote 21 kg Svoris be pakuot\u0117s 19,6 kg Pakuot\u0117s matmenys: 62\u00d742\u00d748 cm PER\u017dI\u016aR\u0116KITE \u010cIA TAIP PAT IR TRUMP\u0104 VAIZDO \u012eRA\u0160\u0104 Gaminys CE sertifikuotas, gamintojas \u2013 olandi\u0161kas kokyb\u0117s prek\u0117s \u017eenklas Petrebels. Investuojame \u012f kokyb\u0119 ir ilgaam\u017ei\u0161kum\u0105. https:\/\/www.youtube.com\/shorts\/0_35XlLK958","og_url":"https:\/\/miumjau.ee\/lt\/produktas\/petrebels-kates-draskykle-villa-100-pilka\/","og_site_name":"MiuMjau","article_publisher":"https:\/\/www.facebook.com\/miumjaupood\/","article_modified_time":"2026-01-07T18:52:50+00:00","og_image":[{"width":600,"height":800,"url":"https:\/\/miumjau.ee\/wp-content\/uploads\/2023\/09\/villa-100-hall-kassi-kraapimispuu-1.jpg","type":"image\/jpeg"}],"twitter_card":"summary_large_image","schema":{"@context":"https:\/\/schema.org","@graph":[{"@type":"WebPage","@id":"https:\/\/miumjau.ee\/lt\/produktas\/petrebels-kates-draskykle-villa-100-pilka\/","url":"https:\/\/miumjau.ee\/lt\/produktas\/petrebels-kates-draskykle-villa-100-pilka\/","name":"PETREBELS kat\u0117s draskykl\u0117 Villa 100, pilka - MiuMjau","isPartOf":{"@id":"https:\/\/miumjau.ee\/#website"},"primaryImageOfPage":{"@id":"https:\/\/miumjau.ee\/lt\/produktas\/petrebels-kates-draskykle-villa-100-pilka\/#primaryimage"},"image":{"@id":"https:\/\/miumjau.ee\/lt\/produktas\/petrebels-kates-draskykle-villa-100-pilka\/#primaryimage"},"thumbnailUrl":"https:\/\/miumjau.ee\/wp-content\/uploads\/2023\/09\/villa-100-hall-kassi-kraapimispuu-1.jpg","datePublished":"2023-09-12T07:39:14+00:00","dateModified":"2026-01-07T18:52:50+00:00","breadcrumb":{"@id":"https:\/\/miumjau.ee\/lt\/produktas\/petrebels-kates-draskykle-villa-100-pilka\/#breadcrumb"},"inLanguage":"lt-LT","potentialAction":[{"@type":"ReadAction","target":["https:\/\/miumjau.ee\/lt\/produktas\/petrebels-kates-draskykle-villa-100-pilka\/"]}]},{"@type":"ImageObject","inLanguage":"lt-LT","@id":"https:\/\/miumjau.ee\/lt\/produktas\/petrebels-kates-draskykle-villa-100-pilka\/#primaryimage","url":"https:\/\/miumjau.ee\/wp-content\/uploads\/2023\/09\/villa-100-hall-kassi-kraapimispuu-1.jpg","contentUrl":"https:\/\/miumjau.ee\/wp-content\/uploads\/2023\/09\/villa-100-hall-kassi-kraapimispuu-1.jpg","width":600,"height":800,"caption":"Villa 100, hall kraapimispuu kassidele, Petrebels"},{"@type":"BreadcrumbList","@id":"https:\/\/miumjau.ee\/lt\/produktas\/petrebels-kates-draskykle-villa-100-pilka\/#breadcrumb","itemListElement":[{"@type":"ListItem","position":1,"name":"Home","item":"https:\/\/miumjau.ee\/lt\/"},{"@type":"ListItem","position":2,"name":"Parduotuv\u0117","item":"https:\/\/miumjau.ee\/lt\/parduotuve\/"},{"@type":"ListItem","position":3,"name":"PETREBELS kat\u0117s draskykl\u0117 Villa 100, pilka"}]},{"@type":"WebSite","@id":"https:\/\/miumjau.ee\/#website","url":"https:\/\/miumjau.ee\/","name":"MiuMjau","description":"Kraapimispuud kassidele","publisher":{"@id":"https:\/\/miumjau.ee\/#organization"},"potentialAction":[{"@type":"SearchAction","target":{"@type":"EntryPoint","urlTemplate":"https:\/\/miumjau.ee\/?s={search_term_string}"},"query-input":{"@type":"PropertyValueSpecification","valueRequired":true,"valueName":"search_term_string"}}],"inLanguage":"lt-LT"},{"@type":"Organization","@id":"https:\/\/miumjau.ee\/#organization","name":"MiuMjau O\u00dc","url":"https:\/\/miumjau.ee\/","logo":{"@type":"ImageObject","inLanguage":"lt-LT","@id":"https:\/\/miumjau.ee\/#\/schema\/logo\/image\/","url":"https:\/\/miumjau.ee\/wp-content\/uploads\/2022\/04\/MiuMjau-logo-kollane.png","contentUrl":"https:\/\/miumjau.ee\/wp-content\/uploads\/2022\/04\/MiuMjau-logo-kollane.png","width":219,"height":100,"caption":"MiuMjau O\u00dc"},"image":{"@id":"https:\/\/miumjau.ee\/#\/schema\/logo\/image\/"},"sameAs":["https:\/\/www.facebook.com\/miumjaupood\/"]}]}},"_links":{"self":[{"href":"https:\/\/miumjau.ee\/lt\/wp-json\/wp\/v2\/product\/42547","targetHints":{"allow":["GET"]}}],"collection":[{"href":"https:\/\/miumjau.ee\/lt\/wp-json\/wp\/v2\/product"}],"about":[{"href":"https:\/\/miumjau.ee\/lt\/wp-json\/wp\/v2\/types\/product"}],"wp:featuredmedia":[{"embeddable":true,"href":"https:\/\/miumjau.ee\/lt\/wp-json\/wp\/v2\/media\/42841"}],"wp:attachment":[{"href":"https:\/\/miumjau.ee\/lt\/wp-json\/wp\/v2\/media?parent=42547"}],"wp:term":[{"taxonomy":"product_brand","embeddable":true,"href":"https:\/\/miumjau.ee\/lt\/wp-json\/wp\/v2\/product_brand?post=42547"},{"taxonomy":"product_cat","embeddable":true,"href":"https:\/\/miumjau.ee\/lt\/wp-json\/wp\/v2\/product_cat?post=42547"},{"taxonomy":"product_tag","embeddable":true,"href":"https:\/\/miumjau.ee\/lt\/wp-json\/wp\/v2\/product_tag?post=42547"}],"curies":[{"name":"wp","href":"https:\/\/api.w.org\/{rel}","templated":true}]}}