{"id":42517,"date":"2023-09-12T10:10:53","date_gmt":"2023-09-12T07:10:53","guid":{"rendered":"https:\/\/miumjau.ee\/toode\/petrebels-zingsnis-tvirtinimui-prie-sienos-kapucino\/"},"modified":"2026-01-07T20:52:50","modified_gmt":"2026-01-07T18:52:50","slug":"petrebels-zingsnis-tvirtinimui-prie-sienos-kapucino","status":"publish","type":"product","link":"https:\/\/miumjau.ee\/lt\/produktas\/petrebels-zingsnis-tvirtinimui-prie-sienos-kapucino\/","title":{"rendered":"PETREBELS \u017eingsnis tvirtinimui prie sienos, kapu\u010dino"},"content":{"rendered":"","protected":false},"excerpt":{"rendered":"<p>PETREBELS sieninis \u017eingsnis skirtas katei jud\u0117ti sienomis. I\u0161 j\u0173 galima, pavyzd\u017eiui, sudaryti laiptus iki lub\u0173 ir prie lub\u0173 pritvirtinti atskir\u0105 guol\u012f ar platform\u0105 (aktualu tiems, kuri\u0173 namuose yra kates galintys i\u0161g\u0105sdinti ma\u017ei vaikai ar, pavyzd\u017eiui, \u0161unys, nuo kuri\u0173 kat\u0117 nor\u0117t\u0173 pasisl\u0117pti saugioje vietoje), arba papras\u010diausiai nenorima statyti stovin\u010dios draskykl\u0117s d\u0117l vietos taupymo. Sieniniai laipteliai patvar\u016bs ir tvirti, tinkami ir sunkioms kat\u0117ms. Galima montuoti ir pavienius \u017eingsnius, pvz., \u0161alia draskykl\u0117s, kad katei b\u016bt\u0173 \u012fdomiau jud\u0117ti ir daugiau galimybi\u0173 \u0161okin\u0117jimo pratimams.<\/p>\n<p>Taip pat gaminys labai praver\u010dia vyresn\u0117ms kat\u0117ms, kurioms sunku nulipti nuo draskykl\u0117s \u2013 taip galima sukurti papildomus \u017eingsnius \u0161alia draskykl\u0117s.<\/p>\n<p>Gaminio svoris: 1.7 kg<br \/>\nSvoris su pakuote: 2.5 kg<br \/>\nMed\u017eiaga: 600 g pliu\u0161as<br \/>\nGaminio matmenys: 35\u00d742\u00d714 cm<br \/>\nSieniniai tvirtinimai yra komplekte.<\/p>\n<p>PER\u017dI\u016aR\u0116KITE \u010cIA TAIP PAT IR GAMINIO INSTRUKCIJ\u0104<\/p>\n<p>Gaminys yra CE sertifikuotas, gamintojas \u2013 olandi\u0161kas kokyb\u0117s prek\u0117s \u017eenklas Petrebels.<\/p>\n","protected":false},"featured_media":42804,"template":"","meta":[],"product_brand":[],"product_cat":[517],"product_tag":[],"class_list":{"0":"post-42517","1":"product","2":"type-product","3":"status-publish","4":"has-post-thumbnail","6":"product_cat-laipiojimo-sienele-katems","8":"first","9":"instock","10":"sale","11":"taxable","12":"shipping-taxable","13":"purchasable","14":"product-type-simple"},"yoast_head":"<!-- This site is optimized with the Yoast SEO plugin v27.2 - https:\/\/yoast.com\/product\/yoast-seo-wordpress\/ -->\n<title>PETREBELS \u017eingsnis tvirtinimui prie sienos, kapu\u010dino - MiuMjau<\/title>\n<meta name=\"robots\" content=\"index, follow, max-snippet:-1, max-image-preview:large, max-video-preview:-1\" \/>\n<link rel=\"canonical\" href=\"https:\/\/miumjau.ee\/lt\/toode\/petrebels-zingsnis-tvirtinimui-prie-sienos-kapucino\/\" \/>\n<meta property=\"og:locale\" content=\"lt_LT\" \/>\n<meta property=\"og:type\" content=\"article\" \/>\n<meta property=\"og:title\" content=\"PETREBELS \u017eingsnis tvirtinimui prie sienos, kapu\u010dino - MiuMjau\" \/>\n<meta property=\"og:description\" content=\"PETREBELS sieninis \u017eingsnis skirtas katei jud\u0117ti sienomis. I\u0161 j\u0173 galima, pavyzd\u017eiui, sudaryti laiptus iki lub\u0173 ir prie lub\u0173 pritvirtinti atskir\u0105 guol\u012f ar platform\u0105 (aktualu tiems, kuri\u0173 namuose yra kates galintys i\u0161g\u0105sdinti ma\u017ei vaikai ar, pavyzd\u017eiui, \u0161unys, nuo kuri\u0173 kat\u0117 nor\u0117t\u0173 pasisl\u0117pti saugioje vietoje), arba papras\u010diausiai nenorima statyti stovin\u010dios draskykl\u0117s d\u0117l vietos taupymo. Sieniniai laipteliai patvar\u016bs ir tvirti, tinkami ir sunkioms kat\u0117ms. Galima montuoti ir pavienius \u017eingsnius, pvz., \u0161alia draskykl\u0117s, kad katei b\u016bt\u0173 \u012fdomiau jud\u0117ti ir daugiau galimybi\u0173 \u0161okin\u0117jimo pratimams. Taip pat gaminys labai praver\u010dia vyresn\u0117ms kat\u0117ms, kurioms sunku nulipti nuo draskykl\u0117s \u2013 taip galima sukurti papildomus \u017eingsnius \u0161alia draskykl\u0117s. Gaminio svoris: 1.7 kg Svoris su pakuote: 2.5 kg Med\u017eiaga: 600 g pliu\u0161as Gaminio matmenys: 35\u00d742\u00d714 cm Sieniniai tvirtinimai yra komplekte. PER\u017dI\u016aR\u0116KITE \u010cIA TAIP PAT IR GAMINIO INSTRUKCIJ\u0104 Gaminys yra CE sertifikuotas, gamintojas \u2013 olandi\u0161kas kokyb\u0117s prek\u0117s \u017eenklas Petrebels.\" \/>\n<meta property=\"og:url\" content=\"https:\/\/miumjau.ee\/lt\/toode\/petrebels-zingsnis-tvirtinimui-prie-sienos-kapucino\/\" \/>\n<meta property=\"og:site_name\" content=\"MiuMjau\" \/>\n<meta property=\"article:publisher\" content=\"https:\/\/www.facebook.com\/miumjaupood\/\" \/>\n<meta property=\"article:modified_time\" content=\"2026-01-07T18:52:50+00:00\" \/>\n<meta property=\"og:image\" content=\"https:\/\/miumjau.ee\/wp-content\/uploads\/2023\/09\/aste-seinakinnitusega-kassile-cappuccino2.jpg\" \/>\n\t<meta property=\"og:image:width\" content=\"600\" \/>\n\t<meta property=\"og:image:height\" content=\"800\" \/>\n\t<meta property=\"og:image:type\" content=\"image\/jpeg\" \/>\n<meta name=\"twitter:card\" content=\"summary_large_image\" \/>\n<script type=\"application\/ld+json\" class=\"yoast-schema-graph\">{\"@context\":\"https:\/\/schema.org\",\"@graph\":[{\"@type\":\"WebPage\",\"@id\":\"https:\/\/miumjau.ee\/lt\/toode\/petrebels-zingsnis-tvirtinimui-prie-sienos-kapucino\/\",\"url\":\"https:\/\/miumjau.ee\/lt\/toode\/petrebels-zingsnis-tvirtinimui-prie-sienos-kapucino\/\",\"name\":\"PETREBELS \u017eingsnis tvirtinimui prie sienos, kapu\u010dino - MiuMjau\",\"isPartOf\":{\"@id\":\"https:\/\/miumjau.ee\/#website\"},\"primaryImageOfPage\":{\"@id\":\"https:\/\/miumjau.ee\/lt\/toode\/petrebels-zingsnis-tvirtinimui-prie-sienos-kapucino\/#primaryimage\"},\"image\":{\"@id\":\"https:\/\/miumjau.ee\/lt\/toode\/petrebels-zingsnis-tvirtinimui-prie-sienos-kapucino\/#primaryimage\"},\"thumbnailUrl\":\"https:\/\/miumjau.ee\/wp-content\/uploads\/2023\/09\/aste-seinakinnitusega-kassile-cappuccino2.jpg\",\"datePublished\":\"2023-09-12T07:10:53+00:00\",\"dateModified\":\"2026-01-07T18:52:50+00:00\",\"breadcrumb\":{\"@id\":\"https:\/\/miumjau.ee\/lt\/toode\/petrebels-zingsnis-tvirtinimui-prie-sienos-kapucino\/#breadcrumb\"},\"inLanguage\":\"lt-LT\",\"potentialAction\":[{\"@type\":\"ReadAction\",\"target\":[\"https:\/\/miumjau.ee\/lt\/toode\/petrebels-zingsnis-tvirtinimui-prie-sienos-kapucino\/\"]}]},{\"@type\":\"ImageObject\",\"inLanguage\":\"lt-LT\",\"@id\":\"https:\/\/miumjau.ee\/lt\/toode\/petrebels-zingsnis-tvirtinimui-prie-sienos-kapucino\/#primaryimage\",\"url\":\"https:\/\/miumjau.ee\/wp-content\/uploads\/2023\/09\/aste-seinakinnitusega-kassile-cappuccino2.jpg\",\"contentUrl\":\"https:\/\/miumjau.ee\/wp-content\/uploads\/2023\/09\/aste-seinakinnitusega-kassile-cappuccino2.jpg\",\"width\":600,\"height\":800,\"caption\":\"Petrebels aste seinale kinnitamiseks kassile, cappuccino\"},{\"@type\":\"BreadcrumbList\",\"@id\":\"https:\/\/miumjau.ee\/lt\/toode\/petrebels-zingsnis-tvirtinimui-prie-sienos-kapucino\/#breadcrumb\",\"itemListElement\":[{\"@type\":\"ListItem\",\"position\":1,\"name\":\"Home\",\"item\":\"https:\/\/miumjau.ee\/lt\/\"},{\"@type\":\"ListItem\",\"position\":2,\"name\":\"Parduotuv\u0117\",\"item\":\"https:\/\/miumjau.ee\/lt\/parduotuve\/\"},{\"@type\":\"ListItem\",\"position\":3,\"name\":\"PETREBELS \u017eingsnis tvirtinimui prie sienos, kapu\u010dino\"}]},{\"@type\":\"WebSite\",\"@id\":\"https:\/\/miumjau.ee\/#website\",\"url\":\"https:\/\/miumjau.ee\/\",\"name\":\"MiuMjau\",\"description\":\"Kraapimispuud kassidele\",\"publisher\":{\"@id\":\"https:\/\/miumjau.ee\/#organization\"},\"potentialAction\":[{\"@type\":\"SearchAction\",\"target\":{\"@type\":\"EntryPoint\",\"urlTemplate\":\"https:\/\/miumjau.ee\/?s={search_term_string}\"},\"query-input\":{\"@type\":\"PropertyValueSpecification\",\"valueRequired\":true,\"valueName\":\"search_term_string\"}}],\"inLanguage\":\"lt-LT\"},{\"@type\":\"Organization\",\"@id\":\"https:\/\/miumjau.ee\/#organization\",\"name\":\"MiuMjau O\u00dc\",\"url\":\"https:\/\/miumjau.ee\/\",\"logo\":{\"@type\":\"ImageObject\",\"inLanguage\":\"lt-LT\",\"@id\":\"https:\/\/miumjau.ee\/#\/schema\/logo\/image\/\",\"url\":\"https:\/\/miumjau.ee\/wp-content\/uploads\/2022\/04\/MiuMjau-logo-kollane.png\",\"contentUrl\":\"https:\/\/miumjau.ee\/wp-content\/uploads\/2022\/04\/MiuMjau-logo-kollane.png\",\"width\":219,\"height\":100,\"caption\":\"MiuMjau O\u00dc\"},\"image\":{\"@id\":\"https:\/\/miumjau.ee\/#\/schema\/logo\/image\/\"},\"sameAs\":[\"https:\/\/www.facebook.com\/miumjaupood\/\"]}]}<\/script>\n<!-- \/ Yoast SEO plugin. -->","yoast_head_json":{"title":"PETREBELS \u017eingsnis tvirtinimui prie sienos, kapu\u010dino - MiuMjau","robots":{"index":"index","follow":"follow","max-snippet":"max-snippet:-1","max-image-preview":"max-image-preview:large","max-video-preview":"max-video-preview:-1"},"canonical":"https:\/\/miumjau.ee\/lt\/toode\/petrebels-zingsnis-tvirtinimui-prie-sienos-kapucino\/","og_locale":"lt_LT","og_type":"article","og_title":"PETREBELS \u017eingsnis tvirtinimui prie sienos, kapu\u010dino - MiuMjau","og_description":"PETREBELS sieninis \u017eingsnis skirtas katei jud\u0117ti sienomis. I\u0161 j\u0173 galima, pavyzd\u017eiui, sudaryti laiptus iki lub\u0173 ir prie lub\u0173 pritvirtinti atskir\u0105 guol\u012f ar platform\u0105 (aktualu tiems, kuri\u0173 namuose yra kates galintys i\u0161g\u0105sdinti ma\u017ei vaikai ar, pavyzd\u017eiui, \u0161unys, nuo kuri\u0173 kat\u0117 nor\u0117t\u0173 pasisl\u0117pti saugioje vietoje), arba papras\u010diausiai nenorima statyti stovin\u010dios draskykl\u0117s d\u0117l vietos taupymo. Sieniniai laipteliai patvar\u016bs ir tvirti, tinkami ir sunkioms kat\u0117ms. Galima montuoti ir pavienius \u017eingsnius, pvz., \u0161alia draskykl\u0117s, kad katei b\u016bt\u0173 \u012fdomiau jud\u0117ti ir daugiau galimybi\u0173 \u0161okin\u0117jimo pratimams. Taip pat gaminys labai praver\u010dia vyresn\u0117ms kat\u0117ms, kurioms sunku nulipti nuo draskykl\u0117s \u2013 taip galima sukurti papildomus \u017eingsnius \u0161alia draskykl\u0117s. Gaminio svoris: 1.7 kg Svoris su pakuote: 2.5 kg Med\u017eiaga: 600 g pliu\u0161as Gaminio matmenys: 35\u00d742\u00d714 cm Sieniniai tvirtinimai yra komplekte. PER\u017dI\u016aR\u0116KITE \u010cIA TAIP PAT IR GAMINIO INSTRUKCIJ\u0104 Gaminys yra CE sertifikuotas, gamintojas \u2013 olandi\u0161kas kokyb\u0117s prek\u0117s \u017eenklas Petrebels.","og_url":"https:\/\/miumjau.ee\/lt\/toode\/petrebels-zingsnis-tvirtinimui-prie-sienos-kapucino\/","og_site_name":"MiuMjau","article_publisher":"https:\/\/www.facebook.com\/miumjaupood\/","article_modified_time":"2026-01-07T18:52:50+00:00","og_image":[{"width":600,"height":800,"url":"https:\/\/miumjau.ee\/wp-content\/uploads\/2023\/09\/aste-seinakinnitusega-kassile-cappuccino2.jpg","type":"image\/jpeg"}],"twitter_card":"summary_large_image","schema":{"@context":"https:\/\/schema.org","@graph":[{"@type":"WebPage","@id":"https:\/\/miumjau.ee\/lt\/toode\/petrebels-zingsnis-tvirtinimui-prie-sienos-kapucino\/","url":"https:\/\/miumjau.ee\/lt\/toode\/petrebels-zingsnis-tvirtinimui-prie-sienos-kapucino\/","name":"PETREBELS \u017eingsnis tvirtinimui prie sienos, kapu\u010dino - MiuMjau","isPartOf":{"@id":"https:\/\/miumjau.ee\/#website"},"primaryImageOfPage":{"@id":"https:\/\/miumjau.ee\/lt\/toode\/petrebels-zingsnis-tvirtinimui-prie-sienos-kapucino\/#primaryimage"},"image":{"@id":"https:\/\/miumjau.ee\/lt\/toode\/petrebels-zingsnis-tvirtinimui-prie-sienos-kapucino\/#primaryimage"},"thumbnailUrl":"https:\/\/miumjau.ee\/wp-content\/uploads\/2023\/09\/aste-seinakinnitusega-kassile-cappuccino2.jpg","datePublished":"2023-09-12T07:10:53+00:00","dateModified":"2026-01-07T18:52:50+00:00","breadcrumb":{"@id":"https:\/\/miumjau.ee\/lt\/toode\/petrebels-zingsnis-tvirtinimui-prie-sienos-kapucino\/#breadcrumb"},"inLanguage":"lt-LT","potentialAction":[{"@type":"ReadAction","target":["https:\/\/miumjau.ee\/lt\/toode\/petrebels-zingsnis-tvirtinimui-prie-sienos-kapucino\/"]}]},{"@type":"ImageObject","inLanguage":"lt-LT","@id":"https:\/\/miumjau.ee\/lt\/toode\/petrebels-zingsnis-tvirtinimui-prie-sienos-kapucino\/#primaryimage","url":"https:\/\/miumjau.ee\/wp-content\/uploads\/2023\/09\/aste-seinakinnitusega-kassile-cappuccino2.jpg","contentUrl":"https:\/\/miumjau.ee\/wp-content\/uploads\/2023\/09\/aste-seinakinnitusega-kassile-cappuccino2.jpg","width":600,"height":800,"caption":"Petrebels aste seinale kinnitamiseks kassile, cappuccino"},{"@type":"BreadcrumbList","@id":"https:\/\/miumjau.ee\/lt\/toode\/petrebels-zingsnis-tvirtinimui-prie-sienos-kapucino\/#breadcrumb","itemListElement":[{"@type":"ListItem","position":1,"name":"Home","item":"https:\/\/miumjau.ee\/lt\/"},{"@type":"ListItem","position":2,"name":"Parduotuv\u0117","item":"https:\/\/miumjau.ee\/lt\/parduotuve\/"},{"@type":"ListItem","position":3,"name":"PETREBELS \u017eingsnis tvirtinimui prie sienos, kapu\u010dino"}]},{"@type":"WebSite","@id":"https:\/\/miumjau.ee\/#website","url":"https:\/\/miumjau.ee\/","name":"MiuMjau","description":"Kraapimispuud kassidele","publisher":{"@id":"https:\/\/miumjau.ee\/#organization"},"potentialAction":[{"@type":"SearchAction","target":{"@type":"EntryPoint","urlTemplate":"https:\/\/miumjau.ee\/?s={search_term_string}"},"query-input":{"@type":"PropertyValueSpecification","valueRequired":true,"valueName":"search_term_string"}}],"inLanguage":"lt-LT"},{"@type":"Organization","@id":"https:\/\/miumjau.ee\/#organization","name":"MiuMjau O\u00dc","url":"https:\/\/miumjau.ee\/","logo":{"@type":"ImageObject","inLanguage":"lt-LT","@id":"https:\/\/miumjau.ee\/#\/schema\/logo\/image\/","url":"https:\/\/miumjau.ee\/wp-content\/uploads\/2022\/04\/MiuMjau-logo-kollane.png","contentUrl":"https:\/\/miumjau.ee\/wp-content\/uploads\/2022\/04\/MiuMjau-logo-kollane.png","width":219,"height":100,"caption":"MiuMjau O\u00dc"},"image":{"@id":"https:\/\/miumjau.ee\/#\/schema\/logo\/image\/"},"sameAs":["https:\/\/www.facebook.com\/miumjaupood\/"]}]}},"_links":{"self":[{"href":"https:\/\/miumjau.ee\/lt\/wp-json\/wp\/v2\/product\/42517","targetHints":{"allow":["GET"]}}],"collection":[{"href":"https:\/\/miumjau.ee\/lt\/wp-json\/wp\/v2\/product"}],"about":[{"href":"https:\/\/miumjau.ee\/lt\/wp-json\/wp\/v2\/types\/product"}],"wp:featuredmedia":[{"embeddable":true,"href":"https:\/\/miumjau.ee\/lt\/wp-json\/wp\/v2\/media\/42804"}],"wp:attachment":[{"href":"https:\/\/miumjau.ee\/lt\/wp-json\/wp\/v2\/media?parent=42517"}],"wp:term":[{"taxonomy":"product_brand","embeddable":true,"href":"https:\/\/miumjau.ee\/lt\/wp-json\/wp\/v2\/product_brand?post=42517"},{"taxonomy":"product_cat","embeddable":true,"href":"https:\/\/miumjau.ee\/lt\/wp-json\/wp\/v2\/product_cat?post=42517"},{"taxonomy":"product_tag","embeddable":true,"href":"https:\/\/miumjau.ee\/lt\/wp-json\/wp\/v2\/product_tag?post=42517"}],"curies":[{"name":"wp","href":"https:\/\/api.w.org\/{rel}","templated":true}]}}