{"id":42513,"date":"2023-09-05T06:59:28","date_gmt":"2023-09-05T03:59:28","guid":{"rendered":"https:\/\/miumjau.ee\/toode\/kates-draskykle-18008l\/"},"modified":"2026-01-07T20:52:58","modified_gmt":"2026-01-07T18:52:58","slug":"kates-draskykle-18008l","status":"publish","type":"product","link":"https:\/\/miumjau.ee\/lt\/produktas\/kates-draskykle-18008l\/","title":{"rendered":"Kat\u0117s draskykl\u0117 18008L"},"content":{"rendered":"","protected":false},"excerpt":{"rendered":"<p>Draskykl\u0117, kuri yra gana didel\u0117 tiek \u012f plot\u012f, tiek \u012f auk\u0161t\u012f. Idealiai tinka visai ka\u010diuk\u0173 vadai \/ lengvoms kat\u0117ms. Netinka sunkioms kat\u0117ms. \u0160iame modelyje yra labai daug skirting\u0173 platform\u0173, kurios puikiai tinka laipioti, ils\u0117tis, taip pat yra u\u017edaras namelis ramiam buvimui. Auk\u0161ta platforma \u2013 smalsioms kat\u0117ms ap\u017evalgai.<\/p>\n<p>Spalva: Tamsiai pilka<br \/>\nSvoris be pakuot\u0117s apie 17.7 kg, su pakuote 18,7 kg.<br \/>\nPakuot\u0117s matmenys: 62 \u00d7 56 \u00d7 25 cm.<br \/>\nGaminio auk\u0161tis 170 cm.<\/p>\n<p>Prek\u0117 taip pat surinkta kaip pavyzdys. Kvie\u010diame atvykti ap\u017ei\u016br\u0117ti! Laik\u0105 galima suderinti telefonu 58121217.<\/p>\n","protected":false},"featured_media":42767,"template":"","meta":[],"product_brand":[],"product_cat":[510],"product_tag":[],"class_list":{"0":"post-42513","1":"product","2":"type-product","3":"status-publish","4":"has-post-thumbnail","6":"product_cat-dideli-draskymo-medziai","7":"product_shipping_class-pakiautomaati-sobimatu-lt","9":"first","10":"instock","11":"sale","12":"taxable","13":"shipping-taxable","14":"purchasable","15":"product-type-simple"},"yoast_head":"<!-- This site is optimized with the Yoast SEO plugin v27.2 - https:\/\/yoast.com\/product\/yoast-seo-wordpress\/ -->\n<title>Kat\u0117s draskykl\u0117 18008L - MiuMjau<\/title>\n<meta name=\"robots\" content=\"index, follow, max-snippet:-1, max-image-preview:large, max-video-preview:-1\" \/>\n<link rel=\"canonical\" href=\"https:\/\/miumjau.ee\/lt\/produktas\/kates-draskykle-18008l\/\" \/>\n<meta property=\"og:locale\" content=\"lt_LT\" \/>\n<meta property=\"og:type\" content=\"article\" \/>\n<meta property=\"og:title\" content=\"Kat\u0117s draskykl\u0117 18008L - MiuMjau\" \/>\n<meta property=\"og:description\" content=\"Draskykl\u0117, kuri yra gana didel\u0117 tiek \u012f plot\u012f, tiek \u012f auk\u0161t\u012f. Idealiai tinka visai ka\u010diuk\u0173 vadai \/ lengvoms kat\u0117ms. Netinka sunkioms kat\u0117ms. \u0160iame modelyje yra labai daug skirting\u0173 platform\u0173, kurios puikiai tinka laipioti, ils\u0117tis, taip pat yra u\u017edaras namelis ramiam buvimui. Auk\u0161ta platforma \u2013 smalsioms kat\u0117ms ap\u017evalgai. Spalva: Tamsiai pilka Svoris be pakuot\u0117s apie 17.7 kg, su pakuote 18,7 kg. Pakuot\u0117s matmenys: 62 \u00d7 56 \u00d7 25 cm. Gaminio auk\u0161tis 170 cm. Prek\u0117 taip pat surinkta kaip pavyzdys. Kvie\u010diame atvykti ap\u017ei\u016br\u0117ti! Laik\u0105 galima suderinti telefonu 58121217.\" \/>\n<meta property=\"og:url\" content=\"https:\/\/miumjau.ee\/lt\/produktas\/kates-draskykle-18008l\/\" \/>\n<meta property=\"og:site_name\" content=\"MiuMjau\" \/>\n<meta property=\"article:publisher\" content=\"https:\/\/www.facebook.com\/miumjaupood\/\" \/>\n<meta property=\"article:modified_time\" content=\"2026-01-07T18:52:58+00:00\" \/>\n<meta property=\"og:image\" content=\"https:\/\/miumjau.ee\/wp-content\/uploads\/2023\/09\/18008Light-kassikraapimispuu.jpg\" \/>\n\t<meta property=\"og:image:width\" content=\"600\" \/>\n\t<meta property=\"og:image:height\" content=\"600\" \/>\n\t<meta property=\"og:image:type\" content=\"image\/jpeg\" \/>\n<meta name=\"twitter:card\" content=\"summary_large_image\" \/>\n<script type=\"application\/ld+json\" class=\"yoast-schema-graph\">{\"@context\":\"https:\/\/schema.org\",\"@graph\":[{\"@type\":\"WebPage\",\"@id\":\"https:\/\/miumjau.ee\/lt\/produktas\/kates-draskykle-18008l\/\",\"url\":\"https:\/\/miumjau.ee\/lt\/produktas\/kates-draskykle-18008l\/\",\"name\":\"Kat\u0117s draskykl\u0117 18008L - MiuMjau\",\"isPartOf\":{\"@id\":\"https:\/\/miumjau.ee\/#website\"},\"primaryImageOfPage\":{\"@id\":\"https:\/\/miumjau.ee\/lt\/produktas\/kates-draskykle-18008l\/#primaryimage\"},\"image\":{\"@id\":\"https:\/\/miumjau.ee\/lt\/produktas\/kates-draskykle-18008l\/#primaryimage\"},\"thumbnailUrl\":\"https:\/\/miumjau.ee\/wp-content\/uploads\/2023\/09\/18008Light-kassikraapimispuu.jpg\",\"datePublished\":\"2023-09-05T03:59:28+00:00\",\"dateModified\":\"2026-01-07T18:52:58+00:00\",\"breadcrumb\":{\"@id\":\"https:\/\/miumjau.ee\/lt\/produktas\/kates-draskykle-18008l\/#breadcrumb\"},\"inLanguage\":\"lt-LT\",\"potentialAction\":[{\"@type\":\"ReadAction\",\"target\":[\"https:\/\/miumjau.ee\/lt\/produktas\/kates-draskykle-18008l\/\"]}]},{\"@type\":\"ImageObject\",\"inLanguage\":\"lt-LT\",\"@id\":\"https:\/\/miumjau.ee\/lt\/produktas\/kates-draskykle-18008l\/#primaryimage\",\"url\":\"https:\/\/miumjau.ee\/wp-content\/uploads\/2023\/09\/18008Light-kassikraapimispuu.jpg\",\"contentUrl\":\"https:\/\/miumjau.ee\/wp-content\/uploads\/2023\/09\/18008Light-kassikraapimispuu.jpg\",\"width\":600,\"height\":600,\"caption\":\"18008Light kraapimispuu\"},{\"@type\":\"BreadcrumbList\",\"@id\":\"https:\/\/miumjau.ee\/lt\/produktas\/kates-draskykle-18008l\/#breadcrumb\",\"itemListElement\":[{\"@type\":\"ListItem\",\"position\":1,\"name\":\"Home\",\"item\":\"https:\/\/miumjau.ee\/lt\/\"},{\"@type\":\"ListItem\",\"position\":2,\"name\":\"Parduotuv\u0117\",\"item\":\"https:\/\/miumjau.ee\/lt\/parduotuve\/\"},{\"@type\":\"ListItem\",\"position\":3,\"name\":\"Kat\u0117s draskykl\u0117 18008L\"}]},{\"@type\":\"WebSite\",\"@id\":\"https:\/\/miumjau.ee\/#website\",\"url\":\"https:\/\/miumjau.ee\/\",\"name\":\"MiuMjau\",\"description\":\"Kraapimispuud kassidele\",\"publisher\":{\"@id\":\"https:\/\/miumjau.ee\/#organization\"},\"potentialAction\":[{\"@type\":\"SearchAction\",\"target\":{\"@type\":\"EntryPoint\",\"urlTemplate\":\"https:\/\/miumjau.ee\/?s={search_term_string}\"},\"query-input\":{\"@type\":\"PropertyValueSpecification\",\"valueRequired\":true,\"valueName\":\"search_term_string\"}}],\"inLanguage\":\"lt-LT\"},{\"@type\":\"Organization\",\"@id\":\"https:\/\/miumjau.ee\/#organization\",\"name\":\"MiuMjau O\u00dc\",\"url\":\"https:\/\/miumjau.ee\/\",\"logo\":{\"@type\":\"ImageObject\",\"inLanguage\":\"lt-LT\",\"@id\":\"https:\/\/miumjau.ee\/#\/schema\/logo\/image\/\",\"url\":\"https:\/\/miumjau.ee\/wp-content\/uploads\/2022\/04\/MiuMjau-logo-kollane.png\",\"contentUrl\":\"https:\/\/miumjau.ee\/wp-content\/uploads\/2022\/04\/MiuMjau-logo-kollane.png\",\"width\":219,\"height\":100,\"caption\":\"MiuMjau O\u00dc\"},\"image\":{\"@id\":\"https:\/\/miumjau.ee\/#\/schema\/logo\/image\/\"},\"sameAs\":[\"https:\/\/www.facebook.com\/miumjaupood\/\"]}]}<\/script>\n<!-- \/ Yoast SEO plugin. -->","yoast_head_json":{"title":"Kat\u0117s draskykl\u0117 18008L - MiuMjau","robots":{"index":"index","follow":"follow","max-snippet":"max-snippet:-1","max-image-preview":"max-image-preview:large","max-video-preview":"max-video-preview:-1"},"canonical":"https:\/\/miumjau.ee\/lt\/produktas\/kates-draskykle-18008l\/","og_locale":"lt_LT","og_type":"article","og_title":"Kat\u0117s draskykl\u0117 18008L - MiuMjau","og_description":"Draskykl\u0117, kuri yra gana didel\u0117 tiek \u012f plot\u012f, tiek \u012f auk\u0161t\u012f. Idealiai tinka visai ka\u010diuk\u0173 vadai \/ lengvoms kat\u0117ms. Netinka sunkioms kat\u0117ms. \u0160iame modelyje yra labai daug skirting\u0173 platform\u0173, kurios puikiai tinka laipioti, ils\u0117tis, taip pat yra u\u017edaras namelis ramiam buvimui. Auk\u0161ta platforma \u2013 smalsioms kat\u0117ms ap\u017evalgai. Spalva: Tamsiai pilka Svoris be pakuot\u0117s apie 17.7 kg, su pakuote 18,7 kg. Pakuot\u0117s matmenys: 62 \u00d7 56 \u00d7 25 cm. Gaminio auk\u0161tis 170 cm. Prek\u0117 taip pat surinkta kaip pavyzdys. Kvie\u010diame atvykti ap\u017ei\u016br\u0117ti! Laik\u0105 galima suderinti telefonu 58121217.","og_url":"https:\/\/miumjau.ee\/lt\/produktas\/kates-draskykle-18008l\/","og_site_name":"MiuMjau","article_publisher":"https:\/\/www.facebook.com\/miumjaupood\/","article_modified_time":"2026-01-07T18:52:58+00:00","og_image":[{"width":600,"height":600,"url":"https:\/\/miumjau.ee\/wp-content\/uploads\/2023\/09\/18008Light-kassikraapimispuu.jpg","type":"image\/jpeg"}],"twitter_card":"summary_large_image","schema":{"@context":"https:\/\/schema.org","@graph":[{"@type":"WebPage","@id":"https:\/\/miumjau.ee\/lt\/produktas\/kates-draskykle-18008l\/","url":"https:\/\/miumjau.ee\/lt\/produktas\/kates-draskykle-18008l\/","name":"Kat\u0117s draskykl\u0117 18008L - MiuMjau","isPartOf":{"@id":"https:\/\/miumjau.ee\/#website"},"primaryImageOfPage":{"@id":"https:\/\/miumjau.ee\/lt\/produktas\/kates-draskykle-18008l\/#primaryimage"},"image":{"@id":"https:\/\/miumjau.ee\/lt\/produktas\/kates-draskykle-18008l\/#primaryimage"},"thumbnailUrl":"https:\/\/miumjau.ee\/wp-content\/uploads\/2023\/09\/18008Light-kassikraapimispuu.jpg","datePublished":"2023-09-05T03:59:28+00:00","dateModified":"2026-01-07T18:52:58+00:00","breadcrumb":{"@id":"https:\/\/miumjau.ee\/lt\/produktas\/kates-draskykle-18008l\/#breadcrumb"},"inLanguage":"lt-LT","potentialAction":[{"@type":"ReadAction","target":["https:\/\/miumjau.ee\/lt\/produktas\/kates-draskykle-18008l\/"]}]},{"@type":"ImageObject","inLanguage":"lt-LT","@id":"https:\/\/miumjau.ee\/lt\/produktas\/kates-draskykle-18008l\/#primaryimage","url":"https:\/\/miumjau.ee\/wp-content\/uploads\/2023\/09\/18008Light-kassikraapimispuu.jpg","contentUrl":"https:\/\/miumjau.ee\/wp-content\/uploads\/2023\/09\/18008Light-kassikraapimispuu.jpg","width":600,"height":600,"caption":"18008Light kraapimispuu"},{"@type":"BreadcrumbList","@id":"https:\/\/miumjau.ee\/lt\/produktas\/kates-draskykle-18008l\/#breadcrumb","itemListElement":[{"@type":"ListItem","position":1,"name":"Home","item":"https:\/\/miumjau.ee\/lt\/"},{"@type":"ListItem","position":2,"name":"Parduotuv\u0117","item":"https:\/\/miumjau.ee\/lt\/parduotuve\/"},{"@type":"ListItem","position":3,"name":"Kat\u0117s draskykl\u0117 18008L"}]},{"@type":"WebSite","@id":"https:\/\/miumjau.ee\/#website","url":"https:\/\/miumjau.ee\/","name":"MiuMjau","description":"Kraapimispuud kassidele","publisher":{"@id":"https:\/\/miumjau.ee\/#organization"},"potentialAction":[{"@type":"SearchAction","target":{"@type":"EntryPoint","urlTemplate":"https:\/\/miumjau.ee\/?s={search_term_string}"},"query-input":{"@type":"PropertyValueSpecification","valueRequired":true,"valueName":"search_term_string"}}],"inLanguage":"lt-LT"},{"@type":"Organization","@id":"https:\/\/miumjau.ee\/#organization","name":"MiuMjau O\u00dc","url":"https:\/\/miumjau.ee\/","logo":{"@type":"ImageObject","inLanguage":"lt-LT","@id":"https:\/\/miumjau.ee\/#\/schema\/logo\/image\/","url":"https:\/\/miumjau.ee\/wp-content\/uploads\/2022\/04\/MiuMjau-logo-kollane.png","contentUrl":"https:\/\/miumjau.ee\/wp-content\/uploads\/2022\/04\/MiuMjau-logo-kollane.png","width":219,"height":100,"caption":"MiuMjau O\u00dc"},"image":{"@id":"https:\/\/miumjau.ee\/#\/schema\/logo\/image\/"},"sameAs":["https:\/\/www.facebook.com\/miumjaupood\/"]}]}},"_links":{"self":[{"href":"https:\/\/miumjau.ee\/lt\/wp-json\/wp\/v2\/product\/42513","targetHints":{"allow":["GET"]}}],"collection":[{"href":"https:\/\/miumjau.ee\/lt\/wp-json\/wp\/v2\/product"}],"about":[{"href":"https:\/\/miumjau.ee\/lt\/wp-json\/wp\/v2\/types\/product"}],"wp:featuredmedia":[{"embeddable":true,"href":"https:\/\/miumjau.ee\/lt\/wp-json\/wp\/v2\/media\/42767"}],"wp:attachment":[{"href":"https:\/\/miumjau.ee\/lt\/wp-json\/wp\/v2\/media?parent=42513"}],"wp:term":[{"taxonomy":"product_brand","embeddable":true,"href":"https:\/\/miumjau.ee\/lt\/wp-json\/wp\/v2\/product_brand?post=42513"},{"taxonomy":"product_cat","embeddable":true,"href":"https:\/\/miumjau.ee\/lt\/wp-json\/wp\/v2\/product_cat?post=42513"},{"taxonomy":"product_tag","embeddable":true,"href":"https:\/\/miumjau.ee\/lt\/wp-json\/wp\/v2\/product_tag?post=42513"}],"curies":[{"name":"wp","href":"https:\/\/api.w.org\/{rel}","templated":true}]}}