{"id":42511,"date":"2023-08-31T11:44:26","date_gmt":"2023-08-31T08:44:26","guid":{"rendered":"https:\/\/miumjau.ee\/toode\/petrebels-draskymo-kilimelis-mastermat-80-juodas\/"},"modified":"2026-01-07T20:52:58","modified_gmt":"2026-01-07T18:52:58","slug":"petrebels-draskymo-kilimelis-mastermat-80-juodas","status":"publish","type":"product","link":"https:\/\/miumjau.ee\/lt\/produktas\/petrebels-draskymo-kilimelis-mastermat-80-juodas\/","title":{"rendered":"PETREBELS draskymo kilim\u0117lis Mastermat 80, juodas"},"content":{"rendered":"","protected":false},"excerpt":{"rendered":"<p>Draskymo kilim\u0117lis i\u0161 olandi\u0161ko kokyb\u0117s prek\u0117s \u017eenklo PETREBELS \u2013 auk\u0161\u010diausios kokyb\u0117s draskymo kilim\u0117lis, taip pat CE sertifikuotas.<\/p>\n<p>Laimei, Mastermat yra pakankamai tvirtas, kad atlaikyt\u0173 gausyb\u0119 draskym\u0173 ir pasiruo\u0161\u0119s net \u201edid\u017eiausio tigro\u201c i\u0161\u0161\u016bkiui. Da\u017enai kilim\u0117lis dedamas prie vidini\u0173 kambario dur\u0173. Gaminys turi neslystant\u012f pagrind\u0105. D\u0117l nedideli\u0173 matmen\u0173 tinka bet kur namuose.<\/p>\n<p>Modelis: Mastermat 80<br \/>\nAtspalvis: Juodas<br \/>\nGaminio svoris 1.9 kg<br \/>\nMatmenys 50 \u00d7 80 \u00d7 1 cm.<\/p>\n","protected":false},"featured_media":42746,"template":"","meta":[],"product_brand":[],"product_cat":[522],"product_tag":[],"class_list":{"0":"post-42511","1":"product","2":"type-product","3":"status-publish","4":"has-post-thumbnail","6":"product_cat-draskymo-kilimeliai","8":"first","9":"instock","10":"sale","11":"taxable","12":"shipping-taxable","13":"purchasable","14":"product-type-simple"},"yoast_head":"<!-- This site is optimized with the Yoast SEO plugin v27.2 - https:\/\/yoast.com\/product\/yoast-seo-wordpress\/ -->\n<title>PETREBELS draskymo kilim\u0117lis Mastermat 80, juodas - MiuMjau<\/title>\n<meta name=\"robots\" content=\"index, follow, max-snippet:-1, max-image-preview:large, max-video-preview:-1\" \/>\n<link rel=\"canonical\" href=\"https:\/\/miumjau.ee\/lt\/produktas\/petrebels-draskymo-kilimelis-mastermat-80-juodas\/\" \/>\n<meta property=\"og:locale\" content=\"lt_LT\" \/>\n<meta property=\"og:type\" content=\"article\" \/>\n<meta property=\"og:title\" content=\"PETREBELS draskymo kilim\u0117lis Mastermat 80, juodas - MiuMjau\" \/>\n<meta property=\"og:description\" content=\"Draskymo kilim\u0117lis i\u0161 olandi\u0161ko kokyb\u0117s prek\u0117s \u017eenklo PETREBELS \u2013 auk\u0161\u010diausios kokyb\u0117s draskymo kilim\u0117lis, taip pat CE sertifikuotas.  Laimei, Mastermat yra pakankamai tvirtas, kad atlaikyt\u0173 gausyb\u0119 draskym\u0173 ir pasiruo\u0161\u0119s net \u201edid\u017eiausio tigro\u201c i\u0161\u0161\u016bkiui. Da\u017enai kilim\u0117lis dedamas prie vidini\u0173 kambario dur\u0173. Gaminys turi neslystant\u012f pagrind\u0105. D\u0117l nedideli\u0173 matmen\u0173 tinka bet kur namuose.  Modelis: Mastermat 80 Atspalvis: Juodas Gaminio svoris 1.9 kg Matmenys 50 \u00d7 80 \u00d7 1 cm.\" \/>\n<meta property=\"og:url\" content=\"https:\/\/miumjau.ee\/lt\/produktas\/petrebels-draskymo-kilimelis-mastermat-80-juodas\/\" \/>\n<meta property=\"og:site_name\" content=\"MiuMjau\" \/>\n<meta property=\"article:publisher\" content=\"https:\/\/www.facebook.com\/miumjaupood\/\" \/>\n<meta property=\"article:modified_time\" content=\"2026-01-07T18:52:58+00:00\" \/>\n<meta property=\"og:image\" content=\"https:\/\/miumjau.ee\/wp-content\/uploads\/2023\/08\/431439-Mastermat-60-2.jpg\" \/>\n\t<meta property=\"og:image:width\" content=\"600\" \/>\n\t<meta property=\"og:image:height\" content=\"800\" \/>\n\t<meta property=\"og:image:type\" content=\"image\/jpeg\" \/>\n<meta name=\"twitter:card\" content=\"summary_large_image\" \/>\n<script type=\"application\/ld+json\" class=\"yoast-schema-graph\">{\"@context\":\"https:\/\/schema.org\",\"@graph\":[{\"@type\":\"WebPage\",\"@id\":\"https:\/\/miumjau.ee\/lt\/produktas\/petrebels-draskymo-kilimelis-mastermat-80-juodas\/\",\"url\":\"https:\/\/miumjau.ee\/lt\/produktas\/petrebels-draskymo-kilimelis-mastermat-80-juodas\/\",\"name\":\"PETREBELS draskymo kilim\u0117lis Mastermat 80, juodas - MiuMjau\",\"isPartOf\":{\"@id\":\"https:\/\/miumjau.ee\/#website\"},\"primaryImageOfPage\":{\"@id\":\"https:\/\/miumjau.ee\/lt\/produktas\/petrebels-draskymo-kilimelis-mastermat-80-juodas\/#primaryimage\"},\"image\":{\"@id\":\"https:\/\/miumjau.ee\/lt\/produktas\/petrebels-draskymo-kilimelis-mastermat-80-juodas\/#primaryimage\"},\"thumbnailUrl\":\"https:\/\/miumjau.ee\/wp-content\/uploads\/2023\/08\/431439-Mastermat-60-2.jpg\",\"datePublished\":\"2023-08-31T08:44:26+00:00\",\"dateModified\":\"2026-01-07T18:52:58+00:00\",\"breadcrumb\":{\"@id\":\"https:\/\/miumjau.ee\/lt\/produktas\/petrebels-draskymo-kilimelis-mastermat-80-juodas\/#breadcrumb\"},\"inLanguage\":\"lt-LT\",\"potentialAction\":[{\"@type\":\"ReadAction\",\"target\":[\"https:\/\/miumjau.ee\/lt\/produktas\/petrebels-draskymo-kilimelis-mastermat-80-juodas\/\"]}]},{\"@type\":\"ImageObject\",\"inLanguage\":\"lt-LT\",\"@id\":\"https:\/\/miumjau.ee\/lt\/produktas\/petrebels-draskymo-kilimelis-mastermat-80-juodas\/#primaryimage\",\"url\":\"https:\/\/miumjau.ee\/wp-content\/uploads\/2023\/08\/431439-Mastermat-60-2.jpg\",\"contentUrl\":\"https:\/\/miumjau.ee\/wp-content\/uploads\/2023\/08\/431439-Mastermat-60-2.jpg\",\"width\":600,\"height\":800,\"caption\":\"Kraapimismatt Mastermat 60 must\"},{\"@type\":\"BreadcrumbList\",\"@id\":\"https:\/\/miumjau.ee\/lt\/produktas\/petrebels-draskymo-kilimelis-mastermat-80-juodas\/#breadcrumb\",\"itemListElement\":[{\"@type\":\"ListItem\",\"position\":1,\"name\":\"Home\",\"item\":\"https:\/\/miumjau.ee\/lt\/\"},{\"@type\":\"ListItem\",\"position\":2,\"name\":\"Parduotuv\u0117\",\"item\":\"https:\/\/miumjau.ee\/lt\/parduotuve\/\"},{\"@type\":\"ListItem\",\"position\":3,\"name\":\"PETREBELS draskymo kilim\u0117lis Mastermat 80, juodas\"}]},{\"@type\":\"WebSite\",\"@id\":\"https:\/\/miumjau.ee\/#website\",\"url\":\"https:\/\/miumjau.ee\/\",\"name\":\"MiuMjau\",\"description\":\"Kraapimispuud kassidele\",\"publisher\":{\"@id\":\"https:\/\/miumjau.ee\/#organization\"},\"potentialAction\":[{\"@type\":\"SearchAction\",\"target\":{\"@type\":\"EntryPoint\",\"urlTemplate\":\"https:\/\/miumjau.ee\/?s={search_term_string}\"},\"query-input\":{\"@type\":\"PropertyValueSpecification\",\"valueRequired\":true,\"valueName\":\"search_term_string\"}}],\"inLanguage\":\"lt-LT\"},{\"@type\":\"Organization\",\"@id\":\"https:\/\/miumjau.ee\/#organization\",\"name\":\"MiuMjau O\u00dc\",\"url\":\"https:\/\/miumjau.ee\/\",\"logo\":{\"@type\":\"ImageObject\",\"inLanguage\":\"lt-LT\",\"@id\":\"https:\/\/miumjau.ee\/#\/schema\/logo\/image\/\",\"url\":\"https:\/\/miumjau.ee\/wp-content\/uploads\/2022\/04\/MiuMjau-logo-kollane.png\",\"contentUrl\":\"https:\/\/miumjau.ee\/wp-content\/uploads\/2022\/04\/MiuMjau-logo-kollane.png\",\"width\":219,\"height\":100,\"caption\":\"MiuMjau O\u00dc\"},\"image\":{\"@id\":\"https:\/\/miumjau.ee\/#\/schema\/logo\/image\/\"},\"sameAs\":[\"https:\/\/www.facebook.com\/miumjaupood\/\"]}]}<\/script>\n<!-- \/ Yoast SEO plugin. -->","yoast_head_json":{"title":"PETREBELS draskymo kilim\u0117lis Mastermat 80, juodas - MiuMjau","robots":{"index":"index","follow":"follow","max-snippet":"max-snippet:-1","max-image-preview":"max-image-preview:large","max-video-preview":"max-video-preview:-1"},"canonical":"https:\/\/miumjau.ee\/lt\/produktas\/petrebels-draskymo-kilimelis-mastermat-80-juodas\/","og_locale":"lt_LT","og_type":"article","og_title":"PETREBELS draskymo kilim\u0117lis Mastermat 80, juodas - MiuMjau","og_description":"Draskymo kilim\u0117lis i\u0161 olandi\u0161ko kokyb\u0117s prek\u0117s \u017eenklo PETREBELS \u2013 auk\u0161\u010diausios kokyb\u0117s draskymo kilim\u0117lis, taip pat CE sertifikuotas.  Laimei, Mastermat yra pakankamai tvirtas, kad atlaikyt\u0173 gausyb\u0119 draskym\u0173 ir pasiruo\u0161\u0119s net \u201edid\u017eiausio tigro\u201c i\u0161\u0161\u016bkiui. Da\u017enai kilim\u0117lis dedamas prie vidini\u0173 kambario dur\u0173. Gaminys turi neslystant\u012f pagrind\u0105. D\u0117l nedideli\u0173 matmen\u0173 tinka bet kur namuose.  Modelis: Mastermat 80 Atspalvis: Juodas Gaminio svoris 1.9 kg Matmenys 50 \u00d7 80 \u00d7 1 cm.","og_url":"https:\/\/miumjau.ee\/lt\/produktas\/petrebels-draskymo-kilimelis-mastermat-80-juodas\/","og_site_name":"MiuMjau","article_publisher":"https:\/\/www.facebook.com\/miumjaupood\/","article_modified_time":"2026-01-07T18:52:58+00:00","og_image":[{"width":600,"height":800,"url":"https:\/\/miumjau.ee\/wp-content\/uploads\/2023\/08\/431439-Mastermat-60-2.jpg","type":"image\/jpeg"}],"twitter_card":"summary_large_image","schema":{"@context":"https:\/\/schema.org","@graph":[{"@type":"WebPage","@id":"https:\/\/miumjau.ee\/lt\/produktas\/petrebels-draskymo-kilimelis-mastermat-80-juodas\/","url":"https:\/\/miumjau.ee\/lt\/produktas\/petrebels-draskymo-kilimelis-mastermat-80-juodas\/","name":"PETREBELS draskymo kilim\u0117lis Mastermat 80, juodas - MiuMjau","isPartOf":{"@id":"https:\/\/miumjau.ee\/#website"},"primaryImageOfPage":{"@id":"https:\/\/miumjau.ee\/lt\/produktas\/petrebels-draskymo-kilimelis-mastermat-80-juodas\/#primaryimage"},"image":{"@id":"https:\/\/miumjau.ee\/lt\/produktas\/petrebels-draskymo-kilimelis-mastermat-80-juodas\/#primaryimage"},"thumbnailUrl":"https:\/\/miumjau.ee\/wp-content\/uploads\/2023\/08\/431439-Mastermat-60-2.jpg","datePublished":"2023-08-31T08:44:26+00:00","dateModified":"2026-01-07T18:52:58+00:00","breadcrumb":{"@id":"https:\/\/miumjau.ee\/lt\/produktas\/petrebels-draskymo-kilimelis-mastermat-80-juodas\/#breadcrumb"},"inLanguage":"lt-LT","potentialAction":[{"@type":"ReadAction","target":["https:\/\/miumjau.ee\/lt\/produktas\/petrebels-draskymo-kilimelis-mastermat-80-juodas\/"]}]},{"@type":"ImageObject","inLanguage":"lt-LT","@id":"https:\/\/miumjau.ee\/lt\/produktas\/petrebels-draskymo-kilimelis-mastermat-80-juodas\/#primaryimage","url":"https:\/\/miumjau.ee\/wp-content\/uploads\/2023\/08\/431439-Mastermat-60-2.jpg","contentUrl":"https:\/\/miumjau.ee\/wp-content\/uploads\/2023\/08\/431439-Mastermat-60-2.jpg","width":600,"height":800,"caption":"Kraapimismatt Mastermat 60 must"},{"@type":"BreadcrumbList","@id":"https:\/\/miumjau.ee\/lt\/produktas\/petrebels-draskymo-kilimelis-mastermat-80-juodas\/#breadcrumb","itemListElement":[{"@type":"ListItem","position":1,"name":"Home","item":"https:\/\/miumjau.ee\/lt\/"},{"@type":"ListItem","position":2,"name":"Parduotuv\u0117","item":"https:\/\/miumjau.ee\/lt\/parduotuve\/"},{"@type":"ListItem","position":3,"name":"PETREBELS draskymo kilim\u0117lis Mastermat 80, juodas"}]},{"@type":"WebSite","@id":"https:\/\/miumjau.ee\/#website","url":"https:\/\/miumjau.ee\/","name":"MiuMjau","description":"Kraapimispuud kassidele","publisher":{"@id":"https:\/\/miumjau.ee\/#organization"},"potentialAction":[{"@type":"SearchAction","target":{"@type":"EntryPoint","urlTemplate":"https:\/\/miumjau.ee\/?s={search_term_string}"},"query-input":{"@type":"PropertyValueSpecification","valueRequired":true,"valueName":"search_term_string"}}],"inLanguage":"lt-LT"},{"@type":"Organization","@id":"https:\/\/miumjau.ee\/#organization","name":"MiuMjau O\u00dc","url":"https:\/\/miumjau.ee\/","logo":{"@type":"ImageObject","inLanguage":"lt-LT","@id":"https:\/\/miumjau.ee\/#\/schema\/logo\/image\/","url":"https:\/\/miumjau.ee\/wp-content\/uploads\/2022\/04\/MiuMjau-logo-kollane.png","contentUrl":"https:\/\/miumjau.ee\/wp-content\/uploads\/2022\/04\/MiuMjau-logo-kollane.png","width":219,"height":100,"caption":"MiuMjau O\u00dc"},"image":{"@id":"https:\/\/miumjau.ee\/#\/schema\/logo\/image\/"},"sameAs":["https:\/\/www.facebook.com\/miumjaupood\/"]}]}},"_links":{"self":[{"href":"https:\/\/miumjau.ee\/lt\/wp-json\/wp\/v2\/product\/42511","targetHints":{"allow":["GET"]}}],"collection":[{"href":"https:\/\/miumjau.ee\/lt\/wp-json\/wp\/v2\/product"}],"about":[{"href":"https:\/\/miumjau.ee\/lt\/wp-json\/wp\/v2\/types\/product"}],"wp:featuredmedia":[{"embeddable":true,"href":"https:\/\/miumjau.ee\/lt\/wp-json\/wp\/v2\/media\/42746"}],"wp:attachment":[{"href":"https:\/\/miumjau.ee\/lt\/wp-json\/wp\/v2\/media?parent=42511"}],"wp:term":[{"taxonomy":"product_brand","embeddable":true,"href":"https:\/\/miumjau.ee\/lt\/wp-json\/wp\/v2\/product_brand?post=42511"},{"taxonomy":"product_cat","embeddable":true,"href":"https:\/\/miumjau.ee\/lt\/wp-json\/wp\/v2\/product_cat?post=42511"},{"taxonomy":"product_tag","embeddable":true,"href":"https:\/\/miumjau.ee\/lt\/wp-json\/wp\/v2\/product_tag?post=42511"}],"curies":[{"name":"wp","href":"https:\/\/api.w.org\/{rel}","templated":true}]}}