{"id":42507,"date":"2023-07-20T10:45:34","date_gmt":"2023-07-20T07:45:34","guid":{"rendered":"https:\/\/miumjau.ee\/toode\/draskykle-petrebels-victoria-125-kapucino\/"},"modified":"2026-01-07T20:52:58","modified_gmt":"2026-01-07T18:52:58","slug":"draskykle-petrebels-victoria-125-kapucino","status":"publish","type":"product","link":"https:\/\/miumjau.ee\/lt\/produktas\/draskykle-petrebels-victoria-125-kapucino\/","title":{"rendered":"Draskykl\u0117 Petrebels Victoria 125, kapu\u010dino"},"content":{"rendered":"","protected":false},"excerpt":{"rendered":"<p>Draskykl\u0117 kat\u0117ms vis\u0173 am\u017ei\u0173 \u2013 tinkama ka\u010diukams, vidutin\u0117ms kat\u0117ms, didel\u0117ms kat\u0117ms ir net vyresn\u0117ms. U\u017eima ma\u017eai vietos! Stulpai tvirti ir galingi, 12 cm skersmens, o platformos padengtos itin mink\u0161tu pliu\u0161u. \u010cia yra viskas, ko reikia katei \u2013 vieta draskymui, du vir\u0161uje esantys guoliai tinginiavimui, \u017eaidim\u0173 tunelis ir jaukus namelis pasisl\u0117pti.<\/p>\n<p>Ir pliu\u0161as, ir draskymo sisalis yra vienodos kapu\u010dino spalvos. NB: namelyje esantis mink\u0161tas kilim\u0117lis yra skalbiamas.<br \/>\nMatmenys: ilgis 48,5 cm, plotis 48,5 cm, auk\u0161tis 125 cm.<br \/>\nVir\u0161uje esantys guoliai \u2013 40\u00d740 cm ir 20 cm auk\u0161\u010dio (pakankamai auk\u0161ti, kad kat\u0117s nei\u0161krist\u0173 net miegodamos).<br \/>\nApatinis namelis 40\u00d740 cm ir 30 cm auk\u0161\u010dio.<br \/>\nSisalo storis 6 mm.<\/p>\n<p>Per\u017ei\u016br\u0117kite \u010dia 3D nuotrauk\u0105<br \/>\nPer\u017ei\u016br\u0117kite \u010dia trump\u0105 ir informatyv\u0173 vaizdo \u012fra\u0161\u0105 apie tikr\u0105 produkt\u0105 su kat\u0117mis<\/p>\n<p>Pakuot\u0117s matmenys 54 \u00d7 54 \u00d7 62 cm<br \/>\nGaminio svoris 22 kg<br \/>\nSvoris su pakuote 24 kg.<\/p>\n<p>Gamintojas PetRebels, olandi\u0161ka kokyb\u0117. Ypa\u010d kokybi\u0161kos ir patogios kat\u0117ms draskykl\u0117s, kurios tarnauja metus ir puo\u0161ia j\u016bs\u0173 namus. J\u016bs\u0173 kat\u0117 d\u0117kos!<\/p>\n","protected":false},"featured_media":42738,"template":"","meta":[],"product_brand":[],"product_cat":[513],"product_tag":[],"class_list":{"0":"post-42507","1":"product","2":"type-product","3":"status-publish","4":"has-post-thumbnail","6":"product_cat-vidutinio-dydzio-draskymo-medziai-petrebels","7":"product_shipping_class-pakiautomaati-sobimatu-lt","9":"first","10":"instock","11":"sale","12":"taxable","13":"shipping-taxable","14":"purchasable","15":"product-type-simple"},"yoast_head":"<!-- This site is optimized with the Yoast SEO plugin v27.4 - https:\/\/yoast.com\/product\/yoast-seo-wordpress\/ -->\n<title>Draskykl\u0117 Petrebels Victoria 125, kapu\u010dino - MiuMjau<\/title>\n<meta name=\"robots\" content=\"index, follow, max-snippet:-1, max-image-preview:large, max-video-preview:-1\" \/>\n<link rel=\"canonical\" href=\"https:\/\/miumjau.ee\/lt\/produktas\/draskykle-petrebels-victoria-125-kapucino\/\" \/>\n<meta property=\"og:locale\" content=\"lt_LT\" \/>\n<meta property=\"og:type\" content=\"article\" \/>\n<meta property=\"og:title\" content=\"Draskykl\u0117 Petrebels Victoria 125, kapu\u010dino - MiuMjau\" \/>\n<meta property=\"og:description\" content=\"Draskykl\u0117 kat\u0117ms vis\u0173 am\u017ei\u0173 \u2013 tinkama ka\u010diukams, vidutin\u0117ms kat\u0117ms, didel\u0117ms kat\u0117ms ir net vyresn\u0117ms. U\u017eima ma\u017eai vietos! Stulpai tvirti ir galingi, 12 cm skersmens, o platformos padengtos itin mink\u0161tu pliu\u0161u. \u010cia yra viskas, ko reikia katei \u2013 vieta draskymui, du vir\u0161uje esantys guoliai tinginiavimui, \u017eaidim\u0173 tunelis ir jaukus namelis pasisl\u0117pti. Ir pliu\u0161as, ir draskymo sisalis yra vienodos kapu\u010dino spalvos. NB: namelyje esantis mink\u0161tas kilim\u0117lis yra skalbiamas. Matmenys: ilgis 48,5 cm, plotis 48,5 cm, auk\u0161tis 125 cm. Vir\u0161uje esantys guoliai \u2013 40\u00d740 cm ir 20 cm auk\u0161\u010dio (pakankamai auk\u0161ti, kad kat\u0117s nei\u0161krist\u0173 net miegodamos). Apatinis namelis 40\u00d740 cm ir 30 cm auk\u0161\u010dio. Sisalo storis 6 mm. Per\u017ei\u016br\u0117kite \u010dia 3D nuotrauk\u0105 Per\u017ei\u016br\u0117kite \u010dia trump\u0105 ir informatyv\u0173 vaizdo \u012fra\u0161\u0105 apie tikr\u0105 produkt\u0105 su kat\u0117mis Pakuot\u0117s matmenys 54 \u00d7 54 \u00d7 62 cm Gaminio svoris 22 kg Svoris su pakuote 24 kg. Gamintojas PetRebels, olandi\u0161ka kokyb\u0117. Ypa\u010d kokybi\u0161kos ir patogios kat\u0117ms draskykl\u0117s, kurios tarnauja metus ir puo\u0161ia j\u016bs\u0173 namus. J\u016bs\u0173 kat\u0117 d\u0117kos!\" \/>\n<meta property=\"og:url\" content=\"https:\/\/miumjau.ee\/lt\/produktas\/draskykle-petrebels-victoria-125-kapucino\/\" \/>\n<meta property=\"og:site_name\" content=\"MiuMjau\" \/>\n<meta property=\"article:publisher\" content=\"https:\/\/www.facebook.com\/miumjaupood\/\" \/>\n<meta property=\"article:modified_time\" content=\"2026-01-07T18:52:58+00:00\" \/>\n<meta property=\"og:image\" content=\"https:\/\/miumjau.ee\/wp-content\/uploads\/2023\/07\/victoria125_cappuccino_kassi_kraapimispuu9.jpg\" \/>\n\t<meta property=\"og:image:width\" content=\"600\" \/>\n\t<meta property=\"og:image:height\" content=\"800\" \/>\n\t<meta property=\"og:image:type\" content=\"image\/jpeg\" \/>\n<meta name=\"twitter:card\" content=\"summary_large_image\" \/>\n<script type=\"application\/ld+json\" class=\"yoast-schema-graph\">{\"@context\":\"https:\\\/\\\/schema.org\",\"@graph\":[{\"@type\":\"WebPage\",\"@id\":\"https:\\\/\\\/miumjau.ee\\\/lt\\\/produktas\\\/draskykle-petrebels-victoria-125-kapucino\\\/\",\"url\":\"https:\\\/\\\/miumjau.ee\\\/lt\\\/produktas\\\/draskykle-petrebels-victoria-125-kapucino\\\/\",\"name\":\"Draskykl\u0117 Petrebels Victoria 125, kapu\u010dino - MiuMjau\",\"isPartOf\":{\"@id\":\"https:\\\/\\\/miumjau.ee\\\/#website\"},\"primaryImageOfPage\":{\"@id\":\"https:\\\/\\\/miumjau.ee\\\/lt\\\/produktas\\\/draskykle-petrebels-victoria-125-kapucino\\\/#primaryimage\"},\"image\":{\"@id\":\"https:\\\/\\\/miumjau.ee\\\/lt\\\/produktas\\\/draskykle-petrebels-victoria-125-kapucino\\\/#primaryimage\"},\"thumbnailUrl\":\"https:\\\/\\\/miumjau.ee\\\/wp-content\\\/uploads\\\/2023\\\/07\\\/victoria125_cappuccino_kassi_kraapimispuu9.jpg\",\"datePublished\":\"2023-07-20T07:45:34+00:00\",\"dateModified\":\"2026-01-07T18:52:58+00:00\",\"breadcrumb\":{\"@id\":\"https:\\\/\\\/miumjau.ee\\\/lt\\\/produktas\\\/draskykle-petrebels-victoria-125-kapucino\\\/#breadcrumb\"},\"inLanguage\":\"lt-LT\",\"potentialAction\":[{\"@type\":\"ReadAction\",\"target\":[\"https:\\\/\\\/miumjau.ee\\\/lt\\\/produktas\\\/draskykle-petrebels-victoria-125-kapucino\\\/\"]}]},{\"@type\":\"ImageObject\",\"inLanguage\":\"lt-LT\",\"@id\":\"https:\\\/\\\/miumjau.ee\\\/lt\\\/produktas\\\/draskykle-petrebels-victoria-125-kapucino\\\/#primaryimage\",\"url\":\"https:\\\/\\\/miumjau.ee\\\/wp-content\\\/uploads\\\/2023\\\/07\\\/victoria125_cappuccino_kassi_kraapimispuu9.jpg\",\"contentUrl\":\"https:\\\/\\\/miumjau.ee\\\/wp-content\\\/uploads\\\/2023\\\/07\\\/victoria125_cappuccino_kassi_kraapimispuu9.jpg\",\"width\":600,\"height\":800,\"caption\":\"Victoria 125 Cappuccino kassi kraapimispuu Petrebels\"},{\"@type\":\"BreadcrumbList\",\"@id\":\"https:\\\/\\\/miumjau.ee\\\/lt\\\/produktas\\\/draskykle-petrebels-victoria-125-kapucino\\\/#breadcrumb\",\"itemListElement\":[{\"@type\":\"ListItem\",\"position\":1,\"name\":\"Home\",\"item\":\"https:\\\/\\\/miumjau.ee\\\/lt\\\/\"},{\"@type\":\"ListItem\",\"position\":2,\"name\":\"Parduotuv\u0117\",\"item\":\"https:\\\/\\\/miumjau.ee\\\/lt\\\/parduotuve\\\/\"},{\"@type\":\"ListItem\",\"position\":3,\"name\":\"Draskykl\u0117 Petrebels Victoria 125, kapu\u010dino\"}]},{\"@type\":\"WebSite\",\"@id\":\"https:\\\/\\\/miumjau.ee\\\/#website\",\"url\":\"https:\\\/\\\/miumjau.ee\\\/\",\"name\":\"MiuMjau\",\"description\":\"Kraapimispuud kassidele\",\"publisher\":{\"@id\":\"https:\\\/\\\/miumjau.ee\\\/#organization\"},\"potentialAction\":[{\"@type\":\"SearchAction\",\"target\":{\"@type\":\"EntryPoint\",\"urlTemplate\":\"https:\\\/\\\/miumjau.ee\\\/?s={search_term_string}\"},\"query-input\":{\"@type\":\"PropertyValueSpecification\",\"valueRequired\":true,\"valueName\":\"search_term_string\"}}],\"inLanguage\":\"lt-LT\"},{\"@type\":\"Organization\",\"@id\":\"https:\\\/\\\/miumjau.ee\\\/#organization\",\"name\":\"MiuMjau O\u00dc\",\"url\":\"https:\\\/\\\/miumjau.ee\\\/\",\"logo\":{\"@type\":\"ImageObject\",\"inLanguage\":\"lt-LT\",\"@id\":\"https:\\\/\\\/miumjau.ee\\\/#\\\/schema\\\/logo\\\/image\\\/\",\"url\":\"https:\\\/\\\/miumjau.ee\\\/wp-content\\\/uploads\\\/2022\\\/04\\\/MiuMjau-logo-kollane.png\",\"contentUrl\":\"https:\\\/\\\/miumjau.ee\\\/wp-content\\\/uploads\\\/2022\\\/04\\\/MiuMjau-logo-kollane.png\",\"width\":219,\"height\":100,\"caption\":\"MiuMjau O\u00dc\"},\"image\":{\"@id\":\"https:\\\/\\\/miumjau.ee\\\/#\\\/schema\\\/logo\\\/image\\\/\"},\"sameAs\":[\"https:\\\/\\\/www.facebook.com\\\/miumjaupood\\\/\"]}]}<\/script>\n<!-- \/ Yoast SEO plugin. -->","yoast_head_json":{"title":"Draskykl\u0117 Petrebels Victoria 125, kapu\u010dino - MiuMjau","robots":{"index":"index","follow":"follow","max-snippet":"max-snippet:-1","max-image-preview":"max-image-preview:large","max-video-preview":"max-video-preview:-1"},"canonical":"https:\/\/miumjau.ee\/lt\/produktas\/draskykle-petrebels-victoria-125-kapucino\/","og_locale":"lt_LT","og_type":"article","og_title":"Draskykl\u0117 Petrebels Victoria 125, kapu\u010dino - MiuMjau","og_description":"Draskykl\u0117 kat\u0117ms vis\u0173 am\u017ei\u0173 \u2013 tinkama ka\u010diukams, vidutin\u0117ms kat\u0117ms, didel\u0117ms kat\u0117ms ir net vyresn\u0117ms. U\u017eima ma\u017eai vietos! Stulpai tvirti ir galingi, 12 cm skersmens, o platformos padengtos itin mink\u0161tu pliu\u0161u. \u010cia yra viskas, ko reikia katei \u2013 vieta draskymui, du vir\u0161uje esantys guoliai tinginiavimui, \u017eaidim\u0173 tunelis ir jaukus namelis pasisl\u0117pti. Ir pliu\u0161as, ir draskymo sisalis yra vienodos kapu\u010dino spalvos. NB: namelyje esantis mink\u0161tas kilim\u0117lis yra skalbiamas. Matmenys: ilgis 48,5 cm, plotis 48,5 cm, auk\u0161tis 125 cm. Vir\u0161uje esantys guoliai \u2013 40\u00d740 cm ir 20 cm auk\u0161\u010dio (pakankamai auk\u0161ti, kad kat\u0117s nei\u0161krist\u0173 net miegodamos). Apatinis namelis 40\u00d740 cm ir 30 cm auk\u0161\u010dio. Sisalo storis 6 mm. Per\u017ei\u016br\u0117kite \u010dia 3D nuotrauk\u0105 Per\u017ei\u016br\u0117kite \u010dia trump\u0105 ir informatyv\u0173 vaizdo \u012fra\u0161\u0105 apie tikr\u0105 produkt\u0105 su kat\u0117mis Pakuot\u0117s matmenys 54 \u00d7 54 \u00d7 62 cm Gaminio svoris 22 kg Svoris su pakuote 24 kg. Gamintojas PetRebels, olandi\u0161ka kokyb\u0117. Ypa\u010d kokybi\u0161kos ir patogios kat\u0117ms draskykl\u0117s, kurios tarnauja metus ir puo\u0161ia j\u016bs\u0173 namus. J\u016bs\u0173 kat\u0117 d\u0117kos!","og_url":"https:\/\/miumjau.ee\/lt\/produktas\/draskykle-petrebels-victoria-125-kapucino\/","og_site_name":"MiuMjau","article_publisher":"https:\/\/www.facebook.com\/miumjaupood\/","article_modified_time":"2026-01-07T18:52:58+00:00","og_image":[{"width":600,"height":800,"url":"https:\/\/miumjau.ee\/wp-content\/uploads\/2023\/07\/victoria125_cappuccino_kassi_kraapimispuu9.jpg","type":"image\/jpeg"}],"twitter_card":"summary_large_image","schema":{"@context":"https:\/\/schema.org","@graph":[{"@type":"WebPage","@id":"https:\/\/miumjau.ee\/lt\/produktas\/draskykle-petrebels-victoria-125-kapucino\/","url":"https:\/\/miumjau.ee\/lt\/produktas\/draskykle-petrebels-victoria-125-kapucino\/","name":"Draskykl\u0117 Petrebels Victoria 125, kapu\u010dino - MiuMjau","isPartOf":{"@id":"https:\/\/miumjau.ee\/#website"},"primaryImageOfPage":{"@id":"https:\/\/miumjau.ee\/lt\/produktas\/draskykle-petrebels-victoria-125-kapucino\/#primaryimage"},"image":{"@id":"https:\/\/miumjau.ee\/lt\/produktas\/draskykle-petrebels-victoria-125-kapucino\/#primaryimage"},"thumbnailUrl":"https:\/\/miumjau.ee\/wp-content\/uploads\/2023\/07\/victoria125_cappuccino_kassi_kraapimispuu9.jpg","datePublished":"2023-07-20T07:45:34+00:00","dateModified":"2026-01-07T18:52:58+00:00","breadcrumb":{"@id":"https:\/\/miumjau.ee\/lt\/produktas\/draskykle-petrebels-victoria-125-kapucino\/#breadcrumb"},"inLanguage":"lt-LT","potentialAction":[{"@type":"ReadAction","target":["https:\/\/miumjau.ee\/lt\/produktas\/draskykle-petrebels-victoria-125-kapucino\/"]}]},{"@type":"ImageObject","inLanguage":"lt-LT","@id":"https:\/\/miumjau.ee\/lt\/produktas\/draskykle-petrebels-victoria-125-kapucino\/#primaryimage","url":"https:\/\/miumjau.ee\/wp-content\/uploads\/2023\/07\/victoria125_cappuccino_kassi_kraapimispuu9.jpg","contentUrl":"https:\/\/miumjau.ee\/wp-content\/uploads\/2023\/07\/victoria125_cappuccino_kassi_kraapimispuu9.jpg","width":600,"height":800,"caption":"Victoria 125 Cappuccino kassi kraapimispuu Petrebels"},{"@type":"BreadcrumbList","@id":"https:\/\/miumjau.ee\/lt\/produktas\/draskykle-petrebels-victoria-125-kapucino\/#breadcrumb","itemListElement":[{"@type":"ListItem","position":1,"name":"Home","item":"https:\/\/miumjau.ee\/lt\/"},{"@type":"ListItem","position":2,"name":"Parduotuv\u0117","item":"https:\/\/miumjau.ee\/lt\/parduotuve\/"},{"@type":"ListItem","position":3,"name":"Draskykl\u0117 Petrebels Victoria 125, kapu\u010dino"}]},{"@type":"WebSite","@id":"https:\/\/miumjau.ee\/#website","url":"https:\/\/miumjau.ee\/","name":"MiuMjau","description":"Kraapimispuud kassidele","publisher":{"@id":"https:\/\/miumjau.ee\/#organization"},"potentialAction":[{"@type":"SearchAction","target":{"@type":"EntryPoint","urlTemplate":"https:\/\/miumjau.ee\/?s={search_term_string}"},"query-input":{"@type":"PropertyValueSpecification","valueRequired":true,"valueName":"search_term_string"}}],"inLanguage":"lt-LT"},{"@type":"Organization","@id":"https:\/\/miumjau.ee\/#organization","name":"MiuMjau O\u00dc","url":"https:\/\/miumjau.ee\/","logo":{"@type":"ImageObject","inLanguage":"lt-LT","@id":"https:\/\/miumjau.ee\/#\/schema\/logo\/image\/","url":"https:\/\/miumjau.ee\/wp-content\/uploads\/2022\/04\/MiuMjau-logo-kollane.png","contentUrl":"https:\/\/miumjau.ee\/wp-content\/uploads\/2022\/04\/MiuMjau-logo-kollane.png","width":219,"height":100,"caption":"MiuMjau O\u00dc"},"image":{"@id":"https:\/\/miumjau.ee\/#\/schema\/logo\/image\/"},"sameAs":["https:\/\/www.facebook.com\/miumjaupood\/"]}]}},"_links":{"self":[{"href":"https:\/\/miumjau.ee\/lt\/wp-json\/wp\/v2\/product\/42507","targetHints":{"allow":["GET"]}}],"collection":[{"href":"https:\/\/miumjau.ee\/lt\/wp-json\/wp\/v2\/product"}],"about":[{"href":"https:\/\/miumjau.ee\/lt\/wp-json\/wp\/v2\/types\/product"}],"wp:featuredmedia":[{"embeddable":true,"href":"https:\/\/miumjau.ee\/lt\/wp-json\/wp\/v2\/media\/42738"}],"wp:attachment":[{"href":"https:\/\/miumjau.ee\/lt\/wp-json\/wp\/v2\/media?parent=42507"}],"wp:term":[{"taxonomy":"product_brand","embeddable":true,"href":"https:\/\/miumjau.ee\/lt\/wp-json\/wp\/v2\/product_brand?post=42507"},{"taxonomy":"product_cat","embeddable":true,"href":"https:\/\/miumjau.ee\/lt\/wp-json\/wp\/v2\/product_cat?post=42507"},{"taxonomy":"product_tag","embeddable":true,"href":"https:\/\/miumjau.ee\/lt\/wp-json\/wp\/v2\/product_tag?post=42507"}],"curies":[{"name":"wp","href":"https:\/\/api.w.org\/{rel}","templated":true}]}}