{"id":42506,"date":"2023-02-18T17:31:25","date_gmt":"2023-02-18T15:31:25","guid":{"rendered":"https:\/\/miumjau.ee\/toode\/kates-laipiojimo-medis-18007-170-cm\/"},"modified":"2026-01-07T20:52:58","modified_gmt":"2026-01-07T18:52:58","slug":"kates-laipiojimo-medis-18007-170-cm","status":"publish","type":"product","link":"https:\/\/miumjau.ee\/lt\/produktas\/kates-laipiojimo-medis-18007-170-cm\/","title":{"rendered":"Kat\u0117s laipiojimo medis 18007, 170 cm"},"content":{"rendered":"","protected":false},"excerpt":{"rendered":"<p>Kat\u0117s draskykl\u0117 18007 (sm\u0117lin\u0117) parinkta specialiai toms kat\u0117ms, kurios labai m\u0117gsta auk\u0161t\u012f, ta\u010diau \u0161eiminink\u0173 namuose n\u0117ra daug vietos \u012f plot\u012f. \u0160is gaminys sukonstruotas turint omenyje auk\u0161t\u012f. Draskykl\u0117 labai stabili ir lengvai neapvirsta! Daug draskymo viet\u0173, namelis sl\u0117pimuisi ir gul\u0117jimui, i\u0161siki\u0161\u0119s guolis miegojimui kamuoliuke, \u012fvair\u016bs lygi\u0173 auk\u0161\u010diai pasisl\u0117pti, pavyzd\u017eiui, nuo \u0161un\u0173. \u0160ioje draskykl\u0117je yra viskas, ko reikia vienai ar kelioms kat\u0117ms. Galima atvykti pa\u017ei\u016br\u0117ti pavyzd\u017eio.<\/p>\n<p>Auk\u0161tis 170 cm<br \/>\nPagrindo matmuo: 55,5 \u00d7 55,5 cm<br \/>\nI\u0161siki\u0161usio guolio skersmuo 28 cm<br \/>\nVir\u0161uje esanti platforma i\u0161or\u0117je 30 cm, viduje 20 cm skersmens.<\/p>\n<p>Gaminio svoris: 18,2 kg<br \/>\nSvoris su pakuote: 19,4 kg<br \/>\nPakuot\u0117s matmenys: 58 \u00d7 58 \u00d7 28 cm<\/p>\n","protected":false},"featured_media":42729,"template":"","meta":[],"product_brand":[],"product_cat":[510],"product_tag":[],"class_list":{"0":"post-42506","1":"product","2":"type-product","3":"status-publish","4":"has-post-thumbnail","6":"product_cat-dideli-draskymo-medziai","7":"product_shipping_class-pakiautomaati-sobimatu-lt","9":"first","10":"instock","11":"sale","12":"taxable","13":"shipping-taxable","14":"purchasable","15":"product-type-simple"},"yoast_head":"<!-- This site is optimized with the Yoast SEO plugin v27.2 - https:\/\/yoast.com\/product\/yoast-seo-wordpress\/ -->\n<title>Kat\u0117s laipiojimo medis 18007, 170 cm - MiuMjau<\/title>\n<meta name=\"robots\" content=\"index, follow, max-snippet:-1, max-image-preview:large, max-video-preview:-1\" \/>\n<link rel=\"canonical\" href=\"https:\/\/miumjau.ee\/lt\/produktas\/kates-laipiojimo-medis-18007-170-cm\/\" \/>\n<meta property=\"og:locale\" content=\"lt_LT\" \/>\n<meta property=\"og:type\" content=\"article\" \/>\n<meta property=\"og:title\" content=\"Kat\u0117s laipiojimo medis 18007, 170 cm - MiuMjau\" \/>\n<meta property=\"og:description\" content=\"Kat\u0117s draskykl\u0117 18007 (sm\u0117lin\u0117) parinkta specialiai toms kat\u0117ms, kurios labai m\u0117gsta auk\u0161t\u012f, ta\u010diau \u0161eiminink\u0173 namuose n\u0117ra daug vietos \u012f plot\u012f. \u0160is gaminys sukonstruotas turint omenyje auk\u0161t\u012f. Draskykl\u0117 labai stabili ir lengvai neapvirsta! Daug draskymo viet\u0173, namelis sl\u0117pimuisi ir gul\u0117jimui, i\u0161siki\u0161\u0119s guolis miegojimui kamuoliuke, \u012fvair\u016bs lygi\u0173 auk\u0161\u010diai pasisl\u0117pti, pavyzd\u017eiui, nuo \u0161un\u0173. \u0160ioje draskykl\u0117je yra viskas, ko reikia vienai ar kelioms kat\u0117ms. Galima atvykti pa\u017ei\u016br\u0117ti pavyzd\u017eio. Auk\u0161tis 170 cm Pagrindo matmuo: 55,5 \u00d7 55,5 cm I\u0161siki\u0161usio guolio skersmuo 28 cm Vir\u0161uje esanti platforma i\u0161or\u0117je 30 cm, viduje 20 cm skersmens. Gaminio svoris: 18,2 kg Svoris su pakuote: 19,4 kg Pakuot\u0117s matmenys: 58 \u00d7 58 \u00d7 28 cm\" \/>\n<meta property=\"og:url\" content=\"https:\/\/miumjau.ee\/lt\/produktas\/kates-laipiojimo-medis-18007-170-cm\/\" \/>\n<meta property=\"og:site_name\" content=\"MiuMjau\" \/>\n<meta property=\"article:publisher\" content=\"https:\/\/www.facebook.com\/miumjaupood\/\" \/>\n<meta property=\"article:modified_time\" content=\"2026-01-07T18:52:58+00:00\" \/>\n<meta property=\"og:image\" content=\"https:\/\/miumjau.ee\/wp-content\/uploads\/2023\/02\/KRAAPIMISPUU_180072.jpg\" \/>\n\t<meta property=\"og:image:width\" content=\"600\" \/>\n\t<meta property=\"og:image:height\" content=\"600\" \/>\n\t<meta property=\"og:image:type\" content=\"image\/jpeg\" \/>\n<meta name=\"twitter:card\" content=\"summary_large_image\" \/>\n<script type=\"application\/ld+json\" class=\"yoast-schema-graph\">{\"@context\":\"https:\/\/schema.org\",\"@graph\":[{\"@type\":\"WebPage\",\"@id\":\"https:\/\/miumjau.ee\/lt\/produktas\/kates-laipiojimo-medis-18007-170-cm\/\",\"url\":\"https:\/\/miumjau.ee\/lt\/produktas\/kates-laipiojimo-medis-18007-170-cm\/\",\"name\":\"Kat\u0117s laipiojimo medis 18007, 170 cm - MiuMjau\",\"isPartOf\":{\"@id\":\"https:\/\/miumjau.ee\/#website\"},\"primaryImageOfPage\":{\"@id\":\"https:\/\/miumjau.ee\/lt\/produktas\/kates-laipiojimo-medis-18007-170-cm\/#primaryimage\"},\"image\":{\"@id\":\"https:\/\/miumjau.ee\/lt\/produktas\/kates-laipiojimo-medis-18007-170-cm\/#primaryimage\"},\"thumbnailUrl\":\"https:\/\/miumjau.ee\/wp-content\/uploads\/2023\/02\/KRAAPIMISPUU_180072.jpg\",\"datePublished\":\"2023-02-18T15:31:25+00:00\",\"dateModified\":\"2026-01-07T18:52:58+00:00\",\"breadcrumb\":{\"@id\":\"https:\/\/miumjau.ee\/lt\/produktas\/kates-laipiojimo-medis-18007-170-cm\/#breadcrumb\"},\"inLanguage\":\"lt-LT\",\"potentialAction\":[{\"@type\":\"ReadAction\",\"target\":[\"https:\/\/miumjau.ee\/lt\/produktas\/kates-laipiojimo-medis-18007-170-cm\/\"]}]},{\"@type\":\"ImageObject\",\"inLanguage\":\"lt-LT\",\"@id\":\"https:\/\/miumjau.ee\/lt\/produktas\/kates-laipiojimo-medis-18007-170-cm\/#primaryimage\",\"url\":\"https:\/\/miumjau.ee\/wp-content\/uploads\/2023\/02\/KRAAPIMISPUU_180072.jpg\",\"contentUrl\":\"https:\/\/miumjau.ee\/wp-content\/uploads\/2023\/02\/KRAAPIMISPUU_180072.jpg\",\"width\":600,\"height\":600,\"caption\":\"kraapimispuu 18007\"},{\"@type\":\"BreadcrumbList\",\"@id\":\"https:\/\/miumjau.ee\/lt\/produktas\/kates-laipiojimo-medis-18007-170-cm\/#breadcrumb\",\"itemListElement\":[{\"@type\":\"ListItem\",\"position\":1,\"name\":\"Home\",\"item\":\"https:\/\/miumjau.ee\/lt\/\"},{\"@type\":\"ListItem\",\"position\":2,\"name\":\"Parduotuv\u0117\",\"item\":\"https:\/\/miumjau.ee\/lt\/parduotuve\/\"},{\"@type\":\"ListItem\",\"position\":3,\"name\":\"Kat\u0117s laipiojimo medis 18007, 170 cm\"}]},{\"@type\":\"WebSite\",\"@id\":\"https:\/\/miumjau.ee\/#website\",\"url\":\"https:\/\/miumjau.ee\/\",\"name\":\"MiuMjau\",\"description\":\"Kraapimispuud kassidele\",\"publisher\":{\"@id\":\"https:\/\/miumjau.ee\/#organization\"},\"potentialAction\":[{\"@type\":\"SearchAction\",\"target\":{\"@type\":\"EntryPoint\",\"urlTemplate\":\"https:\/\/miumjau.ee\/?s={search_term_string}\"},\"query-input\":{\"@type\":\"PropertyValueSpecification\",\"valueRequired\":true,\"valueName\":\"search_term_string\"}}],\"inLanguage\":\"lt-LT\"},{\"@type\":\"Organization\",\"@id\":\"https:\/\/miumjau.ee\/#organization\",\"name\":\"MiuMjau O\u00dc\",\"url\":\"https:\/\/miumjau.ee\/\",\"logo\":{\"@type\":\"ImageObject\",\"inLanguage\":\"lt-LT\",\"@id\":\"https:\/\/miumjau.ee\/#\/schema\/logo\/image\/\",\"url\":\"https:\/\/miumjau.ee\/wp-content\/uploads\/2022\/04\/MiuMjau-logo-kollane.png\",\"contentUrl\":\"https:\/\/miumjau.ee\/wp-content\/uploads\/2022\/04\/MiuMjau-logo-kollane.png\",\"width\":219,\"height\":100,\"caption\":\"MiuMjau O\u00dc\"},\"image\":{\"@id\":\"https:\/\/miumjau.ee\/#\/schema\/logo\/image\/\"},\"sameAs\":[\"https:\/\/www.facebook.com\/miumjaupood\/\"]}]}<\/script>\n<!-- \/ Yoast SEO plugin. -->","yoast_head_json":{"title":"Kat\u0117s laipiojimo medis 18007, 170 cm - MiuMjau","robots":{"index":"index","follow":"follow","max-snippet":"max-snippet:-1","max-image-preview":"max-image-preview:large","max-video-preview":"max-video-preview:-1"},"canonical":"https:\/\/miumjau.ee\/lt\/produktas\/kates-laipiojimo-medis-18007-170-cm\/","og_locale":"lt_LT","og_type":"article","og_title":"Kat\u0117s laipiojimo medis 18007, 170 cm - MiuMjau","og_description":"Kat\u0117s draskykl\u0117 18007 (sm\u0117lin\u0117) parinkta specialiai toms kat\u0117ms, kurios labai m\u0117gsta auk\u0161t\u012f, ta\u010diau \u0161eiminink\u0173 namuose n\u0117ra daug vietos \u012f plot\u012f. \u0160is gaminys sukonstruotas turint omenyje auk\u0161t\u012f. Draskykl\u0117 labai stabili ir lengvai neapvirsta! Daug draskymo viet\u0173, namelis sl\u0117pimuisi ir gul\u0117jimui, i\u0161siki\u0161\u0119s guolis miegojimui kamuoliuke, \u012fvair\u016bs lygi\u0173 auk\u0161\u010diai pasisl\u0117pti, pavyzd\u017eiui, nuo \u0161un\u0173. \u0160ioje draskykl\u0117je yra viskas, ko reikia vienai ar kelioms kat\u0117ms. Galima atvykti pa\u017ei\u016br\u0117ti pavyzd\u017eio. Auk\u0161tis 170 cm Pagrindo matmuo: 55,5 \u00d7 55,5 cm I\u0161siki\u0161usio guolio skersmuo 28 cm Vir\u0161uje esanti platforma i\u0161or\u0117je 30 cm, viduje 20 cm skersmens. Gaminio svoris: 18,2 kg Svoris su pakuote: 19,4 kg Pakuot\u0117s matmenys: 58 \u00d7 58 \u00d7 28 cm","og_url":"https:\/\/miumjau.ee\/lt\/produktas\/kates-laipiojimo-medis-18007-170-cm\/","og_site_name":"MiuMjau","article_publisher":"https:\/\/www.facebook.com\/miumjaupood\/","article_modified_time":"2026-01-07T18:52:58+00:00","og_image":[{"width":600,"height":600,"url":"https:\/\/miumjau.ee\/wp-content\/uploads\/2023\/02\/KRAAPIMISPUU_180072.jpg","type":"image\/jpeg"}],"twitter_card":"summary_large_image","schema":{"@context":"https:\/\/schema.org","@graph":[{"@type":"WebPage","@id":"https:\/\/miumjau.ee\/lt\/produktas\/kates-laipiojimo-medis-18007-170-cm\/","url":"https:\/\/miumjau.ee\/lt\/produktas\/kates-laipiojimo-medis-18007-170-cm\/","name":"Kat\u0117s laipiojimo medis 18007, 170 cm - MiuMjau","isPartOf":{"@id":"https:\/\/miumjau.ee\/#website"},"primaryImageOfPage":{"@id":"https:\/\/miumjau.ee\/lt\/produktas\/kates-laipiojimo-medis-18007-170-cm\/#primaryimage"},"image":{"@id":"https:\/\/miumjau.ee\/lt\/produktas\/kates-laipiojimo-medis-18007-170-cm\/#primaryimage"},"thumbnailUrl":"https:\/\/miumjau.ee\/wp-content\/uploads\/2023\/02\/KRAAPIMISPUU_180072.jpg","datePublished":"2023-02-18T15:31:25+00:00","dateModified":"2026-01-07T18:52:58+00:00","breadcrumb":{"@id":"https:\/\/miumjau.ee\/lt\/produktas\/kates-laipiojimo-medis-18007-170-cm\/#breadcrumb"},"inLanguage":"lt-LT","potentialAction":[{"@type":"ReadAction","target":["https:\/\/miumjau.ee\/lt\/produktas\/kates-laipiojimo-medis-18007-170-cm\/"]}]},{"@type":"ImageObject","inLanguage":"lt-LT","@id":"https:\/\/miumjau.ee\/lt\/produktas\/kates-laipiojimo-medis-18007-170-cm\/#primaryimage","url":"https:\/\/miumjau.ee\/wp-content\/uploads\/2023\/02\/KRAAPIMISPUU_180072.jpg","contentUrl":"https:\/\/miumjau.ee\/wp-content\/uploads\/2023\/02\/KRAAPIMISPUU_180072.jpg","width":600,"height":600,"caption":"kraapimispuu 18007"},{"@type":"BreadcrumbList","@id":"https:\/\/miumjau.ee\/lt\/produktas\/kates-laipiojimo-medis-18007-170-cm\/#breadcrumb","itemListElement":[{"@type":"ListItem","position":1,"name":"Home","item":"https:\/\/miumjau.ee\/lt\/"},{"@type":"ListItem","position":2,"name":"Parduotuv\u0117","item":"https:\/\/miumjau.ee\/lt\/parduotuve\/"},{"@type":"ListItem","position":3,"name":"Kat\u0117s laipiojimo medis 18007, 170 cm"}]},{"@type":"WebSite","@id":"https:\/\/miumjau.ee\/#website","url":"https:\/\/miumjau.ee\/","name":"MiuMjau","description":"Kraapimispuud kassidele","publisher":{"@id":"https:\/\/miumjau.ee\/#organization"},"potentialAction":[{"@type":"SearchAction","target":{"@type":"EntryPoint","urlTemplate":"https:\/\/miumjau.ee\/?s={search_term_string}"},"query-input":{"@type":"PropertyValueSpecification","valueRequired":true,"valueName":"search_term_string"}}],"inLanguage":"lt-LT"},{"@type":"Organization","@id":"https:\/\/miumjau.ee\/#organization","name":"MiuMjau O\u00dc","url":"https:\/\/miumjau.ee\/","logo":{"@type":"ImageObject","inLanguage":"lt-LT","@id":"https:\/\/miumjau.ee\/#\/schema\/logo\/image\/","url":"https:\/\/miumjau.ee\/wp-content\/uploads\/2022\/04\/MiuMjau-logo-kollane.png","contentUrl":"https:\/\/miumjau.ee\/wp-content\/uploads\/2022\/04\/MiuMjau-logo-kollane.png","width":219,"height":100,"caption":"MiuMjau O\u00dc"},"image":{"@id":"https:\/\/miumjau.ee\/#\/schema\/logo\/image\/"},"sameAs":["https:\/\/www.facebook.com\/miumjaupood\/"]}]}},"_links":{"self":[{"href":"https:\/\/miumjau.ee\/lt\/wp-json\/wp\/v2\/product\/42506","targetHints":{"allow":["GET"]}}],"collection":[{"href":"https:\/\/miumjau.ee\/lt\/wp-json\/wp\/v2\/product"}],"about":[{"href":"https:\/\/miumjau.ee\/lt\/wp-json\/wp\/v2\/types\/product"}],"wp:featuredmedia":[{"embeddable":true,"href":"https:\/\/miumjau.ee\/lt\/wp-json\/wp\/v2\/media\/42729"}],"wp:attachment":[{"href":"https:\/\/miumjau.ee\/lt\/wp-json\/wp\/v2\/media?parent=42506"}],"wp:term":[{"taxonomy":"product_brand","embeddable":true,"href":"https:\/\/miumjau.ee\/lt\/wp-json\/wp\/v2\/product_brand?post=42506"},{"taxonomy":"product_cat","embeddable":true,"href":"https:\/\/miumjau.ee\/lt\/wp-json\/wp\/v2\/product_cat?post=42506"},{"taxonomy":"product_tag","embeddable":true,"href":"https:\/\/miumjau.ee\/lt\/wp-json\/wp\/v2\/product_tag?post=42506"}],"curies":[{"name":"wp","href":"https:\/\/api.w.org\/{rel}","templated":true}]}}