{"id":42504,"date":"2023-01-16T07:35:35","date_gmt":"2023-01-16T07:35:35","guid":{"rendered":"https:\/\/miumjau.ee\/toode\/kates-zaislas-lazdele-su-plunksnomis-neonine\/"},"modified":"2026-01-07T20:53:05","modified_gmt":"2026-01-07T18:53:05","slug":"kates-zaislas-lazdele-su-plunksnomis-neonine","status":"publish","type":"product","link":"https:\/\/miumjau.ee\/lt\/produktas\/kates-zaislas-lazdele-su-plunksnomis-neonine\/","title":{"rendered":"Kat\u0117s \u017eaislas, lazdel\u0117 su plunksnomis, neonin\u0117"},"content":{"rendered":"","protected":false},"excerpt":{"rendered":"<p>Kat\u0117s \u017eaislas, skirtas \u017eaisti kartu su kate. Vilkite lazdel\u0119 per \u017eem\u0119 ar ore \u2013 kat\u0117 j\u0105 vytis. Galima naudoti trump\u0105 (40 cm lazdel\u0117) arba atlaisvinti virvel\u0119 \u2013 tuomet ji tampa plasnojantis plunksn\u0173 kamu\u0161ulys, primenantis grob\u012f. Atlaisvinus virvel\u0119, jos ilgis apie 41 cm. Plunksn\u0173 ilgis iki 18 cm. Bendras ilgis su atlaisvinta virve ir plunksnomis 98\u2013101 cm.<\/p>\n<p>Kadangi plunksnos \u012fpintos \u012f n\u0117rini\u0173 juostel\u0119 ir kat\u0117s linkusios \u017eaisl\u0105 labai intensyviai atakuoti, \u0161is \u017eaislas n\u0117ra labai ilgaam\u017eis, ta\u010diau suteikia daug d\u017eiaugsmo. \u017dinoma, tai \u012fskai\u010diuota \u012f kain\u0105 \ud83d\ude42<\/p>\n<p>Spalva atsitiktin\u0117.<br \/>\nI\u0161 karto sand\u0117lyje!<\/p>\n","protected":false},"featured_media":42713,"template":"","meta":[],"product_brand":[],"product_cat":[520],"product_tag":[],"class_list":{"0":"post-42504","1":"product","2":"type-product","3":"status-publish","4":"has-post-thumbnail","6":"product_cat-kaciu-zaislai","8":"first","9":"instock","10":"taxable","11":"shipping-taxable","12":"purchasable","13":"product-type-simple"},"yoast_head":"<!-- This site is optimized with the Yoast SEO plugin v27.2 - https:\/\/yoast.com\/product\/yoast-seo-wordpress\/ -->\n<title>Kat\u0117s \u017eaislas, lazdel\u0117 su plunksnomis, neonin\u0117 - MiuMjau<\/title>\n<meta name=\"robots\" content=\"index, follow, max-snippet:-1, max-image-preview:large, max-video-preview:-1\" \/>\n<link rel=\"canonical\" href=\"https:\/\/miumjau.ee\/lt\/produktas\/kates-zaislas-lazdele-su-plunksnomis-neonine\/\" \/>\n<meta property=\"og:locale\" content=\"lt_LT\" \/>\n<meta property=\"og:type\" content=\"article\" \/>\n<meta property=\"og:title\" content=\"Kat\u0117s \u017eaislas, lazdel\u0117 su plunksnomis, neonin\u0117 - MiuMjau\" \/>\n<meta property=\"og:description\" content=\"Kat\u0117s \u017eaislas, skirtas \u017eaisti kartu su kate. Vilkite lazdel\u0119 per \u017eem\u0119 ar ore \u2013 kat\u0117 j\u0105 vytis. Galima naudoti trump\u0105 (40 cm lazdel\u0117) arba atlaisvinti virvel\u0119 \u2013 tuomet ji tampa plasnojantis plunksn\u0173 kamu\u0161ulys, primenantis grob\u012f. Atlaisvinus virvel\u0119, jos ilgis apie 41 cm. Plunksn\u0173 ilgis iki 18 cm. Bendras ilgis su atlaisvinta virve ir plunksnomis 98\u2013101 cm. Kadangi plunksnos \u012fpintos \u012f n\u0117rini\u0173 juostel\u0119 ir kat\u0117s linkusios \u017eaisl\u0105 labai intensyviai atakuoti, \u0161is \u017eaislas n\u0117ra labai ilgaam\u017eis, ta\u010diau suteikia daug d\u017eiaugsmo. \u017dinoma, tai \u012fskai\u010diuota \u012f kain\u0105 :) Spalva atsitiktin\u0117. I\u0161 karto sand\u0117lyje!\" \/>\n<meta property=\"og:url\" content=\"https:\/\/miumjau.ee\/lt\/produktas\/kates-zaislas-lazdele-su-plunksnomis-neonine\/\" \/>\n<meta property=\"og:site_name\" content=\"MiuMjau\" \/>\n<meta property=\"article:publisher\" content=\"https:\/\/www.facebook.com\/miumjaupood\/\" \/>\n<meta property=\"article:modified_time\" content=\"2026-01-07T18:53:05+00:00\" \/>\n<meta property=\"og:image\" content=\"https:\/\/miumjau.ee\/wp-content\/uploads\/2023\/01\/kassi_manguasi_suled5.jpg\" \/>\n\t<meta property=\"og:image:width\" content=\"600\" \/>\n\t<meta property=\"og:image:height\" content=\"600\" \/>\n\t<meta property=\"og:image:type\" content=\"image\/jpeg\" \/>\n<meta name=\"twitter:card\" content=\"summary_large_image\" \/>\n<script type=\"application\/ld+json\" class=\"yoast-schema-graph\">{\"@context\":\"https:\/\/schema.org\",\"@graph\":[{\"@type\":\"WebPage\",\"@id\":\"https:\/\/miumjau.ee\/lt\/produktas\/kates-zaislas-lazdele-su-plunksnomis-neonine\/\",\"url\":\"https:\/\/miumjau.ee\/lt\/produktas\/kates-zaislas-lazdele-su-plunksnomis-neonine\/\",\"name\":\"Kat\u0117s \u017eaislas, lazdel\u0117 su plunksnomis, neonin\u0117 - MiuMjau\",\"isPartOf\":{\"@id\":\"https:\/\/miumjau.ee\/#website\"},\"primaryImageOfPage\":{\"@id\":\"https:\/\/miumjau.ee\/lt\/produktas\/kates-zaislas-lazdele-su-plunksnomis-neonine\/#primaryimage\"},\"image\":{\"@id\":\"https:\/\/miumjau.ee\/lt\/produktas\/kates-zaislas-lazdele-su-plunksnomis-neonine\/#primaryimage\"},\"thumbnailUrl\":\"https:\/\/miumjau.ee\/wp-content\/uploads\/2023\/01\/kassi_manguasi_suled5.jpg\",\"datePublished\":\"2023-01-16T07:35:35+00:00\",\"dateModified\":\"2026-01-07T18:53:05+00:00\",\"breadcrumb\":{\"@id\":\"https:\/\/miumjau.ee\/lt\/produktas\/kates-zaislas-lazdele-su-plunksnomis-neonine\/#breadcrumb\"},\"inLanguage\":\"lt-LT\",\"potentialAction\":[{\"@type\":\"ReadAction\",\"target\":[\"https:\/\/miumjau.ee\/lt\/produktas\/kates-zaislas-lazdele-su-plunksnomis-neonine\/\"]}]},{\"@type\":\"ImageObject\",\"inLanguage\":\"lt-LT\",\"@id\":\"https:\/\/miumjau.ee\/lt\/produktas\/kates-zaislas-lazdele-su-plunksnomis-neonine\/#primaryimage\",\"url\":\"https:\/\/miumjau.ee\/wp-content\/uploads\/2023\/01\/kassi_manguasi_suled5.jpg\",\"contentUrl\":\"https:\/\/miumjau.ee\/wp-content\/uploads\/2023\/01\/kassi_manguasi_suled5.jpg\",\"width\":600,\"height\":600,\"caption\":\"Kassi m\u00e4nguasi, pulk sulgedega\"},{\"@type\":\"BreadcrumbList\",\"@id\":\"https:\/\/miumjau.ee\/lt\/produktas\/kates-zaislas-lazdele-su-plunksnomis-neonine\/#breadcrumb\",\"itemListElement\":[{\"@type\":\"ListItem\",\"position\":1,\"name\":\"Home\",\"item\":\"https:\/\/miumjau.ee\/lt\/\"},{\"@type\":\"ListItem\",\"position\":2,\"name\":\"Parduotuv\u0117\",\"item\":\"https:\/\/miumjau.ee\/lt\/parduotuve\/\"},{\"@type\":\"ListItem\",\"position\":3,\"name\":\"Kat\u0117s \u017eaislas, lazdel\u0117 su plunksnomis, neonin\u0117\"}]},{\"@type\":\"WebSite\",\"@id\":\"https:\/\/miumjau.ee\/#website\",\"url\":\"https:\/\/miumjau.ee\/\",\"name\":\"MiuMjau\",\"description\":\"Kraapimispuud kassidele\",\"publisher\":{\"@id\":\"https:\/\/miumjau.ee\/#organization\"},\"potentialAction\":[{\"@type\":\"SearchAction\",\"target\":{\"@type\":\"EntryPoint\",\"urlTemplate\":\"https:\/\/miumjau.ee\/?s={search_term_string}\"},\"query-input\":{\"@type\":\"PropertyValueSpecification\",\"valueRequired\":true,\"valueName\":\"search_term_string\"}}],\"inLanguage\":\"lt-LT\"},{\"@type\":\"Organization\",\"@id\":\"https:\/\/miumjau.ee\/#organization\",\"name\":\"MiuMjau O\u00dc\",\"url\":\"https:\/\/miumjau.ee\/\",\"logo\":{\"@type\":\"ImageObject\",\"inLanguage\":\"lt-LT\",\"@id\":\"https:\/\/miumjau.ee\/#\/schema\/logo\/image\/\",\"url\":\"https:\/\/miumjau.ee\/wp-content\/uploads\/2022\/04\/MiuMjau-logo-kollane.png\",\"contentUrl\":\"https:\/\/miumjau.ee\/wp-content\/uploads\/2022\/04\/MiuMjau-logo-kollane.png\",\"width\":219,\"height\":100,\"caption\":\"MiuMjau O\u00dc\"},\"image\":{\"@id\":\"https:\/\/miumjau.ee\/#\/schema\/logo\/image\/\"},\"sameAs\":[\"https:\/\/www.facebook.com\/miumjaupood\/\"]}]}<\/script>\n<!-- \/ Yoast SEO plugin. -->","yoast_head_json":{"title":"Kat\u0117s \u017eaislas, lazdel\u0117 su plunksnomis, neonin\u0117 - MiuMjau","robots":{"index":"index","follow":"follow","max-snippet":"max-snippet:-1","max-image-preview":"max-image-preview:large","max-video-preview":"max-video-preview:-1"},"canonical":"https:\/\/miumjau.ee\/lt\/produktas\/kates-zaislas-lazdele-su-plunksnomis-neonine\/","og_locale":"lt_LT","og_type":"article","og_title":"Kat\u0117s \u017eaislas, lazdel\u0117 su plunksnomis, neonin\u0117 - MiuMjau","og_description":"Kat\u0117s \u017eaislas, skirtas \u017eaisti kartu su kate. Vilkite lazdel\u0119 per \u017eem\u0119 ar ore \u2013 kat\u0117 j\u0105 vytis. Galima naudoti trump\u0105 (40 cm lazdel\u0117) arba atlaisvinti virvel\u0119 \u2013 tuomet ji tampa plasnojantis plunksn\u0173 kamu\u0161ulys, primenantis grob\u012f. Atlaisvinus virvel\u0119, jos ilgis apie 41 cm. Plunksn\u0173 ilgis iki 18 cm. Bendras ilgis su atlaisvinta virve ir plunksnomis 98\u2013101 cm. Kadangi plunksnos \u012fpintos \u012f n\u0117rini\u0173 juostel\u0119 ir kat\u0117s linkusios \u017eaisl\u0105 labai intensyviai atakuoti, \u0161is \u017eaislas n\u0117ra labai ilgaam\u017eis, ta\u010diau suteikia daug d\u017eiaugsmo. \u017dinoma, tai \u012fskai\u010diuota \u012f kain\u0105 :) Spalva atsitiktin\u0117. I\u0161 karto sand\u0117lyje!","og_url":"https:\/\/miumjau.ee\/lt\/produktas\/kates-zaislas-lazdele-su-plunksnomis-neonine\/","og_site_name":"MiuMjau","article_publisher":"https:\/\/www.facebook.com\/miumjaupood\/","article_modified_time":"2026-01-07T18:53:05+00:00","og_image":[{"width":600,"height":600,"url":"https:\/\/miumjau.ee\/wp-content\/uploads\/2023\/01\/kassi_manguasi_suled5.jpg","type":"image\/jpeg"}],"twitter_card":"summary_large_image","schema":{"@context":"https:\/\/schema.org","@graph":[{"@type":"WebPage","@id":"https:\/\/miumjau.ee\/lt\/produktas\/kates-zaislas-lazdele-su-plunksnomis-neonine\/","url":"https:\/\/miumjau.ee\/lt\/produktas\/kates-zaislas-lazdele-su-plunksnomis-neonine\/","name":"Kat\u0117s \u017eaislas, lazdel\u0117 su plunksnomis, neonin\u0117 - MiuMjau","isPartOf":{"@id":"https:\/\/miumjau.ee\/#website"},"primaryImageOfPage":{"@id":"https:\/\/miumjau.ee\/lt\/produktas\/kates-zaislas-lazdele-su-plunksnomis-neonine\/#primaryimage"},"image":{"@id":"https:\/\/miumjau.ee\/lt\/produktas\/kates-zaislas-lazdele-su-plunksnomis-neonine\/#primaryimage"},"thumbnailUrl":"https:\/\/miumjau.ee\/wp-content\/uploads\/2023\/01\/kassi_manguasi_suled5.jpg","datePublished":"2023-01-16T07:35:35+00:00","dateModified":"2026-01-07T18:53:05+00:00","breadcrumb":{"@id":"https:\/\/miumjau.ee\/lt\/produktas\/kates-zaislas-lazdele-su-plunksnomis-neonine\/#breadcrumb"},"inLanguage":"lt-LT","potentialAction":[{"@type":"ReadAction","target":["https:\/\/miumjau.ee\/lt\/produktas\/kates-zaislas-lazdele-su-plunksnomis-neonine\/"]}]},{"@type":"ImageObject","inLanguage":"lt-LT","@id":"https:\/\/miumjau.ee\/lt\/produktas\/kates-zaislas-lazdele-su-plunksnomis-neonine\/#primaryimage","url":"https:\/\/miumjau.ee\/wp-content\/uploads\/2023\/01\/kassi_manguasi_suled5.jpg","contentUrl":"https:\/\/miumjau.ee\/wp-content\/uploads\/2023\/01\/kassi_manguasi_suled5.jpg","width":600,"height":600,"caption":"Kassi m\u00e4nguasi, pulk sulgedega"},{"@type":"BreadcrumbList","@id":"https:\/\/miumjau.ee\/lt\/produktas\/kates-zaislas-lazdele-su-plunksnomis-neonine\/#breadcrumb","itemListElement":[{"@type":"ListItem","position":1,"name":"Home","item":"https:\/\/miumjau.ee\/lt\/"},{"@type":"ListItem","position":2,"name":"Parduotuv\u0117","item":"https:\/\/miumjau.ee\/lt\/parduotuve\/"},{"@type":"ListItem","position":3,"name":"Kat\u0117s \u017eaislas, lazdel\u0117 su plunksnomis, neonin\u0117"}]},{"@type":"WebSite","@id":"https:\/\/miumjau.ee\/#website","url":"https:\/\/miumjau.ee\/","name":"MiuMjau","description":"Kraapimispuud kassidele","publisher":{"@id":"https:\/\/miumjau.ee\/#organization"},"potentialAction":[{"@type":"SearchAction","target":{"@type":"EntryPoint","urlTemplate":"https:\/\/miumjau.ee\/?s={search_term_string}"},"query-input":{"@type":"PropertyValueSpecification","valueRequired":true,"valueName":"search_term_string"}}],"inLanguage":"lt-LT"},{"@type":"Organization","@id":"https:\/\/miumjau.ee\/#organization","name":"MiuMjau O\u00dc","url":"https:\/\/miumjau.ee\/","logo":{"@type":"ImageObject","inLanguage":"lt-LT","@id":"https:\/\/miumjau.ee\/#\/schema\/logo\/image\/","url":"https:\/\/miumjau.ee\/wp-content\/uploads\/2022\/04\/MiuMjau-logo-kollane.png","contentUrl":"https:\/\/miumjau.ee\/wp-content\/uploads\/2022\/04\/MiuMjau-logo-kollane.png","width":219,"height":100,"caption":"MiuMjau O\u00dc"},"image":{"@id":"https:\/\/miumjau.ee\/#\/schema\/logo\/image\/"},"sameAs":["https:\/\/www.facebook.com\/miumjaupood\/"]}]}},"_links":{"self":[{"href":"https:\/\/miumjau.ee\/lt\/wp-json\/wp\/v2\/product\/42504","targetHints":{"allow":["GET"]}}],"collection":[{"href":"https:\/\/miumjau.ee\/lt\/wp-json\/wp\/v2\/product"}],"about":[{"href":"https:\/\/miumjau.ee\/lt\/wp-json\/wp\/v2\/types\/product"}],"wp:featuredmedia":[{"embeddable":true,"href":"https:\/\/miumjau.ee\/lt\/wp-json\/wp\/v2\/media\/42713"}],"wp:attachment":[{"href":"https:\/\/miumjau.ee\/lt\/wp-json\/wp\/v2\/media?parent=42504"}],"wp:term":[{"taxonomy":"product_brand","embeddable":true,"href":"https:\/\/miumjau.ee\/lt\/wp-json\/wp\/v2\/product_brand?post=42504"},{"taxonomy":"product_cat","embeddable":true,"href":"https:\/\/miumjau.ee\/lt\/wp-json\/wp\/v2\/product_cat?post=42504"},{"taxonomy":"product_tag","embeddable":true,"href":"https:\/\/miumjau.ee\/lt\/wp-json\/wp\/v2\/product_tag?post=42504"}],"curies":[{"name":"wp","href":"https:\/\/api.w.org\/{rel}","templated":true}]}}