{"id":42499,"date":"2022-05-25T20:39:23","date_gmt":"2022-05-25T20:39:23","guid":{"rendered":"https:\/\/miumjau.ee\/toode\/zaislas-katei-margas-kamuoliukas-1-vnt\/"},"modified":"2026-01-07T20:53:05","modified_gmt":"2026-01-07T18:53:05","slug":"zaislas-katei-margas-kamuoliukas-1-vnt","status":"publish","type":"product","link":"https:\/\/miumjau.ee\/lt\/produktas\/zaislas-katei-margas-kamuoliukas-1-vnt\/","title":{"rendered":"\u017daislas katei, margas kamuoliukas 1 vnt."},"content":{"rendered":"","protected":false},"excerpt":{"rendered":"<p>Kat\u0117s \u017eaislas, margas kamuoliukas<br \/>\nSkersmuo:<br \/>\nSvoris: 0,1 kg<br \/>\nKiekis: 1 vnt.<br \/>\nSpalva: Atsitiktin\u0117<\/p>\n<p>Be draskykl\u0117s, su kuria kat\u0117 gali u\u017esiimti pati, kat\u0117 taip pat nori, kad \u0161eimininkai su ja pa\u017eaist\u0173. Yra ka\u010di\u0173, kurios \u017eaid\u017eia ir pa\u010dios, ypa\u010d ka\u010diukai, ta\u010diau joms labai patinka \u017eaisti kartu su \u0161eimininku, kuris joms rident\u0173 kamuoliuk\u0105.<\/p>\n<p>Si\u016blome \u012fvairi\u0173 nebrangi\u0173 \u017eaisl\u0173 kat\u0117ms. I\u0161sirinkite savo m\u0117gstamiausi\u0105!<\/p>\n","protected":false},"featured_media":42671,"template":"","meta":[],"product_brand":[],"product_cat":[520],"product_tag":[],"class_list":{"0":"post-42499","1":"product","2":"type-product","3":"status-publish","4":"has-post-thumbnail","6":"product_cat-kaciu-zaislai","8":"first","9":"instock","10":"taxable","11":"shipping-taxable","12":"purchasable","13":"product-type-simple"},"yoast_head":"<!-- This site is optimized with the Yoast SEO plugin v27.2 - https:\/\/yoast.com\/product\/yoast-seo-wordpress\/ -->\n<title>\u017daislas katei, margas kamuoliukas 1 vnt. - MiuMjau<\/title>\n<meta name=\"robots\" content=\"index, follow, max-snippet:-1, max-image-preview:large, max-video-preview:-1\" \/>\n<link rel=\"canonical\" href=\"https:\/\/miumjau.ee\/lt\/produktas\/zaislas-katei-margas-kamuoliukas-1-vnt\/\" \/>\n<meta property=\"og:locale\" content=\"lt_LT\" \/>\n<meta property=\"og:type\" content=\"article\" \/>\n<meta property=\"og:title\" content=\"\u017daislas katei, margas kamuoliukas 1 vnt. - MiuMjau\" \/>\n<meta property=\"og:description\" content=\"Kat\u0117s \u017eaislas, margas kamuoliukas Skersmuo: Svoris: 0,1 kg Kiekis: 1 vnt. Spalva: Atsitiktin\u0117 Be draskykl\u0117s, su kuria kat\u0117 gali u\u017esiimti pati, kat\u0117 taip pat nori, kad \u0161eimininkai su ja pa\u017eaist\u0173. Yra ka\u010di\u0173, kurios \u017eaid\u017eia ir pa\u010dios, ypa\u010d ka\u010diukai, ta\u010diau joms labai patinka \u017eaisti kartu su \u0161eimininku, kuris joms rident\u0173 kamuoliuk\u0105. Si\u016blome \u012fvairi\u0173 nebrangi\u0173 \u017eaisl\u0173 kat\u0117ms. I\u0161sirinkite savo m\u0117gstamiausi\u0105!\" \/>\n<meta property=\"og:url\" content=\"https:\/\/miumjau.ee\/lt\/produktas\/zaislas-katei-margas-kamuoliukas-1-vnt\/\" \/>\n<meta property=\"og:site_name\" content=\"MiuMjau\" \/>\n<meta property=\"article:publisher\" content=\"https:\/\/www.facebook.com\/miumjaupood\/\" \/>\n<meta property=\"article:modified_time\" content=\"2026-01-07T18:53:05+00:00\" \/>\n<meta property=\"og:image\" content=\"https:\/\/miumjau.ee\/wp-content\/uploads\/2022\/05\/DSC_8195.jpg\" \/>\n\t<meta property=\"og:image:width\" content=\"600\" \/>\n\t<meta property=\"og:image:height\" content=\"600\" \/>\n\t<meta property=\"og:image:type\" content=\"image\/jpeg\" \/>\n<meta name=\"twitter:card\" content=\"summary_large_image\" \/>\n<script type=\"application\/ld+json\" class=\"yoast-schema-graph\">{\"@context\":\"https:\/\/schema.org\",\"@graph\":[{\"@type\":\"WebPage\",\"@id\":\"https:\/\/miumjau.ee\/lt\/produktas\/zaislas-katei-margas-kamuoliukas-1-vnt\/\",\"url\":\"https:\/\/miumjau.ee\/lt\/produktas\/zaislas-katei-margas-kamuoliukas-1-vnt\/\",\"name\":\"\u017daislas katei, margas kamuoliukas 1 vnt. - MiuMjau\",\"isPartOf\":{\"@id\":\"https:\/\/miumjau.ee\/#website\"},\"primaryImageOfPage\":{\"@id\":\"https:\/\/miumjau.ee\/lt\/produktas\/zaislas-katei-margas-kamuoliukas-1-vnt\/#primaryimage\"},\"image\":{\"@id\":\"https:\/\/miumjau.ee\/lt\/produktas\/zaislas-katei-margas-kamuoliukas-1-vnt\/#primaryimage\"},\"thumbnailUrl\":\"https:\/\/miumjau.ee\/wp-content\/uploads\/2022\/05\/DSC_8195.jpg\",\"datePublished\":\"2022-05-25T20:39:23+00:00\",\"dateModified\":\"2026-01-07T18:53:05+00:00\",\"breadcrumb\":{\"@id\":\"https:\/\/miumjau.ee\/lt\/produktas\/zaislas-katei-margas-kamuoliukas-1-vnt\/#breadcrumb\"},\"inLanguage\":\"lt-LT\",\"potentialAction\":[{\"@type\":\"ReadAction\",\"target\":[\"https:\/\/miumjau.ee\/lt\/produktas\/zaislas-katei-margas-kamuoliukas-1-vnt\/\"]}]},{\"@type\":\"ImageObject\",\"inLanguage\":\"lt-LT\",\"@id\":\"https:\/\/miumjau.ee\/lt\/produktas\/zaislas-katei-margas-kamuoliukas-1-vnt\/#primaryimage\",\"url\":\"https:\/\/miumjau.ee\/wp-content\/uploads\/2022\/05\/DSC_8195.jpg\",\"contentUrl\":\"https:\/\/miumjau.ee\/wp-content\/uploads\/2022\/05\/DSC_8195.jpg\",\"width\":600,\"height\":600,\"caption\":\"m\u00e4nguasi kassile pallike\"},{\"@type\":\"BreadcrumbList\",\"@id\":\"https:\/\/miumjau.ee\/lt\/produktas\/zaislas-katei-margas-kamuoliukas-1-vnt\/#breadcrumb\",\"itemListElement\":[{\"@type\":\"ListItem\",\"position\":1,\"name\":\"Home\",\"item\":\"https:\/\/miumjau.ee\/lt\/\"},{\"@type\":\"ListItem\",\"position\":2,\"name\":\"Parduotuv\u0117\",\"item\":\"https:\/\/miumjau.ee\/lt\/parduotuve\/\"},{\"@type\":\"ListItem\",\"position\":3,\"name\":\"\u017daislas katei, margas kamuoliukas 1 vnt.\"}]},{\"@type\":\"WebSite\",\"@id\":\"https:\/\/miumjau.ee\/#website\",\"url\":\"https:\/\/miumjau.ee\/\",\"name\":\"MiuMjau\",\"description\":\"Kraapimispuud kassidele\",\"publisher\":{\"@id\":\"https:\/\/miumjau.ee\/#organization\"},\"potentialAction\":[{\"@type\":\"SearchAction\",\"target\":{\"@type\":\"EntryPoint\",\"urlTemplate\":\"https:\/\/miumjau.ee\/?s={search_term_string}\"},\"query-input\":{\"@type\":\"PropertyValueSpecification\",\"valueRequired\":true,\"valueName\":\"search_term_string\"}}],\"inLanguage\":\"lt-LT\"},{\"@type\":\"Organization\",\"@id\":\"https:\/\/miumjau.ee\/#organization\",\"name\":\"MiuMjau O\u00dc\",\"url\":\"https:\/\/miumjau.ee\/\",\"logo\":{\"@type\":\"ImageObject\",\"inLanguage\":\"lt-LT\",\"@id\":\"https:\/\/miumjau.ee\/#\/schema\/logo\/image\/\",\"url\":\"https:\/\/miumjau.ee\/wp-content\/uploads\/2022\/04\/MiuMjau-logo-kollane.png\",\"contentUrl\":\"https:\/\/miumjau.ee\/wp-content\/uploads\/2022\/04\/MiuMjau-logo-kollane.png\",\"width\":219,\"height\":100,\"caption\":\"MiuMjau O\u00dc\"},\"image\":{\"@id\":\"https:\/\/miumjau.ee\/#\/schema\/logo\/image\/\"},\"sameAs\":[\"https:\/\/www.facebook.com\/miumjaupood\/\"]}]}<\/script>\n<!-- \/ Yoast SEO plugin. -->","yoast_head_json":{"title":"\u017daislas katei, margas kamuoliukas 1 vnt. - MiuMjau","robots":{"index":"index","follow":"follow","max-snippet":"max-snippet:-1","max-image-preview":"max-image-preview:large","max-video-preview":"max-video-preview:-1"},"canonical":"https:\/\/miumjau.ee\/lt\/produktas\/zaislas-katei-margas-kamuoliukas-1-vnt\/","og_locale":"lt_LT","og_type":"article","og_title":"\u017daislas katei, margas kamuoliukas 1 vnt. - MiuMjau","og_description":"Kat\u0117s \u017eaislas, margas kamuoliukas Skersmuo: Svoris: 0,1 kg Kiekis: 1 vnt. Spalva: Atsitiktin\u0117 Be draskykl\u0117s, su kuria kat\u0117 gali u\u017esiimti pati, kat\u0117 taip pat nori, kad \u0161eimininkai su ja pa\u017eaist\u0173. Yra ka\u010di\u0173, kurios \u017eaid\u017eia ir pa\u010dios, ypa\u010d ka\u010diukai, ta\u010diau joms labai patinka \u017eaisti kartu su \u0161eimininku, kuris joms rident\u0173 kamuoliuk\u0105. Si\u016blome \u012fvairi\u0173 nebrangi\u0173 \u017eaisl\u0173 kat\u0117ms. I\u0161sirinkite savo m\u0117gstamiausi\u0105!","og_url":"https:\/\/miumjau.ee\/lt\/produktas\/zaislas-katei-margas-kamuoliukas-1-vnt\/","og_site_name":"MiuMjau","article_publisher":"https:\/\/www.facebook.com\/miumjaupood\/","article_modified_time":"2026-01-07T18:53:05+00:00","og_image":[{"width":600,"height":600,"url":"https:\/\/miumjau.ee\/wp-content\/uploads\/2022\/05\/DSC_8195.jpg","type":"image\/jpeg"}],"twitter_card":"summary_large_image","schema":{"@context":"https:\/\/schema.org","@graph":[{"@type":"WebPage","@id":"https:\/\/miumjau.ee\/lt\/produktas\/zaislas-katei-margas-kamuoliukas-1-vnt\/","url":"https:\/\/miumjau.ee\/lt\/produktas\/zaislas-katei-margas-kamuoliukas-1-vnt\/","name":"\u017daislas katei, margas kamuoliukas 1 vnt. - MiuMjau","isPartOf":{"@id":"https:\/\/miumjau.ee\/#website"},"primaryImageOfPage":{"@id":"https:\/\/miumjau.ee\/lt\/produktas\/zaislas-katei-margas-kamuoliukas-1-vnt\/#primaryimage"},"image":{"@id":"https:\/\/miumjau.ee\/lt\/produktas\/zaislas-katei-margas-kamuoliukas-1-vnt\/#primaryimage"},"thumbnailUrl":"https:\/\/miumjau.ee\/wp-content\/uploads\/2022\/05\/DSC_8195.jpg","datePublished":"2022-05-25T20:39:23+00:00","dateModified":"2026-01-07T18:53:05+00:00","breadcrumb":{"@id":"https:\/\/miumjau.ee\/lt\/produktas\/zaislas-katei-margas-kamuoliukas-1-vnt\/#breadcrumb"},"inLanguage":"lt-LT","potentialAction":[{"@type":"ReadAction","target":["https:\/\/miumjau.ee\/lt\/produktas\/zaislas-katei-margas-kamuoliukas-1-vnt\/"]}]},{"@type":"ImageObject","inLanguage":"lt-LT","@id":"https:\/\/miumjau.ee\/lt\/produktas\/zaislas-katei-margas-kamuoliukas-1-vnt\/#primaryimage","url":"https:\/\/miumjau.ee\/wp-content\/uploads\/2022\/05\/DSC_8195.jpg","contentUrl":"https:\/\/miumjau.ee\/wp-content\/uploads\/2022\/05\/DSC_8195.jpg","width":600,"height":600,"caption":"m\u00e4nguasi kassile pallike"},{"@type":"BreadcrumbList","@id":"https:\/\/miumjau.ee\/lt\/produktas\/zaislas-katei-margas-kamuoliukas-1-vnt\/#breadcrumb","itemListElement":[{"@type":"ListItem","position":1,"name":"Home","item":"https:\/\/miumjau.ee\/lt\/"},{"@type":"ListItem","position":2,"name":"Parduotuv\u0117","item":"https:\/\/miumjau.ee\/lt\/parduotuve\/"},{"@type":"ListItem","position":3,"name":"\u017daislas katei, margas kamuoliukas 1 vnt."}]},{"@type":"WebSite","@id":"https:\/\/miumjau.ee\/#website","url":"https:\/\/miumjau.ee\/","name":"MiuMjau","description":"Kraapimispuud kassidele","publisher":{"@id":"https:\/\/miumjau.ee\/#organization"},"potentialAction":[{"@type":"SearchAction","target":{"@type":"EntryPoint","urlTemplate":"https:\/\/miumjau.ee\/?s={search_term_string}"},"query-input":{"@type":"PropertyValueSpecification","valueRequired":true,"valueName":"search_term_string"}}],"inLanguage":"lt-LT"},{"@type":"Organization","@id":"https:\/\/miumjau.ee\/#organization","name":"MiuMjau O\u00dc","url":"https:\/\/miumjau.ee\/","logo":{"@type":"ImageObject","inLanguage":"lt-LT","@id":"https:\/\/miumjau.ee\/#\/schema\/logo\/image\/","url":"https:\/\/miumjau.ee\/wp-content\/uploads\/2022\/04\/MiuMjau-logo-kollane.png","contentUrl":"https:\/\/miumjau.ee\/wp-content\/uploads\/2022\/04\/MiuMjau-logo-kollane.png","width":219,"height":100,"caption":"MiuMjau O\u00dc"},"image":{"@id":"https:\/\/miumjau.ee\/#\/schema\/logo\/image\/"},"sameAs":["https:\/\/www.facebook.com\/miumjaupood\/"]}]}},"_links":{"self":[{"href":"https:\/\/miumjau.ee\/lt\/wp-json\/wp\/v2\/product\/42499","targetHints":{"allow":["GET"]}}],"collection":[{"href":"https:\/\/miumjau.ee\/lt\/wp-json\/wp\/v2\/product"}],"about":[{"href":"https:\/\/miumjau.ee\/lt\/wp-json\/wp\/v2\/types\/product"}],"wp:featuredmedia":[{"embeddable":true,"href":"https:\/\/miumjau.ee\/lt\/wp-json\/wp\/v2\/media\/42671"}],"wp:attachment":[{"href":"https:\/\/miumjau.ee\/lt\/wp-json\/wp\/v2\/media?parent=42499"}],"wp:term":[{"taxonomy":"product_brand","embeddable":true,"href":"https:\/\/miumjau.ee\/lt\/wp-json\/wp\/v2\/product_brand?post=42499"},{"taxonomy":"product_cat","embeddable":true,"href":"https:\/\/miumjau.ee\/lt\/wp-json\/wp\/v2\/product_cat?post=42499"},{"taxonomy":"product_tag","embeddable":true,"href":"https:\/\/miumjau.ee\/lt\/wp-json\/wp\/v2\/product_tag?post=42499"}],"curies":[{"name":"wp","href":"https:\/\/api.w.org\/{rel}","templated":true}]}}