{"id":42497,"date":"2022-04-13T14:39:53","date_gmt":"2022-04-13T11:39:53","guid":{"rendered":"https:\/\/miumjau.ee\/toode\/draskykle-147-cm-18003-pilka\/"},"modified":"2026-01-07T20:53:05","modified_gmt":"2026-01-07T18:53:05","slug":"draskykle-147-cm-18003-pilka","status":"publish","type":"product","link":"https:\/\/miumjau.ee\/lt\/produktas\/draskykle-147-cm-18003-pilka\/","title":{"rendered":"Draskykl\u0117 147 cm, 18003, pilka"},"content":{"rendered":"","protected":false},"excerpt":{"rendered":"<p>Modelis skirtas iki vidutinio svorio katei. Labai didel\u0117ms kat\u0117ms rekomenduojame kitus modelius.<br \/>\nPS: Atkreipkite d\u0117mes\u012f, kad apatiniai draskymo stulpai yra tokie patys kaip ir viduriniai, t. y. apa\u010dioje ir vir\u0161uje kra\u0161tuose yra mink\u0161tas pliu\u0161as.<br \/>\nPagrindo matmenys: 60.5 \u00d7 46 cm<br \/>\nNamelio matmenys: 41 \u00d7 41 cm<br \/>\nI\u0161siki\u0161usio guolio skersmuo 28 cm.<br \/>\nVir\u0161utini\u0173 platform\u0173 skersmenys 28 cm.<br \/>\nGaminio auk\u0161tis 147 cm.<br \/>\nSvoris be pakuot\u0117s 14,6 kg, su pakuote 15.6 kg.<br \/>\nPakuot\u0117s matmenys: 62 \u00d7 47 \u00d7 22 cm<br \/>\n\u017daislin\u0117s virvel\u0117s vieta ant plok\u0161t\u0117s gali skirtis.<\/p>\n<p>&lt;strong&gt;Per\u017ei\u016br\u0117kite \u010dia ir trump\u0105 vaizdo \u012fra\u0161\u0105!<br \/>\n\u0160ioje nuorodoje yra ir trumpas vaizdo \u012fra\u0161as apie produkto surinkim\u0105, kur\u012f atsiunt\u0117 klientas :)&lt;\/strong&gt;<\/p>\n","protected":false},"featured_media":42526,"template":"","meta":[],"product_brand":[],"product_cat":[510],"product_tag":[],"class_list":{"0":"post-42497","1":"product","2":"type-product","3":"status-publish","4":"has-post-thumbnail","6":"product_cat-dideli-draskymo-medziai","7":"product_shipping_class-pakiautomaati-sobimatu-lt","9":"first","10":"instock","11":"sale","12":"taxable","13":"shipping-taxable","14":"purchasable","15":"product-type-simple"},"yoast_head":"<!-- This site is optimized with the Yoast SEO plugin v27.2 - https:\/\/yoast.com\/product\/yoast-seo-wordpress\/ -->\n<title>Draskykl\u0117 147 cm, 18003, pilka - MiuMjau<\/title>\n<meta name=\"robots\" content=\"index, follow, max-snippet:-1, max-image-preview:large, max-video-preview:-1\" \/>\n<link rel=\"canonical\" href=\"https:\/\/miumjau.ee\/lt\/produktas\/draskykle-147-cm-18003-pilka\/\" \/>\n<meta property=\"og:locale\" content=\"lt_LT\" \/>\n<meta property=\"og:type\" content=\"article\" \/>\n<meta property=\"og:title\" content=\"Draskykl\u0117 147 cm, 18003, pilka - MiuMjau\" \/>\n<meta property=\"og:description\" content=\"Modelis skirtas iki vidutinio svorio katei. Labai didel\u0117ms kat\u0117ms rekomenduojame kitus modelius. PS: Atkreipkite d\u0117mes\u012f, kad apatiniai draskymo stulpai yra tokie patys kaip ir viduriniai, t. y. apa\u010dioje ir vir\u0161uje kra\u0161tuose yra mink\u0161tas pliu\u0161as. Pagrindo matmenys: 60.5 \u00d7 46 cm Namelio matmenys: 41 \u00d7 41 cm I\u0161siki\u0161usio guolio skersmuo 28 cm. Vir\u0161utini\u0173 platform\u0173 skersmenys 28 cm. Gaminio auk\u0161tis 147 cm. Svoris be pakuot\u0117s 14,6 kg, su pakuote 15.6 kg. Pakuot\u0117s matmenys: 62 \u00d7 47 \u00d7 22 cm \u017daislin\u0117s virvel\u0117s vieta ant plok\u0161t\u0117s gali skirtis. &lt;strong&gt;Per\u017ei\u016br\u0117kite \u010dia ir trump\u0105 vaizdo \u012fra\u0161\u0105! \u0160ioje nuorodoje yra ir trumpas vaizdo \u012fra\u0161as apie produkto surinkim\u0105, kur\u012f atsiunt\u0117 klientas :)&lt;\/strong&gt;\" \/>\n<meta property=\"og:url\" content=\"https:\/\/miumjau.ee\/lt\/produktas\/draskykle-147-cm-18003-pilka\/\" \/>\n<meta property=\"og:site_name\" content=\"MiuMjau\" \/>\n<meta property=\"article:publisher\" content=\"https:\/\/www.facebook.com\/miumjaupood\/\" \/>\n<meta property=\"article:modified_time\" content=\"2026-01-07T18:53:05+00:00\" \/>\n<meta property=\"og:image\" content=\"https:\/\/miumjau.ee\/wp-content\/uploads\/2022\/04\/kraapimispuu-18003-7.jpg\" \/>\n\t<meta property=\"og:image:width\" content=\"600\" \/>\n\t<meta property=\"og:image:height\" content=\"600\" \/>\n\t<meta property=\"og:image:type\" content=\"image\/jpeg\" \/>\n<meta name=\"twitter:card\" content=\"summary_large_image\" \/>\n<script type=\"application\/ld+json\" class=\"yoast-schema-graph\">{\"@context\":\"https:\/\/schema.org\",\"@graph\":[{\"@type\":\"WebPage\",\"@id\":\"https:\/\/miumjau.ee\/lt\/produktas\/draskykle-147-cm-18003-pilka\/\",\"url\":\"https:\/\/miumjau.ee\/lt\/produktas\/draskykle-147-cm-18003-pilka\/\",\"name\":\"Draskykl\u0117 147 cm, 18003, pilka - MiuMjau\",\"isPartOf\":{\"@id\":\"https:\/\/miumjau.ee\/#website\"},\"primaryImageOfPage\":{\"@id\":\"https:\/\/miumjau.ee\/lt\/produktas\/draskykle-147-cm-18003-pilka\/#primaryimage\"},\"image\":{\"@id\":\"https:\/\/miumjau.ee\/lt\/produktas\/draskykle-147-cm-18003-pilka\/#primaryimage\"},\"thumbnailUrl\":\"https:\/\/miumjau.ee\/wp-content\/uploads\/2022\/04\/kraapimispuu-18003-7.jpg\",\"datePublished\":\"2022-04-13T11:39:53+00:00\",\"dateModified\":\"2026-01-07T18:53:05+00:00\",\"breadcrumb\":{\"@id\":\"https:\/\/miumjau.ee\/lt\/produktas\/draskykle-147-cm-18003-pilka\/#breadcrumb\"},\"inLanguage\":\"lt-LT\",\"potentialAction\":[{\"@type\":\"ReadAction\",\"target\":[\"https:\/\/miumjau.ee\/lt\/produktas\/draskykle-147-cm-18003-pilka\/\"]}]},{\"@type\":\"ImageObject\",\"inLanguage\":\"lt-LT\",\"@id\":\"https:\/\/miumjau.ee\/lt\/produktas\/draskykle-147-cm-18003-pilka\/#primaryimage\",\"url\":\"https:\/\/miumjau.ee\/wp-content\/uploads\/2022\/04\/kraapimispuu-18003-7.jpg\",\"contentUrl\":\"https:\/\/miumjau.ee\/wp-content\/uploads\/2022\/04\/kraapimispuu-18003-7.jpg\",\"width\":600,\"height\":600,\"caption\":\"Kraapimispuu 18003\"},{\"@type\":\"BreadcrumbList\",\"@id\":\"https:\/\/miumjau.ee\/lt\/produktas\/draskykle-147-cm-18003-pilka\/#breadcrumb\",\"itemListElement\":[{\"@type\":\"ListItem\",\"position\":1,\"name\":\"Home\",\"item\":\"https:\/\/miumjau.ee\/lt\/\"},{\"@type\":\"ListItem\",\"position\":2,\"name\":\"Parduotuv\u0117\",\"item\":\"https:\/\/miumjau.ee\/lt\/parduotuve\/\"},{\"@type\":\"ListItem\",\"position\":3,\"name\":\"Draskykl\u0117 147 cm, 18003, pilka\"}]},{\"@type\":\"WebSite\",\"@id\":\"https:\/\/miumjau.ee\/#website\",\"url\":\"https:\/\/miumjau.ee\/\",\"name\":\"MiuMjau\",\"description\":\"Kraapimispuud kassidele\",\"publisher\":{\"@id\":\"https:\/\/miumjau.ee\/#organization\"},\"potentialAction\":[{\"@type\":\"SearchAction\",\"target\":{\"@type\":\"EntryPoint\",\"urlTemplate\":\"https:\/\/miumjau.ee\/?s={search_term_string}\"},\"query-input\":{\"@type\":\"PropertyValueSpecification\",\"valueRequired\":true,\"valueName\":\"search_term_string\"}}],\"inLanguage\":\"lt-LT\"},{\"@type\":\"Organization\",\"@id\":\"https:\/\/miumjau.ee\/#organization\",\"name\":\"MiuMjau O\u00dc\",\"url\":\"https:\/\/miumjau.ee\/\",\"logo\":{\"@type\":\"ImageObject\",\"inLanguage\":\"lt-LT\",\"@id\":\"https:\/\/miumjau.ee\/#\/schema\/logo\/image\/\",\"url\":\"https:\/\/miumjau.ee\/wp-content\/uploads\/2022\/04\/MiuMjau-logo-kollane.png\",\"contentUrl\":\"https:\/\/miumjau.ee\/wp-content\/uploads\/2022\/04\/MiuMjau-logo-kollane.png\",\"width\":219,\"height\":100,\"caption\":\"MiuMjau O\u00dc\"},\"image\":{\"@id\":\"https:\/\/miumjau.ee\/#\/schema\/logo\/image\/\"},\"sameAs\":[\"https:\/\/www.facebook.com\/miumjaupood\/\"]}]}<\/script>\n<!-- \/ Yoast SEO plugin. -->","yoast_head_json":{"title":"Draskykl\u0117 147 cm, 18003, pilka - MiuMjau","robots":{"index":"index","follow":"follow","max-snippet":"max-snippet:-1","max-image-preview":"max-image-preview:large","max-video-preview":"max-video-preview:-1"},"canonical":"https:\/\/miumjau.ee\/lt\/produktas\/draskykle-147-cm-18003-pilka\/","og_locale":"lt_LT","og_type":"article","og_title":"Draskykl\u0117 147 cm, 18003, pilka - MiuMjau","og_description":"Modelis skirtas iki vidutinio svorio katei. Labai didel\u0117ms kat\u0117ms rekomenduojame kitus modelius. PS: Atkreipkite d\u0117mes\u012f, kad apatiniai draskymo stulpai yra tokie patys kaip ir viduriniai, t. y. apa\u010dioje ir vir\u0161uje kra\u0161tuose yra mink\u0161tas pliu\u0161as. Pagrindo matmenys: 60.5 \u00d7 46 cm Namelio matmenys: 41 \u00d7 41 cm I\u0161siki\u0161usio guolio skersmuo 28 cm. Vir\u0161utini\u0173 platform\u0173 skersmenys 28 cm. Gaminio auk\u0161tis 147 cm. Svoris be pakuot\u0117s 14,6 kg, su pakuote 15.6 kg. Pakuot\u0117s matmenys: 62 \u00d7 47 \u00d7 22 cm \u017daislin\u0117s virvel\u0117s vieta ant plok\u0161t\u0117s gali skirtis. &lt;strong&gt;Per\u017ei\u016br\u0117kite \u010dia ir trump\u0105 vaizdo \u012fra\u0161\u0105! \u0160ioje nuorodoje yra ir trumpas vaizdo \u012fra\u0161as apie produkto surinkim\u0105, kur\u012f atsiunt\u0117 klientas :)&lt;\/strong&gt;","og_url":"https:\/\/miumjau.ee\/lt\/produktas\/draskykle-147-cm-18003-pilka\/","og_site_name":"MiuMjau","article_publisher":"https:\/\/www.facebook.com\/miumjaupood\/","article_modified_time":"2026-01-07T18:53:05+00:00","og_image":[{"width":600,"height":600,"url":"https:\/\/miumjau.ee\/wp-content\/uploads\/2022\/04\/kraapimispuu-18003-7.jpg","type":"image\/jpeg"}],"twitter_card":"summary_large_image","schema":{"@context":"https:\/\/schema.org","@graph":[{"@type":"WebPage","@id":"https:\/\/miumjau.ee\/lt\/produktas\/draskykle-147-cm-18003-pilka\/","url":"https:\/\/miumjau.ee\/lt\/produktas\/draskykle-147-cm-18003-pilka\/","name":"Draskykl\u0117 147 cm, 18003, pilka - MiuMjau","isPartOf":{"@id":"https:\/\/miumjau.ee\/#website"},"primaryImageOfPage":{"@id":"https:\/\/miumjau.ee\/lt\/produktas\/draskykle-147-cm-18003-pilka\/#primaryimage"},"image":{"@id":"https:\/\/miumjau.ee\/lt\/produktas\/draskykle-147-cm-18003-pilka\/#primaryimage"},"thumbnailUrl":"https:\/\/miumjau.ee\/wp-content\/uploads\/2022\/04\/kraapimispuu-18003-7.jpg","datePublished":"2022-04-13T11:39:53+00:00","dateModified":"2026-01-07T18:53:05+00:00","breadcrumb":{"@id":"https:\/\/miumjau.ee\/lt\/produktas\/draskykle-147-cm-18003-pilka\/#breadcrumb"},"inLanguage":"lt-LT","potentialAction":[{"@type":"ReadAction","target":["https:\/\/miumjau.ee\/lt\/produktas\/draskykle-147-cm-18003-pilka\/"]}]},{"@type":"ImageObject","inLanguage":"lt-LT","@id":"https:\/\/miumjau.ee\/lt\/produktas\/draskykle-147-cm-18003-pilka\/#primaryimage","url":"https:\/\/miumjau.ee\/wp-content\/uploads\/2022\/04\/kraapimispuu-18003-7.jpg","contentUrl":"https:\/\/miumjau.ee\/wp-content\/uploads\/2022\/04\/kraapimispuu-18003-7.jpg","width":600,"height":600,"caption":"Kraapimispuu 18003"},{"@type":"BreadcrumbList","@id":"https:\/\/miumjau.ee\/lt\/produktas\/draskykle-147-cm-18003-pilka\/#breadcrumb","itemListElement":[{"@type":"ListItem","position":1,"name":"Home","item":"https:\/\/miumjau.ee\/lt\/"},{"@type":"ListItem","position":2,"name":"Parduotuv\u0117","item":"https:\/\/miumjau.ee\/lt\/parduotuve\/"},{"@type":"ListItem","position":3,"name":"Draskykl\u0117 147 cm, 18003, pilka"}]},{"@type":"WebSite","@id":"https:\/\/miumjau.ee\/#website","url":"https:\/\/miumjau.ee\/","name":"MiuMjau","description":"Kraapimispuud kassidele","publisher":{"@id":"https:\/\/miumjau.ee\/#organization"},"potentialAction":[{"@type":"SearchAction","target":{"@type":"EntryPoint","urlTemplate":"https:\/\/miumjau.ee\/?s={search_term_string}"},"query-input":{"@type":"PropertyValueSpecification","valueRequired":true,"valueName":"search_term_string"}}],"inLanguage":"lt-LT"},{"@type":"Organization","@id":"https:\/\/miumjau.ee\/#organization","name":"MiuMjau O\u00dc","url":"https:\/\/miumjau.ee\/","logo":{"@type":"ImageObject","inLanguage":"lt-LT","@id":"https:\/\/miumjau.ee\/#\/schema\/logo\/image\/","url":"https:\/\/miumjau.ee\/wp-content\/uploads\/2022\/04\/MiuMjau-logo-kollane.png","contentUrl":"https:\/\/miumjau.ee\/wp-content\/uploads\/2022\/04\/MiuMjau-logo-kollane.png","width":219,"height":100,"caption":"MiuMjau O\u00dc"},"image":{"@id":"https:\/\/miumjau.ee\/#\/schema\/logo\/image\/"},"sameAs":["https:\/\/www.facebook.com\/miumjaupood\/"]}]}},"_links":{"self":[{"href":"https:\/\/miumjau.ee\/lt\/wp-json\/wp\/v2\/product\/42497","targetHints":{"allow":["GET"]}}],"collection":[{"href":"https:\/\/miumjau.ee\/lt\/wp-json\/wp\/v2\/product"}],"about":[{"href":"https:\/\/miumjau.ee\/lt\/wp-json\/wp\/v2\/types\/product"}],"wp:featuredmedia":[{"embeddable":true,"href":"https:\/\/miumjau.ee\/lt\/wp-json\/wp\/v2\/media\/42526"}],"wp:attachment":[{"href":"https:\/\/miumjau.ee\/lt\/wp-json\/wp\/v2\/media?parent=42497"}],"wp:term":[{"taxonomy":"product_brand","embeddable":true,"href":"https:\/\/miumjau.ee\/lt\/wp-json\/wp\/v2\/product_brand?post=42497"},{"taxonomy":"product_cat","embeddable":true,"href":"https:\/\/miumjau.ee\/lt\/wp-json\/wp\/v2\/product_cat?post=42497"},{"taxonomy":"product_tag","embeddable":true,"href":"https:\/\/miumjau.ee\/lt\/wp-json\/wp\/v2\/product_tag?post=42497"}],"curies":[{"name":"wp","href":"https:\/\/api.w.org\/{rel}","templated":true}]}}