{"id":41182,"date":"2025-09-03T11:00:32","date_gmt":"2025-09-03T08:00:32","guid":{"rendered":"https:\/\/miumjau.ee\/toode\/kates-vandens-fontanas-petrebels-fountain-jet-19-balta\/"},"modified":"2026-01-07T20:37:15","modified_gmt":"2026-01-07T18:37:15","slug":"kates-vandens-fontanas-petrebels-fountain-jet-19-balta","status":"publish","type":"product","link":"https:\/\/miumjau.ee\/lt\/produktas\/kates-vandens-fontanas-petrebels-fountain-jet-19-balta\/","title":{"rendered":"Kat\u0117s vandens fontanas Petrebels Fountain Jet 19, balta"},"content":{"rendered":"","protected":false},"excerpt":{"rendered":"<p><strong>Tylus, i\u0161manus ir belaidis g\u0117rimo malonumas<\/strong><br \/>\nKat\u0117s da\u017enai negeria pakankamai vandens. Tod\u0117l suk\u016br\u0117me i\u0161man\u0173 ir stiling\u0105 sprendim\u0105, kuris padeda tavo katei i\u0161likti hidratuotai ir sveikai visus metus: \u201eJet 19\u201c \u2013 eleganti\u0161ko dizaino geriamasis fontanas kat\u0117ms, veikiantis tiek su laidu, tiek belaid\u017eiu re\u017eimu. Galima pasirinkti nuolatin\u012f vandens sraut\u0105 arba \u012fjungti infraraudon\u0173j\u0173 spinduli\u0173 jutikl\u012f, kuris leid\u017eia vandeniui tek\u0117ti tik tada, kai kat\u0117 yra netoliese. Patogus priedas: permatomas langelis rodo vandens lyg\u012f, o i\u0161mani filtravimo sistema visada i\u0161laiko vanden\u012f \u0161var\u0173 ir gaiv\u0173. Be to, pats fontanas prane\u0161a, kai reikia pakeisti filtr\u0105 arba kai vandens yra per ma\u017eai.<br \/>\n<strong>Produkto savyb\u0117s:<\/strong><\/p>\n<ul>\n<li>Matmenys: \u00d8 19,5 cm, auk\u0161tis 15 cm<\/li>\n<li>Galima plauti indaplov\u0117je iki 60 \u00b0C<\/li>\n<li>Veikia tiek laidu, tiek belaid\u017eiu re\u017eimu (USB \u012fkroviklis ir adapteris komplekte)<\/li>\n<li>Talpa: 2 litrai, pagamintas i\u0161 maistinio ABS plastiko<\/li>\n<li>I\u0161manus jutiklis, itin tylus siurblys (&lt; 23 dB) ir moderni filtravimo sistema<\/li>\n<li>Aptikimo atstumas iki 2 metr\u0173<\/li>\n<li>Filtrai parduodami atskirai<\/li>\n<\/ul>\n","protected":false},"featured_media":41207,"template":"","meta":[],"product_brand":[],"product_cat":[524,529],"product_tag":[],"class_list":{"0":"post-41182","1":"product","2":"type-product","3":"status-publish","4":"has-post-thumbnail","6":"product_cat-kaup24-lt","7":"product_cat-maisto-indai-katems","9":"first","10":"instock","11":"taxable","12":"shipping-taxable","13":"purchasable","14":"product-type-simple"},"yoast_head":"<!-- This site is optimized with the Yoast SEO plugin v27.4 - https:\/\/yoast.com\/product\/yoast-seo-wordpress\/ -->\n<title>Kat\u0117s vandens fontanas Petrebels Fountain Jet 19, balta - MiuMjau<\/title>\n<meta name=\"robots\" content=\"index, follow, max-snippet:-1, max-image-preview:large, max-video-preview:-1\" \/>\n<link rel=\"canonical\" href=\"https:\/\/miumjau.ee\/lt\/produktas\/kates-vandens-fontanas-petrebels-fountain-jet-19-balta\/\" \/>\n<meta property=\"og:locale\" content=\"lt_LT\" \/>\n<meta property=\"og:type\" content=\"article\" \/>\n<meta property=\"og:title\" content=\"Kat\u0117s vandens fontanas Petrebels Fountain Jet 19, balta - MiuMjau\" \/>\n<meta property=\"og:description\" content=\"Tylus, i\u0161manus ir belaidis g\u0117rimo malonumas Kat\u0117s da\u017enai negeria pakankamai vandens. Tod\u0117l suk\u016br\u0117me i\u0161man\u0173 ir stiling\u0105 sprendim\u0105, kuris padeda tavo katei i\u0161likti hidratuotai ir sveikai visus metus: \u201eJet 19\u201c \u2013 eleganti\u0161ko dizaino geriamasis fontanas kat\u0117ms, veikiantis tiek su laidu, tiek belaid\u017eiu re\u017eimu. Galima pasirinkti nuolatin\u012f vandens sraut\u0105 arba \u012fjungti infraraudon\u0173j\u0173 spinduli\u0173 jutikl\u012f, kuris leid\u017eia vandeniui tek\u0117ti tik tada, kai kat\u0117 yra netoliese. Patogus priedas: permatomas langelis rodo vandens lyg\u012f, o i\u0161mani filtravimo sistema visada i\u0161laiko vanden\u012f \u0161var\u0173 ir gaiv\u0173. Be to, pats fontanas prane\u0161a, kai reikia pakeisti filtr\u0105 arba kai vandens yra per ma\u017eai. Produkto savyb\u0117s:   Matmenys: \u00d8 19,5 cm, auk\u0161tis 15 cm  Galima plauti indaplov\u0117je iki 60 \u00b0C  Veikia tiek laidu, tiek belaid\u017eiu re\u017eimu (USB \u012fkroviklis ir adapteris komplekte)  Talpa: 2 litrai, pagamintas i\u0161 maistinio ABS plastiko  I\u0161manus jutiklis, itin tylus siurblys (&lt; 23 dB) ir moderni filtravimo sistema  Aptikimo atstumas iki 2 metr\u0173  Filtrai parduodami atskirai\" \/>\n<meta property=\"og:url\" content=\"https:\/\/miumjau.ee\/lt\/produktas\/kates-vandens-fontanas-petrebels-fountain-jet-19-balta\/\" \/>\n<meta property=\"og:site_name\" content=\"MiuMjau\" \/>\n<meta property=\"article:publisher\" content=\"https:\/\/www.facebook.com\/miumjaupood\/\" \/>\n<meta property=\"article:modified_time\" content=\"2026-01-07T18:37:15+00:00\" \/>\n<meta property=\"og:image\" content=\"https:\/\/miumjau.ee\/wp-content\/uploads\/2025\/09\/kasside-joogi-purskkaev-jet193.jpg\" \/>\n\t<meta property=\"og:image:width\" content=\"600\" \/>\n\t<meta property=\"og:image:height\" content=\"800\" \/>\n\t<meta property=\"og:image:type\" content=\"image\/jpeg\" \/>\n<meta name=\"twitter:card\" content=\"summary_large_image\" \/>\n<meta name=\"twitter:label1\" content=\"Est. reading time\" \/>\n\t<meta name=\"twitter:data1\" content=\"1 minut\u0117\" \/>\n<script type=\"application\/ld+json\" class=\"yoast-schema-graph\">{\"@context\":\"https:\\\/\\\/schema.org\",\"@graph\":[{\"@type\":\"WebPage\",\"@id\":\"https:\\\/\\\/miumjau.ee\\\/lt\\\/produktas\\\/kates-vandens-fontanas-petrebels-fountain-jet-19-balta\\\/\",\"url\":\"https:\\\/\\\/miumjau.ee\\\/lt\\\/produktas\\\/kates-vandens-fontanas-petrebels-fountain-jet-19-balta\\\/\",\"name\":\"Kat\u0117s vandens fontanas Petrebels Fountain Jet 19, balta - MiuMjau\",\"isPartOf\":{\"@id\":\"https:\\\/\\\/miumjau.ee\\\/#website\"},\"primaryImageOfPage\":{\"@id\":\"https:\\\/\\\/miumjau.ee\\\/lt\\\/produktas\\\/kates-vandens-fontanas-petrebels-fountain-jet-19-balta\\\/#primaryimage\"},\"image\":{\"@id\":\"https:\\\/\\\/miumjau.ee\\\/lt\\\/produktas\\\/kates-vandens-fontanas-petrebels-fountain-jet-19-balta\\\/#primaryimage\"},\"thumbnailUrl\":\"https:\\\/\\\/miumjau.ee\\\/wp-content\\\/uploads\\\/2025\\\/09\\\/kasside-joogi-purskkaev-jet193.jpg\",\"datePublished\":\"2025-09-03T08:00:32+00:00\",\"dateModified\":\"2026-01-07T18:37:15+00:00\",\"breadcrumb\":{\"@id\":\"https:\\\/\\\/miumjau.ee\\\/lt\\\/produktas\\\/kates-vandens-fontanas-petrebels-fountain-jet-19-balta\\\/#breadcrumb\"},\"inLanguage\":\"lt-LT\",\"potentialAction\":[{\"@type\":\"ReadAction\",\"target\":[\"https:\\\/\\\/miumjau.ee\\\/lt\\\/produktas\\\/kates-vandens-fontanas-petrebels-fountain-jet-19-balta\\\/\"]}]},{\"@type\":\"ImageObject\",\"inLanguage\":\"lt-LT\",\"@id\":\"https:\\\/\\\/miumjau.ee\\\/lt\\\/produktas\\\/kates-vandens-fontanas-petrebels-fountain-jet-19-balta\\\/#primaryimage\",\"url\":\"https:\\\/\\\/miumjau.ee\\\/wp-content\\\/uploads\\\/2025\\\/09\\\/kasside-joogi-purskkaev-jet193.jpg\",\"contentUrl\":\"https:\\\/\\\/miumjau.ee\\\/wp-content\\\/uploads\\\/2025\\\/09\\\/kasside-joogi-purskkaev-jet193.jpg\",\"width\":600,\"height\":800,\"caption\":\"Kasside joogi purskkaev Petrebels fountain jet 19, valge\"},{\"@type\":\"BreadcrumbList\",\"@id\":\"https:\\\/\\\/miumjau.ee\\\/lt\\\/produktas\\\/kates-vandens-fontanas-petrebels-fountain-jet-19-balta\\\/#breadcrumb\",\"itemListElement\":[{\"@type\":\"ListItem\",\"position\":1,\"name\":\"Home\",\"item\":\"https:\\\/\\\/miumjau.ee\\\/lt\\\/\"},{\"@type\":\"ListItem\",\"position\":2,\"name\":\"Parduotuv\u0117\",\"item\":\"https:\\\/\\\/miumjau.ee\\\/lt\\\/parduotuve\\\/\"},{\"@type\":\"ListItem\",\"position\":3,\"name\":\"Kat\u0117s vandens fontanas Petrebels Fountain Jet 19, balta\"}]},{\"@type\":\"WebSite\",\"@id\":\"https:\\\/\\\/miumjau.ee\\\/#website\",\"url\":\"https:\\\/\\\/miumjau.ee\\\/\",\"name\":\"MiuMjau\",\"description\":\"Kraapimispuud kassidele\",\"publisher\":{\"@id\":\"https:\\\/\\\/miumjau.ee\\\/#organization\"},\"potentialAction\":[{\"@type\":\"SearchAction\",\"target\":{\"@type\":\"EntryPoint\",\"urlTemplate\":\"https:\\\/\\\/miumjau.ee\\\/?s={search_term_string}\"},\"query-input\":{\"@type\":\"PropertyValueSpecification\",\"valueRequired\":true,\"valueName\":\"search_term_string\"}}],\"inLanguage\":\"lt-LT\"},{\"@type\":\"Organization\",\"@id\":\"https:\\\/\\\/miumjau.ee\\\/#organization\",\"name\":\"MiuMjau O\u00dc\",\"url\":\"https:\\\/\\\/miumjau.ee\\\/\",\"logo\":{\"@type\":\"ImageObject\",\"inLanguage\":\"lt-LT\",\"@id\":\"https:\\\/\\\/miumjau.ee\\\/#\\\/schema\\\/logo\\\/image\\\/\",\"url\":\"https:\\\/\\\/miumjau.ee\\\/wp-content\\\/uploads\\\/2022\\\/04\\\/MiuMjau-logo-kollane.png\",\"contentUrl\":\"https:\\\/\\\/miumjau.ee\\\/wp-content\\\/uploads\\\/2022\\\/04\\\/MiuMjau-logo-kollane.png\",\"width\":219,\"height\":100,\"caption\":\"MiuMjau O\u00dc\"},\"image\":{\"@id\":\"https:\\\/\\\/miumjau.ee\\\/#\\\/schema\\\/logo\\\/image\\\/\"},\"sameAs\":[\"https:\\\/\\\/www.facebook.com\\\/miumjaupood\\\/\"]}]}<\/script>\n<!-- \/ Yoast SEO plugin. -->","yoast_head_json":{"title":"Kat\u0117s vandens fontanas Petrebels Fountain Jet 19, balta - MiuMjau","robots":{"index":"index","follow":"follow","max-snippet":"max-snippet:-1","max-image-preview":"max-image-preview:large","max-video-preview":"max-video-preview:-1"},"canonical":"https:\/\/miumjau.ee\/lt\/produktas\/kates-vandens-fontanas-petrebels-fountain-jet-19-balta\/","og_locale":"lt_LT","og_type":"article","og_title":"Kat\u0117s vandens fontanas Petrebels Fountain Jet 19, balta - MiuMjau","og_description":"Tylus, i\u0161manus ir belaidis g\u0117rimo malonumas Kat\u0117s da\u017enai negeria pakankamai vandens. Tod\u0117l suk\u016br\u0117me i\u0161man\u0173 ir stiling\u0105 sprendim\u0105, kuris padeda tavo katei i\u0161likti hidratuotai ir sveikai visus metus: \u201eJet 19\u201c \u2013 eleganti\u0161ko dizaino geriamasis fontanas kat\u0117ms, veikiantis tiek su laidu, tiek belaid\u017eiu re\u017eimu. Galima pasirinkti nuolatin\u012f vandens sraut\u0105 arba \u012fjungti infraraudon\u0173j\u0173 spinduli\u0173 jutikl\u012f, kuris leid\u017eia vandeniui tek\u0117ti tik tada, kai kat\u0117 yra netoliese. Patogus priedas: permatomas langelis rodo vandens lyg\u012f, o i\u0161mani filtravimo sistema visada i\u0161laiko vanden\u012f \u0161var\u0173 ir gaiv\u0173. Be to, pats fontanas prane\u0161a, kai reikia pakeisti filtr\u0105 arba kai vandens yra per ma\u017eai. Produkto savyb\u0117s:   Matmenys: \u00d8 19,5 cm, auk\u0161tis 15 cm  Galima plauti indaplov\u0117je iki 60 \u00b0C  Veikia tiek laidu, tiek belaid\u017eiu re\u017eimu (USB \u012fkroviklis ir adapteris komplekte)  Talpa: 2 litrai, pagamintas i\u0161 maistinio ABS plastiko  I\u0161manus jutiklis, itin tylus siurblys (&lt; 23 dB) ir moderni filtravimo sistema  Aptikimo atstumas iki 2 metr\u0173  Filtrai parduodami atskirai","og_url":"https:\/\/miumjau.ee\/lt\/produktas\/kates-vandens-fontanas-petrebels-fountain-jet-19-balta\/","og_site_name":"MiuMjau","article_publisher":"https:\/\/www.facebook.com\/miumjaupood\/","article_modified_time":"2026-01-07T18:37:15+00:00","og_image":[{"width":600,"height":800,"url":"https:\/\/miumjau.ee\/wp-content\/uploads\/2025\/09\/kasside-joogi-purskkaev-jet193.jpg","type":"image\/jpeg"}],"twitter_card":"summary_large_image","twitter_misc":{"Est. reading time":"1 minut\u0117"},"schema":{"@context":"https:\/\/schema.org","@graph":[{"@type":"WebPage","@id":"https:\/\/miumjau.ee\/lt\/produktas\/kates-vandens-fontanas-petrebels-fountain-jet-19-balta\/","url":"https:\/\/miumjau.ee\/lt\/produktas\/kates-vandens-fontanas-petrebels-fountain-jet-19-balta\/","name":"Kat\u0117s vandens fontanas Petrebels Fountain Jet 19, balta - MiuMjau","isPartOf":{"@id":"https:\/\/miumjau.ee\/#website"},"primaryImageOfPage":{"@id":"https:\/\/miumjau.ee\/lt\/produktas\/kates-vandens-fontanas-petrebels-fountain-jet-19-balta\/#primaryimage"},"image":{"@id":"https:\/\/miumjau.ee\/lt\/produktas\/kates-vandens-fontanas-petrebels-fountain-jet-19-balta\/#primaryimage"},"thumbnailUrl":"https:\/\/miumjau.ee\/wp-content\/uploads\/2025\/09\/kasside-joogi-purskkaev-jet193.jpg","datePublished":"2025-09-03T08:00:32+00:00","dateModified":"2026-01-07T18:37:15+00:00","breadcrumb":{"@id":"https:\/\/miumjau.ee\/lt\/produktas\/kates-vandens-fontanas-petrebels-fountain-jet-19-balta\/#breadcrumb"},"inLanguage":"lt-LT","potentialAction":[{"@type":"ReadAction","target":["https:\/\/miumjau.ee\/lt\/produktas\/kates-vandens-fontanas-petrebels-fountain-jet-19-balta\/"]}]},{"@type":"ImageObject","inLanguage":"lt-LT","@id":"https:\/\/miumjau.ee\/lt\/produktas\/kates-vandens-fontanas-petrebels-fountain-jet-19-balta\/#primaryimage","url":"https:\/\/miumjau.ee\/wp-content\/uploads\/2025\/09\/kasside-joogi-purskkaev-jet193.jpg","contentUrl":"https:\/\/miumjau.ee\/wp-content\/uploads\/2025\/09\/kasside-joogi-purskkaev-jet193.jpg","width":600,"height":800,"caption":"Kasside joogi purskkaev Petrebels fountain jet 19, valge"},{"@type":"BreadcrumbList","@id":"https:\/\/miumjau.ee\/lt\/produktas\/kates-vandens-fontanas-petrebels-fountain-jet-19-balta\/#breadcrumb","itemListElement":[{"@type":"ListItem","position":1,"name":"Home","item":"https:\/\/miumjau.ee\/lt\/"},{"@type":"ListItem","position":2,"name":"Parduotuv\u0117","item":"https:\/\/miumjau.ee\/lt\/parduotuve\/"},{"@type":"ListItem","position":3,"name":"Kat\u0117s vandens fontanas Petrebels Fountain Jet 19, balta"}]},{"@type":"WebSite","@id":"https:\/\/miumjau.ee\/#website","url":"https:\/\/miumjau.ee\/","name":"MiuMjau","description":"Kraapimispuud kassidele","publisher":{"@id":"https:\/\/miumjau.ee\/#organization"},"potentialAction":[{"@type":"SearchAction","target":{"@type":"EntryPoint","urlTemplate":"https:\/\/miumjau.ee\/?s={search_term_string}"},"query-input":{"@type":"PropertyValueSpecification","valueRequired":true,"valueName":"search_term_string"}}],"inLanguage":"lt-LT"},{"@type":"Organization","@id":"https:\/\/miumjau.ee\/#organization","name":"MiuMjau O\u00dc","url":"https:\/\/miumjau.ee\/","logo":{"@type":"ImageObject","inLanguage":"lt-LT","@id":"https:\/\/miumjau.ee\/#\/schema\/logo\/image\/","url":"https:\/\/miumjau.ee\/wp-content\/uploads\/2022\/04\/MiuMjau-logo-kollane.png","contentUrl":"https:\/\/miumjau.ee\/wp-content\/uploads\/2022\/04\/MiuMjau-logo-kollane.png","width":219,"height":100,"caption":"MiuMjau O\u00dc"},"image":{"@id":"https:\/\/miumjau.ee\/#\/schema\/logo\/image\/"},"sameAs":["https:\/\/www.facebook.com\/miumjaupood\/"]}]}},"_links":{"self":[{"href":"https:\/\/miumjau.ee\/lt\/wp-json\/wp\/v2\/product\/41182","targetHints":{"allow":["GET"]}}],"collection":[{"href":"https:\/\/miumjau.ee\/lt\/wp-json\/wp\/v2\/product"}],"about":[{"href":"https:\/\/miumjau.ee\/lt\/wp-json\/wp\/v2\/types\/product"}],"wp:featuredmedia":[{"embeddable":true,"href":"https:\/\/miumjau.ee\/lt\/wp-json\/wp\/v2\/media\/41207"}],"wp:attachment":[{"href":"https:\/\/miumjau.ee\/lt\/wp-json\/wp\/v2\/media?parent=41182"}],"wp:term":[{"taxonomy":"product_brand","embeddable":true,"href":"https:\/\/miumjau.ee\/lt\/wp-json\/wp\/v2\/product_brand?post=41182"},{"taxonomy":"product_cat","embeddable":true,"href":"https:\/\/miumjau.ee\/lt\/wp-json\/wp\/v2\/product_cat?post=41182"},{"taxonomy":"product_tag","embeddable":true,"href":"https:\/\/miumjau.ee\/lt\/wp-json\/wp\/v2\/product_tag?post=41182"}],"curies":[{"name":"wp","href":"https:\/\/api.w.org\/{rel}","templated":true}]}}