{"id":41181,"date":"2025-09-03T10:53:46","date_gmt":"2025-09-03T07:53:46","guid":{"rendered":"https:\/\/miumjau.ee\/toode\/automatinis-petrebels-kates-vandens-indo-filtras\/"},"modified":"2026-01-07T20:53:12","modified_gmt":"2026-01-07T18:53:12","slug":"automatinis-petrebels-kates-vandens-indo-filtras","status":"publish","type":"product","link":"https:\/\/miumjau.ee\/lt\/produktas\/automatinis-petrebels-kates-vandens-indo-filtras\/","title":{"rendered":"Automatinis Petrebels kat\u0117s vandens indo filtras"},"content":{"rendered":"","protected":false},"excerpt":{"rendered":"<p><strong>Geriamojo fontano filtr\u0173 rinkinys, 3 vnt.<\/strong><br \/>\n\u0160iame filtr\u0173 rinkinyje yra 3 filtrai ir 3 kempin\u0117l\u0117s, tinkamos \u201eJET 19\u201c ir \u201eSpring 20\u201c geriamiesiems fontanams.<br \/>\nVandens filtr\u0105 lengva pakeisti, o kad vanduo visada b\u016bt\u0173 \u0161vie\u017eias ir \u0161varus, rekomenduojama filtr\u0105 keisti kas 2\u20134 savaites.<br \/>\nFiltras turi daugiasluoksn\u0119 sistem\u0105, kuri u\u017etikrina tavo augintiniui visada \u0161var\u0173 geriam\u0105j\u012f vanden\u012f. Filtrai sudaryti i\u0161 trij\u0173 kamer\u0173 ir specialaus PP medvilninio sluoksnio. Filtr\u0173 kamerose yra:<\/p>\n<ul>\n<li><strong>KDF filtras<\/strong> \u2013 suma\u017eina arba pa\u0161alina i\u0161 \u010diaupo vandens chlor\u0105, gele\u017e\u012f, vandenilio sulfid\u0105, \u0161vin\u0105, gyvsidabr\u012f ir kitus sunkuosius metalus. Taip pat slopina bakterij\u0173, dumbli\u0173 ir grybeli\u0173 augim\u0105.<\/li>\n<li><strong>Aktyvinta anglis<\/strong> \u2013 pa\u0161alina chlor\u0105, chemikalus bei nemalonius skonius ir kvapus, u\u017etikrindama paprast\u0105, bet veiksming\u0105 sprendim\u0105 \u0161varesniam ir geresnio skonio vandeniui.<\/li>\n<li><strong>Jon\u0173 main\u0173 derva<\/strong> \u2013 pa\u0161alina i\u0161 \u010diaupo vandens kalc\u012f ir magn\u012f.<\/li>\n<\/ul>\n<p>Rinkinyje taip pat yra 3 atskiros kempin\u0117l\u0117s filtravimo siurbliui. Kempin\u0117l\u0117s apsaugo siurblio rotori\u0173 ir jas taip pat reik\u0117t\u0173 keisti kas 2\u20134 savaites.<\/p>\n","protected":false},"featured_media":41204,"template":"","meta":[],"product_brand":[],"product_cat":[529,524],"product_tag":[],"class_list":{"0":"post-41181","1":"product","2":"type-product","3":"status-publish","4":"has-post-thumbnail","6":"product_cat-maisto-indai-katems","7":"product_cat-kaup24-lt","9":"first","10":"instock","11":"taxable","12":"shipping-taxable","13":"purchasable","14":"product-type-simple"},"yoast_head":"<!-- This site is optimized with the Yoast SEO plugin v27.2 - https:\/\/yoast.com\/product\/yoast-seo-wordpress\/ -->\n<title>Automatinis Petrebels kat\u0117s vandens indo filtras - MiuMjau<\/title>\n<meta name=\"robots\" content=\"index, follow, max-snippet:-1, max-image-preview:large, max-video-preview:-1\" \/>\n<link rel=\"canonical\" href=\"https:\/\/miumjau.ee\/lt\/produktas\/automatinis-petrebels-kates-vandens-indo-filtras\/\" \/>\n<meta property=\"og:locale\" content=\"lt_LT\" \/>\n<meta property=\"og:type\" content=\"article\" \/>\n<meta property=\"og:title\" content=\"Automatinis Petrebels kat\u0117s vandens indo filtras - MiuMjau\" \/>\n<meta property=\"og:description\" content=\"Geriamojo fontano filtr\u0173 rinkinys, 3 vnt. \u0160iame filtr\u0173 rinkinyje yra 3 filtrai ir 3 kempin\u0117l\u0117s, tinkamos \u201eJET 19\u201c ir \u201eSpring 20\u201c geriamiesiems fontanams. Vandens filtr\u0105 lengva pakeisti, o kad vanduo visada b\u016bt\u0173 \u0161vie\u017eias ir \u0161varus, rekomenduojama filtr\u0105 keisti kas 2\u20134 savaites. Filtras turi daugiasluoksn\u0119 sistem\u0105, kuri u\u017etikrina tavo augintiniui visada \u0161var\u0173 geriam\u0105j\u012f vanden\u012f. Filtrai sudaryti i\u0161 trij\u0173 kamer\u0173 ir specialaus PP medvilninio sluoksnio. Filtr\u0173 kamerose yra:   KDF filtras \u2013 suma\u017eina arba pa\u0161alina i\u0161 \u010diaupo vandens chlor\u0105, gele\u017e\u012f, vandenilio sulfid\u0105, \u0161vin\u0105, gyvsidabr\u012f ir kitus sunkuosius metalus. Taip pat slopina bakterij\u0173, dumbli\u0173 ir grybeli\u0173 augim\u0105.  Aktyvinta anglis \u2013 pa\u0161alina chlor\u0105, chemikalus bei nemalonius skonius ir kvapus, u\u017etikrindama paprast\u0105, bet veiksming\u0105 sprendim\u0105 \u0161varesniam ir geresnio skonio vandeniui.  Jon\u0173 main\u0173 derva \u2013 pa\u0161alina i\u0161 \u010diaupo vandens kalc\u012f ir magn\u012f.  Rinkinyje taip pat yra 3 atskiros kempin\u0117l\u0117s filtravimo siurbliui. Kempin\u0117l\u0117s apsaugo siurblio rotori\u0173 ir jas taip pat reik\u0117t\u0173 keisti kas 2\u20134 savaites.\" \/>\n<meta property=\"og:url\" content=\"https:\/\/miumjau.ee\/lt\/produktas\/automatinis-petrebels-kates-vandens-indo-filtras\/\" \/>\n<meta property=\"og:site_name\" content=\"MiuMjau\" \/>\n<meta property=\"article:publisher\" content=\"https:\/\/www.facebook.com\/miumjaupood\/\" \/>\n<meta property=\"article:modified_time\" content=\"2026-01-07T18:53:12+00:00\" \/>\n<meta property=\"og:image\" content=\"https:\/\/miumjau.ee\/wp-content\/uploads\/2025\/09\/kassi-automaatse-veenou-filter2.jpg\" \/>\n\t<meta property=\"og:image:width\" content=\"600\" \/>\n\t<meta property=\"og:image:height\" content=\"800\" \/>\n\t<meta property=\"og:image:type\" content=\"image\/jpeg\" \/>\n<meta name=\"twitter:card\" content=\"summary_large_image\" \/>\n<script type=\"application\/ld+json\" class=\"yoast-schema-graph\">{\"@context\":\"https:\/\/schema.org\",\"@graph\":[{\"@type\":\"WebPage\",\"@id\":\"https:\/\/miumjau.ee\/lt\/produktas\/automatinis-petrebels-kates-vandens-indo-filtras\/\",\"url\":\"https:\/\/miumjau.ee\/lt\/produktas\/automatinis-petrebels-kates-vandens-indo-filtras\/\",\"name\":\"Automatinis Petrebels kat\u0117s vandens indo filtras - MiuMjau\",\"isPartOf\":{\"@id\":\"https:\/\/miumjau.ee\/#website\"},\"primaryImageOfPage\":{\"@id\":\"https:\/\/miumjau.ee\/lt\/produktas\/automatinis-petrebels-kates-vandens-indo-filtras\/#primaryimage\"},\"image\":{\"@id\":\"https:\/\/miumjau.ee\/lt\/produktas\/automatinis-petrebels-kates-vandens-indo-filtras\/#primaryimage\"},\"thumbnailUrl\":\"https:\/\/miumjau.ee\/wp-content\/uploads\/2025\/09\/kassi-automaatse-veenou-filter2.jpg\",\"datePublished\":\"2025-09-03T07:53:46+00:00\",\"dateModified\":\"2026-01-07T18:53:12+00:00\",\"breadcrumb\":{\"@id\":\"https:\/\/miumjau.ee\/lt\/produktas\/automatinis-petrebels-kates-vandens-indo-filtras\/#breadcrumb\"},\"inLanguage\":\"lt-LT\",\"potentialAction\":[{\"@type\":\"ReadAction\",\"target\":[\"https:\/\/miumjau.ee\/lt\/produktas\/automatinis-petrebels-kates-vandens-indo-filtras\/\"]}]},{\"@type\":\"ImageObject\",\"inLanguage\":\"lt-LT\",\"@id\":\"https:\/\/miumjau.ee\/lt\/produktas\/automatinis-petrebels-kates-vandens-indo-filtras\/#primaryimage\",\"url\":\"https:\/\/miumjau.ee\/wp-content\/uploads\/2025\/09\/kassi-automaatse-veenou-filter2.jpg\",\"contentUrl\":\"https:\/\/miumjau.ee\/wp-content\/uploads\/2025\/09\/kassi-automaatse-veenou-filter2.jpg\",\"width\":600,\"height\":800,\"caption\":\"Automaatse Petrebels kasside joogin\u00f5u filter\"},{\"@type\":\"BreadcrumbList\",\"@id\":\"https:\/\/miumjau.ee\/lt\/produktas\/automatinis-petrebels-kates-vandens-indo-filtras\/#breadcrumb\",\"itemListElement\":[{\"@type\":\"ListItem\",\"position\":1,\"name\":\"Home\",\"item\":\"https:\/\/miumjau.ee\/lt\/\"},{\"@type\":\"ListItem\",\"position\":2,\"name\":\"Parduotuv\u0117\",\"item\":\"https:\/\/miumjau.ee\/lt\/parduotuve\/\"},{\"@type\":\"ListItem\",\"position\":3,\"name\":\"Automatinis Petrebels kat\u0117s vandens indo filtras\"}]},{\"@type\":\"WebSite\",\"@id\":\"https:\/\/miumjau.ee\/#website\",\"url\":\"https:\/\/miumjau.ee\/\",\"name\":\"MiuMjau\",\"description\":\"Kraapimispuud kassidele\",\"publisher\":{\"@id\":\"https:\/\/miumjau.ee\/#organization\"},\"potentialAction\":[{\"@type\":\"SearchAction\",\"target\":{\"@type\":\"EntryPoint\",\"urlTemplate\":\"https:\/\/miumjau.ee\/?s={search_term_string}\"},\"query-input\":{\"@type\":\"PropertyValueSpecification\",\"valueRequired\":true,\"valueName\":\"search_term_string\"}}],\"inLanguage\":\"lt-LT\"},{\"@type\":\"Organization\",\"@id\":\"https:\/\/miumjau.ee\/#organization\",\"name\":\"MiuMjau O\u00dc\",\"url\":\"https:\/\/miumjau.ee\/\",\"logo\":{\"@type\":\"ImageObject\",\"inLanguage\":\"lt-LT\",\"@id\":\"https:\/\/miumjau.ee\/#\/schema\/logo\/image\/\",\"url\":\"https:\/\/miumjau.ee\/wp-content\/uploads\/2022\/04\/MiuMjau-logo-kollane.png\",\"contentUrl\":\"https:\/\/miumjau.ee\/wp-content\/uploads\/2022\/04\/MiuMjau-logo-kollane.png\",\"width\":219,\"height\":100,\"caption\":\"MiuMjau O\u00dc\"},\"image\":{\"@id\":\"https:\/\/miumjau.ee\/#\/schema\/logo\/image\/\"},\"sameAs\":[\"https:\/\/www.facebook.com\/miumjaupood\/\"]}]}<\/script>\n<!-- \/ Yoast SEO plugin. -->","yoast_head_json":{"title":"Automatinis Petrebels kat\u0117s vandens indo filtras - MiuMjau","robots":{"index":"index","follow":"follow","max-snippet":"max-snippet:-1","max-image-preview":"max-image-preview:large","max-video-preview":"max-video-preview:-1"},"canonical":"https:\/\/miumjau.ee\/lt\/produktas\/automatinis-petrebels-kates-vandens-indo-filtras\/","og_locale":"lt_LT","og_type":"article","og_title":"Automatinis Petrebels kat\u0117s vandens indo filtras - MiuMjau","og_description":"Geriamojo fontano filtr\u0173 rinkinys, 3 vnt. \u0160iame filtr\u0173 rinkinyje yra 3 filtrai ir 3 kempin\u0117l\u0117s, tinkamos \u201eJET 19\u201c ir \u201eSpring 20\u201c geriamiesiems fontanams. Vandens filtr\u0105 lengva pakeisti, o kad vanduo visada b\u016bt\u0173 \u0161vie\u017eias ir \u0161varus, rekomenduojama filtr\u0105 keisti kas 2\u20134 savaites. Filtras turi daugiasluoksn\u0119 sistem\u0105, kuri u\u017etikrina tavo augintiniui visada \u0161var\u0173 geriam\u0105j\u012f vanden\u012f. Filtrai sudaryti i\u0161 trij\u0173 kamer\u0173 ir specialaus PP medvilninio sluoksnio. Filtr\u0173 kamerose yra:   KDF filtras \u2013 suma\u017eina arba pa\u0161alina i\u0161 \u010diaupo vandens chlor\u0105, gele\u017e\u012f, vandenilio sulfid\u0105, \u0161vin\u0105, gyvsidabr\u012f ir kitus sunkuosius metalus. Taip pat slopina bakterij\u0173, dumbli\u0173 ir grybeli\u0173 augim\u0105.  Aktyvinta anglis \u2013 pa\u0161alina chlor\u0105, chemikalus bei nemalonius skonius ir kvapus, u\u017etikrindama paprast\u0105, bet veiksming\u0105 sprendim\u0105 \u0161varesniam ir geresnio skonio vandeniui.  Jon\u0173 main\u0173 derva \u2013 pa\u0161alina i\u0161 \u010diaupo vandens kalc\u012f ir magn\u012f.  Rinkinyje taip pat yra 3 atskiros kempin\u0117l\u0117s filtravimo siurbliui. Kempin\u0117l\u0117s apsaugo siurblio rotori\u0173 ir jas taip pat reik\u0117t\u0173 keisti kas 2\u20134 savaites.","og_url":"https:\/\/miumjau.ee\/lt\/produktas\/automatinis-petrebels-kates-vandens-indo-filtras\/","og_site_name":"MiuMjau","article_publisher":"https:\/\/www.facebook.com\/miumjaupood\/","article_modified_time":"2026-01-07T18:53:12+00:00","og_image":[{"width":600,"height":800,"url":"https:\/\/miumjau.ee\/wp-content\/uploads\/2025\/09\/kassi-automaatse-veenou-filter2.jpg","type":"image\/jpeg"}],"twitter_card":"summary_large_image","schema":{"@context":"https:\/\/schema.org","@graph":[{"@type":"WebPage","@id":"https:\/\/miumjau.ee\/lt\/produktas\/automatinis-petrebels-kates-vandens-indo-filtras\/","url":"https:\/\/miumjau.ee\/lt\/produktas\/automatinis-petrebels-kates-vandens-indo-filtras\/","name":"Automatinis Petrebels kat\u0117s vandens indo filtras - MiuMjau","isPartOf":{"@id":"https:\/\/miumjau.ee\/#website"},"primaryImageOfPage":{"@id":"https:\/\/miumjau.ee\/lt\/produktas\/automatinis-petrebels-kates-vandens-indo-filtras\/#primaryimage"},"image":{"@id":"https:\/\/miumjau.ee\/lt\/produktas\/automatinis-petrebels-kates-vandens-indo-filtras\/#primaryimage"},"thumbnailUrl":"https:\/\/miumjau.ee\/wp-content\/uploads\/2025\/09\/kassi-automaatse-veenou-filter2.jpg","datePublished":"2025-09-03T07:53:46+00:00","dateModified":"2026-01-07T18:53:12+00:00","breadcrumb":{"@id":"https:\/\/miumjau.ee\/lt\/produktas\/automatinis-petrebels-kates-vandens-indo-filtras\/#breadcrumb"},"inLanguage":"lt-LT","potentialAction":[{"@type":"ReadAction","target":["https:\/\/miumjau.ee\/lt\/produktas\/automatinis-petrebels-kates-vandens-indo-filtras\/"]}]},{"@type":"ImageObject","inLanguage":"lt-LT","@id":"https:\/\/miumjau.ee\/lt\/produktas\/automatinis-petrebels-kates-vandens-indo-filtras\/#primaryimage","url":"https:\/\/miumjau.ee\/wp-content\/uploads\/2025\/09\/kassi-automaatse-veenou-filter2.jpg","contentUrl":"https:\/\/miumjau.ee\/wp-content\/uploads\/2025\/09\/kassi-automaatse-veenou-filter2.jpg","width":600,"height":800,"caption":"Automaatse Petrebels kasside joogin\u00f5u filter"},{"@type":"BreadcrumbList","@id":"https:\/\/miumjau.ee\/lt\/produktas\/automatinis-petrebels-kates-vandens-indo-filtras\/#breadcrumb","itemListElement":[{"@type":"ListItem","position":1,"name":"Home","item":"https:\/\/miumjau.ee\/lt\/"},{"@type":"ListItem","position":2,"name":"Parduotuv\u0117","item":"https:\/\/miumjau.ee\/lt\/parduotuve\/"},{"@type":"ListItem","position":3,"name":"Automatinis Petrebels kat\u0117s vandens indo filtras"}]},{"@type":"WebSite","@id":"https:\/\/miumjau.ee\/#website","url":"https:\/\/miumjau.ee\/","name":"MiuMjau","description":"Kraapimispuud kassidele","publisher":{"@id":"https:\/\/miumjau.ee\/#organization"},"potentialAction":[{"@type":"SearchAction","target":{"@type":"EntryPoint","urlTemplate":"https:\/\/miumjau.ee\/?s={search_term_string}"},"query-input":{"@type":"PropertyValueSpecification","valueRequired":true,"valueName":"search_term_string"}}],"inLanguage":"lt-LT"},{"@type":"Organization","@id":"https:\/\/miumjau.ee\/#organization","name":"MiuMjau O\u00dc","url":"https:\/\/miumjau.ee\/","logo":{"@type":"ImageObject","inLanguage":"lt-LT","@id":"https:\/\/miumjau.ee\/#\/schema\/logo\/image\/","url":"https:\/\/miumjau.ee\/wp-content\/uploads\/2022\/04\/MiuMjau-logo-kollane.png","contentUrl":"https:\/\/miumjau.ee\/wp-content\/uploads\/2022\/04\/MiuMjau-logo-kollane.png","width":219,"height":100,"caption":"MiuMjau O\u00dc"},"image":{"@id":"https:\/\/miumjau.ee\/#\/schema\/logo\/image\/"},"sameAs":["https:\/\/www.facebook.com\/miumjaupood\/"]}]}},"_links":{"self":[{"href":"https:\/\/miumjau.ee\/lt\/wp-json\/wp\/v2\/product\/41181","targetHints":{"allow":["GET"]}}],"collection":[{"href":"https:\/\/miumjau.ee\/lt\/wp-json\/wp\/v2\/product"}],"about":[{"href":"https:\/\/miumjau.ee\/lt\/wp-json\/wp\/v2\/types\/product"}],"wp:featuredmedia":[{"embeddable":true,"href":"https:\/\/miumjau.ee\/lt\/wp-json\/wp\/v2\/media\/41204"}],"wp:attachment":[{"href":"https:\/\/miumjau.ee\/lt\/wp-json\/wp\/v2\/media?parent=41181"}],"wp:term":[{"taxonomy":"product_brand","embeddable":true,"href":"https:\/\/miumjau.ee\/lt\/wp-json\/wp\/v2\/product_brand?post=41181"},{"taxonomy":"product_cat","embeddable":true,"href":"https:\/\/miumjau.ee\/lt\/wp-json\/wp\/v2\/product_cat?post=41181"},{"taxonomy":"product_tag","embeddable":true,"href":"https:\/\/miumjau.ee\/lt\/wp-json\/wp\/v2\/product_tag?post=41181"}],"curies":[{"name":"wp","href":"https:\/\/api.w.org\/{rel}","templated":true}]}}