{"id":41179,"date":"2025-09-03T10:59:14","date_gmt":"2025-09-03T07:59:14","guid":{"rendered":"https:\/\/miumjau.ee\/toode\/kates-vandens-fontanas-petrebels-spring-20-juoda\/"},"modified":"2026-01-07T20:53:12","modified_gmt":"2026-01-07T18:53:12","slug":"kates-vandens-fontanas-petrebels-spring-20-juoda","status":"publish","type":"product","link":"https:\/\/miumjau.ee\/lt\/produktas\/kates-vandens-fontanas-petrebels-spring-20-juoda\/","title":{"rendered":"Kat\u0117s vandens fontanas Petrebels Spring 20, juoda"},"content":{"rendered":"","protected":false},"excerpt":{"rendered":"<p><strong>Visada \u0161vie\u017eias tekantis vanduo j\u016bs\u0173 katei!<\/strong><br \/>\nPalepinkite savo kat\u0119 \u201eSpring 20\u201c geriamojo vandens fontanu \u2013 stilingu \u0161altiniu, i\u0161 kurio vanduo i\u0161 ties\u0173 teka. D\u0117l 360\u00b0 du\u0161o tipo antgalio vanduo cirkuliuoja nuolat, tod\u0117l kat\u0117 skatinama gerti da\u017eniau \u2013 tai, ko reikia jos sveikatai. Siurblys veikia ypa\u010d tyliai (> 35 dB), tad jo beveik nesigirdi. Talpyklos t\u016bris \u2013 net 2,4 l, o i\u0161mani filtravimo sistema palaiko vanden\u012f \u0161var\u0173 ir be bakterij\u0173. Patogu: per permatom\u0105 langel\u012f galite tiksliai matyti, kiek vandens liko. Vakare LED ap\u0161vietimas padeda lengvai pasteb\u0117ti vandens lyg\u012f.<br \/>\n<strong>Produkto ypatyb\u0117s:<\/strong><\/p>\n<ul>\n<li>Matmenys: \u00d8 20,10 cm, auk\u0161tis 14,5 cm<\/li>\n<li>Paprasta valyti<\/li>\n<li>Tinka plauti indaplov\u0117je iki 60 \u00b0C<\/li>\n<li>Pagaminta i\u0161 maistinio ABS plastiko<\/li>\n<li>Veikia su laidu (pridedamas USB \u012fkroviklis ir adapteris)<\/li>\n<li>Filtrai parduodami atskirai<\/li>\n<\/ul>\n","protected":false},"featured_media":41208,"template":"","meta":[],"product_brand":[],"product_cat":[524,529],"product_tag":[],"class_list":{"0":"post-41179","1":"product","2":"type-product","3":"status-publish","4":"has-post-thumbnail","6":"product_cat-kaup24-lt","7":"product_cat-maisto-indai-katems","9":"first","10":"instock","11":"taxable","12":"shipping-taxable","13":"purchasable","14":"product-type-simple"},"yoast_head":"<!-- This site is optimized with the Yoast SEO plugin v27.4 - https:\/\/yoast.com\/product\/yoast-seo-wordpress\/ -->\n<title>Kat\u0117s vandens fontanas Petrebels Spring 20, juoda - MiuMjau<\/title>\n<meta name=\"robots\" content=\"index, follow, max-snippet:-1, max-image-preview:large, max-video-preview:-1\" \/>\n<link rel=\"canonical\" href=\"https:\/\/miumjau.ee\/lt\/produktas\/kates-vandens-fontanas-petrebels-spring-20-juoda\/\" \/>\n<meta property=\"og:locale\" content=\"lt_LT\" \/>\n<meta property=\"og:type\" content=\"article\" \/>\n<meta property=\"og:title\" content=\"Kat\u0117s vandens fontanas Petrebels Spring 20, juoda - MiuMjau\" \/>\n<meta property=\"og:description\" content=\"Visada \u0161vie\u017eias tekantis vanduo j\u016bs\u0173 katei! Palepinkite savo kat\u0119 \u201eSpring 20\u201c geriamojo vandens fontanu \u2013 stilingu \u0161altiniu, i\u0161 kurio vanduo i\u0161 ties\u0173 teka. D\u0117l 360\u00b0 du\u0161o tipo antgalio vanduo cirkuliuoja nuolat, tod\u0117l kat\u0117 skatinama gerti da\u017eniau \u2013 tai, ko reikia jos sveikatai. Siurblys veikia ypa\u010d tyliai (&gt; 35 dB), tad jo beveik nesigirdi. Talpyklos t\u016bris \u2013 net 2,4 l, o i\u0161mani filtravimo sistema palaiko vanden\u012f \u0161var\u0173 ir be bakterij\u0173. Patogu: per permatom\u0105 langel\u012f galite tiksliai matyti, kiek vandens liko. Vakare LED ap\u0161vietimas padeda lengvai pasteb\u0117ti vandens lyg\u012f. Produkto ypatyb\u0117s: Matmenys: \u00d8 20,10 cm, auk\u0161tis 14,5 cm Paprasta valyti Tinka plauti indaplov\u0117je iki 60 \u00b0C Pagaminta i\u0161 maistinio ABS plastiko Veikia su laidu (pridedamas USB \u012fkroviklis ir adapteris) Filtrai parduodami atskirai\" \/>\n<meta property=\"og:url\" content=\"https:\/\/miumjau.ee\/lt\/produktas\/kates-vandens-fontanas-petrebels-spring-20-juoda\/\" \/>\n<meta property=\"og:site_name\" content=\"MiuMjau\" \/>\n<meta property=\"article:publisher\" content=\"https:\/\/www.facebook.com\/miumjaupood\/\" \/>\n<meta property=\"article:modified_time\" content=\"2026-01-07T18:53:12+00:00\" \/>\n<meta property=\"og:image\" content=\"https:\/\/miumjau.ee\/wp-content\/uploads\/2025\/09\/kasside-joogipurskkaev-spring202.jpg\" \/>\n\t<meta property=\"og:image:width\" content=\"600\" \/>\n\t<meta property=\"og:image:height\" content=\"800\" \/>\n\t<meta property=\"og:image:type\" content=\"image\/jpeg\" \/>\n<meta name=\"twitter:card\" content=\"summary_large_image\" \/>\n<script type=\"application\/ld+json\" class=\"yoast-schema-graph\">{\"@context\":\"https:\\\/\\\/schema.org\",\"@graph\":[{\"@type\":\"WebPage\",\"@id\":\"https:\\\/\\\/miumjau.ee\\\/lt\\\/produktas\\\/kates-vandens-fontanas-petrebels-spring-20-juoda\\\/\",\"url\":\"https:\\\/\\\/miumjau.ee\\\/lt\\\/produktas\\\/kates-vandens-fontanas-petrebels-spring-20-juoda\\\/\",\"name\":\"Kat\u0117s vandens fontanas Petrebels Spring 20, juoda - MiuMjau\",\"isPartOf\":{\"@id\":\"https:\\\/\\\/miumjau.ee\\\/#website\"},\"primaryImageOfPage\":{\"@id\":\"https:\\\/\\\/miumjau.ee\\\/lt\\\/produktas\\\/kates-vandens-fontanas-petrebels-spring-20-juoda\\\/#primaryimage\"},\"image\":{\"@id\":\"https:\\\/\\\/miumjau.ee\\\/lt\\\/produktas\\\/kates-vandens-fontanas-petrebels-spring-20-juoda\\\/#primaryimage\"},\"thumbnailUrl\":\"https:\\\/\\\/miumjau.ee\\\/wp-content\\\/uploads\\\/2025\\\/09\\\/kasside-joogipurskkaev-spring202.jpg\",\"datePublished\":\"2025-09-03T07:59:14+00:00\",\"dateModified\":\"2026-01-07T18:53:12+00:00\",\"breadcrumb\":{\"@id\":\"https:\\\/\\\/miumjau.ee\\\/lt\\\/produktas\\\/kates-vandens-fontanas-petrebels-spring-20-juoda\\\/#breadcrumb\"},\"inLanguage\":\"lt-LT\",\"potentialAction\":[{\"@type\":\"ReadAction\",\"target\":[\"https:\\\/\\\/miumjau.ee\\\/lt\\\/produktas\\\/kates-vandens-fontanas-petrebels-spring-20-juoda\\\/\"]}]},{\"@type\":\"ImageObject\",\"inLanguage\":\"lt-LT\",\"@id\":\"https:\\\/\\\/miumjau.ee\\\/lt\\\/produktas\\\/kates-vandens-fontanas-petrebels-spring-20-juoda\\\/#primaryimage\",\"url\":\"https:\\\/\\\/miumjau.ee\\\/wp-content\\\/uploads\\\/2025\\\/09\\\/kasside-joogipurskkaev-spring202.jpg\",\"contentUrl\":\"https:\\\/\\\/miumjau.ee\\\/wp-content\\\/uploads\\\/2025\\\/09\\\/kasside-joogipurskkaev-spring202.jpg\",\"width\":600,\"height\":800,\"caption\":\"Kasside joogi purskkaev Petrebels Spring 20, must\"},{\"@type\":\"BreadcrumbList\",\"@id\":\"https:\\\/\\\/miumjau.ee\\\/lt\\\/produktas\\\/kates-vandens-fontanas-petrebels-spring-20-juoda\\\/#breadcrumb\",\"itemListElement\":[{\"@type\":\"ListItem\",\"position\":1,\"name\":\"Home\",\"item\":\"https:\\\/\\\/miumjau.ee\\\/lt\\\/\"},{\"@type\":\"ListItem\",\"position\":2,\"name\":\"Parduotuv\u0117\",\"item\":\"https:\\\/\\\/miumjau.ee\\\/lt\\\/parduotuve\\\/\"},{\"@type\":\"ListItem\",\"position\":3,\"name\":\"Kat\u0117s vandens fontanas Petrebels Spring 20, juoda\"}]},{\"@type\":\"WebSite\",\"@id\":\"https:\\\/\\\/miumjau.ee\\\/#website\",\"url\":\"https:\\\/\\\/miumjau.ee\\\/\",\"name\":\"MiuMjau\",\"description\":\"Kraapimispuud kassidele\",\"publisher\":{\"@id\":\"https:\\\/\\\/miumjau.ee\\\/#organization\"},\"potentialAction\":[{\"@type\":\"SearchAction\",\"target\":{\"@type\":\"EntryPoint\",\"urlTemplate\":\"https:\\\/\\\/miumjau.ee\\\/?s={search_term_string}\"},\"query-input\":{\"@type\":\"PropertyValueSpecification\",\"valueRequired\":true,\"valueName\":\"search_term_string\"}}],\"inLanguage\":\"lt-LT\"},{\"@type\":\"Organization\",\"@id\":\"https:\\\/\\\/miumjau.ee\\\/#organization\",\"name\":\"MiuMjau O\u00dc\",\"url\":\"https:\\\/\\\/miumjau.ee\\\/\",\"logo\":{\"@type\":\"ImageObject\",\"inLanguage\":\"lt-LT\",\"@id\":\"https:\\\/\\\/miumjau.ee\\\/#\\\/schema\\\/logo\\\/image\\\/\",\"url\":\"https:\\\/\\\/miumjau.ee\\\/wp-content\\\/uploads\\\/2022\\\/04\\\/MiuMjau-logo-kollane.png\",\"contentUrl\":\"https:\\\/\\\/miumjau.ee\\\/wp-content\\\/uploads\\\/2022\\\/04\\\/MiuMjau-logo-kollane.png\",\"width\":219,\"height\":100,\"caption\":\"MiuMjau O\u00dc\"},\"image\":{\"@id\":\"https:\\\/\\\/miumjau.ee\\\/#\\\/schema\\\/logo\\\/image\\\/\"},\"sameAs\":[\"https:\\\/\\\/www.facebook.com\\\/miumjaupood\\\/\"]}]}<\/script>\n<!-- \/ Yoast SEO plugin. -->","yoast_head_json":{"title":"Kat\u0117s vandens fontanas Petrebels Spring 20, juoda - MiuMjau","robots":{"index":"index","follow":"follow","max-snippet":"max-snippet:-1","max-image-preview":"max-image-preview:large","max-video-preview":"max-video-preview:-1"},"canonical":"https:\/\/miumjau.ee\/lt\/produktas\/kates-vandens-fontanas-petrebels-spring-20-juoda\/","og_locale":"lt_LT","og_type":"article","og_title":"Kat\u0117s vandens fontanas Petrebels Spring 20, juoda - MiuMjau","og_description":"Visada \u0161vie\u017eias tekantis vanduo j\u016bs\u0173 katei! Palepinkite savo kat\u0119 \u201eSpring 20\u201c geriamojo vandens fontanu \u2013 stilingu \u0161altiniu, i\u0161 kurio vanduo i\u0161 ties\u0173 teka. D\u0117l 360\u00b0 du\u0161o tipo antgalio vanduo cirkuliuoja nuolat, tod\u0117l kat\u0117 skatinama gerti da\u017eniau \u2013 tai, ko reikia jos sveikatai. Siurblys veikia ypa\u010d tyliai (> 35 dB), tad jo beveik nesigirdi. Talpyklos t\u016bris \u2013 net 2,4 l, o i\u0161mani filtravimo sistema palaiko vanden\u012f \u0161var\u0173 ir be bakterij\u0173. Patogu: per permatom\u0105 langel\u012f galite tiksliai matyti, kiek vandens liko. Vakare LED ap\u0161vietimas padeda lengvai pasteb\u0117ti vandens lyg\u012f. Produkto ypatyb\u0117s: Matmenys: \u00d8 20,10 cm, auk\u0161tis 14,5 cm Paprasta valyti Tinka plauti indaplov\u0117je iki 60 \u00b0C Pagaminta i\u0161 maistinio ABS plastiko Veikia su laidu (pridedamas USB \u012fkroviklis ir adapteris) Filtrai parduodami atskirai","og_url":"https:\/\/miumjau.ee\/lt\/produktas\/kates-vandens-fontanas-petrebels-spring-20-juoda\/","og_site_name":"MiuMjau","article_publisher":"https:\/\/www.facebook.com\/miumjaupood\/","article_modified_time":"2026-01-07T18:53:12+00:00","og_image":[{"width":600,"height":800,"url":"https:\/\/miumjau.ee\/wp-content\/uploads\/2025\/09\/kasside-joogipurskkaev-spring202.jpg","type":"image\/jpeg"}],"twitter_card":"summary_large_image","schema":{"@context":"https:\/\/schema.org","@graph":[{"@type":"WebPage","@id":"https:\/\/miumjau.ee\/lt\/produktas\/kates-vandens-fontanas-petrebels-spring-20-juoda\/","url":"https:\/\/miumjau.ee\/lt\/produktas\/kates-vandens-fontanas-petrebels-spring-20-juoda\/","name":"Kat\u0117s vandens fontanas Petrebels Spring 20, juoda - MiuMjau","isPartOf":{"@id":"https:\/\/miumjau.ee\/#website"},"primaryImageOfPage":{"@id":"https:\/\/miumjau.ee\/lt\/produktas\/kates-vandens-fontanas-petrebels-spring-20-juoda\/#primaryimage"},"image":{"@id":"https:\/\/miumjau.ee\/lt\/produktas\/kates-vandens-fontanas-petrebels-spring-20-juoda\/#primaryimage"},"thumbnailUrl":"https:\/\/miumjau.ee\/wp-content\/uploads\/2025\/09\/kasside-joogipurskkaev-spring202.jpg","datePublished":"2025-09-03T07:59:14+00:00","dateModified":"2026-01-07T18:53:12+00:00","breadcrumb":{"@id":"https:\/\/miumjau.ee\/lt\/produktas\/kates-vandens-fontanas-petrebels-spring-20-juoda\/#breadcrumb"},"inLanguage":"lt-LT","potentialAction":[{"@type":"ReadAction","target":["https:\/\/miumjau.ee\/lt\/produktas\/kates-vandens-fontanas-petrebels-spring-20-juoda\/"]}]},{"@type":"ImageObject","inLanguage":"lt-LT","@id":"https:\/\/miumjau.ee\/lt\/produktas\/kates-vandens-fontanas-petrebels-spring-20-juoda\/#primaryimage","url":"https:\/\/miumjau.ee\/wp-content\/uploads\/2025\/09\/kasside-joogipurskkaev-spring202.jpg","contentUrl":"https:\/\/miumjau.ee\/wp-content\/uploads\/2025\/09\/kasside-joogipurskkaev-spring202.jpg","width":600,"height":800,"caption":"Kasside joogi purskkaev Petrebels Spring 20, must"},{"@type":"BreadcrumbList","@id":"https:\/\/miumjau.ee\/lt\/produktas\/kates-vandens-fontanas-petrebels-spring-20-juoda\/#breadcrumb","itemListElement":[{"@type":"ListItem","position":1,"name":"Home","item":"https:\/\/miumjau.ee\/lt\/"},{"@type":"ListItem","position":2,"name":"Parduotuv\u0117","item":"https:\/\/miumjau.ee\/lt\/parduotuve\/"},{"@type":"ListItem","position":3,"name":"Kat\u0117s vandens fontanas Petrebels Spring 20, juoda"}]},{"@type":"WebSite","@id":"https:\/\/miumjau.ee\/#website","url":"https:\/\/miumjau.ee\/","name":"MiuMjau","description":"Kraapimispuud kassidele","publisher":{"@id":"https:\/\/miumjau.ee\/#organization"},"potentialAction":[{"@type":"SearchAction","target":{"@type":"EntryPoint","urlTemplate":"https:\/\/miumjau.ee\/?s={search_term_string}"},"query-input":{"@type":"PropertyValueSpecification","valueRequired":true,"valueName":"search_term_string"}}],"inLanguage":"lt-LT"},{"@type":"Organization","@id":"https:\/\/miumjau.ee\/#organization","name":"MiuMjau O\u00dc","url":"https:\/\/miumjau.ee\/","logo":{"@type":"ImageObject","inLanguage":"lt-LT","@id":"https:\/\/miumjau.ee\/#\/schema\/logo\/image\/","url":"https:\/\/miumjau.ee\/wp-content\/uploads\/2022\/04\/MiuMjau-logo-kollane.png","contentUrl":"https:\/\/miumjau.ee\/wp-content\/uploads\/2022\/04\/MiuMjau-logo-kollane.png","width":219,"height":100,"caption":"MiuMjau O\u00dc"},"image":{"@id":"https:\/\/miumjau.ee\/#\/schema\/logo\/image\/"},"sameAs":["https:\/\/www.facebook.com\/miumjaupood\/"]}]}},"_links":{"self":[{"href":"https:\/\/miumjau.ee\/lt\/wp-json\/wp\/v2\/product\/41179","targetHints":{"allow":["GET"]}}],"collection":[{"href":"https:\/\/miumjau.ee\/lt\/wp-json\/wp\/v2\/product"}],"about":[{"href":"https:\/\/miumjau.ee\/lt\/wp-json\/wp\/v2\/types\/product"}],"wp:featuredmedia":[{"embeddable":true,"href":"https:\/\/miumjau.ee\/lt\/wp-json\/wp\/v2\/media\/41208"}],"wp:attachment":[{"href":"https:\/\/miumjau.ee\/lt\/wp-json\/wp\/v2\/media?parent=41179"}],"wp:term":[{"taxonomy":"product_brand","embeddable":true,"href":"https:\/\/miumjau.ee\/lt\/wp-json\/wp\/v2\/product_brand?post=41179"},{"taxonomy":"product_cat","embeddable":true,"href":"https:\/\/miumjau.ee\/lt\/wp-json\/wp\/v2\/product_cat?post=41179"},{"taxonomy":"product_tag","embeddable":true,"href":"https:\/\/miumjau.ee\/lt\/wp-json\/wp\/v2\/product_tag?post=41179"}],"curies":[{"name":"wp","href":"https:\/\/api.w.org\/{rel}","templated":true}]}}