{"id":41178,"date":"2025-09-03T11:00:28","date_gmt":"2025-09-03T08:00:28","guid":{"rendered":"https:\/\/miumjau.ee\/toode\/kates-vandens-fontanas-petrebels-fountain-jet-19-juoda\/"},"modified":"2026-01-07T20:53:12","modified_gmt":"2026-01-07T18:53:12","slug":"kates-vandens-fontanas-petrebels-fountain-jet-19-juoda","status":"publish","type":"product","link":"https:\/\/miumjau.ee\/lt\/produktas\/kates-vandens-fontanas-petrebels-fountain-jet-19-juoda\/","title":{"rendered":"Kat\u0117s vandens fontanas Petrebels Fountain Jet 19, juoda"},"content":{"rendered":"","protected":false},"excerpt":{"rendered":"<p><strong>Tylus, i\u0161manus ir bevielis g\u0117rimo sprendimas<\/strong><br \/>\nKat\u0117s da\u017enai geria per ma\u017eai. B\u016btent d\u0117l to suk\u016br\u0117me i\u0161man\u0173 ir stiling\u0105 sprendim\u0105, padedant\u012f j\u016bs\u0173 katei visus metus i\u0161likti hidratuotai ir sveikai: \u201eJet 19\u201c \u2013 eleganti\u0161ko dizaino geriamojo vandens fontanas kat\u0117ms, veikiantis tiek su laidu, tiek bevieliu re\u017eimu. Rinkit\u0117s nuolatin\u0119 srov\u0119 arba \u012fjunkite infraraudon\u0173j\u0173 spinduli\u0173 jutikl\u012f, kad vanduo tek\u0117t\u0173 tik katei pri\u0117jus. Patogu: permatomas langelis rodo vandens lyg\u012f, o i\u0161mani filtravimo sistema u\u017etikrina, kad vanduo visada b\u016bt\u0173 \u0161vie\u017eias ir \u0161varus. Be to, pats fontanas prane\u0161a, kai reikia keisti filtr\u0105 arba kai vandens per ma\u017eai.<br \/>\n<strong>Produkto ypatyb\u0117s:<\/strong><\/p>\n<ul>\n<li>Matmenys: \u00d8 19,5 cm, auk\u0161tis 15 cm<\/li>\n<li>Tinka plauti indaplov\u0117je iki 60 \u00b0C<\/li>\n<li>Veikia su laidu ir bevieliu re\u017eimu (pridedamas USB \u012fkroviklis ir adapteris)<\/li>\n<li>Talpa: 2 l, pagaminta i\u0161 maistinio ABS plastiko<\/li>\n<li>I\u0161manus jutiklis, itin tylus siurblys (< 23 dB) ir pa\u017eangi filtr\u0173 sistema<\/li>\n<li>Aptikimo atstumas iki 2 metr\u0173<\/li>\n<li>Filtrai parduodami atskirai<\/li>\n<\/ul>\n","protected":false},"featured_media":41203,"template":"","meta":[],"product_brand":[],"product_cat":[529,524],"product_tag":[],"class_list":{"0":"post-41178","1":"product","2":"type-product","3":"status-publish","4":"has-post-thumbnail","6":"product_cat-maisto-indai-katems","7":"product_cat-kaup24-lt","9":"first","10":"instock","11":"taxable","12":"shipping-taxable","13":"purchasable","14":"product-type-simple"},"yoast_head":"<!-- This site is optimized with the Yoast SEO plugin v27.2 - https:\/\/yoast.com\/product\/yoast-seo-wordpress\/ -->\n<title>Kat\u0117s vandens fontanas Petrebels Fountain Jet 19, juoda - MiuMjau<\/title>\n<meta name=\"robots\" content=\"index, follow, max-snippet:-1, max-image-preview:large, max-video-preview:-1\" \/>\n<link rel=\"canonical\" href=\"https:\/\/miumjau.ee\/lt\/produktas\/kates-vandens-fontanas-petrebels-fountain-jet-19-juoda\/\" \/>\n<meta property=\"og:locale\" content=\"lt_LT\" \/>\n<meta property=\"og:type\" content=\"article\" \/>\n<meta property=\"og:title\" content=\"Kat\u0117s vandens fontanas Petrebels Fountain Jet 19, juoda - MiuMjau\" \/>\n<meta property=\"og:description\" content=\"Tylus, i\u0161manus ir bevielis g\u0117rimo sprendimas Kat\u0117s da\u017enai geria per ma\u017eai. B\u016btent d\u0117l to suk\u016br\u0117me i\u0161man\u0173 ir stiling\u0105 sprendim\u0105, padedant\u012f j\u016bs\u0173 katei visus metus i\u0161likti hidratuotai ir sveikai: \u201eJet 19\u201c \u2013 eleganti\u0161ko dizaino geriamojo vandens fontanas kat\u0117ms, veikiantis tiek su laidu, tiek bevieliu re\u017eimu. Rinkit\u0117s nuolatin\u0119 srov\u0119 arba \u012fjunkite infraraudon\u0173j\u0173 spinduli\u0173 jutikl\u012f, kad vanduo tek\u0117t\u0173 tik katei pri\u0117jus. Patogu: permatomas langelis rodo vandens lyg\u012f, o i\u0161mani filtravimo sistema u\u017etikrina, kad vanduo visada b\u016bt\u0173 \u0161vie\u017eias ir \u0161varus. Be to, pats fontanas prane\u0161a, kai reikia keisti filtr\u0105 arba kai vandens per ma\u017eai. Produkto ypatyb\u0117s: Matmenys: \u00d8 19,5 cm, auk\u0161tis 15 cm Tinka plauti indaplov\u0117je iki 60 \u00b0C Veikia su laidu ir bevieliu re\u017eimu (pridedamas USB \u012fkroviklis ir adapteris) Talpa: 2 l, pagaminta i\u0161 maistinio ABS plastiko I\u0161manus jutiklis, itin tylus siurblys (&lt; 23 dB) ir pa\u017eangi filtr\u0173 sistema Aptikimo atstumas iki 2 metr\u0173 Filtrai parduodami atskirai\" \/>\n<meta property=\"og:url\" content=\"https:\/\/miumjau.ee\/lt\/produktas\/kates-vandens-fontanas-petrebels-fountain-jet-19-juoda\/\" \/>\n<meta property=\"og:site_name\" content=\"MiuMjau\" \/>\n<meta property=\"article:publisher\" content=\"https:\/\/www.facebook.com\/miumjaupood\/\" \/>\n<meta property=\"article:modified_time\" content=\"2026-01-07T18:53:12+00:00\" \/>\n<meta property=\"og:image\" content=\"https:\/\/miumjau.ee\/wp-content\/uploads\/2025\/09\/kasside-joogi-purskkaev-jet192.jpg\" \/>\n\t<meta property=\"og:image:width\" content=\"600\" \/>\n\t<meta property=\"og:image:height\" content=\"800\" \/>\n\t<meta property=\"og:image:type\" content=\"image\/jpeg\" \/>\n<meta name=\"twitter:card\" content=\"summary_large_image\" \/>\n<script type=\"application\/ld+json\" class=\"yoast-schema-graph\">{\"@context\":\"https:\/\/schema.org\",\"@graph\":[{\"@type\":\"WebPage\",\"@id\":\"https:\/\/miumjau.ee\/lt\/produktas\/kates-vandens-fontanas-petrebels-fountain-jet-19-juoda\/\",\"url\":\"https:\/\/miumjau.ee\/lt\/produktas\/kates-vandens-fontanas-petrebels-fountain-jet-19-juoda\/\",\"name\":\"Kat\u0117s vandens fontanas Petrebels Fountain Jet 19, juoda - MiuMjau\",\"isPartOf\":{\"@id\":\"https:\/\/miumjau.ee\/#website\"},\"primaryImageOfPage\":{\"@id\":\"https:\/\/miumjau.ee\/lt\/produktas\/kates-vandens-fontanas-petrebels-fountain-jet-19-juoda\/#primaryimage\"},\"image\":{\"@id\":\"https:\/\/miumjau.ee\/lt\/produktas\/kates-vandens-fontanas-petrebels-fountain-jet-19-juoda\/#primaryimage\"},\"thumbnailUrl\":\"https:\/\/miumjau.ee\/wp-content\/uploads\/2025\/09\/kasside-joogi-purskkaev-jet192.jpg\",\"datePublished\":\"2025-09-03T08:00:28+00:00\",\"dateModified\":\"2026-01-07T18:53:12+00:00\",\"breadcrumb\":{\"@id\":\"https:\/\/miumjau.ee\/lt\/produktas\/kates-vandens-fontanas-petrebels-fountain-jet-19-juoda\/#breadcrumb\"},\"inLanguage\":\"lt-LT\",\"potentialAction\":[{\"@type\":\"ReadAction\",\"target\":[\"https:\/\/miumjau.ee\/lt\/produktas\/kates-vandens-fontanas-petrebels-fountain-jet-19-juoda\/\"]}]},{\"@type\":\"ImageObject\",\"inLanguage\":\"lt-LT\",\"@id\":\"https:\/\/miumjau.ee\/lt\/produktas\/kates-vandens-fontanas-petrebels-fountain-jet-19-juoda\/#primaryimage\",\"url\":\"https:\/\/miumjau.ee\/wp-content\/uploads\/2025\/09\/kasside-joogi-purskkaev-jet192.jpg\",\"contentUrl\":\"https:\/\/miumjau.ee\/wp-content\/uploads\/2025\/09\/kasside-joogi-purskkaev-jet192.jpg\",\"width\":600,\"height\":800,\"caption\":\"Kasside joogi purskkaev Petrebels fountain jet 19\"},{\"@type\":\"BreadcrumbList\",\"@id\":\"https:\/\/miumjau.ee\/lt\/produktas\/kates-vandens-fontanas-petrebels-fountain-jet-19-juoda\/#breadcrumb\",\"itemListElement\":[{\"@type\":\"ListItem\",\"position\":1,\"name\":\"Home\",\"item\":\"https:\/\/miumjau.ee\/lt\/\"},{\"@type\":\"ListItem\",\"position\":2,\"name\":\"Parduotuv\u0117\",\"item\":\"https:\/\/miumjau.ee\/lt\/parduotuve\/\"},{\"@type\":\"ListItem\",\"position\":3,\"name\":\"Kat\u0117s vandens fontanas Petrebels Fountain Jet 19, juoda\"}]},{\"@type\":\"WebSite\",\"@id\":\"https:\/\/miumjau.ee\/#website\",\"url\":\"https:\/\/miumjau.ee\/\",\"name\":\"MiuMjau\",\"description\":\"Kraapimispuud kassidele\",\"publisher\":{\"@id\":\"https:\/\/miumjau.ee\/#organization\"},\"potentialAction\":[{\"@type\":\"SearchAction\",\"target\":{\"@type\":\"EntryPoint\",\"urlTemplate\":\"https:\/\/miumjau.ee\/?s={search_term_string}\"},\"query-input\":{\"@type\":\"PropertyValueSpecification\",\"valueRequired\":true,\"valueName\":\"search_term_string\"}}],\"inLanguage\":\"lt-LT\"},{\"@type\":\"Organization\",\"@id\":\"https:\/\/miumjau.ee\/#organization\",\"name\":\"MiuMjau O\u00dc\",\"url\":\"https:\/\/miumjau.ee\/\",\"logo\":{\"@type\":\"ImageObject\",\"inLanguage\":\"lt-LT\",\"@id\":\"https:\/\/miumjau.ee\/#\/schema\/logo\/image\/\",\"url\":\"https:\/\/miumjau.ee\/wp-content\/uploads\/2022\/04\/MiuMjau-logo-kollane.png\",\"contentUrl\":\"https:\/\/miumjau.ee\/wp-content\/uploads\/2022\/04\/MiuMjau-logo-kollane.png\",\"width\":219,\"height\":100,\"caption\":\"MiuMjau O\u00dc\"},\"image\":{\"@id\":\"https:\/\/miumjau.ee\/#\/schema\/logo\/image\/\"},\"sameAs\":[\"https:\/\/www.facebook.com\/miumjaupood\/\"]}]}<\/script>\n<!-- \/ Yoast SEO plugin. -->","yoast_head_json":{"title":"Kat\u0117s vandens fontanas Petrebels Fountain Jet 19, juoda - MiuMjau","robots":{"index":"index","follow":"follow","max-snippet":"max-snippet:-1","max-image-preview":"max-image-preview:large","max-video-preview":"max-video-preview:-1"},"canonical":"https:\/\/miumjau.ee\/lt\/produktas\/kates-vandens-fontanas-petrebels-fountain-jet-19-juoda\/","og_locale":"lt_LT","og_type":"article","og_title":"Kat\u0117s vandens fontanas Petrebels Fountain Jet 19, juoda - MiuMjau","og_description":"Tylus, i\u0161manus ir bevielis g\u0117rimo sprendimas Kat\u0117s da\u017enai geria per ma\u017eai. B\u016btent d\u0117l to suk\u016br\u0117me i\u0161man\u0173 ir stiling\u0105 sprendim\u0105, padedant\u012f j\u016bs\u0173 katei visus metus i\u0161likti hidratuotai ir sveikai: \u201eJet 19\u201c \u2013 eleganti\u0161ko dizaino geriamojo vandens fontanas kat\u0117ms, veikiantis tiek su laidu, tiek bevieliu re\u017eimu. Rinkit\u0117s nuolatin\u0119 srov\u0119 arba \u012fjunkite infraraudon\u0173j\u0173 spinduli\u0173 jutikl\u012f, kad vanduo tek\u0117t\u0173 tik katei pri\u0117jus. Patogu: permatomas langelis rodo vandens lyg\u012f, o i\u0161mani filtravimo sistema u\u017etikrina, kad vanduo visada b\u016bt\u0173 \u0161vie\u017eias ir \u0161varus. Be to, pats fontanas prane\u0161a, kai reikia keisti filtr\u0105 arba kai vandens per ma\u017eai. Produkto ypatyb\u0117s: Matmenys: \u00d8 19,5 cm, auk\u0161tis 15 cm Tinka plauti indaplov\u0117je iki 60 \u00b0C Veikia su laidu ir bevieliu re\u017eimu (pridedamas USB \u012fkroviklis ir adapteris) Talpa: 2 l, pagaminta i\u0161 maistinio ABS plastiko I\u0161manus jutiklis, itin tylus siurblys (< 23 dB) ir pa\u017eangi filtr\u0173 sistema Aptikimo atstumas iki 2 metr\u0173 Filtrai parduodami atskirai","og_url":"https:\/\/miumjau.ee\/lt\/produktas\/kates-vandens-fontanas-petrebels-fountain-jet-19-juoda\/","og_site_name":"MiuMjau","article_publisher":"https:\/\/www.facebook.com\/miumjaupood\/","article_modified_time":"2026-01-07T18:53:12+00:00","og_image":[{"width":600,"height":800,"url":"https:\/\/miumjau.ee\/wp-content\/uploads\/2025\/09\/kasside-joogi-purskkaev-jet192.jpg","type":"image\/jpeg"}],"twitter_card":"summary_large_image","schema":{"@context":"https:\/\/schema.org","@graph":[{"@type":"WebPage","@id":"https:\/\/miumjau.ee\/lt\/produktas\/kates-vandens-fontanas-petrebels-fountain-jet-19-juoda\/","url":"https:\/\/miumjau.ee\/lt\/produktas\/kates-vandens-fontanas-petrebels-fountain-jet-19-juoda\/","name":"Kat\u0117s vandens fontanas Petrebels Fountain Jet 19, juoda - MiuMjau","isPartOf":{"@id":"https:\/\/miumjau.ee\/#website"},"primaryImageOfPage":{"@id":"https:\/\/miumjau.ee\/lt\/produktas\/kates-vandens-fontanas-petrebels-fountain-jet-19-juoda\/#primaryimage"},"image":{"@id":"https:\/\/miumjau.ee\/lt\/produktas\/kates-vandens-fontanas-petrebels-fountain-jet-19-juoda\/#primaryimage"},"thumbnailUrl":"https:\/\/miumjau.ee\/wp-content\/uploads\/2025\/09\/kasside-joogi-purskkaev-jet192.jpg","datePublished":"2025-09-03T08:00:28+00:00","dateModified":"2026-01-07T18:53:12+00:00","breadcrumb":{"@id":"https:\/\/miumjau.ee\/lt\/produktas\/kates-vandens-fontanas-petrebels-fountain-jet-19-juoda\/#breadcrumb"},"inLanguage":"lt-LT","potentialAction":[{"@type":"ReadAction","target":["https:\/\/miumjau.ee\/lt\/produktas\/kates-vandens-fontanas-petrebels-fountain-jet-19-juoda\/"]}]},{"@type":"ImageObject","inLanguage":"lt-LT","@id":"https:\/\/miumjau.ee\/lt\/produktas\/kates-vandens-fontanas-petrebels-fountain-jet-19-juoda\/#primaryimage","url":"https:\/\/miumjau.ee\/wp-content\/uploads\/2025\/09\/kasside-joogi-purskkaev-jet192.jpg","contentUrl":"https:\/\/miumjau.ee\/wp-content\/uploads\/2025\/09\/kasside-joogi-purskkaev-jet192.jpg","width":600,"height":800,"caption":"Kasside joogi purskkaev Petrebels fountain jet 19"},{"@type":"BreadcrumbList","@id":"https:\/\/miumjau.ee\/lt\/produktas\/kates-vandens-fontanas-petrebels-fountain-jet-19-juoda\/#breadcrumb","itemListElement":[{"@type":"ListItem","position":1,"name":"Home","item":"https:\/\/miumjau.ee\/lt\/"},{"@type":"ListItem","position":2,"name":"Parduotuv\u0117","item":"https:\/\/miumjau.ee\/lt\/parduotuve\/"},{"@type":"ListItem","position":3,"name":"Kat\u0117s vandens fontanas Petrebels Fountain Jet 19, juoda"}]},{"@type":"WebSite","@id":"https:\/\/miumjau.ee\/#website","url":"https:\/\/miumjau.ee\/","name":"MiuMjau","description":"Kraapimispuud kassidele","publisher":{"@id":"https:\/\/miumjau.ee\/#organization"},"potentialAction":[{"@type":"SearchAction","target":{"@type":"EntryPoint","urlTemplate":"https:\/\/miumjau.ee\/?s={search_term_string}"},"query-input":{"@type":"PropertyValueSpecification","valueRequired":true,"valueName":"search_term_string"}}],"inLanguage":"lt-LT"},{"@type":"Organization","@id":"https:\/\/miumjau.ee\/#organization","name":"MiuMjau O\u00dc","url":"https:\/\/miumjau.ee\/","logo":{"@type":"ImageObject","inLanguage":"lt-LT","@id":"https:\/\/miumjau.ee\/#\/schema\/logo\/image\/","url":"https:\/\/miumjau.ee\/wp-content\/uploads\/2022\/04\/MiuMjau-logo-kollane.png","contentUrl":"https:\/\/miumjau.ee\/wp-content\/uploads\/2022\/04\/MiuMjau-logo-kollane.png","width":219,"height":100,"caption":"MiuMjau O\u00dc"},"image":{"@id":"https:\/\/miumjau.ee\/#\/schema\/logo\/image\/"},"sameAs":["https:\/\/www.facebook.com\/miumjaupood\/"]}]}},"_links":{"self":[{"href":"https:\/\/miumjau.ee\/lt\/wp-json\/wp\/v2\/product\/41178","targetHints":{"allow":["GET"]}}],"collection":[{"href":"https:\/\/miumjau.ee\/lt\/wp-json\/wp\/v2\/product"}],"about":[{"href":"https:\/\/miumjau.ee\/lt\/wp-json\/wp\/v2\/types\/product"}],"wp:featuredmedia":[{"embeddable":true,"href":"https:\/\/miumjau.ee\/lt\/wp-json\/wp\/v2\/media\/41203"}],"wp:attachment":[{"href":"https:\/\/miumjau.ee\/lt\/wp-json\/wp\/v2\/media?parent=41178"}],"wp:term":[{"taxonomy":"product_brand","embeddable":true,"href":"https:\/\/miumjau.ee\/lt\/wp-json\/wp\/v2\/product_brand?post=41178"},{"taxonomy":"product_cat","embeddable":true,"href":"https:\/\/miumjau.ee\/lt\/wp-json\/wp\/v2\/product_cat?post=41178"},{"taxonomy":"product_tag","embeddable":true,"href":"https:\/\/miumjau.ee\/lt\/wp-json\/wp\/v2\/product_tag?post=41178"}],"curies":[{"name":"wp","href":"https:\/\/api.w.org\/{rel}","templated":true}]}}