{"id":41177,"date":"2025-09-03T10:30:26","date_gmt":"2025-09-03T07:30:26","guid":{"rendered":"https:\/\/miumjau.ee\/toode\/laipiojimo-medis-petrebels-panorama-185-balta\/"},"modified":"2026-01-07T20:53:12","modified_gmt":"2026-01-07T18:53:12","slug":"laipiojimo-medis-petrebels-panorama-185-balta","status":"publish","type":"product","link":"https:\/\/miumjau.ee\/lt\/produktas\/laipiojimo-medis-petrebels-panorama-185-balta\/","title":{"rendered":"Laipiojimo medis Petrebels Panorama 185, balta"},"content":{"rendered":"","protected":false},"excerpt":{"rendered":"<p><strong>Ka\u010di\u0173 bok\u0161tas auk\u0161tai miegan\u010dioms ir laipiojimo meistr\u0117ms<\/strong><br \/>\nPanorama 185 \u2013 tai ne tik laipiojimo medis, bet ir tikras ak\u012f traukiantis akcentas. Jis auk\u0161tas, stabilus ir iki smulkmen\u0173 apgalvotas. \u0160is ka\u010di\u0173 bok\u0161tas sukurtas tam, kad i\u0161siskirt\u0173 \u2013 nenuostabu: dizainas puikus, auk\u0161tis \u012fsp\u016bdingas, o galimybi\u0173 \u2013 be galo daug! Nuo draskymo ir laipiojimo iki poilsio bei sl\u0117pyni\u0173 tunelyje \u2013 \u0161iame bok\u0161te yra viskas, ko kat\u0117 gali geisti.<br \/>\n\u0160is ka\u010di\u0173 medis idealiai tinka dideli\u0173 veisli\u0173 kat\u0117ms, tokioms kaip Meino me\u0161k\u0117nai ar Norvegijos mi\u0161ko kat\u0117s, bet lygiai taip pat patiks ir ma\u017eesn\u0117ms ar vyresnio am\u017eiaus kat\u0117ms, kurios mieliau renkasi ramesn\u012f poils\u012f. Patogus priedas: pagalv\u0117l\u0117s ir hamakas skalbiami skalbykl\u0117je \u2013 paprasta ir prakti\u0161ka!<br \/>\n<strong>Produkto ypatyb\u0117s:<\/strong><\/p>\n<ul>\n<li>Matmenys: ilgis 78 cm, plotis 58 cm, auk\u0161tis 185 cm<\/li>\n<li>I\u0161 vis\u0173 pusi\u0173 padengtas itin mink\u0161tu pliu\u0161u<\/li>\n<li>Tinka ir didel\u0117ms bei sunkioms kat\u0117ms<\/li>\n<li>Yra 3 hamakai, \u017eaidim\u0173 tunelis ir jaukus XXL gultas-krep\u0161ys<\/li>\n<li>Pristatomas 4 d\u0117\u017e\u0117se, svoris 60,9 kg<\/li>\n<\/ul>\n","protected":false},"featured_media":41199,"template":"","meta":[],"product_brand":[],"product_cat":[510,515,524],"product_tag":[],"class_list":{"0":"post-41177","1":"product","2":"type-product","3":"status-publish","4":"has-post-thumbnail","6":"product_cat-dideli-draskymo-medziai","7":"product_cat-petrebels-produktai-dideliems-katems","8":"product_cat-kaup24-lt","9":"product_shipping_class-pakiautomaati-sobimatu-lt","11":"first","12":"instock","13":"sale","14":"taxable","15":"shipping-taxable","16":"purchasable","17":"product-type-simple"},"yoast_head":"<!-- This site is optimized with the Yoast SEO plugin v27.2 - https:\/\/yoast.com\/product\/yoast-seo-wordpress\/ -->\n<title>Laipiojimo medis Petrebels Panorama 185, balta - MiuMjau<\/title>\n<meta name=\"robots\" content=\"index, follow, max-snippet:-1, max-image-preview:large, max-video-preview:-1\" \/>\n<link rel=\"canonical\" href=\"https:\/\/miumjau.ee\/lt\/produktas\/laipiojimo-medis-petrebels-panorama-185-balta\/\" \/>\n<meta property=\"og:locale\" content=\"lt_LT\" \/>\n<meta property=\"og:type\" content=\"article\" \/>\n<meta property=\"og:title\" content=\"Laipiojimo medis Petrebels Panorama 185, balta - MiuMjau\" \/>\n<meta property=\"og:description\" content=\"Ka\u010di\u0173 bok\u0161tas auk\u0161tai miegan\u010dioms ir laipiojimo meistr\u0117ms Panorama 185 \u2013 tai ne tik laipiojimo medis, bet ir tikras ak\u012f traukiantis akcentas. Jis auk\u0161tas, stabilus ir iki smulkmen\u0173 apgalvotas. \u0160is ka\u010di\u0173 bok\u0161tas sukurtas tam, kad i\u0161siskirt\u0173 \u2013 nenuostabu: dizainas puikus, auk\u0161tis \u012fsp\u016bdingas, o galimybi\u0173 \u2013 be galo daug! Nuo draskymo ir laipiojimo iki poilsio bei sl\u0117pyni\u0173 tunelyje \u2013 \u0161iame bok\u0161te yra viskas, ko kat\u0117 gali geisti. \u0160is ka\u010di\u0173 medis idealiai tinka dideli\u0173 veisli\u0173 kat\u0117ms, tokioms kaip Meino me\u0161k\u0117nai ar Norvegijos mi\u0161ko kat\u0117s, bet lygiai taip pat patiks ir ma\u017eesn\u0117ms ar vyresnio am\u017eiaus kat\u0117ms, kurios mieliau renkasi ramesn\u012f poils\u012f. Patogus priedas: pagalv\u0117l\u0117s ir hamakas skalbiami skalbykl\u0117je \u2013 paprasta ir prakti\u0161ka! Produkto ypatyb\u0117s: Matmenys: ilgis 78 cm, plotis 58 cm, auk\u0161tis 185 cm I\u0161 vis\u0173 pusi\u0173 padengtas itin mink\u0161tu pliu\u0161u Tinka ir didel\u0117ms bei sunkioms kat\u0117ms Yra 3 hamakai, \u017eaidim\u0173 tunelis ir jaukus XXL gultas-krep\u0161ys Pristatomas 4 d\u0117\u017e\u0117se, svoris 60,9 kg\" \/>\n<meta property=\"og:url\" content=\"https:\/\/miumjau.ee\/lt\/produktas\/laipiojimo-medis-petrebels-panorama-185-balta\/\" \/>\n<meta property=\"og:site_name\" content=\"MiuMjau\" \/>\n<meta property=\"article:publisher\" content=\"https:\/\/www.facebook.com\/miumjaupood\/\" \/>\n<meta property=\"article:modified_time\" content=\"2026-01-07T18:53:12+00:00\" \/>\n<meta property=\"og:image\" content=\"https:\/\/miumjau.ee\/wp-content\/uploads\/2025\/09\/ronimispuu-petrebels-panorama17.jpg\" \/>\n\t<meta property=\"og:image:width\" content=\"600\" \/>\n\t<meta property=\"og:image:height\" content=\"800\" \/>\n\t<meta property=\"og:image:type\" content=\"image\/jpeg\" \/>\n<meta name=\"twitter:card\" content=\"summary_large_image\" \/>\n<script type=\"application\/ld+json\" class=\"yoast-schema-graph\">{\"@context\":\"https:\/\/schema.org\",\"@graph\":[{\"@type\":\"WebPage\",\"@id\":\"https:\/\/miumjau.ee\/lt\/produktas\/laipiojimo-medis-petrebels-panorama-185-balta\/\",\"url\":\"https:\/\/miumjau.ee\/lt\/produktas\/laipiojimo-medis-petrebels-panorama-185-balta\/\",\"name\":\"Laipiojimo medis Petrebels Panorama 185, balta - MiuMjau\",\"isPartOf\":{\"@id\":\"https:\/\/miumjau.ee\/#website\"},\"primaryImageOfPage\":{\"@id\":\"https:\/\/miumjau.ee\/lt\/produktas\/laipiojimo-medis-petrebels-panorama-185-balta\/#primaryimage\"},\"image\":{\"@id\":\"https:\/\/miumjau.ee\/lt\/produktas\/laipiojimo-medis-petrebels-panorama-185-balta\/#primaryimage\"},\"thumbnailUrl\":\"https:\/\/miumjau.ee\/wp-content\/uploads\/2025\/09\/ronimispuu-petrebels-panorama17.jpg\",\"datePublished\":\"2025-09-03T07:30:26+00:00\",\"dateModified\":\"2026-01-07T18:53:12+00:00\",\"breadcrumb\":{\"@id\":\"https:\/\/miumjau.ee\/lt\/produktas\/laipiojimo-medis-petrebels-panorama-185-balta\/#breadcrumb\"},\"inLanguage\":\"lt-LT\",\"potentialAction\":[{\"@type\":\"ReadAction\",\"target\":[\"https:\/\/miumjau.ee\/lt\/produktas\/laipiojimo-medis-petrebels-panorama-185-balta\/\"]}]},{\"@type\":\"ImageObject\",\"inLanguage\":\"lt-LT\",\"@id\":\"https:\/\/miumjau.ee\/lt\/produktas\/laipiojimo-medis-petrebels-panorama-185-balta\/#primaryimage\",\"url\":\"https:\/\/miumjau.ee\/wp-content\/uploads\/2025\/09\/ronimispuu-petrebels-panorama17.jpg\",\"contentUrl\":\"https:\/\/miumjau.ee\/wp-content\/uploads\/2025\/09\/ronimispuu-petrebels-panorama17.jpg\",\"width\":600,\"height\":800,\"caption\":\"Ronimispuu Petrebels Panorama 185, off white, EELTELLIMISEGA\"},{\"@type\":\"BreadcrumbList\",\"@id\":\"https:\/\/miumjau.ee\/lt\/produktas\/laipiojimo-medis-petrebels-panorama-185-balta\/#breadcrumb\",\"itemListElement\":[{\"@type\":\"ListItem\",\"position\":1,\"name\":\"Home\",\"item\":\"https:\/\/miumjau.ee\/lt\/\"},{\"@type\":\"ListItem\",\"position\":2,\"name\":\"Parduotuv\u0117\",\"item\":\"https:\/\/miumjau.ee\/lt\/parduotuve\/\"},{\"@type\":\"ListItem\",\"position\":3,\"name\":\"Laipiojimo medis Petrebels Panorama 185, balta\"}]},{\"@type\":\"WebSite\",\"@id\":\"https:\/\/miumjau.ee\/#website\",\"url\":\"https:\/\/miumjau.ee\/\",\"name\":\"MiuMjau\",\"description\":\"Kraapimispuud kassidele\",\"publisher\":{\"@id\":\"https:\/\/miumjau.ee\/#organization\"},\"potentialAction\":[{\"@type\":\"SearchAction\",\"target\":{\"@type\":\"EntryPoint\",\"urlTemplate\":\"https:\/\/miumjau.ee\/?s={search_term_string}\"},\"query-input\":{\"@type\":\"PropertyValueSpecification\",\"valueRequired\":true,\"valueName\":\"search_term_string\"}}],\"inLanguage\":\"lt-LT\"},{\"@type\":\"Organization\",\"@id\":\"https:\/\/miumjau.ee\/#organization\",\"name\":\"MiuMjau O\u00dc\",\"url\":\"https:\/\/miumjau.ee\/\",\"logo\":{\"@type\":\"ImageObject\",\"inLanguage\":\"lt-LT\",\"@id\":\"https:\/\/miumjau.ee\/#\/schema\/logo\/image\/\",\"url\":\"https:\/\/miumjau.ee\/wp-content\/uploads\/2022\/04\/MiuMjau-logo-kollane.png\",\"contentUrl\":\"https:\/\/miumjau.ee\/wp-content\/uploads\/2022\/04\/MiuMjau-logo-kollane.png\",\"width\":219,\"height\":100,\"caption\":\"MiuMjau O\u00dc\"},\"image\":{\"@id\":\"https:\/\/miumjau.ee\/#\/schema\/logo\/image\/\"},\"sameAs\":[\"https:\/\/www.facebook.com\/miumjaupood\/\"]}]}<\/script>\n<!-- \/ Yoast SEO plugin. -->","yoast_head_json":{"title":"Laipiojimo medis Petrebels Panorama 185, balta - MiuMjau","robots":{"index":"index","follow":"follow","max-snippet":"max-snippet:-1","max-image-preview":"max-image-preview:large","max-video-preview":"max-video-preview:-1"},"canonical":"https:\/\/miumjau.ee\/lt\/produktas\/laipiojimo-medis-petrebels-panorama-185-balta\/","og_locale":"lt_LT","og_type":"article","og_title":"Laipiojimo medis Petrebels Panorama 185, balta - MiuMjau","og_description":"Ka\u010di\u0173 bok\u0161tas auk\u0161tai miegan\u010dioms ir laipiojimo meistr\u0117ms Panorama 185 \u2013 tai ne tik laipiojimo medis, bet ir tikras ak\u012f traukiantis akcentas. Jis auk\u0161tas, stabilus ir iki smulkmen\u0173 apgalvotas. \u0160is ka\u010di\u0173 bok\u0161tas sukurtas tam, kad i\u0161siskirt\u0173 \u2013 nenuostabu: dizainas puikus, auk\u0161tis \u012fsp\u016bdingas, o galimybi\u0173 \u2013 be galo daug! Nuo draskymo ir laipiojimo iki poilsio bei sl\u0117pyni\u0173 tunelyje \u2013 \u0161iame bok\u0161te yra viskas, ko kat\u0117 gali geisti. \u0160is ka\u010di\u0173 medis idealiai tinka dideli\u0173 veisli\u0173 kat\u0117ms, tokioms kaip Meino me\u0161k\u0117nai ar Norvegijos mi\u0161ko kat\u0117s, bet lygiai taip pat patiks ir ma\u017eesn\u0117ms ar vyresnio am\u017eiaus kat\u0117ms, kurios mieliau renkasi ramesn\u012f poils\u012f. Patogus priedas: pagalv\u0117l\u0117s ir hamakas skalbiami skalbykl\u0117je \u2013 paprasta ir prakti\u0161ka! Produkto ypatyb\u0117s: Matmenys: ilgis 78 cm, plotis 58 cm, auk\u0161tis 185 cm I\u0161 vis\u0173 pusi\u0173 padengtas itin mink\u0161tu pliu\u0161u Tinka ir didel\u0117ms bei sunkioms kat\u0117ms Yra 3 hamakai, \u017eaidim\u0173 tunelis ir jaukus XXL gultas-krep\u0161ys Pristatomas 4 d\u0117\u017e\u0117se, svoris 60,9 kg","og_url":"https:\/\/miumjau.ee\/lt\/produktas\/laipiojimo-medis-petrebels-panorama-185-balta\/","og_site_name":"MiuMjau","article_publisher":"https:\/\/www.facebook.com\/miumjaupood\/","article_modified_time":"2026-01-07T18:53:12+00:00","og_image":[{"width":600,"height":800,"url":"https:\/\/miumjau.ee\/wp-content\/uploads\/2025\/09\/ronimispuu-petrebels-panorama17.jpg","type":"image\/jpeg"}],"twitter_card":"summary_large_image","schema":{"@context":"https:\/\/schema.org","@graph":[{"@type":"WebPage","@id":"https:\/\/miumjau.ee\/lt\/produktas\/laipiojimo-medis-petrebels-panorama-185-balta\/","url":"https:\/\/miumjau.ee\/lt\/produktas\/laipiojimo-medis-petrebels-panorama-185-balta\/","name":"Laipiojimo medis Petrebels Panorama 185, balta - MiuMjau","isPartOf":{"@id":"https:\/\/miumjau.ee\/#website"},"primaryImageOfPage":{"@id":"https:\/\/miumjau.ee\/lt\/produktas\/laipiojimo-medis-petrebels-panorama-185-balta\/#primaryimage"},"image":{"@id":"https:\/\/miumjau.ee\/lt\/produktas\/laipiojimo-medis-petrebels-panorama-185-balta\/#primaryimage"},"thumbnailUrl":"https:\/\/miumjau.ee\/wp-content\/uploads\/2025\/09\/ronimispuu-petrebels-panorama17.jpg","datePublished":"2025-09-03T07:30:26+00:00","dateModified":"2026-01-07T18:53:12+00:00","breadcrumb":{"@id":"https:\/\/miumjau.ee\/lt\/produktas\/laipiojimo-medis-petrebels-panorama-185-balta\/#breadcrumb"},"inLanguage":"lt-LT","potentialAction":[{"@type":"ReadAction","target":["https:\/\/miumjau.ee\/lt\/produktas\/laipiojimo-medis-petrebels-panorama-185-balta\/"]}]},{"@type":"ImageObject","inLanguage":"lt-LT","@id":"https:\/\/miumjau.ee\/lt\/produktas\/laipiojimo-medis-petrebels-panorama-185-balta\/#primaryimage","url":"https:\/\/miumjau.ee\/wp-content\/uploads\/2025\/09\/ronimispuu-petrebels-panorama17.jpg","contentUrl":"https:\/\/miumjau.ee\/wp-content\/uploads\/2025\/09\/ronimispuu-petrebels-panorama17.jpg","width":600,"height":800,"caption":"Ronimispuu Petrebels Panorama 185, off white, EELTELLIMISEGA"},{"@type":"BreadcrumbList","@id":"https:\/\/miumjau.ee\/lt\/produktas\/laipiojimo-medis-petrebels-panorama-185-balta\/#breadcrumb","itemListElement":[{"@type":"ListItem","position":1,"name":"Home","item":"https:\/\/miumjau.ee\/lt\/"},{"@type":"ListItem","position":2,"name":"Parduotuv\u0117","item":"https:\/\/miumjau.ee\/lt\/parduotuve\/"},{"@type":"ListItem","position":3,"name":"Laipiojimo medis Petrebels Panorama 185, balta"}]},{"@type":"WebSite","@id":"https:\/\/miumjau.ee\/#website","url":"https:\/\/miumjau.ee\/","name":"MiuMjau","description":"Kraapimispuud kassidele","publisher":{"@id":"https:\/\/miumjau.ee\/#organization"},"potentialAction":[{"@type":"SearchAction","target":{"@type":"EntryPoint","urlTemplate":"https:\/\/miumjau.ee\/?s={search_term_string}"},"query-input":{"@type":"PropertyValueSpecification","valueRequired":true,"valueName":"search_term_string"}}],"inLanguage":"lt-LT"},{"@type":"Organization","@id":"https:\/\/miumjau.ee\/#organization","name":"MiuMjau O\u00dc","url":"https:\/\/miumjau.ee\/","logo":{"@type":"ImageObject","inLanguage":"lt-LT","@id":"https:\/\/miumjau.ee\/#\/schema\/logo\/image\/","url":"https:\/\/miumjau.ee\/wp-content\/uploads\/2022\/04\/MiuMjau-logo-kollane.png","contentUrl":"https:\/\/miumjau.ee\/wp-content\/uploads\/2022\/04\/MiuMjau-logo-kollane.png","width":219,"height":100,"caption":"MiuMjau O\u00dc"},"image":{"@id":"https:\/\/miumjau.ee\/#\/schema\/logo\/image\/"},"sameAs":["https:\/\/www.facebook.com\/miumjaupood\/"]}]}},"_links":{"self":[{"href":"https:\/\/miumjau.ee\/lt\/wp-json\/wp\/v2\/product\/41177","targetHints":{"allow":["GET"]}}],"collection":[{"href":"https:\/\/miumjau.ee\/lt\/wp-json\/wp\/v2\/product"}],"about":[{"href":"https:\/\/miumjau.ee\/lt\/wp-json\/wp\/v2\/types\/product"}],"wp:featuredmedia":[{"embeddable":true,"href":"https:\/\/miumjau.ee\/lt\/wp-json\/wp\/v2\/media\/41199"}],"wp:attachment":[{"href":"https:\/\/miumjau.ee\/lt\/wp-json\/wp\/v2\/media?parent=41177"}],"wp:term":[{"taxonomy":"product_brand","embeddable":true,"href":"https:\/\/miumjau.ee\/lt\/wp-json\/wp\/v2\/product_brand?post=41177"},{"taxonomy":"product_cat","embeddable":true,"href":"https:\/\/miumjau.ee\/lt\/wp-json\/wp\/v2\/product_cat?post=41177"},{"taxonomy":"product_tag","embeddable":true,"href":"https:\/\/miumjau.ee\/lt\/wp-json\/wp\/v2\/product_tag?post=41177"}],"curies":[{"name":"wp","href":"https:\/\/api.w.org\/{rel}","templated":true}]}}