{"id":41175,"date":"2025-07-23T11:11:49","date_gmt":"2025-07-23T08:11:49","guid":{"rendered":"https:\/\/miumjau.ee\/toode\/ibero-natural-maxi-adult-su-iberijos-kiauliena-ir-eriena-12-kg\/"},"modified":"2026-01-07T20:53:20","modified_gmt":"2026-01-07T18:53:20","slug":"ibero-natural-maxi-adult-su-iberijos-kiauliena-ir-eriena-12-kg","status":"publish","type":"product","link":"https:\/\/miumjau.ee\/lt\/produktas\/ibero-natural-maxi-adult-su-iberijos-kiauliena-ir-eriena-12-kg\/","title":{"rendered":"Ibero Natural Maxi Adult su Iberijos kiauliena ir \u0117riena 12 kg"},"content":{"rendered":"","protected":false},"excerpt":{"rendered":"<p>\u0160uo, kaip ir jo prot\u0117vis vilkas, turi gauti \u012fvair\u0173 racion\u0105, kuris apr\u016bpina visomis b\u016btinomis maistin\u0117mis med\u017eiagomis ir padeda i\u0161laikyti puiki\u0105 form\u0105. Ibero NATURAL pa\u0161aro suk\u016brimo \u012fkv\u0117pimu tapo Iberijos vilkai, kurie savo gimtin\u0117je daugiausia med\u017eioja pusiau laukines juod\u0105sias kiaules, taip pat avis, elnius ir kitus \u017einduolius. \u0160i\u0105 nat\u016brali\u0105 grandin\u0119 atspindi ir \u0161iuolaikin\u0117 \u0161un\u0173 \u0161\u0117rimo kryptis: Ibero NATURAL superpremium klas\u0117s granul\u0117ms gaminti naudojamos tik auk\u0161tos kokyb\u0117s nat\u016bralios sudedamosios dalys i\u0161 regionini\u0173 Ispanijos \u016bki\u0173. Pagrindin\u0117 sudedamoji dalis \u2013 Iberijos kiauliena ir \u0117riena.<br \/>\n<strong>Ibero NATURAL Large Breed \u2013 Superpremium visavertis pa\u0161aras dideliems \u0161unims<\/strong><br \/>\nIbero Natural linijos granul\u0117s yra <strong>su ma\u017eu gr\u016bd\u0173 kiekiu<\/strong>. I\u0161 gr\u016bd\u0173 naudojami tik rudieji ry\u017eiai. Pilno gr\u016bdo ry\u017eiai neapdorojami, tod\u0117l i\u0161laiko daugiau skaidul\u0173 (svarbu taisyklingam vir\u0161kinimui), baltym\u0173, fosforo, mangano, gele\u017eies ir magnio. Pa\u0161aras yra <strong>hipoalerginis<\/strong>, t. y. be potencialiai alergizuojan\u010di\u0173 ingredient\u0173, toki\u0173 kaip soja, kvie\u010diai, kukur\u016bzai, jautiena ar vi\u0161tienos m\u0117sa, \u0161alutiniai produktai, cukrus, sintetiniai konservantai, kvapiosios ir skonin\u0117s med\u017eiagos, da\u017eikliai bei GMO (geneti\u0161kai modifikuotos sudedamosios dalys).<\/p>\n<p>\u2705 Daug m\u0117sos \u2013 daugiau kaip 18 kg \u0161vie\u017eios m\u0117sos (Iberijos kiauliena ir \u0117riena) kiekviename 12 kg mai\u0161e \u2705 Hipoalerginis \u2013 be \u012fprast\u0173 alergen\u0173: jautienos, vi\u0161tienos, kvie\u010di\u0173, kukur\u016bz\u0173, kiau\u0161ini\u0173, sojos \u2705 Be glitimo \u2013 tik pilno gr\u016bdo rudieji ry\u017eiai \u2705 100 % nat\u016bralus \u2013 be konservant\u0173, da\u017eikli\u0173, GMO sudedam\u0173j\u0173 dali\u0173 \u2705 Funkciniai priedai \u2013 gliukozaminas, chondroitinas, \u017euv\u0173 aliejus, miel\u0117s, dumbliai, juka ir kt.<br \/>\n<strong>Pagrindiniai sudedam\u0173j\u0173 dali\u0173 privalumai:<\/strong><\/p>\n<ul>\n<li><strong>Iberijos kiauliena &amp; \u0117riena<\/strong> \u2013 daug baltym\u0173 ir vitamin\u0173<\/li>\n<li><strong>Rudieji ry\u017eiai<\/strong> \u2013 lengvai vir\u0161kinami, turtingi skaidulomis<\/li>\n<li><strong>\u017dirniai &amp; karobas<\/strong> \u2013 skatina vir\u0161kinim\u0105, palaiko \u0161ird\u012f<\/li>\n<li><strong>Alaus miel\u0117s, alyvuogi\u0173 ekstraktas<\/strong> \u2013 B grup\u0117s vitaminai, antioksidantai<\/li>\n<li><strong>\u017duv\u0173 aliejus &amp; \u010dija<\/strong> \u2013 omega-3 riebal\u0173 r\u016bg\u0161tys (oda, kailis, s\u0105nariai)<\/li>\n<li><strong>Gliukozaminas &amp; chondroitinas<\/strong> \u2013 s\u0105nariams<\/li>\n<li><strong>Juka &amp; dumbliai<\/strong> \u2013 vir\u0161kinimas, prie\u0161u\u017edegiminis poveikis, imunitetas<\/li>\n<li><strong>Taurinas<\/strong> \u2013 \u0161ird\u017eiai ir reg\u0117jimui<\/li>\n<\/ul>\n<p><strong>Sudedamosios dalys: <\/strong>Iberijos kiauliena ir \u0117riena (38 %), rudieji ry\u017eiai (28 %), pauk\u0161tienos riebalai (10 %), \u017eirniai (8 %), karobo miltai, burok\u0117li\u0173 mink\u0161timas, alyvuogi\u0173 ekstraktas, miel\u0117s ir mieli\u0173 ekstraktai (MOS, \u03b2-gliukanai), hidrolizuoti kiaulienos baltymai, \u017euv\u0173 aliejus, inulinas (FOS), \u010dija, dumbliai, gliukozaminas, chondroitinas, juka.<br \/>\n<strong>Analitin\u0117 sud\u0117tis: <\/strong>\u017dali baltymai 27 %, \u017eali riebalai 15 %, \u017ealios skaidulos 2,5 %, \u017eali pelenai 7,6 %, kalcis 1,75 %, fosforas 1 %, dr\u0117gm\u0117 9 %, gliukozaminas 320 mg\/kg, chondroitinas 200 mg\/kg.<br \/>\n<strong>Priedai \/ kg: <\/strong>Vitam. A 15 000 TV, D3 1 800 TV, E 200 mg, C 100 mg, L-karnitinas 40 mg, taurinas 500 mg, gele\u017eis 74 mg, varis 10 mg, manganas 25 mg, cinkas 110 mg, jodas 2 mg, selenas 0,1 mg.<br \/>\n<strong>Metabolizuojama energija:<\/strong> 3750 kcal\/kg<br \/>\n<strong>Rekomenduojama paros norma:<\/strong><\/p>\n<table>\n<tbody>\n<tr>\n<th><strong>\u0160uns svoris<\/strong><\/th>\n<th><strong>Paros norma<\/strong><\/th>\n<\/tr>\n<tr>\n<td>30 kg<\/td>\n<td>340 g<\/td>\n<\/tr>\n<tr>\n<td>40 kg<\/td>\n<td>400 g<\/td>\n<\/tr>\n<tr>\n<td>50 kg<\/td>\n<td>460 g<\/td>\n<\/tr>\n<tr>\n<td>60 kg<\/td>\n<td>520 g<\/td>\n<\/tr>\n<tr>\n<td>70 kg<\/td>\n<td>580 g<\/td>\n<\/tr>\n<tr>\n<td>80 kg<\/td>\n<td>640 g<\/td>\n<\/tr>\n<\/tbody>\n<\/table>\n","protected":false},"featured_media":41190,"template":"","meta":[],"product_brand":[],"product_cat":[524,538],"product_tag":[],"class_list":{"0":"post-41175","1":"product","2":"type-product","3":"status-publish","4":"has-post-thumbnail","6":"product_cat-kaup24-lt","7":"product_cat-sausas-maistas-sunims","9":"first","10":"instock","11":"sale","12":"taxable","13":"shipping-taxable","14":"purchasable","15":"product-type-simple"},"yoast_head":"<!-- This site is optimized with the Yoast SEO plugin v27.4 - https:\/\/yoast.com\/product\/yoast-seo-wordpress\/ -->\n<title>Ibero Natural Maxi Adult su Iberijos kiauliena ir \u0117riena 12 kg - MiuMjau<\/title>\n<meta name=\"robots\" content=\"index, follow, max-snippet:-1, max-image-preview:large, max-video-preview:-1\" \/>\n<link rel=\"canonical\" href=\"https:\/\/miumjau.ee\/lt\/produktas\/ibero-natural-maxi-adult-su-iberijos-kiauliena-ir-eriena-12-kg\/\" \/>\n<meta property=\"og:locale\" content=\"lt_LT\" \/>\n<meta property=\"og:type\" content=\"article\" \/>\n<meta property=\"og:title\" content=\"Ibero Natural Maxi Adult su Iberijos kiauliena ir \u0117riena 12 kg - MiuMjau\" \/>\n<meta property=\"og:description\" content=\"\u0160uo, kaip ir jo prot\u0117vis vilkas, turi gauti \u012fvair\u0173 racion\u0105, kuris apr\u016bpina visomis b\u016btinomis maistin\u0117mis med\u017eiagomis ir padeda i\u0161laikyti puiki\u0105 form\u0105. Ibero NATURAL pa\u0161aro suk\u016brimo \u012fkv\u0117pimu tapo Iberijos vilkai, kurie savo gimtin\u0117je daugiausia med\u017eioja pusiau laukines juod\u0105sias kiaules, taip pat avis, elnius ir kitus \u017einduolius. \u0160i\u0105 nat\u016brali\u0105 grandin\u0119 atspindi ir \u0161iuolaikin\u0117 \u0161un\u0173 \u0161\u0117rimo kryptis: Ibero NATURAL superpremium klas\u0117s granul\u0117ms gaminti naudojamos tik auk\u0161tos kokyb\u0117s nat\u016bralios sudedamosios dalys i\u0161 regionini\u0173 Ispanijos \u016bki\u0173. Pagrindin\u0117 sudedamoji dalis \u2013 Iberijos kiauliena ir \u0117riena. Ibero NATURAL Large Breed \u2013 Superpremium visavertis pa\u0161aras dideliems \u0161unims Ibero Natural linijos granul\u0117s yra su ma\u017eu gr\u016bd\u0173 kiekiu. I\u0161 gr\u016bd\u0173 naudojami tik rudieji ry\u017eiai. Pilno gr\u016bdo ry\u017eiai neapdorojami, tod\u0117l i\u0161laiko daugiau skaidul\u0173 (svarbu taisyklingam vir\u0161kinimui), baltym\u0173, fosforo, mangano, gele\u017eies ir magnio. Pa\u0161aras yra hipoalerginis, t. y. be potencialiai alergizuojan\u010di\u0173 ingredient\u0173, toki\u0173 kaip soja, kvie\u010diai, kukur\u016bzai, jautiena ar vi\u0161tienos m\u0117sa, \u0161alutiniai produktai, cukrus, sintetiniai konservantai, kvapiosios ir skonin\u0117s med\u017eiagos, da\u017eikliai bei GMO (geneti\u0161kai modifikuotos sudedamosios dalys).  \u2705 Daug m\u0117sos \u2013 daugiau kaip 18 kg \u0161vie\u017eios m\u0117sos (Iberijos kiauliena ir \u0117riena) kiekviename 12 kg mai\u0161e \u2705 Hipoalerginis \u2013 be \u012fprast\u0173 alergen\u0173: jautienos, vi\u0161tienos, kvie\u010di\u0173, kukur\u016bz\u0173, kiau\u0161ini\u0173, sojos \u2705 Be glitimo \u2013 tik pilno gr\u016bdo rudieji ry\u017eiai \u2705 100 % nat\u016bralus \u2013 be konservant\u0173, da\u017eikli\u0173, GMO sudedam\u0173j\u0173 dali\u0173 \u2705 Funkciniai priedai \u2013 gliukozaminas, chondroitinas, \u017euv\u0173 aliejus, miel\u0117s, dumbliai, juka ir kt. Pagrindiniai sudedam\u0173j\u0173 dali\u0173 privalumai:   Iberijos kiauliena &amp; \u0117riena \u2013 daug baltym\u0173 ir vitamin\u0173  Rudieji ry\u017eiai \u2013 lengvai vir\u0161kinami, turtingi skaidulomis  \u017dirniai &amp; karobas \u2013 skatina vir\u0161kinim\u0105, palaiko \u0161ird\u012f  Alaus miel\u0117s, alyvuogi\u0173 ekstraktas \u2013 B grup\u0117s vitaminai, antioksidantai  \u017duv\u0173 aliejus &amp; \u010dija \u2013 omega-3 riebal\u0173 r\u016bg\u0161tys (oda, kailis, s\u0105nariai)  Gliukozaminas &amp; chondroitinas \u2013 s\u0105nariams  Juka &amp; dumbliai \u2013 vir\u0161kinimas, prie\u0161u\u017edegiminis poveikis, imunitetas  Taurinas \u2013 \u0161ird\u017eiai ir reg\u0117jimui  Sudedamosios dalys: Iberijos kiauliena ir \u0117riena (38 %), rudieji ry\u017eiai (28 %), pauk\u0161tienos riebalai (10 %), \u017eirniai (8 %), karobo miltai, burok\u0117li\u0173 mink\u0161timas, alyvuogi\u0173 ekstraktas, miel\u0117s ir mieli\u0173 ekstraktai (MOS, \u03b2-gliukanai), hidrolizuoti kiaulienos baltymai, \u017euv\u0173 aliejus, inulinas (FOS), \u010dija, dumbliai, gliukozaminas, chondroitinas, juka. Analitin\u0117 sud\u0117tis: \u017dali baltymai 27 %, \u017eali riebalai 15 %, \u017ealios skaidulos 2,5 %, \u017eali pelenai 7,6 %, kalcis 1,75 %, fosforas 1 %, dr\u0117gm\u0117 9 %, gliukozaminas 320 mg\/kg, chondroitinas 200 mg\/kg. Priedai \/ kg: Vitam. A 15 000 TV, D3 1 800 TV, E 200 mg, C 100 mg, L-karnitinas 40 mg, taurinas 500 mg, gele\u017eis 74 mg, varis 10 mg, manganas 25 mg, cinkas 110 mg, jodas 2 mg, selenas 0,1 mg. Metabolizuojama energija: 3750 kcal\/kg Rekomenduojama paros norma:    \u0160uns svoris Paros norma   30 kg 340 g   40 kg 400 g   50 kg 460 g   60 kg 520 g   70 kg 580 g   80 kg 640 g\" \/>\n<meta property=\"og:url\" content=\"https:\/\/miumjau.ee\/lt\/produktas\/ibero-natural-maxi-adult-su-iberijos-kiauliena-ir-eriena-12-kg\/\" \/>\n<meta property=\"og:site_name\" content=\"MiuMjau\" \/>\n<meta property=\"article:publisher\" content=\"https:\/\/www.facebook.com\/miumjaupood\/\" \/>\n<meta property=\"article:modified_time\" content=\"2026-01-07T18:53:20+00:00\" \/>\n<meta property=\"og:image\" content=\"https:\/\/miumjau.ee\/wp-content\/uploads\/2025\/07\/ibero-maxi-adult-3kg-iberian-pork-lamb.jpg\" \/>\n\t<meta property=\"og:image:width\" content=\"600\" \/>\n\t<meta property=\"og:image:height\" content=\"800\" \/>\n\t<meta property=\"og:image:type\" content=\"image\/jpeg\" \/>\n<meta name=\"twitter:card\" content=\"summary_large_image\" \/>\n<script type=\"application\/ld+json\" class=\"yoast-schema-graph\">{\"@context\":\"https:\\\/\\\/schema.org\",\"@graph\":[{\"@type\":\"WebPage\",\"@id\":\"https:\\\/\\\/miumjau.ee\\\/lt\\\/produktas\\\/ibero-natural-maxi-adult-su-iberijos-kiauliena-ir-eriena-12-kg\\\/\",\"url\":\"https:\\\/\\\/miumjau.ee\\\/lt\\\/produktas\\\/ibero-natural-maxi-adult-su-iberijos-kiauliena-ir-eriena-12-kg\\\/\",\"name\":\"Ibero Natural Maxi Adult su Iberijos kiauliena ir \u0117riena 12 kg - MiuMjau\",\"isPartOf\":{\"@id\":\"https:\\\/\\\/miumjau.ee\\\/#website\"},\"primaryImageOfPage\":{\"@id\":\"https:\\\/\\\/miumjau.ee\\\/lt\\\/produktas\\\/ibero-natural-maxi-adult-su-iberijos-kiauliena-ir-eriena-12-kg\\\/#primaryimage\"},\"image\":{\"@id\":\"https:\\\/\\\/miumjau.ee\\\/lt\\\/produktas\\\/ibero-natural-maxi-adult-su-iberijos-kiauliena-ir-eriena-12-kg\\\/#primaryimage\"},\"thumbnailUrl\":\"https:\\\/\\\/miumjau.ee\\\/wp-content\\\/uploads\\\/2025\\\/07\\\/ibero-maxi-adult-3kg-iberian-pork-lamb.jpg\",\"datePublished\":\"2025-07-23T08:11:49+00:00\",\"dateModified\":\"2026-01-07T18:53:20+00:00\",\"breadcrumb\":{\"@id\":\"https:\\\/\\\/miumjau.ee\\\/lt\\\/produktas\\\/ibero-natural-maxi-adult-su-iberijos-kiauliena-ir-eriena-12-kg\\\/#breadcrumb\"},\"inLanguage\":\"lt-LT\",\"potentialAction\":[{\"@type\":\"ReadAction\",\"target\":[\"https:\\\/\\\/miumjau.ee\\\/lt\\\/produktas\\\/ibero-natural-maxi-adult-su-iberijos-kiauliena-ir-eriena-12-kg\\\/\"]}]},{\"@type\":\"ImageObject\",\"inLanguage\":\"lt-LT\",\"@id\":\"https:\\\/\\\/miumjau.ee\\\/lt\\\/produktas\\\/ibero-natural-maxi-adult-su-iberijos-kiauliena-ir-eriena-12-kg\\\/#primaryimage\",\"url\":\"https:\\\/\\\/miumjau.ee\\\/wp-content\\\/uploads\\\/2025\\\/07\\\/ibero-maxi-adult-3kg-iberian-pork-lamb.jpg\",\"contentUrl\":\"https:\\\/\\\/miumjau.ee\\\/wp-content\\\/uploads\\\/2025\\\/07\\\/ibero-maxi-adult-3kg-iberian-pork-lamb.jpg\",\"width\":600,\"height\":800,\"caption\":\"Ibero Natural Maxi Adult 3kg\"},{\"@type\":\"BreadcrumbList\",\"@id\":\"https:\\\/\\\/miumjau.ee\\\/lt\\\/produktas\\\/ibero-natural-maxi-adult-su-iberijos-kiauliena-ir-eriena-12-kg\\\/#breadcrumb\",\"itemListElement\":[{\"@type\":\"ListItem\",\"position\":1,\"name\":\"Home\",\"item\":\"https:\\\/\\\/miumjau.ee\\\/lt\\\/\"},{\"@type\":\"ListItem\",\"position\":2,\"name\":\"Parduotuv\u0117\",\"item\":\"https:\\\/\\\/miumjau.ee\\\/lt\\\/parduotuve\\\/\"},{\"@type\":\"ListItem\",\"position\":3,\"name\":\"Ibero Natural Maxi Adult su Iberijos kiauliena ir \u0117riena 12 kg\"}]},{\"@type\":\"WebSite\",\"@id\":\"https:\\\/\\\/miumjau.ee\\\/#website\",\"url\":\"https:\\\/\\\/miumjau.ee\\\/\",\"name\":\"MiuMjau\",\"description\":\"Kraapimispuud kassidele\",\"publisher\":{\"@id\":\"https:\\\/\\\/miumjau.ee\\\/#organization\"},\"potentialAction\":[{\"@type\":\"SearchAction\",\"target\":{\"@type\":\"EntryPoint\",\"urlTemplate\":\"https:\\\/\\\/miumjau.ee\\\/?s={search_term_string}\"},\"query-input\":{\"@type\":\"PropertyValueSpecification\",\"valueRequired\":true,\"valueName\":\"search_term_string\"}}],\"inLanguage\":\"lt-LT\"},{\"@type\":\"Organization\",\"@id\":\"https:\\\/\\\/miumjau.ee\\\/#organization\",\"name\":\"MiuMjau O\u00dc\",\"url\":\"https:\\\/\\\/miumjau.ee\\\/\",\"logo\":{\"@type\":\"ImageObject\",\"inLanguage\":\"lt-LT\",\"@id\":\"https:\\\/\\\/miumjau.ee\\\/#\\\/schema\\\/logo\\\/image\\\/\",\"url\":\"https:\\\/\\\/miumjau.ee\\\/wp-content\\\/uploads\\\/2022\\\/04\\\/MiuMjau-logo-kollane.png\",\"contentUrl\":\"https:\\\/\\\/miumjau.ee\\\/wp-content\\\/uploads\\\/2022\\\/04\\\/MiuMjau-logo-kollane.png\",\"width\":219,\"height\":100,\"caption\":\"MiuMjau O\u00dc\"},\"image\":{\"@id\":\"https:\\\/\\\/miumjau.ee\\\/#\\\/schema\\\/logo\\\/image\\\/\"},\"sameAs\":[\"https:\\\/\\\/www.facebook.com\\\/miumjaupood\\\/\"]}]}<\/script>\n<!-- \/ Yoast SEO plugin. -->","yoast_head_json":{"title":"Ibero Natural Maxi Adult su Iberijos kiauliena ir \u0117riena 12 kg - MiuMjau","robots":{"index":"index","follow":"follow","max-snippet":"max-snippet:-1","max-image-preview":"max-image-preview:large","max-video-preview":"max-video-preview:-1"},"canonical":"https:\/\/miumjau.ee\/lt\/produktas\/ibero-natural-maxi-adult-su-iberijos-kiauliena-ir-eriena-12-kg\/","og_locale":"lt_LT","og_type":"article","og_title":"Ibero Natural Maxi Adult su Iberijos kiauliena ir \u0117riena 12 kg - MiuMjau","og_description":"\u0160uo, kaip ir jo prot\u0117vis vilkas, turi gauti \u012fvair\u0173 racion\u0105, kuris apr\u016bpina visomis b\u016btinomis maistin\u0117mis med\u017eiagomis ir padeda i\u0161laikyti puiki\u0105 form\u0105. Ibero NATURAL pa\u0161aro suk\u016brimo \u012fkv\u0117pimu tapo Iberijos vilkai, kurie savo gimtin\u0117je daugiausia med\u017eioja pusiau laukines juod\u0105sias kiaules, taip pat avis, elnius ir kitus \u017einduolius. \u0160i\u0105 nat\u016brali\u0105 grandin\u0119 atspindi ir \u0161iuolaikin\u0117 \u0161un\u0173 \u0161\u0117rimo kryptis: Ibero NATURAL superpremium klas\u0117s granul\u0117ms gaminti naudojamos tik auk\u0161tos kokyb\u0117s nat\u016bralios sudedamosios dalys i\u0161 regionini\u0173 Ispanijos \u016bki\u0173. Pagrindin\u0117 sudedamoji dalis \u2013 Iberijos kiauliena ir \u0117riena. Ibero NATURAL Large Breed \u2013 Superpremium visavertis pa\u0161aras dideliems \u0161unims Ibero Natural linijos granul\u0117s yra su ma\u017eu gr\u016bd\u0173 kiekiu. I\u0161 gr\u016bd\u0173 naudojami tik rudieji ry\u017eiai. Pilno gr\u016bdo ry\u017eiai neapdorojami, tod\u0117l i\u0161laiko daugiau skaidul\u0173 (svarbu taisyklingam vir\u0161kinimui), baltym\u0173, fosforo, mangano, gele\u017eies ir magnio. Pa\u0161aras yra hipoalerginis, t. y. be potencialiai alergizuojan\u010di\u0173 ingredient\u0173, toki\u0173 kaip soja, kvie\u010diai, kukur\u016bzai, jautiena ar vi\u0161tienos m\u0117sa, \u0161alutiniai produktai, cukrus, sintetiniai konservantai, kvapiosios ir skonin\u0117s med\u017eiagos, da\u017eikliai bei GMO (geneti\u0161kai modifikuotos sudedamosios dalys).  \u2705 Daug m\u0117sos \u2013 daugiau kaip 18 kg \u0161vie\u017eios m\u0117sos (Iberijos kiauliena ir \u0117riena) kiekviename 12 kg mai\u0161e \u2705 Hipoalerginis \u2013 be \u012fprast\u0173 alergen\u0173: jautienos, vi\u0161tienos, kvie\u010di\u0173, kukur\u016bz\u0173, kiau\u0161ini\u0173, sojos \u2705 Be glitimo \u2013 tik pilno gr\u016bdo rudieji ry\u017eiai \u2705 100 % nat\u016bralus \u2013 be konservant\u0173, da\u017eikli\u0173, GMO sudedam\u0173j\u0173 dali\u0173 \u2705 Funkciniai priedai \u2013 gliukozaminas, chondroitinas, \u017euv\u0173 aliejus, miel\u0117s, dumbliai, juka ir kt. Pagrindiniai sudedam\u0173j\u0173 dali\u0173 privalumai:   Iberijos kiauliena &amp; \u0117riena \u2013 daug baltym\u0173 ir vitamin\u0173  Rudieji ry\u017eiai \u2013 lengvai vir\u0161kinami, turtingi skaidulomis  \u017dirniai &amp; karobas \u2013 skatina vir\u0161kinim\u0105, palaiko \u0161ird\u012f  Alaus miel\u0117s, alyvuogi\u0173 ekstraktas \u2013 B grup\u0117s vitaminai, antioksidantai  \u017duv\u0173 aliejus &amp; \u010dija \u2013 omega-3 riebal\u0173 r\u016bg\u0161tys (oda, kailis, s\u0105nariai)  Gliukozaminas &amp; chondroitinas \u2013 s\u0105nariams  Juka &amp; dumbliai \u2013 vir\u0161kinimas, prie\u0161u\u017edegiminis poveikis, imunitetas  Taurinas \u2013 \u0161ird\u017eiai ir reg\u0117jimui  Sudedamosios dalys: Iberijos kiauliena ir \u0117riena (38 %), rudieji ry\u017eiai (28 %), pauk\u0161tienos riebalai (10 %), \u017eirniai (8 %), karobo miltai, burok\u0117li\u0173 mink\u0161timas, alyvuogi\u0173 ekstraktas, miel\u0117s ir mieli\u0173 ekstraktai (MOS, \u03b2-gliukanai), hidrolizuoti kiaulienos baltymai, \u017euv\u0173 aliejus, inulinas (FOS), \u010dija, dumbliai, gliukozaminas, chondroitinas, juka. Analitin\u0117 sud\u0117tis: \u017dali baltymai 27 %, \u017eali riebalai 15 %, \u017ealios skaidulos 2,5 %, \u017eali pelenai 7,6 %, kalcis 1,75 %, fosforas 1 %, dr\u0117gm\u0117 9 %, gliukozaminas 320 mg\/kg, chondroitinas 200 mg\/kg. Priedai \/ kg: Vitam. A 15 000 TV, D3 1 800 TV, E 200 mg, C 100 mg, L-karnitinas 40 mg, taurinas 500 mg, gele\u017eis 74 mg, varis 10 mg, manganas 25 mg, cinkas 110 mg, jodas 2 mg, selenas 0,1 mg. Metabolizuojama energija: 3750 kcal\/kg Rekomenduojama paros norma:    \u0160uns svoris Paros norma   30 kg 340 g   40 kg 400 g   50 kg 460 g   60 kg 520 g   70 kg 580 g   80 kg 640 g","og_url":"https:\/\/miumjau.ee\/lt\/produktas\/ibero-natural-maxi-adult-su-iberijos-kiauliena-ir-eriena-12-kg\/","og_site_name":"MiuMjau","article_publisher":"https:\/\/www.facebook.com\/miumjaupood\/","article_modified_time":"2026-01-07T18:53:20+00:00","og_image":[{"width":600,"height":800,"url":"https:\/\/miumjau.ee\/wp-content\/uploads\/2025\/07\/ibero-maxi-adult-3kg-iberian-pork-lamb.jpg","type":"image\/jpeg"}],"twitter_card":"summary_large_image","schema":{"@context":"https:\/\/schema.org","@graph":[{"@type":"WebPage","@id":"https:\/\/miumjau.ee\/lt\/produktas\/ibero-natural-maxi-adult-su-iberijos-kiauliena-ir-eriena-12-kg\/","url":"https:\/\/miumjau.ee\/lt\/produktas\/ibero-natural-maxi-adult-su-iberijos-kiauliena-ir-eriena-12-kg\/","name":"Ibero Natural Maxi Adult su Iberijos kiauliena ir \u0117riena 12 kg - MiuMjau","isPartOf":{"@id":"https:\/\/miumjau.ee\/#website"},"primaryImageOfPage":{"@id":"https:\/\/miumjau.ee\/lt\/produktas\/ibero-natural-maxi-adult-su-iberijos-kiauliena-ir-eriena-12-kg\/#primaryimage"},"image":{"@id":"https:\/\/miumjau.ee\/lt\/produktas\/ibero-natural-maxi-adult-su-iberijos-kiauliena-ir-eriena-12-kg\/#primaryimage"},"thumbnailUrl":"https:\/\/miumjau.ee\/wp-content\/uploads\/2025\/07\/ibero-maxi-adult-3kg-iberian-pork-lamb.jpg","datePublished":"2025-07-23T08:11:49+00:00","dateModified":"2026-01-07T18:53:20+00:00","breadcrumb":{"@id":"https:\/\/miumjau.ee\/lt\/produktas\/ibero-natural-maxi-adult-su-iberijos-kiauliena-ir-eriena-12-kg\/#breadcrumb"},"inLanguage":"lt-LT","potentialAction":[{"@type":"ReadAction","target":["https:\/\/miumjau.ee\/lt\/produktas\/ibero-natural-maxi-adult-su-iberijos-kiauliena-ir-eriena-12-kg\/"]}]},{"@type":"ImageObject","inLanguage":"lt-LT","@id":"https:\/\/miumjau.ee\/lt\/produktas\/ibero-natural-maxi-adult-su-iberijos-kiauliena-ir-eriena-12-kg\/#primaryimage","url":"https:\/\/miumjau.ee\/wp-content\/uploads\/2025\/07\/ibero-maxi-adult-3kg-iberian-pork-lamb.jpg","contentUrl":"https:\/\/miumjau.ee\/wp-content\/uploads\/2025\/07\/ibero-maxi-adult-3kg-iberian-pork-lamb.jpg","width":600,"height":800,"caption":"Ibero Natural Maxi Adult 3kg"},{"@type":"BreadcrumbList","@id":"https:\/\/miumjau.ee\/lt\/produktas\/ibero-natural-maxi-adult-su-iberijos-kiauliena-ir-eriena-12-kg\/#breadcrumb","itemListElement":[{"@type":"ListItem","position":1,"name":"Home","item":"https:\/\/miumjau.ee\/lt\/"},{"@type":"ListItem","position":2,"name":"Parduotuv\u0117","item":"https:\/\/miumjau.ee\/lt\/parduotuve\/"},{"@type":"ListItem","position":3,"name":"Ibero Natural Maxi Adult su Iberijos kiauliena ir \u0117riena 12 kg"}]},{"@type":"WebSite","@id":"https:\/\/miumjau.ee\/#website","url":"https:\/\/miumjau.ee\/","name":"MiuMjau","description":"Kraapimispuud kassidele","publisher":{"@id":"https:\/\/miumjau.ee\/#organization"},"potentialAction":[{"@type":"SearchAction","target":{"@type":"EntryPoint","urlTemplate":"https:\/\/miumjau.ee\/?s={search_term_string}"},"query-input":{"@type":"PropertyValueSpecification","valueRequired":true,"valueName":"search_term_string"}}],"inLanguage":"lt-LT"},{"@type":"Organization","@id":"https:\/\/miumjau.ee\/#organization","name":"MiuMjau O\u00dc","url":"https:\/\/miumjau.ee\/","logo":{"@type":"ImageObject","inLanguage":"lt-LT","@id":"https:\/\/miumjau.ee\/#\/schema\/logo\/image\/","url":"https:\/\/miumjau.ee\/wp-content\/uploads\/2022\/04\/MiuMjau-logo-kollane.png","contentUrl":"https:\/\/miumjau.ee\/wp-content\/uploads\/2022\/04\/MiuMjau-logo-kollane.png","width":219,"height":100,"caption":"MiuMjau O\u00dc"},"image":{"@id":"https:\/\/miumjau.ee\/#\/schema\/logo\/image\/"},"sameAs":["https:\/\/www.facebook.com\/miumjaupood\/"]}]}},"_links":{"self":[{"href":"https:\/\/miumjau.ee\/lt\/wp-json\/wp\/v2\/product\/41175","targetHints":{"allow":["GET"]}}],"collection":[{"href":"https:\/\/miumjau.ee\/lt\/wp-json\/wp\/v2\/product"}],"about":[{"href":"https:\/\/miumjau.ee\/lt\/wp-json\/wp\/v2\/types\/product"}],"wp:featuredmedia":[{"embeddable":true,"href":"https:\/\/miumjau.ee\/lt\/wp-json\/wp\/v2\/media\/41190"}],"wp:attachment":[{"href":"https:\/\/miumjau.ee\/lt\/wp-json\/wp\/v2\/media?parent=41175"}],"wp:term":[{"taxonomy":"product_brand","embeddable":true,"href":"https:\/\/miumjau.ee\/lt\/wp-json\/wp\/v2\/product_brand?post=41175"},{"taxonomy":"product_cat","embeddable":true,"href":"https:\/\/miumjau.ee\/lt\/wp-json\/wp\/v2\/product_cat?post=41175"},{"taxonomy":"product_tag","embeddable":true,"href":"https:\/\/miumjau.ee\/lt\/wp-json\/wp\/v2\/product_tag?post=41175"}],"curies":[{"name":"wp","href":"https:\/\/api.w.org\/{rel}","templated":true}]}}