{"id":41172,"date":"2025-07-23T10:43:37","date_gmt":"2025-07-23T07:43:37","guid":{"rendered":"https:\/\/miumjau.ee\/toode\/ibero-natural-medium-junior-su-iberijos-kiauliena-ir-eriena-12-kg\/"},"modified":"2026-01-07T20:53:20","modified_gmt":"2026-01-07T18:53:20","slug":"ibero-natural-medium-junior-su-iberijos-kiauliena-ir-eriena-12-kg","status":"publish","type":"product","link":"https:\/\/miumjau.ee\/lt\/produktas\/ibero-natural-medium-junior-su-iberijos-kiauliena-ir-eriena-12-kg\/","title":{"rendered":"Ibero Natural Medium Junior su Iberijos kiauliena ir \u0117riena 12 kg"},"content":{"rendered":"","protected":false},"excerpt":{"rendered":"<p>\u0160uo, kaip ir jo prot\u0117vis vilkas, turi gauti \u012fvair\u0173 racion\u0105, kuris apr\u016bpina visomis b\u016btinomis maistin\u0117mis med\u017eiagomis ir padeda i\u0161laikyti puiki\u0105 form\u0105. Ibero NATURAL pa\u0161aro suk\u016brimo \u012fkv\u0117pimu tapo Iberijos vilkai, kurie savo gimtin\u0117je daugiausia med\u017eioja pusiau laukines juod\u0105sias kiaules, taip pat avis, elnius ir kitus \u017einduolius. \u0160i\u0105 nat\u016brali\u0105 grandin\u0119 atspindi ir \u0161iuolaikin\u0117 \u0161un\u0173 \u0161\u0117rimo kryptis: Ibero NATURAL superpremium klas\u0117s granul\u0117ms gaminti naudojamos tik auk\u0161tos kokyb\u0117s nat\u016bralios sudedamosios dalys i\u0161 regionini\u0173 Ispanijos \u016bki\u0173. Pagrindin\u0117 sudedamoji dalis \u2013 Iberijos kiauliena ir \u0117riena.<\/p>\n<p><strong>Tinka \u0161uniukams nuo 8-os gyvenimo savait\u0117s<\/strong>, <strong>kuri\u0173 suaugusio \u0161uns svoris bus iki 25 kg.<\/strong><\/p>\n<p>Ibero Natural linijos granul\u0117s yra <strong>su ma\u017eu gr\u016bd\u0173 kiekiu<\/strong>. I\u0161 gr\u016bd\u0173 naudojami tik rudieji ry\u017eiai. Pilno gr\u016bdo ry\u017eiai neapdorojami, tod\u0117l i\u0161laiko daugiau skaidul\u0173 (svarbu taisyklingam vir\u0161kinimui), baltym\u0173, fosforo, mangano, gele\u017eies ir magnio. Pa\u0161aras yra <strong>hipoalerginis<\/strong>, t. y. be potencialiai alergizuojan\u010di\u0173 ingredient\u0173, toki\u0173 kaip soja, kvie\u010diai, kukur\u016bzai, jautiena ar vi\u0161tienos m\u0117sa, \u0161alutiniai produktai, cukrus, sintetiniai konservantai, kvapiosios ir skonin\u0117s med\u017eiagos, da\u017eikliai bei GMO (geneti\u0161kai modifikuotos sudedamosios dalys).<\/p>\n<ul>\n<li>\n<strong>100 % nat\u016bralus<\/strong> pa\u0161aras, pagamintas i\u0161 auk\u0161tos kokyb\u0117s Ispanijos regionini\u0173 ingredient\u0173.\n<\/li>\n<li>\n<strong>Pagrindiniai komponentai<\/strong>: pusiau laukin\u0117 Iberijos kiauliena ir \u0117riena \u2013 gausu baltym\u0173, B grup\u0117s vitamin\u0173, gele\u017eies, cinko ir kalio.\n<\/li>\n<li>\n<strong>Hipoalergin\u0117 sud\u0117tis<\/strong> \u2013 be alergizuojan\u010di\u0173 ingredient\u0173 (pvz., jautienos, vi\u0161tienos baltymo, kvie\u010di\u0173, kukur\u016bz\u0173, kiau\u0161ini\u0173, sojos) ir be \u0161alutini\u0173 produkt\u0173.\n<\/li>\n<li>\n<strong>Be glitimo<\/strong> \u2013 naudojami tik pilno gr\u016bdo rudieji ry\u017eiai, kurie d\u0117l gausi\u0173 skaidul\u0173 palaiko vir\u0161kinim\u0105.\n<\/li>\n<li>\n<strong>Funkciniai priedai<\/strong>: miel\u0117s (MOS, \u03b2-gliukanai), \u017euv\u0173 aliejus (omega-3), inulinas (FOS), \u010dija s\u0117klos, dumbliai, karobo miltai, alyvuogi\u0173 ekstraktas, gliukozaminas, chondroitinas, juka, taurinas.\n<\/li>\n<\/ul>\n<p><strong>Sudedamosios dalys: <\/strong>D\u017eiovinta Iberijos kiauliena ir \u0117riena (39 %), rudieji ry\u017eiai (26 %), pauk\u0161tienos riebalai (12 %), \u017eirniai (10 %), karobo miltai (2 %), burok\u0117li\u0173 mink\u0161timas (2 %), alyvuogi\u0173 ekstraktas, miel\u0117s (Saccharomyces cerevisiae \u2013 MOS ir \u03b2-gliukanai), kruopos, hidrolizuoti kiaulienos baltymai, \u017euv\u0173 aliejus, inulinas, \u010dija s\u0117klos, j\u016briniai dumbliai (Ascophyllum nodosum), hidrolizuoti v\u0117\u017eiagyviai (gliukozamino \u0161altinis), hidrolizuota kremzl\u0117 (chondroitino \u0161altinis), Yucca schidigera.<br \/>\n<strong>Priedai: <\/strong>Vitam. A 24 000 TV\/kg, D3 2 000 TV\/kg, E 240 mg\/kg, C 120 mg\/kg, L-karnitinas 48 mg\/kg, taurinas 600 mg\/kg, gele\u017eis 90 mg\/kg, varis 12 mg\/kg, manganas 30 mg\/kg, cinkas 130 mg\/kg, jodas 2,4 mg\/kg, selenas 0,1 mg\/kg<br \/>\n<strong>Metabolizuojama energija:<\/strong> 3 950 kcal\/kg<br \/>\n<strong>Rekomenduojama paros norma:<\/strong><\/p>\n<table>\n<tr>\n<th>\u0160uniuko am\u017eius  Svoris<\/th>\n<th>iki 12 kg<\/th>\n<th>iki 14 kg<\/th>\n<th>iki 16 kg<\/th>\n<th>iki 18 kg<\/th>\n<th>iki 22 kg<\/th>\n<th>iki 25 kg<\/th>\n<\/tr>\n<tr>\n<td>2 m\u0117n.<\/td>\n<td>61 g<\/td>\n<td>68 g<\/td>\n<td>76 g<\/td>\n<td>83 g<\/td>\n<td>96 g<\/td>\n<td>106 g<\/td>\n<\/tr>\n<tr>\n<td>4 m\u0117n.<\/td>\n<td>103 g<\/td>\n<td>115 g<\/td>\n<td>127 g<\/td>\n<td>139 g<\/td>\n<td>162 g<\/td>\n<td>178 g<\/td>\n<\/tr>\n<tr>\n<td>6 m\u0117n.<\/td>\n<td>172 g<\/td>\n<td>194 g<\/td>\n<td>214 g<\/td>\n<td>234 g<\/td>\n<td>272 g<\/td>\n<td>299 g<\/td>\n<\/tr>\n<tr>\n<td>8 m\u0117n.<\/td>\n<td>195 g<\/td>\n<td>219 g<\/td>\n<td>242 g<\/td>\n<td>264 g<\/td>\n<td>307 g<\/td>\n<td>338 g<\/td>\n<\/tr>\n<tr>\n<td>10 m\u0117n.<\/td>\n<td>242 g<\/td>\n<td>271 g<\/td>\n<td>300 g<\/td>\n<td>328 g<\/td>\n<td>381 g<\/td>\n<td>419 g<\/td>\n<\/tr>\n<tr>\n<td>12 m\u0117n.<\/td>\n<td>229 g<\/td>\n<td>257 g<\/td>\n<td>284 g<\/td>\n<td>310 g<\/td>\n<td>370 g<\/td>\n<td>396 g<\/td>\n<\/tr>\n<\/table>\n<p><strong>Laikymas:<\/strong> Laikyti sausoje ir v\u0117sioje vietoje. U\u017etikrinti nuolatin\u0119 prieig\u0105 prie \u0161vie\u017eio geriamojo vandens.<\/p>\n","protected":false},"featured_media":41186,"template":"","meta":[],"product_brand":[],"product_cat":[538,524],"product_tag":[],"class_list":{"0":"post-41172","1":"product","2":"type-product","3":"status-publish","4":"has-post-thumbnail","6":"product_cat-sausas-maistas-sunims","7":"product_cat-kaup24-lt","9":"first","10":"instock","11":"sale","12":"taxable","13":"shipping-taxable","14":"purchasable","15":"product-type-simple"},"yoast_head":"<!-- This site is optimized with the Yoast SEO plugin v27.2 - https:\/\/yoast.com\/product\/yoast-seo-wordpress\/ -->\n<title>Ibero Natural Medium Junior su Iberijos kiauliena ir \u0117riena 12 kg - MiuMjau<\/title>\n<meta name=\"robots\" content=\"index, follow, max-snippet:-1, max-image-preview:large, max-video-preview:-1\" \/>\n<link rel=\"canonical\" href=\"https:\/\/miumjau.ee\/lt\/produktas\/ibero-natural-medium-junior-su-iberijos-kiauliena-ir-eriena-12-kg\/\" \/>\n<meta property=\"og:locale\" content=\"lt_LT\" \/>\n<meta property=\"og:type\" content=\"article\" \/>\n<meta property=\"og:title\" content=\"Ibero Natural Medium Junior su Iberijos kiauliena ir \u0117riena 12 kg - MiuMjau\" \/>\n<meta property=\"og:description\" content=\"\u0160uo, kaip ir jo prot\u0117vis vilkas, turi gauti \u012fvair\u0173 racion\u0105, kuris apr\u016bpina visomis b\u016btinomis maistin\u0117mis med\u017eiagomis ir padeda i\u0161laikyti puiki\u0105 form\u0105. Ibero NATURAL pa\u0161aro suk\u016brimo \u012fkv\u0117pimu tapo Iberijos vilkai, kurie savo gimtin\u0117je daugiausia med\u017eioja pusiau laukines juod\u0105sias kiaules, taip pat avis, elnius ir kitus \u017einduolius. \u0160i\u0105 nat\u016brali\u0105 grandin\u0119 atspindi ir \u0161iuolaikin\u0117 \u0161un\u0173 \u0161\u0117rimo kryptis: Ibero NATURAL superpremium klas\u0117s granul\u0117ms gaminti naudojamos tik auk\u0161tos kokyb\u0117s nat\u016bralios sudedamosios dalys i\u0161 regionini\u0173 Ispanijos \u016bki\u0173. Pagrindin\u0117 sudedamoji dalis \u2013 Iberijos kiauliena ir \u0117riena.  Tinka \u0161uniukams nuo 8-os gyvenimo savait\u0117s, kuri\u0173 suaugusio \u0161uns svoris bus iki 25 kg.  Ibero Natural linijos granul\u0117s yra su ma\u017eu gr\u016bd\u0173 kiekiu. I\u0161 gr\u016bd\u0173 naudojami tik rudieji ry\u017eiai. Pilno gr\u016bdo ry\u017eiai neapdorojami, tod\u0117l i\u0161laiko daugiau skaidul\u0173 (svarbu taisyklingam vir\u0161kinimui), baltym\u0173, fosforo, mangano, gele\u017eies ir magnio. Pa\u0161aras yra hipoalerginis, t. y. be potencialiai alergizuojan\u010di\u0173 ingredient\u0173, toki\u0173 kaip soja, kvie\u010diai, kukur\u016bzai, jautiena ar vi\u0161tienos m\u0117sa, \u0161alutiniai produktai, cukrus, sintetiniai konservantai, kvapiosios ir skonin\u0117s med\u017eiagos, da\u017eikliai bei GMO (geneti\u0161kai modifikuotos sudedamosios dalys).   100 % nat\u016bralus pa\u0161aras, pagamintas i\u0161 auk\u0161tos kokyb\u0117s Ispanijos regionini\u0173 ingredient\u0173.   Pagrindiniai komponentai: pusiau laukin\u0117 Iberijos kiauliena ir \u0117riena \u2013 gausu baltym\u0173, B grup\u0117s vitamin\u0173, gele\u017eies, cinko ir kalio.   Hipoalergin\u0117 sud\u0117tis \u2013 be alergizuojan\u010di\u0173 ingredient\u0173 (pvz., jautienos, vi\u0161tienos baltymo, kvie\u010di\u0173, kukur\u016bz\u0173, kiau\u0161ini\u0173, sojos) ir be \u0161alutini\u0173 produkt\u0173.   Be glitimo \u2013 naudojami tik pilno gr\u016bdo rudieji ry\u017eiai, kurie d\u0117l gausi\u0173 skaidul\u0173 palaiko vir\u0161kinim\u0105.   Funkciniai priedai: miel\u0117s (MOS, \u03b2-gliukanai), \u017euv\u0173 aliejus (omega-3), inulinas (FOS), \u010dija s\u0117klos, dumbliai, karobo miltai, alyvuogi\u0173 ekstraktas, gliukozaminas, chondroitinas, juka, taurinas.   Sudedamosios dalys: D\u017eiovinta Iberijos kiauliena ir \u0117riena (39 %), rudieji ry\u017eiai (26 %), pauk\u0161tienos riebalai (12 %), \u017eirniai (10 %), karobo miltai (2 %), burok\u0117li\u0173 mink\u0161timas (2 %), alyvuogi\u0173 ekstraktas, miel\u0117s (Saccharomyces cerevisiae \u2013 MOS ir \u03b2-gliukanai), kruopos, hidrolizuoti kiaulienos baltymai, \u017euv\u0173 aliejus, inulinas, \u010dija s\u0117klos, j\u016briniai dumbliai (Ascophyllum nodosum), hidrolizuoti v\u0117\u017eiagyviai (gliukozamino \u0161altinis), hidrolizuota kremzl\u0117 (chondroitino \u0161altinis), Yucca schidigera. Priedai: Vitam. A 24 000 TV\/kg, D3 2 000 TV\/kg, E 240 mg\/kg, C 120 mg\/kg, L-karnitinas 48 mg\/kg, taurinas 600 mg\/kg, gele\u017eis 90 mg\/kg, varis 12 mg\/kg, manganas 30 mg\/kg, cinkas 130 mg\/kg, jodas 2,4 mg\/kg, selenas 0,1 mg\/kg Metabolizuojama energija: 3 950 kcal\/kg Rekomenduojama paros norma:    \u0160uniuko am\u017eius Svoris iki 12 kg iki 14 kg iki 16 kg iki 18 kg iki 22 kg iki 25 kg   2 m\u0117n. 61 g 68 g 76 g 83 g 96 g 106 g   4 m\u0117n. 103 g 115 g 127 g 139 g 162 g 178 g   6 m\u0117n. 172 g 194 g 214 g 234 g 272 g 299 g   8 m\u0117n. 195 g 219 g 242 g 264 g 307 g 338 g   10 m\u0117n. 242 g 271 g 300 g 328 g 381 g 419 g   12 m\u0117n. 229 g 257 g 284 g 310 g 370 g 396 g   Laikymas: Laikyti sausoje ir v\u0117sioje vietoje. U\u017etikrinti nuolatin\u0119 prieig\u0105 prie \u0161vie\u017eio geriamojo vandens.\" \/>\n<meta property=\"og:url\" content=\"https:\/\/miumjau.ee\/lt\/produktas\/ibero-natural-medium-junior-su-iberijos-kiauliena-ir-eriena-12-kg\/\" \/>\n<meta property=\"og:site_name\" content=\"MiuMjau\" \/>\n<meta property=\"article:publisher\" content=\"https:\/\/www.facebook.com\/miumjaupood\/\" \/>\n<meta property=\"article:modified_time\" content=\"2026-01-07T18:53:20+00:00\" \/>\n<meta property=\"og:image\" content=\"https:\/\/miumjau.ee\/wp-content\/uploads\/2025\/07\/ibero-medium-junior-3kg-iberian-pork-lamb.jpg\" \/>\n\t<meta property=\"og:image:width\" content=\"600\" \/>\n\t<meta property=\"og:image:height\" content=\"800\" \/>\n\t<meta property=\"og:image:type\" content=\"image\/jpeg\" \/>\n<meta name=\"twitter:card\" content=\"summary_large_image\" \/>\n<script type=\"application\/ld+json\" class=\"yoast-schema-graph\">{\"@context\":\"https:\/\/schema.org\",\"@graph\":[{\"@type\":\"WebPage\",\"@id\":\"https:\/\/miumjau.ee\/lt\/produktas\/ibero-natural-medium-junior-su-iberijos-kiauliena-ir-eriena-12-kg\/\",\"url\":\"https:\/\/miumjau.ee\/lt\/produktas\/ibero-natural-medium-junior-su-iberijos-kiauliena-ir-eriena-12-kg\/\",\"name\":\"Ibero Natural Medium Junior su Iberijos kiauliena ir \u0117riena 12 kg - MiuMjau\",\"isPartOf\":{\"@id\":\"https:\/\/miumjau.ee\/#website\"},\"primaryImageOfPage\":{\"@id\":\"https:\/\/miumjau.ee\/lt\/produktas\/ibero-natural-medium-junior-su-iberijos-kiauliena-ir-eriena-12-kg\/#primaryimage\"},\"image\":{\"@id\":\"https:\/\/miumjau.ee\/lt\/produktas\/ibero-natural-medium-junior-su-iberijos-kiauliena-ir-eriena-12-kg\/#primaryimage\"},\"thumbnailUrl\":\"https:\/\/miumjau.ee\/wp-content\/uploads\/2025\/07\/ibero-medium-junior-3kg-iberian-pork-lamb.jpg\",\"datePublished\":\"2025-07-23T07:43:37+00:00\",\"dateModified\":\"2026-01-07T18:53:20+00:00\",\"breadcrumb\":{\"@id\":\"https:\/\/miumjau.ee\/lt\/produktas\/ibero-natural-medium-junior-su-iberijos-kiauliena-ir-eriena-12-kg\/#breadcrumb\"},\"inLanguage\":\"lt-LT\",\"potentialAction\":[{\"@type\":\"ReadAction\",\"target\":[\"https:\/\/miumjau.ee\/lt\/produktas\/ibero-natural-medium-junior-su-iberijos-kiauliena-ir-eriena-12-kg\/\"]}]},{\"@type\":\"ImageObject\",\"inLanguage\":\"lt-LT\",\"@id\":\"https:\/\/miumjau.ee\/lt\/produktas\/ibero-natural-medium-junior-su-iberijos-kiauliena-ir-eriena-12-kg\/#primaryimage\",\"url\":\"https:\/\/miumjau.ee\/wp-content\/uploads\/2025\/07\/ibero-medium-junior-3kg-iberian-pork-lamb.jpg\",\"contentUrl\":\"https:\/\/miumjau.ee\/wp-content\/uploads\/2025\/07\/ibero-medium-junior-3kg-iberian-pork-lamb.jpg\",\"width\":600,\"height\":800,\"caption\":\"Ibro Natural Medium Junior 3kg\"},{\"@type\":\"BreadcrumbList\",\"@id\":\"https:\/\/miumjau.ee\/lt\/produktas\/ibero-natural-medium-junior-su-iberijos-kiauliena-ir-eriena-12-kg\/#breadcrumb\",\"itemListElement\":[{\"@type\":\"ListItem\",\"position\":1,\"name\":\"Home\",\"item\":\"https:\/\/miumjau.ee\/lt\/\"},{\"@type\":\"ListItem\",\"position\":2,\"name\":\"Parduotuv\u0117\",\"item\":\"https:\/\/miumjau.ee\/lt\/parduotuve\/\"},{\"@type\":\"ListItem\",\"position\":3,\"name\":\"Ibero Natural Medium Junior su Iberijos kiauliena ir \u0117riena 12 kg\"}]},{\"@type\":\"WebSite\",\"@id\":\"https:\/\/miumjau.ee\/#website\",\"url\":\"https:\/\/miumjau.ee\/\",\"name\":\"MiuMjau\",\"description\":\"Kraapimispuud kassidele\",\"publisher\":{\"@id\":\"https:\/\/miumjau.ee\/#organization\"},\"potentialAction\":[{\"@type\":\"SearchAction\",\"target\":{\"@type\":\"EntryPoint\",\"urlTemplate\":\"https:\/\/miumjau.ee\/?s={search_term_string}\"},\"query-input\":{\"@type\":\"PropertyValueSpecification\",\"valueRequired\":true,\"valueName\":\"search_term_string\"}}],\"inLanguage\":\"lt-LT\"},{\"@type\":\"Organization\",\"@id\":\"https:\/\/miumjau.ee\/#organization\",\"name\":\"MiuMjau O\u00dc\",\"url\":\"https:\/\/miumjau.ee\/\",\"logo\":{\"@type\":\"ImageObject\",\"inLanguage\":\"lt-LT\",\"@id\":\"https:\/\/miumjau.ee\/#\/schema\/logo\/image\/\",\"url\":\"https:\/\/miumjau.ee\/wp-content\/uploads\/2022\/04\/MiuMjau-logo-kollane.png\",\"contentUrl\":\"https:\/\/miumjau.ee\/wp-content\/uploads\/2022\/04\/MiuMjau-logo-kollane.png\",\"width\":219,\"height\":100,\"caption\":\"MiuMjau O\u00dc\"},\"image\":{\"@id\":\"https:\/\/miumjau.ee\/#\/schema\/logo\/image\/\"},\"sameAs\":[\"https:\/\/www.facebook.com\/miumjaupood\/\"]}]}<\/script>\n<!-- \/ Yoast SEO plugin. -->","yoast_head_json":{"title":"Ibero Natural Medium Junior su Iberijos kiauliena ir \u0117riena 12 kg - MiuMjau","robots":{"index":"index","follow":"follow","max-snippet":"max-snippet:-1","max-image-preview":"max-image-preview:large","max-video-preview":"max-video-preview:-1"},"canonical":"https:\/\/miumjau.ee\/lt\/produktas\/ibero-natural-medium-junior-su-iberijos-kiauliena-ir-eriena-12-kg\/","og_locale":"lt_LT","og_type":"article","og_title":"Ibero Natural Medium Junior su Iberijos kiauliena ir \u0117riena 12 kg - MiuMjau","og_description":"\u0160uo, kaip ir jo prot\u0117vis vilkas, turi gauti \u012fvair\u0173 racion\u0105, kuris apr\u016bpina visomis b\u016btinomis maistin\u0117mis med\u017eiagomis ir padeda i\u0161laikyti puiki\u0105 form\u0105. Ibero NATURAL pa\u0161aro suk\u016brimo \u012fkv\u0117pimu tapo Iberijos vilkai, kurie savo gimtin\u0117je daugiausia med\u017eioja pusiau laukines juod\u0105sias kiaules, taip pat avis, elnius ir kitus \u017einduolius. \u0160i\u0105 nat\u016brali\u0105 grandin\u0119 atspindi ir \u0161iuolaikin\u0117 \u0161un\u0173 \u0161\u0117rimo kryptis: Ibero NATURAL superpremium klas\u0117s granul\u0117ms gaminti naudojamos tik auk\u0161tos kokyb\u0117s nat\u016bralios sudedamosios dalys i\u0161 regionini\u0173 Ispanijos \u016bki\u0173. Pagrindin\u0117 sudedamoji dalis \u2013 Iberijos kiauliena ir \u0117riena.  Tinka \u0161uniukams nuo 8-os gyvenimo savait\u0117s, kuri\u0173 suaugusio \u0161uns svoris bus iki 25 kg.  Ibero Natural linijos granul\u0117s yra su ma\u017eu gr\u016bd\u0173 kiekiu. I\u0161 gr\u016bd\u0173 naudojami tik rudieji ry\u017eiai. Pilno gr\u016bdo ry\u017eiai neapdorojami, tod\u0117l i\u0161laiko daugiau skaidul\u0173 (svarbu taisyklingam vir\u0161kinimui), baltym\u0173, fosforo, mangano, gele\u017eies ir magnio. Pa\u0161aras yra hipoalerginis, t. y. be potencialiai alergizuojan\u010di\u0173 ingredient\u0173, toki\u0173 kaip soja, kvie\u010diai, kukur\u016bzai, jautiena ar vi\u0161tienos m\u0117sa, \u0161alutiniai produktai, cukrus, sintetiniai konservantai, kvapiosios ir skonin\u0117s med\u017eiagos, da\u017eikliai bei GMO (geneti\u0161kai modifikuotos sudedamosios dalys).   100 % nat\u016bralus pa\u0161aras, pagamintas i\u0161 auk\u0161tos kokyb\u0117s Ispanijos regionini\u0173 ingredient\u0173.   Pagrindiniai komponentai: pusiau laukin\u0117 Iberijos kiauliena ir \u0117riena \u2013 gausu baltym\u0173, B grup\u0117s vitamin\u0173, gele\u017eies, cinko ir kalio.   Hipoalergin\u0117 sud\u0117tis \u2013 be alergizuojan\u010di\u0173 ingredient\u0173 (pvz., jautienos, vi\u0161tienos baltymo, kvie\u010di\u0173, kukur\u016bz\u0173, kiau\u0161ini\u0173, sojos) ir be \u0161alutini\u0173 produkt\u0173.   Be glitimo \u2013 naudojami tik pilno gr\u016bdo rudieji ry\u017eiai, kurie d\u0117l gausi\u0173 skaidul\u0173 palaiko vir\u0161kinim\u0105.   Funkciniai priedai: miel\u0117s (MOS, \u03b2-gliukanai), \u017euv\u0173 aliejus (omega-3), inulinas (FOS), \u010dija s\u0117klos, dumbliai, karobo miltai, alyvuogi\u0173 ekstraktas, gliukozaminas, chondroitinas, juka, taurinas.   Sudedamosios dalys: D\u017eiovinta Iberijos kiauliena ir \u0117riena (39 %), rudieji ry\u017eiai (26 %), pauk\u0161tienos riebalai (12 %), \u017eirniai (10 %), karobo miltai (2 %), burok\u0117li\u0173 mink\u0161timas (2 %), alyvuogi\u0173 ekstraktas, miel\u0117s (Saccharomyces cerevisiae \u2013 MOS ir \u03b2-gliukanai), kruopos, hidrolizuoti kiaulienos baltymai, \u017euv\u0173 aliejus, inulinas, \u010dija s\u0117klos, j\u016briniai dumbliai (Ascophyllum nodosum), hidrolizuoti v\u0117\u017eiagyviai (gliukozamino \u0161altinis), hidrolizuota kremzl\u0117 (chondroitino \u0161altinis), Yucca schidigera. Priedai: Vitam. A 24 000 TV\/kg, D3 2 000 TV\/kg, E 240 mg\/kg, C 120 mg\/kg, L-karnitinas 48 mg\/kg, taurinas 600 mg\/kg, gele\u017eis 90 mg\/kg, varis 12 mg\/kg, manganas 30 mg\/kg, cinkas 130 mg\/kg, jodas 2,4 mg\/kg, selenas 0,1 mg\/kg Metabolizuojama energija: 3 950 kcal\/kg Rekomenduojama paros norma:    \u0160uniuko am\u017eius Svoris iki 12 kg iki 14 kg iki 16 kg iki 18 kg iki 22 kg iki 25 kg   2 m\u0117n. 61 g 68 g 76 g 83 g 96 g 106 g   4 m\u0117n. 103 g 115 g 127 g 139 g 162 g 178 g   6 m\u0117n. 172 g 194 g 214 g 234 g 272 g 299 g   8 m\u0117n. 195 g 219 g 242 g 264 g 307 g 338 g   10 m\u0117n. 242 g 271 g 300 g 328 g 381 g 419 g   12 m\u0117n. 229 g 257 g 284 g 310 g 370 g 396 g   Laikymas: Laikyti sausoje ir v\u0117sioje vietoje. U\u017etikrinti nuolatin\u0119 prieig\u0105 prie \u0161vie\u017eio geriamojo vandens.","og_url":"https:\/\/miumjau.ee\/lt\/produktas\/ibero-natural-medium-junior-su-iberijos-kiauliena-ir-eriena-12-kg\/","og_site_name":"MiuMjau","article_publisher":"https:\/\/www.facebook.com\/miumjaupood\/","article_modified_time":"2026-01-07T18:53:20+00:00","og_image":[{"width":600,"height":800,"url":"https:\/\/miumjau.ee\/wp-content\/uploads\/2025\/07\/ibero-medium-junior-3kg-iberian-pork-lamb.jpg","type":"image\/jpeg"}],"twitter_card":"summary_large_image","schema":{"@context":"https:\/\/schema.org","@graph":[{"@type":"WebPage","@id":"https:\/\/miumjau.ee\/lt\/produktas\/ibero-natural-medium-junior-su-iberijos-kiauliena-ir-eriena-12-kg\/","url":"https:\/\/miumjau.ee\/lt\/produktas\/ibero-natural-medium-junior-su-iberijos-kiauliena-ir-eriena-12-kg\/","name":"Ibero Natural Medium Junior su Iberijos kiauliena ir \u0117riena 12 kg - MiuMjau","isPartOf":{"@id":"https:\/\/miumjau.ee\/#website"},"primaryImageOfPage":{"@id":"https:\/\/miumjau.ee\/lt\/produktas\/ibero-natural-medium-junior-su-iberijos-kiauliena-ir-eriena-12-kg\/#primaryimage"},"image":{"@id":"https:\/\/miumjau.ee\/lt\/produktas\/ibero-natural-medium-junior-su-iberijos-kiauliena-ir-eriena-12-kg\/#primaryimage"},"thumbnailUrl":"https:\/\/miumjau.ee\/wp-content\/uploads\/2025\/07\/ibero-medium-junior-3kg-iberian-pork-lamb.jpg","datePublished":"2025-07-23T07:43:37+00:00","dateModified":"2026-01-07T18:53:20+00:00","breadcrumb":{"@id":"https:\/\/miumjau.ee\/lt\/produktas\/ibero-natural-medium-junior-su-iberijos-kiauliena-ir-eriena-12-kg\/#breadcrumb"},"inLanguage":"lt-LT","potentialAction":[{"@type":"ReadAction","target":["https:\/\/miumjau.ee\/lt\/produktas\/ibero-natural-medium-junior-su-iberijos-kiauliena-ir-eriena-12-kg\/"]}]},{"@type":"ImageObject","inLanguage":"lt-LT","@id":"https:\/\/miumjau.ee\/lt\/produktas\/ibero-natural-medium-junior-su-iberijos-kiauliena-ir-eriena-12-kg\/#primaryimage","url":"https:\/\/miumjau.ee\/wp-content\/uploads\/2025\/07\/ibero-medium-junior-3kg-iberian-pork-lamb.jpg","contentUrl":"https:\/\/miumjau.ee\/wp-content\/uploads\/2025\/07\/ibero-medium-junior-3kg-iberian-pork-lamb.jpg","width":600,"height":800,"caption":"Ibro Natural Medium Junior 3kg"},{"@type":"BreadcrumbList","@id":"https:\/\/miumjau.ee\/lt\/produktas\/ibero-natural-medium-junior-su-iberijos-kiauliena-ir-eriena-12-kg\/#breadcrumb","itemListElement":[{"@type":"ListItem","position":1,"name":"Home","item":"https:\/\/miumjau.ee\/lt\/"},{"@type":"ListItem","position":2,"name":"Parduotuv\u0117","item":"https:\/\/miumjau.ee\/lt\/parduotuve\/"},{"@type":"ListItem","position":3,"name":"Ibero Natural Medium Junior su Iberijos kiauliena ir \u0117riena 12 kg"}]},{"@type":"WebSite","@id":"https:\/\/miumjau.ee\/#website","url":"https:\/\/miumjau.ee\/","name":"MiuMjau","description":"Kraapimispuud kassidele","publisher":{"@id":"https:\/\/miumjau.ee\/#organization"},"potentialAction":[{"@type":"SearchAction","target":{"@type":"EntryPoint","urlTemplate":"https:\/\/miumjau.ee\/?s={search_term_string}"},"query-input":{"@type":"PropertyValueSpecification","valueRequired":true,"valueName":"search_term_string"}}],"inLanguage":"lt-LT"},{"@type":"Organization","@id":"https:\/\/miumjau.ee\/#organization","name":"MiuMjau O\u00dc","url":"https:\/\/miumjau.ee\/","logo":{"@type":"ImageObject","inLanguage":"lt-LT","@id":"https:\/\/miumjau.ee\/#\/schema\/logo\/image\/","url":"https:\/\/miumjau.ee\/wp-content\/uploads\/2022\/04\/MiuMjau-logo-kollane.png","contentUrl":"https:\/\/miumjau.ee\/wp-content\/uploads\/2022\/04\/MiuMjau-logo-kollane.png","width":219,"height":100,"caption":"MiuMjau O\u00dc"},"image":{"@id":"https:\/\/miumjau.ee\/#\/schema\/logo\/image\/"},"sameAs":["https:\/\/www.facebook.com\/miumjaupood\/"]}]}},"_links":{"self":[{"href":"https:\/\/miumjau.ee\/lt\/wp-json\/wp\/v2\/product\/41172","targetHints":{"allow":["GET"]}}],"collection":[{"href":"https:\/\/miumjau.ee\/lt\/wp-json\/wp\/v2\/product"}],"about":[{"href":"https:\/\/miumjau.ee\/lt\/wp-json\/wp\/v2\/types\/product"}],"wp:featuredmedia":[{"embeddable":true,"href":"https:\/\/miumjau.ee\/lt\/wp-json\/wp\/v2\/media\/41186"}],"wp:attachment":[{"href":"https:\/\/miumjau.ee\/lt\/wp-json\/wp\/v2\/media?parent=41172"}],"wp:term":[{"taxonomy":"product_brand","embeddable":true,"href":"https:\/\/miumjau.ee\/lt\/wp-json\/wp\/v2\/product_brand?post=41172"},{"taxonomy":"product_cat","embeddable":true,"href":"https:\/\/miumjau.ee\/lt\/wp-json\/wp\/v2\/product_cat?post=41172"},{"taxonomy":"product_tag","embeddable":true,"href":"https:\/\/miumjau.ee\/lt\/wp-json\/wp\/v2\/product_tag?post=41172"}],"curies":[{"name":"wp","href":"https:\/\/api.w.org\/{rel}","templated":true}]}}