{"id":41171,"date":"2025-07-23T10:13:59","date_gmt":"2025-07-23T07:13:59","guid":{"rendered":"https:\/\/miumjau.ee\/toode\/ibero-natural-mini-junior-su-iberijos-kiauliena-ir-eriena-3-kg\/"},"modified":"2026-01-07T20:53:20","modified_gmt":"2026-01-07T18:53:20","slug":"ibero-natural-mini-junior-su-iberijos-kiauliena-ir-eriena-3-kg","status":"publish","type":"product","link":"https:\/\/miumjau.ee\/lt\/produktas\/ibero-natural-mini-junior-su-iberijos-kiauliena-ir-eriena-3-kg\/","title":{"rendered":"Ibero Natural Mini Junior su Iberijos kiauliena ir \u0117riena 3 kg"},"content":{"rendered":"","protected":false},"excerpt":{"rendered":"<p>\u0160uo, kaip ir jo prot\u0117vis vilkas, turi gauti \u012fvair\u0173 racion\u0105, kuris apr\u016bpina visomis b\u016btinomis maistin\u0117mis med\u017eiagomis ir padeda i\u0161laikyti puiki\u0105 form\u0105. Ibero NATURAL maisto \u012fkv\u0117pimu tapo Iberijos vilkai, kurie savo gimtin\u0117je daugiausia med\u017eioja pusiau laukines juod\u0105sias kiaules, taip pat avis, elnius ir kitus \u017einduolius. \u0160i\u0105 nat\u016brali\u0105 grandin\u0119 atspindi ir \u0161iuolaikin\u0117 \u0161un\u0173 \u0161\u0117rimo kryptis: Ibero NATURAL superpremium klas\u0117s granuli\u0173 gamybai naudojamos tik auk\u0161tos kokyb\u0117s nat\u016bralios sudedamosios dalys i\u0161 regionini\u0173 Ispanijos \u016bki\u0173. Pagrindin\u0117 sudedamoji dalis \u2013 Iberijos kiauliena ir \u0117riena.<\/p>\n<p>Ibero Natural linijos granul\u0117s yra <strong>su ma\u017eu gr\u016bd\u0173 kiekiu<\/strong>. I\u0161 gr\u016bd\u0173 naudojami tik rudieji ry\u017eiai. Pilno gr\u016bdo ry\u017eiai neapdorojami, tod\u0117l i\u0161laiko daugiau skaidul\u0173 (svarbu taisyklingam vir\u0161kinimui), baltym\u0173, fosforo, mangano, gele\u017eies ir magnio. Pa\u0161aras yra <strong>hipoalerginis<\/strong>, t. y. be potencialiai alergizuojan\u010di\u0173 ingredient\u0173, toki\u0173 kaip soja, kvie\u010diai, kukur\u016bzai, jautiena ar vi\u0161tiena, \u0161alutiniai produktai, cukrus, sintetiniai konservantai, kvapiosios ir skonin\u0117s med\u017eiagos, da\u017eikliai bei GMO (geneti\u0161kai modifikuotos sudedamosios dalys).<br \/>\n<strong>Ibero NATURAL superpremium \u0161uniuk\u0173 pa\u0161aras ma\u017eoms ir miniati\u016brin\u0117ms veisl\u0117ms<\/strong> gaminamas tik i\u0161 nat\u016brali\u0173, auk\u0161tos kokyb\u0117s sudedam\u0173j\u0173 dali\u0173 i\u0161 Ispanijos regionini\u0173 \u016bki\u0173. Naudojama auk\u0161tos kokyb\u0117s Iberijos kiauliena ir \u0117riena \u2013 <strong>12 kg<\/strong> sauso pa\u0161aro pagaminti sunaudojama <strong>daugiau kaip 18 kg<\/strong> \u0161vie\u017eios m\u0117sos. <strong>Pa\u0161aras tinka \u0161uniukams nuo 4 savai\u010di\u0173<\/strong>, kuri\u0173 suaugusio svoris iki <strong>10 kg<\/strong>.<br \/>\n<strong>Sudedamosios dalys: <\/strong>D\u017eiovinta (dehidratuota) Iberijos kiauliena ir \u0117riena (39 %), pilno gr\u016bdo rudieji ry\u017eiai (26 %), pauk\u0161tienos riebalai (12 %), \u017eirniai (10 %), karobo miltai (2 %), d\u017eiovintas burok\u0117li\u0173 mink\u0161timas, alyvuogi\u0173 ir anglies ekstraktas (2 %), miel\u0117s (MOS ir \u03b2-gliukan\u0173 \u0161altinis), kruopos, hidrolizuoti kiaulienos baltymai, \u017euv\u0173 aliejus (omega-3), inulinas, \u010dija s\u0117klos, dumbliai (Ascophyllum nodosum), hidrolizuoti v\u0117\u017eiagyviai (gliukozamino \u0161altinis), hidrolizuota kremzl\u0117 (chondroitino \u0161altinis), juka.<br \/>\n<strong>Analitin\u0117 sud\u0117tis:<\/strong> \u017dali baltymai 31 %, \u017eali riebalai 18 %, \u017ealios skaidulos 2,1 %, \u017eali pelenai 7,6 %, kalcis 1,6 %, fosforas 1 %, dr\u0117gm\u0117 9 %, gliukozaminas 380 mg\/kg, chondroitinas 240 mg\/kg.<br \/>\n<strong>Priedai: <\/strong>Vit. A 24 000 IU\/kg, D3 2 000 IU\/kg, E 240 mg\/kg, C 120 mg\/kg, L-karnitinas 48 mg\/kg, taurinas 600 mg\/kg, gele\u017eis 90 mg\/kg, varis 12 mg\/kg, manganas 30 mg\/kg, cinkas 130 mg\/kg, jodas 2,4 mg\/kg, selenas 0,12 mg\/kg.<br \/>\n<strong>Energija<\/strong>: 3958 kcal\/kg.<br \/>\n<strong>Laikymas ir \u0161\u0117rimo rekomendacijos: <\/strong>Laikyti sausoje, v\u0117sioje ir nuo \u0161viesos apsaugotoje vietoje. U\u017etikrinti nuolatin\u0119 prieig\u0105 prie \u0161vie\u017eio vandens. Paros norma priklauso nuo \u0161uns svorio, aktyvumo lygio, am\u017eiaus ir aplinkos. Rekomendacin\u0117 lentel\u0117:<\/p>\n<table>\n<tr>\n<th>Am\u017eius \/ Svoris<\/th>\n<th>1 kg<\/th>\n<th>2 kg<\/th>\n<th>4 kg<\/th>\n<th>6 kg<\/th>\n<th>8 kg<\/th>\n<th>10 kg<\/th>\n<\/tr>\n<tr>\n<td>1 m\u0117n.<\/td>\n<td>9<\/td>\n<td>16<\/td>\n<td>27<\/td>\n<td>36<\/td>\n<td>45<\/td>\n<td>53<\/td>\n<\/tr>\n<tr>\n<td>2 m\u0117n.<\/td>\n<td>16<\/td>\n<td>27<\/td>\n<td>45<\/td>\n<td>61<\/td>\n<td>76<\/td>\n<td>89<\/td>\n<\/tr>\n<tr>\n<td>4 m\u0117n.<\/td>\n<td>27<\/td>\n<td>45<\/td>\n<td>76<\/td>\n<td>102<\/td>\n<td>127<\/td>\n<td>150<\/td>\n<\/tr>\n<tr>\n<td>6 m\u0117n.<\/td>\n<td>30<\/td>\n<td>51<\/td>\n<td>85<\/td>\n<td>116<\/td>\n<td>143<\/td>\n<td>170<\/td>\n<\/tr>\n<tr>\n<td>8 m\u0117n.<\/td>\n<td>37<\/td>\n<td>63<\/td>\n<td>106<\/td>\n<td>143<\/td>\n<td>178<\/td>\n<td>210<\/td>\n<\/tr>\n<tr>\n<td>10 m\u0117n.<\/td>\n<td>35<\/td>\n<td>60<\/td>\n<td>100<\/td>\n<td>136<\/td>\n<td>168<\/td>\n<td>199<\/td>\n<\/tr>\n<\/table>\n","protected":false},"featured_media":41185,"template":"","meta":[],"product_brand":[],"product_cat":[524,538],"product_tag":[],"class_list":{"0":"post-41171","1":"product","2":"type-product","3":"status-publish","4":"has-post-thumbnail","6":"product_cat-kaup24-lt","7":"product_cat-sausas-maistas-sunims","9":"first","10":"instock","11":"sale","12":"taxable","13":"shipping-taxable","14":"purchasable","15":"product-type-simple"},"yoast_head":"<!-- This site is optimized with the Yoast SEO plugin v27.4 - https:\/\/yoast.com\/product\/yoast-seo-wordpress\/ -->\n<title>Ibero Natural Mini Junior su Iberijos kiauliena ir \u0117riena 3 kg - MiuMjau<\/title>\n<meta name=\"robots\" content=\"index, follow, max-snippet:-1, max-image-preview:large, max-video-preview:-1\" \/>\n<link rel=\"canonical\" href=\"https:\/\/miumjau.ee\/lt\/produktas\/ibero-natural-mini-junior-su-iberijos-kiauliena-ir-eriena-3-kg\/\" \/>\n<meta property=\"og:locale\" content=\"lt_LT\" \/>\n<meta property=\"og:type\" content=\"article\" \/>\n<meta property=\"og:title\" content=\"Ibero Natural Mini Junior su Iberijos kiauliena ir \u0117riena 3 kg - MiuMjau\" \/>\n<meta property=\"og:description\" content=\"\u0160uo, kaip ir jo prot\u0117vis vilkas, turi gauti \u012fvair\u0173 racion\u0105, kuris apr\u016bpina visomis b\u016btinomis maistin\u0117mis med\u017eiagomis ir padeda i\u0161laikyti puiki\u0105 form\u0105. Ibero NATURAL maisto \u012fkv\u0117pimu tapo Iberijos vilkai, kurie savo gimtin\u0117je daugiausia med\u017eioja pusiau laukines juod\u0105sias kiaules, taip pat avis, elnius ir kitus \u017einduolius. \u0160i\u0105 nat\u016brali\u0105 grandin\u0119 atspindi ir \u0161iuolaikin\u0117 \u0161un\u0173 \u0161\u0117rimo kryptis: Ibero NATURAL superpremium klas\u0117s granuli\u0173 gamybai naudojamos tik auk\u0161tos kokyb\u0117s nat\u016bralios sudedamosios dalys i\u0161 regionini\u0173 Ispanijos \u016bki\u0173. Pagrindin\u0117 sudedamoji dalis \u2013 Iberijos kiauliena ir \u0117riena. Ibero Natural linijos granul\u0117s yra su ma\u017eu gr\u016bd\u0173 kiekiu. I\u0161 gr\u016bd\u0173 naudojami tik rudieji ry\u017eiai. Pilno gr\u016bdo ry\u017eiai neapdorojami, tod\u0117l i\u0161laiko daugiau skaidul\u0173 (svarbu taisyklingam vir\u0161kinimui), baltym\u0173, fosforo, mangano, gele\u017eies ir magnio. Pa\u0161aras yra hipoalerginis, t. y. be potencialiai alergizuojan\u010di\u0173 ingredient\u0173, toki\u0173 kaip soja, kvie\u010diai, kukur\u016bzai, jautiena ar vi\u0161tiena, \u0161alutiniai produktai, cukrus, sintetiniai konservantai, kvapiosios ir skonin\u0117s med\u017eiagos, da\u017eikliai bei GMO (geneti\u0161kai modifikuotos sudedamosios dalys). Ibero NATURAL superpremium \u0161uniuk\u0173 pa\u0161aras ma\u017eoms ir miniati\u016brin\u0117ms veisl\u0117ms gaminamas tik i\u0161 nat\u016brali\u0173, auk\u0161tos kokyb\u0117s sudedam\u0173j\u0173 dali\u0173 i\u0161 Ispanijos regionini\u0173 \u016bki\u0173. Naudojama auk\u0161tos kokyb\u0117s Iberijos kiauliena ir \u0117riena \u2013 12 kg sauso pa\u0161aro pagaminti sunaudojama daugiau kaip 18 kg \u0161vie\u017eios m\u0117sos. Pa\u0161aras tinka \u0161uniukams nuo 4 savai\u010di\u0173, kuri\u0173 suaugusio svoris iki 10 kg. Sudedamosios dalys: D\u017eiovinta (dehidratuota) Iberijos kiauliena ir \u0117riena (39 %), pilno gr\u016bdo rudieji ry\u017eiai (26 %), pauk\u0161tienos riebalai (12 %), \u017eirniai (10 %), karobo miltai (2 %), d\u017eiovintas burok\u0117li\u0173 mink\u0161timas, alyvuogi\u0173 ir anglies ekstraktas (2 %), miel\u0117s (MOS ir \u03b2-gliukan\u0173 \u0161altinis), kruopos, hidrolizuoti kiaulienos baltymai, \u017euv\u0173 aliejus (omega-3), inulinas, \u010dija s\u0117klos, dumbliai (Ascophyllum nodosum), hidrolizuoti v\u0117\u017eiagyviai (gliukozamino \u0161altinis), hidrolizuota kremzl\u0117 (chondroitino \u0161altinis), juka. Analitin\u0117 sud\u0117tis: \u017dali baltymai 31 %, \u017eali riebalai 18 %, \u017ealios skaidulos 2,1 %, \u017eali pelenai 7,6 %, kalcis 1,6 %, fosforas 1 %, dr\u0117gm\u0117 9 %, gliukozaminas 380 mg\/kg, chondroitinas 240 mg\/kg. Priedai: Vit. A 24 000 IU\/kg, D3 2 000 IU\/kg, E 240 mg\/kg, C 120 mg\/kg, L-karnitinas 48 mg\/kg, taurinas 600 mg\/kg, gele\u017eis 90 mg\/kg, varis 12 mg\/kg, manganas 30 mg\/kg, cinkas 130 mg\/kg, jodas 2,4 mg\/kg, selenas 0,12 mg\/kg. Energija: 3958 kcal\/kg. Laikymas ir \u0161\u0117rimo rekomendacijos: Laikyti sausoje, v\u0117sioje ir nuo \u0161viesos apsaugotoje vietoje. U\u017etikrinti nuolatin\u0119 prieig\u0105 prie \u0161vie\u017eio vandens. Paros norma priklauso nuo \u0161uns svorio, aktyvumo lygio, am\u017eiaus ir aplinkos. Rekomendacin\u0117 lentel\u0117:  Am\u017eius \/ Svoris 1 kg 2 kg 4 kg 6 kg 8 kg 10 kg  1 m\u0117n. 9 16 27 36 45 53  2 m\u0117n. 16 27 45 61 76 89  4 m\u0117n. 27 45 76 102 127 150  6 m\u0117n. 30 51 85 116 143 170  8 m\u0117n. 37 63 106 143 178 210  10 m\u0117n. 35 60 100 136 168 199\" \/>\n<meta property=\"og:url\" content=\"https:\/\/miumjau.ee\/lt\/produktas\/ibero-natural-mini-junior-su-iberijos-kiauliena-ir-eriena-3-kg\/\" \/>\n<meta property=\"og:site_name\" content=\"MiuMjau\" \/>\n<meta property=\"article:publisher\" content=\"https:\/\/www.facebook.com\/miumjaupood\/\" \/>\n<meta property=\"article:modified_time\" content=\"2026-01-07T18:53:20+00:00\" \/>\n<meta property=\"og:image\" content=\"https:\/\/miumjau.ee\/wp-content\/uploads\/2025\/07\/ibero-mini-junior-iberian-pork-lamb-3kg.jpg\" \/>\n\t<meta property=\"og:image:width\" content=\"600\" \/>\n\t<meta property=\"og:image:height\" content=\"800\" \/>\n\t<meta property=\"og:image:type\" content=\"image\/jpeg\" \/>\n<meta name=\"twitter:card\" content=\"summary_large_image\" \/>\n<script type=\"application\/ld+json\" class=\"yoast-schema-graph\">{\"@context\":\"https:\\\/\\\/schema.org\",\"@graph\":[{\"@type\":\"WebPage\",\"@id\":\"https:\\\/\\\/miumjau.ee\\\/lt\\\/produktas\\\/ibero-natural-mini-junior-su-iberijos-kiauliena-ir-eriena-3-kg\\\/\",\"url\":\"https:\\\/\\\/miumjau.ee\\\/lt\\\/produktas\\\/ibero-natural-mini-junior-su-iberijos-kiauliena-ir-eriena-3-kg\\\/\",\"name\":\"Ibero Natural Mini Junior su Iberijos kiauliena ir \u0117riena 3 kg - MiuMjau\",\"isPartOf\":{\"@id\":\"https:\\\/\\\/miumjau.ee\\\/#website\"},\"primaryImageOfPage\":{\"@id\":\"https:\\\/\\\/miumjau.ee\\\/lt\\\/produktas\\\/ibero-natural-mini-junior-su-iberijos-kiauliena-ir-eriena-3-kg\\\/#primaryimage\"},\"image\":{\"@id\":\"https:\\\/\\\/miumjau.ee\\\/lt\\\/produktas\\\/ibero-natural-mini-junior-su-iberijos-kiauliena-ir-eriena-3-kg\\\/#primaryimage\"},\"thumbnailUrl\":\"https:\\\/\\\/miumjau.ee\\\/wp-content\\\/uploads\\\/2025\\\/07\\\/ibero-mini-junior-iberian-pork-lamb-3kg.jpg\",\"datePublished\":\"2025-07-23T07:13:59+00:00\",\"dateModified\":\"2026-01-07T18:53:20+00:00\",\"breadcrumb\":{\"@id\":\"https:\\\/\\\/miumjau.ee\\\/lt\\\/produktas\\\/ibero-natural-mini-junior-su-iberijos-kiauliena-ir-eriena-3-kg\\\/#breadcrumb\"},\"inLanguage\":\"lt-LT\",\"potentialAction\":[{\"@type\":\"ReadAction\",\"target\":[\"https:\\\/\\\/miumjau.ee\\\/lt\\\/produktas\\\/ibero-natural-mini-junior-su-iberijos-kiauliena-ir-eriena-3-kg\\\/\"]}]},{\"@type\":\"ImageObject\",\"inLanguage\":\"lt-LT\",\"@id\":\"https:\\\/\\\/miumjau.ee\\\/lt\\\/produktas\\\/ibero-natural-mini-junior-su-iberijos-kiauliena-ir-eriena-3-kg\\\/#primaryimage\",\"url\":\"https:\\\/\\\/miumjau.ee\\\/wp-content\\\/uploads\\\/2025\\\/07\\\/ibero-mini-junior-iberian-pork-lamb-3kg.jpg\",\"contentUrl\":\"https:\\\/\\\/miumjau.ee\\\/wp-content\\\/uploads\\\/2025\\\/07\\\/ibero-mini-junior-iberian-pork-lamb-3kg.jpg\",\"width\":600,\"height\":800,\"caption\":\"Ibero Natural Mini Junior 3kg\"},{\"@type\":\"BreadcrumbList\",\"@id\":\"https:\\\/\\\/miumjau.ee\\\/lt\\\/produktas\\\/ibero-natural-mini-junior-su-iberijos-kiauliena-ir-eriena-3-kg\\\/#breadcrumb\",\"itemListElement\":[{\"@type\":\"ListItem\",\"position\":1,\"name\":\"Home\",\"item\":\"https:\\\/\\\/miumjau.ee\\\/lt\\\/\"},{\"@type\":\"ListItem\",\"position\":2,\"name\":\"Parduotuv\u0117\",\"item\":\"https:\\\/\\\/miumjau.ee\\\/lt\\\/parduotuve\\\/\"},{\"@type\":\"ListItem\",\"position\":3,\"name\":\"Ibero Natural Mini Junior su Iberijos kiauliena ir \u0117riena 3 kg\"}]},{\"@type\":\"WebSite\",\"@id\":\"https:\\\/\\\/miumjau.ee\\\/#website\",\"url\":\"https:\\\/\\\/miumjau.ee\\\/\",\"name\":\"MiuMjau\",\"description\":\"Kraapimispuud kassidele\",\"publisher\":{\"@id\":\"https:\\\/\\\/miumjau.ee\\\/#organization\"},\"potentialAction\":[{\"@type\":\"SearchAction\",\"target\":{\"@type\":\"EntryPoint\",\"urlTemplate\":\"https:\\\/\\\/miumjau.ee\\\/?s={search_term_string}\"},\"query-input\":{\"@type\":\"PropertyValueSpecification\",\"valueRequired\":true,\"valueName\":\"search_term_string\"}}],\"inLanguage\":\"lt-LT\"},{\"@type\":\"Organization\",\"@id\":\"https:\\\/\\\/miumjau.ee\\\/#organization\",\"name\":\"MiuMjau O\u00dc\",\"url\":\"https:\\\/\\\/miumjau.ee\\\/\",\"logo\":{\"@type\":\"ImageObject\",\"inLanguage\":\"lt-LT\",\"@id\":\"https:\\\/\\\/miumjau.ee\\\/#\\\/schema\\\/logo\\\/image\\\/\",\"url\":\"https:\\\/\\\/miumjau.ee\\\/wp-content\\\/uploads\\\/2022\\\/04\\\/MiuMjau-logo-kollane.png\",\"contentUrl\":\"https:\\\/\\\/miumjau.ee\\\/wp-content\\\/uploads\\\/2022\\\/04\\\/MiuMjau-logo-kollane.png\",\"width\":219,\"height\":100,\"caption\":\"MiuMjau O\u00dc\"},\"image\":{\"@id\":\"https:\\\/\\\/miumjau.ee\\\/#\\\/schema\\\/logo\\\/image\\\/\"},\"sameAs\":[\"https:\\\/\\\/www.facebook.com\\\/miumjaupood\\\/\"]}]}<\/script>\n<!-- \/ Yoast SEO plugin. -->","yoast_head_json":{"title":"Ibero Natural Mini Junior su Iberijos kiauliena ir \u0117riena 3 kg - MiuMjau","robots":{"index":"index","follow":"follow","max-snippet":"max-snippet:-1","max-image-preview":"max-image-preview:large","max-video-preview":"max-video-preview:-1"},"canonical":"https:\/\/miumjau.ee\/lt\/produktas\/ibero-natural-mini-junior-su-iberijos-kiauliena-ir-eriena-3-kg\/","og_locale":"lt_LT","og_type":"article","og_title":"Ibero Natural Mini Junior su Iberijos kiauliena ir \u0117riena 3 kg - MiuMjau","og_description":"\u0160uo, kaip ir jo prot\u0117vis vilkas, turi gauti \u012fvair\u0173 racion\u0105, kuris apr\u016bpina visomis b\u016btinomis maistin\u0117mis med\u017eiagomis ir padeda i\u0161laikyti puiki\u0105 form\u0105. Ibero NATURAL maisto \u012fkv\u0117pimu tapo Iberijos vilkai, kurie savo gimtin\u0117je daugiausia med\u017eioja pusiau laukines juod\u0105sias kiaules, taip pat avis, elnius ir kitus \u017einduolius. \u0160i\u0105 nat\u016brali\u0105 grandin\u0119 atspindi ir \u0161iuolaikin\u0117 \u0161un\u0173 \u0161\u0117rimo kryptis: Ibero NATURAL superpremium klas\u0117s granuli\u0173 gamybai naudojamos tik auk\u0161tos kokyb\u0117s nat\u016bralios sudedamosios dalys i\u0161 regionini\u0173 Ispanijos \u016bki\u0173. Pagrindin\u0117 sudedamoji dalis \u2013 Iberijos kiauliena ir \u0117riena. Ibero Natural linijos granul\u0117s yra su ma\u017eu gr\u016bd\u0173 kiekiu. I\u0161 gr\u016bd\u0173 naudojami tik rudieji ry\u017eiai. Pilno gr\u016bdo ry\u017eiai neapdorojami, tod\u0117l i\u0161laiko daugiau skaidul\u0173 (svarbu taisyklingam vir\u0161kinimui), baltym\u0173, fosforo, mangano, gele\u017eies ir magnio. Pa\u0161aras yra hipoalerginis, t. y. be potencialiai alergizuojan\u010di\u0173 ingredient\u0173, toki\u0173 kaip soja, kvie\u010diai, kukur\u016bzai, jautiena ar vi\u0161tiena, \u0161alutiniai produktai, cukrus, sintetiniai konservantai, kvapiosios ir skonin\u0117s med\u017eiagos, da\u017eikliai bei GMO (geneti\u0161kai modifikuotos sudedamosios dalys). Ibero NATURAL superpremium \u0161uniuk\u0173 pa\u0161aras ma\u017eoms ir miniati\u016brin\u0117ms veisl\u0117ms gaminamas tik i\u0161 nat\u016brali\u0173, auk\u0161tos kokyb\u0117s sudedam\u0173j\u0173 dali\u0173 i\u0161 Ispanijos regionini\u0173 \u016bki\u0173. Naudojama auk\u0161tos kokyb\u0117s Iberijos kiauliena ir \u0117riena \u2013 12 kg sauso pa\u0161aro pagaminti sunaudojama daugiau kaip 18 kg \u0161vie\u017eios m\u0117sos. Pa\u0161aras tinka \u0161uniukams nuo 4 savai\u010di\u0173, kuri\u0173 suaugusio svoris iki 10 kg. Sudedamosios dalys: D\u017eiovinta (dehidratuota) Iberijos kiauliena ir \u0117riena (39 %), pilno gr\u016bdo rudieji ry\u017eiai (26 %), pauk\u0161tienos riebalai (12 %), \u017eirniai (10 %), karobo miltai (2 %), d\u017eiovintas burok\u0117li\u0173 mink\u0161timas, alyvuogi\u0173 ir anglies ekstraktas (2 %), miel\u0117s (MOS ir \u03b2-gliukan\u0173 \u0161altinis), kruopos, hidrolizuoti kiaulienos baltymai, \u017euv\u0173 aliejus (omega-3), inulinas, \u010dija s\u0117klos, dumbliai (Ascophyllum nodosum), hidrolizuoti v\u0117\u017eiagyviai (gliukozamino \u0161altinis), hidrolizuota kremzl\u0117 (chondroitino \u0161altinis), juka. Analitin\u0117 sud\u0117tis: \u017dali baltymai 31 %, \u017eali riebalai 18 %, \u017ealios skaidulos 2,1 %, \u017eali pelenai 7,6 %, kalcis 1,6 %, fosforas 1 %, dr\u0117gm\u0117 9 %, gliukozaminas 380 mg\/kg, chondroitinas 240 mg\/kg. Priedai: Vit. A 24 000 IU\/kg, D3 2 000 IU\/kg, E 240 mg\/kg, C 120 mg\/kg, L-karnitinas 48 mg\/kg, taurinas 600 mg\/kg, gele\u017eis 90 mg\/kg, varis 12 mg\/kg, manganas 30 mg\/kg, cinkas 130 mg\/kg, jodas 2,4 mg\/kg, selenas 0,12 mg\/kg. Energija: 3958 kcal\/kg. Laikymas ir \u0161\u0117rimo rekomendacijos: Laikyti sausoje, v\u0117sioje ir nuo \u0161viesos apsaugotoje vietoje. U\u017etikrinti nuolatin\u0119 prieig\u0105 prie \u0161vie\u017eio vandens. Paros norma priklauso nuo \u0161uns svorio, aktyvumo lygio, am\u017eiaus ir aplinkos. Rekomendacin\u0117 lentel\u0117:  Am\u017eius \/ Svoris 1 kg 2 kg 4 kg 6 kg 8 kg 10 kg  1 m\u0117n. 9 16 27 36 45 53  2 m\u0117n. 16 27 45 61 76 89  4 m\u0117n. 27 45 76 102 127 150  6 m\u0117n. 30 51 85 116 143 170  8 m\u0117n. 37 63 106 143 178 210  10 m\u0117n. 35 60 100 136 168 199","og_url":"https:\/\/miumjau.ee\/lt\/produktas\/ibero-natural-mini-junior-su-iberijos-kiauliena-ir-eriena-3-kg\/","og_site_name":"MiuMjau","article_publisher":"https:\/\/www.facebook.com\/miumjaupood\/","article_modified_time":"2026-01-07T18:53:20+00:00","og_image":[{"width":600,"height":800,"url":"https:\/\/miumjau.ee\/wp-content\/uploads\/2025\/07\/ibero-mini-junior-iberian-pork-lamb-3kg.jpg","type":"image\/jpeg"}],"twitter_card":"summary_large_image","schema":{"@context":"https:\/\/schema.org","@graph":[{"@type":"WebPage","@id":"https:\/\/miumjau.ee\/lt\/produktas\/ibero-natural-mini-junior-su-iberijos-kiauliena-ir-eriena-3-kg\/","url":"https:\/\/miumjau.ee\/lt\/produktas\/ibero-natural-mini-junior-su-iberijos-kiauliena-ir-eriena-3-kg\/","name":"Ibero Natural Mini Junior su Iberijos kiauliena ir \u0117riena 3 kg - MiuMjau","isPartOf":{"@id":"https:\/\/miumjau.ee\/#website"},"primaryImageOfPage":{"@id":"https:\/\/miumjau.ee\/lt\/produktas\/ibero-natural-mini-junior-su-iberijos-kiauliena-ir-eriena-3-kg\/#primaryimage"},"image":{"@id":"https:\/\/miumjau.ee\/lt\/produktas\/ibero-natural-mini-junior-su-iberijos-kiauliena-ir-eriena-3-kg\/#primaryimage"},"thumbnailUrl":"https:\/\/miumjau.ee\/wp-content\/uploads\/2025\/07\/ibero-mini-junior-iberian-pork-lamb-3kg.jpg","datePublished":"2025-07-23T07:13:59+00:00","dateModified":"2026-01-07T18:53:20+00:00","breadcrumb":{"@id":"https:\/\/miumjau.ee\/lt\/produktas\/ibero-natural-mini-junior-su-iberijos-kiauliena-ir-eriena-3-kg\/#breadcrumb"},"inLanguage":"lt-LT","potentialAction":[{"@type":"ReadAction","target":["https:\/\/miumjau.ee\/lt\/produktas\/ibero-natural-mini-junior-su-iberijos-kiauliena-ir-eriena-3-kg\/"]}]},{"@type":"ImageObject","inLanguage":"lt-LT","@id":"https:\/\/miumjau.ee\/lt\/produktas\/ibero-natural-mini-junior-su-iberijos-kiauliena-ir-eriena-3-kg\/#primaryimage","url":"https:\/\/miumjau.ee\/wp-content\/uploads\/2025\/07\/ibero-mini-junior-iberian-pork-lamb-3kg.jpg","contentUrl":"https:\/\/miumjau.ee\/wp-content\/uploads\/2025\/07\/ibero-mini-junior-iberian-pork-lamb-3kg.jpg","width":600,"height":800,"caption":"Ibero Natural Mini Junior 3kg"},{"@type":"BreadcrumbList","@id":"https:\/\/miumjau.ee\/lt\/produktas\/ibero-natural-mini-junior-su-iberijos-kiauliena-ir-eriena-3-kg\/#breadcrumb","itemListElement":[{"@type":"ListItem","position":1,"name":"Home","item":"https:\/\/miumjau.ee\/lt\/"},{"@type":"ListItem","position":2,"name":"Parduotuv\u0117","item":"https:\/\/miumjau.ee\/lt\/parduotuve\/"},{"@type":"ListItem","position":3,"name":"Ibero Natural Mini Junior su Iberijos kiauliena ir \u0117riena 3 kg"}]},{"@type":"WebSite","@id":"https:\/\/miumjau.ee\/#website","url":"https:\/\/miumjau.ee\/","name":"MiuMjau","description":"Kraapimispuud kassidele","publisher":{"@id":"https:\/\/miumjau.ee\/#organization"},"potentialAction":[{"@type":"SearchAction","target":{"@type":"EntryPoint","urlTemplate":"https:\/\/miumjau.ee\/?s={search_term_string}"},"query-input":{"@type":"PropertyValueSpecification","valueRequired":true,"valueName":"search_term_string"}}],"inLanguage":"lt-LT"},{"@type":"Organization","@id":"https:\/\/miumjau.ee\/#organization","name":"MiuMjau O\u00dc","url":"https:\/\/miumjau.ee\/","logo":{"@type":"ImageObject","inLanguage":"lt-LT","@id":"https:\/\/miumjau.ee\/#\/schema\/logo\/image\/","url":"https:\/\/miumjau.ee\/wp-content\/uploads\/2022\/04\/MiuMjau-logo-kollane.png","contentUrl":"https:\/\/miumjau.ee\/wp-content\/uploads\/2022\/04\/MiuMjau-logo-kollane.png","width":219,"height":100,"caption":"MiuMjau O\u00dc"},"image":{"@id":"https:\/\/miumjau.ee\/#\/schema\/logo\/image\/"},"sameAs":["https:\/\/www.facebook.com\/miumjaupood\/"]}]}},"_links":{"self":[{"href":"https:\/\/miumjau.ee\/lt\/wp-json\/wp\/v2\/product\/41171","targetHints":{"allow":["GET"]}}],"collection":[{"href":"https:\/\/miumjau.ee\/lt\/wp-json\/wp\/v2\/product"}],"about":[{"href":"https:\/\/miumjau.ee\/lt\/wp-json\/wp\/v2\/types\/product"}],"wp:featuredmedia":[{"embeddable":true,"href":"https:\/\/miumjau.ee\/lt\/wp-json\/wp\/v2\/media\/41185"}],"wp:attachment":[{"href":"https:\/\/miumjau.ee\/lt\/wp-json\/wp\/v2\/media?parent=41171"}],"wp:term":[{"taxonomy":"product_brand","embeddable":true,"href":"https:\/\/miumjau.ee\/lt\/wp-json\/wp\/v2\/product_brand?post=41171"},{"taxonomy":"product_cat","embeddable":true,"href":"https:\/\/miumjau.ee\/lt\/wp-json\/wp\/v2\/product_cat?post=41171"},{"taxonomy":"product_tag","embeddable":true,"href":"https:\/\/miumjau.ee\/lt\/wp-json\/wp\/v2\/product_tag?post=41171"}],"curies":[{"name":"wp","href":"https:\/\/api.w.org\/{rel}","templated":true}]}}