{"id":41170,"date":"2025-07-23T11:07:33","date_gmt":"2025-07-23T08:07:33","guid":{"rendered":"https:\/\/miumjau.ee\/toode\/ibero-natural-senior-light-su-iberijos-kiauliena-ir-eriena-12-kg\/"},"modified":"2026-01-07T20:53:20","modified_gmt":"2026-01-07T18:53:20","slug":"ibero-natural-senior-light-su-iberijos-kiauliena-ir-eriena-12-kg","status":"publish","type":"product","link":"https:\/\/miumjau.ee\/lt\/produktas\/ibero-natural-senior-light-su-iberijos-kiauliena-ir-eriena-12-kg\/","title":{"rendered":"Ibero Natural Senior\/Light su Iberijos kiauliena ir \u0117riena 12 kg"},"content":{"rendered":"","protected":false},"excerpt":{"rendered":"<p>\u0160uo, kaip ir jo prot\u0117vis vilkas, turi gauti \u012fvair\u0173 racion\u0105, kuris apr\u016bpina visomis b\u016btinomis maistin\u0117mis med\u017eiagomis ir padeda i\u0161laikyti puiki\u0105 form\u0105. Ibero NATURAL maisto \u012fkv\u0117pimu tapo Iberijos vilkai, kurie savo gimtin\u0117je daugiausia med\u017eioja pusiau laukines juod\u0105sias kiaules, taip pat avis, elnius ir kitus \u017einduolius. \u0160i\u0105 nat\u016brali\u0105 grandin\u0119 atspindi ir \u0161iuolaikin\u0117 \u0161un\u0173 \u0161\u0117rimo kryptis: Ibero NATURAL superpremium klas\u0117s granuli\u0173 gamybai naudojamos tik auk\u0161tos kokyb\u0117s nat\u016bralios sudedamosios dalys i\u0161 regionini\u0173 Ispanijos \u016bki\u0173. Pagrindin\u0117 sudedamoji dalis \u2013 Iberijos kiauliena ir \u0117riena.<br \/>\n<strong>Ibero NATURAL \u2013 Superpremium visavertis pa\u0161aras vyresniems arba antsvorio turintiems \u0161unims<\/strong><br \/>\nIbero Natural linijos granul\u0117s yra <strong>su ma\u017eu gr\u016bd\u0173 kiekiu<\/strong>. I\u0161 gr\u016bd\u0173 naudojami tik rudieji ry\u017eiai. Pilno gr\u016bdo ry\u017eiai neapdorojami, tod\u0117l i\u0161laiko daugiau skaidul\u0173 (svarbu taisyklingam vir\u0161kinimui), baltym\u0173, fosforo, mangano, gele\u017eies ir magnio. Pa\u0161aras yra <strong>hipoalerginis<\/strong>, t. y. be potencialiai alergizuojan\u010di\u0173 ingredient\u0173, toki\u0173 kaip soja, kvie\u010diai, kukur\u016bzai, jautiena ar vi\u0161tienos m\u0117sa, \u0161alutiniai produktai, cukrus, sintetiniai konservantai, kvapiosios ir skonin\u0117s med\u017eiagos, da\u017eikliai bei GMO (geneti\u0161kai modifikuotos sudedamosios dalys).<br \/>\n\u2705 100 % nat\u016brali sud\u0117tis \u2013 be dirbtini\u0173 konservant\u0173, da\u017eikli\u0173, kvapikli\u0173 ir GMO \u2705 Didelis m\u0117sos kiekis \u2013 36 % Iberijos kiaulienos ir \u0117rienos \u2705 Tik auk\u0161tos kokyb\u0117s Ispanijos regionin\u0117s sudedamosios dalys \u2705 Tinka vyresniems \u0161unims ir tiems, kuriems reikia svorio kontrol\u0117s<br \/>\n<strong>Pagrindin\u0117s funkcin\u0117s sudedamosios dalys ir j\u0173 nauda:<\/strong><\/p>\n<ul>\n<li><strong>Pusiau laukin\u0117 Iberijos kiauliena ir \u0117riena<\/strong> \u2013 gausu B grup\u0117s vitamin\u0173, gele\u017eies, cinko ir kalio<\/li>\n<li><strong>Rudieji ry\u017eiai<\/strong> \u2013 pilno gr\u016bdo, palaiko vir\u0161kinim\u0105 ir suteikia ilgalaik\u0117s energijos<\/li>\n<li><strong>\u017dirniai<\/strong> \u2013 \u0161irdies veiklai, padeda ma\u017einti kraujosp\u016bd\u012f ir cholesterol\u012f<\/li>\n<li><strong>Karobo miltai<\/strong> \u2013 ramina vir\u0161kinimo sistem\u0105, ma\u017eai kalorij\u0173, bet daug mineral\u0173<\/li>\n<li><strong>Burok\u0117li\u0173 mink\u0161timas<\/strong> \u2013 skaidul\u0173 ir mineral\u0173 \u0161altinis, palaiko \u017earnyno mikroflor\u0105<\/li>\n<li><strong>Alyvuogi\u0173 ekstraktas<\/strong> \u2013 antioksidantas, \u0161ird\u017eiai ir nerv\u0173 sistemai<\/li>\n<li><strong>Alaus miel\u0117s<\/strong> \u2013 nat\u016bral\u016bs B grup\u0117s vitaminai, odai ir kailiui<\/li>\n<li><strong>\u010cija s\u0117klos<\/strong> \u2013 omega-3, kalcis, antioksidantai<\/li>\n<li><strong>\u017duv\u0173 aliejus<\/strong> \u2013 DHA &amp; EPA: akims, odai, s\u0105nariams, \u0161ird\u017eiai<\/li>\n<li><strong>Dumbliai (Ascophyllum nodosum)<\/strong> \u2013 imunitetui, antioksidacin\u0117 apsauga<\/li>\n<li><strong>Juka<\/strong> \u2013 valomasis, prie\u0161u\u017edegiminis poveikis, vir\u0161kinimui<\/li>\n<li><strong>Taurinas<\/strong> \u2013 \u0161ird\u017eiai, akims, skys\u010di\u0173 pusiausvyrai<\/li>\n<li><strong>Gliukozaminas &amp; chondroitinas<\/strong> \u2013 s\u0105nariams<\/li>\n<\/ul>\n<p><strong>Sudedamosios dalys: <\/strong>Iberijos kiauliena ir \u0117riena (36 %), rudieji ry\u017eiai (30 %), \u017eirniai (10 %), pauk\u0161tienos riebalai, karobo miltai, alyvuogi\u0173 ekstraktas, burok\u0117li\u0173 mink\u0161timas, miel\u0117s (MOS, \u03b2-gliukanai), \u017euv\u0173 aliejus, inulinas (FOS \u0161altinis), \u010dija s\u0117klos, dumbliai, hidrolizuoti v\u0117\u017eiagyviai (gliukozamino \u0161altinis), kremzl\u0117s koncentratas (chondroitino \u0161altinis), juka.<br \/>\n<strong>Analitin\u0117 sud\u0117tis: <\/strong>\u017dali baltymai 29 %, \u017eali riebalai 10 %, \u017ealios skaidulos 5,2 %, \u017eali pelenai 7,6 %, kalcis 1,7 %, fosforas 0,95 %, gliukozaminas 300 mg\/kg, chondroitinas 200 mg\/kg.<br \/>\n<strong>Priedai (maistingieji \/ kg): <\/strong>Vit. A 15 000 IU, D3 1 800 IU, E 200 mg, C 100 mg, L-karnitinas 40 mg, taurinas 500 mg, gele\u017eis 75 mg, varis 10 mg, manganas 25 mg, cinkas 110 mg, jodas 2 mg, selenas 0,1 mg.<br \/>\n<strong>Metabolizuojama energija:<\/strong> 3363 kcal\/kg<br \/>\n<strong>Rekomenduojama paros norma (g\/d.):<\/strong><\/p>\n<table>\n<tbody>\n<tr>\n<th><strong>\u0160uns svoris<\/strong><\/th>\n<th><strong>\u012eprastas aktyvumas \/ antsvoris<\/strong><\/th>\n<th><strong>Vyresnis<\/strong><\/th>\n<\/tr>\n<tr>\n<td>10 kg<\/td>\n<td>154 g<\/td>\n<td>160 g<\/td>\n<\/tr>\n<tr>\n<td>20 kg<\/td>\n<td>250 g<\/td>\n<td>260 g<\/td>\n<\/tr>\n<tr>\n<td>30 kg<\/td>\n<td>323 g<\/td>\n<td>340 g<\/td>\n<\/tr>\n<tr>\n<td>40 kg<\/td>\n<td>380 g<\/td>\n<td>400 g<\/td>\n<\/tr>\n<tr>\n<td>50 kg<\/td>\n<td>437 g<\/td>\n<td>460 g<\/td>\n<\/tr>\n<tr>\n<td>60 kg<\/td>\n<td>494 g<\/td>\n<td>520 g<\/td>\n<\/tr>\n<tr>\n<td>70 kg<\/td>\n<td>551 g<\/td>\n<td>580 g<\/td>\n<\/tr>\n<tr>\n<td>80 kg<\/td>\n<td>608 g<\/td>\n<td>640 g<\/td>\n<\/tr>\n<\/tbody>\n<\/table>\n","protected":false},"featured_media":41183,"template":"","meta":[],"product_brand":[],"product_cat":[538,524],"product_tag":[],"class_list":{"0":"post-41170","1":"product","2":"type-product","3":"status-publish","4":"has-post-thumbnail","6":"product_cat-sausas-maistas-sunims","7":"product_cat-kaup24-lt","9":"first","10":"instock","11":"sale","12":"taxable","13":"shipping-taxable","14":"purchasable","15":"product-type-simple"},"yoast_head":"<!-- This site is optimized with the Yoast SEO plugin v27.2 - https:\/\/yoast.com\/product\/yoast-seo-wordpress\/ -->\n<title>Ibero Natural Senior\/Light su Iberijos kiauliena ir \u0117riena 12 kg - MiuMjau<\/title>\n<meta name=\"robots\" content=\"index, follow, max-snippet:-1, max-image-preview:large, max-video-preview:-1\" \/>\n<link rel=\"canonical\" href=\"https:\/\/miumjau.ee\/lt\/produktas\/ibero-natural-senior-light-su-iberijos-kiauliena-ir-eriena-12-kg\/\" \/>\n<meta property=\"og:locale\" content=\"lt_LT\" \/>\n<meta property=\"og:type\" content=\"article\" \/>\n<meta property=\"og:title\" content=\"Ibero Natural Senior\/Light su Iberijos kiauliena ir \u0117riena 12 kg - MiuMjau\" \/>\n<meta property=\"og:description\" content=\"\u0160uo, kaip ir jo prot\u0117vis vilkas, turi gauti \u012fvair\u0173 racion\u0105, kuris apr\u016bpina visomis b\u016btinomis maistin\u0117mis med\u017eiagomis ir padeda i\u0161laikyti puiki\u0105 form\u0105. Ibero NATURAL maisto \u012fkv\u0117pimu tapo Iberijos vilkai, kurie savo gimtin\u0117je daugiausia med\u017eioja pusiau laukines juod\u0105sias kiaules, taip pat avis, elnius ir kitus \u017einduolius. \u0160i\u0105 nat\u016brali\u0105 grandin\u0119 atspindi ir \u0161iuolaikin\u0117 \u0161un\u0173 \u0161\u0117rimo kryptis: Ibero NATURAL superpremium klas\u0117s granuli\u0173 gamybai naudojamos tik auk\u0161tos kokyb\u0117s nat\u016bralios sudedamosios dalys i\u0161 regionini\u0173 Ispanijos \u016bki\u0173. Pagrindin\u0117 sudedamoji dalis \u2013 Iberijos kiauliena ir \u0117riena. Ibero NATURAL \u2013 Superpremium visavertis pa\u0161aras vyresniems arba antsvorio turintiems \u0161unims Ibero Natural linijos granul\u0117s yra su ma\u017eu gr\u016bd\u0173 kiekiu. I\u0161 gr\u016bd\u0173 naudojami tik rudieji ry\u017eiai. Pilno gr\u016bdo ry\u017eiai neapdorojami, tod\u0117l i\u0161laiko daugiau skaidul\u0173 (svarbu taisyklingam vir\u0161kinimui), baltym\u0173, fosforo, mangano, gele\u017eies ir magnio. Pa\u0161aras yra hipoalerginis, t. y. be potencialiai alergizuojan\u010di\u0173 ingredient\u0173, toki\u0173 kaip soja, kvie\u010diai, kukur\u016bzai, jautiena ar vi\u0161tienos m\u0117sa, \u0161alutiniai produktai, cukrus, sintetiniai konservantai, kvapiosios ir skonin\u0117s med\u017eiagos, da\u017eikliai bei GMO (geneti\u0161kai modifikuotos sudedamosios dalys). \u2705 100 % nat\u016brali sud\u0117tis \u2013 be dirbtini\u0173 konservant\u0173, da\u017eikli\u0173, kvapikli\u0173 ir GMO \u2705 Didelis m\u0117sos kiekis \u2013 36 % Iberijos kiaulienos ir \u0117rienos \u2705 Tik auk\u0161tos kokyb\u0117s Ispanijos regionin\u0117s sudedamosios dalys \u2705 Tinka vyresniems \u0161unims ir tiems, kuriems reikia svorio kontrol\u0117s Pagrindin\u0117s funkcin\u0117s sudedamosios dalys ir j\u0173 nauda:   Pusiau laukin\u0117 Iberijos kiauliena ir \u0117riena \u2013 gausu B grup\u0117s vitamin\u0173, gele\u017eies, cinko ir kalio  Rudieji ry\u017eiai \u2013 pilno gr\u016bdo, palaiko vir\u0161kinim\u0105 ir suteikia ilgalaik\u0117s energijos  \u017dirniai \u2013 \u0161irdies veiklai, padeda ma\u017einti kraujosp\u016bd\u012f ir cholesterol\u012f  Karobo miltai \u2013 ramina vir\u0161kinimo sistem\u0105, ma\u017eai kalorij\u0173, bet daug mineral\u0173  Burok\u0117li\u0173 mink\u0161timas \u2013 skaidul\u0173 ir mineral\u0173 \u0161altinis, palaiko \u017earnyno mikroflor\u0105  Alyvuogi\u0173 ekstraktas \u2013 antioksidantas, \u0161ird\u017eiai ir nerv\u0173 sistemai  Alaus miel\u0117s \u2013 nat\u016bral\u016bs B grup\u0117s vitaminai, odai ir kailiui  \u010cija s\u0117klos \u2013 omega-3, kalcis, antioksidantai  \u017duv\u0173 aliejus \u2013 DHA &amp; EPA: akims, odai, s\u0105nariams, \u0161ird\u017eiai  Dumbliai (Ascophyllum nodosum) \u2013 imunitetui, antioksidacin\u0117 apsauga  Juka \u2013 valomasis, prie\u0161u\u017edegiminis poveikis, vir\u0161kinimui  Taurinas \u2013 \u0161ird\u017eiai, akims, skys\u010di\u0173 pusiausvyrai  Gliukozaminas &amp; chondroitinas \u2013 s\u0105nariams  Sudedamosios dalys: Iberijos kiauliena ir \u0117riena (36 %), rudieji ry\u017eiai (30 %), \u017eirniai (10 %), pauk\u0161tienos riebalai, karobo miltai, alyvuogi\u0173 ekstraktas, burok\u0117li\u0173 mink\u0161timas, miel\u0117s (MOS, \u03b2-gliukanai), \u017euv\u0173 aliejus, inulinas (FOS \u0161altinis), \u010dija s\u0117klos, dumbliai, hidrolizuoti v\u0117\u017eiagyviai (gliukozamino \u0161altinis), kremzl\u0117s koncentratas (chondroitino \u0161altinis), juka. Analitin\u0117 sud\u0117tis: \u017dali baltymai 29 %, \u017eali riebalai 10 %, \u017ealios skaidulos 5,2 %, \u017eali pelenai 7,6 %, kalcis 1,7 %, fosforas 0,95 %, gliukozaminas 300 mg\/kg, chondroitinas 200 mg\/kg. Priedai (maistingieji \/ kg): Vit. A 15 000 IU, D3 1 800 IU, E 200 mg, C 100 mg, L-karnitinas 40 mg, taurinas 500 mg, gele\u017eis 75 mg, varis 10 mg, manganas 25 mg, cinkas 110 mg, jodas 2 mg, selenas 0,1 mg. Metabolizuojama energija: 3363 kcal\/kg Rekomenduojama paros norma (g\/d.):    \u0160uns svoris \u012eprastas aktyvumas \/ antsvoris Vyresnis   10 kg 154 g 160 g   20 kg 250 g 260 g   30 kg 323 g 340 g   40 kg 380 g 400 g   50 kg 437 g 460 g   60 kg 494 g 520 g   70 kg 551 g 580 g   80 kg 608 g 640 g\" \/>\n<meta property=\"og:url\" content=\"https:\/\/miumjau.ee\/lt\/produktas\/ibero-natural-senior-light-su-iberijos-kiauliena-ir-eriena-12-kg\/\" \/>\n<meta property=\"og:site_name\" content=\"MiuMjau\" \/>\n<meta property=\"article:publisher\" content=\"https:\/\/www.facebook.com\/miumjaupood\/\" \/>\n<meta property=\"article:modified_time\" content=\"2026-01-07T18:53:20+00:00\" \/>\n<meta property=\"og:image\" content=\"https:\/\/miumjau.ee\/wp-content\/uploads\/2025\/07\/ibero-senior-light-12kg-iberian-pork-lamb.jpg\" \/>\n\t<meta property=\"og:image:width\" content=\"600\" \/>\n\t<meta property=\"og:image:height\" content=\"800\" \/>\n\t<meta property=\"og:image:type\" content=\"image\/jpeg\" \/>\n<meta name=\"twitter:card\" content=\"summary_large_image\" \/>\n<script type=\"application\/ld+json\" class=\"yoast-schema-graph\">{\"@context\":\"https:\/\/schema.org\",\"@graph\":[{\"@type\":\"WebPage\",\"@id\":\"https:\/\/miumjau.ee\/lt\/produktas\/ibero-natural-senior-light-su-iberijos-kiauliena-ir-eriena-12-kg\/\",\"url\":\"https:\/\/miumjau.ee\/lt\/produktas\/ibero-natural-senior-light-su-iberijos-kiauliena-ir-eriena-12-kg\/\",\"name\":\"Ibero Natural Senior\/Light su Iberijos kiauliena ir \u0117riena 12 kg - MiuMjau\",\"isPartOf\":{\"@id\":\"https:\/\/miumjau.ee\/#website\"},\"primaryImageOfPage\":{\"@id\":\"https:\/\/miumjau.ee\/lt\/produktas\/ibero-natural-senior-light-su-iberijos-kiauliena-ir-eriena-12-kg\/#primaryimage\"},\"image\":{\"@id\":\"https:\/\/miumjau.ee\/lt\/produktas\/ibero-natural-senior-light-su-iberijos-kiauliena-ir-eriena-12-kg\/#primaryimage\"},\"thumbnailUrl\":\"https:\/\/miumjau.ee\/wp-content\/uploads\/2025\/07\/ibero-senior-light-12kg-iberian-pork-lamb.jpg\",\"datePublished\":\"2025-07-23T08:07:33+00:00\",\"dateModified\":\"2026-01-07T18:53:20+00:00\",\"breadcrumb\":{\"@id\":\"https:\/\/miumjau.ee\/lt\/produktas\/ibero-natural-senior-light-su-iberijos-kiauliena-ir-eriena-12-kg\/#breadcrumb\"},\"inLanguage\":\"lt-LT\",\"potentialAction\":[{\"@type\":\"ReadAction\",\"target\":[\"https:\/\/miumjau.ee\/lt\/produktas\/ibero-natural-senior-light-su-iberijos-kiauliena-ir-eriena-12-kg\/\"]}]},{\"@type\":\"ImageObject\",\"inLanguage\":\"lt-LT\",\"@id\":\"https:\/\/miumjau.ee\/lt\/produktas\/ibero-natural-senior-light-su-iberijos-kiauliena-ir-eriena-12-kg\/#primaryimage\",\"url\":\"https:\/\/miumjau.ee\/wp-content\/uploads\/2025\/07\/ibero-senior-light-12kg-iberian-pork-lamb.jpg\",\"contentUrl\":\"https:\/\/miumjau.ee\/wp-content\/uploads\/2025\/07\/ibero-senior-light-12kg-iberian-pork-lamb.jpg\",\"width\":600,\"height\":800,\"caption\":\"Ibero Natural Senior\/Light 12kg\"},{\"@type\":\"BreadcrumbList\",\"@id\":\"https:\/\/miumjau.ee\/lt\/produktas\/ibero-natural-senior-light-su-iberijos-kiauliena-ir-eriena-12-kg\/#breadcrumb\",\"itemListElement\":[{\"@type\":\"ListItem\",\"position\":1,\"name\":\"Home\",\"item\":\"https:\/\/miumjau.ee\/lt\/\"},{\"@type\":\"ListItem\",\"position\":2,\"name\":\"Parduotuv\u0117\",\"item\":\"https:\/\/miumjau.ee\/lt\/parduotuve\/\"},{\"@type\":\"ListItem\",\"position\":3,\"name\":\"Ibero Natural Senior\/Light su Iberijos kiauliena ir \u0117riena 12 kg\"}]},{\"@type\":\"WebSite\",\"@id\":\"https:\/\/miumjau.ee\/#website\",\"url\":\"https:\/\/miumjau.ee\/\",\"name\":\"MiuMjau\",\"description\":\"Kraapimispuud kassidele\",\"publisher\":{\"@id\":\"https:\/\/miumjau.ee\/#organization\"},\"potentialAction\":[{\"@type\":\"SearchAction\",\"target\":{\"@type\":\"EntryPoint\",\"urlTemplate\":\"https:\/\/miumjau.ee\/?s={search_term_string}\"},\"query-input\":{\"@type\":\"PropertyValueSpecification\",\"valueRequired\":true,\"valueName\":\"search_term_string\"}}],\"inLanguage\":\"lt-LT\"},{\"@type\":\"Organization\",\"@id\":\"https:\/\/miumjau.ee\/#organization\",\"name\":\"MiuMjau O\u00dc\",\"url\":\"https:\/\/miumjau.ee\/\",\"logo\":{\"@type\":\"ImageObject\",\"inLanguage\":\"lt-LT\",\"@id\":\"https:\/\/miumjau.ee\/#\/schema\/logo\/image\/\",\"url\":\"https:\/\/miumjau.ee\/wp-content\/uploads\/2022\/04\/MiuMjau-logo-kollane.png\",\"contentUrl\":\"https:\/\/miumjau.ee\/wp-content\/uploads\/2022\/04\/MiuMjau-logo-kollane.png\",\"width\":219,\"height\":100,\"caption\":\"MiuMjau O\u00dc\"},\"image\":{\"@id\":\"https:\/\/miumjau.ee\/#\/schema\/logo\/image\/\"},\"sameAs\":[\"https:\/\/www.facebook.com\/miumjaupood\/\"]}]}<\/script>\n<!-- \/ Yoast SEO plugin. -->","yoast_head_json":{"title":"Ibero Natural Senior\/Light su Iberijos kiauliena ir \u0117riena 12 kg - MiuMjau","robots":{"index":"index","follow":"follow","max-snippet":"max-snippet:-1","max-image-preview":"max-image-preview:large","max-video-preview":"max-video-preview:-1"},"canonical":"https:\/\/miumjau.ee\/lt\/produktas\/ibero-natural-senior-light-su-iberijos-kiauliena-ir-eriena-12-kg\/","og_locale":"lt_LT","og_type":"article","og_title":"Ibero Natural Senior\/Light su Iberijos kiauliena ir \u0117riena 12 kg - MiuMjau","og_description":"\u0160uo, kaip ir jo prot\u0117vis vilkas, turi gauti \u012fvair\u0173 racion\u0105, kuris apr\u016bpina visomis b\u016btinomis maistin\u0117mis med\u017eiagomis ir padeda i\u0161laikyti puiki\u0105 form\u0105. Ibero NATURAL maisto \u012fkv\u0117pimu tapo Iberijos vilkai, kurie savo gimtin\u0117je daugiausia med\u017eioja pusiau laukines juod\u0105sias kiaules, taip pat avis, elnius ir kitus \u017einduolius. \u0160i\u0105 nat\u016brali\u0105 grandin\u0119 atspindi ir \u0161iuolaikin\u0117 \u0161un\u0173 \u0161\u0117rimo kryptis: Ibero NATURAL superpremium klas\u0117s granuli\u0173 gamybai naudojamos tik auk\u0161tos kokyb\u0117s nat\u016bralios sudedamosios dalys i\u0161 regionini\u0173 Ispanijos \u016bki\u0173. Pagrindin\u0117 sudedamoji dalis \u2013 Iberijos kiauliena ir \u0117riena. Ibero NATURAL \u2013 Superpremium visavertis pa\u0161aras vyresniems arba antsvorio turintiems \u0161unims Ibero Natural linijos granul\u0117s yra su ma\u017eu gr\u016bd\u0173 kiekiu. I\u0161 gr\u016bd\u0173 naudojami tik rudieji ry\u017eiai. Pilno gr\u016bdo ry\u017eiai neapdorojami, tod\u0117l i\u0161laiko daugiau skaidul\u0173 (svarbu taisyklingam vir\u0161kinimui), baltym\u0173, fosforo, mangano, gele\u017eies ir magnio. Pa\u0161aras yra hipoalerginis, t. y. be potencialiai alergizuojan\u010di\u0173 ingredient\u0173, toki\u0173 kaip soja, kvie\u010diai, kukur\u016bzai, jautiena ar vi\u0161tienos m\u0117sa, \u0161alutiniai produktai, cukrus, sintetiniai konservantai, kvapiosios ir skonin\u0117s med\u017eiagos, da\u017eikliai bei GMO (geneti\u0161kai modifikuotos sudedamosios dalys). \u2705 100 % nat\u016brali sud\u0117tis \u2013 be dirbtini\u0173 konservant\u0173, da\u017eikli\u0173, kvapikli\u0173 ir GMO \u2705 Didelis m\u0117sos kiekis \u2013 36 % Iberijos kiaulienos ir \u0117rienos \u2705 Tik auk\u0161tos kokyb\u0117s Ispanijos regionin\u0117s sudedamosios dalys \u2705 Tinka vyresniems \u0161unims ir tiems, kuriems reikia svorio kontrol\u0117s Pagrindin\u0117s funkcin\u0117s sudedamosios dalys ir j\u0173 nauda:   Pusiau laukin\u0117 Iberijos kiauliena ir \u0117riena \u2013 gausu B grup\u0117s vitamin\u0173, gele\u017eies, cinko ir kalio  Rudieji ry\u017eiai \u2013 pilno gr\u016bdo, palaiko vir\u0161kinim\u0105 ir suteikia ilgalaik\u0117s energijos  \u017dirniai \u2013 \u0161irdies veiklai, padeda ma\u017einti kraujosp\u016bd\u012f ir cholesterol\u012f  Karobo miltai \u2013 ramina vir\u0161kinimo sistem\u0105, ma\u017eai kalorij\u0173, bet daug mineral\u0173  Burok\u0117li\u0173 mink\u0161timas \u2013 skaidul\u0173 ir mineral\u0173 \u0161altinis, palaiko \u017earnyno mikroflor\u0105  Alyvuogi\u0173 ekstraktas \u2013 antioksidantas, \u0161ird\u017eiai ir nerv\u0173 sistemai  Alaus miel\u0117s \u2013 nat\u016bral\u016bs B grup\u0117s vitaminai, odai ir kailiui  \u010cija s\u0117klos \u2013 omega-3, kalcis, antioksidantai  \u017duv\u0173 aliejus \u2013 DHA &amp; EPA: akims, odai, s\u0105nariams, \u0161ird\u017eiai  Dumbliai (Ascophyllum nodosum) \u2013 imunitetui, antioksidacin\u0117 apsauga  Juka \u2013 valomasis, prie\u0161u\u017edegiminis poveikis, vir\u0161kinimui  Taurinas \u2013 \u0161ird\u017eiai, akims, skys\u010di\u0173 pusiausvyrai  Gliukozaminas &amp; chondroitinas \u2013 s\u0105nariams  Sudedamosios dalys: Iberijos kiauliena ir \u0117riena (36 %), rudieji ry\u017eiai (30 %), \u017eirniai (10 %), pauk\u0161tienos riebalai, karobo miltai, alyvuogi\u0173 ekstraktas, burok\u0117li\u0173 mink\u0161timas, miel\u0117s (MOS, \u03b2-gliukanai), \u017euv\u0173 aliejus, inulinas (FOS \u0161altinis), \u010dija s\u0117klos, dumbliai, hidrolizuoti v\u0117\u017eiagyviai (gliukozamino \u0161altinis), kremzl\u0117s koncentratas (chondroitino \u0161altinis), juka. Analitin\u0117 sud\u0117tis: \u017dali baltymai 29 %, \u017eali riebalai 10 %, \u017ealios skaidulos 5,2 %, \u017eali pelenai 7,6 %, kalcis 1,7 %, fosforas 0,95 %, gliukozaminas 300 mg\/kg, chondroitinas 200 mg\/kg. Priedai (maistingieji \/ kg): Vit. A 15 000 IU, D3 1 800 IU, E 200 mg, C 100 mg, L-karnitinas 40 mg, taurinas 500 mg, gele\u017eis 75 mg, varis 10 mg, manganas 25 mg, cinkas 110 mg, jodas 2 mg, selenas 0,1 mg. Metabolizuojama energija: 3363 kcal\/kg Rekomenduojama paros norma (g\/d.):    \u0160uns svoris \u012eprastas aktyvumas \/ antsvoris Vyresnis   10 kg 154 g 160 g   20 kg 250 g 260 g   30 kg 323 g 340 g   40 kg 380 g 400 g   50 kg 437 g 460 g   60 kg 494 g 520 g   70 kg 551 g 580 g   80 kg 608 g 640 g","og_url":"https:\/\/miumjau.ee\/lt\/produktas\/ibero-natural-senior-light-su-iberijos-kiauliena-ir-eriena-12-kg\/","og_site_name":"MiuMjau","article_publisher":"https:\/\/www.facebook.com\/miumjaupood\/","article_modified_time":"2026-01-07T18:53:20+00:00","og_image":[{"width":600,"height":800,"url":"https:\/\/miumjau.ee\/wp-content\/uploads\/2025\/07\/ibero-senior-light-12kg-iberian-pork-lamb.jpg","type":"image\/jpeg"}],"twitter_card":"summary_large_image","schema":{"@context":"https:\/\/schema.org","@graph":[{"@type":"WebPage","@id":"https:\/\/miumjau.ee\/lt\/produktas\/ibero-natural-senior-light-su-iberijos-kiauliena-ir-eriena-12-kg\/","url":"https:\/\/miumjau.ee\/lt\/produktas\/ibero-natural-senior-light-su-iberijos-kiauliena-ir-eriena-12-kg\/","name":"Ibero Natural Senior\/Light su Iberijos kiauliena ir \u0117riena 12 kg - MiuMjau","isPartOf":{"@id":"https:\/\/miumjau.ee\/#website"},"primaryImageOfPage":{"@id":"https:\/\/miumjau.ee\/lt\/produktas\/ibero-natural-senior-light-su-iberijos-kiauliena-ir-eriena-12-kg\/#primaryimage"},"image":{"@id":"https:\/\/miumjau.ee\/lt\/produktas\/ibero-natural-senior-light-su-iberijos-kiauliena-ir-eriena-12-kg\/#primaryimage"},"thumbnailUrl":"https:\/\/miumjau.ee\/wp-content\/uploads\/2025\/07\/ibero-senior-light-12kg-iberian-pork-lamb.jpg","datePublished":"2025-07-23T08:07:33+00:00","dateModified":"2026-01-07T18:53:20+00:00","breadcrumb":{"@id":"https:\/\/miumjau.ee\/lt\/produktas\/ibero-natural-senior-light-su-iberijos-kiauliena-ir-eriena-12-kg\/#breadcrumb"},"inLanguage":"lt-LT","potentialAction":[{"@type":"ReadAction","target":["https:\/\/miumjau.ee\/lt\/produktas\/ibero-natural-senior-light-su-iberijos-kiauliena-ir-eriena-12-kg\/"]}]},{"@type":"ImageObject","inLanguage":"lt-LT","@id":"https:\/\/miumjau.ee\/lt\/produktas\/ibero-natural-senior-light-su-iberijos-kiauliena-ir-eriena-12-kg\/#primaryimage","url":"https:\/\/miumjau.ee\/wp-content\/uploads\/2025\/07\/ibero-senior-light-12kg-iberian-pork-lamb.jpg","contentUrl":"https:\/\/miumjau.ee\/wp-content\/uploads\/2025\/07\/ibero-senior-light-12kg-iberian-pork-lamb.jpg","width":600,"height":800,"caption":"Ibero Natural Senior\/Light 12kg"},{"@type":"BreadcrumbList","@id":"https:\/\/miumjau.ee\/lt\/produktas\/ibero-natural-senior-light-su-iberijos-kiauliena-ir-eriena-12-kg\/#breadcrumb","itemListElement":[{"@type":"ListItem","position":1,"name":"Home","item":"https:\/\/miumjau.ee\/lt\/"},{"@type":"ListItem","position":2,"name":"Parduotuv\u0117","item":"https:\/\/miumjau.ee\/lt\/parduotuve\/"},{"@type":"ListItem","position":3,"name":"Ibero Natural Senior\/Light su Iberijos kiauliena ir \u0117riena 12 kg"}]},{"@type":"WebSite","@id":"https:\/\/miumjau.ee\/#website","url":"https:\/\/miumjau.ee\/","name":"MiuMjau","description":"Kraapimispuud kassidele","publisher":{"@id":"https:\/\/miumjau.ee\/#organization"},"potentialAction":[{"@type":"SearchAction","target":{"@type":"EntryPoint","urlTemplate":"https:\/\/miumjau.ee\/?s={search_term_string}"},"query-input":{"@type":"PropertyValueSpecification","valueRequired":true,"valueName":"search_term_string"}}],"inLanguage":"lt-LT"},{"@type":"Organization","@id":"https:\/\/miumjau.ee\/#organization","name":"MiuMjau O\u00dc","url":"https:\/\/miumjau.ee\/","logo":{"@type":"ImageObject","inLanguage":"lt-LT","@id":"https:\/\/miumjau.ee\/#\/schema\/logo\/image\/","url":"https:\/\/miumjau.ee\/wp-content\/uploads\/2022\/04\/MiuMjau-logo-kollane.png","contentUrl":"https:\/\/miumjau.ee\/wp-content\/uploads\/2022\/04\/MiuMjau-logo-kollane.png","width":219,"height":100,"caption":"MiuMjau O\u00dc"},"image":{"@id":"https:\/\/miumjau.ee\/#\/schema\/logo\/image\/"},"sameAs":["https:\/\/www.facebook.com\/miumjaupood\/"]}]}},"_links":{"self":[{"href":"https:\/\/miumjau.ee\/lt\/wp-json\/wp\/v2\/product\/41170","targetHints":{"allow":["GET"]}}],"collection":[{"href":"https:\/\/miumjau.ee\/lt\/wp-json\/wp\/v2\/product"}],"about":[{"href":"https:\/\/miumjau.ee\/lt\/wp-json\/wp\/v2\/types\/product"}],"wp:featuredmedia":[{"embeddable":true,"href":"https:\/\/miumjau.ee\/lt\/wp-json\/wp\/v2\/media\/41183"}],"wp:attachment":[{"href":"https:\/\/miumjau.ee\/lt\/wp-json\/wp\/v2\/media?parent=41170"}],"wp:term":[{"taxonomy":"product_brand","embeddable":true,"href":"https:\/\/miumjau.ee\/lt\/wp-json\/wp\/v2\/product_brand?post=41170"},{"taxonomy":"product_cat","embeddable":true,"href":"https:\/\/miumjau.ee\/lt\/wp-json\/wp\/v2\/product_cat?post=41170"},{"taxonomy":"product_tag","embeddable":true,"href":"https:\/\/miumjau.ee\/lt\/wp-json\/wp\/v2\/product_tag?post=41170"}],"curies":[{"name":"wp","href":"https:\/\/api.w.org\/{rel}","templated":true}]}}