{"id":41169,"date":"2025-07-23T11:18:29","date_gmt":"2025-07-23T08:18:29","guid":{"rendered":"https:\/\/miumjau.ee\/toode\/ibero-natural-active-plus-su-kalakutiena-ir-lasisa-12-kg\/"},"modified":"2026-01-07T20:53:20","modified_gmt":"2026-01-07T18:53:20","slug":"ibero-natural-active-plus-su-kalakutiena-ir-lasisa-12-kg","status":"publish","type":"product","link":"https:\/\/miumjau.ee\/lt\/produktas\/ibero-natural-active-plus-su-kalakutiena-ir-lasisa-12-kg\/","title":{"rendered":"Ibero Natural Active Plus su kalakutiena ir la\u0161i\u0161a 12 kg"},"content":{"rendered":"","protected":false},"excerpt":{"rendered":"<p>Ibero Natural linijos granul\u0117s yra <strong>su ma\u017eu gr\u016bd\u0173 kiekiu<\/strong>. I\u0161 gr\u016bd\u0173 naudojami tik rudieji ry\u017eiai. Pilno gr\u016bdo ry\u017eiai n\u0117ra apdorojami, tod\u0117l i\u0161laiko daugiau skaidul\u0173 (svarbu taisyklingam vir\u0161kinimui), baltym\u0173, fosforo, mangano, gele\u017eies ir magnio. Pa\u0161aras yra <strong>hipoalerginis<\/strong>, t. y. be potencialiai alergizuojan\u010di\u0173 ingredient\u0173, toki\u0173 kaip soja, kvie\u010diai, kukur\u016bzai, jautienos (baltymai) ar vi\u0161tienos (baltymai), \u0161alutiniai produktai, cukrus, sintetiniai konservantai, kvapiosios ir skonin\u0117s med\u017eiagos, da\u017eikliai bei GMO (geneti\u0161kai modifikuotos sudedamosios dalys).<br \/>\n<strong>Super Premium ACTIVE \u2013 visavertis pa\u0161aras aktyviems \u0161unims<\/strong><br \/>\nSkirtas aktyviems \u0161unims (1\u20133 val. veiklos per dien\u0105): agility, kanikrosas, med\u017eiokliniai \u0161unys, darbiniai \u0161unys. Recept\u0105 suk\u016br\u0117 Norvegijoje \u2013 pritaikytas at\u0161iaurioms s\u0105lygoms. Pa\u0161are gausu kokybi\u0161k\u0173 gyv\u016bnini\u0173 baltym\u0173 (kalakutiena, la\u0161i\u0161a, krilis), jis praturtintas prebiotikais ir nat\u016braliais antioksidantais.<br \/>\n<strong>Sudedamosios dalys: <\/strong>D\u017eiovinta kalakutiena (35%), ry\u017eiai, pauk\u0161tienos riebalai (vi\u0161tiena 18%), d\u017eiovinta la\u0161i\u0161a (4%), burok\u0117li\u0173 mink\u0161timas, krilis (2,5%), alaus miel\u0117s, mineralai, mananoligosacharidai (MOS \u2013 prebiotikai), cikorij\u0173 milteliai.<br \/>\n<strong>Analitin\u0117 sud\u0117tis <\/strong>\u017dali baltymai 32%, \u017eali riebalai 21%, \u017ealios skaidulos 1,5%, \u017eali pelenai 7,6%, kalcis 1,4%, fosforas 1%, natris 0,45%, magnis 0,1%, dr\u0117gm\u0117 9%.<br \/>\n<strong>Priedai (maistin\u0117 vert\u0117) \/ kg <\/strong>Vitaminas A 28 000 IU, vitaminas D3 1600 IU, vitaminas E 160 mg, gele\u017eis (gele\u017eies(II) sulfato monohidratas) 200 mg, cinkas (cinko glicinatas, hidratas) 176 mg, manganas (mangano oksidas) 15 mg, varis (vario glicinatas, hidratas) 16 mg, jodas (kalcio jodatas) 2,8 mg, selenas (natrio selenitas) 0,40 mg.<br \/>\n<strong>Metabolizuojama energija <\/strong>3980 kcal\/kg<\/p>\n<table>\n<tr>\n<th><strong>\u0160uns svoris (kg)<\/strong><\/th>\n<th><strong>Paros norma (g\/d.)<\/strong><\/th>\n<th><strong>\u0160uns svoris (kg)<\/strong><\/th>\n<th><strong>Paros norma (g\/d.)<\/strong><\/th>\n<\/tr>\n<tr>\n<td>1<\/td>\n<td>30<\/td>\n<td>20<\/td>\n<td>286<\/td>\n<\/tr>\n<tr>\n<td>2<\/td>\n<td>50<\/td>\n<td>25<\/td>\n<td>333<\/td>\n<\/tr>\n<tr>\n<td>3<\/td>\n<td>68<\/td>\n<td>30<\/td>\n<td>381<\/td>\n<\/tr>\n<tr>\n<td>4<\/td>\n<td>84<\/td>\n<td>35<\/td>\n<td>428<\/td>\n<\/tr>\n<tr>\n<td>5<\/td>\n<td>99<\/td>\n<td>40<\/td>\n<td>473<\/td>\n<\/tr>\n<tr>\n<td>6<\/td>\n<td>114<\/td>\n<td>45<\/td>\n<td>517<\/td>\n<\/tr>\n<tr>\n<td>7<\/td>\n<td>128<\/td>\n<td>50<\/td>\n<td>559<\/td>\n<\/tr>\n<tr>\n<td>8<\/td>\n<td>140<\/td>\n<td>55<\/td>\n<td>601<\/td>\n<\/tr>\n<tr>\n<td>11<\/td>\n<td>180<\/td>\n<td>60<\/td>\n<td>641<\/td>\n<\/tr>\n<tr>\n<td>14<\/td>\n<td>215<\/td>\n<td><\/td>\n<td><\/td>\n<\/tr>\n<tr>\n<td>16<\/td>\n<td>238<\/td>\n<td><\/td>\n<td><\/td>\n<\/tr>\n<tr>\n<td>18<\/td>\n<td>260<\/td>\n<td><\/td>\n<td><\/td>\n<\/tr>\n<\/table>\n","protected":false},"featured_media":41229,"template":"","meta":[],"product_brand":[],"product_cat":[538,524],"product_tag":[],"class_list":{"0":"post-41169","1":"product","2":"type-product","3":"status-publish","4":"has-post-thumbnail","6":"product_cat-sausas-maistas-sunims","7":"product_cat-kaup24-lt","9":"first","10":"instock","11":"sale","12":"taxable","13":"shipping-taxable","14":"purchasable","15":"product-type-simple"},"yoast_head":"<!-- This site is optimized with the Yoast SEO plugin v27.2 - https:\/\/yoast.com\/product\/yoast-seo-wordpress\/ -->\n<title>Ibero Natural Active Plus su kalakutiena ir la\u0161i\u0161a 12 kg - MiuMjau<\/title>\n<meta name=\"robots\" content=\"index, follow, max-snippet:-1, max-image-preview:large, max-video-preview:-1\" \/>\n<link rel=\"canonical\" href=\"https:\/\/miumjau.ee\/lt\/produktas\/ibero-natural-active-plus-su-kalakutiena-ir-lasisa-12-kg\/\" \/>\n<meta property=\"og:locale\" content=\"lt_LT\" \/>\n<meta property=\"og:type\" content=\"article\" \/>\n<meta property=\"og:title\" content=\"Ibero Natural Active Plus su kalakutiena ir la\u0161i\u0161a 12 kg - MiuMjau\" \/>\n<meta property=\"og:description\" content=\"Ibero Natural linijos granul\u0117s yra su ma\u017eu gr\u016bd\u0173 kiekiu. I\u0161 gr\u016bd\u0173 naudojami tik rudieji ry\u017eiai. Pilno gr\u016bdo ry\u017eiai n\u0117ra apdorojami, tod\u0117l i\u0161laiko daugiau skaidul\u0173 (svarbu taisyklingam vir\u0161kinimui), baltym\u0173, fosforo, mangano, gele\u017eies ir magnio. Pa\u0161aras yra hipoalerginis, t. y. be potencialiai alergizuojan\u010di\u0173 ingredient\u0173, toki\u0173 kaip soja, kvie\u010diai, kukur\u016bzai, jautienos (baltymai) ar vi\u0161tienos (baltymai), \u0161alutiniai produktai, cukrus, sintetiniai konservantai, kvapiosios ir skonin\u0117s med\u017eiagos, da\u017eikliai bei GMO (geneti\u0161kai modifikuotos sudedamosios dalys). Super Premium ACTIVE \u2013 visavertis pa\u0161aras aktyviems \u0161unims Skirtas aktyviems \u0161unims (1\u20133 val. veiklos per dien\u0105): agility, kanikrosas, med\u017eiokliniai \u0161unys, darbiniai \u0161unys. Recept\u0105 suk\u016br\u0117 Norvegijoje \u2013 pritaikytas at\u0161iaurioms s\u0105lygoms. Pa\u0161are gausu kokybi\u0161k\u0173 gyv\u016bnini\u0173 baltym\u0173 (kalakutiena, la\u0161i\u0161a, krilis), jis praturtintas prebiotikais ir nat\u016braliais antioksidantais. Sudedamosios dalys: D\u017eiovinta kalakutiena (35%), ry\u017eiai, pauk\u0161tienos riebalai (vi\u0161tiena 18%), d\u017eiovinta la\u0161i\u0161a (4%), burok\u0117li\u0173 mink\u0161timas, krilis (2,5%), alaus miel\u0117s, mineralai, mananoligosacharidai (MOS \u2013 prebiotikai), cikorij\u0173 milteliai. Analitin\u0117 sud\u0117tis \u017dali baltymai 32%, \u017eali riebalai 21%, \u017ealios skaidulos 1,5%, \u017eali pelenai 7,6%, kalcis 1,4%, fosforas 1%, natris 0,45%, magnis 0,1%, dr\u0117gm\u0117 9%. Priedai (maistin\u0117 vert\u0117) \/ kg Vitaminas A 28 000 IU, vitaminas D3 1600 IU, vitaminas E 160 mg, gele\u017eis (gele\u017eies(II) sulfato monohidratas) 200 mg, cinkas (cinko glicinatas, hidratas) 176 mg, manganas (mangano oksidas) 15 mg, varis (vario glicinatas, hidratas) 16 mg, jodas (kalcio jodatas) 2,8 mg, selenas (natrio selenitas) 0,40 mg. Metabolizuojama energija 3980 kcal\/kg  \u0160uns svoris (kg) Paros norma (g\/d.) \u0160uns svoris (kg) Paros norma (g\/d.)  1 30 20 286  2 50 25 333  3 68 30 381  4 84 35 428  5 99 40 473  6 114 45 517  7 128 50 559  8 140 55 601  11 180 60 641  14 215   16 238   18 260\" \/>\n<meta property=\"og:url\" content=\"https:\/\/miumjau.ee\/lt\/produktas\/ibero-natural-active-plus-su-kalakutiena-ir-lasisa-12-kg\/\" \/>\n<meta property=\"og:site_name\" content=\"MiuMjau\" \/>\n<meta property=\"article:publisher\" content=\"https:\/\/www.facebook.com\/miumjaupood\/\" \/>\n<meta property=\"article:modified_time\" content=\"2026-01-07T18:53:20+00:00\" \/>\n<meta property=\"og:image\" content=\"https:\/\/miumjau.ee\/wp-content\/uploads\/2025\/07\/ibero-active12kg-turkey-salmon.jpg\" \/>\n\t<meta property=\"og:image:width\" content=\"600\" \/>\n\t<meta property=\"og:image:height\" content=\"800\" \/>\n\t<meta property=\"og:image:type\" content=\"image\/jpeg\" \/>\n<meta name=\"twitter:card\" content=\"summary_large_image\" \/>\n<script type=\"application\/ld+json\" class=\"yoast-schema-graph\">{\"@context\":\"https:\/\/schema.org\",\"@graph\":[{\"@type\":\"WebPage\",\"@id\":\"https:\/\/miumjau.ee\/lt\/produktas\/ibero-natural-active-plus-su-kalakutiena-ir-lasisa-12-kg\/\",\"url\":\"https:\/\/miumjau.ee\/lt\/produktas\/ibero-natural-active-plus-su-kalakutiena-ir-lasisa-12-kg\/\",\"name\":\"Ibero Natural Active Plus su kalakutiena ir la\u0161i\u0161a 12 kg - MiuMjau\",\"isPartOf\":{\"@id\":\"https:\/\/miumjau.ee\/#website\"},\"primaryImageOfPage\":{\"@id\":\"https:\/\/miumjau.ee\/lt\/produktas\/ibero-natural-active-plus-su-kalakutiena-ir-lasisa-12-kg\/#primaryimage\"},\"image\":{\"@id\":\"https:\/\/miumjau.ee\/lt\/produktas\/ibero-natural-active-plus-su-kalakutiena-ir-lasisa-12-kg\/#primaryimage\"},\"thumbnailUrl\":\"https:\/\/miumjau.ee\/wp-content\/uploads\/2025\/07\/ibero-active12kg-turkey-salmon.jpg\",\"datePublished\":\"2025-07-23T08:18:29+00:00\",\"dateModified\":\"2026-01-07T18:53:20+00:00\",\"breadcrumb\":{\"@id\":\"https:\/\/miumjau.ee\/lt\/produktas\/ibero-natural-active-plus-su-kalakutiena-ir-lasisa-12-kg\/#breadcrumb\"},\"inLanguage\":\"lt-LT\",\"potentialAction\":[{\"@type\":\"ReadAction\",\"target\":[\"https:\/\/miumjau.ee\/lt\/produktas\/ibero-natural-active-plus-su-kalakutiena-ir-lasisa-12-kg\/\"]}]},{\"@type\":\"ImageObject\",\"inLanguage\":\"lt-LT\",\"@id\":\"https:\/\/miumjau.ee\/lt\/produktas\/ibero-natural-active-plus-su-kalakutiena-ir-lasisa-12-kg\/#primaryimage\",\"url\":\"https:\/\/miumjau.ee\/wp-content\/uploads\/2025\/07\/ibero-active12kg-turkey-salmon.jpg\",\"contentUrl\":\"https:\/\/miumjau.ee\/wp-content\/uploads\/2025\/07\/ibero-active12kg-turkey-salmon.jpg\",\"width\":600,\"height\":800,\"caption\":\"Ibero Natural Active plus 12kg\"},{\"@type\":\"BreadcrumbList\",\"@id\":\"https:\/\/miumjau.ee\/lt\/produktas\/ibero-natural-active-plus-su-kalakutiena-ir-lasisa-12-kg\/#breadcrumb\",\"itemListElement\":[{\"@type\":\"ListItem\",\"position\":1,\"name\":\"Home\",\"item\":\"https:\/\/miumjau.ee\/lt\/\"},{\"@type\":\"ListItem\",\"position\":2,\"name\":\"Parduotuv\u0117\",\"item\":\"https:\/\/miumjau.ee\/lt\/parduotuve\/\"},{\"@type\":\"ListItem\",\"position\":3,\"name\":\"Ibero Natural Active Plus su kalakutiena ir la\u0161i\u0161a 12 kg\"}]},{\"@type\":\"WebSite\",\"@id\":\"https:\/\/miumjau.ee\/#website\",\"url\":\"https:\/\/miumjau.ee\/\",\"name\":\"MiuMjau\",\"description\":\"Kraapimispuud kassidele\",\"publisher\":{\"@id\":\"https:\/\/miumjau.ee\/#organization\"},\"potentialAction\":[{\"@type\":\"SearchAction\",\"target\":{\"@type\":\"EntryPoint\",\"urlTemplate\":\"https:\/\/miumjau.ee\/?s={search_term_string}\"},\"query-input\":{\"@type\":\"PropertyValueSpecification\",\"valueRequired\":true,\"valueName\":\"search_term_string\"}}],\"inLanguage\":\"lt-LT\"},{\"@type\":\"Organization\",\"@id\":\"https:\/\/miumjau.ee\/#organization\",\"name\":\"MiuMjau O\u00dc\",\"url\":\"https:\/\/miumjau.ee\/\",\"logo\":{\"@type\":\"ImageObject\",\"inLanguage\":\"lt-LT\",\"@id\":\"https:\/\/miumjau.ee\/#\/schema\/logo\/image\/\",\"url\":\"https:\/\/miumjau.ee\/wp-content\/uploads\/2022\/04\/MiuMjau-logo-kollane.png\",\"contentUrl\":\"https:\/\/miumjau.ee\/wp-content\/uploads\/2022\/04\/MiuMjau-logo-kollane.png\",\"width\":219,\"height\":100,\"caption\":\"MiuMjau O\u00dc\"},\"image\":{\"@id\":\"https:\/\/miumjau.ee\/#\/schema\/logo\/image\/\"},\"sameAs\":[\"https:\/\/www.facebook.com\/miumjaupood\/\"]}]}<\/script>\n<!-- \/ Yoast SEO plugin. -->","yoast_head_json":{"title":"Ibero Natural Active Plus su kalakutiena ir la\u0161i\u0161a 12 kg - MiuMjau","robots":{"index":"index","follow":"follow","max-snippet":"max-snippet:-1","max-image-preview":"max-image-preview:large","max-video-preview":"max-video-preview:-1"},"canonical":"https:\/\/miumjau.ee\/lt\/produktas\/ibero-natural-active-plus-su-kalakutiena-ir-lasisa-12-kg\/","og_locale":"lt_LT","og_type":"article","og_title":"Ibero Natural Active Plus su kalakutiena ir la\u0161i\u0161a 12 kg - MiuMjau","og_description":"Ibero Natural linijos granul\u0117s yra su ma\u017eu gr\u016bd\u0173 kiekiu. I\u0161 gr\u016bd\u0173 naudojami tik rudieji ry\u017eiai. Pilno gr\u016bdo ry\u017eiai n\u0117ra apdorojami, tod\u0117l i\u0161laiko daugiau skaidul\u0173 (svarbu taisyklingam vir\u0161kinimui), baltym\u0173, fosforo, mangano, gele\u017eies ir magnio. Pa\u0161aras yra hipoalerginis, t. y. be potencialiai alergizuojan\u010di\u0173 ingredient\u0173, toki\u0173 kaip soja, kvie\u010diai, kukur\u016bzai, jautienos (baltymai) ar vi\u0161tienos (baltymai), \u0161alutiniai produktai, cukrus, sintetiniai konservantai, kvapiosios ir skonin\u0117s med\u017eiagos, da\u017eikliai bei GMO (geneti\u0161kai modifikuotos sudedamosios dalys). Super Premium ACTIVE \u2013 visavertis pa\u0161aras aktyviems \u0161unims Skirtas aktyviems \u0161unims (1\u20133 val. veiklos per dien\u0105): agility, kanikrosas, med\u017eiokliniai \u0161unys, darbiniai \u0161unys. Recept\u0105 suk\u016br\u0117 Norvegijoje \u2013 pritaikytas at\u0161iaurioms s\u0105lygoms. Pa\u0161are gausu kokybi\u0161k\u0173 gyv\u016bnini\u0173 baltym\u0173 (kalakutiena, la\u0161i\u0161a, krilis), jis praturtintas prebiotikais ir nat\u016braliais antioksidantais. Sudedamosios dalys: D\u017eiovinta kalakutiena (35%), ry\u017eiai, pauk\u0161tienos riebalai (vi\u0161tiena 18%), d\u017eiovinta la\u0161i\u0161a (4%), burok\u0117li\u0173 mink\u0161timas, krilis (2,5%), alaus miel\u0117s, mineralai, mananoligosacharidai (MOS \u2013 prebiotikai), cikorij\u0173 milteliai. Analitin\u0117 sud\u0117tis \u017dali baltymai 32%, \u017eali riebalai 21%, \u017ealios skaidulos 1,5%, \u017eali pelenai 7,6%, kalcis 1,4%, fosforas 1%, natris 0,45%, magnis 0,1%, dr\u0117gm\u0117 9%. Priedai (maistin\u0117 vert\u0117) \/ kg Vitaminas A 28 000 IU, vitaminas D3 1600 IU, vitaminas E 160 mg, gele\u017eis (gele\u017eies(II) sulfato monohidratas) 200 mg, cinkas (cinko glicinatas, hidratas) 176 mg, manganas (mangano oksidas) 15 mg, varis (vario glicinatas, hidratas) 16 mg, jodas (kalcio jodatas) 2,8 mg, selenas (natrio selenitas) 0,40 mg. Metabolizuojama energija 3980 kcal\/kg  \u0160uns svoris (kg) Paros norma (g\/d.) \u0160uns svoris (kg) Paros norma (g\/d.)  1 30 20 286  2 50 25 333  3 68 30 381  4 84 35 428  5 99 40 473  6 114 45 517  7 128 50 559  8 140 55 601  11 180 60 641  14 215   16 238   18 260","og_url":"https:\/\/miumjau.ee\/lt\/produktas\/ibero-natural-active-plus-su-kalakutiena-ir-lasisa-12-kg\/","og_site_name":"MiuMjau","article_publisher":"https:\/\/www.facebook.com\/miumjaupood\/","article_modified_time":"2026-01-07T18:53:20+00:00","og_image":[{"width":600,"height":800,"url":"https:\/\/miumjau.ee\/wp-content\/uploads\/2025\/07\/ibero-active12kg-turkey-salmon.jpg","type":"image\/jpeg"}],"twitter_card":"summary_large_image","schema":{"@context":"https:\/\/schema.org","@graph":[{"@type":"WebPage","@id":"https:\/\/miumjau.ee\/lt\/produktas\/ibero-natural-active-plus-su-kalakutiena-ir-lasisa-12-kg\/","url":"https:\/\/miumjau.ee\/lt\/produktas\/ibero-natural-active-plus-su-kalakutiena-ir-lasisa-12-kg\/","name":"Ibero Natural Active Plus su kalakutiena ir la\u0161i\u0161a 12 kg - MiuMjau","isPartOf":{"@id":"https:\/\/miumjau.ee\/#website"},"primaryImageOfPage":{"@id":"https:\/\/miumjau.ee\/lt\/produktas\/ibero-natural-active-plus-su-kalakutiena-ir-lasisa-12-kg\/#primaryimage"},"image":{"@id":"https:\/\/miumjau.ee\/lt\/produktas\/ibero-natural-active-plus-su-kalakutiena-ir-lasisa-12-kg\/#primaryimage"},"thumbnailUrl":"https:\/\/miumjau.ee\/wp-content\/uploads\/2025\/07\/ibero-active12kg-turkey-salmon.jpg","datePublished":"2025-07-23T08:18:29+00:00","dateModified":"2026-01-07T18:53:20+00:00","breadcrumb":{"@id":"https:\/\/miumjau.ee\/lt\/produktas\/ibero-natural-active-plus-su-kalakutiena-ir-lasisa-12-kg\/#breadcrumb"},"inLanguage":"lt-LT","potentialAction":[{"@type":"ReadAction","target":["https:\/\/miumjau.ee\/lt\/produktas\/ibero-natural-active-plus-su-kalakutiena-ir-lasisa-12-kg\/"]}]},{"@type":"ImageObject","inLanguage":"lt-LT","@id":"https:\/\/miumjau.ee\/lt\/produktas\/ibero-natural-active-plus-su-kalakutiena-ir-lasisa-12-kg\/#primaryimage","url":"https:\/\/miumjau.ee\/wp-content\/uploads\/2025\/07\/ibero-active12kg-turkey-salmon.jpg","contentUrl":"https:\/\/miumjau.ee\/wp-content\/uploads\/2025\/07\/ibero-active12kg-turkey-salmon.jpg","width":600,"height":800,"caption":"Ibero Natural Active plus 12kg"},{"@type":"BreadcrumbList","@id":"https:\/\/miumjau.ee\/lt\/produktas\/ibero-natural-active-plus-su-kalakutiena-ir-lasisa-12-kg\/#breadcrumb","itemListElement":[{"@type":"ListItem","position":1,"name":"Home","item":"https:\/\/miumjau.ee\/lt\/"},{"@type":"ListItem","position":2,"name":"Parduotuv\u0117","item":"https:\/\/miumjau.ee\/lt\/parduotuve\/"},{"@type":"ListItem","position":3,"name":"Ibero Natural Active Plus su kalakutiena ir la\u0161i\u0161a 12 kg"}]},{"@type":"WebSite","@id":"https:\/\/miumjau.ee\/#website","url":"https:\/\/miumjau.ee\/","name":"MiuMjau","description":"Kraapimispuud kassidele","publisher":{"@id":"https:\/\/miumjau.ee\/#organization"},"potentialAction":[{"@type":"SearchAction","target":{"@type":"EntryPoint","urlTemplate":"https:\/\/miumjau.ee\/?s={search_term_string}"},"query-input":{"@type":"PropertyValueSpecification","valueRequired":true,"valueName":"search_term_string"}}],"inLanguage":"lt-LT"},{"@type":"Organization","@id":"https:\/\/miumjau.ee\/#organization","name":"MiuMjau O\u00dc","url":"https:\/\/miumjau.ee\/","logo":{"@type":"ImageObject","inLanguage":"lt-LT","@id":"https:\/\/miumjau.ee\/#\/schema\/logo\/image\/","url":"https:\/\/miumjau.ee\/wp-content\/uploads\/2022\/04\/MiuMjau-logo-kollane.png","contentUrl":"https:\/\/miumjau.ee\/wp-content\/uploads\/2022\/04\/MiuMjau-logo-kollane.png","width":219,"height":100,"caption":"MiuMjau O\u00dc"},"image":{"@id":"https:\/\/miumjau.ee\/#\/schema\/logo\/image\/"},"sameAs":["https:\/\/www.facebook.com\/miumjaupood\/"]}]}},"_links":{"self":[{"href":"https:\/\/miumjau.ee\/lt\/wp-json\/wp\/v2\/product\/41169","targetHints":{"allow":["GET"]}}],"collection":[{"href":"https:\/\/miumjau.ee\/lt\/wp-json\/wp\/v2\/product"}],"about":[{"href":"https:\/\/miumjau.ee\/lt\/wp-json\/wp\/v2\/types\/product"}],"wp:featuredmedia":[{"embeddable":true,"href":"https:\/\/miumjau.ee\/lt\/wp-json\/wp\/v2\/media\/41229"}],"wp:attachment":[{"href":"https:\/\/miumjau.ee\/lt\/wp-json\/wp\/v2\/media?parent=41169"}],"wp:term":[{"taxonomy":"product_brand","embeddable":true,"href":"https:\/\/miumjau.ee\/lt\/wp-json\/wp\/v2\/product_brand?post=41169"},{"taxonomy":"product_cat","embeddable":true,"href":"https:\/\/miumjau.ee\/lt\/wp-json\/wp\/v2\/product_cat?post=41169"},{"taxonomy":"product_tag","embeddable":true,"href":"https:\/\/miumjau.ee\/lt\/wp-json\/wp\/v2\/product_tag?post=41169"}],"curies":[{"name":"wp","href":"https:\/\/api.w.org\/{rel}","templated":true}]}}