{"id":41167,"date":"2025-07-23T11:01:21","date_gmt":"2025-07-23T08:01:21","guid":{"rendered":"https:\/\/miumjau.ee\/toode\/ibero-natural-maxi-junior-su-iberijos-kiauliena-ir-eriena-3-kg\/"},"modified":"2026-01-07T20:53:27","modified_gmt":"2026-01-07T18:53:27","slug":"ibero-natural-maxi-junior-su-iberijos-kiauliena-ir-eriena-3-kg","status":"publish","type":"product","link":"https:\/\/miumjau.ee\/lt\/produktas\/ibero-natural-maxi-junior-su-iberijos-kiauliena-ir-eriena-3-kg\/","title":{"rendered":"Ibero Natural Maxi Junior su Iberijos kiauliena ir \u0117riena 3 kg"},"content":{"rendered":"","protected":false},"excerpt":{"rendered":"<p>\u0160uo, kaip ir jo prot\u0117vis vilkas, turi gauti \u012fvair\u0173 racion\u0105, kuris apr\u016bpina visomis b\u016btinomis maistin\u0117mis med\u017eiagomis ir padeda i\u0161laikyti puiki\u0105 form\u0105. Ibero NATURAL maisto \u012fkv\u0117pimu tapo Iberijos vilkai, kurie savo gimtin\u0117je daugiausia med\u017eioja pusiau laukines juod\u0105sias kiaules, taip pat avis, elnius ir kitus \u017einduolius. \u0160i\u0105 nat\u016brali\u0105 grandin\u0119 atspindi ir \u0161iuolaikin\u0117 \u0161un\u0173 \u0161\u0117rimo kryptis: Ibero NATURAL superpremium klas\u0117s granuli\u0173 gamybai naudojamos tik auk\u0161tos kokyb\u0117s nat\u016bralios sudedamosios dalys i\u0161 regionini\u0173 Ispanijos \u016bki\u0173. Pagrindin\u0117s sudedamosios dalys \u2013 Iberijos kiauliena ir \u0117riena.<br \/>\n<strong>Ibero NATURAL \u2013 Visavertis pa\u0161aras dideli\u0173 veisli\u0173 \u0161uniukams nuo 8 savait\u0117s<\/strong><br \/>\nIbero Natural linijos granul\u0117s yra <strong>su ma\u017eu gr\u016bd\u0173 kiekiu<\/strong>. I\u0161 gr\u016bd\u0173 naudojami tik rudieji ry\u017eiai. Pilno gr\u016bdo ry\u017eiai n\u0117ra apdorojami, tod\u0117l i\u0161laiko daugiau skaidul\u0173 (svarbu taisyklingam vir\u0161kinimui), baltym\u0173, fosforo, mangano, gele\u017eies ir magnio. Pa\u0161aras yra <strong>hipoalerginis<\/strong>, t. y. be potencialiai alergizuojan\u010di\u0173 ingredient\u0173, toki\u0173 kaip soja, kvie\u010diai, kukur\u016bzai, jautiena ar vi\u0161tienos baltymai, \u0161alutiniai produktai, cukrus, sintetiniai konservantai, kvapiosios ir skonin\u0117s med\u017eiagos, da\u017eikliai bei GMO (geneti\u0161kai modifikuotos sudedamosios dalys).<br \/>\n\u2705 <strong>Labai didelis m\u0117sos kiekis<\/strong> \u2013 daugiau kaip <strong>18 kg \u0161vie\u017eios m\u0117sos<\/strong> (pusiau laukin\u0117 Iberijos kiauliena + \u0117riena) 12 kg pa\u0161aro\u2705 <strong>Hipoalerginis<\/strong> \u2013 <strong>be<\/strong>: jautienos, vi\u0161tienos baltym\u0173, kvie\u010di\u0173, kukur\u016bz\u0173, kiau\u0161ini\u0173, sojos ir gyv\u016bnini\u0173\/augalini\u0173 \u0161alutini\u0173 produkt\u0173\u2705 <strong>Be glitimo<\/strong> \u2013 <strong>vieninteliai gr\u016bdai \u2013 rudieji ry\u017eiai<\/strong>, kurie i\u0161laiko skaidulas ir maistines med\u017eiagas\u2705 <strong>100 % nat\u016bralus<\/strong> \u2013 <strong>be dirbtini\u0173 konservant\u0173, da\u017eikli\u0173, kvapikli\u0173 ir GMO<\/strong>\u2705 <strong>Kokybi\u0161kos regionin\u0117s sudedamosios dalys<\/strong> \u2013 i\u0161 Ispanijos \u016bki\u0173<\/p>\n<p><strong>Funkcin\u0117s sudedamosios dalys:<\/strong><\/p>\n<ul>\n<li><strong>Miel\u0117s<\/strong> \u2013 vir\u0161kinimo fermentams ir imunitetui<\/li>\n<li><strong>\u017duv\u0173 aliejus<\/strong> \u2013 omega-3 (EPA\/DHA)<\/li>\n<li><strong>MOS, FOS, inulinas<\/strong> \u2013 prebiotikai<\/li>\n<li><strong>Gliukozaminas, chondroitinas<\/strong> \u2013 s\u0105nariams<\/li>\n<li><strong>Juka, karobas, \u010dija, dumbliai, alyvuogi\u0173 ekstraktas, taurinas<\/strong> \u2013 vir\u0161kinimui, \u0161ird\u017eiai ir imunin\u0117s sistemos palaikymui<\/li>\n<\/ul>\n<p><strong>Sudedamosios dalys: <\/strong>Dehidratuota Iberijos kiauliena ir \u0117riena (39%), rudieji ry\u017eiai (26%), pauk\u0161tienos riebalai (12%), \u017eirniai (10%), karobo miltai (2%), burok\u0117li\u0173 mink\u0161timas (2%), alyvuogi\u0173 ekstraktas, miel\u0117s (MOS ir \u03b2-gliukan\u0173 \u0161altinis), \u017eirni\u0173 skaidulos, hidrolizuoti kiaulienos baltymai, \u017euv\u0173 aliejus (omega-3 \u0161altinis), inulinas (FOS \u0161altinis), \u010dija s\u0117klos, dumbliai (Ascophyllum nodosum), hidrolizuoti v\u0117\u017eiagyviai (gliukozamino \u0161altinis), hidrolizuota kremzl\u0117 (chondroitino \u0161altinis), Yucca schidigera.<br \/>\n<strong>Analitin\u0117 sud\u0117tis:<\/strong> \u017dali baltymai 27%, \u017eali riebalai 17%, \u017ealios skaidulos 2,1%, \u017eali pelenai 7,6%, kalcis 1,6%, fosforas 1,0%, dr\u0117gm\u0117 9%, gliukozaminas 380 mg\/kg, chondroitinas 240 mg\/kg.<br \/>\n<strong>Maistingieji priedai \/ kg: <\/strong>Vit. A 24 000 IU, D3 2 000 IU, E 240 mg, C 120 mg, L-karnitinas 48 mg, taurinas 600 mg, gele\u017eis 90 mg, varis 12 mg, manganas 30 mg, cinkas 130 mg, jodas 2,4 mg, selenas 0,12 mg.<br \/>\n<strong>Metabolizuojama energija: <\/strong>3 937 kcal\/kg<br \/>\n<strong>Rekomenduojama paros norma \u0161uniukams (pagal am\u017ei\u0173 ir b\u016bsim\u0105 suaugusio \u0161uns svor\u012f):<\/strong><br \/>\nI\u0161 vir\u0161aus \u012f apa\u010di\u0105 \u2013 am\u017eius m\u0117nesiais; i\u0161 kair\u0117s \u012f de\u0161in\u0119 \u2013 numatomas suaugusio \u0161uns svoris<\/p>\n<table>\n<tr>\n<th>Am\u017eius (m\u0117n.) \u2193<\/th>\n<th>30 kg<\/th>\n<th>40 kg<\/th>\n<th>50 kg<\/th>\n<th>60 kg<\/th>\n<th>70 kg<\/th>\n<th>80 kg<\/th>\n<\/tr>\n<tr>\n<td>2<\/td>\n<td>230 g<\/td>\n<td>260 g<\/td>\n<td>290 g<\/td>\n<td>320 g<\/td>\n<td>350 g<\/td>\n<td>380 g<\/td>\n<\/tr>\n<tr>\n<td>4<\/td>\n<td>240 g<\/td>\n<td>280 g<\/td>\n<td>320 g<\/td>\n<td>360 g<\/td>\n<td>400 g<\/td>\n<td>440 g<\/td>\n<\/tr>\n<tr>\n<td>6<\/td>\n<td>350 g<\/td>\n<td>420 g<\/td>\n<td>490 g<\/td>\n<td>560 g<\/td>\n<td>630 g<\/td>\n<td>700 g<\/td>\n<\/tr>\n<tr>\n<td>8<\/td>\n<td>400 g<\/td>\n<td>480 g<\/td>\n<td>560 g<\/td>\n<td>640 g<\/td>\n<td>720 g<\/td>\n<td>800 g<\/td>\n<\/tr>\n<tr>\n<td>10<\/td>\n<td>440 g<\/td>\n<td>530 g<\/td>\n<td>620 g<\/td>\n<td>710 g<\/td>\n<td>800 g<\/td>\n<td>890 g<\/td>\n<\/tr>\n<tr>\n<td>12<\/td>\n<td>410 g<\/td>\n<td>500 g<\/td>\n<td>590 g<\/td>\n<td>680 g<\/td>\n<td>760 g<\/td>\n<td>850 g<\/td>\n<\/tr>\n<\/table>\n","protected":false},"featured_media":41189,"template":"","meta":[],"product_brand":[],"product_cat":[538,524],"product_tag":[],"class_list":{"0":"post-41167","1":"product","2":"type-product","3":"status-publish","4":"has-post-thumbnail","6":"product_cat-sausas-maistas-sunims","7":"product_cat-kaup24-lt","9":"first","10":"instock","11":"sale","12":"taxable","13":"shipping-taxable","14":"purchasable","15":"product-type-simple"},"yoast_head":"<!-- This site is optimized with the Yoast SEO plugin v27.2 - https:\/\/yoast.com\/product\/yoast-seo-wordpress\/ -->\n<title>Ibero Natural Maxi Junior su Iberijos kiauliena ir \u0117riena 3 kg - MiuMjau<\/title>\n<meta name=\"robots\" content=\"index, follow, max-snippet:-1, max-image-preview:large, max-video-preview:-1\" \/>\n<link rel=\"canonical\" href=\"https:\/\/miumjau.ee\/lt\/produktas\/ibero-natural-maxi-junior-su-iberijos-kiauliena-ir-eriena-3-kg\/\" \/>\n<meta property=\"og:locale\" content=\"lt_LT\" \/>\n<meta property=\"og:type\" content=\"article\" \/>\n<meta property=\"og:title\" content=\"Ibero Natural Maxi Junior su Iberijos kiauliena ir \u0117riena 3 kg - MiuMjau\" \/>\n<meta property=\"og:description\" content=\"\u0160uo, kaip ir jo prot\u0117vis vilkas, turi gauti \u012fvair\u0173 racion\u0105, kuris apr\u016bpina visomis b\u016btinomis maistin\u0117mis med\u017eiagomis ir padeda i\u0161laikyti puiki\u0105 form\u0105. Ibero NATURAL maisto \u012fkv\u0117pimu tapo Iberijos vilkai, kurie savo gimtin\u0117je daugiausia med\u017eioja pusiau laukines juod\u0105sias kiaules, taip pat avis, elnius ir kitus \u017einduolius. \u0160i\u0105 nat\u016brali\u0105 grandin\u0119 atspindi ir \u0161iuolaikin\u0117 \u0161un\u0173 \u0161\u0117rimo kryptis: Ibero NATURAL superpremium klas\u0117s granuli\u0173 gamybai naudojamos tik auk\u0161tos kokyb\u0117s nat\u016bralios sudedamosios dalys i\u0161 regionini\u0173 Ispanijos \u016bki\u0173. Pagrindin\u0117s sudedamosios dalys \u2013 Iberijos kiauliena ir \u0117riena. Ibero NATURAL \u2013 Visavertis pa\u0161aras dideli\u0173 veisli\u0173 \u0161uniukams nuo 8 savait\u0117s Ibero Natural linijos granul\u0117s yra su ma\u017eu gr\u016bd\u0173 kiekiu. I\u0161 gr\u016bd\u0173 naudojami tik rudieji ry\u017eiai. Pilno gr\u016bdo ry\u017eiai n\u0117ra apdorojami, tod\u0117l i\u0161laiko daugiau skaidul\u0173 (svarbu taisyklingam vir\u0161kinimui), baltym\u0173, fosforo, mangano, gele\u017eies ir magnio. Pa\u0161aras yra hipoalerginis, t. y. be potencialiai alergizuojan\u010di\u0173 ingredient\u0173, toki\u0173 kaip soja, kvie\u010diai, kukur\u016bzai, jautiena ar vi\u0161tienos baltymai, \u0161alutiniai produktai, cukrus, sintetiniai konservantai, kvapiosios ir skonin\u0117s med\u017eiagos, da\u017eikliai bei GMO (geneti\u0161kai modifikuotos sudedamosios dalys). \u2705 Labai didelis m\u0117sos kiekis \u2013 daugiau kaip 18 kg \u0161vie\u017eios m\u0117sos (pusiau laukin\u0117 Iberijos kiauliena + \u0117riena) 12 kg pa\u0161aro\u2705 Hipoalerginis \u2013 be: jautienos, vi\u0161tienos baltym\u0173, kvie\u010di\u0173, kukur\u016bz\u0173, kiau\u0161ini\u0173, sojos ir gyv\u016bnini\u0173\/augalini\u0173 \u0161alutini\u0173 produkt\u0173\u2705 Be glitimo \u2013 vieninteliai gr\u016bdai \u2013 rudieji ry\u017eiai, kurie i\u0161laiko skaidulas ir maistines med\u017eiagas\u2705 100 % nat\u016bralus \u2013 be dirbtini\u0173 konservant\u0173, da\u017eikli\u0173, kvapikli\u0173 ir GMO\u2705 Kokybi\u0161kos regionin\u0117s sudedamosios dalys \u2013 i\u0161 Ispanijos \u016bki\u0173 Funkcin\u0117s sudedamosios dalys: Miel\u0117s \u2013 vir\u0161kinimo fermentams ir imunitetui \u017duv\u0173 aliejus \u2013 omega-3 (EPA\/DHA) MOS, FOS, inulinas \u2013 prebiotikai Gliukozaminas, chondroitinas \u2013 s\u0105nariams Juka, karobas, \u010dija, dumbliai, alyvuogi\u0173 ekstraktas, taurinas \u2013 vir\u0161kinimui, \u0161ird\u017eiai ir imunin\u0117s sistemos palaikymui Sudedamosios dalys: Dehidratuota Iberijos kiauliena ir \u0117riena (39%), rudieji ry\u017eiai (26%), pauk\u0161tienos riebalai (12%), \u017eirniai (10%), karobo miltai (2%), burok\u0117li\u0173 mink\u0161timas (2%), alyvuogi\u0173 ekstraktas, miel\u0117s (MOS ir \u03b2-gliukan\u0173 \u0161altinis), \u017eirni\u0173 skaidulos, hidrolizuoti kiaulienos baltymai, \u017euv\u0173 aliejus (omega-3 \u0161altinis), inulinas (FOS \u0161altinis), \u010dija s\u0117klos, dumbliai (Ascophyllum nodosum), hidrolizuoti v\u0117\u017eiagyviai (gliukozamino \u0161altinis), hidrolizuota kremzl\u0117 (chondroitino \u0161altinis), Yucca schidigera. Analitin\u0117 sud\u0117tis: \u017dali baltymai 27%, \u017eali riebalai 17%, \u017ealios skaidulos 2,1%, \u017eali pelenai 7,6%, kalcis 1,6%, fosforas 1,0%, dr\u0117gm\u0117 9%, gliukozaminas 380 mg\/kg, chondroitinas 240 mg\/kg. Maistingieji priedai \/ kg: Vit. A 24 000 IU, D3 2 000 IU, E 240 mg, C 120 mg, L-karnitinas 48 mg, taurinas 600 mg, gele\u017eis 90 mg, varis 12 mg, manganas 30 mg, cinkas 130 mg, jodas 2,4 mg, selenas 0,12 mg. Metabolizuojama energija: 3 937 kcal\/kg Rekomenduojama paros norma \u0161uniukams (pagal am\u017ei\u0173 ir b\u016bsim\u0105 suaugusio \u0161uns svor\u012f): I\u0161 vir\u0161aus \u012f apa\u010di\u0105 \u2013 am\u017eius m\u0117nesiais; i\u0161 kair\u0117s \u012f de\u0161in\u0119 \u2013 numatomas suaugusio \u0161uns svoris  Am\u017eius (m\u0117n.) \u2193 30 kg 40 kg 50 kg 60 kg 70 kg 80 kg  2 230 g 260 g 290 g 320 g 350 g 380 g  4 240 g 280 g 320 g 360 g 400 g 440 g  6 350 g 420 g 490 g 560 g 630 g 700 g  8 400 g 480 g 560 g 640 g 720 g 800 g  10 440 g 530 g 620 g 710 g 800 g 890 g  12 410 g 500 g 590 g 680 g 760 g 850 g\" \/>\n<meta property=\"og:url\" content=\"https:\/\/miumjau.ee\/lt\/produktas\/ibero-natural-maxi-junior-su-iberijos-kiauliena-ir-eriena-3-kg\/\" \/>\n<meta property=\"og:site_name\" content=\"MiuMjau\" \/>\n<meta property=\"article:publisher\" content=\"https:\/\/www.facebook.com\/miumjaupood\/\" \/>\n<meta property=\"article:modified_time\" content=\"2026-01-07T18:53:27+00:00\" \/>\n<meta property=\"og:image\" content=\"https:\/\/miumjau.ee\/wp-content\/uploads\/2025\/07\/ibero-maxi-junior-3kg-iberian-pork-lamb.jpg\" \/>\n\t<meta property=\"og:image:width\" content=\"600\" \/>\n\t<meta property=\"og:image:height\" content=\"800\" \/>\n\t<meta property=\"og:image:type\" content=\"image\/jpeg\" \/>\n<meta name=\"twitter:card\" content=\"summary_large_image\" \/>\n<script type=\"application\/ld+json\" class=\"yoast-schema-graph\">{\"@context\":\"https:\/\/schema.org\",\"@graph\":[{\"@type\":\"WebPage\",\"@id\":\"https:\/\/miumjau.ee\/lt\/produktas\/ibero-natural-maxi-junior-su-iberijos-kiauliena-ir-eriena-3-kg\/\",\"url\":\"https:\/\/miumjau.ee\/lt\/produktas\/ibero-natural-maxi-junior-su-iberijos-kiauliena-ir-eriena-3-kg\/\",\"name\":\"Ibero Natural Maxi Junior su Iberijos kiauliena ir \u0117riena 3 kg - MiuMjau\",\"isPartOf\":{\"@id\":\"https:\/\/miumjau.ee\/#website\"},\"primaryImageOfPage\":{\"@id\":\"https:\/\/miumjau.ee\/lt\/produktas\/ibero-natural-maxi-junior-su-iberijos-kiauliena-ir-eriena-3-kg\/#primaryimage\"},\"image\":{\"@id\":\"https:\/\/miumjau.ee\/lt\/produktas\/ibero-natural-maxi-junior-su-iberijos-kiauliena-ir-eriena-3-kg\/#primaryimage\"},\"thumbnailUrl\":\"https:\/\/miumjau.ee\/wp-content\/uploads\/2025\/07\/ibero-maxi-junior-3kg-iberian-pork-lamb.jpg\",\"datePublished\":\"2025-07-23T08:01:21+00:00\",\"dateModified\":\"2026-01-07T18:53:27+00:00\",\"breadcrumb\":{\"@id\":\"https:\/\/miumjau.ee\/lt\/produktas\/ibero-natural-maxi-junior-su-iberijos-kiauliena-ir-eriena-3-kg\/#breadcrumb\"},\"inLanguage\":\"lt-LT\",\"potentialAction\":[{\"@type\":\"ReadAction\",\"target\":[\"https:\/\/miumjau.ee\/lt\/produktas\/ibero-natural-maxi-junior-su-iberijos-kiauliena-ir-eriena-3-kg\/\"]}]},{\"@type\":\"ImageObject\",\"inLanguage\":\"lt-LT\",\"@id\":\"https:\/\/miumjau.ee\/lt\/produktas\/ibero-natural-maxi-junior-su-iberijos-kiauliena-ir-eriena-3-kg\/#primaryimage\",\"url\":\"https:\/\/miumjau.ee\/wp-content\/uploads\/2025\/07\/ibero-maxi-junior-3kg-iberian-pork-lamb.jpg\",\"contentUrl\":\"https:\/\/miumjau.ee\/wp-content\/uploads\/2025\/07\/ibero-maxi-junior-3kg-iberian-pork-lamb.jpg\",\"width\":600,\"height\":800,\"caption\":\"Ibero Natural Maxi Junior 3kg\"},{\"@type\":\"BreadcrumbList\",\"@id\":\"https:\/\/miumjau.ee\/lt\/produktas\/ibero-natural-maxi-junior-su-iberijos-kiauliena-ir-eriena-3-kg\/#breadcrumb\",\"itemListElement\":[{\"@type\":\"ListItem\",\"position\":1,\"name\":\"Home\",\"item\":\"https:\/\/miumjau.ee\/lt\/\"},{\"@type\":\"ListItem\",\"position\":2,\"name\":\"Parduotuv\u0117\",\"item\":\"https:\/\/miumjau.ee\/lt\/parduotuve\/\"},{\"@type\":\"ListItem\",\"position\":3,\"name\":\"Ibero Natural Maxi Junior su Iberijos kiauliena ir \u0117riena 3 kg\"}]},{\"@type\":\"WebSite\",\"@id\":\"https:\/\/miumjau.ee\/#website\",\"url\":\"https:\/\/miumjau.ee\/\",\"name\":\"MiuMjau\",\"description\":\"Kraapimispuud kassidele\",\"publisher\":{\"@id\":\"https:\/\/miumjau.ee\/#organization\"},\"potentialAction\":[{\"@type\":\"SearchAction\",\"target\":{\"@type\":\"EntryPoint\",\"urlTemplate\":\"https:\/\/miumjau.ee\/?s={search_term_string}\"},\"query-input\":{\"@type\":\"PropertyValueSpecification\",\"valueRequired\":true,\"valueName\":\"search_term_string\"}}],\"inLanguage\":\"lt-LT\"},{\"@type\":\"Organization\",\"@id\":\"https:\/\/miumjau.ee\/#organization\",\"name\":\"MiuMjau O\u00dc\",\"url\":\"https:\/\/miumjau.ee\/\",\"logo\":{\"@type\":\"ImageObject\",\"inLanguage\":\"lt-LT\",\"@id\":\"https:\/\/miumjau.ee\/#\/schema\/logo\/image\/\",\"url\":\"https:\/\/miumjau.ee\/wp-content\/uploads\/2022\/04\/MiuMjau-logo-kollane.png\",\"contentUrl\":\"https:\/\/miumjau.ee\/wp-content\/uploads\/2022\/04\/MiuMjau-logo-kollane.png\",\"width\":219,\"height\":100,\"caption\":\"MiuMjau O\u00dc\"},\"image\":{\"@id\":\"https:\/\/miumjau.ee\/#\/schema\/logo\/image\/\"},\"sameAs\":[\"https:\/\/www.facebook.com\/miumjaupood\/\"]}]}<\/script>\n<!-- \/ Yoast SEO plugin. -->","yoast_head_json":{"title":"Ibero Natural Maxi Junior su Iberijos kiauliena ir \u0117riena 3 kg - MiuMjau","robots":{"index":"index","follow":"follow","max-snippet":"max-snippet:-1","max-image-preview":"max-image-preview:large","max-video-preview":"max-video-preview:-1"},"canonical":"https:\/\/miumjau.ee\/lt\/produktas\/ibero-natural-maxi-junior-su-iberijos-kiauliena-ir-eriena-3-kg\/","og_locale":"lt_LT","og_type":"article","og_title":"Ibero Natural Maxi Junior su Iberijos kiauliena ir \u0117riena 3 kg - MiuMjau","og_description":"\u0160uo, kaip ir jo prot\u0117vis vilkas, turi gauti \u012fvair\u0173 racion\u0105, kuris apr\u016bpina visomis b\u016btinomis maistin\u0117mis med\u017eiagomis ir padeda i\u0161laikyti puiki\u0105 form\u0105. Ibero NATURAL maisto \u012fkv\u0117pimu tapo Iberijos vilkai, kurie savo gimtin\u0117je daugiausia med\u017eioja pusiau laukines juod\u0105sias kiaules, taip pat avis, elnius ir kitus \u017einduolius. \u0160i\u0105 nat\u016brali\u0105 grandin\u0119 atspindi ir \u0161iuolaikin\u0117 \u0161un\u0173 \u0161\u0117rimo kryptis: Ibero NATURAL superpremium klas\u0117s granuli\u0173 gamybai naudojamos tik auk\u0161tos kokyb\u0117s nat\u016bralios sudedamosios dalys i\u0161 regionini\u0173 Ispanijos \u016bki\u0173. Pagrindin\u0117s sudedamosios dalys \u2013 Iberijos kiauliena ir \u0117riena. Ibero NATURAL \u2013 Visavertis pa\u0161aras dideli\u0173 veisli\u0173 \u0161uniukams nuo 8 savait\u0117s Ibero Natural linijos granul\u0117s yra su ma\u017eu gr\u016bd\u0173 kiekiu. I\u0161 gr\u016bd\u0173 naudojami tik rudieji ry\u017eiai. Pilno gr\u016bdo ry\u017eiai n\u0117ra apdorojami, tod\u0117l i\u0161laiko daugiau skaidul\u0173 (svarbu taisyklingam vir\u0161kinimui), baltym\u0173, fosforo, mangano, gele\u017eies ir magnio. Pa\u0161aras yra hipoalerginis, t. y. be potencialiai alergizuojan\u010di\u0173 ingredient\u0173, toki\u0173 kaip soja, kvie\u010diai, kukur\u016bzai, jautiena ar vi\u0161tienos baltymai, \u0161alutiniai produktai, cukrus, sintetiniai konservantai, kvapiosios ir skonin\u0117s med\u017eiagos, da\u017eikliai bei GMO (geneti\u0161kai modifikuotos sudedamosios dalys). \u2705 Labai didelis m\u0117sos kiekis \u2013 daugiau kaip 18 kg \u0161vie\u017eios m\u0117sos (pusiau laukin\u0117 Iberijos kiauliena + \u0117riena) 12 kg pa\u0161aro\u2705 Hipoalerginis \u2013 be: jautienos, vi\u0161tienos baltym\u0173, kvie\u010di\u0173, kukur\u016bz\u0173, kiau\u0161ini\u0173, sojos ir gyv\u016bnini\u0173\/augalini\u0173 \u0161alutini\u0173 produkt\u0173\u2705 Be glitimo \u2013 vieninteliai gr\u016bdai \u2013 rudieji ry\u017eiai, kurie i\u0161laiko skaidulas ir maistines med\u017eiagas\u2705 100 % nat\u016bralus \u2013 be dirbtini\u0173 konservant\u0173, da\u017eikli\u0173, kvapikli\u0173 ir GMO\u2705 Kokybi\u0161kos regionin\u0117s sudedamosios dalys \u2013 i\u0161 Ispanijos \u016bki\u0173 Funkcin\u0117s sudedamosios dalys: Miel\u0117s \u2013 vir\u0161kinimo fermentams ir imunitetui \u017duv\u0173 aliejus \u2013 omega-3 (EPA\/DHA) MOS, FOS, inulinas \u2013 prebiotikai Gliukozaminas, chondroitinas \u2013 s\u0105nariams Juka, karobas, \u010dija, dumbliai, alyvuogi\u0173 ekstraktas, taurinas \u2013 vir\u0161kinimui, \u0161ird\u017eiai ir imunin\u0117s sistemos palaikymui Sudedamosios dalys: Dehidratuota Iberijos kiauliena ir \u0117riena (39%), rudieji ry\u017eiai (26%), pauk\u0161tienos riebalai (12%), \u017eirniai (10%), karobo miltai (2%), burok\u0117li\u0173 mink\u0161timas (2%), alyvuogi\u0173 ekstraktas, miel\u0117s (MOS ir \u03b2-gliukan\u0173 \u0161altinis), \u017eirni\u0173 skaidulos, hidrolizuoti kiaulienos baltymai, \u017euv\u0173 aliejus (omega-3 \u0161altinis), inulinas (FOS \u0161altinis), \u010dija s\u0117klos, dumbliai (Ascophyllum nodosum), hidrolizuoti v\u0117\u017eiagyviai (gliukozamino \u0161altinis), hidrolizuota kremzl\u0117 (chondroitino \u0161altinis), Yucca schidigera. Analitin\u0117 sud\u0117tis: \u017dali baltymai 27%, \u017eali riebalai 17%, \u017ealios skaidulos 2,1%, \u017eali pelenai 7,6%, kalcis 1,6%, fosforas 1,0%, dr\u0117gm\u0117 9%, gliukozaminas 380 mg\/kg, chondroitinas 240 mg\/kg. Maistingieji priedai \/ kg: Vit. A 24 000 IU, D3 2 000 IU, E 240 mg, C 120 mg, L-karnitinas 48 mg, taurinas 600 mg, gele\u017eis 90 mg, varis 12 mg, manganas 30 mg, cinkas 130 mg, jodas 2,4 mg, selenas 0,12 mg. Metabolizuojama energija: 3 937 kcal\/kg Rekomenduojama paros norma \u0161uniukams (pagal am\u017ei\u0173 ir b\u016bsim\u0105 suaugusio \u0161uns svor\u012f): I\u0161 vir\u0161aus \u012f apa\u010di\u0105 \u2013 am\u017eius m\u0117nesiais; i\u0161 kair\u0117s \u012f de\u0161in\u0119 \u2013 numatomas suaugusio \u0161uns svoris  Am\u017eius (m\u0117n.) \u2193 30 kg 40 kg 50 kg 60 kg 70 kg 80 kg  2 230 g 260 g 290 g 320 g 350 g 380 g  4 240 g 280 g 320 g 360 g 400 g 440 g  6 350 g 420 g 490 g 560 g 630 g 700 g  8 400 g 480 g 560 g 640 g 720 g 800 g  10 440 g 530 g 620 g 710 g 800 g 890 g  12 410 g 500 g 590 g 680 g 760 g 850 g","og_url":"https:\/\/miumjau.ee\/lt\/produktas\/ibero-natural-maxi-junior-su-iberijos-kiauliena-ir-eriena-3-kg\/","og_site_name":"MiuMjau","article_publisher":"https:\/\/www.facebook.com\/miumjaupood\/","article_modified_time":"2026-01-07T18:53:27+00:00","og_image":[{"width":600,"height":800,"url":"https:\/\/miumjau.ee\/wp-content\/uploads\/2025\/07\/ibero-maxi-junior-3kg-iberian-pork-lamb.jpg","type":"image\/jpeg"}],"twitter_card":"summary_large_image","schema":{"@context":"https:\/\/schema.org","@graph":[{"@type":"WebPage","@id":"https:\/\/miumjau.ee\/lt\/produktas\/ibero-natural-maxi-junior-su-iberijos-kiauliena-ir-eriena-3-kg\/","url":"https:\/\/miumjau.ee\/lt\/produktas\/ibero-natural-maxi-junior-su-iberijos-kiauliena-ir-eriena-3-kg\/","name":"Ibero Natural Maxi Junior su Iberijos kiauliena ir \u0117riena 3 kg - MiuMjau","isPartOf":{"@id":"https:\/\/miumjau.ee\/#website"},"primaryImageOfPage":{"@id":"https:\/\/miumjau.ee\/lt\/produktas\/ibero-natural-maxi-junior-su-iberijos-kiauliena-ir-eriena-3-kg\/#primaryimage"},"image":{"@id":"https:\/\/miumjau.ee\/lt\/produktas\/ibero-natural-maxi-junior-su-iberijos-kiauliena-ir-eriena-3-kg\/#primaryimage"},"thumbnailUrl":"https:\/\/miumjau.ee\/wp-content\/uploads\/2025\/07\/ibero-maxi-junior-3kg-iberian-pork-lamb.jpg","datePublished":"2025-07-23T08:01:21+00:00","dateModified":"2026-01-07T18:53:27+00:00","breadcrumb":{"@id":"https:\/\/miumjau.ee\/lt\/produktas\/ibero-natural-maxi-junior-su-iberijos-kiauliena-ir-eriena-3-kg\/#breadcrumb"},"inLanguage":"lt-LT","potentialAction":[{"@type":"ReadAction","target":["https:\/\/miumjau.ee\/lt\/produktas\/ibero-natural-maxi-junior-su-iberijos-kiauliena-ir-eriena-3-kg\/"]}]},{"@type":"ImageObject","inLanguage":"lt-LT","@id":"https:\/\/miumjau.ee\/lt\/produktas\/ibero-natural-maxi-junior-su-iberijos-kiauliena-ir-eriena-3-kg\/#primaryimage","url":"https:\/\/miumjau.ee\/wp-content\/uploads\/2025\/07\/ibero-maxi-junior-3kg-iberian-pork-lamb.jpg","contentUrl":"https:\/\/miumjau.ee\/wp-content\/uploads\/2025\/07\/ibero-maxi-junior-3kg-iberian-pork-lamb.jpg","width":600,"height":800,"caption":"Ibero Natural Maxi Junior 3kg"},{"@type":"BreadcrumbList","@id":"https:\/\/miumjau.ee\/lt\/produktas\/ibero-natural-maxi-junior-su-iberijos-kiauliena-ir-eriena-3-kg\/#breadcrumb","itemListElement":[{"@type":"ListItem","position":1,"name":"Home","item":"https:\/\/miumjau.ee\/lt\/"},{"@type":"ListItem","position":2,"name":"Parduotuv\u0117","item":"https:\/\/miumjau.ee\/lt\/parduotuve\/"},{"@type":"ListItem","position":3,"name":"Ibero Natural Maxi Junior su Iberijos kiauliena ir \u0117riena 3 kg"}]},{"@type":"WebSite","@id":"https:\/\/miumjau.ee\/#website","url":"https:\/\/miumjau.ee\/","name":"MiuMjau","description":"Kraapimispuud kassidele","publisher":{"@id":"https:\/\/miumjau.ee\/#organization"},"potentialAction":[{"@type":"SearchAction","target":{"@type":"EntryPoint","urlTemplate":"https:\/\/miumjau.ee\/?s={search_term_string}"},"query-input":{"@type":"PropertyValueSpecification","valueRequired":true,"valueName":"search_term_string"}}],"inLanguage":"lt-LT"},{"@type":"Organization","@id":"https:\/\/miumjau.ee\/#organization","name":"MiuMjau O\u00dc","url":"https:\/\/miumjau.ee\/","logo":{"@type":"ImageObject","inLanguage":"lt-LT","@id":"https:\/\/miumjau.ee\/#\/schema\/logo\/image\/","url":"https:\/\/miumjau.ee\/wp-content\/uploads\/2022\/04\/MiuMjau-logo-kollane.png","contentUrl":"https:\/\/miumjau.ee\/wp-content\/uploads\/2022\/04\/MiuMjau-logo-kollane.png","width":219,"height":100,"caption":"MiuMjau O\u00dc"},"image":{"@id":"https:\/\/miumjau.ee\/#\/schema\/logo\/image\/"},"sameAs":["https:\/\/www.facebook.com\/miumjaupood\/"]}]}},"_links":{"self":[{"href":"https:\/\/miumjau.ee\/lt\/wp-json\/wp\/v2\/product\/41167","targetHints":{"allow":["GET"]}}],"collection":[{"href":"https:\/\/miumjau.ee\/lt\/wp-json\/wp\/v2\/product"}],"about":[{"href":"https:\/\/miumjau.ee\/lt\/wp-json\/wp\/v2\/types\/product"}],"wp:featuredmedia":[{"embeddable":true,"href":"https:\/\/miumjau.ee\/lt\/wp-json\/wp\/v2\/media\/41189"}],"wp:attachment":[{"href":"https:\/\/miumjau.ee\/lt\/wp-json\/wp\/v2\/media?parent=41167"}],"wp:term":[{"taxonomy":"product_brand","embeddable":true,"href":"https:\/\/miumjau.ee\/lt\/wp-json\/wp\/v2\/product_brand?post=41167"},{"taxonomy":"product_cat","embeddable":true,"href":"https:\/\/miumjau.ee\/lt\/wp-json\/wp\/v2\/product_cat?post=41167"},{"taxonomy":"product_tag","embeddable":true,"href":"https:\/\/miumjau.ee\/lt\/wp-json\/wp\/v2\/product_tag?post=41167"}],"curies":[{"name":"wp","href":"https:\/\/api.w.org\/{rel}","templated":true}]}}