{"id":41164,"date":"2025-07-23T10:34:29","date_gmt":"2025-07-23T07:34:29","guid":{"rendered":"https:\/\/miumjau.ee\/toode\/ibero-natural-mini-adult-su-iberijos-kiauliena-ir-eriena-3-kg\/"},"modified":"2026-01-07T20:53:27","modified_gmt":"2026-01-07T18:53:27","slug":"ibero-natural-mini-adult-su-iberijos-kiauliena-ir-eriena-3-kg","status":"publish","type":"product","link":"https:\/\/miumjau.ee\/lt\/produktas\/ibero-natural-mini-adult-su-iberijos-kiauliena-ir-eriena-3-kg\/","title":{"rendered":"Ibero Natural Mini Adult su Iberijos kiauliena ir \u0117riena 3 kg"},"content":{"rendered":"","protected":false},"excerpt":{"rendered":"<p><strong>\u0160altai spaustas hipoalerginis pa\u0161aras vidutini\u0173 ir dideli\u0173 veisli\u0173 \u0161unims<\/strong><\/p>\n<ul>\n<li>Hipoalerginis baltym\u0173 \u0161altinis tinka alergi\u0161kiems \u0161unims.<\/li>\n<li>Gliukozaminas ir chondroitinas \u2013 s\u0105nari\u0173 sveikatai palaikyti<\/li>\n<li>Beta gliukanai \u2013 imunin\u0117s sistemos stiprinimui<\/li>\n<li>Neso\u010diosios riebal\u0173 r\u016bg\u0161tys \u2013 u\u017edegim\u0173 prevencijai ir organizmo palaikymui<\/li>\n<li>Biotinas ir cinkas \u2013 sveikai odai ir kailiui<\/li>\n<li>Labai koncentruota sud\u0117tis suma\u017eina \u017earnyno susisukimo rizik\u0105<\/li>\n<li>Tinka aktyviems \u0161unims bei n\u0117\u0161\u010dioms ir \u017eindan\u010dioms kal\u0117ms<\/li>\n<\/ul>\n<p>\u0160altai spaudimo technologija (d\u017eiovinimas ir presavimas \u017eemoje temperat\u016broje) i\u0161saugo aminor\u016bg\u0161tis, vitaminus ir mineralus.<br \/>\n<strong>Sudedamosios dalys: <\/strong>D\u017eiovinta Vidur\u017eemio j\u016bros \u017euvis (31%), d\u017eiovintos sald\u017eiosios bulv\u0117s, d\u017eiovintos bulv\u0117s, \u017euv\u0173 aliejus (14%), avi\u017e\u0173 dribsniai (8%), kukur\u016bz\u0173 dribsniai, d\u017eiovintas moli\u016bgas (2%), d\u017eiovintos morkos (1,2%), lin\u0173 s\u0117menys, cikorij\u0173 ekstraktas, d\u017eiovintos \u017eolel\u0117s, beta gliukanai, gliukozaminas, chondroitinas, vitamin\u0173 ir mineral\u0173 mi\u0161inys.<br \/>\n<strong>Analitin\u0117 sud\u0117tis: <\/strong>\u017dali baltymai 24%, \u017eali riebalai 14%, \u017ealios skaidulos 3,2%, \u017eali pelenai 6,7%, kalcis 1,1%, fosforas 0,85%, natris 0,15%, dr\u0117gm\u0117 iki 10%.<br \/>\n<strong>Priedai (maistiniai\/kg): <\/strong>Vitaminas A 17 331 TV, D3 1 733 TV, E 173 mg, B1 5,09 mg, B2 9 mg, B6 9 mg, B12 0,07 mg, vitaminas C 121 mg, niacinas 43,1 mg, pantoteno r\u016bg\u0161tis 17,8 mg, folio r\u016bg\u0161tis 0,69 mg, biotinas 0,43 mg, jodas 4,6 mg, selenas 0,38 mg, gele\u017eis 101 mg, varis 12,1 mg, cinkas 125,7 mg, manganas 11,88 mg, cholino chloridas 1 872 mg, gliukozaminas 404 mg, chondroitino sulfatas 353 mg\/kg. Technologiniai priedai: nat\u016bral\u016bs antioksidantai (i\u0161 augalini\u0173 aliej\u0173 gauti, tokoferoliais turtingi ekstraktai).<br \/>\n<strong>Metabolizuojama energija:<\/strong> 3840 kcal\/kg.<br \/>\n<strong>\u0160\u0117rimo ir laikymo instrukcijos: <\/strong>\u0160erkite pagal \u0161uns b\u016bkl\u0119, u\u017etikrindami \u0161vie\u017eio vandens prieinamum\u0105. Nenaudokite ekstruzinio pa\u0161aro matuokli\u0173, nes \u0161altai spaustas pa\u0161aras yra tankesnis \u2013 naudokite sv\u0117rim\u0105 (\u017er. lentel\u0119 \u017eemiau). Rekomenduojamas palaipsnis per\u0117jimas nuo ekstruzinio prie \u0161altai spausto pa\u0161aro per 7\u201310 dien\u0173, nes jie vir\u0161kinami skirtingai: \u0161altai spaustas pa\u0161aras tirpsta skrandyje, o ekstruzinis brinksta. Staigus per\u0117jimas gali sukelti vir\u0161kinimo sutrikim\u0173. Minimalus tinkamumo terminas ir partijos numeris \u2013 ant pakuot\u0117s. Laikyti v\u0117sioje, sausoje vietoje, atokiai nuo tiesiogini\u0173 saul\u0117s spinduli\u0173.<br \/>\n<strong>Rekomenduojamas dienos pa\u0161aro kiekis<\/strong>: 10 kg \u0161uo \u2013 125 g; 12 kg \u2013 145 g; 15 kg \u2013 165 g; 20 kg \u2013 220 g; 25 kg \u2013 250 g; 30 kg \u2013 270 g; 35 kg \u2013 300 g; 40 kg \u2013 350 g; 50 kg \u2013 410 g<\/p>\n","protected":false},"featured_media":41226,"template":"","meta":[],"product_brand":[],"product_cat":[538,524],"product_tag":[],"class_list":{"0":"post-41164","1":"product","2":"type-product","3":"status-publish","4":"has-post-thumbnail","6":"product_cat-sausas-maistas-sunims","7":"product_cat-kaup24-lt","9":"first","10":"instock","11":"sale","12":"taxable","13":"shipping-taxable","14":"purchasable","15":"product-type-simple"},"yoast_head":"<!-- This site is optimized with the Yoast SEO plugin v27.2 - https:\/\/yoast.com\/product\/yoast-seo-wordpress\/ -->\n<title>Ibero Natural Mini Adult su Iberijos kiauliena ir \u0117riena 3 kg - MiuMjau<\/title>\n<meta name=\"robots\" content=\"index, follow, max-snippet:-1, max-image-preview:large, max-video-preview:-1\" \/>\n<link rel=\"canonical\" href=\"https:\/\/miumjau.ee\/lt\/produktas\/ibero-natural-mini-adult-su-iberijos-kiauliena-ir-eriena-3-kg\/\" \/>\n<meta property=\"og:locale\" content=\"lt_LT\" \/>\n<meta property=\"og:type\" content=\"article\" \/>\n<meta property=\"og:title\" content=\"Ibero Natural Mini Adult su Iberijos kiauliena ir \u0117riena 3 kg - MiuMjau\" \/>\n<meta property=\"og:description\" content=\"\u0160altai spaustas hipoalerginis pa\u0161aras vidutini\u0173 ir dideli\u0173 veisli\u0173 \u0161unims Hipoalerginis baltym\u0173 \u0161altinis tinka alergi\u0161kiems \u0161unims. Gliukozaminas ir chondroitinas \u2013 s\u0105nari\u0173 sveikatai palaikyti Beta gliukanai \u2013 imunin\u0117s sistemos stiprinimui Neso\u010diosios riebal\u0173 r\u016bg\u0161tys \u2013 u\u017edegim\u0173 prevencijai ir organizmo palaikymui Biotinas ir cinkas \u2013 sveikai odai ir kailiui Labai koncentruota sud\u0117tis suma\u017eina \u017earnyno susisukimo rizik\u0105 Tinka aktyviems \u0161unims bei n\u0117\u0161\u010dioms ir \u017eindan\u010dioms kal\u0117ms \u0160altai spaudimo technologija (d\u017eiovinimas ir presavimas \u017eemoje temperat\u016broje) i\u0161saugo aminor\u016bg\u0161tis, vitaminus ir mineralus. Sudedamosios dalys: D\u017eiovinta Vidur\u017eemio j\u016bros \u017euvis (31%), d\u017eiovintos sald\u017eiosios bulv\u0117s, d\u017eiovintos bulv\u0117s, \u017euv\u0173 aliejus (14%), avi\u017e\u0173 dribsniai (8%), kukur\u016bz\u0173 dribsniai, d\u017eiovintas moli\u016bgas (2%), d\u017eiovintos morkos (1,2%), lin\u0173 s\u0117menys, cikorij\u0173 ekstraktas, d\u017eiovintos \u017eolel\u0117s, beta gliukanai, gliukozaminas, chondroitinas, vitamin\u0173 ir mineral\u0173 mi\u0161inys. Analitin\u0117 sud\u0117tis: \u017dali baltymai 24%, \u017eali riebalai 14%, \u017ealios skaidulos 3,2%, \u017eali pelenai 6,7%, kalcis 1,1%, fosforas 0,85%, natris 0,15%, dr\u0117gm\u0117 iki 10%. Priedai (maistiniai\/kg): Vitaminas A 17 331 TV, D3 1 733 TV, E 173 mg, B1 5,09 mg, B2 9 mg, B6 9 mg, B12 0,07 mg, vitaminas C 121 mg, niacinas 43,1 mg, pantoteno r\u016bg\u0161tis 17,8 mg, folio r\u016bg\u0161tis 0,69 mg, biotinas 0,43 mg, jodas 4,6 mg, selenas 0,38 mg, gele\u017eis 101 mg, varis 12,1 mg, cinkas 125,7 mg, manganas 11,88 mg, cholino chloridas 1 872 mg, gliukozaminas 404 mg, chondroitino sulfatas 353 mg\/kg. Technologiniai priedai: nat\u016bral\u016bs antioksidantai (i\u0161 augalini\u0173 aliej\u0173 gauti, tokoferoliais turtingi ekstraktai). Metabolizuojama energija: 3840 kcal\/kg. \u0160\u0117rimo ir laikymo instrukcijos: \u0160erkite pagal \u0161uns b\u016bkl\u0119, u\u017etikrindami \u0161vie\u017eio vandens prieinamum\u0105. Nenaudokite ekstruzinio pa\u0161aro matuokli\u0173, nes \u0161altai spaustas pa\u0161aras yra tankesnis \u2013 naudokite sv\u0117rim\u0105 (\u017er. lentel\u0119 \u017eemiau). Rekomenduojamas palaipsnis per\u0117jimas nuo ekstruzinio prie \u0161altai spausto pa\u0161aro per 7\u201310 dien\u0173, nes jie vir\u0161kinami skirtingai: \u0161altai spaustas pa\u0161aras tirpsta skrandyje, o ekstruzinis brinksta. Staigus per\u0117jimas gali sukelti vir\u0161kinimo sutrikim\u0173. Minimalus tinkamumo terminas ir partijos numeris \u2013 ant pakuot\u0117s. Laikyti v\u0117sioje, sausoje vietoje, atokiai nuo tiesiogini\u0173 saul\u0117s spinduli\u0173. Rekomenduojamas dienos pa\u0161aro kiekis: 10 kg \u0161uo \u2013 125 g; 12 kg \u2013 145 g; 15 kg \u2013 165 g; 20 kg \u2013 220 g; 25 kg \u2013 250 g; 30 kg \u2013 270 g; 35 kg \u2013 300 g; 40 kg \u2013 350 g; 50 kg \u2013 410 g\" \/>\n<meta property=\"og:url\" content=\"https:\/\/miumjau.ee\/lt\/produktas\/ibero-natural-mini-adult-su-iberijos-kiauliena-ir-eriena-3-kg\/\" \/>\n<meta property=\"og:site_name\" content=\"MiuMjau\" \/>\n<meta property=\"article:publisher\" content=\"https:\/\/www.facebook.com\/miumjaupood\/\" \/>\n<meta property=\"article:modified_time\" content=\"2026-01-07T18:53:27+00:00\" \/>\n<meta property=\"og:image\" content=\"https:\/\/miumjau.ee\/wp-content\/uploads\/2025\/07\/ibero-mini-adult-3kg-iberian-pork-lamb.jpg\" \/>\n\t<meta property=\"og:image:width\" content=\"600\" \/>\n\t<meta property=\"og:image:height\" content=\"800\" \/>\n\t<meta property=\"og:image:type\" content=\"image\/jpeg\" \/>\n<meta name=\"twitter:card\" content=\"summary_large_image\" \/>\n<script type=\"application\/ld+json\" class=\"yoast-schema-graph\">{\"@context\":\"https:\/\/schema.org\",\"@graph\":[{\"@type\":\"WebPage\",\"@id\":\"https:\/\/miumjau.ee\/lt\/produktas\/ibero-natural-mini-adult-su-iberijos-kiauliena-ir-eriena-3-kg\/\",\"url\":\"https:\/\/miumjau.ee\/lt\/produktas\/ibero-natural-mini-adult-su-iberijos-kiauliena-ir-eriena-3-kg\/\",\"name\":\"Ibero Natural Mini Adult su Iberijos kiauliena ir \u0117riena 3 kg - MiuMjau\",\"isPartOf\":{\"@id\":\"https:\/\/miumjau.ee\/#website\"},\"primaryImageOfPage\":{\"@id\":\"https:\/\/miumjau.ee\/lt\/produktas\/ibero-natural-mini-adult-su-iberijos-kiauliena-ir-eriena-3-kg\/#primaryimage\"},\"image\":{\"@id\":\"https:\/\/miumjau.ee\/lt\/produktas\/ibero-natural-mini-adult-su-iberijos-kiauliena-ir-eriena-3-kg\/#primaryimage\"},\"thumbnailUrl\":\"https:\/\/miumjau.ee\/wp-content\/uploads\/2025\/07\/ibero-mini-adult-3kg-iberian-pork-lamb.jpg\",\"datePublished\":\"2025-07-23T07:34:29+00:00\",\"dateModified\":\"2026-01-07T18:53:27+00:00\",\"breadcrumb\":{\"@id\":\"https:\/\/miumjau.ee\/lt\/produktas\/ibero-natural-mini-adult-su-iberijos-kiauliena-ir-eriena-3-kg\/#breadcrumb\"},\"inLanguage\":\"lt-LT\",\"potentialAction\":[{\"@type\":\"ReadAction\",\"target\":[\"https:\/\/miumjau.ee\/lt\/produktas\/ibero-natural-mini-adult-su-iberijos-kiauliena-ir-eriena-3-kg\/\"]}]},{\"@type\":\"ImageObject\",\"inLanguage\":\"lt-LT\",\"@id\":\"https:\/\/miumjau.ee\/lt\/produktas\/ibero-natural-mini-adult-su-iberijos-kiauliena-ir-eriena-3-kg\/#primaryimage\",\"url\":\"https:\/\/miumjau.ee\/wp-content\/uploads\/2025\/07\/ibero-mini-adult-3kg-iberian-pork-lamb.jpg\",\"contentUrl\":\"https:\/\/miumjau.ee\/wp-content\/uploads\/2025\/07\/ibero-mini-adult-3kg-iberian-pork-lamb.jpg\",\"width\":600,\"height\":800,\"caption\":\"Ibero Natural Mini Adult 3kg\"},{\"@type\":\"BreadcrumbList\",\"@id\":\"https:\/\/miumjau.ee\/lt\/produktas\/ibero-natural-mini-adult-su-iberijos-kiauliena-ir-eriena-3-kg\/#breadcrumb\",\"itemListElement\":[{\"@type\":\"ListItem\",\"position\":1,\"name\":\"Home\",\"item\":\"https:\/\/miumjau.ee\/lt\/\"},{\"@type\":\"ListItem\",\"position\":2,\"name\":\"Parduotuv\u0117\",\"item\":\"https:\/\/miumjau.ee\/lt\/parduotuve\/\"},{\"@type\":\"ListItem\",\"position\":3,\"name\":\"Ibero Natural Mini Adult su Iberijos kiauliena ir \u0117riena 3 kg\"}]},{\"@type\":\"WebSite\",\"@id\":\"https:\/\/miumjau.ee\/#website\",\"url\":\"https:\/\/miumjau.ee\/\",\"name\":\"MiuMjau\",\"description\":\"Kraapimispuud kassidele\",\"publisher\":{\"@id\":\"https:\/\/miumjau.ee\/#organization\"},\"potentialAction\":[{\"@type\":\"SearchAction\",\"target\":{\"@type\":\"EntryPoint\",\"urlTemplate\":\"https:\/\/miumjau.ee\/?s={search_term_string}\"},\"query-input\":{\"@type\":\"PropertyValueSpecification\",\"valueRequired\":true,\"valueName\":\"search_term_string\"}}],\"inLanguage\":\"lt-LT\"},{\"@type\":\"Organization\",\"@id\":\"https:\/\/miumjau.ee\/#organization\",\"name\":\"MiuMjau O\u00dc\",\"url\":\"https:\/\/miumjau.ee\/\",\"logo\":{\"@type\":\"ImageObject\",\"inLanguage\":\"lt-LT\",\"@id\":\"https:\/\/miumjau.ee\/#\/schema\/logo\/image\/\",\"url\":\"https:\/\/miumjau.ee\/wp-content\/uploads\/2022\/04\/MiuMjau-logo-kollane.png\",\"contentUrl\":\"https:\/\/miumjau.ee\/wp-content\/uploads\/2022\/04\/MiuMjau-logo-kollane.png\",\"width\":219,\"height\":100,\"caption\":\"MiuMjau O\u00dc\"},\"image\":{\"@id\":\"https:\/\/miumjau.ee\/#\/schema\/logo\/image\/\"},\"sameAs\":[\"https:\/\/www.facebook.com\/miumjaupood\/\"]}]}<\/script>\n<!-- \/ Yoast SEO plugin. -->","yoast_head_json":{"title":"Ibero Natural Mini Adult su Iberijos kiauliena ir \u0117riena 3 kg - MiuMjau","robots":{"index":"index","follow":"follow","max-snippet":"max-snippet:-1","max-image-preview":"max-image-preview:large","max-video-preview":"max-video-preview:-1"},"canonical":"https:\/\/miumjau.ee\/lt\/produktas\/ibero-natural-mini-adult-su-iberijos-kiauliena-ir-eriena-3-kg\/","og_locale":"lt_LT","og_type":"article","og_title":"Ibero Natural Mini Adult su Iberijos kiauliena ir \u0117riena 3 kg - MiuMjau","og_description":"\u0160altai spaustas hipoalerginis pa\u0161aras vidutini\u0173 ir dideli\u0173 veisli\u0173 \u0161unims Hipoalerginis baltym\u0173 \u0161altinis tinka alergi\u0161kiems \u0161unims. Gliukozaminas ir chondroitinas \u2013 s\u0105nari\u0173 sveikatai palaikyti Beta gliukanai \u2013 imunin\u0117s sistemos stiprinimui Neso\u010diosios riebal\u0173 r\u016bg\u0161tys \u2013 u\u017edegim\u0173 prevencijai ir organizmo palaikymui Biotinas ir cinkas \u2013 sveikai odai ir kailiui Labai koncentruota sud\u0117tis suma\u017eina \u017earnyno susisukimo rizik\u0105 Tinka aktyviems \u0161unims bei n\u0117\u0161\u010dioms ir \u017eindan\u010dioms kal\u0117ms \u0160altai spaudimo technologija (d\u017eiovinimas ir presavimas \u017eemoje temperat\u016broje) i\u0161saugo aminor\u016bg\u0161tis, vitaminus ir mineralus. Sudedamosios dalys: D\u017eiovinta Vidur\u017eemio j\u016bros \u017euvis (31%), d\u017eiovintos sald\u017eiosios bulv\u0117s, d\u017eiovintos bulv\u0117s, \u017euv\u0173 aliejus (14%), avi\u017e\u0173 dribsniai (8%), kukur\u016bz\u0173 dribsniai, d\u017eiovintas moli\u016bgas (2%), d\u017eiovintos morkos (1,2%), lin\u0173 s\u0117menys, cikorij\u0173 ekstraktas, d\u017eiovintos \u017eolel\u0117s, beta gliukanai, gliukozaminas, chondroitinas, vitamin\u0173 ir mineral\u0173 mi\u0161inys. Analitin\u0117 sud\u0117tis: \u017dali baltymai 24%, \u017eali riebalai 14%, \u017ealios skaidulos 3,2%, \u017eali pelenai 6,7%, kalcis 1,1%, fosforas 0,85%, natris 0,15%, dr\u0117gm\u0117 iki 10%. Priedai (maistiniai\/kg): Vitaminas A 17 331 TV, D3 1 733 TV, E 173 mg, B1 5,09 mg, B2 9 mg, B6 9 mg, B12 0,07 mg, vitaminas C 121 mg, niacinas 43,1 mg, pantoteno r\u016bg\u0161tis 17,8 mg, folio r\u016bg\u0161tis 0,69 mg, biotinas 0,43 mg, jodas 4,6 mg, selenas 0,38 mg, gele\u017eis 101 mg, varis 12,1 mg, cinkas 125,7 mg, manganas 11,88 mg, cholino chloridas 1 872 mg, gliukozaminas 404 mg, chondroitino sulfatas 353 mg\/kg. Technologiniai priedai: nat\u016bral\u016bs antioksidantai (i\u0161 augalini\u0173 aliej\u0173 gauti, tokoferoliais turtingi ekstraktai). Metabolizuojama energija: 3840 kcal\/kg. \u0160\u0117rimo ir laikymo instrukcijos: \u0160erkite pagal \u0161uns b\u016bkl\u0119, u\u017etikrindami \u0161vie\u017eio vandens prieinamum\u0105. Nenaudokite ekstruzinio pa\u0161aro matuokli\u0173, nes \u0161altai spaustas pa\u0161aras yra tankesnis \u2013 naudokite sv\u0117rim\u0105 (\u017er. lentel\u0119 \u017eemiau). Rekomenduojamas palaipsnis per\u0117jimas nuo ekstruzinio prie \u0161altai spausto pa\u0161aro per 7\u201310 dien\u0173, nes jie vir\u0161kinami skirtingai: \u0161altai spaustas pa\u0161aras tirpsta skrandyje, o ekstruzinis brinksta. Staigus per\u0117jimas gali sukelti vir\u0161kinimo sutrikim\u0173. Minimalus tinkamumo terminas ir partijos numeris \u2013 ant pakuot\u0117s. Laikyti v\u0117sioje, sausoje vietoje, atokiai nuo tiesiogini\u0173 saul\u0117s spinduli\u0173. Rekomenduojamas dienos pa\u0161aro kiekis: 10 kg \u0161uo \u2013 125 g; 12 kg \u2013 145 g; 15 kg \u2013 165 g; 20 kg \u2013 220 g; 25 kg \u2013 250 g; 30 kg \u2013 270 g; 35 kg \u2013 300 g; 40 kg \u2013 350 g; 50 kg \u2013 410 g","og_url":"https:\/\/miumjau.ee\/lt\/produktas\/ibero-natural-mini-adult-su-iberijos-kiauliena-ir-eriena-3-kg\/","og_site_name":"MiuMjau","article_publisher":"https:\/\/www.facebook.com\/miumjaupood\/","article_modified_time":"2026-01-07T18:53:27+00:00","og_image":[{"width":600,"height":800,"url":"https:\/\/miumjau.ee\/wp-content\/uploads\/2025\/07\/ibero-mini-adult-3kg-iberian-pork-lamb.jpg","type":"image\/jpeg"}],"twitter_card":"summary_large_image","schema":{"@context":"https:\/\/schema.org","@graph":[{"@type":"WebPage","@id":"https:\/\/miumjau.ee\/lt\/produktas\/ibero-natural-mini-adult-su-iberijos-kiauliena-ir-eriena-3-kg\/","url":"https:\/\/miumjau.ee\/lt\/produktas\/ibero-natural-mini-adult-su-iberijos-kiauliena-ir-eriena-3-kg\/","name":"Ibero Natural Mini Adult su Iberijos kiauliena ir \u0117riena 3 kg - MiuMjau","isPartOf":{"@id":"https:\/\/miumjau.ee\/#website"},"primaryImageOfPage":{"@id":"https:\/\/miumjau.ee\/lt\/produktas\/ibero-natural-mini-adult-su-iberijos-kiauliena-ir-eriena-3-kg\/#primaryimage"},"image":{"@id":"https:\/\/miumjau.ee\/lt\/produktas\/ibero-natural-mini-adult-su-iberijos-kiauliena-ir-eriena-3-kg\/#primaryimage"},"thumbnailUrl":"https:\/\/miumjau.ee\/wp-content\/uploads\/2025\/07\/ibero-mini-adult-3kg-iberian-pork-lamb.jpg","datePublished":"2025-07-23T07:34:29+00:00","dateModified":"2026-01-07T18:53:27+00:00","breadcrumb":{"@id":"https:\/\/miumjau.ee\/lt\/produktas\/ibero-natural-mini-adult-su-iberijos-kiauliena-ir-eriena-3-kg\/#breadcrumb"},"inLanguage":"lt-LT","potentialAction":[{"@type":"ReadAction","target":["https:\/\/miumjau.ee\/lt\/produktas\/ibero-natural-mini-adult-su-iberijos-kiauliena-ir-eriena-3-kg\/"]}]},{"@type":"ImageObject","inLanguage":"lt-LT","@id":"https:\/\/miumjau.ee\/lt\/produktas\/ibero-natural-mini-adult-su-iberijos-kiauliena-ir-eriena-3-kg\/#primaryimage","url":"https:\/\/miumjau.ee\/wp-content\/uploads\/2025\/07\/ibero-mini-adult-3kg-iberian-pork-lamb.jpg","contentUrl":"https:\/\/miumjau.ee\/wp-content\/uploads\/2025\/07\/ibero-mini-adult-3kg-iberian-pork-lamb.jpg","width":600,"height":800,"caption":"Ibero Natural Mini Adult 3kg"},{"@type":"BreadcrumbList","@id":"https:\/\/miumjau.ee\/lt\/produktas\/ibero-natural-mini-adult-su-iberijos-kiauliena-ir-eriena-3-kg\/#breadcrumb","itemListElement":[{"@type":"ListItem","position":1,"name":"Home","item":"https:\/\/miumjau.ee\/lt\/"},{"@type":"ListItem","position":2,"name":"Parduotuv\u0117","item":"https:\/\/miumjau.ee\/lt\/parduotuve\/"},{"@type":"ListItem","position":3,"name":"Ibero Natural Mini Adult su Iberijos kiauliena ir \u0117riena 3 kg"}]},{"@type":"WebSite","@id":"https:\/\/miumjau.ee\/#website","url":"https:\/\/miumjau.ee\/","name":"MiuMjau","description":"Kraapimispuud kassidele","publisher":{"@id":"https:\/\/miumjau.ee\/#organization"},"potentialAction":[{"@type":"SearchAction","target":{"@type":"EntryPoint","urlTemplate":"https:\/\/miumjau.ee\/?s={search_term_string}"},"query-input":{"@type":"PropertyValueSpecification","valueRequired":true,"valueName":"search_term_string"}}],"inLanguage":"lt-LT"},{"@type":"Organization","@id":"https:\/\/miumjau.ee\/#organization","name":"MiuMjau O\u00dc","url":"https:\/\/miumjau.ee\/","logo":{"@type":"ImageObject","inLanguage":"lt-LT","@id":"https:\/\/miumjau.ee\/#\/schema\/logo\/image\/","url":"https:\/\/miumjau.ee\/wp-content\/uploads\/2022\/04\/MiuMjau-logo-kollane.png","contentUrl":"https:\/\/miumjau.ee\/wp-content\/uploads\/2022\/04\/MiuMjau-logo-kollane.png","width":219,"height":100,"caption":"MiuMjau O\u00dc"},"image":{"@id":"https:\/\/miumjau.ee\/#\/schema\/logo\/image\/"},"sameAs":["https:\/\/www.facebook.com\/miumjaupood\/"]}]}},"_links":{"self":[{"href":"https:\/\/miumjau.ee\/lt\/wp-json\/wp\/v2\/product\/41164","targetHints":{"allow":["GET"]}}],"collection":[{"href":"https:\/\/miumjau.ee\/lt\/wp-json\/wp\/v2\/product"}],"about":[{"href":"https:\/\/miumjau.ee\/lt\/wp-json\/wp\/v2\/types\/product"}],"wp:featuredmedia":[{"embeddable":true,"href":"https:\/\/miumjau.ee\/lt\/wp-json\/wp\/v2\/media\/41226"}],"wp:attachment":[{"href":"https:\/\/miumjau.ee\/lt\/wp-json\/wp\/v2\/media?parent=41164"}],"wp:term":[{"taxonomy":"product_brand","embeddable":true,"href":"https:\/\/miumjau.ee\/lt\/wp-json\/wp\/v2\/product_brand?post=41164"},{"taxonomy":"product_cat","embeddable":true,"href":"https:\/\/miumjau.ee\/lt\/wp-json\/wp\/v2\/product_cat?post=41164"},{"taxonomy":"product_tag","embeddable":true,"href":"https:\/\/miumjau.ee\/lt\/wp-json\/wp\/v2\/product_tag?post=41164"}],"curies":[{"name":"wp","href":"https:\/\/api.w.org\/{rel}","templated":true}]}}