{"id":41158,"date":"2025-07-23T00:10:47","date_gmt":"2025-07-22T21:10:47","guid":{"rendered":"https:\/\/miumjau.ee\/toode\/saltai-spaustas-ibero-junior-vidutinems-ir-didelems-veislems-eriena-12-kg\/"},"modified":"2026-04-13T22:03:57","modified_gmt":"2026-04-13T19:03:57","slug":"saltai-spaustas-ibero-junior-vidutinems-ir-didelems-veislems-eriena-12-kg","status":"publish","type":"product","link":"https:\/\/miumjau.ee\/lt\/produktas\/saltai-spaustas-ibero-junior-vidutinems-ir-didelems-veislems-eriena-12-kg\/","title":{"rendered":"\u0160altai spaustas Ibero Junior vidutin\u0117ms ir didel\u0117ms veisl\u0117ms, \u0117riena 12 kg"},"content":{"rendered":"","protected":false},"excerpt":{"rendered":"<p>\u0160altai spaustas visavertis pa\u0161aras, kuriame yra visos maistin\u0117s med\u017eiagos, reikalingos vidutini\u0173 ir dideli\u0173 veisli\u0173 jauniems \u0161unims. Pagamintas \u017eemoje temperat\u016broje, kad b\u016bt\u0173 i\u0161saugotos nat\u016bralios maistin\u0117s med\u017eiagos \u2013 idealus augimo faz\u0117je esantiems \u0161unims.<br \/>\n\u0160is pa\u0161aras <strong>skirtas vidutini\u0173 ir dideli\u0173 veisli\u0173 \u0161uniukams ir jauniems \u0161unims<\/strong>. Atsi\u017evelgta \u012f jauno \u0161uns specifinius poreikius, \u012fskaitant:<\/p>\n<ul>\n<li><strong>Kontroliuojam\u0105 ir lengvai vir\u0161kinam\u0105 baltym\u0173 kiek\u012f<\/strong>, kuris padeda i\u0161vengti per greito ilg\u0173j\u0173 kaul\u0173 augimo ir apsaugo s\u0105narius.<\/li>\n<li><strong>Gliukozamin\u0105 ir chondroitin\u0105<\/strong> \u2013 svarbi\u0105 papildom\u0105 param\u0105 s\u0105nari\u0173 vystymuisi.<\/li>\n<li><strong>Beta gliukanus<\/strong>, kurie palaiko imunin\u0117s sistemos veikl\u0105.<\/li>\n<li><strong>Neso\u010di\u0105sias riebal\u0173 r\u016bg\u0161tis<\/strong> \u2013 jaunam organizmui vystytis ir atsparumui stresui stiprinti.<\/li>\n<li><strong>Biotin\u0105 ir cink\u0105<\/strong> \u2013 sveikai odai ir kailiui.<\/li>\n<li><strong>Labai koncentruot\u0105 sud\u0117t\u012f<\/strong>, kuri u\u017etikrina reikiam\u0105 maistini\u0173 med\u017eiag\u0173 kiek\u012f su ma\u017eesne pa\u0161aro porcija, pad\u0117dama suma\u017einti skrand\u017eio susisukimo rizik\u0105 \u0161uniukams.<\/li>\n<\/ul>\n<p><strong>Sudedamosios dalys: <\/strong>D\u017eiovinta \u0117riena (34%), d\u017eiovintos sald\u017eiosios bulv\u0117s, d\u017eiovintos bulv\u0117s, gyv\u016bniniai riebalai (jautiena) (15%), ry\u017ei\u0173 miltai (8%), \u0117riuko kepenys (5%), avi\u017e\u0173 dribsniai (4%), d\u017eiovintas moli\u016bgas (2%), kukur\u016bz\u0173 dribsniai, d\u017eiovintos morkos (1,2%), lin\u0173 s\u0117menys, cikorij\u0173 ekstraktas, d\u017eiovintos \u017eolel\u0117s, beta gliukanai, gliukozaminas, chondroitino sulfatas, vitamin\u0173 ir mineral\u0173 mi\u0161inys.<br \/>\n<strong>Analitin\u0117 sud\u0117tis: <\/strong>\u017dali baltymai 25%, \u017eali riebalai 14%, \u017ealios skaidulos 3,4%, \u017eali pelenai 6,8%, kalcis 1,3%, fosforas 0,95%, natris 0,15%, dr\u0117gm\u0117 iki 10%.<br \/>\n<strong>Priedai (1 kg):<\/strong> vitaminas A 17 331 TV, vitaminas D3 1 733 TV, vitaminas E 173 mg, vitaminas B1 5,09 mg, vitaminas B2 9 mg, vitaminas B6 6,9 mg, vitaminas B12 0,07 mg, vitaminas C 173 mg, niacinas 43,1 mg, pantoteno r\u016bg\u0161tis 17,8 mg. Technologiniai priedai: nat\u016bral\u016bs antioksidantai (augalinio aliejaus ekstraktas, turtingas tokoferoliais).<br \/>\n<strong>Metabolizuojama energija:<\/strong> 4 120 kcal\/kg<br \/>\n<strong>Laikymas:<\/strong> Laikyti sausoje, v\u0117sioje vietoje, atokiai nuo tiesiogini\u0173 saul\u0117s spinduli\u0173.<br \/>\n<strong>Rekomenduojamos \u0161\u0117rimo instrukcijos:<\/strong> Duokite granuli\u0173 pagal gyv\u016bno k\u016bno b\u016bkl\u0119 ir poreikius. U\u017etikrinkite nuolatin\u012f \u0161vie\u017eio vandens prieinamum\u0105. Jei pereinate nuo ekstruzinio (\u012fprastai apdoroto) \u0161un\u0173 maisto prie \u0161altai spausto, darykite tai palaipsniui per 7\u201310 dien\u0173. \u0160ie du pa\u0161ar\u0173 tipai vir\u0161kinami skirtingai \u2013 \u0161altai spaustas maistas nesiple\u010dia, o tirpsta skrandyje, tod\u0117l staigus per\u0117jimas gali sukelti vir\u0161kinimo problem\u0173.<br \/>\n<strong>\u0160uniuko svoris (kg) \/ Am\u017eius \u2192 (Atkreipkite d\u0117mes\u012f, kad svoris nurodytas kaip numatomas suaugusio \u0161uns svoris)<\/strong><strong>0\u20134 m\u0117n.:<\/strong> 3 kg \u2013 137 g, 5 kg \u2013 201 g, 10 kg \u2013 337 g, 15 kg \u2013 457 g<strong>4\u20136 m\u0117n.:<\/strong> 5 kg \u2013 161 g, 10 kg \u2013 270 g, 15 kg \u2013 360 g, 20 kg \u2013 454 g, 25 kg \u2013 536 g, 30 kg \u2013 615 g<strong>6\u201310 m\u0117n.:<\/strong> 10 kg \u2013 202 g, 15 kg \u2013 274 g, 20 kg \u2013 340 g, 25 kg \u2013 402 g, 30 kg \u2013 461 g, 40 kg \u2013 572 g<strong>10\u201312 m\u0117n.:<\/strong> 15 kg \u2013 228 g, 20 kg \u2013 283 g, 25 kg \u2013 335 g, 30 kg \u2013 384 g, 40 kg \u2013 477 g<strong>12\u201318 m\u0117n.:<\/strong> 20 kg \u2013 265 g, 25 kg \u2013 310 g, 30 kg \u2013 330 g, 40 kg \u2013 415 g<\/p>\n","protected":false},"featured_media":41220,"template":"","meta":[],"product_brand":[],"product_cat":[538,524],"product_tag":[],"class_list":{"0":"post-41158","1":"product","2":"type-product","3":"status-publish","4":"has-post-thumbnail","6":"product_cat-sausas-maistas-sunims","7":"product_cat-kaup24-lt","9":"first","10":"instock","11":"sale","12":"taxable","13":"shipping-taxable","14":"purchasable","15":"product-type-simple"},"yoast_head":"<!-- This site is optimized with the Yoast SEO plugin v27.2 - https:\/\/yoast.com\/product\/yoast-seo-wordpress\/ -->\n<title>\u0160altai spaustas Ibero Junior vidutin\u0117ms ir didel\u0117ms veisl\u0117ms, \u0117riena 12 kg - MiuMjau<\/title>\n<meta name=\"robots\" content=\"index, follow, max-snippet:-1, max-image-preview:large, max-video-preview:-1\" \/>\n<link rel=\"canonical\" href=\"https:\/\/miumjau.ee\/lt\/produktas\/saltai-spaustas-ibero-junior-vidutinems-ir-didelems-veislems-eriena-12-kg\/\" \/>\n<meta property=\"og:locale\" content=\"lt_LT\" \/>\n<meta property=\"og:type\" content=\"article\" \/>\n<meta property=\"og:title\" content=\"\u0160altai spaustas Ibero Junior vidutin\u0117ms ir didel\u0117ms veisl\u0117ms, \u0117riena 12 kg - MiuMjau\" \/>\n<meta property=\"og:description\" content=\"\u0160altai spaustas visavertis pa\u0161aras, kuriame yra visos maistin\u0117s med\u017eiagos, reikalingos vidutini\u0173 ir dideli\u0173 veisli\u0173 jauniems \u0161unims. Pagamintas \u017eemoje temperat\u016broje, kad b\u016bt\u0173 i\u0161saugotos nat\u016bralios maistin\u0117s med\u017eiagos \u2013 idealus augimo faz\u0117je esantiems \u0161unims. \u0160is pa\u0161aras skirtas vidutini\u0173 ir dideli\u0173 veisli\u0173 \u0161uniukams ir jauniems \u0161unims. Atsi\u017evelgta \u012f jauno \u0161uns specifinius poreikius, \u012fskaitant:  Kontroliuojam\u0105 ir lengvai vir\u0161kinam\u0105 baltym\u0173 kiek\u012f, kuris padeda i\u0161vengti per greito ilg\u0173j\u0173 kaul\u0173 augimo ir apsaugo s\u0105narius. Gliukozamin\u0105 ir chondroitin\u0105 \u2013 svarbi\u0105 papildom\u0105 param\u0105 s\u0105nari\u0173 vystymuisi. Beta gliukanus, kurie palaiko imunin\u0117s sistemos veikl\u0105. Neso\u010di\u0105sias riebal\u0173 r\u016bg\u0161tis \u2013 jaunam organizmui vystytis ir atsparumui stresui stiprinti. Biotin\u0105 ir cink\u0105 \u2013 sveikai odai ir kailiui. Labai koncentruot\u0105 sud\u0117t\u012f, kuri u\u017etikrina reikiam\u0105 maistini\u0173 med\u017eiag\u0173 kiek\u012f su ma\u017eesne pa\u0161aro porcija, pad\u0117dama suma\u017einti skrand\u017eio susisukimo rizik\u0105 \u0161uniukams.  Sudedamosios dalys: D\u017eiovinta \u0117riena (34%), d\u017eiovintos sald\u017eiosios bulv\u0117s, d\u017eiovintos bulv\u0117s, gyv\u016bniniai riebalai (jautiena) (15%), ry\u017ei\u0173 miltai (8%), \u0117riuko kepenys (5%), avi\u017e\u0173 dribsniai (4%), d\u017eiovintas moli\u016bgas (2%), kukur\u016bz\u0173 dribsniai, d\u017eiovintos morkos (1,2%), lin\u0173 s\u0117menys, cikorij\u0173 ekstraktas, d\u017eiovintos \u017eolel\u0117s, beta gliukanai, gliukozaminas, chondroitino sulfatas, vitamin\u0173 ir mineral\u0173 mi\u0161inys. Analitin\u0117 sud\u0117tis: \u017dali baltymai 25%, \u017eali riebalai 14%, \u017ealios skaidulos 3,4%, \u017eali pelenai 6,8%, kalcis 1,3%, fosforas 0,95%, natris 0,15%, dr\u0117gm\u0117 iki 10%. Priedai (1 kg): vitaminas A 17 331 TV, vitaminas D3 1 733 TV, vitaminas E 173 mg, vitaminas B1 5,09 mg, vitaminas B2 9 mg, vitaminas B6 6,9 mg, vitaminas B12 0,07 mg, vitaminas C 173 mg, niacinas 43,1 mg, pantoteno r\u016bg\u0161tis 17,8 mg. Technologiniai priedai: nat\u016bral\u016bs antioksidantai (augalinio aliejaus ekstraktas, turtingas tokoferoliais). Metabolizuojama energija: 4 120 kcal\/kg Laikymas: Laikyti sausoje, v\u0117sioje vietoje, atokiai nuo tiesiogini\u0173 saul\u0117s spinduli\u0173. Rekomenduojamos \u0161\u0117rimo instrukcijos: Duokite granuli\u0173 pagal gyv\u016bno k\u016bno b\u016bkl\u0119 ir poreikius. U\u017etikrinkite nuolatin\u012f \u0161vie\u017eio vandens prieinamum\u0105. Jei pereinate nuo ekstruzinio (\u012fprastai apdoroto) \u0161un\u0173 maisto prie \u0161altai spausto, darykite tai palaipsniui per 7\u201310 dien\u0173. \u0160ie du pa\u0161ar\u0173 tipai vir\u0161kinami skirtingai \u2013 \u0161altai spaustas maistas nesiple\u010dia, o tirpsta skrandyje, tod\u0117l staigus per\u0117jimas gali sukelti vir\u0161kinimo problem\u0173. \u0160uniuko svoris (kg) \/ Am\u017eius \u2192 (Atkreipkite d\u0117mes\u012f, kad svoris nurodytas kaip numatomas suaugusio \u0161uns svoris)0\u20134 m\u0117n.: 3 kg \u2013 137 g, 5 kg \u2013 201 g, 10 kg \u2013 337 g, 15 kg \u2013 457 g4\u20136 m\u0117n.: 5 kg \u2013 161 g, 10 kg \u2013 270 g, 15 kg \u2013 360 g, 20 kg \u2013 454 g, 25 kg \u2013 536 g, 30 kg \u2013 615 g6\u201310 m\u0117n.: 10 kg \u2013 202 g, 15 kg \u2013 274 g, 20 kg \u2013 340 g, 25 kg \u2013 402 g, 30 kg \u2013 461 g, 40 kg \u2013 572 g10\u201312 m\u0117n.: 15 kg \u2013 228 g, 20 kg \u2013 283 g, 25 kg \u2013 335 g, 30 kg \u2013 384 g, 40 kg \u2013 477 g12\u201318 m\u0117n.: 20 kg \u2013 265 g, 25 kg \u2013 310 g, 30 kg \u2013 330 g, 40 kg \u2013 415 g\" \/>\n<meta property=\"og:url\" content=\"https:\/\/miumjau.ee\/lt\/produktas\/saltai-spaustas-ibero-junior-vidutinems-ir-didelems-veislems-eriena-12-kg\/\" \/>\n<meta property=\"og:site_name\" content=\"MiuMjau\" \/>\n<meta property=\"article:publisher\" content=\"https:\/\/www.facebook.com\/miumjaupood\/\" \/>\n<meta property=\"article:modified_time\" content=\"2026-04-13T19:03:57+00:00\" \/>\n<meta property=\"og:image\" content=\"https:\/\/miumjau.ee\/wp-content\/uploads\/2025\/07\/Ibero_3D_junior_LAMB_12kg-kopie-Photoroom.jpg\" \/>\n\t<meta property=\"og:image:width\" content=\"600\" \/>\n\t<meta property=\"og:image:height\" content=\"800\" \/>\n\t<meta property=\"og:image:type\" content=\"image\/jpeg\" \/>\n<meta name=\"twitter:card\" content=\"summary_large_image\" \/>\n<script type=\"application\/ld+json\" class=\"yoast-schema-graph\">{\"@context\":\"https:\/\/schema.org\",\"@graph\":[{\"@type\":\"WebPage\",\"@id\":\"https:\/\/miumjau.ee\/lt\/produktas\/saltai-spaustas-ibero-junior-vidutinems-ir-didelems-veislems-eriena-12-kg\/\",\"url\":\"https:\/\/miumjau.ee\/lt\/produktas\/saltai-spaustas-ibero-junior-vidutinems-ir-didelems-veislems-eriena-12-kg\/\",\"name\":\"\u0160altai spaustas Ibero Junior vidutin\u0117ms ir didel\u0117ms veisl\u0117ms, \u0117riena 12 kg - MiuMjau\",\"isPartOf\":{\"@id\":\"https:\/\/miumjau.ee\/#website\"},\"primaryImageOfPage\":{\"@id\":\"https:\/\/miumjau.ee\/lt\/produktas\/saltai-spaustas-ibero-junior-vidutinems-ir-didelems-veislems-eriena-12-kg\/#primaryimage\"},\"image\":{\"@id\":\"https:\/\/miumjau.ee\/lt\/produktas\/saltai-spaustas-ibero-junior-vidutinems-ir-didelems-veislems-eriena-12-kg\/#primaryimage\"},\"thumbnailUrl\":\"https:\/\/miumjau.ee\/wp-content\/uploads\/2025\/07\/Ibero_3D_junior_LAMB_12kg-kopie-Photoroom.jpg\",\"datePublished\":\"2025-07-22T21:10:47+00:00\",\"dateModified\":\"2026-04-13T19:03:57+00:00\",\"breadcrumb\":{\"@id\":\"https:\/\/miumjau.ee\/lt\/produktas\/saltai-spaustas-ibero-junior-vidutinems-ir-didelems-veislems-eriena-12-kg\/#breadcrumb\"},\"inLanguage\":\"lt-LT\",\"potentialAction\":[{\"@type\":\"ReadAction\",\"target\":[\"https:\/\/miumjau.ee\/lt\/produktas\/saltai-spaustas-ibero-junior-vidutinems-ir-didelems-veislems-eriena-12-kg\/\"]}]},{\"@type\":\"ImageObject\",\"inLanguage\":\"lt-LT\",\"@id\":\"https:\/\/miumjau.ee\/lt\/produktas\/saltai-spaustas-ibero-junior-vidutinems-ir-didelems-veislems-eriena-12-kg\/#primaryimage\",\"url\":\"https:\/\/miumjau.ee\/wp-content\/uploads\/2025\/07\/Ibero_3D_junior_LAMB_12kg-kopie-Photoroom.jpg\",\"contentUrl\":\"https:\/\/miumjau.ee\/wp-content\/uploads\/2025\/07\/Ibero_3D_junior_LAMB_12kg-kopie-Photoroom.jpg\",\"width\":600,\"height\":800,\"caption\":\"K\u00fclmpressitud Ibero Junior keskmistele ja suurtele t\u00f5ugudele, lammas 12kg\"},{\"@type\":\"BreadcrumbList\",\"@id\":\"https:\/\/miumjau.ee\/lt\/produktas\/saltai-spaustas-ibero-junior-vidutinems-ir-didelems-veislems-eriena-12-kg\/#breadcrumb\",\"itemListElement\":[{\"@type\":\"ListItem\",\"position\":1,\"name\":\"Home\",\"item\":\"https:\/\/miumjau.ee\/lt\/\"},{\"@type\":\"ListItem\",\"position\":2,\"name\":\"Parduotuv\u0117\",\"item\":\"https:\/\/miumjau.ee\/lt\/parduotuve\/\"},{\"@type\":\"ListItem\",\"position\":3,\"name\":\"\u0160altai spaustas Ibero Junior vidutin\u0117ms ir didel\u0117ms veisl\u0117ms, \u0117riena 12 kg\"}]},{\"@type\":\"WebSite\",\"@id\":\"https:\/\/miumjau.ee\/#website\",\"url\":\"https:\/\/miumjau.ee\/\",\"name\":\"MiuMjau\",\"description\":\"Kraapimispuud kassidele\",\"publisher\":{\"@id\":\"https:\/\/miumjau.ee\/#organization\"},\"potentialAction\":[{\"@type\":\"SearchAction\",\"target\":{\"@type\":\"EntryPoint\",\"urlTemplate\":\"https:\/\/miumjau.ee\/?s={search_term_string}\"},\"query-input\":{\"@type\":\"PropertyValueSpecification\",\"valueRequired\":true,\"valueName\":\"search_term_string\"}}],\"inLanguage\":\"lt-LT\"},{\"@type\":\"Organization\",\"@id\":\"https:\/\/miumjau.ee\/#organization\",\"name\":\"MiuMjau O\u00dc\",\"url\":\"https:\/\/miumjau.ee\/\",\"logo\":{\"@type\":\"ImageObject\",\"inLanguage\":\"lt-LT\",\"@id\":\"https:\/\/miumjau.ee\/#\/schema\/logo\/image\/\",\"url\":\"https:\/\/miumjau.ee\/wp-content\/uploads\/2022\/04\/MiuMjau-logo-kollane.png\",\"contentUrl\":\"https:\/\/miumjau.ee\/wp-content\/uploads\/2022\/04\/MiuMjau-logo-kollane.png\",\"width\":219,\"height\":100,\"caption\":\"MiuMjau O\u00dc\"},\"image\":{\"@id\":\"https:\/\/miumjau.ee\/#\/schema\/logo\/image\/\"},\"sameAs\":[\"https:\/\/www.facebook.com\/miumjaupood\/\"]}]}<\/script>\n<!-- \/ Yoast SEO plugin. -->","yoast_head_json":{"title":"\u0160altai spaustas Ibero Junior vidutin\u0117ms ir didel\u0117ms veisl\u0117ms, \u0117riena 12 kg - MiuMjau","robots":{"index":"index","follow":"follow","max-snippet":"max-snippet:-1","max-image-preview":"max-image-preview:large","max-video-preview":"max-video-preview:-1"},"canonical":"https:\/\/miumjau.ee\/lt\/produktas\/saltai-spaustas-ibero-junior-vidutinems-ir-didelems-veislems-eriena-12-kg\/","og_locale":"lt_LT","og_type":"article","og_title":"\u0160altai spaustas Ibero Junior vidutin\u0117ms ir didel\u0117ms veisl\u0117ms, \u0117riena 12 kg - MiuMjau","og_description":"\u0160altai spaustas visavertis pa\u0161aras, kuriame yra visos maistin\u0117s med\u017eiagos, reikalingos vidutini\u0173 ir dideli\u0173 veisli\u0173 jauniems \u0161unims. Pagamintas \u017eemoje temperat\u016broje, kad b\u016bt\u0173 i\u0161saugotos nat\u016bralios maistin\u0117s med\u017eiagos \u2013 idealus augimo faz\u0117je esantiems \u0161unims. \u0160is pa\u0161aras skirtas vidutini\u0173 ir dideli\u0173 veisli\u0173 \u0161uniukams ir jauniems \u0161unims. Atsi\u017evelgta \u012f jauno \u0161uns specifinius poreikius, \u012fskaitant:  Kontroliuojam\u0105 ir lengvai vir\u0161kinam\u0105 baltym\u0173 kiek\u012f, kuris padeda i\u0161vengti per greito ilg\u0173j\u0173 kaul\u0173 augimo ir apsaugo s\u0105narius. Gliukozamin\u0105 ir chondroitin\u0105 \u2013 svarbi\u0105 papildom\u0105 param\u0105 s\u0105nari\u0173 vystymuisi. Beta gliukanus, kurie palaiko imunin\u0117s sistemos veikl\u0105. Neso\u010di\u0105sias riebal\u0173 r\u016bg\u0161tis \u2013 jaunam organizmui vystytis ir atsparumui stresui stiprinti. Biotin\u0105 ir cink\u0105 \u2013 sveikai odai ir kailiui. Labai koncentruot\u0105 sud\u0117t\u012f, kuri u\u017etikrina reikiam\u0105 maistini\u0173 med\u017eiag\u0173 kiek\u012f su ma\u017eesne pa\u0161aro porcija, pad\u0117dama suma\u017einti skrand\u017eio susisukimo rizik\u0105 \u0161uniukams.  Sudedamosios dalys: D\u017eiovinta \u0117riena (34%), d\u017eiovintos sald\u017eiosios bulv\u0117s, d\u017eiovintos bulv\u0117s, gyv\u016bniniai riebalai (jautiena) (15%), ry\u017ei\u0173 miltai (8%), \u0117riuko kepenys (5%), avi\u017e\u0173 dribsniai (4%), d\u017eiovintas moli\u016bgas (2%), kukur\u016bz\u0173 dribsniai, d\u017eiovintos morkos (1,2%), lin\u0173 s\u0117menys, cikorij\u0173 ekstraktas, d\u017eiovintos \u017eolel\u0117s, beta gliukanai, gliukozaminas, chondroitino sulfatas, vitamin\u0173 ir mineral\u0173 mi\u0161inys. Analitin\u0117 sud\u0117tis: \u017dali baltymai 25%, \u017eali riebalai 14%, \u017ealios skaidulos 3,4%, \u017eali pelenai 6,8%, kalcis 1,3%, fosforas 0,95%, natris 0,15%, dr\u0117gm\u0117 iki 10%. Priedai (1 kg): vitaminas A 17 331 TV, vitaminas D3 1 733 TV, vitaminas E 173 mg, vitaminas B1 5,09 mg, vitaminas B2 9 mg, vitaminas B6 6,9 mg, vitaminas B12 0,07 mg, vitaminas C 173 mg, niacinas 43,1 mg, pantoteno r\u016bg\u0161tis 17,8 mg. Technologiniai priedai: nat\u016bral\u016bs antioksidantai (augalinio aliejaus ekstraktas, turtingas tokoferoliais). Metabolizuojama energija: 4 120 kcal\/kg Laikymas: Laikyti sausoje, v\u0117sioje vietoje, atokiai nuo tiesiogini\u0173 saul\u0117s spinduli\u0173. Rekomenduojamos \u0161\u0117rimo instrukcijos: Duokite granuli\u0173 pagal gyv\u016bno k\u016bno b\u016bkl\u0119 ir poreikius. U\u017etikrinkite nuolatin\u012f \u0161vie\u017eio vandens prieinamum\u0105. Jei pereinate nuo ekstruzinio (\u012fprastai apdoroto) \u0161un\u0173 maisto prie \u0161altai spausto, darykite tai palaipsniui per 7\u201310 dien\u0173. \u0160ie du pa\u0161ar\u0173 tipai vir\u0161kinami skirtingai \u2013 \u0161altai spaustas maistas nesiple\u010dia, o tirpsta skrandyje, tod\u0117l staigus per\u0117jimas gali sukelti vir\u0161kinimo problem\u0173. \u0160uniuko svoris (kg) \/ Am\u017eius \u2192 (Atkreipkite d\u0117mes\u012f, kad svoris nurodytas kaip numatomas suaugusio \u0161uns svoris)0\u20134 m\u0117n.: 3 kg \u2013 137 g, 5 kg \u2013 201 g, 10 kg \u2013 337 g, 15 kg \u2013 457 g4\u20136 m\u0117n.: 5 kg \u2013 161 g, 10 kg \u2013 270 g, 15 kg \u2013 360 g, 20 kg \u2013 454 g, 25 kg \u2013 536 g, 30 kg \u2013 615 g6\u201310 m\u0117n.: 10 kg \u2013 202 g, 15 kg \u2013 274 g, 20 kg \u2013 340 g, 25 kg \u2013 402 g, 30 kg \u2013 461 g, 40 kg \u2013 572 g10\u201312 m\u0117n.: 15 kg \u2013 228 g, 20 kg \u2013 283 g, 25 kg \u2013 335 g, 30 kg \u2013 384 g, 40 kg \u2013 477 g12\u201318 m\u0117n.: 20 kg \u2013 265 g, 25 kg \u2013 310 g, 30 kg \u2013 330 g, 40 kg \u2013 415 g","og_url":"https:\/\/miumjau.ee\/lt\/produktas\/saltai-spaustas-ibero-junior-vidutinems-ir-didelems-veislems-eriena-12-kg\/","og_site_name":"MiuMjau","article_publisher":"https:\/\/www.facebook.com\/miumjaupood\/","article_modified_time":"2026-04-13T19:03:57+00:00","og_image":[{"width":600,"height":800,"url":"https:\/\/miumjau.ee\/wp-content\/uploads\/2025\/07\/Ibero_3D_junior_LAMB_12kg-kopie-Photoroom.jpg","type":"image\/jpeg"}],"twitter_card":"summary_large_image","schema":{"@context":"https:\/\/schema.org","@graph":[{"@type":"WebPage","@id":"https:\/\/miumjau.ee\/lt\/produktas\/saltai-spaustas-ibero-junior-vidutinems-ir-didelems-veislems-eriena-12-kg\/","url":"https:\/\/miumjau.ee\/lt\/produktas\/saltai-spaustas-ibero-junior-vidutinems-ir-didelems-veislems-eriena-12-kg\/","name":"\u0160altai spaustas Ibero Junior vidutin\u0117ms ir didel\u0117ms veisl\u0117ms, \u0117riena 12 kg - MiuMjau","isPartOf":{"@id":"https:\/\/miumjau.ee\/#website"},"primaryImageOfPage":{"@id":"https:\/\/miumjau.ee\/lt\/produktas\/saltai-spaustas-ibero-junior-vidutinems-ir-didelems-veislems-eriena-12-kg\/#primaryimage"},"image":{"@id":"https:\/\/miumjau.ee\/lt\/produktas\/saltai-spaustas-ibero-junior-vidutinems-ir-didelems-veislems-eriena-12-kg\/#primaryimage"},"thumbnailUrl":"https:\/\/miumjau.ee\/wp-content\/uploads\/2025\/07\/Ibero_3D_junior_LAMB_12kg-kopie-Photoroom.jpg","datePublished":"2025-07-22T21:10:47+00:00","dateModified":"2026-04-13T19:03:57+00:00","breadcrumb":{"@id":"https:\/\/miumjau.ee\/lt\/produktas\/saltai-spaustas-ibero-junior-vidutinems-ir-didelems-veislems-eriena-12-kg\/#breadcrumb"},"inLanguage":"lt-LT","potentialAction":[{"@type":"ReadAction","target":["https:\/\/miumjau.ee\/lt\/produktas\/saltai-spaustas-ibero-junior-vidutinems-ir-didelems-veislems-eriena-12-kg\/"]}]},{"@type":"ImageObject","inLanguage":"lt-LT","@id":"https:\/\/miumjau.ee\/lt\/produktas\/saltai-spaustas-ibero-junior-vidutinems-ir-didelems-veislems-eriena-12-kg\/#primaryimage","url":"https:\/\/miumjau.ee\/wp-content\/uploads\/2025\/07\/Ibero_3D_junior_LAMB_12kg-kopie-Photoroom.jpg","contentUrl":"https:\/\/miumjau.ee\/wp-content\/uploads\/2025\/07\/Ibero_3D_junior_LAMB_12kg-kopie-Photoroom.jpg","width":600,"height":800,"caption":"K\u00fclmpressitud Ibero Junior keskmistele ja suurtele t\u00f5ugudele, lammas 12kg"},{"@type":"BreadcrumbList","@id":"https:\/\/miumjau.ee\/lt\/produktas\/saltai-spaustas-ibero-junior-vidutinems-ir-didelems-veislems-eriena-12-kg\/#breadcrumb","itemListElement":[{"@type":"ListItem","position":1,"name":"Home","item":"https:\/\/miumjau.ee\/lt\/"},{"@type":"ListItem","position":2,"name":"Parduotuv\u0117","item":"https:\/\/miumjau.ee\/lt\/parduotuve\/"},{"@type":"ListItem","position":3,"name":"\u0160altai spaustas Ibero Junior vidutin\u0117ms ir didel\u0117ms veisl\u0117ms, \u0117riena 12 kg"}]},{"@type":"WebSite","@id":"https:\/\/miumjau.ee\/#website","url":"https:\/\/miumjau.ee\/","name":"MiuMjau","description":"Kraapimispuud kassidele","publisher":{"@id":"https:\/\/miumjau.ee\/#organization"},"potentialAction":[{"@type":"SearchAction","target":{"@type":"EntryPoint","urlTemplate":"https:\/\/miumjau.ee\/?s={search_term_string}"},"query-input":{"@type":"PropertyValueSpecification","valueRequired":true,"valueName":"search_term_string"}}],"inLanguage":"lt-LT"},{"@type":"Organization","@id":"https:\/\/miumjau.ee\/#organization","name":"MiuMjau O\u00dc","url":"https:\/\/miumjau.ee\/","logo":{"@type":"ImageObject","inLanguage":"lt-LT","@id":"https:\/\/miumjau.ee\/#\/schema\/logo\/image\/","url":"https:\/\/miumjau.ee\/wp-content\/uploads\/2022\/04\/MiuMjau-logo-kollane.png","contentUrl":"https:\/\/miumjau.ee\/wp-content\/uploads\/2022\/04\/MiuMjau-logo-kollane.png","width":219,"height":100,"caption":"MiuMjau O\u00dc"},"image":{"@id":"https:\/\/miumjau.ee\/#\/schema\/logo\/image\/"},"sameAs":["https:\/\/www.facebook.com\/miumjaupood\/"]}]}},"_links":{"self":[{"href":"https:\/\/miumjau.ee\/lt\/wp-json\/wp\/v2\/product\/41158","targetHints":{"allow":["GET"]}}],"collection":[{"href":"https:\/\/miumjau.ee\/lt\/wp-json\/wp\/v2\/product"}],"about":[{"href":"https:\/\/miumjau.ee\/lt\/wp-json\/wp\/v2\/types\/product"}],"wp:featuredmedia":[{"embeddable":true,"href":"https:\/\/miumjau.ee\/lt\/wp-json\/wp\/v2\/media\/41220"}],"wp:attachment":[{"href":"https:\/\/miumjau.ee\/lt\/wp-json\/wp\/v2\/media?parent=41158"}],"wp:term":[{"taxonomy":"product_brand","embeddable":true,"href":"https:\/\/miumjau.ee\/lt\/wp-json\/wp\/v2\/product_brand?post=41158"},{"taxonomy":"product_cat","embeddable":true,"href":"https:\/\/miumjau.ee\/lt\/wp-json\/wp\/v2\/product_cat?post=41158"},{"taxonomy":"product_tag","embeddable":true,"href":"https:\/\/miumjau.ee\/lt\/wp-json\/wp\/v2\/product_tag?post=41158"}],"curies":[{"name":"wp","href":"https:\/\/api.w.org\/{rel}","templated":true}]}}