{"id":41157,"date":"2025-07-22T23:55:21","date_gmt":"2025-07-22T20:55:21","guid":{"rendered":"https:\/\/miumjau.ee\/toode\/saltai-spaustas-maistas-suniukams-ibero-starter-antis-ir-kalakutiena-3-kg\/"},"modified":"2026-01-07T20:53:34","modified_gmt":"2026-01-07T18:53:34","slug":"saltai-spaustas-maistas-suniukams-ibero-starter-antis-ir-kalakutiena-3-kg","status":"publish","type":"product","link":"https:\/\/miumjau.ee\/lt\/produktas\/saltai-spaustas-maistas-suniukams-ibero-starter-antis-ir-kalakutiena-3-kg\/","title":{"rendered":"\u0160altai spaustas maistas \u0161uniukams Ibero Starter, antis ir kalakutiena 3 kg"},"content":{"rendered":"","protected":false},"excerpt":{"rendered":"<p><strong>\u0160altai spaustas visavertis pa\u0161aras \u2013<\/strong> tinka vis\u0173 veisli\u0173 \u0161uniukams nuo 5 savai\u010di\u0173 iki 4 m\u0117nesi\u0173 am\u017eiaus. \u0160altai spaustas pa\u0161aras yra maistingesnis \u2013 reikalingas ma\u017eesnis kiekis. Nors kaina gali b\u016bti didesn\u0117, mai\u0161as trunka ilgiau, tod\u0117l galiausiai tai gali b\u016bti ekonomi\u0161kesnis pasirinkimas. Pa\u0161are ma\u017eai gr\u016bd\u0173 \u2013 pirmenyb\u0117 teikiama bulv\u0117ms ir sald\u017eiosioms bulv\u0117ms. Tinka ir n\u0117\u0161\u010dioms kal\u0117ms.<br \/>\n<strong>Sudedamosios dalys: <\/strong>D\u017eiovinta kalakutiena ir antiena (39%), d\u017eiovintos sald\u017eiosios bulv\u0117s, d\u017eiovintos bulv\u0117s, kalakut\u0173 riebalai (14%), kalakut\u0173 baltymai (13%), avi\u017e\u0173 dribsniai (8%), d\u017eiovintas moli\u016bgas (2%), kiau\u0161ini\u0173 milteliai, d\u017eiovintos morkos (1,2%), lin\u0173 s\u0117menys, cikorij\u0173 ekstraktas, d\u017eiovintos \u017eolel\u0117s, beta gliukanai, vitamin\u0173 ir mineral\u0173 mi\u0161inys.<br \/>\n<strong>Analitin\u0117 sud\u0117tis: <\/strong>\u017dali baltymai 28%, \u017eali riebalai 18%, \u017ealios skaidulos 3,4%, \u017eali pelenai 5,4%, kalcis 1,1%, fosforas 0,85%, natris 0,15%, dr\u0117gm\u0117 iki 10%.<br \/>\n<strong>Priedai<\/strong> (kg): Maistin\u0117s med\u017eiagos: vitaminas A 18 000 TV, vitaminas D3 1 800 TV, vitaminas E 180 mg, vitaminas B1 5,3 mg, vitaminas B2 8,5 mg, vitaminas B6 7,2 mg, vitaminas B12 0,07 mg, vitaminas C 180 mg, niacinas 45 mg, pantoteno r\u016bg\u0161tis 17 mg, folio r\u016bg\u0161tis 0,7 mg, biotinas 0,42 mg, jodas 4 mg, selenas 0,35 mg, gele\u017eis 110 mg, varis 13 mg, cinkas 130 mg, manganas 12 mg, cholino chloridas 1900 mg, gliukozaminas 400 mg\/kg, chondroitino sulfatas 350 mg\/kg. Antioksidantai: tokoferoliais turtingi augalini\u0173 aliej\u0173 ekstraktai.<br \/>\n<strong>Metabolizuojama energija<\/strong> 3840 kcal\/kg<br \/>\n<strong>Rekomenduojamos \u0161\u0117rimo instrukcijos<\/strong>: Per\u0117jimas prie \u0161io pa\u0161aro tur\u0117t\u0173 b\u016bti palaipsnis. Visada u\u017etikrinkite prieig\u0105 prie \u0161vie\u017eio geriamojo vandens. Laikyti v\u0117sioje ir sausoje vietoje, atokiai nuo tiesiogini\u0173 saul\u0117s spinduli\u0173.<br \/>\n<strong>\u0160uniuko am\u017eius \u2192 Dienos pa\u0161aro kiekis (g) pagal k\u016bno mas\u0119 <\/strong>(Atkreipkite d\u0117mes\u012f, kad lentel\u0117je nurodytas numatomas suaugusio \u0161uns svoris)<\/p>\n<table>\n<tr>\n<th>Am\u017eius<\/th>\n<th>2 kg<\/th>\n<th>4 kg<\/th>\n<th>6 kg<\/th>\n<th>8 kg<\/th>\n<th>10 kg<\/th>\n<th>15 kg<\/th>\n<th>20 kg<\/th>\n<th>25 kg<\/th>\n<\/tr>\n<tr>\n<td>5\u20136 savait\u0117s<\/td>\n<td>30<\/td>\n<td>30<\/td>\n<td>60<\/td>\n<td>90<\/td>\n<td>90<\/td>\n<td>120<\/td>\n<td>140<\/td>\n<td>170<\/td>\n<\/tr>\n<tr>\n<td>6\u20137 savait\u0117s<\/td>\n<td>40<\/td>\n<td>40<\/td>\n<td>80<\/td>\n<td>120<\/td>\n<td>120<\/td>\n<td>150<\/td>\n<td>190<\/td>\n<td>225<\/td>\n<\/tr>\n<tr>\n<td>7\u20138 savait\u0117s<\/td>\n<td>50<\/td>\n<td>60<\/td>\n<td>95<\/td>\n<td>145<\/td>\n<td>145<\/td>\n<td>190<\/td>\n<td>230<\/td>\n<td>280<\/td>\n<\/tr>\n<tr>\n<td>9\u201313 savait\u0117s<\/td>\n<td>60<\/td>\n<td>110<\/td>\n<td>160<\/td>\n<td>190<\/td>\n<td>235<\/td>\n<td>235<\/td>\n<td>275<\/td>\n<td>310<\/td>\n<\/tr>\n<tr>\n<td>14\u201318 savait\u0117s<\/td>\n<td>70<\/td>\n<td>130<\/td>\n<td>175<\/td>\n<td>200<\/td>\n<td>240<\/td>\n<td>270<\/td>\n<td>310<\/td>\n<td>345<\/td>\n<\/tr>\n<\/table>\n","protected":false},"featured_media":41219,"template":"","meta":[],"product_brand":[],"product_cat":[538,524],"product_tag":[],"class_list":{"0":"post-41157","1":"product","2":"type-product","3":"status-publish","4":"has-post-thumbnail","6":"product_cat-sausas-maistas-sunims","7":"product_cat-kaup24-lt","9":"first","10":"instock","11":"sale","12":"taxable","13":"shipping-taxable","14":"purchasable","15":"product-type-simple"},"yoast_head":"<!-- This site is optimized with the Yoast SEO plugin v27.2 - https:\/\/yoast.com\/product\/yoast-seo-wordpress\/ -->\n<title>\u0160altai spaustas maistas \u0161uniukams Ibero Starter, antis ir kalakutiena 3 kg - MiuMjau<\/title>\n<meta name=\"robots\" content=\"index, follow, max-snippet:-1, max-image-preview:large, max-video-preview:-1\" \/>\n<link rel=\"canonical\" href=\"https:\/\/miumjau.ee\/lt\/produktas\/saltai-spaustas-maistas-suniukams-ibero-starter-antis-ir-kalakutiena-3-kg\/\" \/>\n<meta property=\"og:locale\" content=\"lt_LT\" \/>\n<meta property=\"og:type\" content=\"article\" \/>\n<meta property=\"og:title\" content=\"\u0160altai spaustas maistas \u0161uniukams Ibero Starter, antis ir kalakutiena 3 kg - MiuMjau\" \/>\n<meta property=\"og:description\" content=\"\u0160altai spaustas visavertis pa\u0161aras \u2013 tinka vis\u0173 veisli\u0173 \u0161uniukams nuo 5 savai\u010di\u0173 iki 4 m\u0117nesi\u0173 am\u017eiaus. \u0160altai spaustas pa\u0161aras yra maistingesnis \u2013 reikalingas ma\u017eesnis kiekis. Nors kaina gali b\u016bti didesn\u0117, mai\u0161as trunka ilgiau, tod\u0117l galiausiai tai gali b\u016bti ekonomi\u0161kesnis pasirinkimas. Pa\u0161are ma\u017eai gr\u016bd\u0173 \u2013 pirmenyb\u0117 teikiama bulv\u0117ms ir sald\u017eiosioms bulv\u0117ms. Tinka ir n\u0117\u0161\u010dioms kal\u0117ms. Sudedamosios dalys: D\u017eiovinta kalakutiena ir antiena (39%), d\u017eiovintos sald\u017eiosios bulv\u0117s, d\u017eiovintos bulv\u0117s, kalakut\u0173 riebalai (14%), kalakut\u0173 baltymai (13%), avi\u017e\u0173 dribsniai (8%), d\u017eiovintas moli\u016bgas (2%), kiau\u0161ini\u0173 milteliai, d\u017eiovintos morkos (1,2%), lin\u0173 s\u0117menys, cikorij\u0173 ekstraktas, d\u017eiovintos \u017eolel\u0117s, beta gliukanai, vitamin\u0173 ir mineral\u0173 mi\u0161inys. Analitin\u0117 sud\u0117tis: \u017dali baltymai 28%, \u017eali riebalai 18%, \u017ealios skaidulos 3,4%, \u017eali pelenai 5,4%, kalcis 1,1%, fosforas 0,85%, natris 0,15%, dr\u0117gm\u0117 iki 10%. Priedai (kg): Maistin\u0117s med\u017eiagos: vitaminas A 18 000 TV, vitaminas D3 1 800 TV, vitaminas E 180 mg, vitaminas B1 5,3 mg, vitaminas B2 8,5 mg, vitaminas B6 7,2 mg, vitaminas B12 0,07 mg, vitaminas C 180 mg, niacinas 45 mg, pantoteno r\u016bg\u0161tis 17 mg, folio r\u016bg\u0161tis 0,7 mg, biotinas 0,42 mg, jodas 4 mg, selenas 0,35 mg, gele\u017eis 110 mg, varis 13 mg, cinkas 130 mg, manganas 12 mg, cholino chloridas 1900 mg, gliukozaminas 400 mg\/kg, chondroitino sulfatas 350 mg\/kg. Antioksidantai: tokoferoliais turtingi augalini\u0173 aliej\u0173 ekstraktai. Metabolizuojama energija 3840 kcal\/kg Rekomenduojamos \u0161\u0117rimo instrukcijos: Per\u0117jimas prie \u0161io pa\u0161aro tur\u0117t\u0173 b\u016bti palaipsnis. Visada u\u017etikrinkite prieig\u0105 prie \u0161vie\u017eio geriamojo vandens. Laikyti v\u0117sioje ir sausoje vietoje, atokiai nuo tiesiogini\u0173 saul\u0117s spinduli\u0173. \u0160uniuko am\u017eius \u2192 Dienos pa\u0161aro kiekis (g) pagal k\u016bno mas\u0119 (Atkreipkite d\u0117mes\u012f, kad lentel\u0117je nurodytas numatomas suaugusio \u0161uns svoris)   Am\u017eius 2 kg 4 kg 6 kg 8 kg 10 kg 15 kg 20 kg 25 kg  5\u20136 savait\u0117s 30 30 60 90 90 120 140 170  6\u20137 savait\u0117s 40 40 80 120 120 150 190 225  7\u20138 savait\u0117s 50 60 95 145 145 190 230 280  9\u201313 savait\u0117s 60 110 160 190 235 235 275 310  14\u201318 savait\u0117s 70 130 175 200 240 270 310 345\" \/>\n<meta property=\"og:url\" content=\"https:\/\/miumjau.ee\/lt\/produktas\/saltai-spaustas-maistas-suniukams-ibero-starter-antis-ir-kalakutiena-3-kg\/\" \/>\n<meta property=\"og:site_name\" content=\"MiuMjau\" \/>\n<meta property=\"article:publisher\" content=\"https:\/\/www.facebook.com\/miumjaupood\/\" \/>\n<meta property=\"article:modified_time\" content=\"2026-01-07T18:53:34+00:00\" \/>\n<meta property=\"og:image\" content=\"https:\/\/miumjau.ee\/wp-content\/uploads\/2025\/07\/ibero-koer-kulmpressitud-starter-3kg.jpg\" \/>\n\t<meta property=\"og:image:width\" content=\"600\" \/>\n\t<meta property=\"og:image:height\" content=\"800\" \/>\n\t<meta property=\"og:image:type\" content=\"image\/jpeg\" \/>\n<meta name=\"twitter:card\" content=\"summary_large_image\" \/>\n<script type=\"application\/ld+json\" class=\"yoast-schema-graph\">{\"@context\":\"https:\/\/schema.org\",\"@graph\":[{\"@type\":\"WebPage\",\"@id\":\"https:\/\/miumjau.ee\/lt\/produktas\/saltai-spaustas-maistas-suniukams-ibero-starter-antis-ir-kalakutiena-3-kg\/\",\"url\":\"https:\/\/miumjau.ee\/lt\/produktas\/saltai-spaustas-maistas-suniukams-ibero-starter-antis-ir-kalakutiena-3-kg\/\",\"name\":\"\u0160altai spaustas maistas \u0161uniukams Ibero Starter, antis ir kalakutiena 3 kg - MiuMjau\",\"isPartOf\":{\"@id\":\"https:\/\/miumjau.ee\/#website\"},\"primaryImageOfPage\":{\"@id\":\"https:\/\/miumjau.ee\/lt\/produktas\/saltai-spaustas-maistas-suniukams-ibero-starter-antis-ir-kalakutiena-3-kg\/#primaryimage\"},\"image\":{\"@id\":\"https:\/\/miumjau.ee\/lt\/produktas\/saltai-spaustas-maistas-suniukams-ibero-starter-antis-ir-kalakutiena-3-kg\/#primaryimage\"},\"thumbnailUrl\":\"https:\/\/miumjau.ee\/wp-content\/uploads\/2025\/07\/ibero-koer-kulmpressitud-starter-3kg.jpg\",\"datePublished\":\"2025-07-22T20:55:21+00:00\",\"dateModified\":\"2026-01-07T18:53:34+00:00\",\"breadcrumb\":{\"@id\":\"https:\/\/miumjau.ee\/lt\/produktas\/saltai-spaustas-maistas-suniukams-ibero-starter-antis-ir-kalakutiena-3-kg\/#breadcrumb\"},\"inLanguage\":\"lt-LT\",\"potentialAction\":[{\"@type\":\"ReadAction\",\"target\":[\"https:\/\/miumjau.ee\/lt\/produktas\/saltai-spaustas-maistas-suniukams-ibero-starter-antis-ir-kalakutiena-3-kg\/\"]}]},{\"@type\":\"ImageObject\",\"inLanguage\":\"lt-LT\",\"@id\":\"https:\/\/miumjau.ee\/lt\/produktas\/saltai-spaustas-maistas-suniukams-ibero-starter-antis-ir-kalakutiena-3-kg\/#primaryimage\",\"url\":\"https:\/\/miumjau.ee\/wp-content\/uploads\/2025\/07\/ibero-koer-kulmpressitud-starter-3kg.jpg\",\"contentUrl\":\"https:\/\/miumjau.ee\/wp-content\/uploads\/2025\/07\/ibero-koer-kulmpressitud-starter-3kg.jpg\",\"width\":600,\"height\":800,\"caption\":\"K\u00fclmpressitud toit kutsikatele Ibero Starter, part ja kalkun 3kg\"},{\"@type\":\"BreadcrumbList\",\"@id\":\"https:\/\/miumjau.ee\/lt\/produktas\/saltai-spaustas-maistas-suniukams-ibero-starter-antis-ir-kalakutiena-3-kg\/#breadcrumb\",\"itemListElement\":[{\"@type\":\"ListItem\",\"position\":1,\"name\":\"Home\",\"item\":\"https:\/\/miumjau.ee\/lt\/\"},{\"@type\":\"ListItem\",\"position\":2,\"name\":\"Parduotuv\u0117\",\"item\":\"https:\/\/miumjau.ee\/lt\/parduotuve\/\"},{\"@type\":\"ListItem\",\"position\":3,\"name\":\"\u0160altai spaustas maistas \u0161uniukams Ibero Starter, antis ir kalakutiena 3 kg\"}]},{\"@type\":\"WebSite\",\"@id\":\"https:\/\/miumjau.ee\/#website\",\"url\":\"https:\/\/miumjau.ee\/\",\"name\":\"MiuMjau\",\"description\":\"Kraapimispuud kassidele\",\"publisher\":{\"@id\":\"https:\/\/miumjau.ee\/#organization\"},\"potentialAction\":[{\"@type\":\"SearchAction\",\"target\":{\"@type\":\"EntryPoint\",\"urlTemplate\":\"https:\/\/miumjau.ee\/?s={search_term_string}\"},\"query-input\":{\"@type\":\"PropertyValueSpecification\",\"valueRequired\":true,\"valueName\":\"search_term_string\"}}],\"inLanguage\":\"lt-LT\"},{\"@type\":\"Organization\",\"@id\":\"https:\/\/miumjau.ee\/#organization\",\"name\":\"MiuMjau O\u00dc\",\"url\":\"https:\/\/miumjau.ee\/\",\"logo\":{\"@type\":\"ImageObject\",\"inLanguage\":\"lt-LT\",\"@id\":\"https:\/\/miumjau.ee\/#\/schema\/logo\/image\/\",\"url\":\"https:\/\/miumjau.ee\/wp-content\/uploads\/2022\/04\/MiuMjau-logo-kollane.png\",\"contentUrl\":\"https:\/\/miumjau.ee\/wp-content\/uploads\/2022\/04\/MiuMjau-logo-kollane.png\",\"width\":219,\"height\":100,\"caption\":\"MiuMjau O\u00dc\"},\"image\":{\"@id\":\"https:\/\/miumjau.ee\/#\/schema\/logo\/image\/\"},\"sameAs\":[\"https:\/\/www.facebook.com\/miumjaupood\/\"]}]}<\/script>\n<!-- \/ Yoast SEO plugin. -->","yoast_head_json":{"title":"\u0160altai spaustas maistas \u0161uniukams Ibero Starter, antis ir kalakutiena 3 kg - MiuMjau","robots":{"index":"index","follow":"follow","max-snippet":"max-snippet:-1","max-image-preview":"max-image-preview:large","max-video-preview":"max-video-preview:-1"},"canonical":"https:\/\/miumjau.ee\/lt\/produktas\/saltai-spaustas-maistas-suniukams-ibero-starter-antis-ir-kalakutiena-3-kg\/","og_locale":"lt_LT","og_type":"article","og_title":"\u0160altai spaustas maistas \u0161uniukams Ibero Starter, antis ir kalakutiena 3 kg - MiuMjau","og_description":"\u0160altai spaustas visavertis pa\u0161aras \u2013 tinka vis\u0173 veisli\u0173 \u0161uniukams nuo 5 savai\u010di\u0173 iki 4 m\u0117nesi\u0173 am\u017eiaus. \u0160altai spaustas pa\u0161aras yra maistingesnis \u2013 reikalingas ma\u017eesnis kiekis. Nors kaina gali b\u016bti didesn\u0117, mai\u0161as trunka ilgiau, tod\u0117l galiausiai tai gali b\u016bti ekonomi\u0161kesnis pasirinkimas. Pa\u0161are ma\u017eai gr\u016bd\u0173 \u2013 pirmenyb\u0117 teikiama bulv\u0117ms ir sald\u017eiosioms bulv\u0117ms. Tinka ir n\u0117\u0161\u010dioms kal\u0117ms. Sudedamosios dalys: D\u017eiovinta kalakutiena ir antiena (39%), d\u017eiovintos sald\u017eiosios bulv\u0117s, d\u017eiovintos bulv\u0117s, kalakut\u0173 riebalai (14%), kalakut\u0173 baltymai (13%), avi\u017e\u0173 dribsniai (8%), d\u017eiovintas moli\u016bgas (2%), kiau\u0161ini\u0173 milteliai, d\u017eiovintos morkos (1,2%), lin\u0173 s\u0117menys, cikorij\u0173 ekstraktas, d\u017eiovintos \u017eolel\u0117s, beta gliukanai, vitamin\u0173 ir mineral\u0173 mi\u0161inys. Analitin\u0117 sud\u0117tis: \u017dali baltymai 28%, \u017eali riebalai 18%, \u017ealios skaidulos 3,4%, \u017eali pelenai 5,4%, kalcis 1,1%, fosforas 0,85%, natris 0,15%, dr\u0117gm\u0117 iki 10%. Priedai (kg): Maistin\u0117s med\u017eiagos: vitaminas A 18 000 TV, vitaminas D3 1 800 TV, vitaminas E 180 mg, vitaminas B1 5,3 mg, vitaminas B2 8,5 mg, vitaminas B6 7,2 mg, vitaminas B12 0,07 mg, vitaminas C 180 mg, niacinas 45 mg, pantoteno r\u016bg\u0161tis 17 mg, folio r\u016bg\u0161tis 0,7 mg, biotinas 0,42 mg, jodas 4 mg, selenas 0,35 mg, gele\u017eis 110 mg, varis 13 mg, cinkas 130 mg, manganas 12 mg, cholino chloridas 1900 mg, gliukozaminas 400 mg\/kg, chondroitino sulfatas 350 mg\/kg. Antioksidantai: tokoferoliais turtingi augalini\u0173 aliej\u0173 ekstraktai. Metabolizuojama energija 3840 kcal\/kg Rekomenduojamos \u0161\u0117rimo instrukcijos: Per\u0117jimas prie \u0161io pa\u0161aro tur\u0117t\u0173 b\u016bti palaipsnis. Visada u\u017etikrinkite prieig\u0105 prie \u0161vie\u017eio geriamojo vandens. Laikyti v\u0117sioje ir sausoje vietoje, atokiai nuo tiesiogini\u0173 saul\u0117s spinduli\u0173. \u0160uniuko am\u017eius \u2192 Dienos pa\u0161aro kiekis (g) pagal k\u016bno mas\u0119 (Atkreipkite d\u0117mes\u012f, kad lentel\u0117je nurodytas numatomas suaugusio \u0161uns svoris)   Am\u017eius 2 kg 4 kg 6 kg 8 kg 10 kg 15 kg 20 kg 25 kg  5\u20136 savait\u0117s 30 30 60 90 90 120 140 170  6\u20137 savait\u0117s 40 40 80 120 120 150 190 225  7\u20138 savait\u0117s 50 60 95 145 145 190 230 280  9\u201313 savait\u0117s 60 110 160 190 235 235 275 310  14\u201318 savait\u0117s 70 130 175 200 240 270 310 345","og_url":"https:\/\/miumjau.ee\/lt\/produktas\/saltai-spaustas-maistas-suniukams-ibero-starter-antis-ir-kalakutiena-3-kg\/","og_site_name":"MiuMjau","article_publisher":"https:\/\/www.facebook.com\/miumjaupood\/","article_modified_time":"2026-01-07T18:53:34+00:00","og_image":[{"width":600,"height":800,"url":"https:\/\/miumjau.ee\/wp-content\/uploads\/2025\/07\/ibero-koer-kulmpressitud-starter-3kg.jpg","type":"image\/jpeg"}],"twitter_card":"summary_large_image","schema":{"@context":"https:\/\/schema.org","@graph":[{"@type":"WebPage","@id":"https:\/\/miumjau.ee\/lt\/produktas\/saltai-spaustas-maistas-suniukams-ibero-starter-antis-ir-kalakutiena-3-kg\/","url":"https:\/\/miumjau.ee\/lt\/produktas\/saltai-spaustas-maistas-suniukams-ibero-starter-antis-ir-kalakutiena-3-kg\/","name":"\u0160altai spaustas maistas \u0161uniukams Ibero Starter, antis ir kalakutiena 3 kg - MiuMjau","isPartOf":{"@id":"https:\/\/miumjau.ee\/#website"},"primaryImageOfPage":{"@id":"https:\/\/miumjau.ee\/lt\/produktas\/saltai-spaustas-maistas-suniukams-ibero-starter-antis-ir-kalakutiena-3-kg\/#primaryimage"},"image":{"@id":"https:\/\/miumjau.ee\/lt\/produktas\/saltai-spaustas-maistas-suniukams-ibero-starter-antis-ir-kalakutiena-3-kg\/#primaryimage"},"thumbnailUrl":"https:\/\/miumjau.ee\/wp-content\/uploads\/2025\/07\/ibero-koer-kulmpressitud-starter-3kg.jpg","datePublished":"2025-07-22T20:55:21+00:00","dateModified":"2026-01-07T18:53:34+00:00","breadcrumb":{"@id":"https:\/\/miumjau.ee\/lt\/produktas\/saltai-spaustas-maistas-suniukams-ibero-starter-antis-ir-kalakutiena-3-kg\/#breadcrumb"},"inLanguage":"lt-LT","potentialAction":[{"@type":"ReadAction","target":["https:\/\/miumjau.ee\/lt\/produktas\/saltai-spaustas-maistas-suniukams-ibero-starter-antis-ir-kalakutiena-3-kg\/"]}]},{"@type":"ImageObject","inLanguage":"lt-LT","@id":"https:\/\/miumjau.ee\/lt\/produktas\/saltai-spaustas-maistas-suniukams-ibero-starter-antis-ir-kalakutiena-3-kg\/#primaryimage","url":"https:\/\/miumjau.ee\/wp-content\/uploads\/2025\/07\/ibero-koer-kulmpressitud-starter-3kg.jpg","contentUrl":"https:\/\/miumjau.ee\/wp-content\/uploads\/2025\/07\/ibero-koer-kulmpressitud-starter-3kg.jpg","width":600,"height":800,"caption":"K\u00fclmpressitud toit kutsikatele Ibero Starter, part ja kalkun 3kg"},{"@type":"BreadcrumbList","@id":"https:\/\/miumjau.ee\/lt\/produktas\/saltai-spaustas-maistas-suniukams-ibero-starter-antis-ir-kalakutiena-3-kg\/#breadcrumb","itemListElement":[{"@type":"ListItem","position":1,"name":"Home","item":"https:\/\/miumjau.ee\/lt\/"},{"@type":"ListItem","position":2,"name":"Parduotuv\u0117","item":"https:\/\/miumjau.ee\/lt\/parduotuve\/"},{"@type":"ListItem","position":3,"name":"\u0160altai spaustas maistas \u0161uniukams Ibero Starter, antis ir kalakutiena 3 kg"}]},{"@type":"WebSite","@id":"https:\/\/miumjau.ee\/#website","url":"https:\/\/miumjau.ee\/","name":"MiuMjau","description":"Kraapimispuud kassidele","publisher":{"@id":"https:\/\/miumjau.ee\/#organization"},"potentialAction":[{"@type":"SearchAction","target":{"@type":"EntryPoint","urlTemplate":"https:\/\/miumjau.ee\/?s={search_term_string}"},"query-input":{"@type":"PropertyValueSpecification","valueRequired":true,"valueName":"search_term_string"}}],"inLanguage":"lt-LT"},{"@type":"Organization","@id":"https:\/\/miumjau.ee\/#organization","name":"MiuMjau O\u00dc","url":"https:\/\/miumjau.ee\/","logo":{"@type":"ImageObject","inLanguage":"lt-LT","@id":"https:\/\/miumjau.ee\/#\/schema\/logo\/image\/","url":"https:\/\/miumjau.ee\/wp-content\/uploads\/2022\/04\/MiuMjau-logo-kollane.png","contentUrl":"https:\/\/miumjau.ee\/wp-content\/uploads\/2022\/04\/MiuMjau-logo-kollane.png","width":219,"height":100,"caption":"MiuMjau O\u00dc"},"image":{"@id":"https:\/\/miumjau.ee\/#\/schema\/logo\/image\/"},"sameAs":["https:\/\/www.facebook.com\/miumjaupood\/"]}]}},"_links":{"self":[{"href":"https:\/\/miumjau.ee\/lt\/wp-json\/wp\/v2\/product\/41157","targetHints":{"allow":["GET"]}}],"collection":[{"href":"https:\/\/miumjau.ee\/lt\/wp-json\/wp\/v2\/product"}],"about":[{"href":"https:\/\/miumjau.ee\/lt\/wp-json\/wp\/v2\/types\/product"}],"wp:featuredmedia":[{"embeddable":true,"href":"https:\/\/miumjau.ee\/lt\/wp-json\/wp\/v2\/media\/41219"}],"wp:attachment":[{"href":"https:\/\/miumjau.ee\/lt\/wp-json\/wp\/v2\/media?parent=41157"}],"wp:term":[{"taxonomy":"product_brand","embeddable":true,"href":"https:\/\/miumjau.ee\/lt\/wp-json\/wp\/v2\/product_brand?post=41157"},{"taxonomy":"product_cat","embeddable":true,"href":"https:\/\/miumjau.ee\/lt\/wp-json\/wp\/v2\/product_cat?post=41157"},{"taxonomy":"product_tag","embeddable":true,"href":"https:\/\/miumjau.ee\/lt\/wp-json\/wp\/v2\/product_tag?post=41157"}],"curies":[{"name":"wp","href":"https:\/\/api.w.org\/{rel}","templated":true}]}}