{"id":41156,"date":"2025-07-23T00:43:26","date_gmt":"2025-07-22T21:43:26","guid":{"rendered":"https:\/\/miumjau.ee\/toode\/saltai-spaustas-maistas-ibero-vidutinems-ir-didelems-veislems-jautiena-3-kg\/"},"modified":"2026-01-07T20:53:34","modified_gmt":"2026-01-07T18:53:34","slug":"saltai-spaustas-maistas-ibero-vidutinems-ir-didelems-veislems-jautiena-3-kg","status":"publish","type":"product","link":"https:\/\/miumjau.ee\/lt\/produktas\/saltai-spaustas-maistas-ibero-vidutinems-ir-didelems-veislems-jautiena-3-kg\/","title":{"rendered":"\u0160altai spaustas maistas Ibero vidutin\u0117ms ir didel\u0117ms veisl\u0117ms, jautiena 3 kg"},"content":{"rendered":"","protected":false},"excerpt":{"rendered":"<p>\u0160altai spaustas visavertis pa\u0161aras, kuriame yra visos maistin\u0117s med\u017eiagos, reikalingos suaugusiems vidutini\u0173 ir dideli\u0173 veisli\u0173 \u0161unims.<br \/>\nAtsi\u017evelgia \u012f j\u0173 ypatumus, \u012fskaitant:<\/p>\n<ul>\n<li>\nLabai koncentruotas \u2013 \u0161uo gauna ma\u017e\u0105 kiek\u012f lengvai vir\u0161kinamo pa\u0161aro, kuris reik\u0161mingai suma\u017eina skrand\u017eio susisukimo rizik\u0105.\n<\/li>\n<li>\nTurtingas skoniu \u2013 d\u0117l i\u0161saugot\u0173 nat\u016brali\u0173 maistini\u0173 med\u017eiag\u0173 ir aromat\u0173, kas didina \u0161uns apetit\u0105.\n<\/li>\n<li>\nSu gliukozaminu ir chondroitinu \u2013 b\u016btinas priedas s\u0105nari\u0173 sveikatai palaikyti.\n<\/li>\n<li>\nBeta gliukanai \u2013 imunin\u0117s sistemos pusiausvyrai palaikyti.\n<\/li>\n<li>\nNeso\u010diosios riebal\u0173 r\u016bg\u0161tys \u2013 u\u017edegim\u0173 prevencijai ir normaliai organizmo veiklai.\n<\/li>\n<li>\nBiotinas ir cinkas \u2013 sveikai odai ir kailiui.\n<\/li>\n<li>\nD\u0117l gamybos technologijos ypa\u010d vertingas aktyviems \u0161unims bei n\u0117\u0161\u010dioms ir \u017eindan\u010dioms kal\u0117ms.\n<\/li>\n<\/ul>\n<p><strong>Sudedamosios dalys:<\/strong> D\u017eiovinta jautiena (31%), riebalai (13%), d\u017eiovintos sald\u017eiosios bulv\u0117s, d\u017eiovintos bulv\u0117s, avi\u017e\u0173 dribsniai (8%), kiaulienos kepenys (5%), d\u017eiovintas moli\u016bgas (2%), d\u017eiovintos kiaulienos kepenys (2%), kukur\u016bz\u0173 dribsniai, d\u017eiovintos morkos (1,2%), lin\u0173 s\u0117menys, cikorij\u0173 ekstraktas, d\u017eiovintos \u017eolel\u0117s, beta gliukanai, kremzli\u0173 ekstraktas, vitamin\u0173 ir mineral\u0173 mi\u0161inys.<br \/>\n<strong>Analitin\u0117 sud\u0117tis:<\/strong> \u017dali baltymai 24%, \u017eali riebalai 14%, \u017ealios skaidulos 3,4%, \u017eali pelenai 7,3%, kalcis 1,1%, fosforas 0,85%, natris 0,15%, dr\u0117gm\u0117 iki 10%.<br \/>\n<strong>Priedai:<\/strong> Vitaminas A 17 331 TV, vitaminas D3 1 733 TV, vitaminas E 173 mg, vitaminas B1 5,09 mg, vitaminas B2 9 mg, vitaminas B6 6,9 mg, vitaminas B12 0,07 mg, vitaminas C 121 mg, niacinas 43,1 mg, pantoteno r\u016bg\u0161tis 17,8 mg, folio r\u016bg\u0161tis 0,69 mg, biotinas 0,43 mg, jodas 4,6 mg, selenas 0,38 mg, gele\u017eis 101 mg, varis 12,1 mg, cinkas 129 mg, manganas 12,1 mg, cholino chloridas 1 872 mg, gliukozaminas 404 mg\/kg, chondroitino sulfatas 353 mg\/kg.<br \/>\n<strong>Rekomenduojamos \u0161\u0117rimo ir laikymo instrukcijos<\/strong>: Duokite granuli\u0173 pagal gyv\u016bno fizin\u0119 b\u016bkl\u0119, u\u017etikrinant \u0161vie\u017eio vandens prieinamum\u0105. Nenaudokite ekstruzinio pa\u0161aro matavimo ind\u0173 \u2013 \u0161altai spaustas pa\u0161aras yra kur kas tankesnis, tad naudokite sv\u0117rim\u0105 (\u017er. lentel\u0119 \u017eemiau). Jei kei\u010diate ekstruzin\u012f saus\u0105 maist\u0105 \u012f \u0161altai spaust\u0105, rekomenduojamas palaipsnis per\u0117jimas (per 7\u201310 dien\u0173), nes \u0161ie pa\u0161ar\u0173 tipai vir\u0161kinami skirtingai \u2013 \u0161altai spaustas maistas tirpsta skrandyje, o ekstruzinis brinksta. Staigus per\u0117jimas gali sukelti vir\u0161kinimo sutrikim\u0173. Tinkamumo vartoti terminas nurodytas ant pakuot\u0117s. Laikyti v\u0117sioje ir sausoje vietoje, atokiai nuo tiesiogini\u0173 saul\u0117s spinduli\u0173.<br \/>\n<strong>Rekomenduojamas dienos pa\u0161aro kiekis:<\/strong> 10 kg \u0161uo \u2013 125 g; 12 kg \u2013 145 g; 15 kg \u2013 165 g; 20 kg \u2013 220 g; 25 kg \u2013 250 g; 30 kg \u2013 270 g; 35 kg \u2013 300 g; 40 kg \u2013 350 g; 50 kg \u2013 410 g<\/p>\n","protected":false},"featured_media":41218,"template":"","meta":[],"product_brand":[],"product_cat":[538,524],"product_tag":[],"class_list":{"0":"post-41156","1":"product","2":"type-product","3":"status-publish","4":"has-post-thumbnail","6":"product_cat-sausas-maistas-sunims","7":"product_cat-kaup24-lt","9":"first","10":"instock","11":"sale","12":"taxable","13":"shipping-taxable","14":"purchasable","15":"product-type-simple"},"yoast_head":"<!-- This site is optimized with the Yoast SEO plugin v27.2 - https:\/\/yoast.com\/product\/yoast-seo-wordpress\/ -->\n<title>\u0160altai spaustas maistas Ibero vidutin\u0117ms ir didel\u0117ms veisl\u0117ms, jautiena 3 kg - MiuMjau<\/title>\n<meta name=\"robots\" content=\"index, follow, max-snippet:-1, max-image-preview:large, max-video-preview:-1\" \/>\n<link rel=\"canonical\" href=\"https:\/\/miumjau.ee\/lt\/produktas\/saltai-spaustas-maistas-ibero-vidutinems-ir-didelems-veislems-jautiena-3-kg\/\" \/>\n<meta property=\"og:locale\" content=\"lt_LT\" \/>\n<meta property=\"og:type\" content=\"article\" \/>\n<meta property=\"og:title\" content=\"\u0160altai spaustas maistas Ibero vidutin\u0117ms ir didel\u0117ms veisl\u0117ms, jautiena 3 kg - MiuMjau\" \/>\n<meta property=\"og:description\" content=\"\u0160altai spaustas visavertis pa\u0161aras, kuriame yra visos maistin\u0117s med\u017eiagos, reikalingos suaugusiems vidutini\u0173 ir dideli\u0173 veisli\u0173 \u0161unims. Atsi\u017evelgia \u012f j\u0173 ypatumus, \u012fskaitant:  Labai koncentruotas \u2013 \u0161uo gauna ma\u017e\u0105 kiek\u012f lengvai vir\u0161kinamo pa\u0161aro, kuris reik\u0161mingai suma\u017eina skrand\u017eio susisukimo rizik\u0105.  Turtingas skoniu \u2013 d\u0117l i\u0161saugot\u0173 nat\u016brali\u0173 maistini\u0173 med\u017eiag\u0173 ir aromat\u0173, kas didina \u0161uns apetit\u0105.  Su gliukozaminu ir chondroitinu \u2013 b\u016btinas priedas s\u0105nari\u0173 sveikatai palaikyti.  Beta gliukanai \u2013 imunin\u0117s sistemos pusiausvyrai palaikyti.  Neso\u010diosios riebal\u0173 r\u016bg\u0161tys \u2013 u\u017edegim\u0173 prevencijai ir normaliai organizmo veiklai.  Biotinas ir cinkas \u2013 sveikai odai ir kailiui.  D\u0117l gamybos technologijos ypa\u010d vertingas aktyviems \u0161unims bei n\u0117\u0161\u010dioms ir \u017eindan\u010dioms kal\u0117ms.  Sudedamosios dalys: D\u017eiovinta jautiena (31%), riebalai (13%), d\u017eiovintos sald\u017eiosios bulv\u0117s, d\u017eiovintos bulv\u0117s, avi\u017e\u0173 dribsniai (8%), kiaulienos kepenys (5%), d\u017eiovintas moli\u016bgas (2%), d\u017eiovintos kiaulienos kepenys (2%), kukur\u016bz\u0173 dribsniai, d\u017eiovintos morkos (1,2%), lin\u0173 s\u0117menys, cikorij\u0173 ekstraktas, d\u017eiovintos \u017eolel\u0117s, beta gliukanai, kremzli\u0173 ekstraktas, vitamin\u0173 ir mineral\u0173 mi\u0161inys. Analitin\u0117 sud\u0117tis: \u017dali baltymai 24%, \u017eali riebalai 14%, \u017ealios skaidulos 3,4%, \u017eali pelenai 7,3%, kalcis 1,1%, fosforas 0,85%, natris 0,15%, dr\u0117gm\u0117 iki 10%. Priedai: Vitaminas A 17 331 TV, vitaminas D3 1 733 TV, vitaminas E 173 mg, vitaminas B1 5,09 mg, vitaminas B2 9 mg, vitaminas B6 6,9 mg, vitaminas B12 0,07 mg, vitaminas C 121 mg, niacinas 43,1 mg, pantoteno r\u016bg\u0161tis 17,8 mg, folio r\u016bg\u0161tis 0,69 mg, biotinas 0,43 mg, jodas 4,6 mg, selenas 0,38 mg, gele\u017eis 101 mg, varis 12,1 mg, cinkas 129 mg, manganas 12,1 mg, cholino chloridas 1 872 mg, gliukozaminas 404 mg\/kg, chondroitino sulfatas 353 mg\/kg. Rekomenduojamos \u0161\u0117rimo ir laikymo instrukcijos: Duokite granuli\u0173 pagal gyv\u016bno fizin\u0119 b\u016bkl\u0119, u\u017etikrinant \u0161vie\u017eio vandens prieinamum\u0105. Nenaudokite ekstruzinio pa\u0161aro matavimo ind\u0173 \u2013 \u0161altai spaustas pa\u0161aras yra kur kas tankesnis, tad naudokite sv\u0117rim\u0105 (\u017er. lentel\u0119 \u017eemiau). Jei kei\u010diate ekstruzin\u012f saus\u0105 maist\u0105 \u012f \u0161altai spaust\u0105, rekomenduojamas palaipsnis per\u0117jimas (per 7\u201310 dien\u0173), nes \u0161ie pa\u0161ar\u0173 tipai vir\u0161kinami skirtingai \u2013 \u0161altai spaustas maistas tirpsta skrandyje, o ekstruzinis brinksta. Staigus per\u0117jimas gali sukelti vir\u0161kinimo sutrikim\u0173. Tinkamumo vartoti terminas nurodytas ant pakuot\u0117s. Laikyti v\u0117sioje ir sausoje vietoje, atokiai nuo tiesiogini\u0173 saul\u0117s spinduli\u0173. Rekomenduojamas dienos pa\u0161aro kiekis: 10 kg \u0161uo \u2013 125 g; 12 kg \u2013 145 g; 15 kg \u2013 165 g; 20 kg \u2013 220 g; 25 kg \u2013 250 g; 30 kg \u2013 270 g; 35 kg \u2013 300 g; 40 kg \u2013 350 g; 50 kg \u2013 410 g\" \/>\n<meta property=\"og:url\" content=\"https:\/\/miumjau.ee\/lt\/produktas\/saltai-spaustas-maistas-ibero-vidutinems-ir-didelems-veislems-jautiena-3-kg\/\" \/>\n<meta property=\"og:site_name\" content=\"MiuMjau\" \/>\n<meta property=\"article:publisher\" content=\"https:\/\/www.facebook.com\/miumjaupood\/\" \/>\n<meta property=\"article:modified_time\" content=\"2026-01-07T18:53:34+00:00\" \/>\n<meta property=\"og:image\" content=\"https:\/\/miumjau.ee\/wp-content\/uploads\/2025\/07\/ibero-koer-kulmpressitud-ML-veis-3kg.jpg\" \/>\n\t<meta property=\"og:image:width\" content=\"600\" \/>\n\t<meta property=\"og:image:height\" content=\"800\" \/>\n\t<meta property=\"og:image:type\" content=\"image\/jpeg\" \/>\n<meta name=\"twitter:card\" content=\"summary_large_image\" \/>\n<script type=\"application\/ld+json\" class=\"yoast-schema-graph\">{\"@context\":\"https:\/\/schema.org\",\"@graph\":[{\"@type\":\"WebPage\",\"@id\":\"https:\/\/miumjau.ee\/lt\/produktas\/saltai-spaustas-maistas-ibero-vidutinems-ir-didelems-veislems-jautiena-3-kg\/\",\"url\":\"https:\/\/miumjau.ee\/lt\/produktas\/saltai-spaustas-maistas-ibero-vidutinems-ir-didelems-veislems-jautiena-3-kg\/\",\"name\":\"\u0160altai spaustas maistas Ibero vidutin\u0117ms ir didel\u0117ms veisl\u0117ms, jautiena 3 kg - MiuMjau\",\"isPartOf\":{\"@id\":\"https:\/\/miumjau.ee\/#website\"},\"primaryImageOfPage\":{\"@id\":\"https:\/\/miumjau.ee\/lt\/produktas\/saltai-spaustas-maistas-ibero-vidutinems-ir-didelems-veislems-jautiena-3-kg\/#primaryimage\"},\"image\":{\"@id\":\"https:\/\/miumjau.ee\/lt\/produktas\/saltai-spaustas-maistas-ibero-vidutinems-ir-didelems-veislems-jautiena-3-kg\/#primaryimage\"},\"thumbnailUrl\":\"https:\/\/miumjau.ee\/wp-content\/uploads\/2025\/07\/ibero-koer-kulmpressitud-ML-veis-3kg.jpg\",\"datePublished\":\"2025-07-22T21:43:26+00:00\",\"dateModified\":\"2026-01-07T18:53:34+00:00\",\"breadcrumb\":{\"@id\":\"https:\/\/miumjau.ee\/lt\/produktas\/saltai-spaustas-maistas-ibero-vidutinems-ir-didelems-veislems-jautiena-3-kg\/#breadcrumb\"},\"inLanguage\":\"lt-LT\",\"potentialAction\":[{\"@type\":\"ReadAction\",\"target\":[\"https:\/\/miumjau.ee\/lt\/produktas\/saltai-spaustas-maistas-ibero-vidutinems-ir-didelems-veislems-jautiena-3-kg\/\"]}]},{\"@type\":\"ImageObject\",\"inLanguage\":\"lt-LT\",\"@id\":\"https:\/\/miumjau.ee\/lt\/produktas\/saltai-spaustas-maistas-ibero-vidutinems-ir-didelems-veislems-jautiena-3-kg\/#primaryimage\",\"url\":\"https:\/\/miumjau.ee\/wp-content\/uploads\/2025\/07\/ibero-koer-kulmpressitud-ML-veis-3kg.jpg\",\"contentUrl\":\"https:\/\/miumjau.ee\/wp-content\/uploads\/2025\/07\/ibero-koer-kulmpressitud-ML-veis-3kg.jpg\",\"width\":600,\"height\":800,\"caption\":\"K\u00fclmpressitud toit Ibero keskmistele ja suurtele t\u00f5ugudele, veis 3kg\"},{\"@type\":\"BreadcrumbList\",\"@id\":\"https:\/\/miumjau.ee\/lt\/produktas\/saltai-spaustas-maistas-ibero-vidutinems-ir-didelems-veislems-jautiena-3-kg\/#breadcrumb\",\"itemListElement\":[{\"@type\":\"ListItem\",\"position\":1,\"name\":\"Home\",\"item\":\"https:\/\/miumjau.ee\/lt\/\"},{\"@type\":\"ListItem\",\"position\":2,\"name\":\"Parduotuv\u0117\",\"item\":\"https:\/\/miumjau.ee\/lt\/parduotuve\/\"},{\"@type\":\"ListItem\",\"position\":3,\"name\":\"\u0160altai spaustas maistas Ibero vidutin\u0117ms ir didel\u0117ms veisl\u0117ms, jautiena 3 kg\"}]},{\"@type\":\"WebSite\",\"@id\":\"https:\/\/miumjau.ee\/#website\",\"url\":\"https:\/\/miumjau.ee\/\",\"name\":\"MiuMjau\",\"description\":\"Kraapimispuud kassidele\",\"publisher\":{\"@id\":\"https:\/\/miumjau.ee\/#organization\"},\"potentialAction\":[{\"@type\":\"SearchAction\",\"target\":{\"@type\":\"EntryPoint\",\"urlTemplate\":\"https:\/\/miumjau.ee\/?s={search_term_string}\"},\"query-input\":{\"@type\":\"PropertyValueSpecification\",\"valueRequired\":true,\"valueName\":\"search_term_string\"}}],\"inLanguage\":\"lt-LT\"},{\"@type\":\"Organization\",\"@id\":\"https:\/\/miumjau.ee\/#organization\",\"name\":\"MiuMjau O\u00dc\",\"url\":\"https:\/\/miumjau.ee\/\",\"logo\":{\"@type\":\"ImageObject\",\"inLanguage\":\"lt-LT\",\"@id\":\"https:\/\/miumjau.ee\/#\/schema\/logo\/image\/\",\"url\":\"https:\/\/miumjau.ee\/wp-content\/uploads\/2022\/04\/MiuMjau-logo-kollane.png\",\"contentUrl\":\"https:\/\/miumjau.ee\/wp-content\/uploads\/2022\/04\/MiuMjau-logo-kollane.png\",\"width\":219,\"height\":100,\"caption\":\"MiuMjau O\u00dc\"},\"image\":{\"@id\":\"https:\/\/miumjau.ee\/#\/schema\/logo\/image\/\"},\"sameAs\":[\"https:\/\/www.facebook.com\/miumjaupood\/\"]}]}<\/script>\n<!-- \/ Yoast SEO plugin. -->","yoast_head_json":{"title":"\u0160altai spaustas maistas Ibero vidutin\u0117ms ir didel\u0117ms veisl\u0117ms, jautiena 3 kg - MiuMjau","robots":{"index":"index","follow":"follow","max-snippet":"max-snippet:-1","max-image-preview":"max-image-preview:large","max-video-preview":"max-video-preview:-1"},"canonical":"https:\/\/miumjau.ee\/lt\/produktas\/saltai-spaustas-maistas-ibero-vidutinems-ir-didelems-veislems-jautiena-3-kg\/","og_locale":"lt_LT","og_type":"article","og_title":"\u0160altai spaustas maistas Ibero vidutin\u0117ms ir didel\u0117ms veisl\u0117ms, jautiena 3 kg - MiuMjau","og_description":"\u0160altai spaustas visavertis pa\u0161aras, kuriame yra visos maistin\u0117s med\u017eiagos, reikalingos suaugusiems vidutini\u0173 ir dideli\u0173 veisli\u0173 \u0161unims. Atsi\u017evelgia \u012f j\u0173 ypatumus, \u012fskaitant:  Labai koncentruotas \u2013 \u0161uo gauna ma\u017e\u0105 kiek\u012f lengvai vir\u0161kinamo pa\u0161aro, kuris reik\u0161mingai suma\u017eina skrand\u017eio susisukimo rizik\u0105.  Turtingas skoniu \u2013 d\u0117l i\u0161saugot\u0173 nat\u016brali\u0173 maistini\u0173 med\u017eiag\u0173 ir aromat\u0173, kas didina \u0161uns apetit\u0105.  Su gliukozaminu ir chondroitinu \u2013 b\u016btinas priedas s\u0105nari\u0173 sveikatai palaikyti.  Beta gliukanai \u2013 imunin\u0117s sistemos pusiausvyrai palaikyti.  Neso\u010diosios riebal\u0173 r\u016bg\u0161tys \u2013 u\u017edegim\u0173 prevencijai ir normaliai organizmo veiklai.  Biotinas ir cinkas \u2013 sveikai odai ir kailiui.  D\u0117l gamybos technologijos ypa\u010d vertingas aktyviems \u0161unims bei n\u0117\u0161\u010dioms ir \u017eindan\u010dioms kal\u0117ms.  Sudedamosios dalys: D\u017eiovinta jautiena (31%), riebalai (13%), d\u017eiovintos sald\u017eiosios bulv\u0117s, d\u017eiovintos bulv\u0117s, avi\u017e\u0173 dribsniai (8%), kiaulienos kepenys (5%), d\u017eiovintas moli\u016bgas (2%), d\u017eiovintos kiaulienos kepenys (2%), kukur\u016bz\u0173 dribsniai, d\u017eiovintos morkos (1,2%), lin\u0173 s\u0117menys, cikorij\u0173 ekstraktas, d\u017eiovintos \u017eolel\u0117s, beta gliukanai, kremzli\u0173 ekstraktas, vitamin\u0173 ir mineral\u0173 mi\u0161inys. Analitin\u0117 sud\u0117tis: \u017dali baltymai 24%, \u017eali riebalai 14%, \u017ealios skaidulos 3,4%, \u017eali pelenai 7,3%, kalcis 1,1%, fosforas 0,85%, natris 0,15%, dr\u0117gm\u0117 iki 10%. Priedai: Vitaminas A 17 331 TV, vitaminas D3 1 733 TV, vitaminas E 173 mg, vitaminas B1 5,09 mg, vitaminas B2 9 mg, vitaminas B6 6,9 mg, vitaminas B12 0,07 mg, vitaminas C 121 mg, niacinas 43,1 mg, pantoteno r\u016bg\u0161tis 17,8 mg, folio r\u016bg\u0161tis 0,69 mg, biotinas 0,43 mg, jodas 4,6 mg, selenas 0,38 mg, gele\u017eis 101 mg, varis 12,1 mg, cinkas 129 mg, manganas 12,1 mg, cholino chloridas 1 872 mg, gliukozaminas 404 mg\/kg, chondroitino sulfatas 353 mg\/kg. Rekomenduojamos \u0161\u0117rimo ir laikymo instrukcijos: Duokite granuli\u0173 pagal gyv\u016bno fizin\u0119 b\u016bkl\u0119, u\u017etikrinant \u0161vie\u017eio vandens prieinamum\u0105. Nenaudokite ekstruzinio pa\u0161aro matavimo ind\u0173 \u2013 \u0161altai spaustas pa\u0161aras yra kur kas tankesnis, tad naudokite sv\u0117rim\u0105 (\u017er. lentel\u0119 \u017eemiau). Jei kei\u010diate ekstruzin\u012f saus\u0105 maist\u0105 \u012f \u0161altai spaust\u0105, rekomenduojamas palaipsnis per\u0117jimas (per 7\u201310 dien\u0173), nes \u0161ie pa\u0161ar\u0173 tipai vir\u0161kinami skirtingai \u2013 \u0161altai spaustas maistas tirpsta skrandyje, o ekstruzinis brinksta. Staigus per\u0117jimas gali sukelti vir\u0161kinimo sutrikim\u0173. Tinkamumo vartoti terminas nurodytas ant pakuot\u0117s. Laikyti v\u0117sioje ir sausoje vietoje, atokiai nuo tiesiogini\u0173 saul\u0117s spinduli\u0173. Rekomenduojamas dienos pa\u0161aro kiekis: 10 kg \u0161uo \u2013 125 g; 12 kg \u2013 145 g; 15 kg \u2013 165 g; 20 kg \u2013 220 g; 25 kg \u2013 250 g; 30 kg \u2013 270 g; 35 kg \u2013 300 g; 40 kg \u2013 350 g; 50 kg \u2013 410 g","og_url":"https:\/\/miumjau.ee\/lt\/produktas\/saltai-spaustas-maistas-ibero-vidutinems-ir-didelems-veislems-jautiena-3-kg\/","og_site_name":"MiuMjau","article_publisher":"https:\/\/www.facebook.com\/miumjaupood\/","article_modified_time":"2026-01-07T18:53:34+00:00","og_image":[{"width":600,"height":800,"url":"https:\/\/miumjau.ee\/wp-content\/uploads\/2025\/07\/ibero-koer-kulmpressitud-ML-veis-3kg.jpg","type":"image\/jpeg"}],"twitter_card":"summary_large_image","schema":{"@context":"https:\/\/schema.org","@graph":[{"@type":"WebPage","@id":"https:\/\/miumjau.ee\/lt\/produktas\/saltai-spaustas-maistas-ibero-vidutinems-ir-didelems-veislems-jautiena-3-kg\/","url":"https:\/\/miumjau.ee\/lt\/produktas\/saltai-spaustas-maistas-ibero-vidutinems-ir-didelems-veislems-jautiena-3-kg\/","name":"\u0160altai spaustas maistas Ibero vidutin\u0117ms ir didel\u0117ms veisl\u0117ms, jautiena 3 kg - MiuMjau","isPartOf":{"@id":"https:\/\/miumjau.ee\/#website"},"primaryImageOfPage":{"@id":"https:\/\/miumjau.ee\/lt\/produktas\/saltai-spaustas-maistas-ibero-vidutinems-ir-didelems-veislems-jautiena-3-kg\/#primaryimage"},"image":{"@id":"https:\/\/miumjau.ee\/lt\/produktas\/saltai-spaustas-maistas-ibero-vidutinems-ir-didelems-veislems-jautiena-3-kg\/#primaryimage"},"thumbnailUrl":"https:\/\/miumjau.ee\/wp-content\/uploads\/2025\/07\/ibero-koer-kulmpressitud-ML-veis-3kg.jpg","datePublished":"2025-07-22T21:43:26+00:00","dateModified":"2026-01-07T18:53:34+00:00","breadcrumb":{"@id":"https:\/\/miumjau.ee\/lt\/produktas\/saltai-spaustas-maistas-ibero-vidutinems-ir-didelems-veislems-jautiena-3-kg\/#breadcrumb"},"inLanguage":"lt-LT","potentialAction":[{"@type":"ReadAction","target":["https:\/\/miumjau.ee\/lt\/produktas\/saltai-spaustas-maistas-ibero-vidutinems-ir-didelems-veislems-jautiena-3-kg\/"]}]},{"@type":"ImageObject","inLanguage":"lt-LT","@id":"https:\/\/miumjau.ee\/lt\/produktas\/saltai-spaustas-maistas-ibero-vidutinems-ir-didelems-veislems-jautiena-3-kg\/#primaryimage","url":"https:\/\/miumjau.ee\/wp-content\/uploads\/2025\/07\/ibero-koer-kulmpressitud-ML-veis-3kg.jpg","contentUrl":"https:\/\/miumjau.ee\/wp-content\/uploads\/2025\/07\/ibero-koer-kulmpressitud-ML-veis-3kg.jpg","width":600,"height":800,"caption":"K\u00fclmpressitud toit Ibero keskmistele ja suurtele t\u00f5ugudele, veis 3kg"},{"@type":"BreadcrumbList","@id":"https:\/\/miumjau.ee\/lt\/produktas\/saltai-spaustas-maistas-ibero-vidutinems-ir-didelems-veislems-jautiena-3-kg\/#breadcrumb","itemListElement":[{"@type":"ListItem","position":1,"name":"Home","item":"https:\/\/miumjau.ee\/lt\/"},{"@type":"ListItem","position":2,"name":"Parduotuv\u0117","item":"https:\/\/miumjau.ee\/lt\/parduotuve\/"},{"@type":"ListItem","position":3,"name":"\u0160altai spaustas maistas Ibero vidutin\u0117ms ir didel\u0117ms veisl\u0117ms, jautiena 3 kg"}]},{"@type":"WebSite","@id":"https:\/\/miumjau.ee\/#website","url":"https:\/\/miumjau.ee\/","name":"MiuMjau","description":"Kraapimispuud kassidele","publisher":{"@id":"https:\/\/miumjau.ee\/#organization"},"potentialAction":[{"@type":"SearchAction","target":{"@type":"EntryPoint","urlTemplate":"https:\/\/miumjau.ee\/?s={search_term_string}"},"query-input":{"@type":"PropertyValueSpecification","valueRequired":true,"valueName":"search_term_string"}}],"inLanguage":"lt-LT"},{"@type":"Organization","@id":"https:\/\/miumjau.ee\/#organization","name":"MiuMjau O\u00dc","url":"https:\/\/miumjau.ee\/","logo":{"@type":"ImageObject","inLanguage":"lt-LT","@id":"https:\/\/miumjau.ee\/#\/schema\/logo\/image\/","url":"https:\/\/miumjau.ee\/wp-content\/uploads\/2022\/04\/MiuMjau-logo-kollane.png","contentUrl":"https:\/\/miumjau.ee\/wp-content\/uploads\/2022\/04\/MiuMjau-logo-kollane.png","width":219,"height":100,"caption":"MiuMjau O\u00dc"},"image":{"@id":"https:\/\/miumjau.ee\/#\/schema\/logo\/image\/"},"sameAs":["https:\/\/www.facebook.com\/miumjaupood\/"]}]}},"_links":{"self":[{"href":"https:\/\/miumjau.ee\/lt\/wp-json\/wp\/v2\/product\/41156","targetHints":{"allow":["GET"]}}],"collection":[{"href":"https:\/\/miumjau.ee\/lt\/wp-json\/wp\/v2\/product"}],"about":[{"href":"https:\/\/miumjau.ee\/lt\/wp-json\/wp\/v2\/types\/product"}],"wp:featuredmedia":[{"embeddable":true,"href":"https:\/\/miumjau.ee\/lt\/wp-json\/wp\/v2\/media\/41218"}],"wp:attachment":[{"href":"https:\/\/miumjau.ee\/lt\/wp-json\/wp\/v2\/media?parent=41156"}],"wp:term":[{"taxonomy":"product_brand","embeddable":true,"href":"https:\/\/miumjau.ee\/lt\/wp-json\/wp\/v2\/product_brand?post=41156"},{"taxonomy":"product_cat","embeddable":true,"href":"https:\/\/miumjau.ee\/lt\/wp-json\/wp\/v2\/product_cat?post=41156"},{"taxonomy":"product_tag","embeddable":true,"href":"https:\/\/miumjau.ee\/lt\/wp-json\/wp\/v2\/product_tag?post=41156"}],"curies":[{"name":"wp","href":"https:\/\/api.w.org\/{rel}","templated":true}]}}