{"id":41155,"date":"2025-07-23T00:43:32","date_gmt":"2025-07-22T21:43:32","guid":{"rendered":"https:\/\/miumjau.ee\/toode\/ibero-senior-saltai-spaustas-maistas-senjorams-su-zuvimi-3-kg\/"},"modified":"2026-01-07T20:53:34","modified_gmt":"2026-01-07T18:53:34","slug":"ibero-senior-saltai-spaustas-maistas-senjorams-su-zuvimi-3-kg","status":"publish","type":"product","link":"https:\/\/miumjau.ee\/lt\/produktas\/ibero-senior-saltai-spaustas-maistas-senjorams-su-zuvimi-3-kg\/","title":{"rendered":"Ibero Senior \u0161altai spaustas maistas senjorams su \u017euvimi 3 kg"},"content":{"rendered":"","protected":false},"excerpt":{"rendered":"<p>\u0160altai spaustas visavertis pa\u0161aras, kuriame yra visos maistin\u0117s med\u017eiagos, reikalingos vyresniems ir antsvorio turintiems \u0161unims. \u0160altai spausto pa\u0161aro atveju u\u017etenka ma\u017eesnio kiekio \u2013 jis yra maistingesnis, tod\u0117l, nors kaina gali b\u016bti didesn\u0117, mai\u0161as trunka ilgiau, tad galutiniame rezultate jis gali b\u016bti ekonomi\u0161kesnis. Tinka taip pat stres\u0105 patiriantiems \u0161unims, n\u0117\u0161\u010dioms kal\u0117ms bei visiems, kurie renkasi nat\u016bralesn\u012f maist\u0105.<br \/>\n<strong>Sudedamosios dalys:<\/strong> D\u017eiovinta Adrijos j\u016bros \u017euvis (30%), d\u017eiovintos sald\u017eiosios bulv\u0117s, d\u017eiovintos bulv\u0117s, Adrijos j\u016bros \u017euv\u0173 aliejus (10%), avi\u017e\u0173 dribsniai (8%), kukur\u016bz\u0173 dribsniai, d\u017eiovintas moli\u016bgas (2%), d\u017eiovintos morkos (1,2%), lin\u0173 s\u0117menys, cikorij\u0173 ekstraktas, d\u017eiovintos \u017eolel\u0117s, beta gliukanai, gliukozaminas, chondroitino sulfatas, vitamin\u0173 ir mineral\u0173 mi\u0161inys.<br \/>\n<strong>Analitin\u0117 sud\u0117tis:<\/strong> \u017dali baltymai 24%, \u017eali riebalai 11%, \u017ealios skaidulos 3,2%, \u017eali pelenai 6,8%, kalcis 1,1%, fosforas 0,85%, natris 0,15%, dr\u0117gm\u0117 ne daugiau kaip 10%.<br \/>\n<strong>Priedai (kg):<\/strong> Maistin\u0117 vert\u0117: vitaminas A (3a672a) 17 331 TV, vitaminas D3 (3a671) 1 733 TV, vitaminas E (all-rac-alfa-tokoferilo acetatas) (3a700) 173 mg, vitaminas B1 (tiamino mononitratas) (3a821) 5,09 mg, vitaminas B2 (riboflavinas) (3a825i) 9 mg, vitaminas B6 (piridoksinas) (3a831) 6,9 mg, vitaminas B12 (cianokobalaminas) 0,07 mg, vitaminas C (askorbo r\u016bg\u0161tis) 121 mg, niacinas (nikotino r\u016bg\u0161tis) 43,1 mg, pantoteno r\u016bg\u0161tis (D-kalcio pantotenatas) 17,8 mg, folio r\u016bg\u0161tis 0,69 mg, biotinas (3a880) 0,43 mg, jodas (mikrogranuliuotas bevandenis kalcio jodatas) (3b203) 4,6 mg, selenas (granuliuotas natrio selenitas) (3b802) 0,38 mg, gele\u017eis (gele\u017eies sulfato monohidratas) (Fe; 3b103) 101 mg, varis (vario(II) sulfato pentahidratas) (3b405) 12,1 mg, cinkas (cinko oksidas) (3b603) 129 mg, manganas (mangano oksidas) (3b502) 12,1 mg, cholino chloridas (3a890) 1 872 mg, gliukozaminas 404 mg\/kg, chondroitino sulfatas 353 mg\/kg. Antioksidantai: tokoferoliais turtingi augalini\u0173 aliej\u0173 ekstraktai.<br \/>\n<strong>Metabolizuojama energija:<\/strong> 3 630 kcal\/kg.<br \/>\n<strong>Rekomenduojamos \u0161\u0117rimo instrukcijos:<\/strong> Leiskite \u0161uniui palaipsniui priprasti prie \u0161io tipo granuli\u0173. U\u017etikrinkite nuolatin\u012f \u0161vie\u017eio vandens prieinamum\u0105. Kei\u010diant pa\u0161ar\u0105 nuo ekstruzinio prie \u0161altai spausto, pereikite prie naujo maisto palaipsniui per 7\u201310 dien\u0173, nes \u0161ie pa\u0161arai vir\u0161kinami skirtingai \u2013 \u0161altai spaustas tirpsta skrandyje, o ekstruzinis i\u0161brinksta, tod\u0117l staigus pakeitimas gali sukelti vir\u0161kinimo sutrikim\u0173.<br \/>\n<strong>Rekomenduojamas dienos pa\u0161aro kiekis:<\/strong> 10 kg \u0161uo \u2013 125 g; 12 kg \u2013 145 g; 15 kg \u2013 165 g; 20 kg \u2013 220 g; 25 kg \u2013 250 g; 30 kg \u2013 270 g; 35 kg \u2013 300 g; 40 kg \u2013 350 g; 50 kg \u2013 410 g<\/p>\n","protected":false},"featured_media":41216,"template":"","meta":[],"product_brand":[],"product_cat":[538,524],"product_tag":[],"class_list":{"0":"post-41155","1":"product","2":"type-product","3":"status-publish","4":"has-post-thumbnail","6":"product_cat-sausas-maistas-sunims","7":"product_cat-kaup24-lt","9":"first","10":"instock","11":"sale","12":"taxable","13":"shipping-taxable","14":"purchasable","15":"product-type-simple"},"yoast_head":"<!-- This site is optimized with the Yoast SEO plugin v27.2 - https:\/\/yoast.com\/product\/yoast-seo-wordpress\/ -->\n<title>Ibero Senior \u0161altai spaustas maistas senjorams su \u017euvimi 3 kg - MiuMjau<\/title>\n<meta name=\"robots\" content=\"index, follow, max-snippet:-1, max-image-preview:large, max-video-preview:-1\" \/>\n<link rel=\"canonical\" href=\"https:\/\/miumjau.ee\/lt\/produktas\/ibero-senior-saltai-spaustas-maistas-senjorams-su-zuvimi-3-kg\/\" \/>\n<meta property=\"og:locale\" content=\"lt_LT\" \/>\n<meta property=\"og:type\" content=\"article\" \/>\n<meta property=\"og:title\" content=\"Ibero Senior \u0161altai spaustas maistas senjorams su \u017euvimi 3 kg - MiuMjau\" \/>\n<meta property=\"og:description\" content=\"\u0160altai spaustas visavertis pa\u0161aras, kuriame yra visos maistin\u0117s med\u017eiagos, reikalingos vyresniems ir antsvorio turintiems \u0161unims. \u0160altai spausto pa\u0161aro atveju u\u017etenka ma\u017eesnio kiekio \u2013 jis yra maistingesnis, tod\u0117l, nors kaina gali b\u016bti didesn\u0117, mai\u0161as trunka ilgiau, tad galutiniame rezultate jis gali b\u016bti ekonomi\u0161kesnis. Tinka taip pat stres\u0105 patiriantiems \u0161unims, n\u0117\u0161\u010dioms kal\u0117ms bei visiems, kurie renkasi nat\u016bralesn\u012f maist\u0105.  Sudedamosios dalys: D\u017eiovinta Adrijos j\u016bros \u017euvis (30%), d\u017eiovintos sald\u017eiosios bulv\u0117s, d\u017eiovintos bulv\u0117s, Adrijos j\u016bros \u017euv\u0173 aliejus (10%), avi\u017e\u0173 dribsniai (8%), kukur\u016bz\u0173 dribsniai, d\u017eiovintas moli\u016bgas (2%), d\u017eiovintos morkos (1,2%), lin\u0173 s\u0117menys, cikorij\u0173 ekstraktas, d\u017eiovintos \u017eolel\u0117s, beta gliukanai, gliukozaminas, chondroitino sulfatas, vitamin\u0173 ir mineral\u0173 mi\u0161inys.  Analitin\u0117 sud\u0117tis: \u017dali baltymai 24%, \u017eali riebalai 11%, \u017ealios skaidulos 3,2%, \u017eali pelenai 6,8%, kalcis 1,1%, fosforas 0,85%, natris 0,15%, dr\u0117gm\u0117 ne daugiau kaip 10%.  Priedai (kg): Maistin\u0117 vert\u0117: vitaminas A (3a672a) 17 331 TV, vitaminas D3 (3a671) 1 733 TV, vitaminas E (all-rac-alfa-tokoferilo acetatas) (3a700) 173 mg, vitaminas B1 (tiamino mononitratas) (3a821) 5,09 mg, vitaminas B2 (riboflavinas) (3a825i) 9 mg, vitaminas B6 (piridoksinas) (3a831) 6,9 mg, vitaminas B12 (cianokobalaminas) 0,07 mg, vitaminas C (askorbo r\u016bg\u0161tis) 121 mg, niacinas (nikotino r\u016bg\u0161tis) 43,1 mg, pantoteno r\u016bg\u0161tis (D-kalcio pantotenatas) 17,8 mg, folio r\u016bg\u0161tis 0,69 mg, biotinas (3a880) 0,43 mg, jodas (mikrogranuliuotas bevandenis kalcio jodatas) (3b203) 4,6 mg, selenas (granuliuotas natrio selenitas) (3b802) 0,38 mg, gele\u017eis (gele\u017eies sulfato monohidratas) (Fe; 3b103) 101 mg, varis (vario(II) sulfato pentahidratas) (3b405) 12,1 mg, cinkas (cinko oksidas) (3b603) 129 mg, manganas (mangano oksidas) (3b502) 12,1 mg, cholino chloridas (3a890) 1 872 mg, gliukozaminas 404 mg\/kg, chondroitino sulfatas 353 mg\/kg. Antioksidantai: tokoferoliais turtingi augalini\u0173 aliej\u0173 ekstraktai.  Metabolizuojama energija: 3 630 kcal\/kg.  Rekomenduojamos \u0161\u0117rimo instrukcijos: Leiskite \u0161uniui palaipsniui priprasti prie \u0161io tipo granuli\u0173. U\u017etikrinkite nuolatin\u012f \u0161vie\u017eio vandens prieinamum\u0105. Kei\u010diant pa\u0161ar\u0105 nuo ekstruzinio prie \u0161altai spausto, pereikite prie naujo maisto palaipsniui per 7\u201310 dien\u0173, nes \u0161ie pa\u0161arai vir\u0161kinami skirtingai \u2013 \u0161altai spaustas tirpsta skrandyje, o ekstruzinis i\u0161brinksta, tod\u0117l staigus pakeitimas gali sukelti vir\u0161kinimo sutrikim\u0173.  Rekomenduojamas dienos pa\u0161aro kiekis: 10 kg \u0161uo \u2013 125 g; 12 kg \u2013 145 g; 15 kg \u2013 165 g; 20 kg \u2013 220 g; 25 kg \u2013 250 g; 30 kg \u2013 270 g; 35 kg \u2013 300 g; 40 kg \u2013 350 g; 50 kg \u2013 410 g\" \/>\n<meta property=\"og:url\" content=\"https:\/\/miumjau.ee\/lt\/produktas\/ibero-senior-saltai-spaustas-maistas-senjorams-su-zuvimi-3-kg\/\" \/>\n<meta property=\"og:site_name\" content=\"MiuMjau\" \/>\n<meta property=\"article:publisher\" content=\"https:\/\/www.facebook.com\/miumjaupood\/\" \/>\n<meta property=\"article:modified_time\" content=\"2026-01-07T18:53:34+00:00\" \/>\n<meta property=\"og:image\" content=\"https:\/\/miumjau.ee\/wp-content\/uploads\/2025\/07\/Ibero_3D_senior_FISH_3kg-kopie-Photoroom.jpg\" \/>\n\t<meta property=\"og:image:width\" content=\"600\" \/>\n\t<meta property=\"og:image:height\" content=\"800\" \/>\n\t<meta property=\"og:image:type\" content=\"image\/jpeg\" \/>\n<meta name=\"twitter:card\" content=\"summary_large_image\" \/>\n<script type=\"application\/ld+json\" class=\"yoast-schema-graph\">{\"@context\":\"https:\/\/schema.org\",\"@graph\":[{\"@type\":\"WebPage\",\"@id\":\"https:\/\/miumjau.ee\/lt\/produktas\/ibero-senior-saltai-spaustas-maistas-senjorams-su-zuvimi-3-kg\/\",\"url\":\"https:\/\/miumjau.ee\/lt\/produktas\/ibero-senior-saltai-spaustas-maistas-senjorams-su-zuvimi-3-kg\/\",\"name\":\"Ibero Senior \u0161altai spaustas maistas senjorams su \u017euvimi 3 kg - MiuMjau\",\"isPartOf\":{\"@id\":\"https:\/\/miumjau.ee\/#website\"},\"primaryImageOfPage\":{\"@id\":\"https:\/\/miumjau.ee\/lt\/produktas\/ibero-senior-saltai-spaustas-maistas-senjorams-su-zuvimi-3-kg\/#primaryimage\"},\"image\":{\"@id\":\"https:\/\/miumjau.ee\/lt\/produktas\/ibero-senior-saltai-spaustas-maistas-senjorams-su-zuvimi-3-kg\/#primaryimage\"},\"thumbnailUrl\":\"https:\/\/miumjau.ee\/wp-content\/uploads\/2025\/07\/Ibero_3D_senior_FISH_3kg-kopie-Photoroom.jpg\",\"datePublished\":\"2025-07-22T21:43:32+00:00\",\"dateModified\":\"2026-01-07T18:53:34+00:00\",\"breadcrumb\":{\"@id\":\"https:\/\/miumjau.ee\/lt\/produktas\/ibero-senior-saltai-spaustas-maistas-senjorams-su-zuvimi-3-kg\/#breadcrumb\"},\"inLanguage\":\"lt-LT\",\"potentialAction\":[{\"@type\":\"ReadAction\",\"target\":[\"https:\/\/miumjau.ee\/lt\/produktas\/ibero-senior-saltai-spaustas-maistas-senjorams-su-zuvimi-3-kg\/\"]}]},{\"@type\":\"ImageObject\",\"inLanguage\":\"lt-LT\",\"@id\":\"https:\/\/miumjau.ee\/lt\/produktas\/ibero-senior-saltai-spaustas-maistas-senjorams-su-zuvimi-3-kg\/#primaryimage\",\"url\":\"https:\/\/miumjau.ee\/wp-content\/uploads\/2025\/07\/Ibero_3D_senior_FISH_3kg-kopie-Photoroom.jpg\",\"contentUrl\":\"https:\/\/miumjau.ee\/wp-content\/uploads\/2025\/07\/Ibero_3D_senior_FISH_3kg-kopie-Photoroom.jpg\",\"width\":600,\"height\":800,\"caption\":\"Ibero Senior k\u00fclmpressitud toit seenioritele kalaga 3kg\"},{\"@type\":\"BreadcrumbList\",\"@id\":\"https:\/\/miumjau.ee\/lt\/produktas\/ibero-senior-saltai-spaustas-maistas-senjorams-su-zuvimi-3-kg\/#breadcrumb\",\"itemListElement\":[{\"@type\":\"ListItem\",\"position\":1,\"name\":\"Home\",\"item\":\"https:\/\/miumjau.ee\/lt\/\"},{\"@type\":\"ListItem\",\"position\":2,\"name\":\"Parduotuv\u0117\",\"item\":\"https:\/\/miumjau.ee\/lt\/parduotuve\/\"},{\"@type\":\"ListItem\",\"position\":3,\"name\":\"Ibero Senior \u0161altai spaustas maistas senjorams su \u017euvimi 3 kg\"}]},{\"@type\":\"WebSite\",\"@id\":\"https:\/\/miumjau.ee\/#website\",\"url\":\"https:\/\/miumjau.ee\/\",\"name\":\"MiuMjau\",\"description\":\"Kraapimispuud kassidele\",\"publisher\":{\"@id\":\"https:\/\/miumjau.ee\/#organization\"},\"potentialAction\":[{\"@type\":\"SearchAction\",\"target\":{\"@type\":\"EntryPoint\",\"urlTemplate\":\"https:\/\/miumjau.ee\/?s={search_term_string}\"},\"query-input\":{\"@type\":\"PropertyValueSpecification\",\"valueRequired\":true,\"valueName\":\"search_term_string\"}}],\"inLanguage\":\"lt-LT\"},{\"@type\":\"Organization\",\"@id\":\"https:\/\/miumjau.ee\/#organization\",\"name\":\"MiuMjau O\u00dc\",\"url\":\"https:\/\/miumjau.ee\/\",\"logo\":{\"@type\":\"ImageObject\",\"inLanguage\":\"lt-LT\",\"@id\":\"https:\/\/miumjau.ee\/#\/schema\/logo\/image\/\",\"url\":\"https:\/\/miumjau.ee\/wp-content\/uploads\/2022\/04\/MiuMjau-logo-kollane.png\",\"contentUrl\":\"https:\/\/miumjau.ee\/wp-content\/uploads\/2022\/04\/MiuMjau-logo-kollane.png\",\"width\":219,\"height\":100,\"caption\":\"MiuMjau O\u00dc\"},\"image\":{\"@id\":\"https:\/\/miumjau.ee\/#\/schema\/logo\/image\/\"},\"sameAs\":[\"https:\/\/www.facebook.com\/miumjaupood\/\"]}]}<\/script>\n<!-- \/ Yoast SEO plugin. -->","yoast_head_json":{"title":"Ibero Senior \u0161altai spaustas maistas senjorams su \u017euvimi 3 kg - MiuMjau","robots":{"index":"index","follow":"follow","max-snippet":"max-snippet:-1","max-image-preview":"max-image-preview:large","max-video-preview":"max-video-preview:-1"},"canonical":"https:\/\/miumjau.ee\/lt\/produktas\/ibero-senior-saltai-spaustas-maistas-senjorams-su-zuvimi-3-kg\/","og_locale":"lt_LT","og_type":"article","og_title":"Ibero Senior \u0161altai spaustas maistas senjorams su \u017euvimi 3 kg - MiuMjau","og_description":"\u0160altai spaustas visavertis pa\u0161aras, kuriame yra visos maistin\u0117s med\u017eiagos, reikalingos vyresniems ir antsvorio turintiems \u0161unims. \u0160altai spausto pa\u0161aro atveju u\u017etenka ma\u017eesnio kiekio \u2013 jis yra maistingesnis, tod\u0117l, nors kaina gali b\u016bti didesn\u0117, mai\u0161as trunka ilgiau, tad galutiniame rezultate jis gali b\u016bti ekonomi\u0161kesnis. Tinka taip pat stres\u0105 patiriantiems \u0161unims, n\u0117\u0161\u010dioms kal\u0117ms bei visiems, kurie renkasi nat\u016bralesn\u012f maist\u0105.  Sudedamosios dalys: D\u017eiovinta Adrijos j\u016bros \u017euvis (30%), d\u017eiovintos sald\u017eiosios bulv\u0117s, d\u017eiovintos bulv\u0117s, Adrijos j\u016bros \u017euv\u0173 aliejus (10%), avi\u017e\u0173 dribsniai (8%), kukur\u016bz\u0173 dribsniai, d\u017eiovintas moli\u016bgas (2%), d\u017eiovintos morkos (1,2%), lin\u0173 s\u0117menys, cikorij\u0173 ekstraktas, d\u017eiovintos \u017eolel\u0117s, beta gliukanai, gliukozaminas, chondroitino sulfatas, vitamin\u0173 ir mineral\u0173 mi\u0161inys.  Analitin\u0117 sud\u0117tis: \u017dali baltymai 24%, \u017eali riebalai 11%, \u017ealios skaidulos 3,2%, \u017eali pelenai 6,8%, kalcis 1,1%, fosforas 0,85%, natris 0,15%, dr\u0117gm\u0117 ne daugiau kaip 10%.  Priedai (kg): Maistin\u0117 vert\u0117: vitaminas A (3a672a) 17 331 TV, vitaminas D3 (3a671) 1 733 TV, vitaminas E (all-rac-alfa-tokoferilo acetatas) (3a700) 173 mg, vitaminas B1 (tiamino mononitratas) (3a821) 5,09 mg, vitaminas B2 (riboflavinas) (3a825i) 9 mg, vitaminas B6 (piridoksinas) (3a831) 6,9 mg, vitaminas B12 (cianokobalaminas) 0,07 mg, vitaminas C (askorbo r\u016bg\u0161tis) 121 mg, niacinas (nikotino r\u016bg\u0161tis) 43,1 mg, pantoteno r\u016bg\u0161tis (D-kalcio pantotenatas) 17,8 mg, folio r\u016bg\u0161tis 0,69 mg, biotinas (3a880) 0,43 mg, jodas (mikrogranuliuotas bevandenis kalcio jodatas) (3b203) 4,6 mg, selenas (granuliuotas natrio selenitas) (3b802) 0,38 mg, gele\u017eis (gele\u017eies sulfato monohidratas) (Fe; 3b103) 101 mg, varis (vario(II) sulfato pentahidratas) (3b405) 12,1 mg, cinkas (cinko oksidas) (3b603) 129 mg, manganas (mangano oksidas) (3b502) 12,1 mg, cholino chloridas (3a890) 1 872 mg, gliukozaminas 404 mg\/kg, chondroitino sulfatas 353 mg\/kg. Antioksidantai: tokoferoliais turtingi augalini\u0173 aliej\u0173 ekstraktai.  Metabolizuojama energija: 3 630 kcal\/kg.  Rekomenduojamos \u0161\u0117rimo instrukcijos: Leiskite \u0161uniui palaipsniui priprasti prie \u0161io tipo granuli\u0173. U\u017etikrinkite nuolatin\u012f \u0161vie\u017eio vandens prieinamum\u0105. Kei\u010diant pa\u0161ar\u0105 nuo ekstruzinio prie \u0161altai spausto, pereikite prie naujo maisto palaipsniui per 7\u201310 dien\u0173, nes \u0161ie pa\u0161arai vir\u0161kinami skirtingai \u2013 \u0161altai spaustas tirpsta skrandyje, o ekstruzinis i\u0161brinksta, tod\u0117l staigus pakeitimas gali sukelti vir\u0161kinimo sutrikim\u0173.  Rekomenduojamas dienos pa\u0161aro kiekis: 10 kg \u0161uo \u2013 125 g; 12 kg \u2013 145 g; 15 kg \u2013 165 g; 20 kg \u2013 220 g; 25 kg \u2013 250 g; 30 kg \u2013 270 g; 35 kg \u2013 300 g; 40 kg \u2013 350 g; 50 kg \u2013 410 g","og_url":"https:\/\/miumjau.ee\/lt\/produktas\/ibero-senior-saltai-spaustas-maistas-senjorams-su-zuvimi-3-kg\/","og_site_name":"MiuMjau","article_publisher":"https:\/\/www.facebook.com\/miumjaupood\/","article_modified_time":"2026-01-07T18:53:34+00:00","og_image":[{"width":600,"height":800,"url":"https:\/\/miumjau.ee\/wp-content\/uploads\/2025\/07\/Ibero_3D_senior_FISH_3kg-kopie-Photoroom.jpg","type":"image\/jpeg"}],"twitter_card":"summary_large_image","schema":{"@context":"https:\/\/schema.org","@graph":[{"@type":"WebPage","@id":"https:\/\/miumjau.ee\/lt\/produktas\/ibero-senior-saltai-spaustas-maistas-senjorams-su-zuvimi-3-kg\/","url":"https:\/\/miumjau.ee\/lt\/produktas\/ibero-senior-saltai-spaustas-maistas-senjorams-su-zuvimi-3-kg\/","name":"Ibero Senior \u0161altai spaustas maistas senjorams su \u017euvimi 3 kg - MiuMjau","isPartOf":{"@id":"https:\/\/miumjau.ee\/#website"},"primaryImageOfPage":{"@id":"https:\/\/miumjau.ee\/lt\/produktas\/ibero-senior-saltai-spaustas-maistas-senjorams-su-zuvimi-3-kg\/#primaryimage"},"image":{"@id":"https:\/\/miumjau.ee\/lt\/produktas\/ibero-senior-saltai-spaustas-maistas-senjorams-su-zuvimi-3-kg\/#primaryimage"},"thumbnailUrl":"https:\/\/miumjau.ee\/wp-content\/uploads\/2025\/07\/Ibero_3D_senior_FISH_3kg-kopie-Photoroom.jpg","datePublished":"2025-07-22T21:43:32+00:00","dateModified":"2026-01-07T18:53:34+00:00","breadcrumb":{"@id":"https:\/\/miumjau.ee\/lt\/produktas\/ibero-senior-saltai-spaustas-maistas-senjorams-su-zuvimi-3-kg\/#breadcrumb"},"inLanguage":"lt-LT","potentialAction":[{"@type":"ReadAction","target":["https:\/\/miumjau.ee\/lt\/produktas\/ibero-senior-saltai-spaustas-maistas-senjorams-su-zuvimi-3-kg\/"]}]},{"@type":"ImageObject","inLanguage":"lt-LT","@id":"https:\/\/miumjau.ee\/lt\/produktas\/ibero-senior-saltai-spaustas-maistas-senjorams-su-zuvimi-3-kg\/#primaryimage","url":"https:\/\/miumjau.ee\/wp-content\/uploads\/2025\/07\/Ibero_3D_senior_FISH_3kg-kopie-Photoroom.jpg","contentUrl":"https:\/\/miumjau.ee\/wp-content\/uploads\/2025\/07\/Ibero_3D_senior_FISH_3kg-kopie-Photoroom.jpg","width":600,"height":800,"caption":"Ibero Senior k\u00fclmpressitud toit seenioritele kalaga 3kg"},{"@type":"BreadcrumbList","@id":"https:\/\/miumjau.ee\/lt\/produktas\/ibero-senior-saltai-spaustas-maistas-senjorams-su-zuvimi-3-kg\/#breadcrumb","itemListElement":[{"@type":"ListItem","position":1,"name":"Home","item":"https:\/\/miumjau.ee\/lt\/"},{"@type":"ListItem","position":2,"name":"Parduotuv\u0117","item":"https:\/\/miumjau.ee\/lt\/parduotuve\/"},{"@type":"ListItem","position":3,"name":"Ibero Senior \u0161altai spaustas maistas senjorams su \u017euvimi 3 kg"}]},{"@type":"WebSite","@id":"https:\/\/miumjau.ee\/#website","url":"https:\/\/miumjau.ee\/","name":"MiuMjau","description":"Kraapimispuud kassidele","publisher":{"@id":"https:\/\/miumjau.ee\/#organization"},"potentialAction":[{"@type":"SearchAction","target":{"@type":"EntryPoint","urlTemplate":"https:\/\/miumjau.ee\/?s={search_term_string}"},"query-input":{"@type":"PropertyValueSpecification","valueRequired":true,"valueName":"search_term_string"}}],"inLanguage":"lt-LT"},{"@type":"Organization","@id":"https:\/\/miumjau.ee\/#organization","name":"MiuMjau O\u00dc","url":"https:\/\/miumjau.ee\/","logo":{"@type":"ImageObject","inLanguage":"lt-LT","@id":"https:\/\/miumjau.ee\/#\/schema\/logo\/image\/","url":"https:\/\/miumjau.ee\/wp-content\/uploads\/2022\/04\/MiuMjau-logo-kollane.png","contentUrl":"https:\/\/miumjau.ee\/wp-content\/uploads\/2022\/04\/MiuMjau-logo-kollane.png","width":219,"height":100,"caption":"MiuMjau O\u00dc"},"image":{"@id":"https:\/\/miumjau.ee\/#\/schema\/logo\/image\/"},"sameAs":["https:\/\/www.facebook.com\/miumjaupood\/"]}]}},"_links":{"self":[{"href":"https:\/\/miumjau.ee\/lt\/wp-json\/wp\/v2\/product\/41155","targetHints":{"allow":["GET"]}}],"collection":[{"href":"https:\/\/miumjau.ee\/lt\/wp-json\/wp\/v2\/product"}],"about":[{"href":"https:\/\/miumjau.ee\/lt\/wp-json\/wp\/v2\/types\/product"}],"wp:featuredmedia":[{"embeddable":true,"href":"https:\/\/miumjau.ee\/lt\/wp-json\/wp\/v2\/media\/41216"}],"wp:attachment":[{"href":"https:\/\/miumjau.ee\/lt\/wp-json\/wp\/v2\/media?parent=41155"}],"wp:term":[{"taxonomy":"product_brand","embeddable":true,"href":"https:\/\/miumjau.ee\/lt\/wp-json\/wp\/v2\/product_brand?post=41155"},{"taxonomy":"product_cat","embeddable":true,"href":"https:\/\/miumjau.ee\/lt\/wp-json\/wp\/v2\/product_cat?post=41155"},{"taxonomy":"product_tag","embeddable":true,"href":"https:\/\/miumjau.ee\/lt\/wp-json\/wp\/v2\/product_tag?post=41155"}],"curies":[{"name":"wp","href":"https:\/\/api.w.org\/{rel}","templated":true}]}}