{"id":41152,"date":"2025-07-23T00:19:31","date_gmt":"2025-07-22T21:19:31","guid":{"rendered":"https:\/\/miumjau.ee\/toode\/saltai-spaustas-maistas-ibero-mazoms-veislems-su-jautiena-3-kg\/"},"modified":"2026-01-07T20:53:34","modified_gmt":"2026-01-07T18:53:34","slug":"saltai-spaustas-maistas-ibero-mazoms-veislems-su-jautiena-3-kg","status":"publish","type":"product","link":"https:\/\/miumjau.ee\/lt\/produktas\/saltai-spaustas-maistas-ibero-mazoms-veislems-su-jautiena-3-kg\/","title":{"rendered":"\u0160altai spaustas maistas Ibero ma\u017eoms veisl\u0117ms su jautiena 3 kg"},"content":{"rendered":"","protected":false},"excerpt":{"rendered":"<p><strong>\u0160altai spaustas visavertis pa\u0161aras ma\u017e\u0173 veisli\u0173 suaugusiems \u0161unims.<\/strong><\/p>\n<ul>\n<li>Labai gerai vir\u0161kinamas, skanus ir lengvai pasisavinamas \u2013 idealus pasirinkimas ma\u017eo \u0161uns jautriam vir\u0161kinimui.<\/li>\n<li>Gliukozaminas ir chondroitinas \u2013 s\u0105nari\u0173 sveikatai palaikyti.<\/li>\n<li>Beta gliukanai \u2013 imunin\u0117s sistemos pusiausvyrai palaikyti.<\/li>\n<li>Neso\u010diosios riebal\u0173 r\u016bg\u0161tys \u2013 organizmo veiklai ir u\u017edegim\u0173 prevencijai.<\/li>\n<li>Biotinas ir cinkas \u2013 sveikai odai ir blizgan\u010diam kailiui.<\/li>\n<li>Koncentruota sud\u0117tis \u2013 ma\u017eesnis pa\u0161aro kiekis suteikia visavert\u0119 mityb\u0105, tinka net i\u0161rankiems valgytojams.<\/li>\n<li>Tinka ir aktyviems, n\u0117\u0161\u010dioms ar \u017eindan\u010dioms kal\u0117ms.<\/li>\n<\/ul>\n<p>\u0160altai spaudimo procesas (d\u017eiovinimas ir presavimas \u017eemoje temperat\u016broje) i\u0161saugo nat\u016bralias maistines med\u017eiagas \u2013 aminor\u016bg\u0161tis, vitaminus ir mineralus.<br \/>\n<strong>Sudedamosios dalys: <\/strong>D\u017eiovinta jautiena (34%), d\u017eiovintos sald\u017eiosios bulv\u0117s, d\u017eiovintos bulv\u0117s, jautienos riebalai (14%), avi\u017e\u0173 dribsniai (8%), \u0117riuko kepenys (5%), d\u017eiovintas moli\u016bgas (2%), d\u017eiovintos kiaulienos kepenys (2%), kukur\u016bz\u0173 dribsniai, d\u017eiovintos morkos (1,2%), lin\u0173 s\u0117menys, cikorij\u0173 ekstraktas, d\u017eiovintos \u017eolel\u0117s, beta gliukanai, vitamin\u0173 ir mineral\u0173 mi\u0161inys.<br \/>\n<strong>Analitin\u0117 sud\u0117tis: <\/strong>\u017dali baltymai 25%, \u017eali riebalai 14%, \u017ealios skaidulos 3,4%, \u017eali pelenai 7,3%, kalcis 1,1%, fosforas 0,85%, natris 0,15%, dr\u0117gm\u0117 \u2264 10%.<br \/>\n<strong>Priedai (maistiniai\/kg): <\/strong>Vitaminas A 16 988 TV, vitaminas D3 1 698 TV, vitaminas E 170 mg, vitaminas B1 4,98 mg, vitaminas B2 8,83 mg, vitaminas B6 6,78 mg, vitaminas B12 0,07 mg, vitaminas C 118 mg, niacinas 42,25 mg, pantoteno r\u016bg\u0161tis 17,47 mg, folio r\u016bg\u0161tis 0,68 mg, biotinas 0,42 mg, jodas 4,07 mg, selenas 0,37 mg, gele\u017eis 99 mg, varis 11,88 mg, cinkas 125,7 mg, manganas 11,88 mg, cholino chloridas 1835 mg, gliukozaminas 404 mg, chondroitino sulfatas 353 mg. Antioksidantai: nat\u016bral\u016bs tokoferoliais turtingi augalini\u0173 aliej\u0173 ekstraktai.<br \/>\n<strong>Metabolizuojama energija:<\/strong> 3850 kcal\/kg.<br \/>\n<strong>\u0160\u0117rimo ir laikymo instrukcijos:<\/strong> Pa\u0161ar\u0105 duoti pagal gyv\u016bno k\u016bno mas\u0119 ir b\u016bkl\u0119. U\u017etikrinti nuolatin\u012f prieinamum\u0105 prie \u0161vie\u017eio vandens. Nenaudoti ekstruzinio pa\u0161aro matavimo ind\u0173, nes \u0161altai spaustos granul\u0117s yra \u017eymiai tankesn\u0117s \u2013 naudoti svor\u012f. Rekomenduojamas palaipsnis per\u0117jimas nuo ekstruzinio prie \u0161altai spausto pa\u0161aro per 7\u201310 dien\u0173, nes jie vir\u0161kinami skirtingai: \u0161altai spaustas tirpsta skrandyje, o ekstruzinis brinksta \u2013 staigus pakeitimas gali sukelti vir\u0161kinimo sutrikim\u0173. Laikyti v\u0117sioje ir sausoje vietoje, apsaugotoje nuo tiesiogini\u0173 saul\u0117s spinduli\u0173.<br \/>\n<strong>Dienos pa\u0161aro kiekis ma\u017e\u0173 veisli\u0173 \u0161unims:<\/strong> 1 kg \u2013 27 g, 2 kg \u2013 35 g, 3 kg \u2013 45 g, 5 kg \u2013 65 g, 7 kg \u2013 85 g, 10 kg \u2013 115 g<\/p>\n","protected":false},"featured_media":41213,"template":"","meta":[],"product_brand":[],"product_cat":[538,524],"product_tag":[],"class_list":{"0":"post-41152","1":"product","2":"type-product","3":"status-publish","4":"has-post-thumbnail","6":"product_cat-sausas-maistas-sunims","7":"product_cat-kaup24-lt","9":"first","10":"instock","11":"sale","12":"taxable","13":"shipping-taxable","14":"purchasable","15":"product-type-simple"},"yoast_head":"<!-- This site is optimized with the Yoast SEO plugin v27.2 - https:\/\/yoast.com\/product\/yoast-seo-wordpress\/ -->\n<title>\u0160altai spaustas maistas Ibero ma\u017eoms veisl\u0117ms su jautiena 3 kg - MiuMjau<\/title>\n<meta name=\"robots\" content=\"index, follow, max-snippet:-1, max-image-preview:large, max-video-preview:-1\" \/>\n<link rel=\"canonical\" href=\"https:\/\/miumjau.ee\/lt\/produktas\/saltai-spaustas-maistas-ibero-mazoms-veislems-su-jautiena-3-kg\/\" \/>\n<meta property=\"og:locale\" content=\"lt_LT\" \/>\n<meta property=\"og:type\" content=\"article\" \/>\n<meta property=\"og:title\" content=\"\u0160altai spaustas maistas Ibero ma\u017eoms veisl\u0117ms su jautiena 3 kg - MiuMjau\" \/>\n<meta property=\"og:description\" content=\"\u0160altai spaustas visavertis pa\u0161aras ma\u017e\u0173 veisli\u0173 suaugusiems \u0161unims. Labai gerai vir\u0161kinamas, skanus ir lengvai pasisavinamas \u2013 idealus pasirinkimas ma\u017eo \u0161uns jautriam vir\u0161kinimui. Gliukozaminas ir chondroitinas \u2013 s\u0105nari\u0173 sveikatai palaikyti. Beta gliukanai \u2013 imunin\u0117s sistemos pusiausvyrai palaikyti. Neso\u010diosios riebal\u0173 r\u016bg\u0161tys \u2013 organizmo veiklai ir u\u017edegim\u0173 prevencijai. Biotinas ir cinkas \u2013 sveikai odai ir blizgan\u010diam kailiui. Koncentruota sud\u0117tis \u2013 ma\u017eesnis pa\u0161aro kiekis suteikia visavert\u0119 mityb\u0105, tinka net i\u0161rankiems valgytojams. Tinka ir aktyviems, n\u0117\u0161\u010dioms ar \u017eindan\u010dioms kal\u0117ms. \u0160altai spaudimo procesas (d\u017eiovinimas ir presavimas \u017eemoje temperat\u016broje) i\u0161saugo nat\u016bralias maistines med\u017eiagas \u2013 aminor\u016bg\u0161tis, vitaminus ir mineralus.  Sudedamosios dalys: D\u017eiovinta jautiena (34%), d\u017eiovintos sald\u017eiosios bulv\u0117s, d\u017eiovintos bulv\u0117s, jautienos riebalai (14%), avi\u017e\u0173 dribsniai (8%), \u0117riuko kepenys (5%), d\u017eiovintas moli\u016bgas (2%), d\u017eiovintos kiaulienos kepenys (2%), kukur\u016bz\u0173 dribsniai, d\u017eiovintos morkos (1,2%), lin\u0173 s\u0117menys, cikorij\u0173 ekstraktas, d\u017eiovintos \u017eolel\u0117s, beta gliukanai, vitamin\u0173 ir mineral\u0173 mi\u0161inys.  Analitin\u0117 sud\u0117tis: \u017dali baltymai 25%, \u017eali riebalai 14%, \u017ealios skaidulos 3,4%, \u017eali pelenai 7,3%, kalcis 1,1%, fosforas 0,85%, natris 0,15%, dr\u0117gm\u0117 \u2264 10%.  Priedai (maistiniai\/kg): Vitaminas A 16 988 TV, vitaminas D3 1 698 TV, vitaminas E 170 mg, vitaminas B1 4,98 mg, vitaminas B2 8,83 mg, vitaminas B6 6,78 mg, vitaminas B12 0,07 mg, vitaminas C 118 mg, niacinas 42,25 mg, pantoteno r\u016bg\u0161tis 17,47 mg, folio r\u016bg\u0161tis 0,68 mg, biotinas 0,42 mg, jodas 4,07 mg, selenas 0,37 mg, gele\u017eis 99 mg, varis 11,88 mg, cinkas 125,7 mg, manganas 11,88 mg, cholino chloridas 1835 mg, gliukozaminas 404 mg, chondroitino sulfatas 353 mg. Antioksidantai: nat\u016bral\u016bs tokoferoliais turtingi augalini\u0173 aliej\u0173 ekstraktai.  Metabolizuojama energija: 3850 kcal\/kg.  \u0160\u0117rimo ir laikymo instrukcijos: Pa\u0161ar\u0105 duoti pagal gyv\u016bno k\u016bno mas\u0119 ir b\u016bkl\u0119. U\u017etikrinti nuolatin\u012f prieinamum\u0105 prie \u0161vie\u017eio vandens. Nenaudoti ekstruzinio pa\u0161aro matavimo ind\u0173, nes \u0161altai spaustos granul\u0117s yra \u017eymiai tankesn\u0117s \u2013 naudoti svor\u012f. Rekomenduojamas palaipsnis per\u0117jimas nuo ekstruzinio prie \u0161altai spausto pa\u0161aro per 7\u201310 dien\u0173, nes jie vir\u0161kinami skirtingai: \u0161altai spaustas tirpsta skrandyje, o ekstruzinis brinksta \u2013 staigus pakeitimas gali sukelti vir\u0161kinimo sutrikim\u0173. Laikyti v\u0117sioje ir sausoje vietoje, apsaugotoje nuo tiesiogini\u0173 saul\u0117s spinduli\u0173.  Dienos pa\u0161aro kiekis ma\u017e\u0173 veisli\u0173 \u0161unims: 1 kg \u2013 27 g, 2 kg \u2013 35 g, 3 kg \u2013 45 g, 5 kg \u2013 65 g, 7 kg \u2013 85 g, 10 kg \u2013 115 g\" \/>\n<meta property=\"og:url\" content=\"https:\/\/miumjau.ee\/lt\/produktas\/saltai-spaustas-maistas-ibero-mazoms-veislems-su-jautiena-3-kg\/\" \/>\n<meta property=\"og:site_name\" content=\"MiuMjau\" \/>\n<meta property=\"article:publisher\" content=\"https:\/\/www.facebook.com\/miumjaupood\/\" \/>\n<meta property=\"article:modified_time\" content=\"2026-01-07T18:53:34+00:00\" \/>\n<meta property=\"og:image\" content=\"https:\/\/miumjau.ee\/wp-content\/uploads\/2025\/07\/ibero-koer-kulmpressitud-mini-veis-3kg-1.jpg\" \/>\n\t<meta property=\"og:image:width\" content=\"600\" \/>\n\t<meta property=\"og:image:height\" content=\"800\" \/>\n\t<meta property=\"og:image:type\" content=\"image\/jpeg\" \/>\n<meta name=\"twitter:card\" content=\"summary_large_image\" \/>\n<script type=\"application\/ld+json\" class=\"yoast-schema-graph\">{\"@context\":\"https:\/\/schema.org\",\"@graph\":[{\"@type\":\"WebPage\",\"@id\":\"https:\/\/miumjau.ee\/lt\/produktas\/saltai-spaustas-maistas-ibero-mazoms-veislems-su-jautiena-3-kg\/\",\"url\":\"https:\/\/miumjau.ee\/lt\/produktas\/saltai-spaustas-maistas-ibero-mazoms-veislems-su-jautiena-3-kg\/\",\"name\":\"\u0160altai spaustas maistas Ibero ma\u017eoms veisl\u0117ms su jautiena 3 kg - MiuMjau\",\"isPartOf\":{\"@id\":\"https:\/\/miumjau.ee\/#website\"},\"primaryImageOfPage\":{\"@id\":\"https:\/\/miumjau.ee\/lt\/produktas\/saltai-spaustas-maistas-ibero-mazoms-veislems-su-jautiena-3-kg\/#primaryimage\"},\"image\":{\"@id\":\"https:\/\/miumjau.ee\/lt\/produktas\/saltai-spaustas-maistas-ibero-mazoms-veislems-su-jautiena-3-kg\/#primaryimage\"},\"thumbnailUrl\":\"https:\/\/miumjau.ee\/wp-content\/uploads\/2025\/07\/ibero-koer-kulmpressitud-mini-veis-3kg-1.jpg\",\"datePublished\":\"2025-07-22T21:19:31+00:00\",\"dateModified\":\"2026-01-07T18:53:34+00:00\",\"breadcrumb\":{\"@id\":\"https:\/\/miumjau.ee\/lt\/produktas\/saltai-spaustas-maistas-ibero-mazoms-veislems-su-jautiena-3-kg\/#breadcrumb\"},\"inLanguage\":\"lt-LT\",\"potentialAction\":[{\"@type\":\"ReadAction\",\"target\":[\"https:\/\/miumjau.ee\/lt\/produktas\/saltai-spaustas-maistas-ibero-mazoms-veislems-su-jautiena-3-kg\/\"]}]},{\"@type\":\"ImageObject\",\"inLanguage\":\"lt-LT\",\"@id\":\"https:\/\/miumjau.ee\/lt\/produktas\/saltai-spaustas-maistas-ibero-mazoms-veislems-su-jautiena-3-kg\/#primaryimage\",\"url\":\"https:\/\/miumjau.ee\/wp-content\/uploads\/2025\/07\/ibero-koer-kulmpressitud-mini-veis-3kg-1.jpg\",\"contentUrl\":\"https:\/\/miumjau.ee\/wp-content\/uploads\/2025\/07\/ibero-koer-kulmpressitud-mini-veis-3kg-1.jpg\",\"width\":600,\"height\":800,\"caption\":\"K\u00fclmpressitud toit Ibero v\u00e4ikestele t\u00f5ugudele veisega 3kg\"},{\"@type\":\"BreadcrumbList\",\"@id\":\"https:\/\/miumjau.ee\/lt\/produktas\/saltai-spaustas-maistas-ibero-mazoms-veislems-su-jautiena-3-kg\/#breadcrumb\",\"itemListElement\":[{\"@type\":\"ListItem\",\"position\":1,\"name\":\"Home\",\"item\":\"https:\/\/miumjau.ee\/lt\/\"},{\"@type\":\"ListItem\",\"position\":2,\"name\":\"Parduotuv\u0117\",\"item\":\"https:\/\/miumjau.ee\/lt\/parduotuve\/\"},{\"@type\":\"ListItem\",\"position\":3,\"name\":\"\u0160altai spaustas maistas Ibero ma\u017eoms veisl\u0117ms su jautiena 3 kg\"}]},{\"@type\":\"WebSite\",\"@id\":\"https:\/\/miumjau.ee\/#website\",\"url\":\"https:\/\/miumjau.ee\/\",\"name\":\"MiuMjau\",\"description\":\"Kraapimispuud kassidele\",\"publisher\":{\"@id\":\"https:\/\/miumjau.ee\/#organization\"},\"potentialAction\":[{\"@type\":\"SearchAction\",\"target\":{\"@type\":\"EntryPoint\",\"urlTemplate\":\"https:\/\/miumjau.ee\/?s={search_term_string}\"},\"query-input\":{\"@type\":\"PropertyValueSpecification\",\"valueRequired\":true,\"valueName\":\"search_term_string\"}}],\"inLanguage\":\"lt-LT\"},{\"@type\":\"Organization\",\"@id\":\"https:\/\/miumjau.ee\/#organization\",\"name\":\"MiuMjau O\u00dc\",\"url\":\"https:\/\/miumjau.ee\/\",\"logo\":{\"@type\":\"ImageObject\",\"inLanguage\":\"lt-LT\",\"@id\":\"https:\/\/miumjau.ee\/#\/schema\/logo\/image\/\",\"url\":\"https:\/\/miumjau.ee\/wp-content\/uploads\/2022\/04\/MiuMjau-logo-kollane.png\",\"contentUrl\":\"https:\/\/miumjau.ee\/wp-content\/uploads\/2022\/04\/MiuMjau-logo-kollane.png\",\"width\":219,\"height\":100,\"caption\":\"MiuMjau O\u00dc\"},\"image\":{\"@id\":\"https:\/\/miumjau.ee\/#\/schema\/logo\/image\/\"},\"sameAs\":[\"https:\/\/www.facebook.com\/miumjaupood\/\"]}]}<\/script>\n<!-- \/ Yoast SEO plugin. -->","yoast_head_json":{"title":"\u0160altai spaustas maistas Ibero ma\u017eoms veisl\u0117ms su jautiena 3 kg - MiuMjau","robots":{"index":"index","follow":"follow","max-snippet":"max-snippet:-1","max-image-preview":"max-image-preview:large","max-video-preview":"max-video-preview:-1"},"canonical":"https:\/\/miumjau.ee\/lt\/produktas\/saltai-spaustas-maistas-ibero-mazoms-veislems-su-jautiena-3-kg\/","og_locale":"lt_LT","og_type":"article","og_title":"\u0160altai spaustas maistas Ibero ma\u017eoms veisl\u0117ms su jautiena 3 kg - MiuMjau","og_description":"\u0160altai spaustas visavertis pa\u0161aras ma\u017e\u0173 veisli\u0173 suaugusiems \u0161unims. Labai gerai vir\u0161kinamas, skanus ir lengvai pasisavinamas \u2013 idealus pasirinkimas ma\u017eo \u0161uns jautriam vir\u0161kinimui. Gliukozaminas ir chondroitinas \u2013 s\u0105nari\u0173 sveikatai palaikyti. Beta gliukanai \u2013 imunin\u0117s sistemos pusiausvyrai palaikyti. Neso\u010diosios riebal\u0173 r\u016bg\u0161tys \u2013 organizmo veiklai ir u\u017edegim\u0173 prevencijai. Biotinas ir cinkas \u2013 sveikai odai ir blizgan\u010diam kailiui. Koncentruota sud\u0117tis \u2013 ma\u017eesnis pa\u0161aro kiekis suteikia visavert\u0119 mityb\u0105, tinka net i\u0161rankiems valgytojams. Tinka ir aktyviems, n\u0117\u0161\u010dioms ar \u017eindan\u010dioms kal\u0117ms. \u0160altai spaudimo procesas (d\u017eiovinimas ir presavimas \u017eemoje temperat\u016broje) i\u0161saugo nat\u016bralias maistines med\u017eiagas \u2013 aminor\u016bg\u0161tis, vitaminus ir mineralus.  Sudedamosios dalys: D\u017eiovinta jautiena (34%), d\u017eiovintos sald\u017eiosios bulv\u0117s, d\u017eiovintos bulv\u0117s, jautienos riebalai (14%), avi\u017e\u0173 dribsniai (8%), \u0117riuko kepenys (5%), d\u017eiovintas moli\u016bgas (2%), d\u017eiovintos kiaulienos kepenys (2%), kukur\u016bz\u0173 dribsniai, d\u017eiovintos morkos (1,2%), lin\u0173 s\u0117menys, cikorij\u0173 ekstraktas, d\u017eiovintos \u017eolel\u0117s, beta gliukanai, vitamin\u0173 ir mineral\u0173 mi\u0161inys.  Analitin\u0117 sud\u0117tis: \u017dali baltymai 25%, \u017eali riebalai 14%, \u017ealios skaidulos 3,4%, \u017eali pelenai 7,3%, kalcis 1,1%, fosforas 0,85%, natris 0,15%, dr\u0117gm\u0117 \u2264 10%.  Priedai (maistiniai\/kg): Vitaminas A 16 988 TV, vitaminas D3 1 698 TV, vitaminas E 170 mg, vitaminas B1 4,98 mg, vitaminas B2 8,83 mg, vitaminas B6 6,78 mg, vitaminas B12 0,07 mg, vitaminas C 118 mg, niacinas 42,25 mg, pantoteno r\u016bg\u0161tis 17,47 mg, folio r\u016bg\u0161tis 0,68 mg, biotinas 0,42 mg, jodas 4,07 mg, selenas 0,37 mg, gele\u017eis 99 mg, varis 11,88 mg, cinkas 125,7 mg, manganas 11,88 mg, cholino chloridas 1835 mg, gliukozaminas 404 mg, chondroitino sulfatas 353 mg. Antioksidantai: nat\u016bral\u016bs tokoferoliais turtingi augalini\u0173 aliej\u0173 ekstraktai.  Metabolizuojama energija: 3850 kcal\/kg.  \u0160\u0117rimo ir laikymo instrukcijos: Pa\u0161ar\u0105 duoti pagal gyv\u016bno k\u016bno mas\u0119 ir b\u016bkl\u0119. U\u017etikrinti nuolatin\u012f prieinamum\u0105 prie \u0161vie\u017eio vandens. Nenaudoti ekstruzinio pa\u0161aro matavimo ind\u0173, nes \u0161altai spaustos granul\u0117s yra \u017eymiai tankesn\u0117s \u2013 naudoti svor\u012f. Rekomenduojamas palaipsnis per\u0117jimas nuo ekstruzinio prie \u0161altai spausto pa\u0161aro per 7\u201310 dien\u0173, nes jie vir\u0161kinami skirtingai: \u0161altai spaustas tirpsta skrandyje, o ekstruzinis brinksta \u2013 staigus pakeitimas gali sukelti vir\u0161kinimo sutrikim\u0173. Laikyti v\u0117sioje ir sausoje vietoje, apsaugotoje nuo tiesiogini\u0173 saul\u0117s spinduli\u0173.  Dienos pa\u0161aro kiekis ma\u017e\u0173 veisli\u0173 \u0161unims: 1 kg \u2013 27 g, 2 kg \u2013 35 g, 3 kg \u2013 45 g, 5 kg \u2013 65 g, 7 kg \u2013 85 g, 10 kg \u2013 115 g","og_url":"https:\/\/miumjau.ee\/lt\/produktas\/saltai-spaustas-maistas-ibero-mazoms-veislems-su-jautiena-3-kg\/","og_site_name":"MiuMjau","article_publisher":"https:\/\/www.facebook.com\/miumjaupood\/","article_modified_time":"2026-01-07T18:53:34+00:00","og_image":[{"width":600,"height":800,"url":"https:\/\/miumjau.ee\/wp-content\/uploads\/2025\/07\/ibero-koer-kulmpressitud-mini-veis-3kg-1.jpg","type":"image\/jpeg"}],"twitter_card":"summary_large_image","schema":{"@context":"https:\/\/schema.org","@graph":[{"@type":"WebPage","@id":"https:\/\/miumjau.ee\/lt\/produktas\/saltai-spaustas-maistas-ibero-mazoms-veislems-su-jautiena-3-kg\/","url":"https:\/\/miumjau.ee\/lt\/produktas\/saltai-spaustas-maistas-ibero-mazoms-veislems-su-jautiena-3-kg\/","name":"\u0160altai spaustas maistas Ibero ma\u017eoms veisl\u0117ms su jautiena 3 kg - MiuMjau","isPartOf":{"@id":"https:\/\/miumjau.ee\/#website"},"primaryImageOfPage":{"@id":"https:\/\/miumjau.ee\/lt\/produktas\/saltai-spaustas-maistas-ibero-mazoms-veislems-su-jautiena-3-kg\/#primaryimage"},"image":{"@id":"https:\/\/miumjau.ee\/lt\/produktas\/saltai-spaustas-maistas-ibero-mazoms-veislems-su-jautiena-3-kg\/#primaryimage"},"thumbnailUrl":"https:\/\/miumjau.ee\/wp-content\/uploads\/2025\/07\/ibero-koer-kulmpressitud-mini-veis-3kg-1.jpg","datePublished":"2025-07-22T21:19:31+00:00","dateModified":"2026-01-07T18:53:34+00:00","breadcrumb":{"@id":"https:\/\/miumjau.ee\/lt\/produktas\/saltai-spaustas-maistas-ibero-mazoms-veislems-su-jautiena-3-kg\/#breadcrumb"},"inLanguage":"lt-LT","potentialAction":[{"@type":"ReadAction","target":["https:\/\/miumjau.ee\/lt\/produktas\/saltai-spaustas-maistas-ibero-mazoms-veislems-su-jautiena-3-kg\/"]}]},{"@type":"ImageObject","inLanguage":"lt-LT","@id":"https:\/\/miumjau.ee\/lt\/produktas\/saltai-spaustas-maistas-ibero-mazoms-veislems-su-jautiena-3-kg\/#primaryimage","url":"https:\/\/miumjau.ee\/wp-content\/uploads\/2025\/07\/ibero-koer-kulmpressitud-mini-veis-3kg-1.jpg","contentUrl":"https:\/\/miumjau.ee\/wp-content\/uploads\/2025\/07\/ibero-koer-kulmpressitud-mini-veis-3kg-1.jpg","width":600,"height":800,"caption":"K\u00fclmpressitud toit Ibero v\u00e4ikestele t\u00f5ugudele veisega 3kg"},{"@type":"BreadcrumbList","@id":"https:\/\/miumjau.ee\/lt\/produktas\/saltai-spaustas-maistas-ibero-mazoms-veislems-su-jautiena-3-kg\/#breadcrumb","itemListElement":[{"@type":"ListItem","position":1,"name":"Home","item":"https:\/\/miumjau.ee\/lt\/"},{"@type":"ListItem","position":2,"name":"Parduotuv\u0117","item":"https:\/\/miumjau.ee\/lt\/parduotuve\/"},{"@type":"ListItem","position":3,"name":"\u0160altai spaustas maistas Ibero ma\u017eoms veisl\u0117ms su jautiena 3 kg"}]},{"@type":"WebSite","@id":"https:\/\/miumjau.ee\/#website","url":"https:\/\/miumjau.ee\/","name":"MiuMjau","description":"Kraapimispuud kassidele","publisher":{"@id":"https:\/\/miumjau.ee\/#organization"},"potentialAction":[{"@type":"SearchAction","target":{"@type":"EntryPoint","urlTemplate":"https:\/\/miumjau.ee\/?s={search_term_string}"},"query-input":{"@type":"PropertyValueSpecification","valueRequired":true,"valueName":"search_term_string"}}],"inLanguage":"lt-LT"},{"@type":"Organization","@id":"https:\/\/miumjau.ee\/#organization","name":"MiuMjau O\u00dc","url":"https:\/\/miumjau.ee\/","logo":{"@type":"ImageObject","inLanguage":"lt-LT","@id":"https:\/\/miumjau.ee\/#\/schema\/logo\/image\/","url":"https:\/\/miumjau.ee\/wp-content\/uploads\/2022\/04\/MiuMjau-logo-kollane.png","contentUrl":"https:\/\/miumjau.ee\/wp-content\/uploads\/2022\/04\/MiuMjau-logo-kollane.png","width":219,"height":100,"caption":"MiuMjau O\u00dc"},"image":{"@id":"https:\/\/miumjau.ee\/#\/schema\/logo\/image\/"},"sameAs":["https:\/\/www.facebook.com\/miumjaupood\/"]}]}},"_links":{"self":[{"href":"https:\/\/miumjau.ee\/lt\/wp-json\/wp\/v2\/product\/41152","targetHints":{"allow":["GET"]}}],"collection":[{"href":"https:\/\/miumjau.ee\/lt\/wp-json\/wp\/v2\/product"}],"about":[{"href":"https:\/\/miumjau.ee\/lt\/wp-json\/wp\/v2\/types\/product"}],"wp:featuredmedia":[{"embeddable":true,"href":"https:\/\/miumjau.ee\/lt\/wp-json\/wp\/v2\/media\/41213"}],"wp:attachment":[{"href":"https:\/\/miumjau.ee\/lt\/wp-json\/wp\/v2\/media?parent=41152"}],"wp:term":[{"taxonomy":"product_brand","embeddable":true,"href":"https:\/\/miumjau.ee\/lt\/wp-json\/wp\/v2\/product_brand?post=41152"},{"taxonomy":"product_cat","embeddable":true,"href":"https:\/\/miumjau.ee\/lt\/wp-json\/wp\/v2\/product_cat?post=41152"},{"taxonomy":"product_tag","embeddable":true,"href":"https:\/\/miumjau.ee\/lt\/wp-json\/wp\/v2\/product_tag?post=41152"}],"curies":[{"name":"wp","href":"https:\/\/api.w.org\/{rel}","templated":true}]}}