{"id":41149,"date":"2025-07-22T23:10:07","date_gmt":"2025-07-22T20:10:07","guid":{"rendered":"https:\/\/miumjau.ee\/toode\/ibero-natural-be-grudu-visoms-veislems-suaugusiems-su-elniena-12-kg\/"},"modified":"2026-01-07T20:53:41","modified_gmt":"2026-01-07T18:53:41","slug":"ibero-natural-be-grudu-visoms-veislems-suaugusiems-su-elniena-12-kg","status":"publish","type":"product","link":"https:\/\/miumjau.ee\/lt\/produktas\/ibero-natural-be-grudu-visoms-veislems-suaugusiems-su-elniena-12-kg\/","title":{"rendered":"Ibero Natural be gr\u016bd\u0173, visoms veis\u00adl\u0117ms suaugusiems su elniena 12 kg"},"content":{"rendered":"","protected":false},"excerpt":{"rendered":"<p>Pilnavertis pa\u0161aras suaugusiems \u0161unims i\u0161 vis\u0173 veisli\u0173 ir dyd\u017ei\u0173, pasi\u017eymintis be gr\u016bd\u0173 sud\u0117timi. \u0160is maistas yra idealus pasirinkimas \u0161unims, turintiems jautri\u0105 vir\u0161kinimo sistem\u0105 arba alergij\u0105 gr\u016bdams, nes suteikia lengvai vir\u0161kinam\u0105 alternatyv\u0105.<br \/>\nPagrindin\u0117 sudedamoji dalis \u2013 d\u017eiovinta elniena, teikianti auk\u0161tos kokyb\u0117s baltym\u0173, palaikan\u010di\u0173 raumen\u0173 mas\u0119 ir bendr\u0105 gyvybingum\u0105. Sald\u017eiosios bulv\u0117s ir d\u017eiovintos bulv\u0117s suteikia reikalingos energijos d\u0117l lengvai \u012fsisavinam\u0173 angliavandeni\u0173, o jautienos riebalai pagerina skon\u012f ir praturtina maistin\u0119 vert\u0119.<br \/>\nVir\u0161kinimo sistemos sveikatai ir kailio kokybei palaikyti pa\u0161aras papildytas moli\u016bgu, morkomis ir lin\u0173 s\u0117menimis \u2013 skaidul\u0173 ir omega-3 riebal\u0173 r\u016bg\u0161\u010di\u0173 \u0161altiniais. Papildomi ingredientai, tokie kaip cikorij\u0173 ekstraktas, beta gliukanai, gliukozaminas ir chondroitino sulfatas, padeda palaikyti s\u0105nari\u0173, imunin\u0117s sistemos ir bendros sveikatos b\u016bkl\u0119.<br \/>\nSubalansuota vitamin\u0173 (A, D3, E, B kompleksas) ir mineral\u0173 (cinkas, gele\u017eis, selenas) sud\u0117tis padeda u\u017etikrinti ilgalaik\u0119 sveikat\u0105 ir gyvybingum\u0105, suteikdama \u0161uniui energijos visam gyvenimui.  <\/p>\n<p><strong>Metabolizuojama energija:<\/strong> 3 790 kcal\/kg<br \/>\n<strong>Sudedamosios dalys:<\/strong> D\u017eiovinta elniena 35 %, sald\u017eiosios bulv\u0117s, d\u017eiovintos bulv\u0117s, jautienos riebalai 15 %, d\u017eiovintas moli\u016bgas 2 %, d\u017eiovintos morkos 1,2 %, lin\u0173 s\u0117menys, cikorij\u0173 ekstraktas, juka, beta gliukanai, gliukozaminas, chondroitino sulfatas, vitamin\u0173 ir mineral\u0173 mi\u0161inys.<br \/>\n<strong>Analitin\u0117 sud\u0117tis:<\/strong> \u017dali baltymai 25,00 %, \u017dali riebalai 14,00 %, \u017dalia l\u0105steliena 3,20 %, \u017dali pelenai 7,9 %, Kalcis 1,1 %, Fosforas 0,85 %, Natris 0,15 %, Maksimali dr\u0117gm\u0117 10 %.<br \/>\n<strong>Priedai (mg\/kg):<\/strong> Vitaminas A 16 300 TV, vitaminas D3 1 620 TV, vitaminas E 160 mg, vitaminas B1 4,8 mg, vitaminas B2 8 mg, vitaminas B6 6,4 mg, vitaminas B12 0,07 mg, niacinas 40 mg, pantoteno r\u016bg\u0161tis 16 mg, folio r\u016bg\u0161tis 0,64 mg, biotinas 0,4 mg, vitaminas C 160 mg, jodas 4 mg, selenas 0,35 mg, gele\u017eis 96 mg, varis 12 mg, cinkas 120 mg, manganas 12 mg, cholino chloridas 1 728 mg, gliukozaminas 400 mg\/kg, chondroitino sulfatas 350 mg\/kg. Antioksidantai: augalini\u0173 aliej\u0173 ekstraktai, turtingi tokoferoliais.<br \/>\n<strong>Energijos kiekis:<\/strong> 3 790 kcal\/kg<br \/>\n<strong>\u0160\u0117rimo rekomendacijos:<\/strong> (per 24 val.): 3 kg \u2013 60 g, 5 kg \u2013 80 g, 7 kg \u2013 110 g, 10 kg \u2013 140 g, 15 kg \u2013 180 g, 20 kg \u2013 230 g, 25 kg \u2013 270 g, 30 kg \u2013 320 g, 35 kg \u2013 360 g, 40 kg \u2013 390 g, 45 kg \u2013 440 g, 50 kg \u2013 480 g, 60 kg \u2013 570 g. Pa\u0161ar\u0105 duoti saus\u0105. Po adaptacijos laikotarpio \u0161erti pagal \u0161uns svor\u012f (\u017er. lentel\u0119). Nurodytas dienos kiekis yra apytikslis. Jei \u0161uo turi antsvor\u012f, suma\u017einti kiek\u012f 10 %. Jei \u0161uo per liesas, padidinti 10 %. U\u017etikrinti \u0161vie\u017eio geriamojo vandens prieinamum\u0105. Laikyti v\u0117sioje ir tamsioje vietoje.<\/p>\n","protected":false},"featured_media":41235,"template":"","meta":[],"product_brand":[],"product_cat":[524,538],"product_tag":[],"class_list":{"0":"post-41149","1":"product","2":"type-product","3":"status-publish","4":"has-post-thumbnail","6":"product_cat-kaup24-lt","7":"product_cat-sausas-maistas-sunims","9":"first","10":"instock","11":"sale","12":"taxable","13":"shipping-taxable","14":"purchasable","15":"product-type-simple"},"yoast_head":"<!-- This site is optimized with the Yoast SEO plugin v27.4 - https:\/\/yoast.com\/product\/yoast-seo-wordpress\/ -->\n<title>Ibero Natural be gr\u016bd\u0173, visoms veis\u00adl\u0117ms suaugusiems su elniena 12 kg - MiuMjau<\/title>\n<meta name=\"robots\" content=\"index, follow, max-snippet:-1, max-image-preview:large, max-video-preview:-1\" \/>\n<link rel=\"canonical\" href=\"https:\/\/miumjau.ee\/lt\/produktas\/ibero-natural-be-grudu-visoms-veislems-suaugusiems-su-elniena-12-kg\/\" \/>\n<meta property=\"og:locale\" content=\"lt_LT\" \/>\n<meta property=\"og:type\" content=\"article\" \/>\n<meta property=\"og:title\" content=\"Ibero Natural be gr\u016bd\u0173, visoms veis\u00adl\u0117ms suaugusiems su elniena 12 kg - MiuMjau\" \/>\n<meta property=\"og:description\" content=\"Pilnavertis pa\u0161aras suaugusiems \u0161unims i\u0161 vis\u0173 veisli\u0173 ir dyd\u017ei\u0173, pasi\u017eymintis be gr\u016bd\u0173 sud\u0117timi. \u0160is maistas yra idealus pasirinkimas \u0161unims, turintiems jautri\u0105 vir\u0161kinimo sistem\u0105 arba alergij\u0105 gr\u016bdams, nes suteikia lengvai vir\u0161kinam\u0105 alternatyv\u0105.  Pagrindin\u0117 sudedamoji dalis \u2013 d\u017eiovinta elniena, teikianti auk\u0161tos kokyb\u0117s baltym\u0173, palaikan\u010di\u0173 raumen\u0173 mas\u0119 ir bendr\u0105 gyvybingum\u0105. Sald\u017eiosios bulv\u0117s ir d\u017eiovintos bulv\u0117s suteikia reikalingos energijos d\u0117l lengvai \u012fsisavinam\u0173 angliavandeni\u0173, o jautienos riebalai pagerina skon\u012f ir praturtina maistin\u0119 vert\u0119.  Vir\u0161kinimo sistemos sveikatai ir kailio kokybei palaikyti pa\u0161aras papildytas moli\u016bgu, morkomis ir lin\u0173 s\u0117menimis \u2013 skaidul\u0173 ir omega-3 riebal\u0173 r\u016bg\u0161\u010di\u0173 \u0161altiniais. Papildomi ingredientai, tokie kaip cikorij\u0173 ekstraktas, beta gliukanai, gliukozaminas ir chondroitino sulfatas, padeda palaikyti s\u0105nari\u0173, imunin\u0117s sistemos ir bendros sveikatos b\u016bkl\u0119.  Subalansuota vitamin\u0173 (A, D3, E, B kompleksas) ir mineral\u0173 (cinkas, gele\u017eis, selenas) sud\u0117tis padeda u\u017etikrinti ilgalaik\u0119 sveikat\u0105 ir gyvybingum\u0105, suteikdama \u0161uniui energijos visam gyvenimui.  Metabolizuojama energija: 3 790 kcal\/kg  Sudedamosios dalys: D\u017eiovinta elniena 35 %, sald\u017eiosios bulv\u0117s, d\u017eiovintos bulv\u0117s, jautienos riebalai 15 %, d\u017eiovintas moli\u016bgas 2 %, d\u017eiovintos morkos 1,2 %, lin\u0173 s\u0117menys, cikorij\u0173 ekstraktas, juka, beta gliukanai, gliukozaminas, chondroitino sulfatas, vitamin\u0173 ir mineral\u0173 mi\u0161inys.  Analitin\u0117 sud\u0117tis: \u017dali baltymai 25,00 %, \u017dali riebalai 14,00 %, \u017dalia l\u0105steliena 3,20 %, \u017dali pelenai 7,9 %, Kalcis 1,1 %, Fosforas 0,85 %, Natris 0,15 %, Maksimali dr\u0117gm\u0117 10 %.  Priedai (mg\/kg): Vitaminas A 16 300 TV, vitaminas D3 1 620 TV, vitaminas E 160 mg, vitaminas B1 4,8 mg, vitaminas B2 8 mg, vitaminas B6 6,4 mg, vitaminas B12 0,07 mg, niacinas 40 mg, pantoteno r\u016bg\u0161tis 16 mg, folio r\u016bg\u0161tis 0,64 mg, biotinas 0,4 mg, vitaminas C 160 mg, jodas 4 mg, selenas 0,35 mg, gele\u017eis 96 mg, varis 12 mg, cinkas 120 mg, manganas 12 mg, cholino chloridas 1 728 mg, gliukozaminas 400 mg\/kg, chondroitino sulfatas 350 mg\/kg. Antioksidantai: augalini\u0173 aliej\u0173 ekstraktai, turtingi tokoferoliais.  Energijos kiekis: 3 790 kcal\/kg  \u0160\u0117rimo rekomendacijos: (per 24 val.): 3 kg \u2013 60 g, 5 kg \u2013 80 g, 7 kg \u2013 110 g, 10 kg \u2013 140 g, 15 kg \u2013 180 g, 20 kg \u2013 230 g, 25 kg \u2013 270 g, 30 kg \u2013 320 g, 35 kg \u2013 360 g, 40 kg \u2013 390 g, 45 kg \u2013 440 g, 50 kg \u2013 480 g, 60 kg \u2013 570 g. Pa\u0161ar\u0105 duoti saus\u0105. Po adaptacijos laikotarpio \u0161erti pagal \u0161uns svor\u012f (\u017er. lentel\u0119). Nurodytas dienos kiekis yra apytikslis. Jei \u0161uo turi antsvor\u012f, suma\u017einti kiek\u012f 10 %. Jei \u0161uo per liesas, padidinti 10 %. U\u017etikrinti \u0161vie\u017eio geriamojo vandens prieinamum\u0105. Laikyti v\u0117sioje ir tamsioje vietoje.\" \/>\n<meta property=\"og:url\" content=\"https:\/\/miumjau.ee\/lt\/produktas\/ibero-natural-be-grudu-visoms-veislems-suaugusiems-su-elniena-12-kg\/\" \/>\n<meta property=\"og:site_name\" content=\"MiuMjau\" \/>\n<meta property=\"article:publisher\" content=\"https:\/\/www.facebook.com\/miumjaupood\/\" \/>\n<meta property=\"article:modified_time\" content=\"2026-01-07T18:53:41+00:00\" \/>\n<meta property=\"og:image\" content=\"https:\/\/miumjau.ee\/wp-content\/uploads\/2025\/07\/ibero-teraviljavaba-allbreed-adult-hirv.jpg\" \/>\n\t<meta property=\"og:image:width\" content=\"600\" \/>\n\t<meta property=\"og:image:height\" content=\"800\" \/>\n\t<meta property=\"og:image:type\" content=\"image\/jpeg\" \/>\n<meta name=\"twitter:card\" content=\"summary_large_image\" \/>\n<script type=\"application\/ld+json\" class=\"yoast-schema-graph\">{\"@context\":\"https:\\\/\\\/schema.org\",\"@graph\":[{\"@type\":\"WebPage\",\"@id\":\"https:\\\/\\\/miumjau.ee\\\/lt\\\/produktas\\\/ibero-natural-be-grudu-visoms-veislems-suaugusiems-su-elniena-12-kg\\\/\",\"url\":\"https:\\\/\\\/miumjau.ee\\\/lt\\\/produktas\\\/ibero-natural-be-grudu-visoms-veislems-suaugusiems-su-elniena-12-kg\\\/\",\"name\":\"Ibero Natural be gr\u016bd\u0173, visoms veis\u00adl\u0117ms suaugusiems su elniena 12 kg - MiuMjau\",\"isPartOf\":{\"@id\":\"https:\\\/\\\/miumjau.ee\\\/#website\"},\"primaryImageOfPage\":{\"@id\":\"https:\\\/\\\/miumjau.ee\\\/lt\\\/produktas\\\/ibero-natural-be-grudu-visoms-veislems-suaugusiems-su-elniena-12-kg\\\/#primaryimage\"},\"image\":{\"@id\":\"https:\\\/\\\/miumjau.ee\\\/lt\\\/produktas\\\/ibero-natural-be-grudu-visoms-veislems-suaugusiems-su-elniena-12-kg\\\/#primaryimage\"},\"thumbnailUrl\":\"https:\\\/\\\/miumjau.ee\\\/wp-content\\\/uploads\\\/2025\\\/07\\\/ibero-teraviljavaba-allbreed-adult-hirv.jpg\",\"datePublished\":\"2025-07-22T20:10:07+00:00\",\"dateModified\":\"2026-01-07T18:53:41+00:00\",\"breadcrumb\":{\"@id\":\"https:\\\/\\\/miumjau.ee\\\/lt\\\/produktas\\\/ibero-natural-be-grudu-visoms-veislems-suaugusiems-su-elniena-12-kg\\\/#breadcrumb\"},\"inLanguage\":\"lt-LT\",\"potentialAction\":[{\"@type\":\"ReadAction\",\"target\":[\"https:\\\/\\\/miumjau.ee\\\/lt\\\/produktas\\\/ibero-natural-be-grudu-visoms-veislems-suaugusiems-su-elniena-12-kg\\\/\"]}]},{\"@type\":\"ImageObject\",\"inLanguage\":\"lt-LT\",\"@id\":\"https:\\\/\\\/miumjau.ee\\\/lt\\\/produktas\\\/ibero-natural-be-grudu-visoms-veislems-suaugusiems-su-elniena-12-kg\\\/#primaryimage\",\"url\":\"https:\\\/\\\/miumjau.ee\\\/wp-content\\\/uploads\\\/2025\\\/07\\\/ibero-teraviljavaba-allbreed-adult-hirv.jpg\",\"contentUrl\":\"https:\\\/\\\/miumjau.ee\\\/wp-content\\\/uploads\\\/2025\\\/07\\\/ibero-teraviljavaba-allbreed-adult-hirv.jpg\",\"width\":600,\"height\":800,\"caption\":\"Ibero Natural teraviljavaba, All Breed Adult hirvega 12kg\"},{\"@type\":\"BreadcrumbList\",\"@id\":\"https:\\\/\\\/miumjau.ee\\\/lt\\\/produktas\\\/ibero-natural-be-grudu-visoms-veislems-suaugusiems-su-elniena-12-kg\\\/#breadcrumb\",\"itemListElement\":[{\"@type\":\"ListItem\",\"position\":1,\"name\":\"Home\",\"item\":\"https:\\\/\\\/miumjau.ee\\\/lt\\\/\"},{\"@type\":\"ListItem\",\"position\":2,\"name\":\"Parduotuv\u0117\",\"item\":\"https:\\\/\\\/miumjau.ee\\\/lt\\\/parduotuve\\\/\"},{\"@type\":\"ListItem\",\"position\":3,\"name\":\"Ibero Natural be gr\u016bd\u0173, visoms veis\u00adl\u0117ms suaugusiems su elniena 12 kg\"}]},{\"@type\":\"WebSite\",\"@id\":\"https:\\\/\\\/miumjau.ee\\\/#website\",\"url\":\"https:\\\/\\\/miumjau.ee\\\/\",\"name\":\"MiuMjau\",\"description\":\"Kraapimispuud kassidele\",\"publisher\":{\"@id\":\"https:\\\/\\\/miumjau.ee\\\/#organization\"},\"potentialAction\":[{\"@type\":\"SearchAction\",\"target\":{\"@type\":\"EntryPoint\",\"urlTemplate\":\"https:\\\/\\\/miumjau.ee\\\/?s={search_term_string}\"},\"query-input\":{\"@type\":\"PropertyValueSpecification\",\"valueRequired\":true,\"valueName\":\"search_term_string\"}}],\"inLanguage\":\"lt-LT\"},{\"@type\":\"Organization\",\"@id\":\"https:\\\/\\\/miumjau.ee\\\/#organization\",\"name\":\"MiuMjau O\u00dc\",\"url\":\"https:\\\/\\\/miumjau.ee\\\/\",\"logo\":{\"@type\":\"ImageObject\",\"inLanguage\":\"lt-LT\",\"@id\":\"https:\\\/\\\/miumjau.ee\\\/#\\\/schema\\\/logo\\\/image\\\/\",\"url\":\"https:\\\/\\\/miumjau.ee\\\/wp-content\\\/uploads\\\/2022\\\/04\\\/MiuMjau-logo-kollane.png\",\"contentUrl\":\"https:\\\/\\\/miumjau.ee\\\/wp-content\\\/uploads\\\/2022\\\/04\\\/MiuMjau-logo-kollane.png\",\"width\":219,\"height\":100,\"caption\":\"MiuMjau O\u00dc\"},\"image\":{\"@id\":\"https:\\\/\\\/miumjau.ee\\\/#\\\/schema\\\/logo\\\/image\\\/\"},\"sameAs\":[\"https:\\\/\\\/www.facebook.com\\\/miumjaupood\\\/\"]}]}<\/script>\n<!-- \/ Yoast SEO plugin. -->","yoast_head_json":{"title":"Ibero Natural be gr\u016bd\u0173, visoms veis\u00adl\u0117ms suaugusiems su elniena 12 kg - MiuMjau","robots":{"index":"index","follow":"follow","max-snippet":"max-snippet:-1","max-image-preview":"max-image-preview:large","max-video-preview":"max-video-preview:-1"},"canonical":"https:\/\/miumjau.ee\/lt\/produktas\/ibero-natural-be-grudu-visoms-veislems-suaugusiems-su-elniena-12-kg\/","og_locale":"lt_LT","og_type":"article","og_title":"Ibero Natural be gr\u016bd\u0173, visoms veis\u00adl\u0117ms suaugusiems su elniena 12 kg - MiuMjau","og_description":"Pilnavertis pa\u0161aras suaugusiems \u0161unims i\u0161 vis\u0173 veisli\u0173 ir dyd\u017ei\u0173, pasi\u017eymintis be gr\u016bd\u0173 sud\u0117timi. \u0160is maistas yra idealus pasirinkimas \u0161unims, turintiems jautri\u0105 vir\u0161kinimo sistem\u0105 arba alergij\u0105 gr\u016bdams, nes suteikia lengvai vir\u0161kinam\u0105 alternatyv\u0105.  Pagrindin\u0117 sudedamoji dalis \u2013 d\u017eiovinta elniena, teikianti auk\u0161tos kokyb\u0117s baltym\u0173, palaikan\u010di\u0173 raumen\u0173 mas\u0119 ir bendr\u0105 gyvybingum\u0105. Sald\u017eiosios bulv\u0117s ir d\u017eiovintos bulv\u0117s suteikia reikalingos energijos d\u0117l lengvai \u012fsisavinam\u0173 angliavandeni\u0173, o jautienos riebalai pagerina skon\u012f ir praturtina maistin\u0119 vert\u0119.  Vir\u0161kinimo sistemos sveikatai ir kailio kokybei palaikyti pa\u0161aras papildytas moli\u016bgu, morkomis ir lin\u0173 s\u0117menimis \u2013 skaidul\u0173 ir omega-3 riebal\u0173 r\u016bg\u0161\u010di\u0173 \u0161altiniais. Papildomi ingredientai, tokie kaip cikorij\u0173 ekstraktas, beta gliukanai, gliukozaminas ir chondroitino sulfatas, padeda palaikyti s\u0105nari\u0173, imunin\u0117s sistemos ir bendros sveikatos b\u016bkl\u0119.  Subalansuota vitamin\u0173 (A, D3, E, B kompleksas) ir mineral\u0173 (cinkas, gele\u017eis, selenas) sud\u0117tis padeda u\u017etikrinti ilgalaik\u0119 sveikat\u0105 ir gyvybingum\u0105, suteikdama \u0161uniui energijos visam gyvenimui.  Metabolizuojama energija: 3 790 kcal\/kg  Sudedamosios dalys: D\u017eiovinta elniena 35 %, sald\u017eiosios bulv\u0117s, d\u017eiovintos bulv\u0117s, jautienos riebalai 15 %, d\u017eiovintas moli\u016bgas 2 %, d\u017eiovintos morkos 1,2 %, lin\u0173 s\u0117menys, cikorij\u0173 ekstraktas, juka, beta gliukanai, gliukozaminas, chondroitino sulfatas, vitamin\u0173 ir mineral\u0173 mi\u0161inys.  Analitin\u0117 sud\u0117tis: \u017dali baltymai 25,00 %, \u017dali riebalai 14,00 %, \u017dalia l\u0105steliena 3,20 %, \u017dali pelenai 7,9 %, Kalcis 1,1 %, Fosforas 0,85 %, Natris 0,15 %, Maksimali dr\u0117gm\u0117 10 %.  Priedai (mg\/kg): Vitaminas A 16 300 TV, vitaminas D3 1 620 TV, vitaminas E 160 mg, vitaminas B1 4,8 mg, vitaminas B2 8 mg, vitaminas B6 6,4 mg, vitaminas B12 0,07 mg, niacinas 40 mg, pantoteno r\u016bg\u0161tis 16 mg, folio r\u016bg\u0161tis 0,64 mg, biotinas 0,4 mg, vitaminas C 160 mg, jodas 4 mg, selenas 0,35 mg, gele\u017eis 96 mg, varis 12 mg, cinkas 120 mg, manganas 12 mg, cholino chloridas 1 728 mg, gliukozaminas 400 mg\/kg, chondroitino sulfatas 350 mg\/kg. Antioksidantai: augalini\u0173 aliej\u0173 ekstraktai, turtingi tokoferoliais.  Energijos kiekis: 3 790 kcal\/kg  \u0160\u0117rimo rekomendacijos: (per 24 val.): 3 kg \u2013 60 g, 5 kg \u2013 80 g, 7 kg \u2013 110 g, 10 kg \u2013 140 g, 15 kg \u2013 180 g, 20 kg \u2013 230 g, 25 kg \u2013 270 g, 30 kg \u2013 320 g, 35 kg \u2013 360 g, 40 kg \u2013 390 g, 45 kg \u2013 440 g, 50 kg \u2013 480 g, 60 kg \u2013 570 g. Pa\u0161ar\u0105 duoti saus\u0105. Po adaptacijos laikotarpio \u0161erti pagal \u0161uns svor\u012f (\u017er. lentel\u0119). Nurodytas dienos kiekis yra apytikslis. Jei \u0161uo turi antsvor\u012f, suma\u017einti kiek\u012f 10 %. Jei \u0161uo per liesas, padidinti 10 %. U\u017etikrinti \u0161vie\u017eio geriamojo vandens prieinamum\u0105. Laikyti v\u0117sioje ir tamsioje vietoje.","og_url":"https:\/\/miumjau.ee\/lt\/produktas\/ibero-natural-be-grudu-visoms-veislems-suaugusiems-su-elniena-12-kg\/","og_site_name":"MiuMjau","article_publisher":"https:\/\/www.facebook.com\/miumjaupood\/","article_modified_time":"2026-01-07T18:53:41+00:00","og_image":[{"width":600,"height":800,"url":"https:\/\/miumjau.ee\/wp-content\/uploads\/2025\/07\/ibero-teraviljavaba-allbreed-adult-hirv.jpg","type":"image\/jpeg"}],"twitter_card":"summary_large_image","schema":{"@context":"https:\/\/schema.org","@graph":[{"@type":"WebPage","@id":"https:\/\/miumjau.ee\/lt\/produktas\/ibero-natural-be-grudu-visoms-veislems-suaugusiems-su-elniena-12-kg\/","url":"https:\/\/miumjau.ee\/lt\/produktas\/ibero-natural-be-grudu-visoms-veislems-suaugusiems-su-elniena-12-kg\/","name":"Ibero Natural be gr\u016bd\u0173, visoms veis\u00adl\u0117ms suaugusiems su elniena 12 kg - MiuMjau","isPartOf":{"@id":"https:\/\/miumjau.ee\/#website"},"primaryImageOfPage":{"@id":"https:\/\/miumjau.ee\/lt\/produktas\/ibero-natural-be-grudu-visoms-veislems-suaugusiems-su-elniena-12-kg\/#primaryimage"},"image":{"@id":"https:\/\/miumjau.ee\/lt\/produktas\/ibero-natural-be-grudu-visoms-veislems-suaugusiems-su-elniena-12-kg\/#primaryimage"},"thumbnailUrl":"https:\/\/miumjau.ee\/wp-content\/uploads\/2025\/07\/ibero-teraviljavaba-allbreed-adult-hirv.jpg","datePublished":"2025-07-22T20:10:07+00:00","dateModified":"2026-01-07T18:53:41+00:00","breadcrumb":{"@id":"https:\/\/miumjau.ee\/lt\/produktas\/ibero-natural-be-grudu-visoms-veislems-suaugusiems-su-elniena-12-kg\/#breadcrumb"},"inLanguage":"lt-LT","potentialAction":[{"@type":"ReadAction","target":["https:\/\/miumjau.ee\/lt\/produktas\/ibero-natural-be-grudu-visoms-veislems-suaugusiems-su-elniena-12-kg\/"]}]},{"@type":"ImageObject","inLanguage":"lt-LT","@id":"https:\/\/miumjau.ee\/lt\/produktas\/ibero-natural-be-grudu-visoms-veislems-suaugusiems-su-elniena-12-kg\/#primaryimage","url":"https:\/\/miumjau.ee\/wp-content\/uploads\/2025\/07\/ibero-teraviljavaba-allbreed-adult-hirv.jpg","contentUrl":"https:\/\/miumjau.ee\/wp-content\/uploads\/2025\/07\/ibero-teraviljavaba-allbreed-adult-hirv.jpg","width":600,"height":800,"caption":"Ibero Natural teraviljavaba, All Breed Adult hirvega 12kg"},{"@type":"BreadcrumbList","@id":"https:\/\/miumjau.ee\/lt\/produktas\/ibero-natural-be-grudu-visoms-veislems-suaugusiems-su-elniena-12-kg\/#breadcrumb","itemListElement":[{"@type":"ListItem","position":1,"name":"Home","item":"https:\/\/miumjau.ee\/lt\/"},{"@type":"ListItem","position":2,"name":"Parduotuv\u0117","item":"https:\/\/miumjau.ee\/lt\/parduotuve\/"},{"@type":"ListItem","position":3,"name":"Ibero Natural be gr\u016bd\u0173, visoms veis\u00adl\u0117ms suaugusiems su elniena 12 kg"}]},{"@type":"WebSite","@id":"https:\/\/miumjau.ee\/#website","url":"https:\/\/miumjau.ee\/","name":"MiuMjau","description":"Kraapimispuud kassidele","publisher":{"@id":"https:\/\/miumjau.ee\/#organization"},"potentialAction":[{"@type":"SearchAction","target":{"@type":"EntryPoint","urlTemplate":"https:\/\/miumjau.ee\/?s={search_term_string}"},"query-input":{"@type":"PropertyValueSpecification","valueRequired":true,"valueName":"search_term_string"}}],"inLanguage":"lt-LT"},{"@type":"Organization","@id":"https:\/\/miumjau.ee\/#organization","name":"MiuMjau O\u00dc","url":"https:\/\/miumjau.ee\/","logo":{"@type":"ImageObject","inLanguage":"lt-LT","@id":"https:\/\/miumjau.ee\/#\/schema\/logo\/image\/","url":"https:\/\/miumjau.ee\/wp-content\/uploads\/2022\/04\/MiuMjau-logo-kollane.png","contentUrl":"https:\/\/miumjau.ee\/wp-content\/uploads\/2022\/04\/MiuMjau-logo-kollane.png","width":219,"height":100,"caption":"MiuMjau O\u00dc"},"image":{"@id":"https:\/\/miumjau.ee\/#\/schema\/logo\/image\/"},"sameAs":["https:\/\/www.facebook.com\/miumjaupood\/"]}]}},"_links":{"self":[{"href":"https:\/\/miumjau.ee\/lt\/wp-json\/wp\/v2\/product\/41149","targetHints":{"allow":["GET"]}}],"collection":[{"href":"https:\/\/miumjau.ee\/lt\/wp-json\/wp\/v2\/product"}],"about":[{"href":"https:\/\/miumjau.ee\/lt\/wp-json\/wp\/v2\/types\/product"}],"wp:featuredmedia":[{"embeddable":true,"href":"https:\/\/miumjau.ee\/lt\/wp-json\/wp\/v2\/media\/41235"}],"wp:attachment":[{"href":"https:\/\/miumjau.ee\/lt\/wp-json\/wp\/v2\/media?parent=41149"}],"wp:term":[{"taxonomy":"product_brand","embeddable":true,"href":"https:\/\/miumjau.ee\/lt\/wp-json\/wp\/v2\/product_brand?post=41149"},{"taxonomy":"product_cat","embeddable":true,"href":"https:\/\/miumjau.ee\/lt\/wp-json\/wp\/v2\/product_cat?post=41149"},{"taxonomy":"product_tag","embeddable":true,"href":"https:\/\/miumjau.ee\/lt\/wp-json\/wp\/v2\/product_tag?post=41149"}],"curies":[{"name":"wp","href":"https:\/\/api.w.org\/{rel}","templated":true}]}}