{"id":41148,"date":"2025-07-22T23:00:43","date_gmt":"2025-07-22T20:00:43","guid":{"rendered":"https:\/\/miumjau.ee\/toode\/ibero-natural-be-grudu-visoms-veislems-suaugusiems-su-triusiena-12-kg\/"},"modified":"2026-01-07T20:53:41","modified_gmt":"2026-01-07T18:53:41","slug":"ibero-natural-be-grudu-visoms-veislems-suaugusiems-su-triusiena-12-kg","status":"publish","type":"product","link":"https:\/\/miumjau.ee\/lt\/produktas\/ibero-natural-be-grudu-visoms-veislems-suaugusiems-su-triusiena-12-kg\/","title":{"rendered":"Ibero Natural be gr\u016bd\u0173, visoms veis\u00adl\u0117ms suaugusiems su triu\u0161iena 12 kg"},"content":{"rendered":"","protected":false},"excerpt":{"rendered":"<p>Pilnavertis be gr\u016bd\u0173 pa\u0161aras suaugusiems \u0161unims. Tinka vis\u0173 veisli\u0173 \u0161unims \u2013 granul\u0117s yra universalaus dyd\u017eio. Sud\u0117tis be gr\u016bd\u0173 puikiai tinka \u0161unims, turintiems jautri\u0105 vir\u0161kinimo sistem\u0105 arba tiems, kuriems reikalingas be gr\u016bd\u0173 maistas.<br \/>\nTriu\u0161iena yra auk\u0161tos kokyb\u0117s baltym\u0173 \u0161altinis, palaikantis raumen\u0173 mas\u0119 ir bendr\u0105 gyvybingum\u0105. Sald\u017eiosios bulv\u0117s ir d\u017eiovintos bulv\u0117s \u2013 lengvai vir\u0161kinam\u0173 angliavandeni\u0173 \u0161altinis, suteikiantis ilgalaik\u0117s energijos neapkraunant vir\u0161kinimo sistemos.<br \/>\nJautienos riebalai ir avienos kepenys praturtina maist\u0105 reikalingais riebalais ir maistin\u0117mis med\u017eiagomis, pagerina skon\u012f ir palaiko sveik\u0105 od\u0105 bei kail\u012f. D\u017eiovintas moli\u016bgas, morkos ir lin\u0173 s\u0117menys \u2013 skaidul\u0173 ir omega-3 riebal\u0173 r\u016bg\u0161\u010di\u0173 \u0161altiniai, padedantys vir\u0161kinimui ir gerinantys kailio kokyb\u0119.<br \/>\nReceptas papildytas cikorij\u0173 ekstraktu, beta gliukanais, gliukozaminu ir chondroitino sulfatu, kurie padeda palaikyti s\u0105nari\u0173 sveikat\u0105 ir stiprina imunin\u0119 sistem\u0105. Vitamin\u0173 (A, D3, E, B kompleksas) ir mineral\u0173 (cinkas, gele\u017eis, selenas) derinys subalansuotas ilgalaikei sveikatai ir gyvybingumui.  <\/p>\n<p><strong>Sudedamosios dalys:<\/strong> D\u017eiovinta triu\u0161iena 29 %, sald\u017eiosios bulv\u0117s, d\u017eiovintos bulv\u0117s, jautienos riebalai 14 %, avienos kepenys 5 %, d\u017eiovintas moli\u016bgas 2 %, d\u017eiovintos avienos kepenys 2 %, d\u017eiovintos morkos 1,2 %, lin\u0173 s\u0117menys, cikorij\u0173 ekstraktas, juka, beta gliukanai, kremzli\u0173 ekstraktas, vitamin\u0173 ir mineral\u0173 mi\u0161inys.<br \/>\n<strong>Analitin\u0117 sud\u0117tis:<\/strong> \u017dali baltymai 25,00 %, \u017dali riebalai 14,00 %, \u017dalia l\u0105steliena 3,20 %.  <\/p>\n<p><strong>Priedai (mg\/kg):<\/strong>  <\/p>\n<ul>\n<li><strong>Vitaminai:<\/strong> Vitaminas A 16 300 TV, vitaminas D3 1 620 TV, vitaminas E 160 mg, vitaminas B1 4,8 mg, vitaminas B2 8 mg, vitaminas B6 6,4 mg, vitaminas B12 0,07 mg, niacinas 40 mg, pantoteno r\u016bg\u0161tis 16 mg, folio r\u016bg\u0161tis 0,64 mg, biotinas 0,4 mg, vitaminas C 160 mg<\/li>\n<li><strong>Mineralai:<\/strong> jodas 4 mg, selenas 0,35 mg, gele\u017eis 96 mg, varis 12 mg, cinkas 120 mg, manganas 12 mg<\/li>\n<li><strong>Kiti:<\/strong> cholino chloridas 1 728 mg, gliukozaminas 400 mg\/kg, chondroitino sulfatas 350 mg\/kg<\/li>\n<li><strong>Antioksidantai:<\/strong> augalini\u0173 aliej\u0173 ekstraktai, turtingi tokoferoliais<\/li>\n<\/ul>\n<p><strong>Energijos kiekis:<\/strong> 3 790 kcal\/kg<br \/>\n<strong>\u0160\u0117rimo rekomendacijos:<\/strong> Pa\u0161ar\u0105 tiekti saus\u0105. Po adaptacijos laikotarpio \u0161erti pagal \u0161uns svor\u012f, kaip nurodyta lentel\u0117je. Nurodytas dienos kiekis yra apytikslis. Jei \u0161uo turi antsvor\u012f, suma\u017einti porcij\u0105 10 %. Jei \u0161uo per liesas, padidinti porcij\u0105 10 %. U\u017etikrinti \u0161vie\u017eio vandens prieinamum\u0105. Laikyti v\u0117sioje ir tamsioje vietoje.<br \/>\nSauso pa\u0161aro kiekis (per 24 val.): 3 kg \u2013 60 g, 5 kg \u2013 80 g, 7 kg \u2013 110 g, 10 kg \u2013 140 g, 15 kg \u2013 180 g, 20 kg \u2013 230 g, 25 kg \u2013 270 g, 30 kg \u2013 320 g, 35 kg \u2013 360 g, 40 kg \u2013 390 g, 45 kg \u2013 440 g, 50 kg \u2013 480 g, 60 kg \u2013 570 g.<\/p>\n","protected":false},"featured_media":41234,"template":"","meta":[],"product_brand":[],"product_cat":[538,524],"product_tag":[],"class_list":{"0":"post-41148","1":"product","2":"type-product","3":"status-publish","4":"has-post-thumbnail","6":"product_cat-sausas-maistas-sunims","7":"product_cat-kaup24-lt","9":"first","10":"instock","11":"sale","12":"taxable","13":"shipping-taxable","14":"purchasable","15":"product-type-simple"},"yoast_head":"<!-- This site is optimized with the Yoast SEO plugin v27.2 - https:\/\/yoast.com\/product\/yoast-seo-wordpress\/ -->\n<title>Ibero Natural be gr\u016bd\u0173, visoms veis\u00adl\u0117ms suaugusiems su triu\u0161iena 12 kg - MiuMjau<\/title>\n<meta name=\"robots\" content=\"index, follow, max-snippet:-1, max-image-preview:large, max-video-preview:-1\" \/>\n<link rel=\"canonical\" href=\"https:\/\/miumjau.ee\/lt\/produktas\/ibero-natural-be-grudu-visoms-veislems-suaugusiems-su-triusiena-12-kg\/\" \/>\n<meta property=\"og:locale\" content=\"lt_LT\" \/>\n<meta property=\"og:type\" content=\"article\" \/>\n<meta property=\"og:title\" content=\"Ibero Natural be gr\u016bd\u0173, visoms veis\u00adl\u0117ms suaugusiems su triu\u0161iena 12 kg - MiuMjau\" \/>\n<meta property=\"og:description\" content=\"Pilnavertis be gr\u016bd\u0173 pa\u0161aras suaugusiems \u0161unims. Tinka vis\u0173 veisli\u0173 \u0161unims \u2013 granul\u0117s yra universalaus dyd\u017eio. Sud\u0117tis be gr\u016bd\u0173 puikiai tinka \u0161unims, turintiems jautri\u0105 vir\u0161kinimo sistem\u0105 arba tiems, kuriems reikalingas be gr\u016bd\u0173 maistas.  Triu\u0161iena yra auk\u0161tos kokyb\u0117s baltym\u0173 \u0161altinis, palaikantis raumen\u0173 mas\u0119 ir bendr\u0105 gyvybingum\u0105. Sald\u017eiosios bulv\u0117s ir d\u017eiovintos bulv\u0117s \u2013 lengvai vir\u0161kinam\u0173 angliavandeni\u0173 \u0161altinis, suteikiantis ilgalaik\u0117s energijos neapkraunant vir\u0161kinimo sistemos.  Jautienos riebalai ir avienos kepenys praturtina maist\u0105 reikalingais riebalais ir maistin\u0117mis med\u017eiagomis, pagerina skon\u012f ir palaiko sveik\u0105 od\u0105 bei kail\u012f. D\u017eiovintas moli\u016bgas, morkos ir lin\u0173 s\u0117menys \u2013 skaidul\u0173 ir omega-3 riebal\u0173 r\u016bg\u0161\u010di\u0173 \u0161altiniai, padedantys vir\u0161kinimui ir gerinantys kailio kokyb\u0119.  Receptas papildytas cikorij\u0173 ekstraktu, beta gliukanais, gliukozaminu ir chondroitino sulfatu, kurie padeda palaikyti s\u0105nari\u0173 sveikat\u0105 ir stiprina imunin\u0119 sistem\u0105. Vitamin\u0173 (A, D3, E, B kompleksas) ir mineral\u0173 (cinkas, gele\u017eis, selenas) derinys subalansuotas ilgalaikei sveikatai ir gyvybingumui.  Sudedamosios dalys: D\u017eiovinta triu\u0161iena 29 %, sald\u017eiosios bulv\u0117s, d\u017eiovintos bulv\u0117s, jautienos riebalai 14 %, avienos kepenys 5 %, d\u017eiovintas moli\u016bgas 2 %, d\u017eiovintos avienos kepenys 2 %, d\u017eiovintos morkos 1,2 %, lin\u0173 s\u0117menys, cikorij\u0173 ekstraktas, juka, beta gliukanai, kremzli\u0173 ekstraktas, vitamin\u0173 ir mineral\u0173 mi\u0161inys.  Analitin\u0117 sud\u0117tis: \u017dali baltymai 25,00 %, \u017dali riebalai 14,00 %, \u017dalia l\u0105steliena 3,20 %.  Priedai (mg\/kg):  Vitaminai: Vitaminas A 16 300 TV, vitaminas D3 1 620 TV, vitaminas E 160 mg, vitaminas B1 4,8 mg, vitaminas B2 8 mg, vitaminas B6 6,4 mg, vitaminas B12 0,07 mg, niacinas 40 mg, pantoteno r\u016bg\u0161tis 16 mg, folio r\u016bg\u0161tis 0,64 mg, biotinas 0,4 mg, vitaminas C 160 mg Mineralai: jodas 4 mg, selenas 0,35 mg, gele\u017eis 96 mg, varis 12 mg, cinkas 120 mg, manganas 12 mg Kiti: cholino chloridas 1 728 mg, gliukozaminas 400 mg\/kg, chondroitino sulfatas 350 mg\/kg Antioksidantai: augalini\u0173 aliej\u0173 ekstraktai, turtingi tokoferoliais  Energijos kiekis: 3 790 kcal\/kg  \u0160\u0117rimo rekomendacijos: Pa\u0161ar\u0105 tiekti saus\u0105. Po adaptacijos laikotarpio \u0161erti pagal \u0161uns svor\u012f, kaip nurodyta lentel\u0117je. Nurodytas dienos kiekis yra apytikslis. Jei \u0161uo turi antsvor\u012f, suma\u017einti porcij\u0105 10 %. Jei \u0161uo per liesas, padidinti porcij\u0105 10 %. U\u017etikrinti \u0161vie\u017eio vandens prieinamum\u0105. Laikyti v\u0117sioje ir tamsioje vietoje.  Sauso pa\u0161aro kiekis (per 24 val.): 3 kg \u2013 60 g, 5 kg \u2013 80 g, 7 kg \u2013 110 g, 10 kg \u2013 140 g, 15 kg \u2013 180 g, 20 kg \u2013 230 g, 25 kg \u2013 270 g, 30 kg \u2013 320 g, 35 kg \u2013 360 g, 40 kg \u2013 390 g, 45 kg \u2013 440 g, 50 kg \u2013 480 g, 60 kg \u2013 570 g.\" \/>\n<meta property=\"og:url\" content=\"https:\/\/miumjau.ee\/lt\/produktas\/ibero-natural-be-grudu-visoms-veislems-suaugusiems-su-triusiena-12-kg\/\" \/>\n<meta property=\"og:site_name\" content=\"MiuMjau\" \/>\n<meta property=\"article:publisher\" content=\"https:\/\/www.facebook.com\/miumjaupood\/\" \/>\n<meta property=\"article:modified_time\" content=\"2026-01-07T18:53:41+00:00\" \/>\n<meta property=\"og:image\" content=\"https:\/\/miumjau.ee\/wp-content\/uploads\/2025\/07\/ibero-teraviljavaba-allbreed-adult-janes.jpg\" \/>\n\t<meta property=\"og:image:width\" content=\"600\" \/>\n\t<meta property=\"og:image:height\" content=\"800\" \/>\n\t<meta property=\"og:image:type\" content=\"image\/jpeg\" \/>\n<meta name=\"twitter:card\" content=\"summary_large_image\" \/>\n<script type=\"application\/ld+json\" class=\"yoast-schema-graph\">{\"@context\":\"https:\/\/schema.org\",\"@graph\":[{\"@type\":\"WebPage\",\"@id\":\"https:\/\/miumjau.ee\/lt\/produktas\/ibero-natural-be-grudu-visoms-veislems-suaugusiems-su-triusiena-12-kg\/\",\"url\":\"https:\/\/miumjau.ee\/lt\/produktas\/ibero-natural-be-grudu-visoms-veislems-suaugusiems-su-triusiena-12-kg\/\",\"name\":\"Ibero Natural be gr\u016bd\u0173, visoms veis\u00adl\u0117ms suaugusiems su triu\u0161iena 12 kg - MiuMjau\",\"isPartOf\":{\"@id\":\"https:\/\/miumjau.ee\/#website\"},\"primaryImageOfPage\":{\"@id\":\"https:\/\/miumjau.ee\/lt\/produktas\/ibero-natural-be-grudu-visoms-veislems-suaugusiems-su-triusiena-12-kg\/#primaryimage\"},\"image\":{\"@id\":\"https:\/\/miumjau.ee\/lt\/produktas\/ibero-natural-be-grudu-visoms-veislems-suaugusiems-su-triusiena-12-kg\/#primaryimage\"},\"thumbnailUrl\":\"https:\/\/miumjau.ee\/wp-content\/uploads\/2025\/07\/ibero-teraviljavaba-allbreed-adult-janes.jpg\",\"datePublished\":\"2025-07-22T20:00:43+00:00\",\"dateModified\":\"2026-01-07T18:53:41+00:00\",\"breadcrumb\":{\"@id\":\"https:\/\/miumjau.ee\/lt\/produktas\/ibero-natural-be-grudu-visoms-veislems-suaugusiems-su-triusiena-12-kg\/#breadcrumb\"},\"inLanguage\":\"lt-LT\",\"potentialAction\":[{\"@type\":\"ReadAction\",\"target\":[\"https:\/\/miumjau.ee\/lt\/produktas\/ibero-natural-be-grudu-visoms-veislems-suaugusiems-su-triusiena-12-kg\/\"]}]},{\"@type\":\"ImageObject\",\"inLanguage\":\"lt-LT\",\"@id\":\"https:\/\/miumjau.ee\/lt\/produktas\/ibero-natural-be-grudu-visoms-veislems-suaugusiems-su-triusiena-12-kg\/#primaryimage\",\"url\":\"https:\/\/miumjau.ee\/wp-content\/uploads\/2025\/07\/ibero-teraviljavaba-allbreed-adult-janes.jpg\",\"contentUrl\":\"https:\/\/miumjau.ee\/wp-content\/uploads\/2025\/07\/ibero-teraviljavaba-allbreed-adult-janes.jpg\",\"width\":600,\"height\":800,\"caption\":\"Ibero teraviljavaba toit koertele allbreed adult j\u00e4nesega\"},{\"@type\":\"BreadcrumbList\",\"@id\":\"https:\/\/miumjau.ee\/lt\/produktas\/ibero-natural-be-grudu-visoms-veislems-suaugusiems-su-triusiena-12-kg\/#breadcrumb\",\"itemListElement\":[{\"@type\":\"ListItem\",\"position\":1,\"name\":\"Home\",\"item\":\"https:\/\/miumjau.ee\/lt\/\"},{\"@type\":\"ListItem\",\"position\":2,\"name\":\"Parduotuv\u0117\",\"item\":\"https:\/\/miumjau.ee\/lt\/parduotuve\/\"},{\"@type\":\"ListItem\",\"position\":3,\"name\":\"Ibero Natural be gr\u016bd\u0173, visoms veis\u00adl\u0117ms suaugusiems su triu\u0161iena 12 kg\"}]},{\"@type\":\"WebSite\",\"@id\":\"https:\/\/miumjau.ee\/#website\",\"url\":\"https:\/\/miumjau.ee\/\",\"name\":\"MiuMjau\",\"description\":\"Kraapimispuud kassidele\",\"publisher\":{\"@id\":\"https:\/\/miumjau.ee\/#organization\"},\"potentialAction\":[{\"@type\":\"SearchAction\",\"target\":{\"@type\":\"EntryPoint\",\"urlTemplate\":\"https:\/\/miumjau.ee\/?s={search_term_string}\"},\"query-input\":{\"@type\":\"PropertyValueSpecification\",\"valueRequired\":true,\"valueName\":\"search_term_string\"}}],\"inLanguage\":\"lt-LT\"},{\"@type\":\"Organization\",\"@id\":\"https:\/\/miumjau.ee\/#organization\",\"name\":\"MiuMjau O\u00dc\",\"url\":\"https:\/\/miumjau.ee\/\",\"logo\":{\"@type\":\"ImageObject\",\"inLanguage\":\"lt-LT\",\"@id\":\"https:\/\/miumjau.ee\/#\/schema\/logo\/image\/\",\"url\":\"https:\/\/miumjau.ee\/wp-content\/uploads\/2022\/04\/MiuMjau-logo-kollane.png\",\"contentUrl\":\"https:\/\/miumjau.ee\/wp-content\/uploads\/2022\/04\/MiuMjau-logo-kollane.png\",\"width\":219,\"height\":100,\"caption\":\"MiuMjau O\u00dc\"},\"image\":{\"@id\":\"https:\/\/miumjau.ee\/#\/schema\/logo\/image\/\"},\"sameAs\":[\"https:\/\/www.facebook.com\/miumjaupood\/\"]}]}<\/script>\n<!-- \/ Yoast SEO plugin. -->","yoast_head_json":{"title":"Ibero Natural be gr\u016bd\u0173, visoms veis\u00adl\u0117ms suaugusiems su triu\u0161iena 12 kg - MiuMjau","robots":{"index":"index","follow":"follow","max-snippet":"max-snippet:-1","max-image-preview":"max-image-preview:large","max-video-preview":"max-video-preview:-1"},"canonical":"https:\/\/miumjau.ee\/lt\/produktas\/ibero-natural-be-grudu-visoms-veislems-suaugusiems-su-triusiena-12-kg\/","og_locale":"lt_LT","og_type":"article","og_title":"Ibero Natural be gr\u016bd\u0173, visoms veis\u00adl\u0117ms suaugusiems su triu\u0161iena 12 kg - MiuMjau","og_description":"Pilnavertis be gr\u016bd\u0173 pa\u0161aras suaugusiems \u0161unims. Tinka vis\u0173 veisli\u0173 \u0161unims \u2013 granul\u0117s yra universalaus dyd\u017eio. Sud\u0117tis be gr\u016bd\u0173 puikiai tinka \u0161unims, turintiems jautri\u0105 vir\u0161kinimo sistem\u0105 arba tiems, kuriems reikalingas be gr\u016bd\u0173 maistas.  Triu\u0161iena yra auk\u0161tos kokyb\u0117s baltym\u0173 \u0161altinis, palaikantis raumen\u0173 mas\u0119 ir bendr\u0105 gyvybingum\u0105. Sald\u017eiosios bulv\u0117s ir d\u017eiovintos bulv\u0117s \u2013 lengvai vir\u0161kinam\u0173 angliavandeni\u0173 \u0161altinis, suteikiantis ilgalaik\u0117s energijos neapkraunant vir\u0161kinimo sistemos.  Jautienos riebalai ir avienos kepenys praturtina maist\u0105 reikalingais riebalais ir maistin\u0117mis med\u017eiagomis, pagerina skon\u012f ir palaiko sveik\u0105 od\u0105 bei kail\u012f. D\u017eiovintas moli\u016bgas, morkos ir lin\u0173 s\u0117menys \u2013 skaidul\u0173 ir omega-3 riebal\u0173 r\u016bg\u0161\u010di\u0173 \u0161altiniai, padedantys vir\u0161kinimui ir gerinantys kailio kokyb\u0119.  Receptas papildytas cikorij\u0173 ekstraktu, beta gliukanais, gliukozaminu ir chondroitino sulfatu, kurie padeda palaikyti s\u0105nari\u0173 sveikat\u0105 ir stiprina imunin\u0119 sistem\u0105. Vitamin\u0173 (A, D3, E, B kompleksas) ir mineral\u0173 (cinkas, gele\u017eis, selenas) derinys subalansuotas ilgalaikei sveikatai ir gyvybingumui.  Sudedamosios dalys: D\u017eiovinta triu\u0161iena 29 %, sald\u017eiosios bulv\u0117s, d\u017eiovintos bulv\u0117s, jautienos riebalai 14 %, avienos kepenys 5 %, d\u017eiovintas moli\u016bgas 2 %, d\u017eiovintos avienos kepenys 2 %, d\u017eiovintos morkos 1,2 %, lin\u0173 s\u0117menys, cikorij\u0173 ekstraktas, juka, beta gliukanai, kremzli\u0173 ekstraktas, vitamin\u0173 ir mineral\u0173 mi\u0161inys.  Analitin\u0117 sud\u0117tis: \u017dali baltymai 25,00 %, \u017dali riebalai 14,00 %, \u017dalia l\u0105steliena 3,20 %.  Priedai (mg\/kg):  Vitaminai: Vitaminas A 16 300 TV, vitaminas D3 1 620 TV, vitaminas E 160 mg, vitaminas B1 4,8 mg, vitaminas B2 8 mg, vitaminas B6 6,4 mg, vitaminas B12 0,07 mg, niacinas 40 mg, pantoteno r\u016bg\u0161tis 16 mg, folio r\u016bg\u0161tis 0,64 mg, biotinas 0,4 mg, vitaminas C 160 mg Mineralai: jodas 4 mg, selenas 0,35 mg, gele\u017eis 96 mg, varis 12 mg, cinkas 120 mg, manganas 12 mg Kiti: cholino chloridas 1 728 mg, gliukozaminas 400 mg\/kg, chondroitino sulfatas 350 mg\/kg Antioksidantai: augalini\u0173 aliej\u0173 ekstraktai, turtingi tokoferoliais  Energijos kiekis: 3 790 kcal\/kg  \u0160\u0117rimo rekomendacijos: Pa\u0161ar\u0105 tiekti saus\u0105. Po adaptacijos laikotarpio \u0161erti pagal \u0161uns svor\u012f, kaip nurodyta lentel\u0117je. Nurodytas dienos kiekis yra apytikslis. Jei \u0161uo turi antsvor\u012f, suma\u017einti porcij\u0105 10 %. Jei \u0161uo per liesas, padidinti porcij\u0105 10 %. U\u017etikrinti \u0161vie\u017eio vandens prieinamum\u0105. Laikyti v\u0117sioje ir tamsioje vietoje.  Sauso pa\u0161aro kiekis (per 24 val.): 3 kg \u2013 60 g, 5 kg \u2013 80 g, 7 kg \u2013 110 g, 10 kg \u2013 140 g, 15 kg \u2013 180 g, 20 kg \u2013 230 g, 25 kg \u2013 270 g, 30 kg \u2013 320 g, 35 kg \u2013 360 g, 40 kg \u2013 390 g, 45 kg \u2013 440 g, 50 kg \u2013 480 g, 60 kg \u2013 570 g.","og_url":"https:\/\/miumjau.ee\/lt\/produktas\/ibero-natural-be-grudu-visoms-veislems-suaugusiems-su-triusiena-12-kg\/","og_site_name":"MiuMjau","article_publisher":"https:\/\/www.facebook.com\/miumjaupood\/","article_modified_time":"2026-01-07T18:53:41+00:00","og_image":[{"width":600,"height":800,"url":"https:\/\/miumjau.ee\/wp-content\/uploads\/2025\/07\/ibero-teraviljavaba-allbreed-adult-janes.jpg","type":"image\/jpeg"}],"twitter_card":"summary_large_image","schema":{"@context":"https:\/\/schema.org","@graph":[{"@type":"WebPage","@id":"https:\/\/miumjau.ee\/lt\/produktas\/ibero-natural-be-grudu-visoms-veislems-suaugusiems-su-triusiena-12-kg\/","url":"https:\/\/miumjau.ee\/lt\/produktas\/ibero-natural-be-grudu-visoms-veislems-suaugusiems-su-triusiena-12-kg\/","name":"Ibero Natural be gr\u016bd\u0173, visoms veis\u00adl\u0117ms suaugusiems su triu\u0161iena 12 kg - MiuMjau","isPartOf":{"@id":"https:\/\/miumjau.ee\/#website"},"primaryImageOfPage":{"@id":"https:\/\/miumjau.ee\/lt\/produktas\/ibero-natural-be-grudu-visoms-veislems-suaugusiems-su-triusiena-12-kg\/#primaryimage"},"image":{"@id":"https:\/\/miumjau.ee\/lt\/produktas\/ibero-natural-be-grudu-visoms-veislems-suaugusiems-su-triusiena-12-kg\/#primaryimage"},"thumbnailUrl":"https:\/\/miumjau.ee\/wp-content\/uploads\/2025\/07\/ibero-teraviljavaba-allbreed-adult-janes.jpg","datePublished":"2025-07-22T20:00:43+00:00","dateModified":"2026-01-07T18:53:41+00:00","breadcrumb":{"@id":"https:\/\/miumjau.ee\/lt\/produktas\/ibero-natural-be-grudu-visoms-veislems-suaugusiems-su-triusiena-12-kg\/#breadcrumb"},"inLanguage":"lt-LT","potentialAction":[{"@type":"ReadAction","target":["https:\/\/miumjau.ee\/lt\/produktas\/ibero-natural-be-grudu-visoms-veislems-suaugusiems-su-triusiena-12-kg\/"]}]},{"@type":"ImageObject","inLanguage":"lt-LT","@id":"https:\/\/miumjau.ee\/lt\/produktas\/ibero-natural-be-grudu-visoms-veislems-suaugusiems-su-triusiena-12-kg\/#primaryimage","url":"https:\/\/miumjau.ee\/wp-content\/uploads\/2025\/07\/ibero-teraviljavaba-allbreed-adult-janes.jpg","contentUrl":"https:\/\/miumjau.ee\/wp-content\/uploads\/2025\/07\/ibero-teraviljavaba-allbreed-adult-janes.jpg","width":600,"height":800,"caption":"Ibero teraviljavaba toit koertele allbreed adult j\u00e4nesega"},{"@type":"BreadcrumbList","@id":"https:\/\/miumjau.ee\/lt\/produktas\/ibero-natural-be-grudu-visoms-veislems-suaugusiems-su-triusiena-12-kg\/#breadcrumb","itemListElement":[{"@type":"ListItem","position":1,"name":"Home","item":"https:\/\/miumjau.ee\/lt\/"},{"@type":"ListItem","position":2,"name":"Parduotuv\u0117","item":"https:\/\/miumjau.ee\/lt\/parduotuve\/"},{"@type":"ListItem","position":3,"name":"Ibero Natural be gr\u016bd\u0173, visoms veis\u00adl\u0117ms suaugusiems su triu\u0161iena 12 kg"}]},{"@type":"WebSite","@id":"https:\/\/miumjau.ee\/#website","url":"https:\/\/miumjau.ee\/","name":"MiuMjau","description":"Kraapimispuud kassidele","publisher":{"@id":"https:\/\/miumjau.ee\/#organization"},"potentialAction":[{"@type":"SearchAction","target":{"@type":"EntryPoint","urlTemplate":"https:\/\/miumjau.ee\/?s={search_term_string}"},"query-input":{"@type":"PropertyValueSpecification","valueRequired":true,"valueName":"search_term_string"}}],"inLanguage":"lt-LT"},{"@type":"Organization","@id":"https:\/\/miumjau.ee\/#organization","name":"MiuMjau O\u00dc","url":"https:\/\/miumjau.ee\/","logo":{"@type":"ImageObject","inLanguage":"lt-LT","@id":"https:\/\/miumjau.ee\/#\/schema\/logo\/image\/","url":"https:\/\/miumjau.ee\/wp-content\/uploads\/2022\/04\/MiuMjau-logo-kollane.png","contentUrl":"https:\/\/miumjau.ee\/wp-content\/uploads\/2022\/04\/MiuMjau-logo-kollane.png","width":219,"height":100,"caption":"MiuMjau O\u00dc"},"image":{"@id":"https:\/\/miumjau.ee\/#\/schema\/logo\/image\/"},"sameAs":["https:\/\/www.facebook.com\/miumjaupood\/"]}]}},"_links":{"self":[{"href":"https:\/\/miumjau.ee\/lt\/wp-json\/wp\/v2\/product\/41148","targetHints":{"allow":["GET"]}}],"collection":[{"href":"https:\/\/miumjau.ee\/lt\/wp-json\/wp\/v2\/product"}],"about":[{"href":"https:\/\/miumjau.ee\/lt\/wp-json\/wp\/v2\/types\/product"}],"wp:featuredmedia":[{"embeddable":true,"href":"https:\/\/miumjau.ee\/lt\/wp-json\/wp\/v2\/media\/41234"}],"wp:attachment":[{"href":"https:\/\/miumjau.ee\/lt\/wp-json\/wp\/v2\/media?parent=41148"}],"wp:term":[{"taxonomy":"product_brand","embeddable":true,"href":"https:\/\/miumjau.ee\/lt\/wp-json\/wp\/v2\/product_brand?post=41148"},{"taxonomy":"product_cat","embeddable":true,"href":"https:\/\/miumjau.ee\/lt\/wp-json\/wp\/v2\/product_cat?post=41148"},{"taxonomy":"product_tag","embeddable":true,"href":"https:\/\/miumjau.ee\/lt\/wp-json\/wp\/v2\/product_tag?post=41148"}],"curies":[{"name":"wp","href":"https:\/\/api.w.org\/{rel}","templated":true}]}}