{"id":41146,"date":"2025-07-22T20:27:47","date_gmt":"2025-07-22T17:27:47","guid":{"rendered":"https:\/\/miumjau.ee\/toode\/ibero-lasisu-aliejus-su-pompa-1000-ml\/"},"modified":"2026-01-07T20:53:41","modified_gmt":"2026-01-07T18:53:41","slug":"ibero-lasisu-aliejus-su-pompa-1000-ml","status":"publish","type":"product","link":"https:\/\/miumjau.ee\/lt\/produktas\/ibero-lasisu-aliejus-su-pompa-1000-ml\/","title":{"rendered":"Ibero la\u0161i\u0161\u0173 aliejus su pompa 1000 ml"},"content":{"rendered":"","protected":false},"excerpt":{"rendered":"<p><strong>Ibero Natural la\u0161i\u0161\u0173 aliejus<\/strong> \u2013 auk\u0161tos kokyb\u0117s aliejus, i\u0161gautas \u0161alto spaudimo b\u016bdu i\u0161 \u0161vie\u017eiai sugautos la\u0161i\u0161os. Turtingas omega-3 riebal\u0173 r\u016bg\u0161timis. La\u0161i\u0161\u0173 aliejus rekomenduojamas:  <\/p>\n<ul>\n<li> Kailio ir odos b\u016bkl\u0117s palaikymui (odos b\u0117rimai, nubluk\u0119s kailis, per didelis \u0161\u0117rimasis). Ypa\u010d pastebimas, pavyzd\u017eiui, vokie\u010di\u0173 aviganiams \u2013 la\u0161i\u0161\u0173 aliejus padeda i\u0161laikyti ry\u0161kiai rausv\u0105, o ne pilk\u0161v\u0105 atspalv\u012f. <\/li>\n<li> \u0160irdies ir kraujagysli\u0173 sistemos optimaliai veiklai <\/li>\n<li> S\u0105nari\u0173 problemoms, d\u0117l prie\u0161u\u017edegiminio poveikio <\/li>\n<li> Kaip maisto papildas \u0161unims <\/li>\n<\/ul>\n<p><strong>Sudedamosios dalys:<\/strong> 100 % la\u0161i\u0161\u0173 aliejus<br \/>\n<strong>Rekomenduojama paros doz\u0117:<\/strong> La\u0161i\u0161\u0173 aliej\u0173 galima duoti atskirai arba sumai\u0161yti su augintinio kasdieniu maistu.<br \/>\n<strong>Dozavimas:<\/strong> 1 paspaudimas = 1,5 ml. \u0160unims \u2013 po 1,5 ml (1 paspaudimas) kas 3 kg k\u016bno svorio.<br \/>\n<strong>Laikymas:<\/strong> Atidarius laikyti \u0161aldytuve arba kambario temperat\u016broje. Laikyti sausoje vietoje. Nelaikyti tiesioginiuose saul\u0117s spinduliuose. Laikyti vaikams nepasiekiamoje vietoje. Tik gyv\u016bnams.<br \/>\n<strong>Geriausias iki \/ partijos nr.:<\/strong> \u017er. ant pakuot\u0117s<br \/>\n<strong>Kilm\u0117s \u0161alis:<\/strong> ES<\/p>\n","protected":false},"featured_media":41232,"template":"","meta":[],"product_brand":[],"product_cat":[871,524],"product_tag":[],"class_list":{"0":"post-41146","1":"product","2":"type-product","3":"status-publish","4":"has-post-thumbnail","6":"product_cat-maisto-papildai-sunims","7":"product_cat-kaup24-lt","9":"first","10":"instock","11":"sale","12":"taxable","13":"shipping-taxable","14":"purchasable","15":"product-type-simple"},"yoast_head":"<!-- This site is optimized with the Yoast SEO plugin v27.2 - https:\/\/yoast.com\/product\/yoast-seo-wordpress\/ -->\n<title>Ibero la\u0161i\u0161\u0173 aliejus su pompa 1000 ml - MiuMjau<\/title>\n<meta name=\"robots\" content=\"index, follow, max-snippet:-1, max-image-preview:large, max-video-preview:-1\" \/>\n<link rel=\"canonical\" href=\"https:\/\/miumjau.ee\/produktas\/ibero-loheoli-koos-pumbaga-1000ml\/\" \/>\n<meta property=\"og:locale\" content=\"lt_LT\" \/>\n<meta property=\"og:type\" content=\"article\" \/>\n<meta property=\"og:title\" content=\"Ibero la\u0161i\u0161\u0173 aliejus su pompa 1000 ml - MiuMjau\" \/>\n<meta property=\"og:description\" content=\"Ibero Natural la\u0161i\u0161\u0173 aliejus \u2013 auk\u0161tos kokyb\u0117s aliejus, i\u0161gautas \u0161alto spaudimo b\u016bdu i\u0161 \u0161vie\u017eiai sugautos la\u0161i\u0161os. Turtingas omega-3 riebal\u0173 r\u016bg\u0161timis. La\u0161i\u0161\u0173 aliejus rekomenduojamas:    Kailio ir odos b\u016bkl\u0117s palaikymui (odos b\u0117rimai, nubluk\u0119s kailis, per didelis \u0161\u0117rimasis). Ypa\u010d pastebimas, pavyzd\u017eiui, vokie\u010di\u0173 aviganiams \u2013 la\u0161i\u0161\u0173 aliejus padeda i\u0161laikyti ry\u0161kiai rausv\u0105, o ne pilk\u0161v\u0105 atspalv\u012f.  \u0160irdies ir kraujagysli\u0173 sistemos optimaliai veiklai  S\u0105nari\u0173 problemoms, d\u0117l prie\u0161u\u017edegiminio poveikio  Kaip maisto papildas \u0161unims    Sudedamosios dalys: 100 % la\u0161i\u0161\u0173 aliejus  Rekomenduojama paros doz\u0117: La\u0161i\u0161\u0173 aliej\u0173 galima duoti atskirai arba sumai\u0161yti su augintinio kasdieniu maistu.  Dozavimas: 1 paspaudimas = 1,5 ml. \u0160unims \u2013 po 1,5 ml (1 paspaudimas) kas 3 kg k\u016bno svorio.  Laikymas: Atidarius laikyti \u0161aldytuve arba kambario temperat\u016broje. Laikyti sausoje vietoje. Nelaikyti tiesioginiuose saul\u0117s spinduliuose. Laikyti vaikams nepasiekiamoje vietoje. Tik gyv\u016bnams.  Geriausias iki \/ partijos nr.: \u017er. ant pakuot\u0117s  Kilm\u0117s \u0161alis: ES\" \/>\n<meta property=\"og:url\" content=\"https:\/\/miumjau.ee\/produktas\/ibero-loheoli-koos-pumbaga-1000ml\/\" \/>\n<meta property=\"og:site_name\" content=\"MiuMjau\" \/>\n<meta property=\"article:publisher\" content=\"https:\/\/www.facebook.com\/miumjaupood\/\" \/>\n<meta property=\"article:modified_time\" content=\"2026-01-07T18:53:41+00:00\" \/>\n<meta property=\"og:image\" content=\"https:\/\/miumjau.ee\/wp-content\/uploads\/2025\/07\/ibero-loheoli.jpg\" \/>\n\t<meta property=\"og:image:width\" content=\"600\" \/>\n\t<meta property=\"og:image:height\" content=\"800\" \/>\n\t<meta property=\"og:image:type\" content=\"image\/jpeg\" \/>\n<meta name=\"twitter:card\" content=\"summary_large_image\" \/>\n<script type=\"application\/ld+json\" class=\"yoast-schema-graph\">{\"@context\":\"https:\/\/schema.org\",\"@graph\":[{\"@type\":\"WebPage\",\"@id\":\"https:\/\/miumjau.ee\/produktas\/ibero-loheoli-koos-pumbaga-1000ml\/\",\"url\":\"https:\/\/miumjau.ee\/produktas\/ibero-loheoli-koos-pumbaga-1000ml\/\",\"name\":\"Ibero la\u0161i\u0161\u0173 aliejus su pompa 1000 ml - MiuMjau\",\"isPartOf\":{\"@id\":\"https:\/\/miumjau.ee\/#website\"},\"primaryImageOfPage\":{\"@id\":\"https:\/\/miumjau.ee\/produktas\/ibero-loheoli-koos-pumbaga-1000ml\/#primaryimage\"},\"image\":{\"@id\":\"https:\/\/miumjau.ee\/produktas\/ibero-loheoli-koos-pumbaga-1000ml\/#primaryimage\"},\"thumbnailUrl\":\"https:\/\/miumjau.ee\/wp-content\/uploads\/2025\/07\/ibero-loheoli.jpg\",\"datePublished\":\"2025-07-22T17:27:47+00:00\",\"dateModified\":\"2026-01-07T18:53:41+00:00\",\"breadcrumb\":{\"@id\":\"https:\/\/miumjau.ee\/produktas\/ibero-loheoli-koos-pumbaga-1000ml\/#breadcrumb\"},\"inLanguage\":\"lt-LT\",\"potentialAction\":[{\"@type\":\"ReadAction\",\"target\":[\"https:\/\/miumjau.ee\/produktas\/ibero-loheoli-koos-pumbaga-1000ml\/\"]}]},{\"@type\":\"ImageObject\",\"inLanguage\":\"lt-LT\",\"@id\":\"https:\/\/miumjau.ee\/produktas\/ibero-loheoli-koos-pumbaga-1000ml\/#primaryimage\",\"url\":\"https:\/\/miumjau.ee\/wp-content\/uploads\/2025\/07\/ibero-loheoli.jpg\",\"contentUrl\":\"https:\/\/miumjau.ee\/wp-content\/uploads\/2025\/07\/ibero-loheoli.jpg\",\"width\":600,\"height\":800,\"caption\":\"Ibero l\u00f5he\u00f5li koos pumbaga 300ml\"},{\"@type\":\"BreadcrumbList\",\"@id\":\"https:\/\/miumjau.ee\/produktas\/ibero-loheoli-koos-pumbaga-1000ml\/#breadcrumb\",\"itemListElement\":[{\"@type\":\"ListItem\",\"position\":1,\"name\":\"Home\",\"item\":\"https:\/\/miumjau.ee\/lt\/\"},{\"@type\":\"ListItem\",\"position\":2,\"name\":\"Parduotuv\u0117\",\"item\":\"https:\/\/miumjau.ee\/lt\/parduotuve\/\"},{\"@type\":\"ListItem\",\"position\":3,\"name\":\"Ibero la\u0161i\u0161\u0173 aliejus su pompa 1000 ml\"}]},{\"@type\":\"WebSite\",\"@id\":\"https:\/\/miumjau.ee\/#website\",\"url\":\"https:\/\/miumjau.ee\/\",\"name\":\"MiuMjau\",\"description\":\"Kraapimispuud kassidele\",\"publisher\":{\"@id\":\"https:\/\/miumjau.ee\/#organization\"},\"potentialAction\":[{\"@type\":\"SearchAction\",\"target\":{\"@type\":\"EntryPoint\",\"urlTemplate\":\"https:\/\/miumjau.ee\/?s={search_term_string}\"},\"query-input\":{\"@type\":\"PropertyValueSpecification\",\"valueRequired\":true,\"valueName\":\"search_term_string\"}}],\"inLanguage\":\"lt-LT\"},{\"@type\":\"Organization\",\"@id\":\"https:\/\/miumjau.ee\/#organization\",\"name\":\"MiuMjau O\u00dc\",\"url\":\"https:\/\/miumjau.ee\/\",\"logo\":{\"@type\":\"ImageObject\",\"inLanguage\":\"lt-LT\",\"@id\":\"https:\/\/miumjau.ee\/#\/schema\/logo\/image\/\",\"url\":\"https:\/\/miumjau.ee\/wp-content\/uploads\/2022\/04\/MiuMjau-logo-kollane.png\",\"contentUrl\":\"https:\/\/miumjau.ee\/wp-content\/uploads\/2022\/04\/MiuMjau-logo-kollane.png\",\"width\":219,\"height\":100,\"caption\":\"MiuMjau O\u00dc\"},\"image\":{\"@id\":\"https:\/\/miumjau.ee\/#\/schema\/logo\/image\/\"},\"sameAs\":[\"https:\/\/www.facebook.com\/miumjaupood\/\"]}]}<\/script>\n<!-- \/ Yoast SEO plugin. -->","yoast_head_json":{"title":"Ibero la\u0161i\u0161\u0173 aliejus su pompa 1000 ml - MiuMjau","robots":{"index":"index","follow":"follow","max-snippet":"max-snippet:-1","max-image-preview":"max-image-preview:large","max-video-preview":"max-video-preview:-1"},"canonical":"https:\/\/miumjau.ee\/produktas\/ibero-loheoli-koos-pumbaga-1000ml\/","og_locale":"lt_LT","og_type":"article","og_title":"Ibero la\u0161i\u0161\u0173 aliejus su pompa 1000 ml - MiuMjau","og_description":"Ibero Natural la\u0161i\u0161\u0173 aliejus \u2013 auk\u0161tos kokyb\u0117s aliejus, i\u0161gautas \u0161alto spaudimo b\u016bdu i\u0161 \u0161vie\u017eiai sugautos la\u0161i\u0161os. Turtingas omega-3 riebal\u0173 r\u016bg\u0161timis. La\u0161i\u0161\u0173 aliejus rekomenduojamas:    Kailio ir odos b\u016bkl\u0117s palaikymui (odos b\u0117rimai, nubluk\u0119s kailis, per didelis \u0161\u0117rimasis). Ypa\u010d pastebimas, pavyzd\u017eiui, vokie\u010di\u0173 aviganiams \u2013 la\u0161i\u0161\u0173 aliejus padeda i\u0161laikyti ry\u0161kiai rausv\u0105, o ne pilk\u0161v\u0105 atspalv\u012f.  \u0160irdies ir kraujagysli\u0173 sistemos optimaliai veiklai  S\u0105nari\u0173 problemoms, d\u0117l prie\u0161u\u017edegiminio poveikio  Kaip maisto papildas \u0161unims    Sudedamosios dalys: 100 % la\u0161i\u0161\u0173 aliejus  Rekomenduojama paros doz\u0117: La\u0161i\u0161\u0173 aliej\u0173 galima duoti atskirai arba sumai\u0161yti su augintinio kasdieniu maistu.  Dozavimas: 1 paspaudimas = 1,5 ml. \u0160unims \u2013 po 1,5 ml (1 paspaudimas) kas 3 kg k\u016bno svorio.  Laikymas: Atidarius laikyti \u0161aldytuve arba kambario temperat\u016broje. Laikyti sausoje vietoje. Nelaikyti tiesioginiuose saul\u0117s spinduliuose. Laikyti vaikams nepasiekiamoje vietoje. Tik gyv\u016bnams.  Geriausias iki \/ partijos nr.: \u017er. ant pakuot\u0117s  Kilm\u0117s \u0161alis: ES","og_url":"https:\/\/miumjau.ee\/produktas\/ibero-loheoli-koos-pumbaga-1000ml\/","og_site_name":"MiuMjau","article_publisher":"https:\/\/www.facebook.com\/miumjaupood\/","article_modified_time":"2026-01-07T18:53:41+00:00","og_image":[{"width":600,"height":800,"url":"https:\/\/miumjau.ee\/wp-content\/uploads\/2025\/07\/ibero-loheoli.jpg","type":"image\/jpeg"}],"twitter_card":"summary_large_image","schema":{"@context":"https:\/\/schema.org","@graph":[{"@type":"WebPage","@id":"https:\/\/miumjau.ee\/produktas\/ibero-loheoli-koos-pumbaga-1000ml\/","url":"https:\/\/miumjau.ee\/produktas\/ibero-loheoli-koos-pumbaga-1000ml\/","name":"Ibero la\u0161i\u0161\u0173 aliejus su pompa 1000 ml - MiuMjau","isPartOf":{"@id":"https:\/\/miumjau.ee\/#website"},"primaryImageOfPage":{"@id":"https:\/\/miumjau.ee\/produktas\/ibero-loheoli-koos-pumbaga-1000ml\/#primaryimage"},"image":{"@id":"https:\/\/miumjau.ee\/produktas\/ibero-loheoli-koos-pumbaga-1000ml\/#primaryimage"},"thumbnailUrl":"https:\/\/miumjau.ee\/wp-content\/uploads\/2025\/07\/ibero-loheoli.jpg","datePublished":"2025-07-22T17:27:47+00:00","dateModified":"2026-01-07T18:53:41+00:00","breadcrumb":{"@id":"https:\/\/miumjau.ee\/produktas\/ibero-loheoli-koos-pumbaga-1000ml\/#breadcrumb"},"inLanguage":"lt-LT","potentialAction":[{"@type":"ReadAction","target":["https:\/\/miumjau.ee\/produktas\/ibero-loheoli-koos-pumbaga-1000ml\/"]}]},{"@type":"ImageObject","inLanguage":"lt-LT","@id":"https:\/\/miumjau.ee\/produktas\/ibero-loheoli-koos-pumbaga-1000ml\/#primaryimage","url":"https:\/\/miumjau.ee\/wp-content\/uploads\/2025\/07\/ibero-loheoli.jpg","contentUrl":"https:\/\/miumjau.ee\/wp-content\/uploads\/2025\/07\/ibero-loheoli.jpg","width":600,"height":800,"caption":"Ibero l\u00f5he\u00f5li koos pumbaga 300ml"},{"@type":"BreadcrumbList","@id":"https:\/\/miumjau.ee\/produktas\/ibero-loheoli-koos-pumbaga-1000ml\/#breadcrumb","itemListElement":[{"@type":"ListItem","position":1,"name":"Home","item":"https:\/\/miumjau.ee\/lt\/"},{"@type":"ListItem","position":2,"name":"Parduotuv\u0117","item":"https:\/\/miumjau.ee\/lt\/parduotuve\/"},{"@type":"ListItem","position":3,"name":"Ibero la\u0161i\u0161\u0173 aliejus su pompa 1000 ml"}]},{"@type":"WebSite","@id":"https:\/\/miumjau.ee\/#website","url":"https:\/\/miumjau.ee\/","name":"MiuMjau","description":"Kraapimispuud kassidele","publisher":{"@id":"https:\/\/miumjau.ee\/#organization"},"potentialAction":[{"@type":"SearchAction","target":{"@type":"EntryPoint","urlTemplate":"https:\/\/miumjau.ee\/?s={search_term_string}"},"query-input":{"@type":"PropertyValueSpecification","valueRequired":true,"valueName":"search_term_string"}}],"inLanguage":"lt-LT"},{"@type":"Organization","@id":"https:\/\/miumjau.ee\/#organization","name":"MiuMjau O\u00dc","url":"https:\/\/miumjau.ee\/","logo":{"@type":"ImageObject","inLanguage":"lt-LT","@id":"https:\/\/miumjau.ee\/#\/schema\/logo\/image\/","url":"https:\/\/miumjau.ee\/wp-content\/uploads\/2022\/04\/MiuMjau-logo-kollane.png","contentUrl":"https:\/\/miumjau.ee\/wp-content\/uploads\/2022\/04\/MiuMjau-logo-kollane.png","width":219,"height":100,"caption":"MiuMjau O\u00dc"},"image":{"@id":"https:\/\/miumjau.ee\/#\/schema\/logo\/image\/"},"sameAs":["https:\/\/www.facebook.com\/miumjaupood\/"]}]}},"_links":{"self":[{"href":"https:\/\/miumjau.ee\/lt\/wp-json\/wp\/v2\/product\/41146","targetHints":{"allow":["GET"]}}],"collection":[{"href":"https:\/\/miumjau.ee\/lt\/wp-json\/wp\/v2\/product"}],"about":[{"href":"https:\/\/miumjau.ee\/lt\/wp-json\/wp\/v2\/types\/product"}],"wp:featuredmedia":[{"embeddable":true,"href":"https:\/\/miumjau.ee\/lt\/wp-json\/wp\/v2\/media\/41232"}],"wp:attachment":[{"href":"https:\/\/miumjau.ee\/lt\/wp-json\/wp\/v2\/media?parent=41146"}],"wp:term":[{"taxonomy":"product_brand","embeddable":true,"href":"https:\/\/miumjau.ee\/lt\/wp-json\/wp\/v2\/product_brand?post=41146"},{"taxonomy":"product_cat","embeddable":true,"href":"https:\/\/miumjau.ee\/lt\/wp-json\/wp\/v2\/product_cat?post=41146"},{"taxonomy":"product_tag","embeddable":true,"href":"https:\/\/miumjau.ee\/lt\/wp-json\/wp\/v2\/product_tag?post=41146"}],"curies":[{"name":"wp","href":"https:\/\/api.w.org\/{rel}","templated":true}]}}