{"id":41141,"date":"2025-07-15T14:02:38","date_gmt":"2025-07-15T11:02:38","guid":{"rendered":"https:\/\/miumjau.ee\/toode\/garintas-slapias-maistas-kennels-favourite-monoproteinas-antiena-10-x-395-g\/"},"modified":"2026-01-07T20:53:48","modified_gmt":"2026-01-07T18:53:48","slug":"garintas-slapias-maistas-kennels-favourite-monoproteinas-antiena-10-x-395-g","status":"publish","type":"product","link":"https:\/\/miumjau.ee\/lt\/produktas\/garintas-slapias-maistas-kennels-favourite-monoproteinas-antiena-10-x-395-g\/","title":{"rendered":"Garintas \u0161lapias maistas Kennel\u2019s Favourite, monoproteinas, antiena 10 \u00d7 395 g"},"content":{"rendered":"","protected":false},"excerpt":{"rendered":"<p>Garu maistas \u201eKennels&#8217; Favourite\u00ae\u201c yra visi\u0161kai nat\u016bralus, be gr\u016bd\u0173 ir subalansuotas dr\u0117gnas \u0161un\u0173 maistas, kuriame yra 70 % tikros, vietin\u0117s kilm\u0117s m\u0117sos. \u201eKennels&#8217; Favourite\u00ae\u201c yra \u0161velniai garuose virta porcija, tinkama vis\u0173 veisli\u0173 ir am\u017eiaus \u0161unims. Ji praturtinta svarbiais vitaminais, mineralais ir aliejais bei neturi da\u017eikli\u0173, konservant\u0173 ar dirbtini\u0173 kvapi\u0173j\u0173 med\u017eiag\u0173.<br \/>\n\u2705 100 % Nat\u016bral\u016bs ingredientai \u2705 Vienas baltym\u0173 \u0161altinis \u2705 BE GR\u016aD\u0172 \u2705 BE dirbtini\u0173 da\u017eikli\u0173, kvapi\u0173j\u0173 med\u017eiag\u0173, sojos, kiau\u0161ini\u0173 ar pieno<br \/>\n<strong>Sudedamosios dalys:<\/strong> Antiena 70 %, d\u017eiovintos mork\u0173 dro\u017el\u0117s, \u0161vie\u017eios bulvi\u0173 gabal\u0117liai, dehidratuoti \u017ealieji \u017eirneliai, d\u017eiovintas pomidor\u0173 koncentratas, saul\u0117gr\u0105\u017e\u0173 aliejus (omega-6 \u0161altinis), la\u0161i\u0161\u0173 aliejus (omega-3 \u0161altinis), vitaminai ir mineralai. 114 Kcal\/100 g<br \/>\n<strong>Maistin\u0117s med\u017eiagos (priedai\/kg):<\/strong> Vitaminai: A \u2013 2 250 TV, D3 \u2013 328 TV, E \u2013 26 mg, Biotinas \u2013 60 \u00b5g. Mineralai: cinko sulfato monohidratas \u2013 24,0 mg, gele\u017eies sulfato monohidratas \u2013 12,5 mg, vario sulfato pentahidratas \u2013 2,50 mg, mangano sulfato monohidratas \u2013 2,00 mg, kalcio jodato anhidratas \u2013 0,45 mg, natrio selenitas \u2013 0,04 mg.<br \/>\n<strong>Analitin\u0117 sud\u0117tis:<\/strong> \u017dali baltymai: 9 %, Riebalai ir aliejai: 12 %, Neorganin\u0117s med\u017eiagos: 2,5 %, \u017dalia l\u0105steliena: 0,5 %, Dr\u0117gm\u0117: 70 %.  <\/p>\n<p>Dienos \u0161\u0117rimo rekomendacijos:<\/p>\n<table>\n<tr>\n<th>\u0160uns dydis<\/th>\n<th>\u0160uns svoris<\/th>\n<th>Tik dr\u0117gnas maistas<\/th>\n<th>Dr\u0117gnas maistas su sausu maistu<\/th>\n<\/tr>\n<tr>\n<td>Ma\u017eas<\/td>\n<td>iki 5 kg<\/td>\n<td>\u00bc \u2013 \u00bd pakuot\u0117s<\/td>\n<td>\u00bc pakuot\u0117s<\/td>\n<\/tr>\n<tr>\n<td>Ma\u017eas<\/td>\n<td>5 kg \u2013 10 kg<\/td>\n<td>\u00bd \u2013 \u00be pakuot\u0117s<\/td>\n<td>\u2153 pakuot\u0117s<\/td>\n<\/tr>\n<tr>\n<td>Vidutinis<\/td>\n<td>10 kg \u2013 15 kg<\/td>\n<td>\u00be \u2013 1 pakuot\u0117<\/td>\n<td>\u00bd pakuot\u0117s<\/td>\n<\/tr>\n<tr>\n<td>Didelis<\/td>\n<td>15 kg \u2013 25 kg<\/td>\n<td>1 \u2013 1\u00bd pakuot\u0117s<\/td>\n<td>\u00be pakuot\u0117s<\/td>\n<\/tr>\n<tr>\n<td>Labai didelis<\/td>\n<td>25 kg \u2013 45 kg<\/td>\n<td>1\u00bd \u2013 2\u2153 pakuot\u0117s<\/td>\n<td>1 pakuot\u0117<\/td>\n<\/tr>\n<\/table>\n<p><strong>Svarbu:<\/strong> \u2714 Visada u\u017etikrinkite \u0161vie\u017eio vandens prieinamum\u0105. \u2714 Laikykite v\u0117sioje ir sausoje vietoje, atokiau nuo tiesiogini\u0173 saul\u0117s spinduli\u0173. \u2714 Atidaryt\u0105 pakuot\u0119 laikykite \u0161aldytuve ir sunaudokite per 48 valandas. \u2714 Patiekite kambario temperat\u016broje \u2013 taip maistas bus skanesnis ir patrauklesnis \u0161uniui. Naudokite \u0161var\u0173 duben\u0117l\u012f.<br \/>\n<strong>Grynas svoris:<\/strong> 10 x 395 g  <\/p>\n<p>\u201eKennels&#8217; Favourite\u00ae\u201c yra \u012fsipareigojusi naudoti vietin\u0117s kilm\u0117s ingredientus ir u\u017etikrina visi\u0161k\u0105 atsekamum\u0105 iki patikim\u0173 tiek\u0117j\u0173 \u016bki\u0173. Mes r\u016bpinam\u0117s j\u016bs\u0173 augintiniu ir aplinka \u2013 visos m\u016bs\u0173 pakuot\u0117s pagamintos i\u0161 100 % perdirbam\u0173 med\u017eiag\u0173. M\u016bs\u0173 gamybos \u012fmon\u0117 buvo sukurta tam, kad si\u016blyt\u0173 auk\u0161tos kokyb\u0117s \u0161un\u0173 maist\u0105, pagamint\u0105 i\u0161 100 % nat\u016brali\u0173 ingredient\u0173. Dirbame su pirmaujan\u010diais mitybos specialistais, kad m\u016bs\u0173 receptai atitikt\u0173 j\u016bs\u0173 \u0161uns mitybos poreikius. M\u016bs\u0173 maistas jungia keturias pagrindines grupes: b\u016btinus baltymus, skaidulas, vitaminus ir mineralus bei riebalus ir aliejus, kad sukurtume sveik\u0105 ir nat\u016bral\u0173 \u0161un\u0173 maist\u0105.<br \/>\n<strong>Sveikas augintinis \u2013 laimingas augintinis!<\/strong><\/p>\n","protected":false},"featured_media":41261,"template":"","meta":[],"product_brand":[],"product_cat":[539,524],"product_tag":[],"class_list":{"0":"post-41141","1":"product","2":"type-product","3":"status-publish","4":"has-post-thumbnail","6":"product_cat-slapias-maistas-sunims","7":"product_cat-kaup24-lt","9":"first","10":"instock","11":"sale","12":"featured","13":"taxable","14":"shipping-taxable","15":"purchasable","16":"product-type-simple"},"yoast_head":"<!-- This site is optimized with the Yoast SEO plugin v27.2 - https:\/\/yoast.com\/product\/yoast-seo-wordpress\/ -->\n<title>Garintas \u0161lapias maistas Kennel\u2019s Favourite, monoproteinas, antiena 10 \u00d7 395 g - MiuMjau<\/title>\n<meta name=\"robots\" content=\"index, follow, max-snippet:-1, max-image-preview:large, max-video-preview:-1\" \/>\n<link rel=\"canonical\" href=\"https:\/\/miumjau.ee\/lt\/produktas\/garintas-slapias-maistas-kennels-favourite-monoproteinas-antiena-10-x-395-g\/\" \/>\n<meta property=\"og:locale\" content=\"lt_LT\" \/>\n<meta property=\"og:type\" content=\"article\" \/>\n<meta property=\"og:title\" content=\"Garintas \u0161lapias maistas Kennel\u2019s Favourite, monoproteinas, antiena 10 \u00d7 395 g - MiuMjau\" \/>\n<meta property=\"og:description\" content=\"Garu maistas \u201eKennels&#039; Favourite\u00ae\u201c yra visi\u0161kai nat\u016bralus, be gr\u016bd\u0173 ir subalansuotas dr\u0117gnas \u0161un\u0173 maistas, kuriame yra 70 % tikros, vietin\u0117s kilm\u0117s m\u0117sos. \u201eKennels&#039; Favourite\u00ae\u201c yra \u0161velniai garuose virta porcija, tinkama vis\u0173 veisli\u0173 ir am\u017eiaus \u0161unims. Ji praturtinta svarbiais vitaminais, mineralais ir aliejais bei neturi da\u017eikli\u0173, konservant\u0173 ar dirbtini\u0173 kvapi\u0173j\u0173 med\u017eiag\u0173.  \u2705 100 % Nat\u016bral\u016bs ingredientai \u2705 Vienas baltym\u0173 \u0161altinis \u2705 BE GR\u016aD\u0172 \u2705 BE dirbtini\u0173 da\u017eikli\u0173, kvapi\u0173j\u0173 med\u017eiag\u0173, sojos, kiau\u0161ini\u0173 ar pieno  Sudedamosios dalys: Antiena 70 %, d\u017eiovintos mork\u0173 dro\u017el\u0117s, \u0161vie\u017eios bulvi\u0173 gabal\u0117liai, dehidratuoti \u017ealieji \u017eirneliai, d\u017eiovintas pomidor\u0173 koncentratas, saul\u0117gr\u0105\u017e\u0173 aliejus (omega-6 \u0161altinis), la\u0161i\u0161\u0173 aliejus (omega-3 \u0161altinis), vitaminai ir mineralai. 114 Kcal\/100 g  Maistin\u0117s med\u017eiagos (priedai\/kg): Vitaminai: A \u2013 2 250 TV, D3 \u2013 328 TV, E \u2013 26 mg, Biotinas \u2013 60 \u00b5g. Mineralai: cinko sulfato monohidratas \u2013 24,0 mg, gele\u017eies sulfato monohidratas \u2013 12,5 mg, vario sulfato pentahidratas \u2013 2,50 mg, mangano sulfato monohidratas \u2013 2,00 mg, kalcio jodato anhidratas \u2013 0,45 mg, natrio selenitas \u2013 0,04 mg.  Analitin\u0117 sud\u0117tis: \u017dali baltymai: 9 %, Riebalai ir aliejai: 12 %, Neorganin\u0117s med\u017eiagos: 2,5 %, \u017dalia l\u0105steliena: 0,5 %, Dr\u0117gm\u0117: 70 %.  Dienos \u0161\u0117rimo rekomendacijos:  \u0160uns dydis \u0160uns svoris Tik dr\u0117gnas maistas Dr\u0117gnas maistas su sausu maistu  Ma\u017easiki 5 kg\u00bc \u2013 \u00bd pakuot\u0117s\u00bc pakuot\u0117s Ma\u017eas5 kg \u2013 10 kg\u00bd \u2013 \u00be pakuot\u0117s\u2153 pakuot\u0117s Vidutinis10 kg \u2013 15 kg\u00be \u2013 1 pakuot\u0117\u00bd pakuot\u0117s Didelis15 kg \u2013 25 kg1 \u2013 1\u00bd pakuot\u0117s\u00be pakuot\u0117s Labai didelis25 kg \u2013 45 kg1\u00bd \u2013 2\u2153 pakuot\u0117s1 pakuot\u0117  Svarbu: \u2714 Visada u\u017etikrinkite \u0161vie\u017eio vandens prieinamum\u0105. \u2714 Laikykite v\u0117sioje ir sausoje vietoje, atokiau nuo tiesiogini\u0173 saul\u0117s spinduli\u0173. \u2714 Atidaryt\u0105 pakuot\u0119 laikykite \u0161aldytuve ir sunaudokite per 48 valandas. \u2714 Patiekite kambario temperat\u016broje \u2013 taip maistas bus skanesnis ir patrauklesnis \u0161uniui. Naudokite \u0161var\u0173 duben\u0117l\u012f.  Grynas svoris: 10 x 395 g  \u201eKennels&#039; Favourite\u00ae\u201c yra \u012fsipareigojusi naudoti vietin\u0117s kilm\u0117s ingredientus ir u\u017etikrina visi\u0161k\u0105 atsekamum\u0105 iki patikim\u0173 tiek\u0117j\u0173 \u016bki\u0173. Mes r\u016bpinam\u0117s j\u016bs\u0173 augintiniu ir aplinka \u2013 visos m\u016bs\u0173 pakuot\u0117s pagamintos i\u0161 100 % perdirbam\u0173 med\u017eiag\u0173. M\u016bs\u0173 gamybos \u012fmon\u0117 buvo sukurta tam, kad si\u016blyt\u0173 auk\u0161tos kokyb\u0117s \u0161un\u0173 maist\u0105, pagamint\u0105 i\u0161 100 % nat\u016brali\u0173 ingredient\u0173. Dirbame su pirmaujan\u010diais mitybos specialistais, kad m\u016bs\u0173 receptai atitikt\u0173 j\u016bs\u0173 \u0161uns mitybos poreikius. M\u016bs\u0173 maistas jungia keturias pagrindines grupes: b\u016btinus baltymus, skaidulas, vitaminus ir mineralus bei riebalus ir aliejus, kad sukurtume sveik\u0105 ir nat\u016bral\u0173 \u0161un\u0173 maist\u0105.  Sveikas augintinis \u2013 laimingas augintinis!\" \/>\n<meta property=\"og:url\" content=\"https:\/\/miumjau.ee\/lt\/produktas\/garintas-slapias-maistas-kennels-favourite-monoproteinas-antiena-10-x-395-g\/\" \/>\n<meta property=\"og:site_name\" content=\"MiuMjau\" \/>\n<meta property=\"article:publisher\" content=\"https:\/\/www.facebook.com\/miumjaupood\/\" \/>\n<meta property=\"article:modified_time\" content=\"2026-01-07T18:53:48+00:00\" \/>\n<meta property=\"og:image\" content=\"https:\/\/miumjau.ee\/wp-content\/uploads\/2025\/07\/kennels-favourite-10pakk1.jpg\" \/>\n\t<meta property=\"og:image:width\" content=\"1200\" \/>\n\t<meta property=\"og:image:height\" content=\"1600\" \/>\n\t<meta property=\"og:image:type\" content=\"image\/jpeg\" \/>\n<meta name=\"twitter:card\" content=\"summary_large_image\" \/>\n<script type=\"application\/ld+json\" class=\"yoast-schema-graph\">{\"@context\":\"https:\/\/schema.org\",\"@graph\":[{\"@type\":\"WebPage\",\"@id\":\"https:\/\/miumjau.ee\/lt\/produktas\/garintas-slapias-maistas-kennels-favourite-monoproteinas-antiena-10-x-395-g\/\",\"url\":\"https:\/\/miumjau.ee\/lt\/produktas\/garintas-slapias-maistas-kennels-favourite-monoproteinas-antiena-10-x-395-g\/\",\"name\":\"Garintas \u0161lapias maistas Kennel\u2019s Favourite, monoproteinas, antiena 10 \u00d7 395 g - MiuMjau\",\"isPartOf\":{\"@id\":\"https:\/\/miumjau.ee\/#website\"},\"primaryImageOfPage\":{\"@id\":\"https:\/\/miumjau.ee\/lt\/produktas\/garintas-slapias-maistas-kennels-favourite-monoproteinas-antiena-10-x-395-g\/#primaryimage\"},\"image\":{\"@id\":\"https:\/\/miumjau.ee\/lt\/produktas\/garintas-slapias-maistas-kennels-favourite-monoproteinas-antiena-10-x-395-g\/#primaryimage\"},\"thumbnailUrl\":\"https:\/\/miumjau.ee\/wp-content\/uploads\/2025\/07\/kennels-favourite-10pakk1.jpg\",\"datePublished\":\"2025-07-15T11:02:38+00:00\",\"dateModified\":\"2026-01-07T18:53:48+00:00\",\"breadcrumb\":{\"@id\":\"https:\/\/miumjau.ee\/lt\/produktas\/garintas-slapias-maistas-kennels-favourite-monoproteinas-antiena-10-x-395-g\/#breadcrumb\"},\"inLanguage\":\"lt-LT\",\"potentialAction\":[{\"@type\":\"ReadAction\",\"target\":[\"https:\/\/miumjau.ee\/lt\/produktas\/garintas-slapias-maistas-kennels-favourite-monoproteinas-antiena-10-x-395-g\/\"]}]},{\"@type\":\"ImageObject\",\"inLanguage\":\"lt-LT\",\"@id\":\"https:\/\/miumjau.ee\/lt\/produktas\/garintas-slapias-maistas-kennels-favourite-monoproteinas-antiena-10-x-395-g\/#primaryimage\",\"url\":\"https:\/\/miumjau.ee\/wp-content\/uploads\/2025\/07\/kennels-favourite-10pakk1.jpg\",\"contentUrl\":\"https:\/\/miumjau.ee\/wp-content\/uploads\/2025\/07\/kennels-favourite-10pakk1.jpg\",\"width\":1200,\"height\":1600,\"caption\":\"Aurutatud m\u00e4rgtoit Kennel's Favourite, monoproteiin, part 10x 395g\"},{\"@type\":\"BreadcrumbList\",\"@id\":\"https:\/\/miumjau.ee\/lt\/produktas\/garintas-slapias-maistas-kennels-favourite-monoproteinas-antiena-10-x-395-g\/#breadcrumb\",\"itemListElement\":[{\"@type\":\"ListItem\",\"position\":1,\"name\":\"Home\",\"item\":\"https:\/\/miumjau.ee\/lt\/\"},{\"@type\":\"ListItem\",\"position\":2,\"name\":\"Parduotuv\u0117\",\"item\":\"https:\/\/miumjau.ee\/lt\/parduotuve\/\"},{\"@type\":\"ListItem\",\"position\":3,\"name\":\"Garintas \u0161lapias maistas Kennel\u2019s Favourite, monoproteinas, antiena 10 \u00d7 395 g\"}]},{\"@type\":\"WebSite\",\"@id\":\"https:\/\/miumjau.ee\/#website\",\"url\":\"https:\/\/miumjau.ee\/\",\"name\":\"MiuMjau\",\"description\":\"Kraapimispuud kassidele\",\"publisher\":{\"@id\":\"https:\/\/miumjau.ee\/#organization\"},\"potentialAction\":[{\"@type\":\"SearchAction\",\"target\":{\"@type\":\"EntryPoint\",\"urlTemplate\":\"https:\/\/miumjau.ee\/?s={search_term_string}\"},\"query-input\":{\"@type\":\"PropertyValueSpecification\",\"valueRequired\":true,\"valueName\":\"search_term_string\"}}],\"inLanguage\":\"lt-LT\"},{\"@type\":\"Organization\",\"@id\":\"https:\/\/miumjau.ee\/#organization\",\"name\":\"MiuMjau O\u00dc\",\"url\":\"https:\/\/miumjau.ee\/\",\"logo\":{\"@type\":\"ImageObject\",\"inLanguage\":\"lt-LT\",\"@id\":\"https:\/\/miumjau.ee\/#\/schema\/logo\/image\/\",\"url\":\"https:\/\/miumjau.ee\/wp-content\/uploads\/2022\/04\/MiuMjau-logo-kollane.png\",\"contentUrl\":\"https:\/\/miumjau.ee\/wp-content\/uploads\/2022\/04\/MiuMjau-logo-kollane.png\",\"width\":219,\"height\":100,\"caption\":\"MiuMjau O\u00dc\"},\"image\":{\"@id\":\"https:\/\/miumjau.ee\/#\/schema\/logo\/image\/\"},\"sameAs\":[\"https:\/\/www.facebook.com\/miumjaupood\/\"]}]}<\/script>\n<!-- \/ Yoast SEO plugin. -->","yoast_head_json":{"title":"Garintas \u0161lapias maistas Kennel\u2019s Favourite, monoproteinas, antiena 10 \u00d7 395 g - MiuMjau","robots":{"index":"index","follow":"follow","max-snippet":"max-snippet:-1","max-image-preview":"max-image-preview:large","max-video-preview":"max-video-preview:-1"},"canonical":"https:\/\/miumjau.ee\/lt\/produktas\/garintas-slapias-maistas-kennels-favourite-monoproteinas-antiena-10-x-395-g\/","og_locale":"lt_LT","og_type":"article","og_title":"Garintas \u0161lapias maistas Kennel\u2019s Favourite, monoproteinas, antiena 10 \u00d7 395 g - MiuMjau","og_description":"Garu maistas \u201eKennels' Favourite\u00ae\u201c yra visi\u0161kai nat\u016bralus, be gr\u016bd\u0173 ir subalansuotas dr\u0117gnas \u0161un\u0173 maistas, kuriame yra 70 % tikros, vietin\u0117s kilm\u0117s m\u0117sos. \u201eKennels' Favourite\u00ae\u201c yra \u0161velniai garuose virta porcija, tinkama vis\u0173 veisli\u0173 ir am\u017eiaus \u0161unims. Ji praturtinta svarbiais vitaminais, mineralais ir aliejais bei neturi da\u017eikli\u0173, konservant\u0173 ar dirbtini\u0173 kvapi\u0173j\u0173 med\u017eiag\u0173.  \u2705 100 % Nat\u016bral\u016bs ingredientai \u2705 Vienas baltym\u0173 \u0161altinis \u2705 BE GR\u016aD\u0172 \u2705 BE dirbtini\u0173 da\u017eikli\u0173, kvapi\u0173j\u0173 med\u017eiag\u0173, sojos, kiau\u0161ini\u0173 ar pieno  Sudedamosios dalys: Antiena 70 %, d\u017eiovintos mork\u0173 dro\u017el\u0117s, \u0161vie\u017eios bulvi\u0173 gabal\u0117liai, dehidratuoti \u017ealieji \u017eirneliai, d\u017eiovintas pomidor\u0173 koncentratas, saul\u0117gr\u0105\u017e\u0173 aliejus (omega-6 \u0161altinis), la\u0161i\u0161\u0173 aliejus (omega-3 \u0161altinis), vitaminai ir mineralai. 114 Kcal\/100 g  Maistin\u0117s med\u017eiagos (priedai\/kg): Vitaminai: A \u2013 2 250 TV, D3 \u2013 328 TV, E \u2013 26 mg, Biotinas \u2013 60 \u00b5g. Mineralai: cinko sulfato monohidratas \u2013 24,0 mg, gele\u017eies sulfato monohidratas \u2013 12,5 mg, vario sulfato pentahidratas \u2013 2,50 mg, mangano sulfato monohidratas \u2013 2,00 mg, kalcio jodato anhidratas \u2013 0,45 mg, natrio selenitas \u2013 0,04 mg.  Analitin\u0117 sud\u0117tis: \u017dali baltymai: 9 %, Riebalai ir aliejai: 12 %, Neorganin\u0117s med\u017eiagos: 2,5 %, \u017dalia l\u0105steliena: 0,5 %, Dr\u0117gm\u0117: 70 %.  Dienos \u0161\u0117rimo rekomendacijos:  \u0160uns dydis \u0160uns svoris Tik dr\u0117gnas maistas Dr\u0117gnas maistas su sausu maistu  Ma\u017easiki 5 kg\u00bc \u2013 \u00bd pakuot\u0117s\u00bc pakuot\u0117s Ma\u017eas5 kg \u2013 10 kg\u00bd \u2013 \u00be pakuot\u0117s\u2153 pakuot\u0117s Vidutinis10 kg \u2013 15 kg\u00be \u2013 1 pakuot\u0117\u00bd pakuot\u0117s Didelis15 kg \u2013 25 kg1 \u2013 1\u00bd pakuot\u0117s\u00be pakuot\u0117s Labai didelis25 kg \u2013 45 kg1\u00bd \u2013 2\u2153 pakuot\u0117s1 pakuot\u0117  Svarbu: \u2714 Visada u\u017etikrinkite \u0161vie\u017eio vandens prieinamum\u0105. \u2714 Laikykite v\u0117sioje ir sausoje vietoje, atokiau nuo tiesiogini\u0173 saul\u0117s spinduli\u0173. \u2714 Atidaryt\u0105 pakuot\u0119 laikykite \u0161aldytuve ir sunaudokite per 48 valandas. \u2714 Patiekite kambario temperat\u016broje \u2013 taip maistas bus skanesnis ir patrauklesnis \u0161uniui. Naudokite \u0161var\u0173 duben\u0117l\u012f.  Grynas svoris: 10 x 395 g  \u201eKennels' Favourite\u00ae\u201c yra \u012fsipareigojusi naudoti vietin\u0117s kilm\u0117s ingredientus ir u\u017etikrina visi\u0161k\u0105 atsekamum\u0105 iki patikim\u0173 tiek\u0117j\u0173 \u016bki\u0173. Mes r\u016bpinam\u0117s j\u016bs\u0173 augintiniu ir aplinka \u2013 visos m\u016bs\u0173 pakuot\u0117s pagamintos i\u0161 100 % perdirbam\u0173 med\u017eiag\u0173. M\u016bs\u0173 gamybos \u012fmon\u0117 buvo sukurta tam, kad si\u016blyt\u0173 auk\u0161tos kokyb\u0117s \u0161un\u0173 maist\u0105, pagamint\u0105 i\u0161 100 % nat\u016brali\u0173 ingredient\u0173. Dirbame su pirmaujan\u010diais mitybos specialistais, kad m\u016bs\u0173 receptai atitikt\u0173 j\u016bs\u0173 \u0161uns mitybos poreikius. M\u016bs\u0173 maistas jungia keturias pagrindines grupes: b\u016btinus baltymus, skaidulas, vitaminus ir mineralus bei riebalus ir aliejus, kad sukurtume sveik\u0105 ir nat\u016bral\u0173 \u0161un\u0173 maist\u0105.  Sveikas augintinis \u2013 laimingas augintinis!","og_url":"https:\/\/miumjau.ee\/lt\/produktas\/garintas-slapias-maistas-kennels-favourite-monoproteinas-antiena-10-x-395-g\/","og_site_name":"MiuMjau","article_publisher":"https:\/\/www.facebook.com\/miumjaupood\/","article_modified_time":"2026-01-07T18:53:48+00:00","og_image":[{"width":1200,"height":1600,"url":"https:\/\/miumjau.ee\/wp-content\/uploads\/2025\/07\/kennels-favourite-10pakk1.jpg","type":"image\/jpeg"}],"twitter_card":"summary_large_image","schema":{"@context":"https:\/\/schema.org","@graph":[{"@type":"WebPage","@id":"https:\/\/miumjau.ee\/lt\/produktas\/garintas-slapias-maistas-kennels-favourite-monoproteinas-antiena-10-x-395-g\/","url":"https:\/\/miumjau.ee\/lt\/produktas\/garintas-slapias-maistas-kennels-favourite-monoproteinas-antiena-10-x-395-g\/","name":"Garintas \u0161lapias maistas Kennel\u2019s Favourite, monoproteinas, antiena 10 \u00d7 395 g - MiuMjau","isPartOf":{"@id":"https:\/\/miumjau.ee\/#website"},"primaryImageOfPage":{"@id":"https:\/\/miumjau.ee\/lt\/produktas\/garintas-slapias-maistas-kennels-favourite-monoproteinas-antiena-10-x-395-g\/#primaryimage"},"image":{"@id":"https:\/\/miumjau.ee\/lt\/produktas\/garintas-slapias-maistas-kennels-favourite-monoproteinas-antiena-10-x-395-g\/#primaryimage"},"thumbnailUrl":"https:\/\/miumjau.ee\/wp-content\/uploads\/2025\/07\/kennels-favourite-10pakk1.jpg","datePublished":"2025-07-15T11:02:38+00:00","dateModified":"2026-01-07T18:53:48+00:00","breadcrumb":{"@id":"https:\/\/miumjau.ee\/lt\/produktas\/garintas-slapias-maistas-kennels-favourite-monoproteinas-antiena-10-x-395-g\/#breadcrumb"},"inLanguage":"lt-LT","potentialAction":[{"@type":"ReadAction","target":["https:\/\/miumjau.ee\/lt\/produktas\/garintas-slapias-maistas-kennels-favourite-monoproteinas-antiena-10-x-395-g\/"]}]},{"@type":"ImageObject","inLanguage":"lt-LT","@id":"https:\/\/miumjau.ee\/lt\/produktas\/garintas-slapias-maistas-kennels-favourite-monoproteinas-antiena-10-x-395-g\/#primaryimage","url":"https:\/\/miumjau.ee\/wp-content\/uploads\/2025\/07\/kennels-favourite-10pakk1.jpg","contentUrl":"https:\/\/miumjau.ee\/wp-content\/uploads\/2025\/07\/kennels-favourite-10pakk1.jpg","width":1200,"height":1600,"caption":"Aurutatud m\u00e4rgtoit Kennel's Favourite, monoproteiin, part 10x 395g"},{"@type":"BreadcrumbList","@id":"https:\/\/miumjau.ee\/lt\/produktas\/garintas-slapias-maistas-kennels-favourite-monoproteinas-antiena-10-x-395-g\/#breadcrumb","itemListElement":[{"@type":"ListItem","position":1,"name":"Home","item":"https:\/\/miumjau.ee\/lt\/"},{"@type":"ListItem","position":2,"name":"Parduotuv\u0117","item":"https:\/\/miumjau.ee\/lt\/parduotuve\/"},{"@type":"ListItem","position":3,"name":"Garintas \u0161lapias maistas Kennel\u2019s Favourite, monoproteinas, antiena 10 \u00d7 395 g"}]},{"@type":"WebSite","@id":"https:\/\/miumjau.ee\/#website","url":"https:\/\/miumjau.ee\/","name":"MiuMjau","description":"Kraapimispuud kassidele","publisher":{"@id":"https:\/\/miumjau.ee\/#organization"},"potentialAction":[{"@type":"SearchAction","target":{"@type":"EntryPoint","urlTemplate":"https:\/\/miumjau.ee\/?s={search_term_string}"},"query-input":{"@type":"PropertyValueSpecification","valueRequired":true,"valueName":"search_term_string"}}],"inLanguage":"lt-LT"},{"@type":"Organization","@id":"https:\/\/miumjau.ee\/#organization","name":"MiuMjau O\u00dc","url":"https:\/\/miumjau.ee\/","logo":{"@type":"ImageObject","inLanguage":"lt-LT","@id":"https:\/\/miumjau.ee\/#\/schema\/logo\/image\/","url":"https:\/\/miumjau.ee\/wp-content\/uploads\/2022\/04\/MiuMjau-logo-kollane.png","contentUrl":"https:\/\/miumjau.ee\/wp-content\/uploads\/2022\/04\/MiuMjau-logo-kollane.png","width":219,"height":100,"caption":"MiuMjau O\u00dc"},"image":{"@id":"https:\/\/miumjau.ee\/#\/schema\/logo\/image\/"},"sameAs":["https:\/\/www.facebook.com\/miumjaupood\/"]}]}},"_links":{"self":[{"href":"https:\/\/miumjau.ee\/lt\/wp-json\/wp\/v2\/product\/41141","targetHints":{"allow":["GET"]}}],"collection":[{"href":"https:\/\/miumjau.ee\/lt\/wp-json\/wp\/v2\/product"}],"about":[{"href":"https:\/\/miumjau.ee\/lt\/wp-json\/wp\/v2\/types\/product"}],"wp:featuredmedia":[{"embeddable":true,"href":"https:\/\/miumjau.ee\/lt\/wp-json\/wp\/v2\/media\/41261"}],"wp:attachment":[{"href":"https:\/\/miumjau.ee\/lt\/wp-json\/wp\/v2\/media?parent=41141"}],"wp:term":[{"taxonomy":"product_brand","embeddable":true,"href":"https:\/\/miumjau.ee\/lt\/wp-json\/wp\/v2\/product_brand?post=41141"},{"taxonomy":"product_cat","embeddable":true,"href":"https:\/\/miumjau.ee\/lt\/wp-json\/wp\/v2\/product_cat?post=41141"},{"taxonomy":"product_tag","embeddable":true,"href":"https:\/\/miumjau.ee\/lt\/wp-json\/wp\/v2\/product_tag?post=41141"}],"curies":[{"name":"wp","href":"https:\/\/api.w.org\/{rel}","templated":true}]}}