{"id":41138,"date":"2025-05-29T21:52:37","date_gmt":"2025-05-29T18:52:37","guid":{"rendered":"https:\/\/miumjau.ee\/toode\/jaucio-varpos-gabaleliai-frigera-kramtymo-skanestas-500-g\/"},"modified":"2026-01-07T20:53:48","modified_gmt":"2026-01-07T18:53:48","slug":"jaucio-varpos-gabaleliai-frigera-kramtymo-skanestas-500-g","status":"publish","type":"product","link":"https:\/\/miumjau.ee\/lt\/produktas\/jaucio-varpos-gabaleliai-frigera-kramtymo-skanestas-500-g\/","title":{"rendered":"Jau\u010dio varpos gabal\u0117liai Frigera, kramtymo skan\u0117stas 500 g"},"content":{"rendered":"","protected":false},"excerpt":{"rendered":"<p>Nat\u016bralios kramtomos lazdel\u0117s, pagamintos i\u0161 buli\u0173 varpos, mini formatu? Taip, b\u016btent tokios jos ir yra! \u0160ie ma\u017ei skan\u0117stai su viliojan\u010diu aromatu tikrai nenuvils tavo \u0161uns. Jie idealiai tinka, jei visa lazdel\u0117 tavo \u0161uniui per didel\u0117, arba jei ie\u0161kai draugi\u0161kesn\u0117s kainos alternatyvos! friGERA kramtomos lazdel\u0117s pagamintos i\u0161 geriausi\u0173 laisvai augint\u0173 buli\u0173. \u0160ie nat\u016bral\u016bs k\u0105sneliai \u2013 puikus omega-3, baltym\u0173 ir b\u016btin\u0173j\u0173 amino r\u016bg\u0161\u010di\u0173 \u0161altinis, turintys ma\u017eiau so\u010di\u0173j\u0173 riebal\u0173 nei dauguma kit\u0173 nat\u016brali\u0173 skan\u0117st\u0173. \u201eGreitas atlygis\u201c tavo uodeg\u0105 vizginan\u010diam draugui!<br \/>\nGrynasis kiekis: 500 g<br \/>\n<strong>Sudedamosios dalys:<\/strong> 100 % jautiena<br \/>\n<strong>Naudojimo instrukcijos:<\/strong> Duokite tarp valgym\u0173 kaip u\u017ekand\u012f arba atlyg\u012f kaip subalansuotos mitybos dal\u012f. Visada steb\u0117kite savo \u0161un\u012f valgymo metu ir pateikite \u0161vie\u017eio vandens. Neskirta \u017emoni\u0173 maistui. B\u016bkite atid\u016bs, jei j\u016bs\u0173 \u0161uo link\u0119s \u201eryti\u201c ir nekramto tinkamai. Tinka suaugusiems \u0161unims.<br \/>\n<strong>Analitin\u0117 sud\u0117tis:<\/strong> Baltymai: 81,96 %, Riebalai: 4,51 %, Dr\u0117gm\u0117: 12,48 %<\/p>\n","protected":false},"featured_media":41257,"template":"","meta":[],"product_brand":[],"product_cat":[524,540],"product_tag":[],"class_list":{"0":"post-41138","1":"product","2":"type-product","3":"status-publish","4":"has-post-thumbnail","6":"product_cat-kaup24-lt","7":"product_cat-skanestai-sunims","9":"first","10":"instock","11":"taxable","12":"shipping-taxable","13":"purchasable","14":"product-type-simple"},"yoast_head":"<!-- This site is optimized with the Yoast SEO plugin v27.4 - https:\/\/yoast.com\/product\/yoast-seo-wordpress\/ -->\n<title>Jau\u010dio varpos gabal\u0117liai Frigera, kramtymo skan\u0117stas 500 g - MiuMjau<\/title>\n<meta name=\"robots\" content=\"index, follow, max-snippet:-1, max-image-preview:large, max-video-preview:-1\" \/>\n<link rel=\"canonical\" href=\"https:\/\/miumjau.ee\/lt\/produktas\/jaucio-varpos-gabaleliai-frigera-kramtymo-skanestas-500-g\/\" \/>\n<meta property=\"og:locale\" content=\"lt_LT\" \/>\n<meta property=\"og:type\" content=\"article\" \/>\n<meta property=\"og:title\" content=\"Jau\u010dio varpos gabal\u0117liai Frigera, kramtymo skan\u0117stas 500 g - MiuMjau\" \/>\n<meta property=\"og:description\" content=\"Nat\u016bralios kramtomos lazdel\u0117s, pagamintos i\u0161 buli\u0173 varpos, mini formatu? Taip, b\u016btent tokios jos ir yra! \u0160ie ma\u017ei skan\u0117stai su viliojan\u010diu aromatu tikrai nenuvils tavo \u0161uns. Jie idealiai tinka, jei visa lazdel\u0117 tavo \u0161uniui per didel\u0117, arba jei ie\u0161kai draugi\u0161kesn\u0117s kainos alternatyvos! friGERA kramtomos lazdel\u0117s pagamintos i\u0161 geriausi\u0173 laisvai augint\u0173 buli\u0173. \u0160ie nat\u016bral\u016bs k\u0105sneliai \u2013 puikus omega-3, baltym\u0173 ir b\u016btin\u0173j\u0173 amino r\u016bg\u0161\u010di\u0173 \u0161altinis, turintys ma\u017eiau so\u010di\u0173j\u0173 riebal\u0173 nei dauguma kit\u0173 nat\u016brali\u0173 skan\u0117st\u0173. \u201eGreitas atlygis\u201c tavo uodeg\u0105 vizginan\u010diam draugui! Grynasis kiekis: 500 g Sudedamosios dalys: 100 % jautiena Naudojimo instrukcijos: Duokite tarp valgym\u0173 kaip u\u017ekand\u012f arba atlyg\u012f kaip subalansuotos mitybos dal\u012f. Visada steb\u0117kite savo \u0161un\u012f valgymo metu ir pateikite \u0161vie\u017eio vandens. Neskirta \u017emoni\u0173 maistui. B\u016bkite atid\u016bs, jei j\u016bs\u0173 \u0161uo link\u0119s \u201eryti\u201c ir nekramto tinkamai. Tinka suaugusiems \u0161unims. Analitin\u0117 sud\u0117tis: Baltymai: 81,96 %, Riebalai: 4,51 %, Dr\u0117gm\u0117: 12,48 %\" \/>\n<meta property=\"og:url\" content=\"https:\/\/miumjau.ee\/lt\/produktas\/jaucio-varpos-gabaleliai-frigera-kramtymo-skanestas-500-g\/\" \/>\n<meta property=\"og:site_name\" content=\"MiuMjau\" \/>\n<meta property=\"article:publisher\" content=\"https:\/\/www.facebook.com\/miumjaupood\/\" \/>\n<meta property=\"article:modified_time\" content=\"2026-01-07T18:53:48+00:00\" \/>\n<meta property=\"og:image\" content=\"https:\/\/miumjau.ee\/wp-content\/uploads\/2025\/05\/frigera-koerte-maius-pullipeenise-lopposad-500g-1-Photoroom.jpg\" \/>\n\t<meta property=\"og:image:width\" content=\"600\" \/>\n\t<meta property=\"og:image:height\" content=\"800\" \/>\n\t<meta property=\"og:image:type\" content=\"image\/jpeg\" \/>\n<meta name=\"twitter:card\" content=\"summary_large_image\" \/>\n<script type=\"application\/ld+json\" class=\"yoast-schema-graph\">{\"@context\":\"https:\\\/\\\/schema.org\",\"@graph\":[{\"@type\":\"WebPage\",\"@id\":\"https:\\\/\\\/miumjau.ee\\\/lt\\\/produktas\\\/jaucio-varpos-gabaleliai-frigera-kramtymo-skanestas-500-g\\\/\",\"url\":\"https:\\\/\\\/miumjau.ee\\\/lt\\\/produktas\\\/jaucio-varpos-gabaleliai-frigera-kramtymo-skanestas-500-g\\\/\",\"name\":\"Jau\u010dio varpos gabal\u0117liai Frigera, kramtymo skan\u0117stas 500 g - MiuMjau\",\"isPartOf\":{\"@id\":\"https:\\\/\\\/miumjau.ee\\\/#website\"},\"primaryImageOfPage\":{\"@id\":\"https:\\\/\\\/miumjau.ee\\\/lt\\\/produktas\\\/jaucio-varpos-gabaleliai-frigera-kramtymo-skanestas-500-g\\\/#primaryimage\"},\"image\":{\"@id\":\"https:\\\/\\\/miumjau.ee\\\/lt\\\/produktas\\\/jaucio-varpos-gabaleliai-frigera-kramtymo-skanestas-500-g\\\/#primaryimage\"},\"thumbnailUrl\":\"https:\\\/\\\/miumjau.ee\\\/wp-content\\\/uploads\\\/2025\\\/05\\\/frigera-koerte-maius-pullipeenise-lopposad-500g-1-Photoroom.jpg\",\"datePublished\":\"2025-05-29T18:52:37+00:00\",\"dateModified\":\"2026-01-07T18:53:48+00:00\",\"breadcrumb\":{\"@id\":\"https:\\\/\\\/miumjau.ee\\\/lt\\\/produktas\\\/jaucio-varpos-gabaleliai-frigera-kramtymo-skanestas-500-g\\\/#breadcrumb\"},\"inLanguage\":\"lt-LT\",\"potentialAction\":[{\"@type\":\"ReadAction\",\"target\":[\"https:\\\/\\\/miumjau.ee\\\/lt\\\/produktas\\\/jaucio-varpos-gabaleliai-frigera-kramtymo-skanestas-500-g\\\/\"]}]},{\"@type\":\"ImageObject\",\"inLanguage\":\"lt-LT\",\"@id\":\"https:\\\/\\\/miumjau.ee\\\/lt\\\/produktas\\\/jaucio-varpos-gabaleliai-frigera-kramtymo-skanestas-500-g\\\/#primaryimage\",\"url\":\"https:\\\/\\\/miumjau.ee\\\/wp-content\\\/uploads\\\/2025\\\/05\\\/frigera-koerte-maius-pullipeenise-lopposad-500g-1-Photoroom.jpg\",\"contentUrl\":\"https:\\\/\\\/miumjau.ee\\\/wp-content\\\/uploads\\\/2025\\\/05\\\/frigera-koerte-maius-pullipeenise-lopposad-500g-1-Photoroom.jpg\",\"width\":600,\"height\":800,\"caption\":\"Frigera pullipeenise t\u00fckid\"},{\"@type\":\"BreadcrumbList\",\"@id\":\"https:\\\/\\\/miumjau.ee\\\/lt\\\/produktas\\\/jaucio-varpos-gabaleliai-frigera-kramtymo-skanestas-500-g\\\/#breadcrumb\",\"itemListElement\":[{\"@type\":\"ListItem\",\"position\":1,\"name\":\"Home\",\"item\":\"https:\\\/\\\/miumjau.ee\\\/lt\\\/\"},{\"@type\":\"ListItem\",\"position\":2,\"name\":\"Parduotuv\u0117\",\"item\":\"https:\\\/\\\/miumjau.ee\\\/lt\\\/parduotuve\\\/\"},{\"@type\":\"ListItem\",\"position\":3,\"name\":\"Jau\u010dio varpos gabal\u0117liai Frigera, kramtymo skan\u0117stas 500 g\"}]},{\"@type\":\"WebSite\",\"@id\":\"https:\\\/\\\/miumjau.ee\\\/#website\",\"url\":\"https:\\\/\\\/miumjau.ee\\\/\",\"name\":\"MiuMjau\",\"description\":\"Kraapimispuud kassidele\",\"publisher\":{\"@id\":\"https:\\\/\\\/miumjau.ee\\\/#organization\"},\"potentialAction\":[{\"@type\":\"SearchAction\",\"target\":{\"@type\":\"EntryPoint\",\"urlTemplate\":\"https:\\\/\\\/miumjau.ee\\\/?s={search_term_string}\"},\"query-input\":{\"@type\":\"PropertyValueSpecification\",\"valueRequired\":true,\"valueName\":\"search_term_string\"}}],\"inLanguage\":\"lt-LT\"},{\"@type\":\"Organization\",\"@id\":\"https:\\\/\\\/miumjau.ee\\\/#organization\",\"name\":\"MiuMjau O\u00dc\",\"url\":\"https:\\\/\\\/miumjau.ee\\\/\",\"logo\":{\"@type\":\"ImageObject\",\"inLanguage\":\"lt-LT\",\"@id\":\"https:\\\/\\\/miumjau.ee\\\/#\\\/schema\\\/logo\\\/image\\\/\",\"url\":\"https:\\\/\\\/miumjau.ee\\\/wp-content\\\/uploads\\\/2022\\\/04\\\/MiuMjau-logo-kollane.png\",\"contentUrl\":\"https:\\\/\\\/miumjau.ee\\\/wp-content\\\/uploads\\\/2022\\\/04\\\/MiuMjau-logo-kollane.png\",\"width\":219,\"height\":100,\"caption\":\"MiuMjau O\u00dc\"},\"image\":{\"@id\":\"https:\\\/\\\/miumjau.ee\\\/#\\\/schema\\\/logo\\\/image\\\/\"},\"sameAs\":[\"https:\\\/\\\/www.facebook.com\\\/miumjaupood\\\/\"]}]}<\/script>\n<!-- \/ Yoast SEO plugin. -->","yoast_head_json":{"title":"Jau\u010dio varpos gabal\u0117liai Frigera, kramtymo skan\u0117stas 500 g - MiuMjau","robots":{"index":"index","follow":"follow","max-snippet":"max-snippet:-1","max-image-preview":"max-image-preview:large","max-video-preview":"max-video-preview:-1"},"canonical":"https:\/\/miumjau.ee\/lt\/produktas\/jaucio-varpos-gabaleliai-frigera-kramtymo-skanestas-500-g\/","og_locale":"lt_LT","og_type":"article","og_title":"Jau\u010dio varpos gabal\u0117liai Frigera, kramtymo skan\u0117stas 500 g - MiuMjau","og_description":"Nat\u016bralios kramtomos lazdel\u0117s, pagamintos i\u0161 buli\u0173 varpos, mini formatu? Taip, b\u016btent tokios jos ir yra! \u0160ie ma\u017ei skan\u0117stai su viliojan\u010diu aromatu tikrai nenuvils tavo \u0161uns. Jie idealiai tinka, jei visa lazdel\u0117 tavo \u0161uniui per didel\u0117, arba jei ie\u0161kai draugi\u0161kesn\u0117s kainos alternatyvos! friGERA kramtomos lazdel\u0117s pagamintos i\u0161 geriausi\u0173 laisvai augint\u0173 buli\u0173. \u0160ie nat\u016bral\u016bs k\u0105sneliai \u2013 puikus omega-3, baltym\u0173 ir b\u016btin\u0173j\u0173 amino r\u016bg\u0161\u010di\u0173 \u0161altinis, turintys ma\u017eiau so\u010di\u0173j\u0173 riebal\u0173 nei dauguma kit\u0173 nat\u016brali\u0173 skan\u0117st\u0173. \u201eGreitas atlygis\u201c tavo uodeg\u0105 vizginan\u010diam draugui! Grynasis kiekis: 500 g Sudedamosios dalys: 100 % jautiena Naudojimo instrukcijos: Duokite tarp valgym\u0173 kaip u\u017ekand\u012f arba atlyg\u012f kaip subalansuotos mitybos dal\u012f. Visada steb\u0117kite savo \u0161un\u012f valgymo metu ir pateikite \u0161vie\u017eio vandens. Neskirta \u017emoni\u0173 maistui. B\u016bkite atid\u016bs, jei j\u016bs\u0173 \u0161uo link\u0119s \u201eryti\u201c ir nekramto tinkamai. Tinka suaugusiems \u0161unims. Analitin\u0117 sud\u0117tis: Baltymai: 81,96 %, Riebalai: 4,51 %, Dr\u0117gm\u0117: 12,48 %","og_url":"https:\/\/miumjau.ee\/lt\/produktas\/jaucio-varpos-gabaleliai-frigera-kramtymo-skanestas-500-g\/","og_site_name":"MiuMjau","article_publisher":"https:\/\/www.facebook.com\/miumjaupood\/","article_modified_time":"2026-01-07T18:53:48+00:00","og_image":[{"width":600,"height":800,"url":"https:\/\/miumjau.ee\/wp-content\/uploads\/2025\/05\/frigera-koerte-maius-pullipeenise-lopposad-500g-1-Photoroom.jpg","type":"image\/jpeg"}],"twitter_card":"summary_large_image","schema":{"@context":"https:\/\/schema.org","@graph":[{"@type":"WebPage","@id":"https:\/\/miumjau.ee\/lt\/produktas\/jaucio-varpos-gabaleliai-frigera-kramtymo-skanestas-500-g\/","url":"https:\/\/miumjau.ee\/lt\/produktas\/jaucio-varpos-gabaleliai-frigera-kramtymo-skanestas-500-g\/","name":"Jau\u010dio varpos gabal\u0117liai Frigera, kramtymo skan\u0117stas 500 g - MiuMjau","isPartOf":{"@id":"https:\/\/miumjau.ee\/#website"},"primaryImageOfPage":{"@id":"https:\/\/miumjau.ee\/lt\/produktas\/jaucio-varpos-gabaleliai-frigera-kramtymo-skanestas-500-g\/#primaryimage"},"image":{"@id":"https:\/\/miumjau.ee\/lt\/produktas\/jaucio-varpos-gabaleliai-frigera-kramtymo-skanestas-500-g\/#primaryimage"},"thumbnailUrl":"https:\/\/miumjau.ee\/wp-content\/uploads\/2025\/05\/frigera-koerte-maius-pullipeenise-lopposad-500g-1-Photoroom.jpg","datePublished":"2025-05-29T18:52:37+00:00","dateModified":"2026-01-07T18:53:48+00:00","breadcrumb":{"@id":"https:\/\/miumjau.ee\/lt\/produktas\/jaucio-varpos-gabaleliai-frigera-kramtymo-skanestas-500-g\/#breadcrumb"},"inLanguage":"lt-LT","potentialAction":[{"@type":"ReadAction","target":["https:\/\/miumjau.ee\/lt\/produktas\/jaucio-varpos-gabaleliai-frigera-kramtymo-skanestas-500-g\/"]}]},{"@type":"ImageObject","inLanguage":"lt-LT","@id":"https:\/\/miumjau.ee\/lt\/produktas\/jaucio-varpos-gabaleliai-frigera-kramtymo-skanestas-500-g\/#primaryimage","url":"https:\/\/miumjau.ee\/wp-content\/uploads\/2025\/05\/frigera-koerte-maius-pullipeenise-lopposad-500g-1-Photoroom.jpg","contentUrl":"https:\/\/miumjau.ee\/wp-content\/uploads\/2025\/05\/frigera-koerte-maius-pullipeenise-lopposad-500g-1-Photoroom.jpg","width":600,"height":800,"caption":"Frigera pullipeenise t\u00fckid"},{"@type":"BreadcrumbList","@id":"https:\/\/miumjau.ee\/lt\/produktas\/jaucio-varpos-gabaleliai-frigera-kramtymo-skanestas-500-g\/#breadcrumb","itemListElement":[{"@type":"ListItem","position":1,"name":"Home","item":"https:\/\/miumjau.ee\/lt\/"},{"@type":"ListItem","position":2,"name":"Parduotuv\u0117","item":"https:\/\/miumjau.ee\/lt\/parduotuve\/"},{"@type":"ListItem","position":3,"name":"Jau\u010dio varpos gabal\u0117liai Frigera, kramtymo skan\u0117stas 500 g"}]},{"@type":"WebSite","@id":"https:\/\/miumjau.ee\/#website","url":"https:\/\/miumjau.ee\/","name":"MiuMjau","description":"Kraapimispuud kassidele","publisher":{"@id":"https:\/\/miumjau.ee\/#organization"},"potentialAction":[{"@type":"SearchAction","target":{"@type":"EntryPoint","urlTemplate":"https:\/\/miumjau.ee\/?s={search_term_string}"},"query-input":{"@type":"PropertyValueSpecification","valueRequired":true,"valueName":"search_term_string"}}],"inLanguage":"lt-LT"},{"@type":"Organization","@id":"https:\/\/miumjau.ee\/#organization","name":"MiuMjau O\u00dc","url":"https:\/\/miumjau.ee\/","logo":{"@type":"ImageObject","inLanguage":"lt-LT","@id":"https:\/\/miumjau.ee\/#\/schema\/logo\/image\/","url":"https:\/\/miumjau.ee\/wp-content\/uploads\/2022\/04\/MiuMjau-logo-kollane.png","contentUrl":"https:\/\/miumjau.ee\/wp-content\/uploads\/2022\/04\/MiuMjau-logo-kollane.png","width":219,"height":100,"caption":"MiuMjau O\u00dc"},"image":{"@id":"https:\/\/miumjau.ee\/#\/schema\/logo\/image\/"},"sameAs":["https:\/\/www.facebook.com\/miumjaupood\/"]}]}},"_links":{"self":[{"href":"https:\/\/miumjau.ee\/lt\/wp-json\/wp\/v2\/product\/41138","targetHints":{"allow":["GET"]}}],"collection":[{"href":"https:\/\/miumjau.ee\/lt\/wp-json\/wp\/v2\/product"}],"about":[{"href":"https:\/\/miumjau.ee\/lt\/wp-json\/wp\/v2\/types\/product"}],"wp:featuredmedia":[{"embeddable":true,"href":"https:\/\/miumjau.ee\/lt\/wp-json\/wp\/v2\/media\/41257"}],"wp:attachment":[{"href":"https:\/\/miumjau.ee\/lt\/wp-json\/wp\/v2\/media?parent=41138"}],"wp:term":[{"taxonomy":"product_brand","embeddable":true,"href":"https:\/\/miumjau.ee\/lt\/wp-json\/wp\/v2\/product_brand?post=41138"},{"taxonomy":"product_cat","embeddable":true,"href":"https:\/\/miumjau.ee\/lt\/wp-json\/wp\/v2\/product_cat?post=41138"},{"taxonomy":"product_tag","embeddable":true,"href":"https:\/\/miumjau.ee\/lt\/wp-json\/wp\/v2\/product_tag?post=41138"}],"curies":[{"name":"wp","href":"https:\/\/api.w.org\/{rel}","templated":true}]}}