{"id":41137,"date":"2025-05-29T21:46:24","date_gmt":"2025-05-29T18:46:24","guid":{"rendered":"https:\/\/miumjau.ee\/toode\/dziovinta-jautiena-gabaliukais-frigera-premija-suniui-250-g\/"},"modified":"2026-01-07T20:53:48","modified_gmt":"2026-01-07T18:53:48","slug":"dziovinta-jautiena-gabaliukais-frigera-premija-suniui-250-g","status":"publish","type":"product","link":"https:\/\/miumjau.ee\/lt\/produktas\/dziovinta-jautiena-gabaliukais-frigera-premija-suniui-250-g\/","title":{"rendered":"D\u017eiovinta jautiena gabaliukais, Frigera premija \u0161uniui 250 g"},"content":{"rendered":"","protected":false},"excerpt":{"rendered":"<p>Kas taip gard\u017eiai kvepia? \u017dinoma, friGERA jautienos \u0161irdis! \u0160is delikatesas tikrai privers tavo keturkoj\u012f draug\u0105 seil\u0117tis. M\u016bs\u0173 jautienos \u0161irdys \u2013 \u0161velniai kar\u0161tu oru d\u017eiovinti gabal\u0117liai, turintys aromating\u0105 ir sodr\u0173 m\u0117sos skon\u012f. Jie ne tik skan\u016bs, bet ir sveiki \u2013 pagaminti i\u0161 grynos raumenin\u0117s m\u0117sos ir turintys daug baltym\u0173, riebal\u0173 bei mineral\u0173 ir vitamin\u0173, \u012fskaitant cink\u0105, selen\u0105 ir fosfor\u0105, kurie palaiko tavo \u0161uns sveikat\u0105 bei gerov\u0119.<br \/>\nMa\u017eesniems \u0161unims \u0161irdies gabal\u0117liai puikiai tinka kramtyti, o didesni \u0161unys juos m\u0117gausis kaip \u201eauk\u0161to lygio\u201c u\u017ekand\u017eiu tarp valgym\u0173. Tavo augintinis tau tikrai pad\u0117kos u\u017e \u0161\u012f gard\u0173 skan\u0117st\u0105!<br \/>\n<strong>Sudedamosios dalys:<\/strong> 100 % jautiena<br \/>\n<strong>Naudojimo instrukcijos:<\/strong> Duokite tarp valgym\u0173 kaip u\u017ekand\u012f arba atlyg\u012f kaip subalansuotos mitybos dal\u012f. Visada steb\u0117kite savo \u0161un\u012f ir pateikite \u0161vie\u017eio vandens. Neskirta \u017emoni\u0173 maistui.<br \/>\n<strong>Analitin\u0117 sud\u0117tis:<\/strong> Baltymai: 69,33 %, Riebalai: 19,15 %, Dr\u0117gm\u0117: 13,18 %<\/p>\n","protected":false},"featured_media":41255,"template":"","meta":[],"product_brand":[],"product_cat":[540,524],"product_tag":[],"class_list":{"0":"post-41137","1":"product","2":"type-product","3":"status-publish","4":"has-post-thumbnail","6":"product_cat-skanestai-sunims","7":"product_cat-kaup24-lt","9":"first","10":"instock","11":"taxable","12":"shipping-taxable","13":"purchasable","14":"product-type-simple"},"yoast_head":"<!-- This site is optimized with the Yoast SEO plugin v27.2 - https:\/\/yoast.com\/product\/yoast-seo-wordpress\/ -->\n<title>D\u017eiovinta jautiena gabaliukais, Frigera premija \u0161uniui 250 g - MiuMjau<\/title>\n<meta name=\"robots\" content=\"index, follow, max-snippet:-1, max-image-preview:large, max-video-preview:-1\" \/>\n<link rel=\"canonical\" href=\"https:\/\/miumjau.ee\/lt\/produktas\/dziovinta-jautiena-gabaliukais-frigera-premija-suniui-250-g\/\" \/>\n<meta property=\"og:locale\" content=\"lt_LT\" \/>\n<meta property=\"og:type\" content=\"article\" \/>\n<meta property=\"og:title\" content=\"D\u017eiovinta jautiena gabaliukais, Frigera premija \u0161uniui 250 g - MiuMjau\" \/>\n<meta property=\"og:description\" content=\"Kas taip gard\u017eiai kvepia? \u017dinoma, friGERA jautienos \u0161irdis! \u0160is delikatesas tikrai privers tavo keturkoj\u012f draug\u0105 seil\u0117tis. M\u016bs\u0173 jautienos \u0161irdys \u2013 \u0161velniai kar\u0161tu oru d\u017eiovinti gabal\u0117liai, turintys aromating\u0105 ir sodr\u0173 m\u0117sos skon\u012f. Jie ne tik skan\u016bs, bet ir sveiki \u2013 pagaminti i\u0161 grynos raumenin\u0117s m\u0117sos ir turintys daug baltym\u0173, riebal\u0173 bei mineral\u0173 ir vitamin\u0173, \u012fskaitant cink\u0105, selen\u0105 ir fosfor\u0105, kurie palaiko tavo \u0161uns sveikat\u0105 bei gerov\u0119. Ma\u017eesniems \u0161unims \u0161irdies gabal\u0117liai puikiai tinka kramtyti, o didesni \u0161unys juos m\u0117gausis kaip \u201eauk\u0161to lygio\u201c u\u017ekand\u017eiu tarp valgym\u0173. Tavo augintinis tau tikrai pad\u0117kos u\u017e \u0161\u012f gard\u0173 skan\u0117st\u0105! Sudedamosios dalys: 100 % jautiena Naudojimo instrukcijos: Duokite tarp valgym\u0173 kaip u\u017ekand\u012f arba atlyg\u012f kaip subalansuotos mitybos dal\u012f. Visada steb\u0117kite savo \u0161un\u012f ir pateikite \u0161vie\u017eio vandens. Neskirta \u017emoni\u0173 maistui. Analitin\u0117 sud\u0117tis: Baltymai: 69,33 %, Riebalai: 19,15 %, Dr\u0117gm\u0117: 13,18 %\" \/>\n<meta property=\"og:url\" content=\"https:\/\/miumjau.ee\/lt\/produktas\/dziovinta-jautiena-gabaliukais-frigera-premija-suniui-250-g\/\" \/>\n<meta property=\"og:site_name\" content=\"MiuMjau\" \/>\n<meta property=\"article:publisher\" content=\"https:\/\/www.facebook.com\/miumjaupood\/\" \/>\n<meta property=\"article:modified_time\" content=\"2026-01-07T18:53:48+00:00\" \/>\n<meta property=\"og:image\" content=\"https:\/\/miumjau.ee\/wp-content\/uploads\/2025\/05\/veise-suda-250g-frigera.jpg\" \/>\n\t<meta property=\"og:image:width\" content=\"600\" \/>\n\t<meta property=\"og:image:height\" content=\"800\" \/>\n\t<meta property=\"og:image:type\" content=\"image\/jpeg\" \/>\n<meta name=\"twitter:card\" content=\"summary_large_image\" \/>\n<script type=\"application\/ld+json\" class=\"yoast-schema-graph\">{\"@context\":\"https:\/\/schema.org\",\"@graph\":[{\"@type\":\"WebPage\",\"@id\":\"https:\/\/miumjau.ee\/lt\/produktas\/dziovinta-jautiena-gabaliukais-frigera-premija-suniui-250-g\/\",\"url\":\"https:\/\/miumjau.ee\/lt\/produktas\/dziovinta-jautiena-gabaliukais-frigera-premija-suniui-250-g\/\",\"name\":\"D\u017eiovinta jautiena gabaliukais, Frigera premija \u0161uniui 250 g - MiuMjau\",\"isPartOf\":{\"@id\":\"https:\/\/miumjau.ee\/#website\"},\"primaryImageOfPage\":{\"@id\":\"https:\/\/miumjau.ee\/lt\/produktas\/dziovinta-jautiena-gabaliukais-frigera-premija-suniui-250-g\/#primaryimage\"},\"image\":{\"@id\":\"https:\/\/miumjau.ee\/lt\/produktas\/dziovinta-jautiena-gabaliukais-frigera-premija-suniui-250-g\/#primaryimage\"},\"thumbnailUrl\":\"https:\/\/miumjau.ee\/wp-content\/uploads\/2025\/05\/veise-suda-250g-frigera.jpg\",\"datePublished\":\"2025-05-29T18:46:24+00:00\",\"dateModified\":\"2026-01-07T18:53:48+00:00\",\"breadcrumb\":{\"@id\":\"https:\/\/miumjau.ee\/lt\/produktas\/dziovinta-jautiena-gabaliukais-frigera-premija-suniui-250-g\/#breadcrumb\"},\"inLanguage\":\"lt-LT\",\"potentialAction\":[{\"@type\":\"ReadAction\",\"target\":[\"https:\/\/miumjau.ee\/lt\/produktas\/dziovinta-jautiena-gabaliukais-frigera-premija-suniui-250-g\/\"]}]},{\"@type\":\"ImageObject\",\"inLanguage\":\"lt-LT\",\"@id\":\"https:\/\/miumjau.ee\/lt\/produktas\/dziovinta-jautiena-gabaliukais-frigera-premija-suniui-250-g\/#primaryimage\",\"url\":\"https:\/\/miumjau.ee\/wp-content\/uploads\/2025\/05\/veise-suda-250g-frigera.jpg\",\"contentUrl\":\"https:\/\/miumjau.ee\/wp-content\/uploads\/2025\/05\/veise-suda-250g-frigera.jpg\",\"width\":600,\"height\":800,\"caption\":\"Veise s\u00fcda frigera 250g\"},{\"@type\":\"BreadcrumbList\",\"@id\":\"https:\/\/miumjau.ee\/lt\/produktas\/dziovinta-jautiena-gabaliukais-frigera-premija-suniui-250-g\/#breadcrumb\",\"itemListElement\":[{\"@type\":\"ListItem\",\"position\":1,\"name\":\"Home\",\"item\":\"https:\/\/miumjau.ee\/lt\/\"},{\"@type\":\"ListItem\",\"position\":2,\"name\":\"Parduotuv\u0117\",\"item\":\"https:\/\/miumjau.ee\/lt\/parduotuve\/\"},{\"@type\":\"ListItem\",\"position\":3,\"name\":\"D\u017eiovinta jautiena gabaliukais, Frigera premija \u0161uniui 250 g\"}]},{\"@type\":\"WebSite\",\"@id\":\"https:\/\/miumjau.ee\/#website\",\"url\":\"https:\/\/miumjau.ee\/\",\"name\":\"MiuMjau\",\"description\":\"Kraapimispuud kassidele\",\"publisher\":{\"@id\":\"https:\/\/miumjau.ee\/#organization\"},\"potentialAction\":[{\"@type\":\"SearchAction\",\"target\":{\"@type\":\"EntryPoint\",\"urlTemplate\":\"https:\/\/miumjau.ee\/?s={search_term_string}\"},\"query-input\":{\"@type\":\"PropertyValueSpecification\",\"valueRequired\":true,\"valueName\":\"search_term_string\"}}],\"inLanguage\":\"lt-LT\"},{\"@type\":\"Organization\",\"@id\":\"https:\/\/miumjau.ee\/#organization\",\"name\":\"MiuMjau O\u00dc\",\"url\":\"https:\/\/miumjau.ee\/\",\"logo\":{\"@type\":\"ImageObject\",\"inLanguage\":\"lt-LT\",\"@id\":\"https:\/\/miumjau.ee\/#\/schema\/logo\/image\/\",\"url\":\"https:\/\/miumjau.ee\/wp-content\/uploads\/2022\/04\/MiuMjau-logo-kollane.png\",\"contentUrl\":\"https:\/\/miumjau.ee\/wp-content\/uploads\/2022\/04\/MiuMjau-logo-kollane.png\",\"width\":219,\"height\":100,\"caption\":\"MiuMjau O\u00dc\"},\"image\":{\"@id\":\"https:\/\/miumjau.ee\/#\/schema\/logo\/image\/\"},\"sameAs\":[\"https:\/\/www.facebook.com\/miumjaupood\/\"]}]}<\/script>\n<!-- \/ Yoast SEO plugin. -->","yoast_head_json":{"title":"D\u017eiovinta jautiena gabaliukais, Frigera premija \u0161uniui 250 g - MiuMjau","robots":{"index":"index","follow":"follow","max-snippet":"max-snippet:-1","max-image-preview":"max-image-preview:large","max-video-preview":"max-video-preview:-1"},"canonical":"https:\/\/miumjau.ee\/lt\/produktas\/dziovinta-jautiena-gabaliukais-frigera-premija-suniui-250-g\/","og_locale":"lt_LT","og_type":"article","og_title":"D\u017eiovinta jautiena gabaliukais, Frigera premija \u0161uniui 250 g - MiuMjau","og_description":"Kas taip gard\u017eiai kvepia? \u017dinoma, friGERA jautienos \u0161irdis! \u0160is delikatesas tikrai privers tavo keturkoj\u012f draug\u0105 seil\u0117tis. M\u016bs\u0173 jautienos \u0161irdys \u2013 \u0161velniai kar\u0161tu oru d\u017eiovinti gabal\u0117liai, turintys aromating\u0105 ir sodr\u0173 m\u0117sos skon\u012f. Jie ne tik skan\u016bs, bet ir sveiki \u2013 pagaminti i\u0161 grynos raumenin\u0117s m\u0117sos ir turintys daug baltym\u0173, riebal\u0173 bei mineral\u0173 ir vitamin\u0173, \u012fskaitant cink\u0105, selen\u0105 ir fosfor\u0105, kurie palaiko tavo \u0161uns sveikat\u0105 bei gerov\u0119. Ma\u017eesniems \u0161unims \u0161irdies gabal\u0117liai puikiai tinka kramtyti, o didesni \u0161unys juos m\u0117gausis kaip \u201eauk\u0161to lygio\u201c u\u017ekand\u017eiu tarp valgym\u0173. Tavo augintinis tau tikrai pad\u0117kos u\u017e \u0161\u012f gard\u0173 skan\u0117st\u0105! Sudedamosios dalys: 100 % jautiena Naudojimo instrukcijos: Duokite tarp valgym\u0173 kaip u\u017ekand\u012f arba atlyg\u012f kaip subalansuotos mitybos dal\u012f. Visada steb\u0117kite savo \u0161un\u012f ir pateikite \u0161vie\u017eio vandens. Neskirta \u017emoni\u0173 maistui. Analitin\u0117 sud\u0117tis: Baltymai: 69,33 %, Riebalai: 19,15 %, Dr\u0117gm\u0117: 13,18 %","og_url":"https:\/\/miumjau.ee\/lt\/produktas\/dziovinta-jautiena-gabaliukais-frigera-premija-suniui-250-g\/","og_site_name":"MiuMjau","article_publisher":"https:\/\/www.facebook.com\/miumjaupood\/","article_modified_time":"2026-01-07T18:53:48+00:00","og_image":[{"width":600,"height":800,"url":"https:\/\/miumjau.ee\/wp-content\/uploads\/2025\/05\/veise-suda-250g-frigera.jpg","type":"image\/jpeg"}],"twitter_card":"summary_large_image","schema":{"@context":"https:\/\/schema.org","@graph":[{"@type":"WebPage","@id":"https:\/\/miumjau.ee\/lt\/produktas\/dziovinta-jautiena-gabaliukais-frigera-premija-suniui-250-g\/","url":"https:\/\/miumjau.ee\/lt\/produktas\/dziovinta-jautiena-gabaliukais-frigera-premija-suniui-250-g\/","name":"D\u017eiovinta jautiena gabaliukais, Frigera premija \u0161uniui 250 g - MiuMjau","isPartOf":{"@id":"https:\/\/miumjau.ee\/#website"},"primaryImageOfPage":{"@id":"https:\/\/miumjau.ee\/lt\/produktas\/dziovinta-jautiena-gabaliukais-frigera-premija-suniui-250-g\/#primaryimage"},"image":{"@id":"https:\/\/miumjau.ee\/lt\/produktas\/dziovinta-jautiena-gabaliukais-frigera-premija-suniui-250-g\/#primaryimage"},"thumbnailUrl":"https:\/\/miumjau.ee\/wp-content\/uploads\/2025\/05\/veise-suda-250g-frigera.jpg","datePublished":"2025-05-29T18:46:24+00:00","dateModified":"2026-01-07T18:53:48+00:00","breadcrumb":{"@id":"https:\/\/miumjau.ee\/lt\/produktas\/dziovinta-jautiena-gabaliukais-frigera-premija-suniui-250-g\/#breadcrumb"},"inLanguage":"lt-LT","potentialAction":[{"@type":"ReadAction","target":["https:\/\/miumjau.ee\/lt\/produktas\/dziovinta-jautiena-gabaliukais-frigera-premija-suniui-250-g\/"]}]},{"@type":"ImageObject","inLanguage":"lt-LT","@id":"https:\/\/miumjau.ee\/lt\/produktas\/dziovinta-jautiena-gabaliukais-frigera-premija-suniui-250-g\/#primaryimage","url":"https:\/\/miumjau.ee\/wp-content\/uploads\/2025\/05\/veise-suda-250g-frigera.jpg","contentUrl":"https:\/\/miumjau.ee\/wp-content\/uploads\/2025\/05\/veise-suda-250g-frigera.jpg","width":600,"height":800,"caption":"Veise s\u00fcda frigera 250g"},{"@type":"BreadcrumbList","@id":"https:\/\/miumjau.ee\/lt\/produktas\/dziovinta-jautiena-gabaliukais-frigera-premija-suniui-250-g\/#breadcrumb","itemListElement":[{"@type":"ListItem","position":1,"name":"Home","item":"https:\/\/miumjau.ee\/lt\/"},{"@type":"ListItem","position":2,"name":"Parduotuv\u0117","item":"https:\/\/miumjau.ee\/lt\/parduotuve\/"},{"@type":"ListItem","position":3,"name":"D\u017eiovinta jautiena gabaliukais, Frigera premija \u0161uniui 250 g"}]},{"@type":"WebSite","@id":"https:\/\/miumjau.ee\/#website","url":"https:\/\/miumjau.ee\/","name":"MiuMjau","description":"Kraapimispuud kassidele","publisher":{"@id":"https:\/\/miumjau.ee\/#organization"},"potentialAction":[{"@type":"SearchAction","target":{"@type":"EntryPoint","urlTemplate":"https:\/\/miumjau.ee\/?s={search_term_string}"},"query-input":{"@type":"PropertyValueSpecification","valueRequired":true,"valueName":"search_term_string"}}],"inLanguage":"lt-LT"},{"@type":"Organization","@id":"https:\/\/miumjau.ee\/#organization","name":"MiuMjau O\u00dc","url":"https:\/\/miumjau.ee\/","logo":{"@type":"ImageObject","inLanguage":"lt-LT","@id":"https:\/\/miumjau.ee\/#\/schema\/logo\/image\/","url":"https:\/\/miumjau.ee\/wp-content\/uploads\/2022\/04\/MiuMjau-logo-kollane.png","contentUrl":"https:\/\/miumjau.ee\/wp-content\/uploads\/2022\/04\/MiuMjau-logo-kollane.png","width":219,"height":100,"caption":"MiuMjau O\u00dc"},"image":{"@id":"https:\/\/miumjau.ee\/#\/schema\/logo\/image\/"},"sameAs":["https:\/\/www.facebook.com\/miumjaupood\/"]}]}},"_links":{"self":[{"href":"https:\/\/miumjau.ee\/lt\/wp-json\/wp\/v2\/product\/41137","targetHints":{"allow":["GET"]}}],"collection":[{"href":"https:\/\/miumjau.ee\/lt\/wp-json\/wp\/v2\/product"}],"about":[{"href":"https:\/\/miumjau.ee\/lt\/wp-json\/wp\/v2\/types\/product"}],"wp:featuredmedia":[{"embeddable":true,"href":"https:\/\/miumjau.ee\/lt\/wp-json\/wp\/v2\/media\/41255"}],"wp:attachment":[{"href":"https:\/\/miumjau.ee\/lt\/wp-json\/wp\/v2\/media?parent=41137"}],"wp:term":[{"taxonomy":"product_brand","embeddable":true,"href":"https:\/\/miumjau.ee\/lt\/wp-json\/wp\/v2\/product_brand?post=41137"},{"taxonomy":"product_cat","embeddable":true,"href":"https:\/\/miumjau.ee\/lt\/wp-json\/wp\/v2\/product_cat?post=41137"},{"taxonomy":"product_tag","embeddable":true,"href":"https:\/\/miumjau.ee\/lt\/wp-json\/wp\/v2\/product_tag?post=41137"}],"curies":[{"name":"wp","href":"https:\/\/api.w.org\/{rel}","templated":true}]}}