{"id":41136,"date":"2025-05-29T21:34:42","date_gmt":"2025-05-29T18:34:42","guid":{"rendered":"https:\/\/miumjau.ee\/toode\/tvirtas-kramtymo-skanestas-frigera-jaucio-uodega-250-g\/"},"modified":"2026-01-07T20:53:48","modified_gmt":"2026-01-07T18:53:48","slug":"tvirtas-kramtymo-skanestas-frigera-jaucio-uodega-250-g","status":"publish","type":"product","link":"https:\/\/miumjau.ee\/lt\/produktas\/tvirtas-kramtymo-skanestas-frigera-jaucio-uodega-250-g\/","title":{"rendered":"Tvirtas kramtymo skan\u0117stas, Frigera jau\u010dio uodega 250 g"},"content":{"rendered":"","protected":false},"excerpt":{"rendered":"<p>friGERA jau\u010dio uodegos \u2013 ideal\u016bs, tvirti ir ilgalaikiai kramtomieji skan\u0117stai, tinkantys vis\u0173 dyd\u017ei\u0173 \u0161unims! M\u016bs\u0173 jau\u010dio uodega \u2013 gardus u\u017ekandis, pagamintas i\u0161 grynos, \u0161velniai d\u017eiovintos laisvai augintos jautienos uodegos, kilusios i\u0161 gyvuli\u0173, auginam\u0173 \u017emoni\u0173 maistui. \u0160ie gyvuliai auginami be antibiotik\u0173, steroid\u0173 ir hormon\u0173 \u2013 nat\u016bralumas gryniausia forma!<br \/>\n\u0160is skan\u0117stas daugiausia sudarytas i\u0161 kaulo, kremzl\u0117s, jungiamojo audinio ir odos, tod\u0117l turi daug baltym\u0173, ma\u017eai riebal\u0173 ir apima vitamin\u0105 A, selen\u0105, cink\u0105, gele\u017e\u012f, kalc\u012f, cholin\u0105 ir gliukozamin\u0105 \u2013 visas svarbias med\u017eiagas, palaikan\u010dias \u0161uns s\u0105nari\u0173 sveikat\u0105. Be to, kramtymas padeda valyti dantis!<br \/>\nJei ie\u0161kai alternatyvos \u017ealiavai ar kitiems klasikiniams kramtomiems skan\u0117stams \u2013 tai b\u016btent tai, ko tavo \u0161uo ie\u0161ko!<br \/>\n<strong>Sudedamosios dalys:<\/strong> 100 % jautiena<br \/>\n<strong>Naudojimo instrukcijos:<\/strong> Duokite tarp valgym\u0173 kaip u\u017ekand\u012f arba atlyg\u012f kaip subalansuotos mitybos dal\u012f. Visada steb\u0117kite savo \u0161un\u012f ir pateikite \u0161vie\u017eio vandens. Neskirta \u017emoni\u0173 maistui.<br \/>\n<strong>Analitin\u0117 sud\u0117tis:<\/strong> Baltymai: 49,84 %, Riebalai: 15,3 %, Dr\u0117gm\u0117: 7,65 %<\/p>\n","protected":false},"featured_media":41254,"template":"","meta":[],"product_brand":[],"product_cat":[540,524],"product_tag":[],"class_list":{"0":"post-41136","1":"product","2":"type-product","3":"status-publish","4":"has-post-thumbnail","6":"product_cat-skanestai-sunims","7":"product_cat-kaup24-lt","9":"first","10":"instock","11":"taxable","12":"shipping-taxable","13":"purchasable","14":"product-type-simple"},"yoast_head":"<!-- This site is optimized with the Yoast SEO plugin v27.2 - https:\/\/yoast.com\/product\/yoast-seo-wordpress\/ -->\n<title>Tvirtas kramtymo skan\u0117stas, Frigera jau\u010dio uodega 250 g - MiuMjau<\/title>\n<meta name=\"robots\" content=\"index, follow, max-snippet:-1, max-image-preview:large, max-video-preview:-1\" \/>\n<link rel=\"canonical\" href=\"https:\/\/miumjau.ee\/lt\/produktas\/tvirtas-kramtymo-skanestas-frigera-jaucio-uodega-250-g\/\" \/>\n<meta property=\"og:locale\" content=\"lt_LT\" \/>\n<meta property=\"og:type\" content=\"article\" \/>\n<meta property=\"og:title\" content=\"Tvirtas kramtymo skan\u0117stas, Frigera jau\u010dio uodega 250 g - MiuMjau\" \/>\n<meta property=\"og:description\" content=\"friGERA jau\u010dio uodegos \u2013 ideal\u016bs, tvirti ir ilgalaikiai kramtomieji skan\u0117stai, tinkantys vis\u0173 dyd\u017ei\u0173 \u0161unims! M\u016bs\u0173 jau\u010dio uodega \u2013 gardus u\u017ekandis, pagamintas i\u0161 grynos, \u0161velniai d\u017eiovintos laisvai augintos jautienos uodegos, kilusios i\u0161 gyvuli\u0173, auginam\u0173 \u017emoni\u0173 maistui. \u0160ie gyvuliai auginami be antibiotik\u0173, steroid\u0173 ir hormon\u0173 \u2013 nat\u016bralumas gryniausia forma! \u0160is skan\u0117stas daugiausia sudarytas i\u0161 kaulo, kremzl\u0117s, jungiamojo audinio ir odos, tod\u0117l turi daug baltym\u0173, ma\u017eai riebal\u0173 ir apima vitamin\u0105 A, selen\u0105, cink\u0105, gele\u017e\u012f, kalc\u012f, cholin\u0105 ir gliukozamin\u0105 \u2013 visas svarbias med\u017eiagas, palaikan\u010dias \u0161uns s\u0105nari\u0173 sveikat\u0105. Be to, kramtymas padeda valyti dantis! Jei ie\u0161kai alternatyvos \u017ealiavai ar kitiems klasikiniams kramtomiems skan\u0117stams \u2013 tai b\u016btent tai, ko tavo \u0161uo ie\u0161ko! Sudedamosios dalys: 100 % jautiena Naudojimo instrukcijos: Duokite tarp valgym\u0173 kaip u\u017ekand\u012f arba atlyg\u012f kaip subalansuotos mitybos dal\u012f. Visada steb\u0117kite savo \u0161un\u012f ir pateikite \u0161vie\u017eio vandens. Neskirta \u017emoni\u0173 maistui. Analitin\u0117 sud\u0117tis: Baltymai: 49,84 %, Riebalai: 15,3 %, Dr\u0117gm\u0117: 7,65 %\" \/>\n<meta property=\"og:url\" content=\"https:\/\/miumjau.ee\/lt\/produktas\/tvirtas-kramtymo-skanestas-frigera-jaucio-uodega-250-g\/\" \/>\n<meta property=\"og:site_name\" content=\"MiuMjau\" \/>\n<meta property=\"article:publisher\" content=\"https:\/\/www.facebook.com\/miumjaupood\/\" \/>\n<meta property=\"article:modified_time\" content=\"2026-01-07T18:53:48+00:00\" \/>\n<meta property=\"og:image\" content=\"https:\/\/miumjau.ee\/wp-content\/uploads\/2025\/05\/frigera-koerte-maius-harjasaba-250g-1-Photoroom.jpg\" \/>\n\t<meta property=\"og:image:width\" content=\"600\" \/>\n\t<meta property=\"og:image:height\" content=\"800\" \/>\n\t<meta property=\"og:image:type\" content=\"image\/jpeg\" \/>\n<meta name=\"twitter:card\" content=\"summary_large_image\" \/>\n<script type=\"application\/ld+json\" class=\"yoast-schema-graph\">{\"@context\":\"https:\/\/schema.org\",\"@graph\":[{\"@type\":\"WebPage\",\"@id\":\"https:\/\/miumjau.ee\/lt\/produktas\/tvirtas-kramtymo-skanestas-frigera-jaucio-uodega-250-g\/\",\"url\":\"https:\/\/miumjau.ee\/lt\/produktas\/tvirtas-kramtymo-skanestas-frigera-jaucio-uodega-250-g\/\",\"name\":\"Tvirtas kramtymo skan\u0117stas, Frigera jau\u010dio uodega 250 g - MiuMjau\",\"isPartOf\":{\"@id\":\"https:\/\/miumjau.ee\/#website\"},\"primaryImageOfPage\":{\"@id\":\"https:\/\/miumjau.ee\/lt\/produktas\/tvirtas-kramtymo-skanestas-frigera-jaucio-uodega-250-g\/#primaryimage\"},\"image\":{\"@id\":\"https:\/\/miumjau.ee\/lt\/produktas\/tvirtas-kramtymo-skanestas-frigera-jaucio-uodega-250-g\/#primaryimage\"},\"thumbnailUrl\":\"https:\/\/miumjau.ee\/wp-content\/uploads\/2025\/05\/frigera-koerte-maius-harjasaba-250g-1-Photoroom.jpg\",\"datePublished\":\"2025-05-29T18:34:42+00:00\",\"dateModified\":\"2026-01-07T18:53:48+00:00\",\"breadcrumb\":{\"@id\":\"https:\/\/miumjau.ee\/lt\/produktas\/tvirtas-kramtymo-skanestas-frigera-jaucio-uodega-250-g\/#breadcrumb\"},\"inLanguage\":\"lt-LT\",\"potentialAction\":[{\"@type\":\"ReadAction\",\"target\":[\"https:\/\/miumjau.ee\/lt\/produktas\/tvirtas-kramtymo-skanestas-frigera-jaucio-uodega-250-g\/\"]}]},{\"@type\":\"ImageObject\",\"inLanguage\":\"lt-LT\",\"@id\":\"https:\/\/miumjau.ee\/lt\/produktas\/tvirtas-kramtymo-skanestas-frigera-jaucio-uodega-250-g\/#primaryimage\",\"url\":\"https:\/\/miumjau.ee\/wp-content\/uploads\/2025\/05\/frigera-koerte-maius-harjasaba-250g-1-Photoroom.jpg\",\"contentUrl\":\"https:\/\/miumjau.ee\/wp-content\/uploads\/2025\/05\/frigera-koerte-maius-harjasaba-250g-1-Photoroom.jpg\",\"width\":600,\"height\":800,\"caption\":\"H\u00e4rja saba Frigera 250g\"},{\"@type\":\"BreadcrumbList\",\"@id\":\"https:\/\/miumjau.ee\/lt\/produktas\/tvirtas-kramtymo-skanestas-frigera-jaucio-uodega-250-g\/#breadcrumb\",\"itemListElement\":[{\"@type\":\"ListItem\",\"position\":1,\"name\":\"Home\",\"item\":\"https:\/\/miumjau.ee\/lt\/\"},{\"@type\":\"ListItem\",\"position\":2,\"name\":\"Parduotuv\u0117\",\"item\":\"https:\/\/miumjau.ee\/lt\/parduotuve\/\"},{\"@type\":\"ListItem\",\"position\":3,\"name\":\"Tvirtas kramtymo skan\u0117stas, Frigera jau\u010dio uodega 250 g\"}]},{\"@type\":\"WebSite\",\"@id\":\"https:\/\/miumjau.ee\/#website\",\"url\":\"https:\/\/miumjau.ee\/\",\"name\":\"MiuMjau\",\"description\":\"Kraapimispuud kassidele\",\"publisher\":{\"@id\":\"https:\/\/miumjau.ee\/#organization\"},\"potentialAction\":[{\"@type\":\"SearchAction\",\"target\":{\"@type\":\"EntryPoint\",\"urlTemplate\":\"https:\/\/miumjau.ee\/?s={search_term_string}\"},\"query-input\":{\"@type\":\"PropertyValueSpecification\",\"valueRequired\":true,\"valueName\":\"search_term_string\"}}],\"inLanguage\":\"lt-LT\"},{\"@type\":\"Organization\",\"@id\":\"https:\/\/miumjau.ee\/#organization\",\"name\":\"MiuMjau O\u00dc\",\"url\":\"https:\/\/miumjau.ee\/\",\"logo\":{\"@type\":\"ImageObject\",\"inLanguage\":\"lt-LT\",\"@id\":\"https:\/\/miumjau.ee\/#\/schema\/logo\/image\/\",\"url\":\"https:\/\/miumjau.ee\/wp-content\/uploads\/2022\/04\/MiuMjau-logo-kollane.png\",\"contentUrl\":\"https:\/\/miumjau.ee\/wp-content\/uploads\/2022\/04\/MiuMjau-logo-kollane.png\",\"width\":219,\"height\":100,\"caption\":\"MiuMjau O\u00dc\"},\"image\":{\"@id\":\"https:\/\/miumjau.ee\/#\/schema\/logo\/image\/\"},\"sameAs\":[\"https:\/\/www.facebook.com\/miumjaupood\/\"]}]}<\/script>\n<!-- \/ Yoast SEO plugin. -->","yoast_head_json":{"title":"Tvirtas kramtymo skan\u0117stas, Frigera jau\u010dio uodega 250 g - MiuMjau","robots":{"index":"index","follow":"follow","max-snippet":"max-snippet:-1","max-image-preview":"max-image-preview:large","max-video-preview":"max-video-preview:-1"},"canonical":"https:\/\/miumjau.ee\/lt\/produktas\/tvirtas-kramtymo-skanestas-frigera-jaucio-uodega-250-g\/","og_locale":"lt_LT","og_type":"article","og_title":"Tvirtas kramtymo skan\u0117stas, Frigera jau\u010dio uodega 250 g - MiuMjau","og_description":"friGERA jau\u010dio uodegos \u2013 ideal\u016bs, tvirti ir ilgalaikiai kramtomieji skan\u0117stai, tinkantys vis\u0173 dyd\u017ei\u0173 \u0161unims! M\u016bs\u0173 jau\u010dio uodega \u2013 gardus u\u017ekandis, pagamintas i\u0161 grynos, \u0161velniai d\u017eiovintos laisvai augintos jautienos uodegos, kilusios i\u0161 gyvuli\u0173, auginam\u0173 \u017emoni\u0173 maistui. \u0160ie gyvuliai auginami be antibiotik\u0173, steroid\u0173 ir hormon\u0173 \u2013 nat\u016bralumas gryniausia forma! \u0160is skan\u0117stas daugiausia sudarytas i\u0161 kaulo, kremzl\u0117s, jungiamojo audinio ir odos, tod\u0117l turi daug baltym\u0173, ma\u017eai riebal\u0173 ir apima vitamin\u0105 A, selen\u0105, cink\u0105, gele\u017e\u012f, kalc\u012f, cholin\u0105 ir gliukozamin\u0105 \u2013 visas svarbias med\u017eiagas, palaikan\u010dias \u0161uns s\u0105nari\u0173 sveikat\u0105. Be to, kramtymas padeda valyti dantis! Jei ie\u0161kai alternatyvos \u017ealiavai ar kitiems klasikiniams kramtomiems skan\u0117stams \u2013 tai b\u016btent tai, ko tavo \u0161uo ie\u0161ko! Sudedamosios dalys: 100 % jautiena Naudojimo instrukcijos: Duokite tarp valgym\u0173 kaip u\u017ekand\u012f arba atlyg\u012f kaip subalansuotos mitybos dal\u012f. Visada steb\u0117kite savo \u0161un\u012f ir pateikite \u0161vie\u017eio vandens. Neskirta \u017emoni\u0173 maistui. Analitin\u0117 sud\u0117tis: Baltymai: 49,84 %, Riebalai: 15,3 %, Dr\u0117gm\u0117: 7,65 %","og_url":"https:\/\/miumjau.ee\/lt\/produktas\/tvirtas-kramtymo-skanestas-frigera-jaucio-uodega-250-g\/","og_site_name":"MiuMjau","article_publisher":"https:\/\/www.facebook.com\/miumjaupood\/","article_modified_time":"2026-01-07T18:53:48+00:00","og_image":[{"width":600,"height":800,"url":"https:\/\/miumjau.ee\/wp-content\/uploads\/2025\/05\/frigera-koerte-maius-harjasaba-250g-1-Photoroom.jpg","type":"image\/jpeg"}],"twitter_card":"summary_large_image","schema":{"@context":"https:\/\/schema.org","@graph":[{"@type":"WebPage","@id":"https:\/\/miumjau.ee\/lt\/produktas\/tvirtas-kramtymo-skanestas-frigera-jaucio-uodega-250-g\/","url":"https:\/\/miumjau.ee\/lt\/produktas\/tvirtas-kramtymo-skanestas-frigera-jaucio-uodega-250-g\/","name":"Tvirtas kramtymo skan\u0117stas, Frigera jau\u010dio uodega 250 g - MiuMjau","isPartOf":{"@id":"https:\/\/miumjau.ee\/#website"},"primaryImageOfPage":{"@id":"https:\/\/miumjau.ee\/lt\/produktas\/tvirtas-kramtymo-skanestas-frigera-jaucio-uodega-250-g\/#primaryimage"},"image":{"@id":"https:\/\/miumjau.ee\/lt\/produktas\/tvirtas-kramtymo-skanestas-frigera-jaucio-uodega-250-g\/#primaryimage"},"thumbnailUrl":"https:\/\/miumjau.ee\/wp-content\/uploads\/2025\/05\/frigera-koerte-maius-harjasaba-250g-1-Photoroom.jpg","datePublished":"2025-05-29T18:34:42+00:00","dateModified":"2026-01-07T18:53:48+00:00","breadcrumb":{"@id":"https:\/\/miumjau.ee\/lt\/produktas\/tvirtas-kramtymo-skanestas-frigera-jaucio-uodega-250-g\/#breadcrumb"},"inLanguage":"lt-LT","potentialAction":[{"@type":"ReadAction","target":["https:\/\/miumjau.ee\/lt\/produktas\/tvirtas-kramtymo-skanestas-frigera-jaucio-uodega-250-g\/"]}]},{"@type":"ImageObject","inLanguage":"lt-LT","@id":"https:\/\/miumjau.ee\/lt\/produktas\/tvirtas-kramtymo-skanestas-frigera-jaucio-uodega-250-g\/#primaryimage","url":"https:\/\/miumjau.ee\/wp-content\/uploads\/2025\/05\/frigera-koerte-maius-harjasaba-250g-1-Photoroom.jpg","contentUrl":"https:\/\/miumjau.ee\/wp-content\/uploads\/2025\/05\/frigera-koerte-maius-harjasaba-250g-1-Photoroom.jpg","width":600,"height":800,"caption":"H\u00e4rja saba Frigera 250g"},{"@type":"BreadcrumbList","@id":"https:\/\/miumjau.ee\/lt\/produktas\/tvirtas-kramtymo-skanestas-frigera-jaucio-uodega-250-g\/#breadcrumb","itemListElement":[{"@type":"ListItem","position":1,"name":"Home","item":"https:\/\/miumjau.ee\/lt\/"},{"@type":"ListItem","position":2,"name":"Parduotuv\u0117","item":"https:\/\/miumjau.ee\/lt\/parduotuve\/"},{"@type":"ListItem","position":3,"name":"Tvirtas kramtymo skan\u0117stas, Frigera jau\u010dio uodega 250 g"}]},{"@type":"WebSite","@id":"https:\/\/miumjau.ee\/#website","url":"https:\/\/miumjau.ee\/","name":"MiuMjau","description":"Kraapimispuud kassidele","publisher":{"@id":"https:\/\/miumjau.ee\/#organization"},"potentialAction":[{"@type":"SearchAction","target":{"@type":"EntryPoint","urlTemplate":"https:\/\/miumjau.ee\/?s={search_term_string}"},"query-input":{"@type":"PropertyValueSpecification","valueRequired":true,"valueName":"search_term_string"}}],"inLanguage":"lt-LT"},{"@type":"Organization","@id":"https:\/\/miumjau.ee\/#organization","name":"MiuMjau O\u00dc","url":"https:\/\/miumjau.ee\/","logo":{"@type":"ImageObject","inLanguage":"lt-LT","@id":"https:\/\/miumjau.ee\/#\/schema\/logo\/image\/","url":"https:\/\/miumjau.ee\/wp-content\/uploads\/2022\/04\/MiuMjau-logo-kollane.png","contentUrl":"https:\/\/miumjau.ee\/wp-content\/uploads\/2022\/04\/MiuMjau-logo-kollane.png","width":219,"height":100,"caption":"MiuMjau O\u00dc"},"image":{"@id":"https:\/\/miumjau.ee\/#\/schema\/logo\/image\/"},"sameAs":["https:\/\/www.facebook.com\/miumjaupood\/"]}]}},"_links":{"self":[{"href":"https:\/\/miumjau.ee\/lt\/wp-json\/wp\/v2\/product\/41136","targetHints":{"allow":["GET"]}}],"collection":[{"href":"https:\/\/miumjau.ee\/lt\/wp-json\/wp\/v2\/product"}],"about":[{"href":"https:\/\/miumjau.ee\/lt\/wp-json\/wp\/v2\/types\/product"}],"wp:featuredmedia":[{"embeddable":true,"href":"https:\/\/miumjau.ee\/lt\/wp-json\/wp\/v2\/media\/41254"}],"wp:attachment":[{"href":"https:\/\/miumjau.ee\/lt\/wp-json\/wp\/v2\/media?parent=41136"}],"wp:term":[{"taxonomy":"product_brand","embeddable":true,"href":"https:\/\/miumjau.ee\/lt\/wp-json\/wp\/v2\/product_brand?post=41136"},{"taxonomy":"product_cat","embeddable":true,"href":"https:\/\/miumjau.ee\/lt\/wp-json\/wp\/v2\/product_cat?post=41136"},{"taxonomy":"product_tag","embeddable":true,"href":"https:\/\/miumjau.ee\/lt\/wp-json\/wp\/v2\/product_tag?post=41136"}],"curies":[{"name":"wp","href":"https:\/\/api.w.org\/{rel}","templated":true}]}}