{"id":41135,"date":"2025-05-29T16:01:54","date_gmt":"2025-05-29T13:01:54","guid":{"rendered":"https:\/\/miumjau.ee\/toode\/naturalus-100-mesos-skanestas-frigera-elnienos-kubeliai-250-g\/"},"modified":"2026-01-07T20:53:55","modified_gmt":"2026-01-07T18:53:55","slug":"naturalus-100-mesos-skanestas-frigera-elnienos-kubeliai-250-g","status":"publish","type":"product","link":"https:\/\/miumjau.ee\/lt\/produktas\/naturalus-100-mesos-skanestas-frigera-elnienos-kubeliai-250-g\/","title":{"rendered":"Nat\u016bralus 100 % m\u0117sos skan\u0117stas, Frigera elnienos kubeliai 250 g"},"content":{"rendered":"","protected":false},"excerpt":{"rendered":"<p>friGERA elnienos kubeliai \u2013 skan\u016bs, be glitimo ir be gr\u016bd\u0173 gabal\u0117liai su dideliu m\u0117sos kiekiu, be dirbtini\u0173 skoni\u0173, spalv\u0173 ir konservant\u0173. Ypa\u010d svarbu, kad jie turtingi baltym\u0173 ir suteikia \u0161uniui vertingos energijos kitam nuotykiui!<br \/>\nKadangi gabal\u0117liai yra ma\u017eo dyd\u017eio, lengvai vir\u0161kinami ir porcijuoti, jie idealiai tinka ma\u017eiems, jauniems ar antsvorio turintiems \u0161unims. Tikras skan\u0117stas tavo kailiuotam mylimajam ir b\u016btinyb\u0117 kiekvienam \u0161uns savininkui!<br \/>\n<strong>Sudedamosios dalys:<\/strong> 100 % elniena<br \/>\n<strong>Naudojimo instrukcijos:<\/strong> Duokite kaip u\u017ekand\u012f tarp valgym\u0173 arba kaip atlyg\u012f kaip subalansuotos mitybos dal\u012f. Visada steb\u0117kite savo \u0161un\u012f valgymo metu ir pateikite \u0161vie\u017eio vandens. Neskirta \u017emoni\u0173 maistui.<br \/>\n<strong>Analitin\u0117 sud\u0117tis:<\/strong> Baltymai: 43,4 %, Riebalai: 23,4 %, Dr\u0117gm\u0117: 7,1 %<\/p>\n","protected":false},"featured_media":41250,"template":"","meta":[],"product_brand":[],"product_cat":[540,524],"product_tag":[],"class_list":{"0":"post-41135","1":"product","2":"type-product","3":"status-publish","4":"has-post-thumbnail","6":"product_cat-skanestai-sunims","7":"product_cat-kaup24-lt","9":"first","10":"instock","11":"taxable","12":"shipping-taxable","13":"purchasable","14":"product-type-simple"},"yoast_head":"<!-- This site is optimized with the Yoast SEO plugin v27.2 - https:\/\/yoast.com\/product\/yoast-seo-wordpress\/ -->\n<title>Nat\u016bralus 100 % m\u0117sos skan\u0117stas, Frigera elnienos kubeliai 250 g - MiuMjau<\/title>\n<meta name=\"robots\" content=\"index, follow, max-snippet:-1, max-image-preview:large, max-video-preview:-1\" \/>\n<link rel=\"canonical\" href=\"https:\/\/miumjau.ee\/lt\/produktas\/naturalus-100-mesos-skanestas-frigera-elnienos-kubeliai-250-g\/\" \/>\n<meta property=\"og:locale\" content=\"lt_LT\" \/>\n<meta property=\"og:type\" content=\"article\" \/>\n<meta property=\"og:title\" content=\"Nat\u016bralus 100 % m\u0117sos skan\u0117stas, Frigera elnienos kubeliai 250 g - MiuMjau\" \/>\n<meta property=\"og:description\" content=\"friGERA elnienos kubeliai \u2013 skan\u016bs, be glitimo ir be gr\u016bd\u0173 gabal\u0117liai su dideliu m\u0117sos kiekiu, be dirbtini\u0173 skoni\u0173, spalv\u0173 ir konservant\u0173. Ypa\u010d svarbu, kad jie turtingi baltym\u0173 ir suteikia \u0161uniui vertingos energijos kitam nuotykiui! Kadangi gabal\u0117liai yra ma\u017eo dyd\u017eio, lengvai vir\u0161kinami ir porcijuoti, jie idealiai tinka ma\u017eiems, jauniems ar antsvorio turintiems \u0161unims. Tikras skan\u0117stas tavo kailiuotam mylimajam ir b\u016btinyb\u0117 kiekvienam \u0161uns savininkui! Sudedamosios dalys: 100 % elniena Naudojimo instrukcijos: Duokite kaip u\u017ekand\u012f tarp valgym\u0173 arba kaip atlyg\u012f kaip subalansuotos mitybos dal\u012f. Visada steb\u0117kite savo \u0161un\u012f valgymo metu ir pateikite \u0161vie\u017eio vandens. Neskirta \u017emoni\u0173 maistui. Analitin\u0117 sud\u0117tis: Baltymai: 43,4 %, Riebalai: 23,4 %, Dr\u0117gm\u0117: 7,1 %\" \/>\n<meta property=\"og:url\" content=\"https:\/\/miumjau.ee\/lt\/produktas\/naturalus-100-mesos-skanestas-frigera-elnienos-kubeliai-250-g\/\" \/>\n<meta property=\"og:site_name\" content=\"MiuMjau\" \/>\n<meta property=\"article:publisher\" content=\"https:\/\/www.facebook.com\/miumjaupood\/\" \/>\n<meta property=\"article:modified_time\" content=\"2026-01-07T18:53:55+00:00\" \/>\n<meta property=\"og:image\" content=\"https:\/\/miumjau.ee\/wp-content\/uploads\/2025\/05\/frigera-koerte-maius-hirveliha-kuubikud-250-g-1-Photoroom.jpg\" \/>\n\t<meta property=\"og:image:width\" content=\"600\" \/>\n\t<meta property=\"og:image:height\" content=\"800\" \/>\n\t<meta property=\"og:image:type\" content=\"image\/jpeg\" \/>\n<meta name=\"twitter:card\" content=\"summary_large_image\" \/>\n<script type=\"application\/ld+json\" class=\"yoast-schema-graph\">{\"@context\":\"https:\/\/schema.org\",\"@graph\":[{\"@type\":\"WebPage\",\"@id\":\"https:\/\/miumjau.ee\/lt\/produktas\/naturalus-100-mesos-skanestas-frigera-elnienos-kubeliai-250-g\/\",\"url\":\"https:\/\/miumjau.ee\/lt\/produktas\/naturalus-100-mesos-skanestas-frigera-elnienos-kubeliai-250-g\/\",\"name\":\"Nat\u016bralus 100 % m\u0117sos skan\u0117stas, Frigera elnienos kubeliai 250 g - MiuMjau\",\"isPartOf\":{\"@id\":\"https:\/\/miumjau.ee\/#website\"},\"primaryImageOfPage\":{\"@id\":\"https:\/\/miumjau.ee\/lt\/produktas\/naturalus-100-mesos-skanestas-frigera-elnienos-kubeliai-250-g\/#primaryimage\"},\"image\":{\"@id\":\"https:\/\/miumjau.ee\/lt\/produktas\/naturalus-100-mesos-skanestas-frigera-elnienos-kubeliai-250-g\/#primaryimage\"},\"thumbnailUrl\":\"https:\/\/miumjau.ee\/wp-content\/uploads\/2025\/05\/frigera-koerte-maius-hirveliha-kuubikud-250-g-1-Photoroom.jpg\",\"datePublished\":\"2025-05-29T13:01:54+00:00\",\"dateModified\":\"2026-01-07T18:53:55+00:00\",\"breadcrumb\":{\"@id\":\"https:\/\/miumjau.ee\/lt\/produktas\/naturalus-100-mesos-skanestas-frigera-elnienos-kubeliai-250-g\/#breadcrumb\"},\"inLanguage\":\"lt-LT\",\"potentialAction\":[{\"@type\":\"ReadAction\",\"target\":[\"https:\/\/miumjau.ee\/lt\/produktas\/naturalus-100-mesos-skanestas-frigera-elnienos-kubeliai-250-g\/\"]}]},{\"@type\":\"ImageObject\",\"inLanguage\":\"lt-LT\",\"@id\":\"https:\/\/miumjau.ee\/lt\/produktas\/naturalus-100-mesos-skanestas-frigera-elnienos-kubeliai-250-g\/#primaryimage\",\"url\":\"https:\/\/miumjau.ee\/wp-content\/uploads\/2025\/05\/frigera-koerte-maius-hirveliha-kuubikud-250-g-1-Photoroom.jpg\",\"contentUrl\":\"https:\/\/miumjau.ee\/wp-content\/uploads\/2025\/05\/frigera-koerte-maius-hirveliha-kuubikud-250-g-1-Photoroom.jpg\",\"width\":600,\"height\":800,\"caption\":\"Frigera hirvekuubikud koertele\"},{\"@type\":\"BreadcrumbList\",\"@id\":\"https:\/\/miumjau.ee\/lt\/produktas\/naturalus-100-mesos-skanestas-frigera-elnienos-kubeliai-250-g\/#breadcrumb\",\"itemListElement\":[{\"@type\":\"ListItem\",\"position\":1,\"name\":\"Home\",\"item\":\"https:\/\/miumjau.ee\/lt\/\"},{\"@type\":\"ListItem\",\"position\":2,\"name\":\"Parduotuv\u0117\",\"item\":\"https:\/\/miumjau.ee\/lt\/parduotuve\/\"},{\"@type\":\"ListItem\",\"position\":3,\"name\":\"Nat\u016bralus 100 % m\u0117sos skan\u0117stas, Frigera elnienos kubeliai 250 g\"}]},{\"@type\":\"WebSite\",\"@id\":\"https:\/\/miumjau.ee\/#website\",\"url\":\"https:\/\/miumjau.ee\/\",\"name\":\"MiuMjau\",\"description\":\"Kraapimispuud kassidele\",\"publisher\":{\"@id\":\"https:\/\/miumjau.ee\/#organization\"},\"potentialAction\":[{\"@type\":\"SearchAction\",\"target\":{\"@type\":\"EntryPoint\",\"urlTemplate\":\"https:\/\/miumjau.ee\/?s={search_term_string}\"},\"query-input\":{\"@type\":\"PropertyValueSpecification\",\"valueRequired\":true,\"valueName\":\"search_term_string\"}}],\"inLanguage\":\"lt-LT\"},{\"@type\":\"Organization\",\"@id\":\"https:\/\/miumjau.ee\/#organization\",\"name\":\"MiuMjau O\u00dc\",\"url\":\"https:\/\/miumjau.ee\/\",\"logo\":{\"@type\":\"ImageObject\",\"inLanguage\":\"lt-LT\",\"@id\":\"https:\/\/miumjau.ee\/#\/schema\/logo\/image\/\",\"url\":\"https:\/\/miumjau.ee\/wp-content\/uploads\/2022\/04\/MiuMjau-logo-kollane.png\",\"contentUrl\":\"https:\/\/miumjau.ee\/wp-content\/uploads\/2022\/04\/MiuMjau-logo-kollane.png\",\"width\":219,\"height\":100,\"caption\":\"MiuMjau O\u00dc\"},\"image\":{\"@id\":\"https:\/\/miumjau.ee\/#\/schema\/logo\/image\/\"},\"sameAs\":[\"https:\/\/www.facebook.com\/miumjaupood\/\"]}]}<\/script>\n<!-- \/ Yoast SEO plugin. -->","yoast_head_json":{"title":"Nat\u016bralus 100 % m\u0117sos skan\u0117stas, Frigera elnienos kubeliai 250 g - MiuMjau","robots":{"index":"index","follow":"follow","max-snippet":"max-snippet:-1","max-image-preview":"max-image-preview:large","max-video-preview":"max-video-preview:-1"},"canonical":"https:\/\/miumjau.ee\/lt\/produktas\/naturalus-100-mesos-skanestas-frigera-elnienos-kubeliai-250-g\/","og_locale":"lt_LT","og_type":"article","og_title":"Nat\u016bralus 100 % m\u0117sos skan\u0117stas, Frigera elnienos kubeliai 250 g - MiuMjau","og_description":"friGERA elnienos kubeliai \u2013 skan\u016bs, be glitimo ir be gr\u016bd\u0173 gabal\u0117liai su dideliu m\u0117sos kiekiu, be dirbtini\u0173 skoni\u0173, spalv\u0173 ir konservant\u0173. Ypa\u010d svarbu, kad jie turtingi baltym\u0173 ir suteikia \u0161uniui vertingos energijos kitam nuotykiui! Kadangi gabal\u0117liai yra ma\u017eo dyd\u017eio, lengvai vir\u0161kinami ir porcijuoti, jie idealiai tinka ma\u017eiems, jauniems ar antsvorio turintiems \u0161unims. Tikras skan\u0117stas tavo kailiuotam mylimajam ir b\u016btinyb\u0117 kiekvienam \u0161uns savininkui! Sudedamosios dalys: 100 % elniena Naudojimo instrukcijos: Duokite kaip u\u017ekand\u012f tarp valgym\u0173 arba kaip atlyg\u012f kaip subalansuotos mitybos dal\u012f. Visada steb\u0117kite savo \u0161un\u012f valgymo metu ir pateikite \u0161vie\u017eio vandens. Neskirta \u017emoni\u0173 maistui. Analitin\u0117 sud\u0117tis: Baltymai: 43,4 %, Riebalai: 23,4 %, Dr\u0117gm\u0117: 7,1 %","og_url":"https:\/\/miumjau.ee\/lt\/produktas\/naturalus-100-mesos-skanestas-frigera-elnienos-kubeliai-250-g\/","og_site_name":"MiuMjau","article_publisher":"https:\/\/www.facebook.com\/miumjaupood\/","article_modified_time":"2026-01-07T18:53:55+00:00","og_image":[{"width":600,"height":800,"url":"https:\/\/miumjau.ee\/wp-content\/uploads\/2025\/05\/frigera-koerte-maius-hirveliha-kuubikud-250-g-1-Photoroom.jpg","type":"image\/jpeg"}],"twitter_card":"summary_large_image","schema":{"@context":"https:\/\/schema.org","@graph":[{"@type":"WebPage","@id":"https:\/\/miumjau.ee\/lt\/produktas\/naturalus-100-mesos-skanestas-frigera-elnienos-kubeliai-250-g\/","url":"https:\/\/miumjau.ee\/lt\/produktas\/naturalus-100-mesos-skanestas-frigera-elnienos-kubeliai-250-g\/","name":"Nat\u016bralus 100 % m\u0117sos skan\u0117stas, Frigera elnienos kubeliai 250 g - MiuMjau","isPartOf":{"@id":"https:\/\/miumjau.ee\/#website"},"primaryImageOfPage":{"@id":"https:\/\/miumjau.ee\/lt\/produktas\/naturalus-100-mesos-skanestas-frigera-elnienos-kubeliai-250-g\/#primaryimage"},"image":{"@id":"https:\/\/miumjau.ee\/lt\/produktas\/naturalus-100-mesos-skanestas-frigera-elnienos-kubeliai-250-g\/#primaryimage"},"thumbnailUrl":"https:\/\/miumjau.ee\/wp-content\/uploads\/2025\/05\/frigera-koerte-maius-hirveliha-kuubikud-250-g-1-Photoroom.jpg","datePublished":"2025-05-29T13:01:54+00:00","dateModified":"2026-01-07T18:53:55+00:00","breadcrumb":{"@id":"https:\/\/miumjau.ee\/lt\/produktas\/naturalus-100-mesos-skanestas-frigera-elnienos-kubeliai-250-g\/#breadcrumb"},"inLanguage":"lt-LT","potentialAction":[{"@type":"ReadAction","target":["https:\/\/miumjau.ee\/lt\/produktas\/naturalus-100-mesos-skanestas-frigera-elnienos-kubeliai-250-g\/"]}]},{"@type":"ImageObject","inLanguage":"lt-LT","@id":"https:\/\/miumjau.ee\/lt\/produktas\/naturalus-100-mesos-skanestas-frigera-elnienos-kubeliai-250-g\/#primaryimage","url":"https:\/\/miumjau.ee\/wp-content\/uploads\/2025\/05\/frigera-koerte-maius-hirveliha-kuubikud-250-g-1-Photoroom.jpg","contentUrl":"https:\/\/miumjau.ee\/wp-content\/uploads\/2025\/05\/frigera-koerte-maius-hirveliha-kuubikud-250-g-1-Photoroom.jpg","width":600,"height":800,"caption":"Frigera hirvekuubikud koertele"},{"@type":"BreadcrumbList","@id":"https:\/\/miumjau.ee\/lt\/produktas\/naturalus-100-mesos-skanestas-frigera-elnienos-kubeliai-250-g\/#breadcrumb","itemListElement":[{"@type":"ListItem","position":1,"name":"Home","item":"https:\/\/miumjau.ee\/lt\/"},{"@type":"ListItem","position":2,"name":"Parduotuv\u0117","item":"https:\/\/miumjau.ee\/lt\/parduotuve\/"},{"@type":"ListItem","position":3,"name":"Nat\u016bralus 100 % m\u0117sos skan\u0117stas, Frigera elnienos kubeliai 250 g"}]},{"@type":"WebSite","@id":"https:\/\/miumjau.ee\/#website","url":"https:\/\/miumjau.ee\/","name":"MiuMjau","description":"Kraapimispuud kassidele","publisher":{"@id":"https:\/\/miumjau.ee\/#organization"},"potentialAction":[{"@type":"SearchAction","target":{"@type":"EntryPoint","urlTemplate":"https:\/\/miumjau.ee\/?s={search_term_string}"},"query-input":{"@type":"PropertyValueSpecification","valueRequired":true,"valueName":"search_term_string"}}],"inLanguage":"lt-LT"},{"@type":"Organization","@id":"https:\/\/miumjau.ee\/#organization","name":"MiuMjau O\u00dc","url":"https:\/\/miumjau.ee\/","logo":{"@type":"ImageObject","inLanguage":"lt-LT","@id":"https:\/\/miumjau.ee\/#\/schema\/logo\/image\/","url":"https:\/\/miumjau.ee\/wp-content\/uploads\/2022\/04\/MiuMjau-logo-kollane.png","contentUrl":"https:\/\/miumjau.ee\/wp-content\/uploads\/2022\/04\/MiuMjau-logo-kollane.png","width":219,"height":100,"caption":"MiuMjau O\u00dc"},"image":{"@id":"https:\/\/miumjau.ee\/#\/schema\/logo\/image\/"},"sameAs":["https:\/\/www.facebook.com\/miumjaupood\/"]}]}},"_links":{"self":[{"href":"https:\/\/miumjau.ee\/lt\/wp-json\/wp\/v2\/product\/41135","targetHints":{"allow":["GET"]}}],"collection":[{"href":"https:\/\/miumjau.ee\/lt\/wp-json\/wp\/v2\/product"}],"about":[{"href":"https:\/\/miumjau.ee\/lt\/wp-json\/wp\/v2\/types\/product"}],"wp:featuredmedia":[{"embeddable":true,"href":"https:\/\/miumjau.ee\/lt\/wp-json\/wp\/v2\/media\/41250"}],"wp:attachment":[{"href":"https:\/\/miumjau.ee\/lt\/wp-json\/wp\/v2\/media?parent=41135"}],"wp:term":[{"taxonomy":"product_brand","embeddable":true,"href":"https:\/\/miumjau.ee\/lt\/wp-json\/wp\/v2\/product_brand?post=41135"},{"taxonomy":"product_cat","embeddable":true,"href":"https:\/\/miumjau.ee\/lt\/wp-json\/wp\/v2\/product_cat?post=41135"},{"taxonomy":"product_tag","embeddable":true,"href":"https:\/\/miumjau.ee\/lt\/wp-json\/wp\/v2\/product_tag?post=41135"}],"curies":[{"name":"wp","href":"https:\/\/api.w.org\/{rel}","templated":true}]}}