{"id":41133,"date":"2025-05-29T15:26:12","date_gmt":"2025-05-29T12:26:12","guid":{"rendered":"https:\/\/miumjau.ee\/toode\/frigera-naturaliu-skanestu-misinys-250-g\/"},"modified":"2026-01-07T20:53:55","modified_gmt":"2026-01-07T18:53:55","slug":"frigera-naturaliu-skanestu-misinys-250-g","status":"publish","type":"product","link":"https:\/\/miumjau.ee\/lt\/produktas\/frigera-naturaliu-skanestu-misinys-250-g\/","title":{"rendered":"Frigera nat\u016brali\u0173 skan\u0117st\u0173 mi\u0161inys 250 g"},"content":{"rendered":"","protected":false},"excerpt":{"rendered":"<p>Pa\u017e\u012fsti t\u0105 jausm\u0105, kai stovi prie\u0161 daugyb\u0119 \u012fdomi\u0173 produkt\u0173 ir negali i\u0161sirinkti? Mes tave puikiai suprantame! B\u016btent tod\u0117l suk\u016br\u0117me \u0161\u012f tra\u0161k\u0173 mai\u0161el\u012f! Susipa\u017eink su m\u016bs\u0173 \u017evaig\u017ed\u0117mis: jautienos plau\u010diai, skrandis ir galvos oda! \u0160ie trys komponentai sudaro friGERA tra\u0161ki\u0173 skan\u0117st\u0173 mi\u0161in\u012f. Tai rei\u0161kia, kad tavo \u0161uo gal\u0117s m\u0117gautis mink\u0161tais, vidutinio kietumo ir kietais skan\u0117stais \u2013 puikus b\u016bdas \u012fne\u0161ti \u012fvairov\u0117s \u012f kasdien\u0119 mityb\u0105 ir i\u0161laikyti \u012fdomum\u0105.<br \/>\nBe to, visi \u0161ie skan\u0117stai turi ma\u017eai riebal\u0173 ir daug baltym\u0173 \u2013 plau\u010diai ir skrandis gaus\u016bs verting\u0173 mineral\u0173 ir riebal\u0173 r\u016bg\u0161\u010di\u0173! Tuo pa\u010diu \u0161is mi\u0161inys stiprina dantis ir padeda palaikyti burnos higien\u0105. Jei tavo \u0161uo m\u0117gsta \u012fvairov\u0119, nuo \u0161io d\u017eiaugsmo pakelio jis tiesiog i\u0161prot\u0117s!<br \/>\n<strong>Sudedamosios dalys:<\/strong> 100 % jautiena<br \/>\n<strong>Naudojimo instrukcijos:<\/strong> Duokite kaip u\u017ekand\u012f tarp valgym\u0173 arba kaip atlyg\u012f kaip subalansuotos mitybos dal\u012f. Visada steb\u0117kite savo \u0161un\u012f valgymo metu ir pateikite \u0161vie\u017eio vandens. Neskirta \u017emoni\u0173 maistui.<br \/>\n<strong>Analitin\u0117 sud\u0117tis:<\/strong> Baltymai: 74,93 %, Riebalai: 9,27 %, Dr\u0117gm\u0117: 6,73 %<\/p>\n","protected":false},"featured_media":41247,"template":"","meta":[],"product_brand":[],"product_cat":[540,524],"product_tag":[],"class_list":{"0":"post-41133","1":"product","2":"type-product","3":"status-publish","4":"has-post-thumbnail","6":"product_cat-skanestai-sunims","7":"product_cat-kaup24-lt","9":"first","10":"instock","11":"taxable","12":"shipping-taxable","13":"purchasable","14":"product-type-simple"},"yoast_head":"<!-- This site is optimized with the Yoast SEO plugin v27.2 - https:\/\/yoast.com\/product\/yoast-seo-wordpress\/ -->\n<title>Frigera nat\u016brali\u0173 skan\u0117st\u0173 mi\u0161inys 250 g - MiuMjau<\/title>\n<meta name=\"robots\" content=\"index, follow, max-snippet:-1, max-image-preview:large, max-video-preview:-1\" \/>\n<link rel=\"canonical\" href=\"https:\/\/miumjau.ee\/lt\/produktas\/frigera-naturaliu-skanestu-misinys-250-g\/\" \/>\n<meta property=\"og:locale\" content=\"lt_LT\" \/>\n<meta property=\"og:type\" content=\"article\" \/>\n<meta property=\"og:title\" content=\"Frigera nat\u016brali\u0173 skan\u0117st\u0173 mi\u0161inys 250 g - MiuMjau\" \/>\n<meta property=\"og:description\" content=\"Pa\u017e\u012fsti t\u0105 jausm\u0105, kai stovi prie\u0161 daugyb\u0119 \u012fdomi\u0173 produkt\u0173 ir negali i\u0161sirinkti? Mes tave puikiai suprantame! B\u016btent tod\u0117l suk\u016br\u0117me \u0161\u012f tra\u0161k\u0173 mai\u0161el\u012f! Susipa\u017eink su m\u016bs\u0173 \u017evaig\u017ed\u0117mis: jautienos plau\u010diai, skrandis ir galvos oda! \u0160ie trys komponentai sudaro friGERA tra\u0161ki\u0173 skan\u0117st\u0173 mi\u0161in\u012f. Tai rei\u0161kia, kad tavo \u0161uo gal\u0117s m\u0117gautis mink\u0161tais, vidutinio kietumo ir kietais skan\u0117stais \u2013 puikus b\u016bdas \u012fne\u0161ti \u012fvairov\u0117s \u012f kasdien\u0119 mityb\u0105 ir i\u0161laikyti \u012fdomum\u0105. Be to, visi \u0161ie skan\u0117stai turi ma\u017eai riebal\u0173 ir daug baltym\u0173 \u2013 plau\u010diai ir skrandis gaus\u016bs verting\u0173 mineral\u0173 ir riebal\u0173 r\u016bg\u0161\u010di\u0173! Tuo pa\u010diu \u0161is mi\u0161inys stiprina dantis ir padeda palaikyti burnos higien\u0105. Jei tavo \u0161uo m\u0117gsta \u012fvairov\u0119, nuo \u0161io d\u017eiaugsmo pakelio jis tiesiog i\u0161prot\u0117s! Sudedamosios dalys: 100 % jautiena Naudojimo instrukcijos: Duokite kaip u\u017ekand\u012f tarp valgym\u0173 arba kaip atlyg\u012f kaip subalansuotos mitybos dal\u012f. Visada steb\u0117kite savo \u0161un\u012f valgymo metu ir pateikite \u0161vie\u017eio vandens. Neskirta \u017emoni\u0173 maistui. Analitin\u0117 sud\u0117tis: Baltymai: 74,93 %, Riebalai: 9,27 %, Dr\u0117gm\u0117: 6,73 %\" \/>\n<meta property=\"og:url\" content=\"https:\/\/miumjau.ee\/lt\/produktas\/frigera-naturaliu-skanestu-misinys-250-g\/\" \/>\n<meta property=\"og:site_name\" content=\"MiuMjau\" \/>\n<meta property=\"article:publisher\" content=\"https:\/\/www.facebook.com\/miumjaupood\/\" \/>\n<meta property=\"article:modified_time\" content=\"2026-01-07T18:53:55+00:00\" \/>\n<meta property=\"og:image\" content=\"https:\/\/miumjau.ee\/wp-content\/uploads\/2025\/05\/frigera-maiuste-mix-250g.jpg\" \/>\n\t<meta property=\"og:image:width\" content=\"600\" \/>\n\t<meta property=\"og:image:height\" content=\"800\" \/>\n\t<meta property=\"og:image:type\" content=\"image\/jpeg\" \/>\n<meta name=\"twitter:card\" content=\"summary_large_image\" \/>\n<script type=\"application\/ld+json\" class=\"yoast-schema-graph\">{\"@context\":\"https:\/\/schema.org\",\"@graph\":[{\"@type\":\"WebPage\",\"@id\":\"https:\/\/miumjau.ee\/lt\/produktas\/frigera-naturaliu-skanestu-misinys-250-g\/\",\"url\":\"https:\/\/miumjau.ee\/lt\/produktas\/frigera-naturaliu-skanestu-misinys-250-g\/\",\"name\":\"Frigera nat\u016brali\u0173 skan\u0117st\u0173 mi\u0161inys 250 g - MiuMjau\",\"isPartOf\":{\"@id\":\"https:\/\/miumjau.ee\/#website\"},\"primaryImageOfPage\":{\"@id\":\"https:\/\/miumjau.ee\/lt\/produktas\/frigera-naturaliu-skanestu-misinys-250-g\/#primaryimage\"},\"image\":{\"@id\":\"https:\/\/miumjau.ee\/lt\/produktas\/frigera-naturaliu-skanestu-misinys-250-g\/#primaryimage\"},\"thumbnailUrl\":\"https:\/\/miumjau.ee\/wp-content\/uploads\/2025\/05\/frigera-maiuste-mix-250g.jpg\",\"datePublished\":\"2025-05-29T12:26:12+00:00\",\"dateModified\":\"2026-01-07T18:53:55+00:00\",\"breadcrumb\":{\"@id\":\"https:\/\/miumjau.ee\/lt\/produktas\/frigera-naturaliu-skanestu-misinys-250-g\/#breadcrumb\"},\"inLanguage\":\"lt-LT\",\"potentialAction\":[{\"@type\":\"ReadAction\",\"target\":[\"https:\/\/miumjau.ee\/lt\/produktas\/frigera-naturaliu-skanestu-misinys-250-g\/\"]}]},{\"@type\":\"ImageObject\",\"inLanguage\":\"lt-LT\",\"@id\":\"https:\/\/miumjau.ee\/lt\/produktas\/frigera-naturaliu-skanestu-misinys-250-g\/#primaryimage\",\"url\":\"https:\/\/miumjau.ee\/wp-content\/uploads\/2025\/05\/frigera-maiuste-mix-250g.jpg\",\"contentUrl\":\"https:\/\/miumjau.ee\/wp-content\/uploads\/2025\/05\/frigera-maiuste-mix-250g.jpg\",\"width\":600,\"height\":800,\"caption\":\"Frigera naturaalsete maiustuste MIX 250g\"},{\"@type\":\"BreadcrumbList\",\"@id\":\"https:\/\/miumjau.ee\/lt\/produktas\/frigera-naturaliu-skanestu-misinys-250-g\/#breadcrumb\",\"itemListElement\":[{\"@type\":\"ListItem\",\"position\":1,\"name\":\"Home\",\"item\":\"https:\/\/miumjau.ee\/lt\/\"},{\"@type\":\"ListItem\",\"position\":2,\"name\":\"Parduotuv\u0117\",\"item\":\"https:\/\/miumjau.ee\/lt\/parduotuve\/\"},{\"@type\":\"ListItem\",\"position\":3,\"name\":\"Frigera nat\u016brali\u0173 skan\u0117st\u0173 mi\u0161inys 250 g\"}]},{\"@type\":\"WebSite\",\"@id\":\"https:\/\/miumjau.ee\/#website\",\"url\":\"https:\/\/miumjau.ee\/\",\"name\":\"MiuMjau\",\"description\":\"Kraapimispuud kassidele\",\"publisher\":{\"@id\":\"https:\/\/miumjau.ee\/#organization\"},\"potentialAction\":[{\"@type\":\"SearchAction\",\"target\":{\"@type\":\"EntryPoint\",\"urlTemplate\":\"https:\/\/miumjau.ee\/?s={search_term_string}\"},\"query-input\":{\"@type\":\"PropertyValueSpecification\",\"valueRequired\":true,\"valueName\":\"search_term_string\"}}],\"inLanguage\":\"lt-LT\"},{\"@type\":\"Organization\",\"@id\":\"https:\/\/miumjau.ee\/#organization\",\"name\":\"MiuMjau O\u00dc\",\"url\":\"https:\/\/miumjau.ee\/\",\"logo\":{\"@type\":\"ImageObject\",\"inLanguage\":\"lt-LT\",\"@id\":\"https:\/\/miumjau.ee\/#\/schema\/logo\/image\/\",\"url\":\"https:\/\/miumjau.ee\/wp-content\/uploads\/2022\/04\/MiuMjau-logo-kollane.png\",\"contentUrl\":\"https:\/\/miumjau.ee\/wp-content\/uploads\/2022\/04\/MiuMjau-logo-kollane.png\",\"width\":219,\"height\":100,\"caption\":\"MiuMjau O\u00dc\"},\"image\":{\"@id\":\"https:\/\/miumjau.ee\/#\/schema\/logo\/image\/\"},\"sameAs\":[\"https:\/\/www.facebook.com\/miumjaupood\/\"]}]}<\/script>\n<!-- \/ Yoast SEO plugin. -->","yoast_head_json":{"title":"Frigera nat\u016brali\u0173 skan\u0117st\u0173 mi\u0161inys 250 g - MiuMjau","robots":{"index":"index","follow":"follow","max-snippet":"max-snippet:-1","max-image-preview":"max-image-preview:large","max-video-preview":"max-video-preview:-1"},"canonical":"https:\/\/miumjau.ee\/lt\/produktas\/frigera-naturaliu-skanestu-misinys-250-g\/","og_locale":"lt_LT","og_type":"article","og_title":"Frigera nat\u016brali\u0173 skan\u0117st\u0173 mi\u0161inys 250 g - MiuMjau","og_description":"Pa\u017e\u012fsti t\u0105 jausm\u0105, kai stovi prie\u0161 daugyb\u0119 \u012fdomi\u0173 produkt\u0173 ir negali i\u0161sirinkti? Mes tave puikiai suprantame! B\u016btent tod\u0117l suk\u016br\u0117me \u0161\u012f tra\u0161k\u0173 mai\u0161el\u012f! Susipa\u017eink su m\u016bs\u0173 \u017evaig\u017ed\u0117mis: jautienos plau\u010diai, skrandis ir galvos oda! \u0160ie trys komponentai sudaro friGERA tra\u0161ki\u0173 skan\u0117st\u0173 mi\u0161in\u012f. Tai rei\u0161kia, kad tavo \u0161uo gal\u0117s m\u0117gautis mink\u0161tais, vidutinio kietumo ir kietais skan\u0117stais \u2013 puikus b\u016bdas \u012fne\u0161ti \u012fvairov\u0117s \u012f kasdien\u0119 mityb\u0105 ir i\u0161laikyti \u012fdomum\u0105. Be to, visi \u0161ie skan\u0117stai turi ma\u017eai riebal\u0173 ir daug baltym\u0173 \u2013 plau\u010diai ir skrandis gaus\u016bs verting\u0173 mineral\u0173 ir riebal\u0173 r\u016bg\u0161\u010di\u0173! Tuo pa\u010diu \u0161is mi\u0161inys stiprina dantis ir padeda palaikyti burnos higien\u0105. Jei tavo \u0161uo m\u0117gsta \u012fvairov\u0119, nuo \u0161io d\u017eiaugsmo pakelio jis tiesiog i\u0161prot\u0117s! Sudedamosios dalys: 100 % jautiena Naudojimo instrukcijos: Duokite kaip u\u017ekand\u012f tarp valgym\u0173 arba kaip atlyg\u012f kaip subalansuotos mitybos dal\u012f. Visada steb\u0117kite savo \u0161un\u012f valgymo metu ir pateikite \u0161vie\u017eio vandens. Neskirta \u017emoni\u0173 maistui. Analitin\u0117 sud\u0117tis: Baltymai: 74,93 %, Riebalai: 9,27 %, Dr\u0117gm\u0117: 6,73 %","og_url":"https:\/\/miumjau.ee\/lt\/produktas\/frigera-naturaliu-skanestu-misinys-250-g\/","og_site_name":"MiuMjau","article_publisher":"https:\/\/www.facebook.com\/miumjaupood\/","article_modified_time":"2026-01-07T18:53:55+00:00","og_image":[{"width":600,"height":800,"url":"https:\/\/miumjau.ee\/wp-content\/uploads\/2025\/05\/frigera-maiuste-mix-250g.jpg","type":"image\/jpeg"}],"twitter_card":"summary_large_image","schema":{"@context":"https:\/\/schema.org","@graph":[{"@type":"WebPage","@id":"https:\/\/miumjau.ee\/lt\/produktas\/frigera-naturaliu-skanestu-misinys-250-g\/","url":"https:\/\/miumjau.ee\/lt\/produktas\/frigera-naturaliu-skanestu-misinys-250-g\/","name":"Frigera nat\u016brali\u0173 skan\u0117st\u0173 mi\u0161inys 250 g - MiuMjau","isPartOf":{"@id":"https:\/\/miumjau.ee\/#website"},"primaryImageOfPage":{"@id":"https:\/\/miumjau.ee\/lt\/produktas\/frigera-naturaliu-skanestu-misinys-250-g\/#primaryimage"},"image":{"@id":"https:\/\/miumjau.ee\/lt\/produktas\/frigera-naturaliu-skanestu-misinys-250-g\/#primaryimage"},"thumbnailUrl":"https:\/\/miumjau.ee\/wp-content\/uploads\/2025\/05\/frigera-maiuste-mix-250g.jpg","datePublished":"2025-05-29T12:26:12+00:00","dateModified":"2026-01-07T18:53:55+00:00","breadcrumb":{"@id":"https:\/\/miumjau.ee\/lt\/produktas\/frigera-naturaliu-skanestu-misinys-250-g\/#breadcrumb"},"inLanguage":"lt-LT","potentialAction":[{"@type":"ReadAction","target":["https:\/\/miumjau.ee\/lt\/produktas\/frigera-naturaliu-skanestu-misinys-250-g\/"]}]},{"@type":"ImageObject","inLanguage":"lt-LT","@id":"https:\/\/miumjau.ee\/lt\/produktas\/frigera-naturaliu-skanestu-misinys-250-g\/#primaryimage","url":"https:\/\/miumjau.ee\/wp-content\/uploads\/2025\/05\/frigera-maiuste-mix-250g.jpg","contentUrl":"https:\/\/miumjau.ee\/wp-content\/uploads\/2025\/05\/frigera-maiuste-mix-250g.jpg","width":600,"height":800,"caption":"Frigera naturaalsete maiustuste MIX 250g"},{"@type":"BreadcrumbList","@id":"https:\/\/miumjau.ee\/lt\/produktas\/frigera-naturaliu-skanestu-misinys-250-g\/#breadcrumb","itemListElement":[{"@type":"ListItem","position":1,"name":"Home","item":"https:\/\/miumjau.ee\/lt\/"},{"@type":"ListItem","position":2,"name":"Parduotuv\u0117","item":"https:\/\/miumjau.ee\/lt\/parduotuve\/"},{"@type":"ListItem","position":3,"name":"Frigera nat\u016brali\u0173 skan\u0117st\u0173 mi\u0161inys 250 g"}]},{"@type":"WebSite","@id":"https:\/\/miumjau.ee\/#website","url":"https:\/\/miumjau.ee\/","name":"MiuMjau","description":"Kraapimispuud kassidele","publisher":{"@id":"https:\/\/miumjau.ee\/#organization"},"potentialAction":[{"@type":"SearchAction","target":{"@type":"EntryPoint","urlTemplate":"https:\/\/miumjau.ee\/?s={search_term_string}"},"query-input":{"@type":"PropertyValueSpecification","valueRequired":true,"valueName":"search_term_string"}}],"inLanguage":"lt-LT"},{"@type":"Organization","@id":"https:\/\/miumjau.ee\/#organization","name":"MiuMjau O\u00dc","url":"https:\/\/miumjau.ee\/","logo":{"@type":"ImageObject","inLanguage":"lt-LT","@id":"https:\/\/miumjau.ee\/#\/schema\/logo\/image\/","url":"https:\/\/miumjau.ee\/wp-content\/uploads\/2022\/04\/MiuMjau-logo-kollane.png","contentUrl":"https:\/\/miumjau.ee\/wp-content\/uploads\/2022\/04\/MiuMjau-logo-kollane.png","width":219,"height":100,"caption":"MiuMjau O\u00dc"},"image":{"@id":"https:\/\/miumjau.ee\/#\/schema\/logo\/image\/"},"sameAs":["https:\/\/www.facebook.com\/miumjaupood\/"]}]}},"_links":{"self":[{"href":"https:\/\/miumjau.ee\/lt\/wp-json\/wp\/v2\/product\/41133","targetHints":{"allow":["GET"]}}],"collection":[{"href":"https:\/\/miumjau.ee\/lt\/wp-json\/wp\/v2\/product"}],"about":[{"href":"https:\/\/miumjau.ee\/lt\/wp-json\/wp\/v2\/types\/product"}],"wp:featuredmedia":[{"embeddable":true,"href":"https:\/\/miumjau.ee\/lt\/wp-json\/wp\/v2\/media\/41247"}],"wp:attachment":[{"href":"https:\/\/miumjau.ee\/lt\/wp-json\/wp\/v2\/media?parent=41133"}],"wp:term":[{"taxonomy":"product_brand","embeddable":true,"href":"https:\/\/miumjau.ee\/lt\/wp-json\/wp\/v2\/product_brand?post=41133"},{"taxonomy":"product_cat","embeddable":true,"href":"https:\/\/miumjau.ee\/lt\/wp-json\/wp\/v2\/product_cat?post=41133"},{"taxonomy":"product_tag","embeddable":true,"href":"https:\/\/miumjau.ee\/lt\/wp-json\/wp\/v2\/product_tag?post=41133"}],"curies":[{"name":"wp","href":"https:\/\/api.w.org\/{rel}","templated":true}]}}