{"id":41132,"date":"2025-05-29T15:03:18","date_gmt":"2025-05-29T12:03:18","guid":{"rendered":"https:\/\/miumjau.ee\/toode\/skanestas-suniui-pusti-jako-surio-kubeliai-frigera-70-g\/"},"modified":"2026-01-07T20:53:55","modified_gmt":"2026-01-07T18:53:55","slug":"skanestas-suniui-pusti-jako-surio-kubeliai-frigera-70-g","status":"publish","type":"product","link":"https:\/\/miumjau.ee\/lt\/produktas\/skanestas-suniui-pusti-jako-surio-kubeliai-frigera-70-g\/","title":{"rendered":"Skan\u0117stas \u0161uniui \u2013 p\u016bsti jako s\u016brio kubeliai Frigera 70 g"},"content":{"rendered":"","protected":false},"excerpt":{"rendered":"<p>Nori savo mylimam keturkojui pasi\u016blyti ka\u017ek\u0105 i\u0161 ties\u0173 ypatingo ir nat\u016bralaus \u2013 tiesiai i\u0161 kito pasaulio kra\u0161to? <strong>friGERA i\u0161p\u016bstas jak\u0173 s\u016bris<\/strong> yra b\u016btent tai, ko ie\u0161kai!<br \/>\n\u0160is rank\u0173 darbo skan\u0117stas kil\u0119s i\u0161 Himalaj\u0173 regiono, kur vietiniai \u016bkininkai i\u0161r\u016bgas spaud\u017eia i\u0161 pasuk\u0173, o gaut\u0105 s\u016br\u012f l\u0117tai d\u017eiovina \u017eemoje temperat\u016broje. V\u0117liau s\u016brio lazdel\u0117s pa\u0161ildomos iki tra\u0161kumo, pana\u0161iai kaip sprag\u0117siai, suteikdamos \u0161uniui ypatingai gard\u0173 ir tra\u0161k\u0173 potyr\u012f.<br \/>\n<strong>Kod\u0117l verta rinktis friGERA jak\u0173 s\u016br\u012f?<\/strong><\/p>\n<ul>\n<li>  <strong>100 % nat\u016bralus ir rank\u0173 darbo<\/strong><\/li>\n<li>  <strong>Beveik be laktoz\u0117s ir hipoalerginis<\/strong><\/li>\n<li>  <strong>Labai daug baltym\u0173 (73,6 %), turi kalcio, magnio ir antioksidant\u0173<\/strong><\/li>\n<li>  <strong>Sud\u0117tyje yra omega-3 riebal\u0173 r\u016bg\u0161\u010di\u0173 \u2013 palaiko odos ir kailio sveikat\u0105<\/strong><\/li>\n<li>  <strong>Nat\u016bralus probiotikas \u2013 gerina vir\u0161kinim\u0105<\/strong><\/li>\n<li>\u274c <strong>Be dirbtini\u0173 kvap\u0173, spalv\u0173 ir skoni\u0173<\/strong><\/li>\n<li>  <strong>Ma\u017eai riebal\u0173 (9,9 %) ir be transriebal\u0173<\/strong><\/li>\n<\/ul>\n<p><strong>Sudedamosios dalys: <\/strong>100 % s\u016bris<br \/>\n<strong>\u0160\u0117rimo rekomendacijos: <\/strong>Duokite kaip u\u017ekand\u012f tarp valgym\u0173 arba kaip atlyg\u012f kaip subalansuotos mitybos dal\u012f. Visada steb\u0117kite savo \u0161un\u012f valgymo metu ir visada pateikite \u0161vie\u017eio vandens. Neskirta \u017emoni\u0173 maistui.<br \/>\n<strong>Analitin\u0117 sud\u0117tis: <\/strong>Baltymai: 73,6 %, Riebalai: 9,9 %, Dr\u0117gm\u0117: 7,3 %<\/p>\n","protected":false},"featured_media":41246,"template":"","meta":[],"product_brand":[],"product_cat":[524,540],"product_tag":[],"class_list":{"0":"post-41132","1":"product","2":"type-product","3":"status-publish","4":"has-post-thumbnail","6":"product_cat-kaup24-lt","7":"product_cat-skanestai-sunims","9":"first","10":"instock","11":"sale","12":"taxable","13":"shipping-taxable","14":"purchasable","15":"product-type-simple"},"yoast_head":"<!-- This site is optimized with the Yoast SEO plugin v27.4 - https:\/\/yoast.com\/product\/yoast-seo-wordpress\/ -->\n<title>Skan\u0117stas \u0161uniui \u2013 p\u016bsti jako s\u016brio kubeliai Frigera 70 g - MiuMjau<\/title>\n<meta name=\"robots\" content=\"index, follow, max-snippet:-1, max-image-preview:large, max-video-preview:-1\" \/>\n<link rel=\"canonical\" href=\"https:\/\/miumjau.ee\/lt\/produktas\/skanestas-suniui-pusti-jako-surio-kubeliai-frigera-70-g\/\" \/>\n<meta property=\"og:locale\" content=\"lt_LT\" \/>\n<meta property=\"og:type\" content=\"article\" \/>\n<meta property=\"og:title\" content=\"Skan\u0117stas \u0161uniui \u2013 p\u016bsti jako s\u016brio kubeliai Frigera 70 g - MiuMjau\" \/>\n<meta property=\"og:description\" content=\"Nori savo mylimam keturkojui pasi\u016blyti ka\u017ek\u0105 i\u0161 ties\u0173 ypatingo ir nat\u016bralaus \u2013 tiesiai i\u0161 kito pasaulio kra\u0161to? friGERA i\u0161p\u016bstas jak\u0173 s\u016bris yra b\u016btent tai, ko ie\u0161kai! \u0160is rank\u0173 darbo skan\u0117stas kil\u0119s i\u0161 Himalaj\u0173 regiono, kur vietiniai \u016bkininkai i\u0161r\u016bgas spaud\u017eia i\u0161 pasuk\u0173, o gaut\u0105 s\u016br\u012f l\u0117tai d\u017eiovina \u017eemoje temperat\u016broje. V\u0117liau s\u016brio lazdel\u0117s pa\u0161ildomos iki tra\u0161kumo, pana\u0161iai kaip sprag\u0117siai, suteikdamos \u0161uniui ypatingai gard\u0173 ir tra\u0161k\u0173 potyr\u012f. Kod\u0117l verta rinktis friGERA jak\u0173 s\u016br\u012f?  100 % nat\u016bralus ir rank\u0173 darbo  Beveik be laktoz\u0117s ir hipoalerginis  Labai daug baltym\u0173 (73,6 %), turi kalcio, magnio ir antioksidant\u0173  Sud\u0117tyje yra omega-3 riebal\u0173 r\u016bg\u0161\u010di\u0173 \u2013 palaiko odos ir kailio sveikat\u0105  Nat\u016bralus probiotikas \u2013 gerina vir\u0161kinim\u0105 \u274c Be dirbtini\u0173 kvap\u0173, spalv\u0173 ir skoni\u0173  Ma\u017eai riebal\u0173 (9,9 %) ir be transriebal\u0173 Sudedamosios dalys: 100 % s\u016bris \u0160\u0117rimo rekomendacijos: Duokite kaip u\u017ekand\u012f tarp valgym\u0173 arba kaip atlyg\u012f kaip subalansuotos mitybos dal\u012f. Visada steb\u0117kite savo \u0161un\u012f valgymo metu ir visada pateikite \u0161vie\u017eio vandens. Neskirta \u017emoni\u0173 maistui. Analitin\u0117 sud\u0117tis: Baltymai: 73,6 %, Riebalai: 9,9 %, Dr\u0117gm\u0117: 7,3 %\" \/>\n<meta property=\"og:url\" content=\"https:\/\/miumjau.ee\/lt\/produktas\/skanestas-suniui-pusti-jako-surio-kubeliai-frigera-70-g\/\" \/>\n<meta property=\"og:site_name\" content=\"MiuMjau\" \/>\n<meta property=\"article:publisher\" content=\"https:\/\/www.facebook.com\/miumjaupood\/\" \/>\n<meta property=\"article:modified_time\" content=\"2026-01-07T18:53:55+00:00\" \/>\n<meta property=\"og:image\" content=\"https:\/\/miumjau.ee\/wp-content\/uploads\/2025\/05\/frigera-koerte-maius-puffitud-jakijuustu-kuubikud-70-g-1-Photoroom.jpg\" \/>\n\t<meta property=\"og:image:width\" content=\"600\" \/>\n\t<meta property=\"og:image:height\" content=\"800\" \/>\n\t<meta property=\"og:image:type\" content=\"image\/jpeg\" \/>\n<meta name=\"twitter:card\" content=\"summary_large_image\" \/>\n<script type=\"application\/ld+json\" class=\"yoast-schema-graph\">{\"@context\":\"https:\\\/\\\/schema.org\",\"@graph\":[{\"@type\":\"WebPage\",\"@id\":\"https:\\\/\\\/miumjau.ee\\\/lt\\\/produktas\\\/skanestas-suniui-pusti-jako-surio-kubeliai-frigera-70-g\\\/\",\"url\":\"https:\\\/\\\/miumjau.ee\\\/lt\\\/produktas\\\/skanestas-suniui-pusti-jako-surio-kubeliai-frigera-70-g\\\/\",\"name\":\"Skan\u0117stas \u0161uniui \u2013 p\u016bsti jako s\u016brio kubeliai Frigera 70 g - MiuMjau\",\"isPartOf\":{\"@id\":\"https:\\\/\\\/miumjau.ee\\\/#website\"},\"primaryImageOfPage\":{\"@id\":\"https:\\\/\\\/miumjau.ee\\\/lt\\\/produktas\\\/skanestas-suniui-pusti-jako-surio-kubeliai-frigera-70-g\\\/#primaryimage\"},\"image\":{\"@id\":\"https:\\\/\\\/miumjau.ee\\\/lt\\\/produktas\\\/skanestas-suniui-pusti-jako-surio-kubeliai-frigera-70-g\\\/#primaryimage\"},\"thumbnailUrl\":\"https:\\\/\\\/miumjau.ee\\\/wp-content\\\/uploads\\\/2025\\\/05\\\/frigera-koerte-maius-puffitud-jakijuustu-kuubikud-70-g-1-Photoroom.jpg\",\"datePublished\":\"2025-05-29T12:03:18+00:00\",\"dateModified\":\"2026-01-07T18:53:55+00:00\",\"breadcrumb\":{\"@id\":\"https:\\\/\\\/miumjau.ee\\\/lt\\\/produktas\\\/skanestas-suniui-pusti-jako-surio-kubeliai-frigera-70-g\\\/#breadcrumb\"},\"inLanguage\":\"lt-LT\",\"potentialAction\":[{\"@type\":\"ReadAction\",\"target\":[\"https:\\\/\\\/miumjau.ee\\\/lt\\\/produktas\\\/skanestas-suniui-pusti-jako-surio-kubeliai-frigera-70-g\\\/\"]}]},{\"@type\":\"ImageObject\",\"inLanguage\":\"lt-LT\",\"@id\":\"https:\\\/\\\/miumjau.ee\\\/lt\\\/produktas\\\/skanestas-suniui-pusti-jako-surio-kubeliai-frigera-70-g\\\/#primaryimage\",\"url\":\"https:\\\/\\\/miumjau.ee\\\/wp-content\\\/uploads\\\/2025\\\/05\\\/frigera-koerte-maius-puffitud-jakijuustu-kuubikud-70-g-1-Photoroom.jpg\",\"contentUrl\":\"https:\\\/\\\/miumjau.ee\\\/wp-content\\\/uploads\\\/2025\\\/05\\\/frigera-koerte-maius-puffitud-jakijuustu-kuubikud-70-g-1-Photoroom.jpg\",\"width\":600,\"height\":800,\"caption\":\"Puffitud jaki juustu maiused koertele, Frigera\"},{\"@type\":\"BreadcrumbList\",\"@id\":\"https:\\\/\\\/miumjau.ee\\\/lt\\\/produktas\\\/skanestas-suniui-pusti-jako-surio-kubeliai-frigera-70-g\\\/#breadcrumb\",\"itemListElement\":[{\"@type\":\"ListItem\",\"position\":1,\"name\":\"Home\",\"item\":\"https:\\\/\\\/miumjau.ee\\\/lt\\\/\"},{\"@type\":\"ListItem\",\"position\":2,\"name\":\"Parduotuv\u0117\",\"item\":\"https:\\\/\\\/miumjau.ee\\\/lt\\\/parduotuve\\\/\"},{\"@type\":\"ListItem\",\"position\":3,\"name\":\"Skan\u0117stas \u0161uniui \u2013 p\u016bsti jako s\u016brio kubeliai Frigera 70 g\"}]},{\"@type\":\"WebSite\",\"@id\":\"https:\\\/\\\/miumjau.ee\\\/#website\",\"url\":\"https:\\\/\\\/miumjau.ee\\\/\",\"name\":\"MiuMjau\",\"description\":\"Kraapimispuud kassidele\",\"publisher\":{\"@id\":\"https:\\\/\\\/miumjau.ee\\\/#organization\"},\"potentialAction\":[{\"@type\":\"SearchAction\",\"target\":{\"@type\":\"EntryPoint\",\"urlTemplate\":\"https:\\\/\\\/miumjau.ee\\\/?s={search_term_string}\"},\"query-input\":{\"@type\":\"PropertyValueSpecification\",\"valueRequired\":true,\"valueName\":\"search_term_string\"}}],\"inLanguage\":\"lt-LT\"},{\"@type\":\"Organization\",\"@id\":\"https:\\\/\\\/miumjau.ee\\\/#organization\",\"name\":\"MiuMjau O\u00dc\",\"url\":\"https:\\\/\\\/miumjau.ee\\\/\",\"logo\":{\"@type\":\"ImageObject\",\"inLanguage\":\"lt-LT\",\"@id\":\"https:\\\/\\\/miumjau.ee\\\/#\\\/schema\\\/logo\\\/image\\\/\",\"url\":\"https:\\\/\\\/miumjau.ee\\\/wp-content\\\/uploads\\\/2022\\\/04\\\/MiuMjau-logo-kollane.png\",\"contentUrl\":\"https:\\\/\\\/miumjau.ee\\\/wp-content\\\/uploads\\\/2022\\\/04\\\/MiuMjau-logo-kollane.png\",\"width\":219,\"height\":100,\"caption\":\"MiuMjau O\u00dc\"},\"image\":{\"@id\":\"https:\\\/\\\/miumjau.ee\\\/#\\\/schema\\\/logo\\\/image\\\/\"},\"sameAs\":[\"https:\\\/\\\/www.facebook.com\\\/miumjaupood\\\/\"]}]}<\/script>\n<!-- \/ Yoast SEO plugin. -->","yoast_head_json":{"title":"Skan\u0117stas \u0161uniui \u2013 p\u016bsti jako s\u016brio kubeliai Frigera 70 g - MiuMjau","robots":{"index":"index","follow":"follow","max-snippet":"max-snippet:-1","max-image-preview":"max-image-preview:large","max-video-preview":"max-video-preview:-1"},"canonical":"https:\/\/miumjau.ee\/lt\/produktas\/skanestas-suniui-pusti-jako-surio-kubeliai-frigera-70-g\/","og_locale":"lt_LT","og_type":"article","og_title":"Skan\u0117stas \u0161uniui \u2013 p\u016bsti jako s\u016brio kubeliai Frigera 70 g - MiuMjau","og_description":"Nori savo mylimam keturkojui pasi\u016blyti ka\u017ek\u0105 i\u0161 ties\u0173 ypatingo ir nat\u016bralaus \u2013 tiesiai i\u0161 kito pasaulio kra\u0161to? friGERA i\u0161p\u016bstas jak\u0173 s\u016bris yra b\u016btent tai, ko ie\u0161kai! \u0160is rank\u0173 darbo skan\u0117stas kil\u0119s i\u0161 Himalaj\u0173 regiono, kur vietiniai \u016bkininkai i\u0161r\u016bgas spaud\u017eia i\u0161 pasuk\u0173, o gaut\u0105 s\u016br\u012f l\u0117tai d\u017eiovina \u017eemoje temperat\u016broje. V\u0117liau s\u016brio lazdel\u0117s pa\u0161ildomos iki tra\u0161kumo, pana\u0161iai kaip sprag\u0117siai, suteikdamos \u0161uniui ypatingai gard\u0173 ir tra\u0161k\u0173 potyr\u012f. Kod\u0117l verta rinktis friGERA jak\u0173 s\u016br\u012f?  100 % nat\u016bralus ir rank\u0173 darbo  Beveik be laktoz\u0117s ir hipoalerginis  Labai daug baltym\u0173 (73,6 %), turi kalcio, magnio ir antioksidant\u0173  Sud\u0117tyje yra omega-3 riebal\u0173 r\u016bg\u0161\u010di\u0173 \u2013 palaiko odos ir kailio sveikat\u0105  Nat\u016bralus probiotikas \u2013 gerina vir\u0161kinim\u0105 \u274c Be dirbtini\u0173 kvap\u0173, spalv\u0173 ir skoni\u0173  Ma\u017eai riebal\u0173 (9,9 %) ir be transriebal\u0173 Sudedamosios dalys: 100 % s\u016bris \u0160\u0117rimo rekomendacijos: Duokite kaip u\u017ekand\u012f tarp valgym\u0173 arba kaip atlyg\u012f kaip subalansuotos mitybos dal\u012f. Visada steb\u0117kite savo \u0161un\u012f valgymo metu ir visada pateikite \u0161vie\u017eio vandens. Neskirta \u017emoni\u0173 maistui. Analitin\u0117 sud\u0117tis: Baltymai: 73,6 %, Riebalai: 9,9 %, Dr\u0117gm\u0117: 7,3 %","og_url":"https:\/\/miumjau.ee\/lt\/produktas\/skanestas-suniui-pusti-jako-surio-kubeliai-frigera-70-g\/","og_site_name":"MiuMjau","article_publisher":"https:\/\/www.facebook.com\/miumjaupood\/","article_modified_time":"2026-01-07T18:53:55+00:00","og_image":[{"width":600,"height":800,"url":"https:\/\/miumjau.ee\/wp-content\/uploads\/2025\/05\/frigera-koerte-maius-puffitud-jakijuustu-kuubikud-70-g-1-Photoroom.jpg","type":"image\/jpeg"}],"twitter_card":"summary_large_image","schema":{"@context":"https:\/\/schema.org","@graph":[{"@type":"WebPage","@id":"https:\/\/miumjau.ee\/lt\/produktas\/skanestas-suniui-pusti-jako-surio-kubeliai-frigera-70-g\/","url":"https:\/\/miumjau.ee\/lt\/produktas\/skanestas-suniui-pusti-jako-surio-kubeliai-frigera-70-g\/","name":"Skan\u0117stas \u0161uniui \u2013 p\u016bsti jako s\u016brio kubeliai Frigera 70 g - MiuMjau","isPartOf":{"@id":"https:\/\/miumjau.ee\/#website"},"primaryImageOfPage":{"@id":"https:\/\/miumjau.ee\/lt\/produktas\/skanestas-suniui-pusti-jako-surio-kubeliai-frigera-70-g\/#primaryimage"},"image":{"@id":"https:\/\/miumjau.ee\/lt\/produktas\/skanestas-suniui-pusti-jako-surio-kubeliai-frigera-70-g\/#primaryimage"},"thumbnailUrl":"https:\/\/miumjau.ee\/wp-content\/uploads\/2025\/05\/frigera-koerte-maius-puffitud-jakijuustu-kuubikud-70-g-1-Photoroom.jpg","datePublished":"2025-05-29T12:03:18+00:00","dateModified":"2026-01-07T18:53:55+00:00","breadcrumb":{"@id":"https:\/\/miumjau.ee\/lt\/produktas\/skanestas-suniui-pusti-jako-surio-kubeliai-frigera-70-g\/#breadcrumb"},"inLanguage":"lt-LT","potentialAction":[{"@type":"ReadAction","target":["https:\/\/miumjau.ee\/lt\/produktas\/skanestas-suniui-pusti-jako-surio-kubeliai-frigera-70-g\/"]}]},{"@type":"ImageObject","inLanguage":"lt-LT","@id":"https:\/\/miumjau.ee\/lt\/produktas\/skanestas-suniui-pusti-jako-surio-kubeliai-frigera-70-g\/#primaryimage","url":"https:\/\/miumjau.ee\/wp-content\/uploads\/2025\/05\/frigera-koerte-maius-puffitud-jakijuustu-kuubikud-70-g-1-Photoroom.jpg","contentUrl":"https:\/\/miumjau.ee\/wp-content\/uploads\/2025\/05\/frigera-koerte-maius-puffitud-jakijuustu-kuubikud-70-g-1-Photoroom.jpg","width":600,"height":800,"caption":"Puffitud jaki juustu maiused koertele, Frigera"},{"@type":"BreadcrumbList","@id":"https:\/\/miumjau.ee\/lt\/produktas\/skanestas-suniui-pusti-jako-surio-kubeliai-frigera-70-g\/#breadcrumb","itemListElement":[{"@type":"ListItem","position":1,"name":"Home","item":"https:\/\/miumjau.ee\/lt\/"},{"@type":"ListItem","position":2,"name":"Parduotuv\u0117","item":"https:\/\/miumjau.ee\/lt\/parduotuve\/"},{"@type":"ListItem","position":3,"name":"Skan\u0117stas \u0161uniui \u2013 p\u016bsti jako s\u016brio kubeliai Frigera 70 g"}]},{"@type":"WebSite","@id":"https:\/\/miumjau.ee\/#website","url":"https:\/\/miumjau.ee\/","name":"MiuMjau","description":"Kraapimispuud kassidele","publisher":{"@id":"https:\/\/miumjau.ee\/#organization"},"potentialAction":[{"@type":"SearchAction","target":{"@type":"EntryPoint","urlTemplate":"https:\/\/miumjau.ee\/?s={search_term_string}"},"query-input":{"@type":"PropertyValueSpecification","valueRequired":true,"valueName":"search_term_string"}}],"inLanguage":"lt-LT"},{"@type":"Organization","@id":"https:\/\/miumjau.ee\/#organization","name":"MiuMjau O\u00dc","url":"https:\/\/miumjau.ee\/","logo":{"@type":"ImageObject","inLanguage":"lt-LT","@id":"https:\/\/miumjau.ee\/#\/schema\/logo\/image\/","url":"https:\/\/miumjau.ee\/wp-content\/uploads\/2022\/04\/MiuMjau-logo-kollane.png","contentUrl":"https:\/\/miumjau.ee\/wp-content\/uploads\/2022\/04\/MiuMjau-logo-kollane.png","width":219,"height":100,"caption":"MiuMjau O\u00dc"},"image":{"@id":"https:\/\/miumjau.ee\/#\/schema\/logo\/image\/"},"sameAs":["https:\/\/www.facebook.com\/miumjaupood\/"]}]}},"_links":{"self":[{"href":"https:\/\/miumjau.ee\/lt\/wp-json\/wp\/v2\/product\/41132","targetHints":{"allow":["GET"]}}],"collection":[{"href":"https:\/\/miumjau.ee\/lt\/wp-json\/wp\/v2\/product"}],"about":[{"href":"https:\/\/miumjau.ee\/lt\/wp-json\/wp\/v2\/types\/product"}],"wp:featuredmedia":[{"embeddable":true,"href":"https:\/\/miumjau.ee\/lt\/wp-json\/wp\/v2\/media\/41246"}],"wp:attachment":[{"href":"https:\/\/miumjau.ee\/lt\/wp-json\/wp\/v2\/media?parent=41132"}],"wp:term":[{"taxonomy":"product_brand","embeddable":true,"href":"https:\/\/miumjau.ee\/lt\/wp-json\/wp\/v2\/product_brand?post=41132"},{"taxonomy":"product_cat","embeddable":true,"href":"https:\/\/miumjau.ee\/lt\/wp-json\/wp\/v2\/product_cat?post=41132"},{"taxonomy":"product_tag","embeddable":true,"href":"https:\/\/miumjau.ee\/lt\/wp-json\/wp\/v2\/product_tag?post=41132"}],"curies":[{"name":"wp","href":"https:\/\/api.w.org\/{rel}","templated":true}]}}