{"id":41131,"date":"2025-05-29T12:22:08","date_gmt":"2025-05-29T09:22:08","guid":{"rendered":"https:\/\/miumjau.ee\/toode\/suns-skanestas-frigera-100-avienos-kubeliai-250-g\/"},"modified":"2026-01-07T20:53:55","modified_gmt":"2026-01-07T18:53:55","slug":"suns-skanestas-frigera-100-avienos-kubeliai-250-g","status":"publish","type":"product","link":"https:\/\/miumjau.ee\/lt\/produktas\/suns-skanestas-frigera-100-avienos-kubeliai-250-g\/","title":{"rendered":"\u0160uns skan\u0117stas Frigera 100 % avienos kubeliai 250 g"},"content":{"rendered":"","protected":false},"excerpt":{"rendered":"<p>Ar tavo kailiuotas draugas \u0161okin\u0117ja i\u0161 d\u017eiaugsmo vos pamat\u0119s m\u0117s\u0105? friGERA \u0117rienos kubeliai \u2013 tobulas b\u016bdas numal\u0161inti jo apetit\u0105 tarp valgym\u0173! \u0160ie skan\u016bs, be glitimo ir be gr\u016bd\u0173 pagaminti kubeliai sudaryti i\u0161 100 % \u0117rienos m\u0117sos ir turi daug kokybi\u0161k\u0173 baltym\u0173 bei energijos, kad tavo \u0161uo visada b\u016bt\u0173 pasiruo\u0161\u0119s naujiems nuotykiams.<br \/>\nTiksliai porcijomis suskirstyti gabal\u0117liai lengvai vir\u0161kinami ir ypa\u010d tinka ma\u017eiems, jauniems ar antsvorio turintiems \u0161unims. Jokio dirbtinio skonio, da\u017eikli\u0173 ar konservant\u0173 \u2013 tik grynas ir sveikas skan\u0117stas, kur\u012f tavo augintinis dievins!<br \/>\n<strong>Sudedamosios dalys:<\/strong> 100 % \u0117riena<br \/>\n<strong>\u0160\u0117rimo rekomendacijos: <\/strong>Duokite kaip u\u017ekand\u012f ar atlyg\u012f tarp valgym\u0173 kaip subalansuotos mitybos dal\u012f. Visada steb\u0117kite, kad \u0161uo b\u016bt\u0173 pri\u017ei\u016brimas ir tur\u0117t\u0173 \u0161vie\u017eio vandens. Neskirta \u017emoni\u0173 maistui.<br \/>\n<strong>Analitin\u0117 sud\u0117tis: <\/strong>Baltymai: 41,75 %, Riebalai: 30,7 %, Dr\u0117gm\u0117: 11,1 %<\/p>\n","protected":false},"featured_media":41244,"template":"","meta":[],"product_brand":[],"product_cat":[524,540],"product_tag":[],"class_list":{"0":"post-41131","1":"product","2":"type-product","3":"status-publish","4":"has-post-thumbnail","6":"product_cat-kaup24-lt","7":"product_cat-skanestai-sunims","9":"first","10":"instock","11":"sale","12":"taxable","13":"shipping-taxable","14":"purchasable","15":"product-type-simple"},"yoast_head":"<!-- This site is optimized with the Yoast SEO plugin v27.4 - https:\/\/yoast.com\/product\/yoast-seo-wordpress\/ -->\n<title>\u0160uns skan\u0117stas Frigera 100 % avienos kubeliai 250 g - MiuMjau<\/title>\n<meta name=\"robots\" content=\"index, follow, max-snippet:-1, max-image-preview:large, max-video-preview:-1\" \/>\n<link rel=\"canonical\" href=\"https:\/\/miumjau.ee\/lt\/produktas\/suns-skanestas-frigera-100-avienos-kubeliai-250-g\/\" \/>\n<meta property=\"og:locale\" content=\"lt_LT\" \/>\n<meta property=\"og:type\" content=\"article\" \/>\n<meta property=\"og:title\" content=\"\u0160uns skan\u0117stas Frigera 100 % avienos kubeliai 250 g - MiuMjau\" \/>\n<meta property=\"og:description\" content=\"Ar tavo kailiuotas draugas \u0161okin\u0117ja i\u0161 d\u017eiaugsmo vos pamat\u0119s m\u0117s\u0105? friGERA \u0117rienos kubeliai \u2013 tobulas b\u016bdas numal\u0161inti jo apetit\u0105 tarp valgym\u0173! \u0160ie skan\u016bs, be glitimo ir be gr\u016bd\u0173 pagaminti kubeliai sudaryti i\u0161 100 % \u0117rienos m\u0117sos ir turi daug kokybi\u0161k\u0173 baltym\u0173 bei energijos, kad tavo \u0161uo visada b\u016bt\u0173 pasiruo\u0161\u0119s naujiems nuotykiams. Tiksliai porcijomis suskirstyti gabal\u0117liai lengvai vir\u0161kinami ir ypa\u010d tinka ma\u017eiems, jauniems ar antsvorio turintiems \u0161unims. Jokio dirbtinio skonio, da\u017eikli\u0173 ar konservant\u0173 \u2013 tik grynas ir sveikas skan\u0117stas, kur\u012f tavo augintinis dievins! Sudedamosios dalys: 100 % \u0117riena \u0160\u0117rimo rekomendacijos: Duokite kaip u\u017ekand\u012f ar atlyg\u012f tarp valgym\u0173 kaip subalansuotos mitybos dal\u012f. Visada steb\u0117kite, kad \u0161uo b\u016bt\u0173 pri\u017ei\u016brimas ir tur\u0117t\u0173 \u0161vie\u017eio vandens. Neskirta \u017emoni\u0173 maistui. Analitin\u0117 sud\u0117tis: Baltymai: 41,75 %, Riebalai: 30,7 %, Dr\u0117gm\u0117: 11,1 %\" \/>\n<meta property=\"og:url\" content=\"https:\/\/miumjau.ee\/lt\/produktas\/suns-skanestas-frigera-100-avienos-kubeliai-250-g\/\" \/>\n<meta property=\"og:site_name\" content=\"MiuMjau\" \/>\n<meta property=\"article:publisher\" content=\"https:\/\/www.facebook.com\/miumjaupood\/\" \/>\n<meta property=\"article:modified_time\" content=\"2026-01-07T18:53:55+00:00\" \/>\n<meta property=\"og:image\" content=\"https:\/\/miumjau.ee\/wp-content\/uploads\/2025\/05\/frigera-koerte-maius-lambaliha-kuubikud-250g-classic-Photoroom.jpg\" \/>\n\t<meta property=\"og:image:width\" content=\"600\" \/>\n\t<meta property=\"og:image:height\" content=\"800\" \/>\n\t<meta property=\"og:image:type\" content=\"image\/jpeg\" \/>\n<meta name=\"twitter:card\" content=\"summary_large_image\" \/>\n<script type=\"application\/ld+json\" class=\"yoast-schema-graph\">{\"@context\":\"https:\\\/\\\/schema.org\",\"@graph\":[{\"@type\":\"WebPage\",\"@id\":\"https:\\\/\\\/miumjau.ee\\\/lt\\\/produktas\\\/suns-skanestas-frigera-100-avienos-kubeliai-250-g\\\/\",\"url\":\"https:\\\/\\\/miumjau.ee\\\/lt\\\/produktas\\\/suns-skanestas-frigera-100-avienos-kubeliai-250-g\\\/\",\"name\":\"\u0160uns skan\u0117stas Frigera 100 % avienos kubeliai 250 g - MiuMjau\",\"isPartOf\":{\"@id\":\"https:\\\/\\\/miumjau.ee\\\/#website\"},\"primaryImageOfPage\":{\"@id\":\"https:\\\/\\\/miumjau.ee\\\/lt\\\/produktas\\\/suns-skanestas-frigera-100-avienos-kubeliai-250-g\\\/#primaryimage\"},\"image\":{\"@id\":\"https:\\\/\\\/miumjau.ee\\\/lt\\\/produktas\\\/suns-skanestas-frigera-100-avienos-kubeliai-250-g\\\/#primaryimage\"},\"thumbnailUrl\":\"https:\\\/\\\/miumjau.ee\\\/wp-content\\\/uploads\\\/2025\\\/05\\\/frigera-koerte-maius-lambaliha-kuubikud-250g-classic-Photoroom.jpg\",\"datePublished\":\"2025-05-29T09:22:08+00:00\",\"dateModified\":\"2026-01-07T18:53:55+00:00\",\"breadcrumb\":{\"@id\":\"https:\\\/\\\/miumjau.ee\\\/lt\\\/produktas\\\/suns-skanestas-frigera-100-avienos-kubeliai-250-g\\\/#breadcrumb\"},\"inLanguage\":\"lt-LT\",\"potentialAction\":[{\"@type\":\"ReadAction\",\"target\":[\"https:\\\/\\\/miumjau.ee\\\/lt\\\/produktas\\\/suns-skanestas-frigera-100-avienos-kubeliai-250-g\\\/\"]}]},{\"@type\":\"ImageObject\",\"inLanguage\":\"lt-LT\",\"@id\":\"https:\\\/\\\/miumjau.ee\\\/lt\\\/produktas\\\/suns-skanestas-frigera-100-avienos-kubeliai-250-g\\\/#primaryimage\",\"url\":\"https:\\\/\\\/miumjau.ee\\\/wp-content\\\/uploads\\\/2025\\\/05\\\/frigera-koerte-maius-lambaliha-kuubikud-250g-classic-Photoroom.jpg\",\"contentUrl\":\"https:\\\/\\\/miumjau.ee\\\/wp-content\\\/uploads\\\/2025\\\/05\\\/frigera-koerte-maius-lambaliha-kuubikud-250g-classic-Photoroom.jpg\",\"width\":600,\"height\":800,\"caption\":\"Koeramaius Frigera 100% lambakuubikud 250g\"},{\"@type\":\"BreadcrumbList\",\"@id\":\"https:\\\/\\\/miumjau.ee\\\/lt\\\/produktas\\\/suns-skanestas-frigera-100-avienos-kubeliai-250-g\\\/#breadcrumb\",\"itemListElement\":[{\"@type\":\"ListItem\",\"position\":1,\"name\":\"Home\",\"item\":\"https:\\\/\\\/miumjau.ee\\\/lt\\\/\"},{\"@type\":\"ListItem\",\"position\":2,\"name\":\"Parduotuv\u0117\",\"item\":\"https:\\\/\\\/miumjau.ee\\\/lt\\\/parduotuve\\\/\"},{\"@type\":\"ListItem\",\"position\":3,\"name\":\"\u0160uns skan\u0117stas Frigera 100 % avienos kubeliai 250 g\"}]},{\"@type\":\"WebSite\",\"@id\":\"https:\\\/\\\/miumjau.ee\\\/#website\",\"url\":\"https:\\\/\\\/miumjau.ee\\\/\",\"name\":\"MiuMjau\",\"description\":\"Kraapimispuud kassidele\",\"publisher\":{\"@id\":\"https:\\\/\\\/miumjau.ee\\\/#organization\"},\"potentialAction\":[{\"@type\":\"SearchAction\",\"target\":{\"@type\":\"EntryPoint\",\"urlTemplate\":\"https:\\\/\\\/miumjau.ee\\\/?s={search_term_string}\"},\"query-input\":{\"@type\":\"PropertyValueSpecification\",\"valueRequired\":true,\"valueName\":\"search_term_string\"}}],\"inLanguage\":\"lt-LT\"},{\"@type\":\"Organization\",\"@id\":\"https:\\\/\\\/miumjau.ee\\\/#organization\",\"name\":\"MiuMjau O\u00dc\",\"url\":\"https:\\\/\\\/miumjau.ee\\\/\",\"logo\":{\"@type\":\"ImageObject\",\"inLanguage\":\"lt-LT\",\"@id\":\"https:\\\/\\\/miumjau.ee\\\/#\\\/schema\\\/logo\\\/image\\\/\",\"url\":\"https:\\\/\\\/miumjau.ee\\\/wp-content\\\/uploads\\\/2022\\\/04\\\/MiuMjau-logo-kollane.png\",\"contentUrl\":\"https:\\\/\\\/miumjau.ee\\\/wp-content\\\/uploads\\\/2022\\\/04\\\/MiuMjau-logo-kollane.png\",\"width\":219,\"height\":100,\"caption\":\"MiuMjau O\u00dc\"},\"image\":{\"@id\":\"https:\\\/\\\/miumjau.ee\\\/#\\\/schema\\\/logo\\\/image\\\/\"},\"sameAs\":[\"https:\\\/\\\/www.facebook.com\\\/miumjaupood\\\/\"]}]}<\/script>\n<!-- \/ Yoast SEO plugin. -->","yoast_head_json":{"title":"\u0160uns skan\u0117stas Frigera 100 % avienos kubeliai 250 g - MiuMjau","robots":{"index":"index","follow":"follow","max-snippet":"max-snippet:-1","max-image-preview":"max-image-preview:large","max-video-preview":"max-video-preview:-1"},"canonical":"https:\/\/miumjau.ee\/lt\/produktas\/suns-skanestas-frigera-100-avienos-kubeliai-250-g\/","og_locale":"lt_LT","og_type":"article","og_title":"\u0160uns skan\u0117stas Frigera 100 % avienos kubeliai 250 g - MiuMjau","og_description":"Ar tavo kailiuotas draugas \u0161okin\u0117ja i\u0161 d\u017eiaugsmo vos pamat\u0119s m\u0117s\u0105? friGERA \u0117rienos kubeliai \u2013 tobulas b\u016bdas numal\u0161inti jo apetit\u0105 tarp valgym\u0173! \u0160ie skan\u016bs, be glitimo ir be gr\u016bd\u0173 pagaminti kubeliai sudaryti i\u0161 100 % \u0117rienos m\u0117sos ir turi daug kokybi\u0161k\u0173 baltym\u0173 bei energijos, kad tavo \u0161uo visada b\u016bt\u0173 pasiruo\u0161\u0119s naujiems nuotykiams. Tiksliai porcijomis suskirstyti gabal\u0117liai lengvai vir\u0161kinami ir ypa\u010d tinka ma\u017eiems, jauniems ar antsvorio turintiems \u0161unims. Jokio dirbtinio skonio, da\u017eikli\u0173 ar konservant\u0173 \u2013 tik grynas ir sveikas skan\u0117stas, kur\u012f tavo augintinis dievins! Sudedamosios dalys: 100 % \u0117riena \u0160\u0117rimo rekomendacijos: Duokite kaip u\u017ekand\u012f ar atlyg\u012f tarp valgym\u0173 kaip subalansuotos mitybos dal\u012f. Visada steb\u0117kite, kad \u0161uo b\u016bt\u0173 pri\u017ei\u016brimas ir tur\u0117t\u0173 \u0161vie\u017eio vandens. Neskirta \u017emoni\u0173 maistui. Analitin\u0117 sud\u0117tis: Baltymai: 41,75 %, Riebalai: 30,7 %, Dr\u0117gm\u0117: 11,1 %","og_url":"https:\/\/miumjau.ee\/lt\/produktas\/suns-skanestas-frigera-100-avienos-kubeliai-250-g\/","og_site_name":"MiuMjau","article_publisher":"https:\/\/www.facebook.com\/miumjaupood\/","article_modified_time":"2026-01-07T18:53:55+00:00","og_image":[{"width":600,"height":800,"url":"https:\/\/miumjau.ee\/wp-content\/uploads\/2025\/05\/frigera-koerte-maius-lambaliha-kuubikud-250g-classic-Photoroom.jpg","type":"image\/jpeg"}],"twitter_card":"summary_large_image","schema":{"@context":"https:\/\/schema.org","@graph":[{"@type":"WebPage","@id":"https:\/\/miumjau.ee\/lt\/produktas\/suns-skanestas-frigera-100-avienos-kubeliai-250-g\/","url":"https:\/\/miumjau.ee\/lt\/produktas\/suns-skanestas-frigera-100-avienos-kubeliai-250-g\/","name":"\u0160uns skan\u0117stas Frigera 100 % avienos kubeliai 250 g - MiuMjau","isPartOf":{"@id":"https:\/\/miumjau.ee\/#website"},"primaryImageOfPage":{"@id":"https:\/\/miumjau.ee\/lt\/produktas\/suns-skanestas-frigera-100-avienos-kubeliai-250-g\/#primaryimage"},"image":{"@id":"https:\/\/miumjau.ee\/lt\/produktas\/suns-skanestas-frigera-100-avienos-kubeliai-250-g\/#primaryimage"},"thumbnailUrl":"https:\/\/miumjau.ee\/wp-content\/uploads\/2025\/05\/frigera-koerte-maius-lambaliha-kuubikud-250g-classic-Photoroom.jpg","datePublished":"2025-05-29T09:22:08+00:00","dateModified":"2026-01-07T18:53:55+00:00","breadcrumb":{"@id":"https:\/\/miumjau.ee\/lt\/produktas\/suns-skanestas-frigera-100-avienos-kubeliai-250-g\/#breadcrumb"},"inLanguage":"lt-LT","potentialAction":[{"@type":"ReadAction","target":["https:\/\/miumjau.ee\/lt\/produktas\/suns-skanestas-frigera-100-avienos-kubeliai-250-g\/"]}]},{"@type":"ImageObject","inLanguage":"lt-LT","@id":"https:\/\/miumjau.ee\/lt\/produktas\/suns-skanestas-frigera-100-avienos-kubeliai-250-g\/#primaryimage","url":"https:\/\/miumjau.ee\/wp-content\/uploads\/2025\/05\/frigera-koerte-maius-lambaliha-kuubikud-250g-classic-Photoroom.jpg","contentUrl":"https:\/\/miumjau.ee\/wp-content\/uploads\/2025\/05\/frigera-koerte-maius-lambaliha-kuubikud-250g-classic-Photoroom.jpg","width":600,"height":800,"caption":"Koeramaius Frigera 100% lambakuubikud 250g"},{"@type":"BreadcrumbList","@id":"https:\/\/miumjau.ee\/lt\/produktas\/suns-skanestas-frigera-100-avienos-kubeliai-250-g\/#breadcrumb","itemListElement":[{"@type":"ListItem","position":1,"name":"Home","item":"https:\/\/miumjau.ee\/lt\/"},{"@type":"ListItem","position":2,"name":"Parduotuv\u0117","item":"https:\/\/miumjau.ee\/lt\/parduotuve\/"},{"@type":"ListItem","position":3,"name":"\u0160uns skan\u0117stas Frigera 100 % avienos kubeliai 250 g"}]},{"@type":"WebSite","@id":"https:\/\/miumjau.ee\/#website","url":"https:\/\/miumjau.ee\/","name":"MiuMjau","description":"Kraapimispuud kassidele","publisher":{"@id":"https:\/\/miumjau.ee\/#organization"},"potentialAction":[{"@type":"SearchAction","target":{"@type":"EntryPoint","urlTemplate":"https:\/\/miumjau.ee\/?s={search_term_string}"},"query-input":{"@type":"PropertyValueSpecification","valueRequired":true,"valueName":"search_term_string"}}],"inLanguage":"lt-LT"},{"@type":"Organization","@id":"https:\/\/miumjau.ee\/#organization","name":"MiuMjau O\u00dc","url":"https:\/\/miumjau.ee\/","logo":{"@type":"ImageObject","inLanguage":"lt-LT","@id":"https:\/\/miumjau.ee\/#\/schema\/logo\/image\/","url":"https:\/\/miumjau.ee\/wp-content\/uploads\/2022\/04\/MiuMjau-logo-kollane.png","contentUrl":"https:\/\/miumjau.ee\/wp-content\/uploads\/2022\/04\/MiuMjau-logo-kollane.png","width":219,"height":100,"caption":"MiuMjau O\u00dc"},"image":{"@id":"https:\/\/miumjau.ee\/#\/schema\/logo\/image\/"},"sameAs":["https:\/\/www.facebook.com\/miumjaupood\/"]}]}},"_links":{"self":[{"href":"https:\/\/miumjau.ee\/lt\/wp-json\/wp\/v2\/product\/41131","targetHints":{"allow":["GET"]}}],"collection":[{"href":"https:\/\/miumjau.ee\/lt\/wp-json\/wp\/v2\/product"}],"about":[{"href":"https:\/\/miumjau.ee\/lt\/wp-json\/wp\/v2\/types\/product"}],"wp:featuredmedia":[{"embeddable":true,"href":"https:\/\/miumjau.ee\/lt\/wp-json\/wp\/v2\/media\/41244"}],"wp:attachment":[{"href":"https:\/\/miumjau.ee\/lt\/wp-json\/wp\/v2\/media?parent=41131"}],"wp:term":[{"taxonomy":"product_brand","embeddable":true,"href":"https:\/\/miumjau.ee\/lt\/wp-json\/wp\/v2\/product_brand?post=41131"},{"taxonomy":"product_cat","embeddable":true,"href":"https:\/\/miumjau.ee\/lt\/wp-json\/wp\/v2\/product_cat?post=41131"},{"taxonomy":"product_tag","embeddable":true,"href":"https:\/\/miumjau.ee\/lt\/wp-json\/wp\/v2\/product_tag?post=41131"}],"curies":[{"name":"wp","href":"https:\/\/api.w.org\/{rel}","templated":true}]}}