{"id":41130,"date":"2025-05-29T10:33:27","date_gmt":"2025-05-29T07:33:27","guid":{"rendered":"https:\/\/miumjau.ee\/toode\/bivolio-stemple-naturalus-skanestas-frigera-250-g\/"},"modified":"2026-01-07T20:53:55","modified_gmt":"2026-01-07T18:53:55","slug":"bivolio-stemple-naturalus-skanestas-frigera-250-g","status":"publish","type":"product","link":"https:\/\/miumjau.ee\/lt\/produktas\/bivolio-stemple-naturalus-skanestas-frigera-250-g\/","title":{"rendered":"Bivolio stempl\u0117, nat\u016bralus skan\u0117stas Frigera 250 g"},"content":{"rendered":"<p><br data-mce-bogus=\"1\"><\/p>\n","protected":false},"excerpt":{"rendered":"<p><strong>friGERA buivolo trach\u0117ja<\/strong> \u2013 prieinamas ir b\u016btinas skan\u0117stas tavo stipriam kramtytojui!<br \/>Galvoji, kod\u0117l verta rinktis buivolien\u0105? Joje ma\u017eiau cholesterolio, daugiau mineralini\u0173 med\u017eiag\u0173 ir net perpus ma\u017eiau riebal\u0173 nei paprastoje liesoje m\u0117soje! M\u016bs\u0173 buivolo trach\u0117ja \u2013 tai skanus skan\u0117stas, pagamintas i\u0161 grynos, \u0161velniai d\u017eiovintos buivolo trach\u0117jos \u2013 gyvuli\u0173, auginam\u0173 \u017emoni\u0173 maistui. \u0160ie laisvai laikomi buivolai auginami be antibiotik\u0173, steroid\u0173 ar hormon\u0173 \u2013 taip nat\u016braliai, kaip tik \u012fmanoma!<br \/>\u0160is skan\u0117stas daugiausia sudarytas i\u0161 kremzl\u0117s ir praturtintas nedideliu kiekiu riebal\u0173, kad suteikt\u0173 \u0161uniui skan\u0173 ir malon\u0173 potyr\u012f. Kremzl\u0117 yra nat\u016bralus kolageno, chondroitino ir gliukozamino \u0161altinis \u2013 visi \u0161ie elementai svarb\u016bs s\u0105nariams ir judrumui. Be to, \u0161is skan\u0117stas puikiai valo dantis!<br \/>Kaip ir buivolo oda, trach\u0117ja kramtant sumink\u0161t\u0117ja, tod\u0117l ji tinka tiek pradedantiems, tiek patyrusiems kramtytojams. Tobulas sveikatos ir skonio balansas!<br \/><strong>Sudedamosios dalys: <\/strong>100 % buivolas<br \/><strong>\u0160\u0117rimo rekomendacijos: <\/strong>Duokite kaip u\u017ekand\u012f tarp valgym\u0173 arba kaip atlyg\u012f kaip subalansuotos mitybos dal\u012f. Visada steb\u0117kite savo \u0161un\u012f valgymo metu. \u0160vie\u017eio vandens visada turi b\u016bti. Nenaudoti \u017emoni\u0173 maistui.<br \/><strong>Analitin\u0117 sud\u0117tis: <\/strong>Baltymai: 64,79 %, Riebalai: 16,02 %, Dr\u0117gm\u0117: 7,67 %<\/p>\n","protected":false},"featured_media":41243,"template":"","meta":[],"product_brand":[],"product_cat":[524,540],"product_tag":[],"class_list":{"0":"post-41130","1":"product","2":"type-product","3":"status-publish","4":"has-post-thumbnail","6":"product_cat-kaup24-lt","7":"product_cat-skanestai-sunims","9":"first","10":"instock","11":"taxable","12":"shipping-taxable","13":"purchasable","14":"product-type-simple"},"yoast_head":"<!-- This site is optimized with the Yoast SEO plugin v27.4 - https:\/\/yoast.com\/product\/yoast-seo-wordpress\/ -->\n<title>Bivolio stempl\u0117, nat\u016bralus skan\u0117stas Frigera 250 g - MiuMjau<\/title>\n<meta name=\"robots\" content=\"index, follow, max-snippet:-1, max-image-preview:large, max-video-preview:-1\" \/>\n<link rel=\"canonical\" href=\"https:\/\/miumjau.ee\/lt\/produktas\/bivolio-stemple-naturalus-skanestas-frigera-250-g\/\" \/>\n<meta property=\"og:locale\" content=\"lt_LT\" \/>\n<meta property=\"og:type\" content=\"article\" \/>\n<meta property=\"og:title\" content=\"Bivolio stempl\u0117, nat\u016bralus skan\u0117stas Frigera 250 g - MiuMjau\" \/>\n<meta property=\"og:description\" content=\"friGERA buivolo trach\u0117ja \u2013 prieinamas ir b\u016btinas skan\u0117stas tavo stipriam kramtytojui!Galvoji, kod\u0117l verta rinktis buivolien\u0105? Joje ma\u017eiau cholesterolio, daugiau mineralini\u0173 med\u017eiag\u0173 ir net perpus ma\u017eiau riebal\u0173 nei paprastoje liesoje m\u0117soje! M\u016bs\u0173 buivolo trach\u0117ja \u2013 tai skanus skan\u0117stas, pagamintas i\u0161 grynos, \u0161velniai d\u017eiovintos buivolo trach\u0117jos \u2013 gyvuli\u0173, auginam\u0173 \u017emoni\u0173 maistui. \u0160ie laisvai laikomi buivolai auginami be antibiotik\u0173, steroid\u0173 ar hormon\u0173 \u2013 taip nat\u016braliai, kaip tik \u012fmanoma!\u0160is skan\u0117stas daugiausia sudarytas i\u0161 kremzl\u0117s ir praturtintas nedideliu kiekiu riebal\u0173, kad suteikt\u0173 \u0161uniui skan\u0173 ir malon\u0173 potyr\u012f. Kremzl\u0117 yra nat\u016bralus kolageno, chondroitino ir gliukozamino \u0161altinis \u2013 visi \u0161ie elementai svarb\u016bs s\u0105nariams ir judrumui. Be to, \u0161is skan\u0117stas puikiai valo dantis!Kaip ir buivolo oda, trach\u0117ja kramtant sumink\u0161t\u0117ja, tod\u0117l ji tinka tiek pradedantiems, tiek patyrusiems kramtytojams. Tobulas sveikatos ir skonio balansas!Sudedamosios dalys: 100 % buivolas\u0160\u0117rimo rekomendacijos: Duokite kaip u\u017ekand\u012f tarp valgym\u0173 arba kaip atlyg\u012f kaip subalansuotos mitybos dal\u012f. Visada steb\u0117kite savo \u0161un\u012f valgymo metu. \u0160vie\u017eio vandens visada turi b\u016bti. Nenaudoti \u017emoni\u0173 maistui.Analitin\u0117 sud\u0117tis: Baltymai: 64,79 %, Riebalai: 16,02 %, Dr\u0117gm\u0117: 7,67 %\" \/>\n<meta property=\"og:url\" content=\"https:\/\/miumjau.ee\/lt\/produktas\/bivolio-stemple-naturalus-skanestas-frigera-250-g\/\" \/>\n<meta property=\"og:site_name\" content=\"MiuMjau\" \/>\n<meta property=\"article:publisher\" content=\"https:\/\/www.facebook.com\/miumjaupood\/\" \/>\n<meta property=\"article:modified_time\" content=\"2026-01-07T18:53:55+00:00\" \/>\n<meta property=\"og:image\" content=\"https:\/\/miumjau.ee\/wp-content\/uploads\/2025\/05\/frigera-koerte-maius-piisoni-hingetoru-250g-classic-Photoroom.jpg\" \/>\n\t<meta property=\"og:image:width\" content=\"600\" \/>\n\t<meta property=\"og:image:height\" content=\"800\" \/>\n\t<meta property=\"og:image:type\" content=\"image\/jpeg\" \/>\n<meta name=\"twitter:card\" content=\"summary_large_image\" \/>\n<script type=\"application\/ld+json\" class=\"yoast-schema-graph\">{\"@context\":\"https:\\\/\\\/schema.org\",\"@graph\":[{\"@type\":\"WebPage\",\"@id\":\"https:\\\/\\\/miumjau.ee\\\/lt\\\/produktas\\\/bivolio-stemple-naturalus-skanestas-frigera-250-g\\\/\",\"url\":\"https:\\\/\\\/miumjau.ee\\\/lt\\\/produktas\\\/bivolio-stemple-naturalus-skanestas-frigera-250-g\\\/\",\"name\":\"Bivolio stempl\u0117, nat\u016bralus skan\u0117stas Frigera 250 g - MiuMjau\",\"isPartOf\":{\"@id\":\"https:\\\/\\\/miumjau.ee\\\/#website\"},\"primaryImageOfPage\":{\"@id\":\"https:\\\/\\\/miumjau.ee\\\/lt\\\/produktas\\\/bivolio-stemple-naturalus-skanestas-frigera-250-g\\\/#primaryimage\"},\"image\":{\"@id\":\"https:\\\/\\\/miumjau.ee\\\/lt\\\/produktas\\\/bivolio-stemple-naturalus-skanestas-frigera-250-g\\\/#primaryimage\"},\"thumbnailUrl\":\"https:\\\/\\\/miumjau.ee\\\/wp-content\\\/uploads\\\/2025\\\/05\\\/frigera-koerte-maius-piisoni-hingetoru-250g-classic-Photoroom.jpg\",\"datePublished\":\"2025-05-29T07:33:27+00:00\",\"dateModified\":\"2026-01-07T18:53:55+00:00\",\"breadcrumb\":{\"@id\":\"https:\\\/\\\/miumjau.ee\\\/lt\\\/produktas\\\/bivolio-stemple-naturalus-skanestas-frigera-250-g\\\/#breadcrumb\"},\"inLanguage\":\"lt-LT\",\"potentialAction\":[{\"@type\":\"ReadAction\",\"target\":[\"https:\\\/\\\/miumjau.ee\\\/lt\\\/produktas\\\/bivolio-stemple-naturalus-skanestas-frigera-250-g\\\/\"]}]},{\"@type\":\"ImageObject\",\"inLanguage\":\"lt-LT\",\"@id\":\"https:\\\/\\\/miumjau.ee\\\/lt\\\/produktas\\\/bivolio-stemple-naturalus-skanestas-frigera-250-g\\\/#primaryimage\",\"url\":\"https:\\\/\\\/miumjau.ee\\\/wp-content\\\/uploads\\\/2025\\\/05\\\/frigera-koerte-maius-piisoni-hingetoru-250g-classic-Photoroom.jpg\",\"contentUrl\":\"https:\\\/\\\/miumjau.ee\\\/wp-content\\\/uploads\\\/2025\\\/05\\\/frigera-koerte-maius-piisoni-hingetoru-250g-classic-Photoroom.jpg\",\"width\":600,\"height\":800,\"caption\":\"Koeramaius Frigera 100% lambakuubikud 250g\"},{\"@type\":\"BreadcrumbList\",\"@id\":\"https:\\\/\\\/miumjau.ee\\\/lt\\\/produktas\\\/bivolio-stemple-naturalus-skanestas-frigera-250-g\\\/#breadcrumb\",\"itemListElement\":[{\"@type\":\"ListItem\",\"position\":1,\"name\":\"Home\",\"item\":\"https:\\\/\\\/miumjau.ee\\\/lt\\\/\"},{\"@type\":\"ListItem\",\"position\":2,\"name\":\"Parduotuv\u0117\",\"item\":\"https:\\\/\\\/miumjau.ee\\\/lt\\\/parduotuve\\\/\"},{\"@type\":\"ListItem\",\"position\":3,\"name\":\"Bivolio stempl\u0117, nat\u016bralus skan\u0117stas Frigera 250 g\"}]},{\"@type\":\"WebSite\",\"@id\":\"https:\\\/\\\/miumjau.ee\\\/#website\",\"url\":\"https:\\\/\\\/miumjau.ee\\\/\",\"name\":\"MiuMjau\",\"description\":\"Kraapimispuud kassidele\",\"publisher\":{\"@id\":\"https:\\\/\\\/miumjau.ee\\\/#organization\"},\"potentialAction\":[{\"@type\":\"SearchAction\",\"target\":{\"@type\":\"EntryPoint\",\"urlTemplate\":\"https:\\\/\\\/miumjau.ee\\\/?s={search_term_string}\"},\"query-input\":{\"@type\":\"PropertyValueSpecification\",\"valueRequired\":true,\"valueName\":\"search_term_string\"}}],\"inLanguage\":\"lt-LT\"},{\"@type\":\"Organization\",\"@id\":\"https:\\\/\\\/miumjau.ee\\\/#organization\",\"name\":\"MiuMjau O\u00dc\",\"url\":\"https:\\\/\\\/miumjau.ee\\\/\",\"logo\":{\"@type\":\"ImageObject\",\"inLanguage\":\"lt-LT\",\"@id\":\"https:\\\/\\\/miumjau.ee\\\/#\\\/schema\\\/logo\\\/image\\\/\",\"url\":\"https:\\\/\\\/miumjau.ee\\\/wp-content\\\/uploads\\\/2022\\\/04\\\/MiuMjau-logo-kollane.png\",\"contentUrl\":\"https:\\\/\\\/miumjau.ee\\\/wp-content\\\/uploads\\\/2022\\\/04\\\/MiuMjau-logo-kollane.png\",\"width\":219,\"height\":100,\"caption\":\"MiuMjau O\u00dc\"},\"image\":{\"@id\":\"https:\\\/\\\/miumjau.ee\\\/#\\\/schema\\\/logo\\\/image\\\/\"},\"sameAs\":[\"https:\\\/\\\/www.facebook.com\\\/miumjaupood\\\/\"]}]}<\/script>\n<!-- \/ Yoast SEO plugin. -->","yoast_head_json":{"title":"Bivolio stempl\u0117, nat\u016bralus skan\u0117stas Frigera 250 g - MiuMjau","robots":{"index":"index","follow":"follow","max-snippet":"max-snippet:-1","max-image-preview":"max-image-preview:large","max-video-preview":"max-video-preview:-1"},"canonical":"https:\/\/miumjau.ee\/lt\/produktas\/bivolio-stemple-naturalus-skanestas-frigera-250-g\/","og_locale":"lt_LT","og_type":"article","og_title":"Bivolio stempl\u0117, nat\u016bralus skan\u0117stas Frigera 250 g - MiuMjau","og_description":"friGERA buivolo trach\u0117ja \u2013 prieinamas ir b\u016btinas skan\u0117stas tavo stipriam kramtytojui!Galvoji, kod\u0117l verta rinktis buivolien\u0105? Joje ma\u017eiau cholesterolio, daugiau mineralini\u0173 med\u017eiag\u0173 ir net perpus ma\u017eiau riebal\u0173 nei paprastoje liesoje m\u0117soje! M\u016bs\u0173 buivolo trach\u0117ja \u2013 tai skanus skan\u0117stas, pagamintas i\u0161 grynos, \u0161velniai d\u017eiovintos buivolo trach\u0117jos \u2013 gyvuli\u0173, auginam\u0173 \u017emoni\u0173 maistui. \u0160ie laisvai laikomi buivolai auginami be antibiotik\u0173, steroid\u0173 ar hormon\u0173 \u2013 taip nat\u016braliai, kaip tik \u012fmanoma!\u0160is skan\u0117stas daugiausia sudarytas i\u0161 kremzl\u0117s ir praturtintas nedideliu kiekiu riebal\u0173, kad suteikt\u0173 \u0161uniui skan\u0173 ir malon\u0173 potyr\u012f. Kremzl\u0117 yra nat\u016bralus kolageno, chondroitino ir gliukozamino \u0161altinis \u2013 visi \u0161ie elementai svarb\u016bs s\u0105nariams ir judrumui. Be to, \u0161is skan\u0117stas puikiai valo dantis!Kaip ir buivolo oda, trach\u0117ja kramtant sumink\u0161t\u0117ja, tod\u0117l ji tinka tiek pradedantiems, tiek patyrusiems kramtytojams. Tobulas sveikatos ir skonio balansas!Sudedamosios dalys: 100 % buivolas\u0160\u0117rimo rekomendacijos: Duokite kaip u\u017ekand\u012f tarp valgym\u0173 arba kaip atlyg\u012f kaip subalansuotos mitybos dal\u012f. Visada steb\u0117kite savo \u0161un\u012f valgymo metu. \u0160vie\u017eio vandens visada turi b\u016bti. Nenaudoti \u017emoni\u0173 maistui.Analitin\u0117 sud\u0117tis: Baltymai: 64,79 %, Riebalai: 16,02 %, Dr\u0117gm\u0117: 7,67 %","og_url":"https:\/\/miumjau.ee\/lt\/produktas\/bivolio-stemple-naturalus-skanestas-frigera-250-g\/","og_site_name":"MiuMjau","article_publisher":"https:\/\/www.facebook.com\/miumjaupood\/","article_modified_time":"2026-01-07T18:53:55+00:00","og_image":[{"width":600,"height":800,"url":"https:\/\/miumjau.ee\/wp-content\/uploads\/2025\/05\/frigera-koerte-maius-piisoni-hingetoru-250g-classic-Photoroom.jpg","type":"image\/jpeg"}],"twitter_card":"summary_large_image","schema":{"@context":"https:\/\/schema.org","@graph":[{"@type":"WebPage","@id":"https:\/\/miumjau.ee\/lt\/produktas\/bivolio-stemple-naturalus-skanestas-frigera-250-g\/","url":"https:\/\/miumjau.ee\/lt\/produktas\/bivolio-stemple-naturalus-skanestas-frigera-250-g\/","name":"Bivolio stempl\u0117, nat\u016bralus skan\u0117stas Frigera 250 g - MiuMjau","isPartOf":{"@id":"https:\/\/miumjau.ee\/#website"},"primaryImageOfPage":{"@id":"https:\/\/miumjau.ee\/lt\/produktas\/bivolio-stemple-naturalus-skanestas-frigera-250-g\/#primaryimage"},"image":{"@id":"https:\/\/miumjau.ee\/lt\/produktas\/bivolio-stemple-naturalus-skanestas-frigera-250-g\/#primaryimage"},"thumbnailUrl":"https:\/\/miumjau.ee\/wp-content\/uploads\/2025\/05\/frigera-koerte-maius-piisoni-hingetoru-250g-classic-Photoroom.jpg","datePublished":"2025-05-29T07:33:27+00:00","dateModified":"2026-01-07T18:53:55+00:00","breadcrumb":{"@id":"https:\/\/miumjau.ee\/lt\/produktas\/bivolio-stemple-naturalus-skanestas-frigera-250-g\/#breadcrumb"},"inLanguage":"lt-LT","potentialAction":[{"@type":"ReadAction","target":["https:\/\/miumjau.ee\/lt\/produktas\/bivolio-stemple-naturalus-skanestas-frigera-250-g\/"]}]},{"@type":"ImageObject","inLanguage":"lt-LT","@id":"https:\/\/miumjau.ee\/lt\/produktas\/bivolio-stemple-naturalus-skanestas-frigera-250-g\/#primaryimage","url":"https:\/\/miumjau.ee\/wp-content\/uploads\/2025\/05\/frigera-koerte-maius-piisoni-hingetoru-250g-classic-Photoroom.jpg","contentUrl":"https:\/\/miumjau.ee\/wp-content\/uploads\/2025\/05\/frigera-koerte-maius-piisoni-hingetoru-250g-classic-Photoroom.jpg","width":600,"height":800,"caption":"Koeramaius Frigera 100% lambakuubikud 250g"},{"@type":"BreadcrumbList","@id":"https:\/\/miumjau.ee\/lt\/produktas\/bivolio-stemple-naturalus-skanestas-frigera-250-g\/#breadcrumb","itemListElement":[{"@type":"ListItem","position":1,"name":"Home","item":"https:\/\/miumjau.ee\/lt\/"},{"@type":"ListItem","position":2,"name":"Parduotuv\u0117","item":"https:\/\/miumjau.ee\/lt\/parduotuve\/"},{"@type":"ListItem","position":3,"name":"Bivolio stempl\u0117, nat\u016bralus skan\u0117stas Frigera 250 g"}]},{"@type":"WebSite","@id":"https:\/\/miumjau.ee\/#website","url":"https:\/\/miumjau.ee\/","name":"MiuMjau","description":"Kraapimispuud kassidele","publisher":{"@id":"https:\/\/miumjau.ee\/#organization"},"potentialAction":[{"@type":"SearchAction","target":{"@type":"EntryPoint","urlTemplate":"https:\/\/miumjau.ee\/?s={search_term_string}"},"query-input":{"@type":"PropertyValueSpecification","valueRequired":true,"valueName":"search_term_string"}}],"inLanguage":"lt-LT"},{"@type":"Organization","@id":"https:\/\/miumjau.ee\/#organization","name":"MiuMjau O\u00dc","url":"https:\/\/miumjau.ee\/","logo":{"@type":"ImageObject","inLanguage":"lt-LT","@id":"https:\/\/miumjau.ee\/#\/schema\/logo\/image\/","url":"https:\/\/miumjau.ee\/wp-content\/uploads\/2022\/04\/MiuMjau-logo-kollane.png","contentUrl":"https:\/\/miumjau.ee\/wp-content\/uploads\/2022\/04\/MiuMjau-logo-kollane.png","width":219,"height":100,"caption":"MiuMjau O\u00dc"},"image":{"@id":"https:\/\/miumjau.ee\/#\/schema\/logo\/image\/"},"sameAs":["https:\/\/www.facebook.com\/miumjaupood\/"]}]}},"_links":{"self":[{"href":"https:\/\/miumjau.ee\/lt\/wp-json\/wp\/v2\/product\/41130","targetHints":{"allow":["GET"]}}],"collection":[{"href":"https:\/\/miumjau.ee\/lt\/wp-json\/wp\/v2\/product"}],"about":[{"href":"https:\/\/miumjau.ee\/lt\/wp-json\/wp\/v2\/types\/product"}],"wp:featuredmedia":[{"embeddable":true,"href":"https:\/\/miumjau.ee\/lt\/wp-json\/wp\/v2\/media\/41243"}],"wp:attachment":[{"href":"https:\/\/miumjau.ee\/lt\/wp-json\/wp\/v2\/media?parent=41130"}],"wp:term":[{"taxonomy":"product_brand","embeddable":true,"href":"https:\/\/miumjau.ee\/lt\/wp-json\/wp\/v2\/product_brand?post=41130"},{"taxonomy":"product_cat","embeddable":true,"href":"https:\/\/miumjau.ee\/lt\/wp-json\/wp\/v2\/product_cat?post=41130"},{"taxonomy":"product_tag","embeddable":true,"href":"https:\/\/miumjau.ee\/lt\/wp-json\/wp\/v2\/product_tag?post=41130"}],"curies":[{"name":"wp","href":"https:\/\/api.w.org\/{rel}","templated":true}]}}