{"id":41128,"date":"2025-05-29T10:02:16","date_gmt":"2025-05-29T07:02:16","guid":{"rendered":"https:\/\/miumjau.ee\/toode\/naturalios-pusiau-minkstos-vistienos-file-frigera-100-g\/"},"modified":"2026-01-07T20:53:55","modified_gmt":"2026-01-07T18:53:55","slug":"naturalios-pusiau-minkstos-vistienos-file-frigera-100-g","status":"publish","type":"product","link":"https:\/\/miumjau.ee\/lt\/produktas\/naturalios-pusiau-minkstos-vistienos-file-frigera-100-g\/","title":{"rendered":"Nat\u016bralios pusiau mink\u0161tos vi\u0161tienos fil\u0117 Frigera 100 g"},"content":{"rendered":"","protected":false},"excerpt":{"rendered":"<p>Ie\u0161kote \u0161velnaus ir skanaus skan\u0117sto savo mylimam keturkojui draugui? Pristatome friGERA vi\u0161tienos fil\u0117 \u2013 sveik\u0105 ir gard\u0173 skan\u0117st\u0105, pagamint\u0105 su meile ir r\u016bpes\u010diu b\u016btent j\u016bs\u0173 augintiniui.<br \/>\nPagaminta i\u0161 auk\u0161\u010diausios kokyb\u0117s vi\u0161tienos fil\u0117, kiekvienas gabal\u0117lis kruop\u0161\u010diai atrinktas, smulkiai supjaustytas ir supakuotas \u012f u\u017edarom\u0105 pakuot\u0119, kad i\u0161likt\u0173 \u0161vie\u017eumas ir skonis. \u0160velniai apdorota, kad i\u0161laikyt\u0173 nat\u016bral\u0173 m\u0117sos skon\u012f ir maistines med\u017eiagas, \u0161i skan\u0117st\u0173 r\u016b\u0161is yra neatsispiriama \u0161unims.<br \/>\nBaltym\u0173 turtinga vi\u0161tienos fil\u0117 suteikia j\u016bs\u0173 \u0161uniui energijos ir gyvybingumo, kad jis i\u0161likt\u0173 aktyvus ir sveikas. Nesvarbu, ar tai apdovanojimas treniruot\u0117je, ar kasdienis palepinimas \u2013 friGERA vi\u0161tienos fil\u0117 skan\u0117stas tikrai privers kiekvieno \u0161uns uodeg\u0105 d\u017eiaugsmingai vizg\u0117ti!<br \/>\n<strong>Sudedamosios dalys: <\/strong>Vi\u0161tienos fil\u0117 94,5 %, glicerinas, modifikuotas kukur\u016bz\u0173 krakmolas, sorbitolis<br \/>\n<strong>\u0160\u0117rimo rekomendacijos: <\/strong>Duokite kaip u\u017ekand\u012f tarp valgym\u0173 arba kaip apdovanojim\u0105 kaip subalansuotos mitybos dal\u012f. Visada steb\u0117kite savo \u0161un\u012f duodami skan\u0117st\u0105. \u0160vie\u017eio vandens visada turi b\u016bti. Nenaudoti \u017emoni\u0173 maistui.<br \/>\n<strong>Analitin\u0117 sud\u0117tis: <\/strong>Baltymai: 55 %, Riebalai: 1,5 %, Pelenai: 4 %, \u017dalia l\u0105steliena: 2 %, Dr\u0117gm\u0117: 20 %<\/p>\n","protected":false},"featured_media":41276,"template":"","meta":[],"product_brand":[],"product_cat":[540,524],"product_tag":[],"class_list":{"0":"post-41128","1":"product","2":"type-product","3":"status-publish","4":"has-post-thumbnail","6":"product_cat-skanestai-sunims","7":"product_cat-kaup24-lt","9":"first","10":"instock","11":"sale","12":"taxable","13":"shipping-taxable","14":"purchasable","15":"product-type-simple"},"yoast_head":"<!-- This site is optimized with the Yoast SEO plugin v27.2 - https:\/\/yoast.com\/product\/yoast-seo-wordpress\/ -->\n<title>Nat\u016bralios pusiau mink\u0161tos vi\u0161tienos fil\u0117 Frigera 100 g - MiuMjau<\/title>\n<meta name=\"robots\" content=\"index, follow, max-snippet:-1, max-image-preview:large, max-video-preview:-1\" \/>\n<link rel=\"canonical\" href=\"https:\/\/miumjau.ee\/lt\/produktas\/naturalios-pusiau-minkstos-vistienos-file-frigera-100-g\/\" \/>\n<meta property=\"og:locale\" content=\"lt_LT\" \/>\n<meta property=\"og:type\" content=\"article\" \/>\n<meta property=\"og:title\" content=\"Nat\u016bralios pusiau mink\u0161tos vi\u0161tienos fil\u0117 Frigera 100 g - MiuMjau\" \/>\n<meta property=\"og:description\" content=\"Ie\u0161kote \u0161velnaus ir skanaus skan\u0117sto savo mylimam keturkojui draugui? Pristatome friGERA vi\u0161tienos fil\u0117 \u2013 sveik\u0105 ir gard\u0173 skan\u0117st\u0105, pagamint\u0105 su meile ir r\u016bpes\u010diu b\u016btent j\u016bs\u0173 augintiniui. Pagaminta i\u0161 auk\u0161\u010diausios kokyb\u0117s vi\u0161tienos fil\u0117, kiekvienas gabal\u0117lis kruop\u0161\u010diai atrinktas, smulkiai supjaustytas ir supakuotas \u012f u\u017edarom\u0105 pakuot\u0119, kad i\u0161likt\u0173 \u0161vie\u017eumas ir skonis. \u0160velniai apdorota, kad i\u0161laikyt\u0173 nat\u016bral\u0173 m\u0117sos skon\u012f ir maistines med\u017eiagas, \u0161i skan\u0117st\u0173 r\u016b\u0161is yra neatsispiriama \u0161unims. Baltym\u0173 turtinga vi\u0161tienos fil\u0117 suteikia j\u016bs\u0173 \u0161uniui energijos ir gyvybingumo, kad jis i\u0161likt\u0173 aktyvus ir sveikas. Nesvarbu, ar tai apdovanojimas treniruot\u0117je, ar kasdienis palepinimas \u2013 friGERA vi\u0161tienos fil\u0117 skan\u0117stas tikrai privers kiekvieno \u0161uns uodeg\u0105 d\u017eiaugsmingai vizg\u0117ti! Sudedamosios dalys: Vi\u0161tienos fil\u0117 94,5 %, glicerinas, modifikuotas kukur\u016bz\u0173 krakmolas, sorbitolis \u0160\u0117rimo rekomendacijos: Duokite kaip u\u017ekand\u012f tarp valgym\u0173 arba kaip apdovanojim\u0105 kaip subalansuotos mitybos dal\u012f. Visada steb\u0117kite savo \u0161un\u012f duodami skan\u0117st\u0105. \u0160vie\u017eio vandens visada turi b\u016bti. Nenaudoti \u017emoni\u0173 maistui. Analitin\u0117 sud\u0117tis: Baltymai: 55 %, Riebalai: 1,5 %, Pelenai: 4 %, \u017dalia l\u0105steliena: 2 %, Dr\u0117gm\u0117: 20 %\" \/>\n<meta property=\"og:url\" content=\"https:\/\/miumjau.ee\/lt\/produktas\/naturalios-pusiau-minkstos-vistienos-file-frigera-100-g\/\" \/>\n<meta property=\"og:site_name\" content=\"MiuMjau\" \/>\n<meta property=\"article:publisher\" content=\"https:\/\/www.facebook.com\/miumjaupood\/\" \/>\n<meta property=\"article:modified_time\" content=\"2026-01-07T18:53:55+00:00\" \/>\n<meta property=\"og:image\" content=\"https:\/\/miumjau.ee\/wp-content\/uploads\/2025\/05\/frigera-koerte-maius-kanafilee-100g-Photoroom.jpg\" \/>\n\t<meta property=\"og:image:width\" content=\"600\" \/>\n\t<meta property=\"og:image:height\" content=\"800\" \/>\n\t<meta property=\"og:image:type\" content=\"image\/jpeg\" \/>\n<meta name=\"twitter:card\" content=\"summary_large_image\" \/>\n<script type=\"application\/ld+json\" class=\"yoast-schema-graph\">{\"@context\":\"https:\/\/schema.org\",\"@graph\":[{\"@type\":\"WebPage\",\"@id\":\"https:\/\/miumjau.ee\/lt\/produktas\/naturalios-pusiau-minkstos-vistienos-file-frigera-100-g\/\",\"url\":\"https:\/\/miumjau.ee\/lt\/produktas\/naturalios-pusiau-minkstos-vistienos-file-frigera-100-g\/\",\"name\":\"Nat\u016bralios pusiau mink\u0161tos vi\u0161tienos fil\u0117 Frigera 100 g - MiuMjau\",\"isPartOf\":{\"@id\":\"https:\/\/miumjau.ee\/#website\"},\"primaryImageOfPage\":{\"@id\":\"https:\/\/miumjau.ee\/lt\/produktas\/naturalios-pusiau-minkstos-vistienos-file-frigera-100-g\/#primaryimage\"},\"image\":{\"@id\":\"https:\/\/miumjau.ee\/lt\/produktas\/naturalios-pusiau-minkstos-vistienos-file-frigera-100-g\/#primaryimage\"},\"thumbnailUrl\":\"https:\/\/miumjau.ee\/wp-content\/uploads\/2025\/05\/frigera-koerte-maius-kanafilee-100g-Photoroom.jpg\",\"datePublished\":\"2025-05-29T07:02:16+00:00\",\"dateModified\":\"2026-01-07T18:53:55+00:00\",\"breadcrumb\":{\"@id\":\"https:\/\/miumjau.ee\/lt\/produktas\/naturalios-pusiau-minkstos-vistienos-file-frigera-100-g\/#breadcrumb\"},\"inLanguage\":\"lt-LT\",\"potentialAction\":[{\"@type\":\"ReadAction\",\"target\":[\"https:\/\/miumjau.ee\/lt\/produktas\/naturalios-pusiau-minkstos-vistienos-file-frigera-100-g\/\"]}]},{\"@type\":\"ImageObject\",\"inLanguage\":\"lt-LT\",\"@id\":\"https:\/\/miumjau.ee\/lt\/produktas\/naturalios-pusiau-minkstos-vistienos-file-frigera-100-g\/#primaryimage\",\"url\":\"https:\/\/miumjau.ee\/wp-content\/uploads\/2025\/05\/frigera-koerte-maius-kanafilee-100g-Photoroom.jpg\",\"contentUrl\":\"https:\/\/miumjau.ee\/wp-content\/uploads\/2025\/05\/frigera-koerte-maius-kanafilee-100g-Photoroom.jpg\",\"width\":600,\"height\":800,\"caption\":\"Kanafilee maiused koerale Frigera\"},{\"@type\":\"BreadcrumbList\",\"@id\":\"https:\/\/miumjau.ee\/lt\/produktas\/naturalios-pusiau-minkstos-vistienos-file-frigera-100-g\/#breadcrumb\",\"itemListElement\":[{\"@type\":\"ListItem\",\"position\":1,\"name\":\"Home\",\"item\":\"https:\/\/miumjau.ee\/lt\/\"},{\"@type\":\"ListItem\",\"position\":2,\"name\":\"Parduotuv\u0117\",\"item\":\"https:\/\/miumjau.ee\/lt\/parduotuve\/\"},{\"@type\":\"ListItem\",\"position\":3,\"name\":\"Nat\u016bralios pusiau mink\u0161tos vi\u0161tienos fil\u0117 Frigera 100 g\"}]},{\"@type\":\"WebSite\",\"@id\":\"https:\/\/miumjau.ee\/#website\",\"url\":\"https:\/\/miumjau.ee\/\",\"name\":\"MiuMjau\",\"description\":\"Kraapimispuud kassidele\",\"publisher\":{\"@id\":\"https:\/\/miumjau.ee\/#organization\"},\"potentialAction\":[{\"@type\":\"SearchAction\",\"target\":{\"@type\":\"EntryPoint\",\"urlTemplate\":\"https:\/\/miumjau.ee\/?s={search_term_string}\"},\"query-input\":{\"@type\":\"PropertyValueSpecification\",\"valueRequired\":true,\"valueName\":\"search_term_string\"}}],\"inLanguage\":\"lt-LT\"},{\"@type\":\"Organization\",\"@id\":\"https:\/\/miumjau.ee\/#organization\",\"name\":\"MiuMjau O\u00dc\",\"url\":\"https:\/\/miumjau.ee\/\",\"logo\":{\"@type\":\"ImageObject\",\"inLanguage\":\"lt-LT\",\"@id\":\"https:\/\/miumjau.ee\/#\/schema\/logo\/image\/\",\"url\":\"https:\/\/miumjau.ee\/wp-content\/uploads\/2022\/04\/MiuMjau-logo-kollane.png\",\"contentUrl\":\"https:\/\/miumjau.ee\/wp-content\/uploads\/2022\/04\/MiuMjau-logo-kollane.png\",\"width\":219,\"height\":100,\"caption\":\"MiuMjau O\u00dc\"},\"image\":{\"@id\":\"https:\/\/miumjau.ee\/#\/schema\/logo\/image\/\"},\"sameAs\":[\"https:\/\/www.facebook.com\/miumjaupood\/\"]}]}<\/script>\n<!-- \/ Yoast SEO plugin. -->","yoast_head_json":{"title":"Nat\u016bralios pusiau mink\u0161tos vi\u0161tienos fil\u0117 Frigera 100 g - MiuMjau","robots":{"index":"index","follow":"follow","max-snippet":"max-snippet:-1","max-image-preview":"max-image-preview:large","max-video-preview":"max-video-preview:-1"},"canonical":"https:\/\/miumjau.ee\/lt\/produktas\/naturalios-pusiau-minkstos-vistienos-file-frigera-100-g\/","og_locale":"lt_LT","og_type":"article","og_title":"Nat\u016bralios pusiau mink\u0161tos vi\u0161tienos fil\u0117 Frigera 100 g - MiuMjau","og_description":"Ie\u0161kote \u0161velnaus ir skanaus skan\u0117sto savo mylimam keturkojui draugui? Pristatome friGERA vi\u0161tienos fil\u0117 \u2013 sveik\u0105 ir gard\u0173 skan\u0117st\u0105, pagamint\u0105 su meile ir r\u016bpes\u010diu b\u016btent j\u016bs\u0173 augintiniui. Pagaminta i\u0161 auk\u0161\u010diausios kokyb\u0117s vi\u0161tienos fil\u0117, kiekvienas gabal\u0117lis kruop\u0161\u010diai atrinktas, smulkiai supjaustytas ir supakuotas \u012f u\u017edarom\u0105 pakuot\u0119, kad i\u0161likt\u0173 \u0161vie\u017eumas ir skonis. \u0160velniai apdorota, kad i\u0161laikyt\u0173 nat\u016bral\u0173 m\u0117sos skon\u012f ir maistines med\u017eiagas, \u0161i skan\u0117st\u0173 r\u016b\u0161is yra neatsispiriama \u0161unims. Baltym\u0173 turtinga vi\u0161tienos fil\u0117 suteikia j\u016bs\u0173 \u0161uniui energijos ir gyvybingumo, kad jis i\u0161likt\u0173 aktyvus ir sveikas. Nesvarbu, ar tai apdovanojimas treniruot\u0117je, ar kasdienis palepinimas \u2013 friGERA vi\u0161tienos fil\u0117 skan\u0117stas tikrai privers kiekvieno \u0161uns uodeg\u0105 d\u017eiaugsmingai vizg\u0117ti! Sudedamosios dalys: Vi\u0161tienos fil\u0117 94,5 %, glicerinas, modifikuotas kukur\u016bz\u0173 krakmolas, sorbitolis \u0160\u0117rimo rekomendacijos: Duokite kaip u\u017ekand\u012f tarp valgym\u0173 arba kaip apdovanojim\u0105 kaip subalansuotos mitybos dal\u012f. Visada steb\u0117kite savo \u0161un\u012f duodami skan\u0117st\u0105. \u0160vie\u017eio vandens visada turi b\u016bti. Nenaudoti \u017emoni\u0173 maistui. Analitin\u0117 sud\u0117tis: Baltymai: 55 %, Riebalai: 1,5 %, Pelenai: 4 %, \u017dalia l\u0105steliena: 2 %, Dr\u0117gm\u0117: 20 %","og_url":"https:\/\/miumjau.ee\/lt\/produktas\/naturalios-pusiau-minkstos-vistienos-file-frigera-100-g\/","og_site_name":"MiuMjau","article_publisher":"https:\/\/www.facebook.com\/miumjaupood\/","article_modified_time":"2026-01-07T18:53:55+00:00","og_image":[{"width":600,"height":800,"url":"https:\/\/miumjau.ee\/wp-content\/uploads\/2025\/05\/frigera-koerte-maius-kanafilee-100g-Photoroom.jpg","type":"image\/jpeg"}],"twitter_card":"summary_large_image","schema":{"@context":"https:\/\/schema.org","@graph":[{"@type":"WebPage","@id":"https:\/\/miumjau.ee\/lt\/produktas\/naturalios-pusiau-minkstos-vistienos-file-frigera-100-g\/","url":"https:\/\/miumjau.ee\/lt\/produktas\/naturalios-pusiau-minkstos-vistienos-file-frigera-100-g\/","name":"Nat\u016bralios pusiau mink\u0161tos vi\u0161tienos fil\u0117 Frigera 100 g - MiuMjau","isPartOf":{"@id":"https:\/\/miumjau.ee\/#website"},"primaryImageOfPage":{"@id":"https:\/\/miumjau.ee\/lt\/produktas\/naturalios-pusiau-minkstos-vistienos-file-frigera-100-g\/#primaryimage"},"image":{"@id":"https:\/\/miumjau.ee\/lt\/produktas\/naturalios-pusiau-minkstos-vistienos-file-frigera-100-g\/#primaryimage"},"thumbnailUrl":"https:\/\/miumjau.ee\/wp-content\/uploads\/2025\/05\/frigera-koerte-maius-kanafilee-100g-Photoroom.jpg","datePublished":"2025-05-29T07:02:16+00:00","dateModified":"2026-01-07T18:53:55+00:00","breadcrumb":{"@id":"https:\/\/miumjau.ee\/lt\/produktas\/naturalios-pusiau-minkstos-vistienos-file-frigera-100-g\/#breadcrumb"},"inLanguage":"lt-LT","potentialAction":[{"@type":"ReadAction","target":["https:\/\/miumjau.ee\/lt\/produktas\/naturalios-pusiau-minkstos-vistienos-file-frigera-100-g\/"]}]},{"@type":"ImageObject","inLanguage":"lt-LT","@id":"https:\/\/miumjau.ee\/lt\/produktas\/naturalios-pusiau-minkstos-vistienos-file-frigera-100-g\/#primaryimage","url":"https:\/\/miumjau.ee\/wp-content\/uploads\/2025\/05\/frigera-koerte-maius-kanafilee-100g-Photoroom.jpg","contentUrl":"https:\/\/miumjau.ee\/wp-content\/uploads\/2025\/05\/frigera-koerte-maius-kanafilee-100g-Photoroom.jpg","width":600,"height":800,"caption":"Kanafilee maiused koerale Frigera"},{"@type":"BreadcrumbList","@id":"https:\/\/miumjau.ee\/lt\/produktas\/naturalios-pusiau-minkstos-vistienos-file-frigera-100-g\/#breadcrumb","itemListElement":[{"@type":"ListItem","position":1,"name":"Home","item":"https:\/\/miumjau.ee\/lt\/"},{"@type":"ListItem","position":2,"name":"Parduotuv\u0117","item":"https:\/\/miumjau.ee\/lt\/parduotuve\/"},{"@type":"ListItem","position":3,"name":"Nat\u016bralios pusiau mink\u0161tos vi\u0161tienos fil\u0117 Frigera 100 g"}]},{"@type":"WebSite","@id":"https:\/\/miumjau.ee\/#website","url":"https:\/\/miumjau.ee\/","name":"MiuMjau","description":"Kraapimispuud kassidele","publisher":{"@id":"https:\/\/miumjau.ee\/#organization"},"potentialAction":[{"@type":"SearchAction","target":{"@type":"EntryPoint","urlTemplate":"https:\/\/miumjau.ee\/?s={search_term_string}"},"query-input":{"@type":"PropertyValueSpecification","valueRequired":true,"valueName":"search_term_string"}}],"inLanguage":"lt-LT"},{"@type":"Organization","@id":"https:\/\/miumjau.ee\/#organization","name":"MiuMjau O\u00dc","url":"https:\/\/miumjau.ee\/","logo":{"@type":"ImageObject","inLanguage":"lt-LT","@id":"https:\/\/miumjau.ee\/#\/schema\/logo\/image\/","url":"https:\/\/miumjau.ee\/wp-content\/uploads\/2022\/04\/MiuMjau-logo-kollane.png","contentUrl":"https:\/\/miumjau.ee\/wp-content\/uploads\/2022\/04\/MiuMjau-logo-kollane.png","width":219,"height":100,"caption":"MiuMjau O\u00dc"},"image":{"@id":"https:\/\/miumjau.ee\/#\/schema\/logo\/image\/"},"sameAs":["https:\/\/www.facebook.com\/miumjaupood\/"]}]}},"_links":{"self":[{"href":"https:\/\/miumjau.ee\/lt\/wp-json\/wp\/v2\/product\/41128","targetHints":{"allow":["GET"]}}],"collection":[{"href":"https:\/\/miumjau.ee\/lt\/wp-json\/wp\/v2\/product"}],"about":[{"href":"https:\/\/miumjau.ee\/lt\/wp-json\/wp\/v2\/types\/product"}],"wp:featuredmedia":[{"embeddable":true,"href":"https:\/\/miumjau.ee\/lt\/wp-json\/wp\/v2\/media\/41276"}],"wp:attachment":[{"href":"https:\/\/miumjau.ee\/lt\/wp-json\/wp\/v2\/media?parent=41128"}],"wp:term":[{"taxonomy":"product_brand","embeddable":true,"href":"https:\/\/miumjau.ee\/lt\/wp-json\/wp\/v2\/product_brand?post=41128"},{"taxonomy":"product_cat","embeddable":true,"href":"https:\/\/miumjau.ee\/lt\/wp-json\/wp\/v2\/product_cat?post=41128"},{"taxonomy":"product_tag","embeddable":true,"href":"https:\/\/miumjau.ee\/lt\/wp-json\/wp\/v2\/product_tag?post=41128"}],"curies":[{"name":"wp","href":"https:\/\/api.w.org\/{rel}","templated":true}]}}