{"id":41125,"date":"2025-05-29T09:33:52","date_gmt":"2025-05-29T06:33:52","guid":{"rendered":"https:\/\/miumjau.ee\/toode\/kalcis-kauliukai-su-vistiena-frigera-500-g\/"},"modified":"2026-01-07T20:54:03","modified_gmt":"2026-01-07T18:54:03","slug":"kalcis-kauliukai-su-vistiena-frigera-500-g","status":"publish","type":"product","link":"https:\/\/miumjau.ee\/lt\/produktas\/kalcis-kauliukai-su-vistiena-frigera-500-g\/","title":{"rendered":"Kalcis \u2013 kauliukai su vi\u0161tiena Frigera 500 g"},"content":{"rendered":"","protected":false},"excerpt":{"rendered":"<p>Kas b\u016bt\u0173, jei j\u016bs\u0173 \u0161uns skan\u0117stas tapt\u0173 viso \u0161un\u0173 parko pokalbi\u0173 tema? Pristatome friGERA kalcio kauliukus su vi\u0161tiena \u2013 ideal\u0173 skan\u0117st\u0105, derinant\u012f skon\u012f, maistin\u0119 vert\u0119 ir dant\u0173 prie\u017ei\u016br\u0105 viename gard\u017eiame k\u0105snyje!<br \/>\nPagaminta i\u0161 auk\u0161tos kokyb\u0117s vi\u0161tienos, suformuotos \u012f sausaini\u0173 formos kauliukus. \u0160ie s\u016br\u016bs skan\u0117stai sukurti stipriems dantims ir dantenoms palaikyti. Tra\u0161ki ir lengvai kramtoma tekst\u016bra padeda palaikyti j\u016bs\u0173 \u0161uns burnos sveikat\u0105. Praturtinti kalciu, \u0161ie kauliukai taip pat padeda stiprinti kaulus, kad j\u016bs\u0173 kailiuotas draugas b\u016bt\u0173 aktyvus ir judrus daugel\u012f met\u0173.<br \/>\nSupakuota \u012f u\u017edarom\u0105 pakuot\u0119, kad kiekvien\u0105 kart\u0105 atidarius i\u0161likt\u0173 \u0161vie\u017eumas. Be dirbtini\u0173 pried\u0173 ir konservant\u0173 \u2013 galite b\u016bti tikri, kad friGERA kalcio kauliukai su vi\u0161tiena suteiks j\u016bs\u0173 augintiniui sveik\u0105 ir skan\u0173 malonum\u0105.<br \/>\nPakelkite savo \u0161uns skan\u0117st\u0173 patirt\u012f \u012f nauj\u0105 lyg\u012f su friGERA \u2013 nes kiekvienas d\u017eiugus uodegos vizg\u0117jimas nusipelno skan\u0117sto, kuris yra ir maistingas, ir gardus!<br \/>\n<strong>Sudedamosios dalys: <\/strong>Vi\u0161tiena 32 %, modifikuotas kukur\u016bz\u0173 krakmolas, kalcio karbonatas, glicerinas, sorbitolis, druska<br \/>\n<strong>\u0160\u0117rimo rekomendacijos: <\/strong>Duokite kaip u\u017ekand\u012f tarp valgym\u0173 arba kaip apdovanojim\u0105 kaip subalansuotos mitybos dal\u012f. Visada steb\u0117kite savo \u0161un\u012f duodami skan\u0117st\u0105. \u0160vie\u017eio vandens visada turi b\u016bti. Nenaudoti \u017emoni\u0173 maistui.<br \/>\n<strong>Analitin\u0117 sud\u0117tis: <\/strong>Baltymai: 16 %, Riebalai: 2,2 %, Pelenai: 4 %, \u017dalia l\u0105steliena: 2 %, Dr\u0117gm\u0117: 18 %<\/p>\n","protected":false},"featured_media":41274,"template":"","meta":[],"product_brand":[],"product_cat":[540,524],"product_tag":[],"class_list":{"0":"post-41125","1":"product","2":"type-product","3":"status-publish","4":"has-post-thumbnail","6":"product_cat-skanestai-sunims","7":"product_cat-kaup24-lt","9":"first","10":"instock","11":"sale","12":"taxable","13":"shipping-taxable","14":"purchasable","15":"product-type-simple"},"yoast_head":"<!-- This site is optimized with the Yoast SEO plugin v27.2 - https:\/\/yoast.com\/product\/yoast-seo-wordpress\/ -->\n<title>Kalcis \u2013 kauliukai su vi\u0161tiena Frigera 500 g - MiuMjau<\/title>\n<meta name=\"robots\" content=\"index, follow, max-snippet:-1, max-image-preview:large, max-video-preview:-1\" \/>\n<link rel=\"canonical\" href=\"https:\/\/miumjau.ee\/lt\/produktas\/kalcis-kauliukai-su-vistiena-frigera-500-g\/\" \/>\n<meta property=\"og:locale\" content=\"lt_LT\" \/>\n<meta property=\"og:type\" content=\"article\" \/>\n<meta property=\"og:title\" content=\"Kalcis \u2013 kauliukai su vi\u0161tiena Frigera 500 g - MiuMjau\" \/>\n<meta property=\"og:description\" content=\"Kas b\u016bt\u0173, jei j\u016bs\u0173 \u0161uns skan\u0117stas tapt\u0173 viso \u0161un\u0173 parko pokalbi\u0173 tema? Pristatome friGERA kalcio kauliukus su vi\u0161tiena \u2013 ideal\u0173 skan\u0117st\u0105, derinant\u012f skon\u012f, maistin\u0119 vert\u0119 ir dant\u0173 prie\u017ei\u016br\u0105 viename gard\u017eiame k\u0105snyje! Pagaminta i\u0161 auk\u0161tos kokyb\u0117s vi\u0161tienos, suformuotos \u012f sausaini\u0173 formos kauliukus. \u0160ie s\u016br\u016bs skan\u0117stai sukurti stipriems dantims ir dantenoms palaikyti. Tra\u0161ki ir lengvai kramtoma tekst\u016bra padeda palaikyti j\u016bs\u0173 \u0161uns burnos sveikat\u0105. Praturtinti kalciu, \u0161ie kauliukai taip pat padeda stiprinti kaulus, kad j\u016bs\u0173 kailiuotas draugas b\u016bt\u0173 aktyvus ir judrus daugel\u012f met\u0173. Supakuota \u012f u\u017edarom\u0105 pakuot\u0119, kad kiekvien\u0105 kart\u0105 atidarius i\u0161likt\u0173 \u0161vie\u017eumas. Be dirbtini\u0173 pried\u0173 ir konservant\u0173 \u2013 galite b\u016bti tikri, kad friGERA kalcio kauliukai su vi\u0161tiena suteiks j\u016bs\u0173 augintiniui sveik\u0105 ir skan\u0173 malonum\u0105. Pakelkite savo \u0161uns skan\u0117st\u0173 patirt\u012f \u012f nauj\u0105 lyg\u012f su friGERA \u2013 nes kiekvienas d\u017eiugus uodegos vizg\u0117jimas nusipelno skan\u0117sto, kuris yra ir maistingas, ir gardus! Sudedamosios dalys: Vi\u0161tiena 32 %, modifikuotas kukur\u016bz\u0173 krakmolas, kalcio karbonatas, glicerinas, sorbitolis, druska \u0160\u0117rimo rekomendacijos: Duokite kaip u\u017ekand\u012f tarp valgym\u0173 arba kaip apdovanojim\u0105 kaip subalansuotos mitybos dal\u012f. Visada steb\u0117kite savo \u0161un\u012f duodami skan\u0117st\u0105. \u0160vie\u017eio vandens visada turi b\u016bti. Nenaudoti \u017emoni\u0173 maistui. Analitin\u0117 sud\u0117tis: Baltymai: 16 %, Riebalai: 2,2 %, Pelenai: 4 %, \u017dalia l\u0105steliena: 2 %, Dr\u0117gm\u0117: 18 %\" \/>\n<meta property=\"og:url\" content=\"https:\/\/miumjau.ee\/lt\/produktas\/kalcis-kauliukai-su-vistiena-frigera-500-g\/\" \/>\n<meta property=\"og:site_name\" content=\"MiuMjau\" \/>\n<meta property=\"article:publisher\" content=\"https:\/\/www.facebook.com\/miumjaupood\/\" \/>\n<meta property=\"article:modified_time\" content=\"2026-01-07T18:54:03+00:00\" \/>\n<meta property=\"og:image\" content=\"https:\/\/miumjau.ee\/wp-content\/uploads\/2025\/05\/frigera-koerte-maius-kaltsiumikondid-kanaga-Photoroom.jpg\" \/>\n\t<meta property=\"og:image:width\" content=\"600\" \/>\n\t<meta property=\"og:image:height\" content=\"800\" \/>\n\t<meta property=\"og:image:type\" content=\"image\/jpeg\" \/>\n<meta name=\"twitter:card\" content=\"summary_large_image\" \/>\n<script type=\"application\/ld+json\" class=\"yoast-schema-graph\">{\"@context\":\"https:\/\/schema.org\",\"@graph\":[{\"@type\":\"WebPage\",\"@id\":\"https:\/\/miumjau.ee\/lt\/produktas\/kalcis-kauliukai-su-vistiena-frigera-500-g\/\",\"url\":\"https:\/\/miumjau.ee\/lt\/produktas\/kalcis-kauliukai-su-vistiena-frigera-500-g\/\",\"name\":\"Kalcis \u2013 kauliukai su vi\u0161tiena Frigera 500 g - MiuMjau\",\"isPartOf\":{\"@id\":\"https:\/\/miumjau.ee\/#website\"},\"primaryImageOfPage\":{\"@id\":\"https:\/\/miumjau.ee\/lt\/produktas\/kalcis-kauliukai-su-vistiena-frigera-500-g\/#primaryimage\"},\"image\":{\"@id\":\"https:\/\/miumjau.ee\/lt\/produktas\/kalcis-kauliukai-su-vistiena-frigera-500-g\/#primaryimage\"},\"thumbnailUrl\":\"https:\/\/miumjau.ee\/wp-content\/uploads\/2025\/05\/frigera-koerte-maius-kaltsiumikondid-kanaga-Photoroom.jpg\",\"datePublished\":\"2025-05-29T06:33:52+00:00\",\"dateModified\":\"2026-01-07T18:54:03+00:00\",\"breadcrumb\":{\"@id\":\"https:\/\/miumjau.ee\/lt\/produktas\/kalcis-kauliukai-su-vistiena-frigera-500-g\/#breadcrumb\"},\"inLanguage\":\"lt-LT\",\"potentialAction\":[{\"@type\":\"ReadAction\",\"target\":[\"https:\/\/miumjau.ee\/lt\/produktas\/kalcis-kauliukai-su-vistiena-frigera-500-g\/\"]}]},{\"@type\":\"ImageObject\",\"inLanguage\":\"lt-LT\",\"@id\":\"https:\/\/miumjau.ee\/lt\/produktas\/kalcis-kauliukai-su-vistiena-frigera-500-g\/#primaryimage\",\"url\":\"https:\/\/miumjau.ee\/wp-content\/uploads\/2025\/05\/frigera-koerte-maius-kaltsiumikondid-kanaga-Photoroom.jpg\",\"contentUrl\":\"https:\/\/miumjau.ee\/wp-content\/uploads\/2025\/05\/frigera-koerte-maius-kaltsiumikondid-kanaga-Photoroom.jpg\",\"width\":600,\"height\":800,\"caption\":\"Kaltsiumi kondikesed kanaga Frigera 500g\"},{\"@type\":\"BreadcrumbList\",\"@id\":\"https:\/\/miumjau.ee\/lt\/produktas\/kalcis-kauliukai-su-vistiena-frigera-500-g\/#breadcrumb\",\"itemListElement\":[{\"@type\":\"ListItem\",\"position\":1,\"name\":\"Home\",\"item\":\"https:\/\/miumjau.ee\/lt\/\"},{\"@type\":\"ListItem\",\"position\":2,\"name\":\"Parduotuv\u0117\",\"item\":\"https:\/\/miumjau.ee\/lt\/parduotuve\/\"},{\"@type\":\"ListItem\",\"position\":3,\"name\":\"Kalcis \u2013 kauliukai su vi\u0161tiena Frigera 500 g\"}]},{\"@type\":\"WebSite\",\"@id\":\"https:\/\/miumjau.ee\/#website\",\"url\":\"https:\/\/miumjau.ee\/\",\"name\":\"MiuMjau\",\"description\":\"Kraapimispuud kassidele\",\"publisher\":{\"@id\":\"https:\/\/miumjau.ee\/#organization\"},\"potentialAction\":[{\"@type\":\"SearchAction\",\"target\":{\"@type\":\"EntryPoint\",\"urlTemplate\":\"https:\/\/miumjau.ee\/?s={search_term_string}\"},\"query-input\":{\"@type\":\"PropertyValueSpecification\",\"valueRequired\":true,\"valueName\":\"search_term_string\"}}],\"inLanguage\":\"lt-LT\"},{\"@type\":\"Organization\",\"@id\":\"https:\/\/miumjau.ee\/#organization\",\"name\":\"MiuMjau O\u00dc\",\"url\":\"https:\/\/miumjau.ee\/\",\"logo\":{\"@type\":\"ImageObject\",\"inLanguage\":\"lt-LT\",\"@id\":\"https:\/\/miumjau.ee\/#\/schema\/logo\/image\/\",\"url\":\"https:\/\/miumjau.ee\/wp-content\/uploads\/2022\/04\/MiuMjau-logo-kollane.png\",\"contentUrl\":\"https:\/\/miumjau.ee\/wp-content\/uploads\/2022\/04\/MiuMjau-logo-kollane.png\",\"width\":219,\"height\":100,\"caption\":\"MiuMjau O\u00dc\"},\"image\":{\"@id\":\"https:\/\/miumjau.ee\/#\/schema\/logo\/image\/\"},\"sameAs\":[\"https:\/\/www.facebook.com\/miumjaupood\/\"]}]}<\/script>\n<!-- \/ Yoast SEO plugin. -->","yoast_head_json":{"title":"Kalcis \u2013 kauliukai su vi\u0161tiena Frigera 500 g - MiuMjau","robots":{"index":"index","follow":"follow","max-snippet":"max-snippet:-1","max-image-preview":"max-image-preview:large","max-video-preview":"max-video-preview:-1"},"canonical":"https:\/\/miumjau.ee\/lt\/produktas\/kalcis-kauliukai-su-vistiena-frigera-500-g\/","og_locale":"lt_LT","og_type":"article","og_title":"Kalcis \u2013 kauliukai su vi\u0161tiena Frigera 500 g - MiuMjau","og_description":"Kas b\u016bt\u0173, jei j\u016bs\u0173 \u0161uns skan\u0117stas tapt\u0173 viso \u0161un\u0173 parko pokalbi\u0173 tema? Pristatome friGERA kalcio kauliukus su vi\u0161tiena \u2013 ideal\u0173 skan\u0117st\u0105, derinant\u012f skon\u012f, maistin\u0119 vert\u0119 ir dant\u0173 prie\u017ei\u016br\u0105 viename gard\u017eiame k\u0105snyje! Pagaminta i\u0161 auk\u0161tos kokyb\u0117s vi\u0161tienos, suformuotos \u012f sausaini\u0173 formos kauliukus. \u0160ie s\u016br\u016bs skan\u0117stai sukurti stipriems dantims ir dantenoms palaikyti. Tra\u0161ki ir lengvai kramtoma tekst\u016bra padeda palaikyti j\u016bs\u0173 \u0161uns burnos sveikat\u0105. Praturtinti kalciu, \u0161ie kauliukai taip pat padeda stiprinti kaulus, kad j\u016bs\u0173 kailiuotas draugas b\u016bt\u0173 aktyvus ir judrus daugel\u012f met\u0173. Supakuota \u012f u\u017edarom\u0105 pakuot\u0119, kad kiekvien\u0105 kart\u0105 atidarius i\u0161likt\u0173 \u0161vie\u017eumas. Be dirbtini\u0173 pried\u0173 ir konservant\u0173 \u2013 galite b\u016bti tikri, kad friGERA kalcio kauliukai su vi\u0161tiena suteiks j\u016bs\u0173 augintiniui sveik\u0105 ir skan\u0173 malonum\u0105. Pakelkite savo \u0161uns skan\u0117st\u0173 patirt\u012f \u012f nauj\u0105 lyg\u012f su friGERA \u2013 nes kiekvienas d\u017eiugus uodegos vizg\u0117jimas nusipelno skan\u0117sto, kuris yra ir maistingas, ir gardus! Sudedamosios dalys: Vi\u0161tiena 32 %, modifikuotas kukur\u016bz\u0173 krakmolas, kalcio karbonatas, glicerinas, sorbitolis, druska \u0160\u0117rimo rekomendacijos: Duokite kaip u\u017ekand\u012f tarp valgym\u0173 arba kaip apdovanojim\u0105 kaip subalansuotos mitybos dal\u012f. Visada steb\u0117kite savo \u0161un\u012f duodami skan\u0117st\u0105. \u0160vie\u017eio vandens visada turi b\u016bti. Nenaudoti \u017emoni\u0173 maistui. Analitin\u0117 sud\u0117tis: Baltymai: 16 %, Riebalai: 2,2 %, Pelenai: 4 %, \u017dalia l\u0105steliena: 2 %, Dr\u0117gm\u0117: 18 %","og_url":"https:\/\/miumjau.ee\/lt\/produktas\/kalcis-kauliukai-su-vistiena-frigera-500-g\/","og_site_name":"MiuMjau","article_publisher":"https:\/\/www.facebook.com\/miumjaupood\/","article_modified_time":"2026-01-07T18:54:03+00:00","og_image":[{"width":600,"height":800,"url":"https:\/\/miumjau.ee\/wp-content\/uploads\/2025\/05\/frigera-koerte-maius-kaltsiumikondid-kanaga-Photoroom.jpg","type":"image\/jpeg"}],"twitter_card":"summary_large_image","schema":{"@context":"https:\/\/schema.org","@graph":[{"@type":"WebPage","@id":"https:\/\/miumjau.ee\/lt\/produktas\/kalcis-kauliukai-su-vistiena-frigera-500-g\/","url":"https:\/\/miumjau.ee\/lt\/produktas\/kalcis-kauliukai-su-vistiena-frigera-500-g\/","name":"Kalcis \u2013 kauliukai su vi\u0161tiena Frigera 500 g - MiuMjau","isPartOf":{"@id":"https:\/\/miumjau.ee\/#website"},"primaryImageOfPage":{"@id":"https:\/\/miumjau.ee\/lt\/produktas\/kalcis-kauliukai-su-vistiena-frigera-500-g\/#primaryimage"},"image":{"@id":"https:\/\/miumjau.ee\/lt\/produktas\/kalcis-kauliukai-su-vistiena-frigera-500-g\/#primaryimage"},"thumbnailUrl":"https:\/\/miumjau.ee\/wp-content\/uploads\/2025\/05\/frigera-koerte-maius-kaltsiumikondid-kanaga-Photoroom.jpg","datePublished":"2025-05-29T06:33:52+00:00","dateModified":"2026-01-07T18:54:03+00:00","breadcrumb":{"@id":"https:\/\/miumjau.ee\/lt\/produktas\/kalcis-kauliukai-su-vistiena-frigera-500-g\/#breadcrumb"},"inLanguage":"lt-LT","potentialAction":[{"@type":"ReadAction","target":["https:\/\/miumjau.ee\/lt\/produktas\/kalcis-kauliukai-su-vistiena-frigera-500-g\/"]}]},{"@type":"ImageObject","inLanguage":"lt-LT","@id":"https:\/\/miumjau.ee\/lt\/produktas\/kalcis-kauliukai-su-vistiena-frigera-500-g\/#primaryimage","url":"https:\/\/miumjau.ee\/wp-content\/uploads\/2025\/05\/frigera-koerte-maius-kaltsiumikondid-kanaga-Photoroom.jpg","contentUrl":"https:\/\/miumjau.ee\/wp-content\/uploads\/2025\/05\/frigera-koerte-maius-kaltsiumikondid-kanaga-Photoroom.jpg","width":600,"height":800,"caption":"Kaltsiumi kondikesed kanaga Frigera 500g"},{"@type":"BreadcrumbList","@id":"https:\/\/miumjau.ee\/lt\/produktas\/kalcis-kauliukai-su-vistiena-frigera-500-g\/#breadcrumb","itemListElement":[{"@type":"ListItem","position":1,"name":"Home","item":"https:\/\/miumjau.ee\/lt\/"},{"@type":"ListItem","position":2,"name":"Parduotuv\u0117","item":"https:\/\/miumjau.ee\/lt\/parduotuve\/"},{"@type":"ListItem","position":3,"name":"Kalcis \u2013 kauliukai su vi\u0161tiena Frigera 500 g"}]},{"@type":"WebSite","@id":"https:\/\/miumjau.ee\/#website","url":"https:\/\/miumjau.ee\/","name":"MiuMjau","description":"Kraapimispuud kassidele","publisher":{"@id":"https:\/\/miumjau.ee\/#organization"},"potentialAction":[{"@type":"SearchAction","target":{"@type":"EntryPoint","urlTemplate":"https:\/\/miumjau.ee\/?s={search_term_string}"},"query-input":{"@type":"PropertyValueSpecification","valueRequired":true,"valueName":"search_term_string"}}],"inLanguage":"lt-LT"},{"@type":"Organization","@id":"https:\/\/miumjau.ee\/#organization","name":"MiuMjau O\u00dc","url":"https:\/\/miumjau.ee\/","logo":{"@type":"ImageObject","inLanguage":"lt-LT","@id":"https:\/\/miumjau.ee\/#\/schema\/logo\/image\/","url":"https:\/\/miumjau.ee\/wp-content\/uploads\/2022\/04\/MiuMjau-logo-kollane.png","contentUrl":"https:\/\/miumjau.ee\/wp-content\/uploads\/2022\/04\/MiuMjau-logo-kollane.png","width":219,"height":100,"caption":"MiuMjau O\u00dc"},"image":{"@id":"https:\/\/miumjau.ee\/#\/schema\/logo\/image\/"},"sameAs":["https:\/\/www.facebook.com\/miumjaupood\/"]}]}},"_links":{"self":[{"href":"https:\/\/miumjau.ee\/lt\/wp-json\/wp\/v2\/product\/41125","targetHints":{"allow":["GET"]}}],"collection":[{"href":"https:\/\/miumjau.ee\/lt\/wp-json\/wp\/v2\/product"}],"about":[{"href":"https:\/\/miumjau.ee\/lt\/wp-json\/wp\/v2\/types\/product"}],"wp:featuredmedia":[{"embeddable":true,"href":"https:\/\/miumjau.ee\/lt\/wp-json\/wp\/v2\/media\/41274"}],"wp:attachment":[{"href":"https:\/\/miumjau.ee\/lt\/wp-json\/wp\/v2\/media?parent=41125"}],"wp:term":[{"taxonomy":"product_brand","embeddable":true,"href":"https:\/\/miumjau.ee\/lt\/wp-json\/wp\/v2\/product_brand?post=41125"},{"taxonomy":"product_cat","embeddable":true,"href":"https:\/\/miumjau.ee\/lt\/wp-json\/wp\/v2\/product_cat?post=41125"},{"taxonomy":"product_tag","embeddable":true,"href":"https:\/\/miumjau.ee\/lt\/wp-json\/wp\/v2\/product_tag?post=41125"}],"curies":[{"name":"wp","href":"https:\/\/api.w.org\/{rel}","templated":true}]}}