{"id":41123,"date":"2025-05-29T09:27:33","date_gmt":"2025-05-29T06:27:33","guid":{"rendered":"https:\/\/miumjau.ee\/toode\/dziovintos-pusiau-minkstos-vistienos-file-juosteles-frigera-500-g\/"},"modified":"2026-01-07T20:54:03","modified_gmt":"2026-01-07T18:54:03","slug":"dziovintos-pusiau-minkstos-vistienos-file-juosteles-frigera-500-g","status":"publish","type":"product","link":"https:\/\/miumjau.ee\/lt\/produktas\/dziovintos-pusiau-minkstos-vistienos-file-juosteles-frigera-500-g\/","title":{"rendered":"D\u017eiovintos pusiau mink\u0161tos vi\u0161tienos fil\u0117 juostel\u0117s Frigera 500 g"},"content":{"rendered":"","protected":false},"excerpt":{"rendered":"<p>Ar esate pasiruo\u0161\u0119 paversti savo \u0161uns skan\u0117st\u0173 laik\u0105 dienos geriausiu momentu? Pristatome friGERA vi\u0161tienos fil\u0117 juosteles \u2013 kiekvienas k\u0105snis yra skonio ir maistini\u0173 med\u017eiag\u0173 sprogimas j\u016bs\u0173 mylimam augintiniui!<br \/>\nPagaminta i\u0161 auk\u0161\u010diausios kokyb\u0117s vi\u0161tienos, kiekviena juostel\u0117 \u0161velniai apdorota, kad i\u0161laikyt\u0173 nat\u016bral\u0173 skon\u012f ir maistin\u0119 vert\u0119. \u0160ie gard\u016bs skan\u0117stai ne tik skan\u016bs, bet ir turtingas baltym\u0173 \u0161altinis, padedantis j\u016bs\u0173 \u0161uniui auginti raumenis ir i\u0161laikyti ger\u0105 sveikat\u0105.<br \/>\nNesvarbu, ar tai b\u016bt\u0173 ilgesnis apdovanojimas treniruot\u0117je, ar tiesiog skanus skan\u0117stas \u2013 friGERA vi\u0161tienos fil\u0117 juostel\u0117s privers j\u016bs\u0173 \u0161uns uodeg\u0105 d\u017eiaugsmingai vizg\u0117ti. Patogiose porcijose ir u\u017edaromoje pakuot\u0117je \u2013 \u0161vie\u017eia ir patogu bet kuriuo metu. Ir svarbiausia \u2013 be dirbtini\u0173 pried\u0173 ir konservant\u0173.<br \/>\nPalepinkite savo \u0161un\u012f d\u017eiaugsmo akimirka \u2013 friGERA vi\u0161tienos fil\u0117 juostel\u0117s, nes kiekviena kartu praleista akimirka verta gardaus atlygio!<br \/>\n<strong>Sudedamosios dalys: <\/strong>Vi\u0161tienos fil\u0117 94,5 %, glicerinas, modifikuotas kukur\u016bz\u0173 krakmolas, sorbitolis<br \/>\n<strong>\u0160\u0117rimo rekomendacijos: <\/strong>Duokite kaip u\u017ekand\u012f tarp valgym\u0173 arba kaip apdovanojim\u0105 kaip subalansuotos mitybos dal\u012f. Visada steb\u0117kite savo \u0161un\u012f duodami skan\u0117st\u0105. \u0160vie\u017eio vandens visada turi b\u016bti. Nenaudoti \u017emoni\u0173 maistui.<br \/>\n<strong>Analitin\u0117 sud\u0117tis: <\/strong>Baltymai: 16 %, Riebalai: 2,2 %, Pelenai: 4 %, \u017dalia l\u0105steliena: 2 %, Dr\u0117gm\u0117: 18 %<\/p>\n","protected":false},"featured_media":41272,"template":"","meta":[],"product_brand":[],"product_cat":[540,524],"product_tag":[],"class_list":{"0":"post-41123","1":"product","2":"type-product","3":"status-publish","4":"has-post-thumbnail","6":"product_cat-skanestai-sunims","7":"product_cat-kaup24-lt","9":"first","10":"outofstock","11":"sale","12":"taxable","13":"shipping-taxable","14":"purchasable","15":"product-type-simple"},"yoast_head":"<!-- This site is optimized with the Yoast SEO plugin v27.2 - https:\/\/yoast.com\/product\/yoast-seo-wordpress\/ -->\n<title>D\u017eiovintos pusiau mink\u0161tos vi\u0161tienos fil\u0117 juostel\u0117s Frigera 500 g - MiuMjau<\/title>\n<meta name=\"robots\" content=\"index, follow, max-snippet:-1, max-image-preview:large, max-video-preview:-1\" \/>\n<link rel=\"canonical\" href=\"https:\/\/miumjau.ee\/lt\/produktas\/dziovintos-pusiau-minkstos-vistienos-file-juosteles-frigera-500-g\/\" \/>\n<meta property=\"og:locale\" content=\"lt_LT\" \/>\n<meta property=\"og:type\" content=\"article\" \/>\n<meta property=\"og:title\" content=\"D\u017eiovintos pusiau mink\u0161tos vi\u0161tienos fil\u0117 juostel\u0117s Frigera 500 g - MiuMjau\" \/>\n<meta property=\"og:description\" content=\"Ar esate pasiruo\u0161\u0119 paversti savo \u0161uns skan\u0117st\u0173 laik\u0105 dienos geriausiu momentu? Pristatome friGERA vi\u0161tienos fil\u0117 juosteles \u2013 kiekvienas k\u0105snis yra skonio ir maistini\u0173 med\u017eiag\u0173 sprogimas j\u016bs\u0173 mylimam augintiniui! Pagaminta i\u0161 auk\u0161\u010diausios kokyb\u0117s vi\u0161tienos, kiekviena juostel\u0117 \u0161velniai apdorota, kad i\u0161laikyt\u0173 nat\u016bral\u0173 skon\u012f ir maistin\u0119 vert\u0119. \u0160ie gard\u016bs skan\u0117stai ne tik skan\u016bs, bet ir turtingas baltym\u0173 \u0161altinis, padedantis j\u016bs\u0173 \u0161uniui auginti raumenis ir i\u0161laikyti ger\u0105 sveikat\u0105. Nesvarbu, ar tai b\u016bt\u0173 ilgesnis apdovanojimas treniruot\u0117je, ar tiesiog skanus skan\u0117stas \u2013 friGERA vi\u0161tienos fil\u0117 juostel\u0117s privers j\u016bs\u0173 \u0161uns uodeg\u0105 d\u017eiaugsmingai vizg\u0117ti. Patogiose porcijose ir u\u017edaromoje pakuot\u0117je \u2013 \u0161vie\u017eia ir patogu bet kuriuo metu. Ir svarbiausia \u2013 be dirbtini\u0173 pried\u0173 ir konservant\u0173. Palepinkite savo \u0161un\u012f d\u017eiaugsmo akimirka \u2013 friGERA vi\u0161tienos fil\u0117 juostel\u0117s, nes kiekviena kartu praleista akimirka verta gardaus atlygio! Sudedamosios dalys: Vi\u0161tienos fil\u0117 94,5 %, glicerinas, modifikuotas kukur\u016bz\u0173 krakmolas, sorbitolis \u0160\u0117rimo rekomendacijos: Duokite kaip u\u017ekand\u012f tarp valgym\u0173 arba kaip apdovanojim\u0105 kaip subalansuotos mitybos dal\u012f. Visada steb\u0117kite savo \u0161un\u012f duodami skan\u0117st\u0105. \u0160vie\u017eio vandens visada turi b\u016bti. Nenaudoti \u017emoni\u0173 maistui. Analitin\u0117 sud\u0117tis: Baltymai: 16 %, Riebalai: 2,2 %, Pelenai: 4 %, \u017dalia l\u0105steliena: 2 %, Dr\u0117gm\u0117: 18 %\" \/>\n<meta property=\"og:url\" content=\"https:\/\/miumjau.ee\/lt\/produktas\/dziovintos-pusiau-minkstos-vistienos-file-juosteles-frigera-500-g\/\" \/>\n<meta property=\"og:site_name\" content=\"MiuMjau\" \/>\n<meta property=\"article:publisher\" content=\"https:\/\/www.facebook.com\/miumjaupood\/\" \/>\n<meta property=\"article:modified_time\" content=\"2026-01-07T18:54:03+00:00\" \/>\n<meta property=\"og:image\" content=\"https:\/\/miumjau.ee\/wp-content\/uploads\/2025\/05\/frigera-koerte-maius-kana-ribad-Photoroom.jpg\" \/>\n\t<meta property=\"og:image:width\" content=\"600\" \/>\n\t<meta property=\"og:image:height\" content=\"800\" \/>\n\t<meta property=\"og:image:type\" content=\"image\/jpeg\" \/>\n<meta name=\"twitter:card\" content=\"summary_large_image\" \/>\n<script type=\"application\/ld+json\" class=\"yoast-schema-graph\">{\"@context\":\"https:\/\/schema.org\",\"@graph\":[{\"@type\":\"WebPage\",\"@id\":\"https:\/\/miumjau.ee\/lt\/produktas\/dziovintos-pusiau-minkstos-vistienos-file-juosteles-frigera-500-g\/\",\"url\":\"https:\/\/miumjau.ee\/lt\/produktas\/dziovintos-pusiau-minkstos-vistienos-file-juosteles-frigera-500-g\/\",\"name\":\"D\u017eiovintos pusiau mink\u0161tos vi\u0161tienos fil\u0117 juostel\u0117s Frigera 500 g - MiuMjau\",\"isPartOf\":{\"@id\":\"https:\/\/miumjau.ee\/#website\"},\"primaryImageOfPage\":{\"@id\":\"https:\/\/miumjau.ee\/lt\/produktas\/dziovintos-pusiau-minkstos-vistienos-file-juosteles-frigera-500-g\/#primaryimage\"},\"image\":{\"@id\":\"https:\/\/miumjau.ee\/lt\/produktas\/dziovintos-pusiau-minkstos-vistienos-file-juosteles-frigera-500-g\/#primaryimage\"},\"thumbnailUrl\":\"https:\/\/miumjau.ee\/wp-content\/uploads\/2025\/05\/frigera-koerte-maius-kana-ribad-Photoroom.jpg\",\"datePublished\":\"2025-05-29T06:27:33+00:00\",\"dateModified\":\"2026-01-07T18:54:03+00:00\",\"breadcrumb\":{\"@id\":\"https:\/\/miumjau.ee\/lt\/produktas\/dziovintos-pusiau-minkstos-vistienos-file-juosteles-frigera-500-g\/#breadcrumb\"},\"inLanguage\":\"lt-LT\",\"potentialAction\":[{\"@type\":\"ReadAction\",\"target\":[\"https:\/\/miumjau.ee\/lt\/produktas\/dziovintos-pusiau-minkstos-vistienos-file-juosteles-frigera-500-g\/\"]}]},{\"@type\":\"ImageObject\",\"inLanguage\":\"lt-LT\",\"@id\":\"https:\/\/miumjau.ee\/lt\/produktas\/dziovintos-pusiau-minkstos-vistienos-file-juosteles-frigera-500-g\/#primaryimage\",\"url\":\"https:\/\/miumjau.ee\/wp-content\/uploads\/2025\/05\/frigera-koerte-maius-kana-ribad-Photoroom.jpg\",\"contentUrl\":\"https:\/\/miumjau.ee\/wp-content\/uploads\/2025\/05\/frigera-koerte-maius-kana-ribad-Photoroom.jpg\",\"width\":600,\"height\":800,\"caption\":\"Kuivatatud poolpehmed kanafilee ribad Frigera 500g\"},{\"@type\":\"BreadcrumbList\",\"@id\":\"https:\/\/miumjau.ee\/lt\/produktas\/dziovintos-pusiau-minkstos-vistienos-file-juosteles-frigera-500-g\/#breadcrumb\",\"itemListElement\":[{\"@type\":\"ListItem\",\"position\":1,\"name\":\"Home\",\"item\":\"https:\/\/miumjau.ee\/lt\/\"},{\"@type\":\"ListItem\",\"position\":2,\"name\":\"Parduotuv\u0117\",\"item\":\"https:\/\/miumjau.ee\/lt\/parduotuve\/\"},{\"@type\":\"ListItem\",\"position\":3,\"name\":\"D\u017eiovintos pusiau mink\u0161tos vi\u0161tienos fil\u0117 juostel\u0117s Frigera 500 g\"}]},{\"@type\":\"WebSite\",\"@id\":\"https:\/\/miumjau.ee\/#website\",\"url\":\"https:\/\/miumjau.ee\/\",\"name\":\"MiuMjau\",\"description\":\"Kraapimispuud kassidele\",\"publisher\":{\"@id\":\"https:\/\/miumjau.ee\/#organization\"},\"potentialAction\":[{\"@type\":\"SearchAction\",\"target\":{\"@type\":\"EntryPoint\",\"urlTemplate\":\"https:\/\/miumjau.ee\/?s={search_term_string}\"},\"query-input\":{\"@type\":\"PropertyValueSpecification\",\"valueRequired\":true,\"valueName\":\"search_term_string\"}}],\"inLanguage\":\"lt-LT\"},{\"@type\":\"Organization\",\"@id\":\"https:\/\/miumjau.ee\/#organization\",\"name\":\"MiuMjau O\u00dc\",\"url\":\"https:\/\/miumjau.ee\/\",\"logo\":{\"@type\":\"ImageObject\",\"inLanguage\":\"lt-LT\",\"@id\":\"https:\/\/miumjau.ee\/#\/schema\/logo\/image\/\",\"url\":\"https:\/\/miumjau.ee\/wp-content\/uploads\/2022\/04\/MiuMjau-logo-kollane.png\",\"contentUrl\":\"https:\/\/miumjau.ee\/wp-content\/uploads\/2022\/04\/MiuMjau-logo-kollane.png\",\"width\":219,\"height\":100,\"caption\":\"MiuMjau O\u00dc\"},\"image\":{\"@id\":\"https:\/\/miumjau.ee\/#\/schema\/logo\/image\/\"},\"sameAs\":[\"https:\/\/www.facebook.com\/miumjaupood\/\"]}]}<\/script>\n<!-- \/ Yoast SEO plugin. -->","yoast_head_json":{"title":"D\u017eiovintos pusiau mink\u0161tos vi\u0161tienos fil\u0117 juostel\u0117s Frigera 500 g - MiuMjau","robots":{"index":"index","follow":"follow","max-snippet":"max-snippet:-1","max-image-preview":"max-image-preview:large","max-video-preview":"max-video-preview:-1"},"canonical":"https:\/\/miumjau.ee\/lt\/produktas\/dziovintos-pusiau-minkstos-vistienos-file-juosteles-frigera-500-g\/","og_locale":"lt_LT","og_type":"article","og_title":"D\u017eiovintos pusiau mink\u0161tos vi\u0161tienos fil\u0117 juostel\u0117s Frigera 500 g - MiuMjau","og_description":"Ar esate pasiruo\u0161\u0119 paversti savo \u0161uns skan\u0117st\u0173 laik\u0105 dienos geriausiu momentu? Pristatome friGERA vi\u0161tienos fil\u0117 juosteles \u2013 kiekvienas k\u0105snis yra skonio ir maistini\u0173 med\u017eiag\u0173 sprogimas j\u016bs\u0173 mylimam augintiniui! Pagaminta i\u0161 auk\u0161\u010diausios kokyb\u0117s vi\u0161tienos, kiekviena juostel\u0117 \u0161velniai apdorota, kad i\u0161laikyt\u0173 nat\u016bral\u0173 skon\u012f ir maistin\u0119 vert\u0119. \u0160ie gard\u016bs skan\u0117stai ne tik skan\u016bs, bet ir turtingas baltym\u0173 \u0161altinis, padedantis j\u016bs\u0173 \u0161uniui auginti raumenis ir i\u0161laikyti ger\u0105 sveikat\u0105. Nesvarbu, ar tai b\u016bt\u0173 ilgesnis apdovanojimas treniruot\u0117je, ar tiesiog skanus skan\u0117stas \u2013 friGERA vi\u0161tienos fil\u0117 juostel\u0117s privers j\u016bs\u0173 \u0161uns uodeg\u0105 d\u017eiaugsmingai vizg\u0117ti. Patogiose porcijose ir u\u017edaromoje pakuot\u0117je \u2013 \u0161vie\u017eia ir patogu bet kuriuo metu. Ir svarbiausia \u2013 be dirbtini\u0173 pried\u0173 ir konservant\u0173. Palepinkite savo \u0161un\u012f d\u017eiaugsmo akimirka \u2013 friGERA vi\u0161tienos fil\u0117 juostel\u0117s, nes kiekviena kartu praleista akimirka verta gardaus atlygio! Sudedamosios dalys: Vi\u0161tienos fil\u0117 94,5 %, glicerinas, modifikuotas kukur\u016bz\u0173 krakmolas, sorbitolis \u0160\u0117rimo rekomendacijos: Duokite kaip u\u017ekand\u012f tarp valgym\u0173 arba kaip apdovanojim\u0105 kaip subalansuotos mitybos dal\u012f. Visada steb\u0117kite savo \u0161un\u012f duodami skan\u0117st\u0105. \u0160vie\u017eio vandens visada turi b\u016bti. Nenaudoti \u017emoni\u0173 maistui. Analitin\u0117 sud\u0117tis: Baltymai: 16 %, Riebalai: 2,2 %, Pelenai: 4 %, \u017dalia l\u0105steliena: 2 %, Dr\u0117gm\u0117: 18 %","og_url":"https:\/\/miumjau.ee\/lt\/produktas\/dziovintos-pusiau-minkstos-vistienos-file-juosteles-frigera-500-g\/","og_site_name":"MiuMjau","article_publisher":"https:\/\/www.facebook.com\/miumjaupood\/","article_modified_time":"2026-01-07T18:54:03+00:00","og_image":[{"width":600,"height":800,"url":"https:\/\/miumjau.ee\/wp-content\/uploads\/2025\/05\/frigera-koerte-maius-kana-ribad-Photoroom.jpg","type":"image\/jpeg"}],"twitter_card":"summary_large_image","schema":{"@context":"https:\/\/schema.org","@graph":[{"@type":"WebPage","@id":"https:\/\/miumjau.ee\/lt\/produktas\/dziovintos-pusiau-minkstos-vistienos-file-juosteles-frigera-500-g\/","url":"https:\/\/miumjau.ee\/lt\/produktas\/dziovintos-pusiau-minkstos-vistienos-file-juosteles-frigera-500-g\/","name":"D\u017eiovintos pusiau mink\u0161tos vi\u0161tienos fil\u0117 juostel\u0117s Frigera 500 g - MiuMjau","isPartOf":{"@id":"https:\/\/miumjau.ee\/#website"},"primaryImageOfPage":{"@id":"https:\/\/miumjau.ee\/lt\/produktas\/dziovintos-pusiau-minkstos-vistienos-file-juosteles-frigera-500-g\/#primaryimage"},"image":{"@id":"https:\/\/miumjau.ee\/lt\/produktas\/dziovintos-pusiau-minkstos-vistienos-file-juosteles-frigera-500-g\/#primaryimage"},"thumbnailUrl":"https:\/\/miumjau.ee\/wp-content\/uploads\/2025\/05\/frigera-koerte-maius-kana-ribad-Photoroom.jpg","datePublished":"2025-05-29T06:27:33+00:00","dateModified":"2026-01-07T18:54:03+00:00","breadcrumb":{"@id":"https:\/\/miumjau.ee\/lt\/produktas\/dziovintos-pusiau-minkstos-vistienos-file-juosteles-frigera-500-g\/#breadcrumb"},"inLanguage":"lt-LT","potentialAction":[{"@type":"ReadAction","target":["https:\/\/miumjau.ee\/lt\/produktas\/dziovintos-pusiau-minkstos-vistienos-file-juosteles-frigera-500-g\/"]}]},{"@type":"ImageObject","inLanguage":"lt-LT","@id":"https:\/\/miumjau.ee\/lt\/produktas\/dziovintos-pusiau-minkstos-vistienos-file-juosteles-frigera-500-g\/#primaryimage","url":"https:\/\/miumjau.ee\/wp-content\/uploads\/2025\/05\/frigera-koerte-maius-kana-ribad-Photoroom.jpg","contentUrl":"https:\/\/miumjau.ee\/wp-content\/uploads\/2025\/05\/frigera-koerte-maius-kana-ribad-Photoroom.jpg","width":600,"height":800,"caption":"Kuivatatud poolpehmed kanafilee ribad Frigera 500g"},{"@type":"BreadcrumbList","@id":"https:\/\/miumjau.ee\/lt\/produktas\/dziovintos-pusiau-minkstos-vistienos-file-juosteles-frigera-500-g\/#breadcrumb","itemListElement":[{"@type":"ListItem","position":1,"name":"Home","item":"https:\/\/miumjau.ee\/lt\/"},{"@type":"ListItem","position":2,"name":"Parduotuv\u0117","item":"https:\/\/miumjau.ee\/lt\/parduotuve\/"},{"@type":"ListItem","position":3,"name":"D\u017eiovintos pusiau mink\u0161tos vi\u0161tienos fil\u0117 juostel\u0117s Frigera 500 g"}]},{"@type":"WebSite","@id":"https:\/\/miumjau.ee\/#website","url":"https:\/\/miumjau.ee\/","name":"MiuMjau","description":"Kraapimispuud kassidele","publisher":{"@id":"https:\/\/miumjau.ee\/#organization"},"potentialAction":[{"@type":"SearchAction","target":{"@type":"EntryPoint","urlTemplate":"https:\/\/miumjau.ee\/?s={search_term_string}"},"query-input":{"@type":"PropertyValueSpecification","valueRequired":true,"valueName":"search_term_string"}}],"inLanguage":"lt-LT"},{"@type":"Organization","@id":"https:\/\/miumjau.ee\/#organization","name":"MiuMjau O\u00dc","url":"https:\/\/miumjau.ee\/","logo":{"@type":"ImageObject","inLanguage":"lt-LT","@id":"https:\/\/miumjau.ee\/#\/schema\/logo\/image\/","url":"https:\/\/miumjau.ee\/wp-content\/uploads\/2022\/04\/MiuMjau-logo-kollane.png","contentUrl":"https:\/\/miumjau.ee\/wp-content\/uploads\/2022\/04\/MiuMjau-logo-kollane.png","width":219,"height":100,"caption":"MiuMjau O\u00dc"},"image":{"@id":"https:\/\/miumjau.ee\/#\/schema\/logo\/image\/"},"sameAs":["https:\/\/www.facebook.com\/miumjaupood\/"]}]}},"_links":{"self":[{"href":"https:\/\/miumjau.ee\/lt\/wp-json\/wp\/v2\/product\/41123","targetHints":{"allow":["GET"]}}],"collection":[{"href":"https:\/\/miumjau.ee\/lt\/wp-json\/wp\/v2\/product"}],"about":[{"href":"https:\/\/miumjau.ee\/lt\/wp-json\/wp\/v2\/types\/product"}],"wp:featuredmedia":[{"embeddable":true,"href":"https:\/\/miumjau.ee\/lt\/wp-json\/wp\/v2\/media\/41272"}],"wp:attachment":[{"href":"https:\/\/miumjau.ee\/lt\/wp-json\/wp\/v2\/media?parent=41123"}],"wp:term":[{"taxonomy":"product_brand","embeddable":true,"href":"https:\/\/miumjau.ee\/lt\/wp-json\/wp\/v2\/product_brand?post=41123"},{"taxonomy":"product_cat","embeddable":true,"href":"https:\/\/miumjau.ee\/lt\/wp-json\/wp\/v2\/product_cat?post=41123"},{"taxonomy":"product_tag","embeddable":true,"href":"https:\/\/miumjau.ee\/lt\/wp-json\/wp\/v2\/product_tag?post=41123"}],"curies":[{"name":"wp","href":"https:\/\/api.w.org\/{rel}","templated":true}]}}