{"id":41120,"date":"2025-05-29T09:18:37","date_gmt":"2025-05-29T06:18:37","guid":{"rendered":"https:\/\/miumjau.ee\/toode\/naturalios-antienos-file-juosteles-frigera-100-g\/"},"modified":"2026-01-07T20:54:03","modified_gmt":"2026-01-07T18:54:03","slug":"naturalios-antienos-file-juosteles-frigera-100-g","status":"publish","type":"product","link":"https:\/\/miumjau.ee\/lt\/produktas\/naturalios-antienos-file-juosteles-frigera-100-g\/","title":{"rendered":"Nat\u016bralios antienos fil\u0117 juostel\u0117s Frigera 100 g"},"content":{"rendered":"","protected":false},"excerpt":{"rendered":"<p>Ar esate pasiruo\u0161\u0119 paversti savo \u0161uns skan\u0117st\u0173 laik\u0105 dienos akcentu? Pristatome friGERA antienos fil\u0117 \u2013 kiekvienas k\u0105snis yra skonio kupina kelion\u0117 j\u016bs\u0173 mylimam augintiniui!<br \/>\nPagaminta rankomis i\u0161 auk\u0161\u010diausios kokyb\u0117s laisvai augintos anties m\u0117sos, kiekvienas gabal\u0117lis i\u0161laiko nat\u016bral\u0173 skon\u012f ir maistin\u0119 vert\u0119. \u0160ie gard\u016bs fil\u0117 gabal\u0117liai ne tik skan\u016bs, bet ir tikra baltym\u0173 bomba, palaikanti \u0161uns raumen\u0173 vystym\u0105si ir bendr\u0105 gerov\u0119. Nesvarbu, ar tai b\u016bt\u0173 apdovanojimas treniruot\u0117je, ar tiesiog skanus palepinimas \u2013 friGERA antienos fil\u0117 privers j\u016bs\u0173 \u0161uns uodeg\u0105 d\u017eiaugsmingai vizg\u0117ti.<br \/>\nSupakuota patogioje pakuot\u0117je, u\u017etikrinan\u010dioje \u0161vie\u017eum\u0105 kiekvienoje porcijoje. Galite b\u016bti tikri, kad savo augintiniui suteikiate tik tai, kas geriausia.<br \/>\n<strong>Sudedamosios dalys: <\/strong>Antienos fil\u0117 91,5 %, glicerinas, modifikuotas kukur\u016bz\u0173 krakmolas, sorbitolis<br \/>\n<strong>\u0160\u0117rimo rekomendacijos: <\/strong>Duokite kaip u\u017ekand\u012f tarp valgym\u0173 arba kaip apdovanojim\u0105 kaip subalansuotos mitybos dal\u012f. Visada steb\u0117kite savo \u0161un\u012f duodami skan\u0117st\u0105. \u0160vie\u017eio vandens visada turi b\u016bti. Nenaudoti \u017emoni\u0173 maistui.<br \/>\n<strong>Analitin\u0117 sud\u0117tis: <\/strong>Baltymai: 45 %, Riebalai: 2 %, Pelenai: 1,5 %, \u017dalia l\u0105steliena: 2 %, Dr\u0117gm\u0117: 20 %<\/p>\n","protected":false},"featured_media":41271,"template":"","meta":[],"product_brand":[],"product_cat":[540,524],"product_tag":[],"class_list":{"0":"post-41120","1":"product","2":"type-product","3":"status-publish","4":"has-post-thumbnail","6":"product_cat-skanestai-sunims","7":"product_cat-kaup24-lt","9":"first","10":"instock","11":"taxable","12":"shipping-taxable","13":"purchasable","14":"product-type-simple"},"yoast_head":"<!-- This site is optimized with the Yoast SEO plugin v27.2 - https:\/\/yoast.com\/product\/yoast-seo-wordpress\/ -->\n<title>Nat\u016bralios antienos fil\u0117 juostel\u0117s Frigera 100 g - MiuMjau<\/title>\n<meta name=\"robots\" content=\"index, follow, max-snippet:-1, max-image-preview:large, max-video-preview:-1\" \/>\n<link rel=\"canonical\" href=\"https:\/\/miumjau.ee\/lt\/produktas\/naturalios-antienos-file-juosteles-frigera-100-g\/\" \/>\n<meta property=\"og:locale\" content=\"lt_LT\" \/>\n<meta property=\"og:type\" content=\"article\" \/>\n<meta property=\"og:title\" content=\"Nat\u016bralios antienos fil\u0117 juostel\u0117s Frigera 100 g - MiuMjau\" \/>\n<meta property=\"og:description\" content=\"Ar esate pasiruo\u0161\u0119 paversti savo \u0161uns skan\u0117st\u0173 laik\u0105 dienos akcentu? Pristatome friGERA antienos fil\u0117 \u2013 kiekvienas k\u0105snis yra skonio kupina kelion\u0117 j\u016bs\u0173 mylimam augintiniui! Pagaminta rankomis i\u0161 auk\u0161\u010diausios kokyb\u0117s laisvai augintos anties m\u0117sos, kiekvienas gabal\u0117lis i\u0161laiko nat\u016bral\u0173 skon\u012f ir maistin\u0119 vert\u0119. \u0160ie gard\u016bs fil\u0117 gabal\u0117liai ne tik skan\u016bs, bet ir tikra baltym\u0173 bomba, palaikanti \u0161uns raumen\u0173 vystym\u0105si ir bendr\u0105 gerov\u0119. Nesvarbu, ar tai b\u016bt\u0173 apdovanojimas treniruot\u0117je, ar tiesiog skanus palepinimas \u2013 friGERA antienos fil\u0117 privers j\u016bs\u0173 \u0161uns uodeg\u0105 d\u017eiaugsmingai vizg\u0117ti. Supakuota patogioje pakuot\u0117je, u\u017etikrinan\u010dioje \u0161vie\u017eum\u0105 kiekvienoje porcijoje. Galite b\u016bti tikri, kad savo augintiniui suteikiate tik tai, kas geriausia. Sudedamosios dalys: Antienos fil\u0117 91,5 %, glicerinas, modifikuotas kukur\u016bz\u0173 krakmolas, sorbitolis \u0160\u0117rimo rekomendacijos: Duokite kaip u\u017ekand\u012f tarp valgym\u0173 arba kaip apdovanojim\u0105 kaip subalansuotos mitybos dal\u012f. Visada steb\u0117kite savo \u0161un\u012f duodami skan\u0117st\u0105. \u0160vie\u017eio vandens visada turi b\u016bti. Nenaudoti \u017emoni\u0173 maistui. Analitin\u0117 sud\u0117tis: Baltymai: 45 %, Riebalai: 2 %, Pelenai: 1,5 %, \u017dalia l\u0105steliena: 2 %, Dr\u0117gm\u0117: 20 %\" \/>\n<meta property=\"og:url\" content=\"https:\/\/miumjau.ee\/lt\/produktas\/naturalios-antienos-file-juosteles-frigera-100-g\/\" \/>\n<meta property=\"og:site_name\" content=\"MiuMjau\" \/>\n<meta property=\"article:publisher\" content=\"https:\/\/www.facebook.com\/miumjaupood\/\" \/>\n<meta property=\"article:modified_time\" content=\"2026-01-07T18:54:03+00:00\" \/>\n<meta property=\"og:image\" content=\"https:\/\/miumjau.ee\/wp-content\/uploads\/2025\/05\/frigera-koerte-maius-pardifilee-Photoroom.jpg\" \/>\n\t<meta property=\"og:image:width\" content=\"600\" \/>\n\t<meta property=\"og:image:height\" content=\"800\" \/>\n\t<meta property=\"og:image:type\" content=\"image\/jpeg\" \/>\n<meta name=\"twitter:card\" content=\"summary_large_image\" \/>\n<script type=\"application\/ld+json\" class=\"yoast-schema-graph\">{\"@context\":\"https:\/\/schema.org\",\"@graph\":[{\"@type\":\"WebPage\",\"@id\":\"https:\/\/miumjau.ee\/lt\/produktas\/naturalios-antienos-file-juosteles-frigera-100-g\/\",\"url\":\"https:\/\/miumjau.ee\/lt\/produktas\/naturalios-antienos-file-juosteles-frigera-100-g\/\",\"name\":\"Nat\u016bralios antienos fil\u0117 juostel\u0117s Frigera 100 g - MiuMjau\",\"isPartOf\":{\"@id\":\"https:\/\/miumjau.ee\/#website\"},\"primaryImageOfPage\":{\"@id\":\"https:\/\/miumjau.ee\/lt\/produktas\/naturalios-antienos-file-juosteles-frigera-100-g\/#primaryimage\"},\"image\":{\"@id\":\"https:\/\/miumjau.ee\/lt\/produktas\/naturalios-antienos-file-juosteles-frigera-100-g\/#primaryimage\"},\"thumbnailUrl\":\"https:\/\/miumjau.ee\/wp-content\/uploads\/2025\/05\/frigera-koerte-maius-pardifilee-Photoroom.jpg\",\"datePublished\":\"2025-05-29T06:18:37+00:00\",\"dateModified\":\"2026-01-07T18:54:03+00:00\",\"breadcrumb\":{\"@id\":\"https:\/\/miumjau.ee\/lt\/produktas\/naturalios-antienos-file-juosteles-frigera-100-g\/#breadcrumb\"},\"inLanguage\":\"lt-LT\",\"potentialAction\":[{\"@type\":\"ReadAction\",\"target\":[\"https:\/\/miumjau.ee\/lt\/produktas\/naturalios-antienos-file-juosteles-frigera-100-g\/\"]}]},{\"@type\":\"ImageObject\",\"inLanguage\":\"lt-LT\",\"@id\":\"https:\/\/miumjau.ee\/lt\/produktas\/naturalios-antienos-file-juosteles-frigera-100-g\/#primaryimage\",\"url\":\"https:\/\/miumjau.ee\/wp-content\/uploads\/2025\/05\/frigera-koerte-maius-pardifilee-Photoroom.jpg\",\"contentUrl\":\"https:\/\/miumjau.ee\/wp-content\/uploads\/2025\/05\/frigera-koerte-maius-pardifilee-Photoroom.jpg\",\"width\":600,\"height\":800,\"caption\":\"Naturaalsed pardifilee ribad Frigera 500g\"},{\"@type\":\"BreadcrumbList\",\"@id\":\"https:\/\/miumjau.ee\/lt\/produktas\/naturalios-antienos-file-juosteles-frigera-100-g\/#breadcrumb\",\"itemListElement\":[{\"@type\":\"ListItem\",\"position\":1,\"name\":\"Home\",\"item\":\"https:\/\/miumjau.ee\/lt\/\"},{\"@type\":\"ListItem\",\"position\":2,\"name\":\"Parduotuv\u0117\",\"item\":\"https:\/\/miumjau.ee\/lt\/parduotuve\/\"},{\"@type\":\"ListItem\",\"position\":3,\"name\":\"Nat\u016bralios antienos fil\u0117 juostel\u0117s Frigera 100 g\"}]},{\"@type\":\"WebSite\",\"@id\":\"https:\/\/miumjau.ee\/#website\",\"url\":\"https:\/\/miumjau.ee\/\",\"name\":\"MiuMjau\",\"description\":\"Kraapimispuud kassidele\",\"publisher\":{\"@id\":\"https:\/\/miumjau.ee\/#organization\"},\"potentialAction\":[{\"@type\":\"SearchAction\",\"target\":{\"@type\":\"EntryPoint\",\"urlTemplate\":\"https:\/\/miumjau.ee\/?s={search_term_string}\"},\"query-input\":{\"@type\":\"PropertyValueSpecification\",\"valueRequired\":true,\"valueName\":\"search_term_string\"}}],\"inLanguage\":\"lt-LT\"},{\"@type\":\"Organization\",\"@id\":\"https:\/\/miumjau.ee\/#organization\",\"name\":\"MiuMjau O\u00dc\",\"url\":\"https:\/\/miumjau.ee\/\",\"logo\":{\"@type\":\"ImageObject\",\"inLanguage\":\"lt-LT\",\"@id\":\"https:\/\/miumjau.ee\/#\/schema\/logo\/image\/\",\"url\":\"https:\/\/miumjau.ee\/wp-content\/uploads\/2022\/04\/MiuMjau-logo-kollane.png\",\"contentUrl\":\"https:\/\/miumjau.ee\/wp-content\/uploads\/2022\/04\/MiuMjau-logo-kollane.png\",\"width\":219,\"height\":100,\"caption\":\"MiuMjau O\u00dc\"},\"image\":{\"@id\":\"https:\/\/miumjau.ee\/#\/schema\/logo\/image\/\"},\"sameAs\":[\"https:\/\/www.facebook.com\/miumjaupood\/\"]}]}<\/script>\n<!-- \/ Yoast SEO plugin. -->","yoast_head_json":{"title":"Nat\u016bralios antienos fil\u0117 juostel\u0117s Frigera 100 g - MiuMjau","robots":{"index":"index","follow":"follow","max-snippet":"max-snippet:-1","max-image-preview":"max-image-preview:large","max-video-preview":"max-video-preview:-1"},"canonical":"https:\/\/miumjau.ee\/lt\/produktas\/naturalios-antienos-file-juosteles-frigera-100-g\/","og_locale":"lt_LT","og_type":"article","og_title":"Nat\u016bralios antienos fil\u0117 juostel\u0117s Frigera 100 g - MiuMjau","og_description":"Ar esate pasiruo\u0161\u0119 paversti savo \u0161uns skan\u0117st\u0173 laik\u0105 dienos akcentu? Pristatome friGERA antienos fil\u0117 \u2013 kiekvienas k\u0105snis yra skonio kupina kelion\u0117 j\u016bs\u0173 mylimam augintiniui! Pagaminta rankomis i\u0161 auk\u0161\u010diausios kokyb\u0117s laisvai augintos anties m\u0117sos, kiekvienas gabal\u0117lis i\u0161laiko nat\u016bral\u0173 skon\u012f ir maistin\u0119 vert\u0119. \u0160ie gard\u016bs fil\u0117 gabal\u0117liai ne tik skan\u016bs, bet ir tikra baltym\u0173 bomba, palaikanti \u0161uns raumen\u0173 vystym\u0105si ir bendr\u0105 gerov\u0119. Nesvarbu, ar tai b\u016bt\u0173 apdovanojimas treniruot\u0117je, ar tiesiog skanus palepinimas \u2013 friGERA antienos fil\u0117 privers j\u016bs\u0173 \u0161uns uodeg\u0105 d\u017eiaugsmingai vizg\u0117ti. Supakuota patogioje pakuot\u0117je, u\u017etikrinan\u010dioje \u0161vie\u017eum\u0105 kiekvienoje porcijoje. Galite b\u016bti tikri, kad savo augintiniui suteikiate tik tai, kas geriausia. Sudedamosios dalys: Antienos fil\u0117 91,5 %, glicerinas, modifikuotas kukur\u016bz\u0173 krakmolas, sorbitolis \u0160\u0117rimo rekomendacijos: Duokite kaip u\u017ekand\u012f tarp valgym\u0173 arba kaip apdovanojim\u0105 kaip subalansuotos mitybos dal\u012f. Visada steb\u0117kite savo \u0161un\u012f duodami skan\u0117st\u0105. \u0160vie\u017eio vandens visada turi b\u016bti. Nenaudoti \u017emoni\u0173 maistui. Analitin\u0117 sud\u0117tis: Baltymai: 45 %, Riebalai: 2 %, Pelenai: 1,5 %, \u017dalia l\u0105steliena: 2 %, Dr\u0117gm\u0117: 20 %","og_url":"https:\/\/miumjau.ee\/lt\/produktas\/naturalios-antienos-file-juosteles-frigera-100-g\/","og_site_name":"MiuMjau","article_publisher":"https:\/\/www.facebook.com\/miumjaupood\/","article_modified_time":"2026-01-07T18:54:03+00:00","og_image":[{"width":600,"height":800,"url":"https:\/\/miumjau.ee\/wp-content\/uploads\/2025\/05\/frigera-koerte-maius-pardifilee-Photoroom.jpg","type":"image\/jpeg"}],"twitter_card":"summary_large_image","schema":{"@context":"https:\/\/schema.org","@graph":[{"@type":"WebPage","@id":"https:\/\/miumjau.ee\/lt\/produktas\/naturalios-antienos-file-juosteles-frigera-100-g\/","url":"https:\/\/miumjau.ee\/lt\/produktas\/naturalios-antienos-file-juosteles-frigera-100-g\/","name":"Nat\u016bralios antienos fil\u0117 juostel\u0117s Frigera 100 g - MiuMjau","isPartOf":{"@id":"https:\/\/miumjau.ee\/#website"},"primaryImageOfPage":{"@id":"https:\/\/miumjau.ee\/lt\/produktas\/naturalios-antienos-file-juosteles-frigera-100-g\/#primaryimage"},"image":{"@id":"https:\/\/miumjau.ee\/lt\/produktas\/naturalios-antienos-file-juosteles-frigera-100-g\/#primaryimage"},"thumbnailUrl":"https:\/\/miumjau.ee\/wp-content\/uploads\/2025\/05\/frigera-koerte-maius-pardifilee-Photoroom.jpg","datePublished":"2025-05-29T06:18:37+00:00","dateModified":"2026-01-07T18:54:03+00:00","breadcrumb":{"@id":"https:\/\/miumjau.ee\/lt\/produktas\/naturalios-antienos-file-juosteles-frigera-100-g\/#breadcrumb"},"inLanguage":"lt-LT","potentialAction":[{"@type":"ReadAction","target":["https:\/\/miumjau.ee\/lt\/produktas\/naturalios-antienos-file-juosteles-frigera-100-g\/"]}]},{"@type":"ImageObject","inLanguage":"lt-LT","@id":"https:\/\/miumjau.ee\/lt\/produktas\/naturalios-antienos-file-juosteles-frigera-100-g\/#primaryimage","url":"https:\/\/miumjau.ee\/wp-content\/uploads\/2025\/05\/frigera-koerte-maius-pardifilee-Photoroom.jpg","contentUrl":"https:\/\/miumjau.ee\/wp-content\/uploads\/2025\/05\/frigera-koerte-maius-pardifilee-Photoroom.jpg","width":600,"height":800,"caption":"Naturaalsed pardifilee ribad Frigera 500g"},{"@type":"BreadcrumbList","@id":"https:\/\/miumjau.ee\/lt\/produktas\/naturalios-antienos-file-juosteles-frigera-100-g\/#breadcrumb","itemListElement":[{"@type":"ListItem","position":1,"name":"Home","item":"https:\/\/miumjau.ee\/lt\/"},{"@type":"ListItem","position":2,"name":"Parduotuv\u0117","item":"https:\/\/miumjau.ee\/lt\/parduotuve\/"},{"@type":"ListItem","position":3,"name":"Nat\u016bralios antienos fil\u0117 juostel\u0117s Frigera 100 g"}]},{"@type":"WebSite","@id":"https:\/\/miumjau.ee\/#website","url":"https:\/\/miumjau.ee\/","name":"MiuMjau","description":"Kraapimispuud kassidele","publisher":{"@id":"https:\/\/miumjau.ee\/#organization"},"potentialAction":[{"@type":"SearchAction","target":{"@type":"EntryPoint","urlTemplate":"https:\/\/miumjau.ee\/?s={search_term_string}"},"query-input":{"@type":"PropertyValueSpecification","valueRequired":true,"valueName":"search_term_string"}}],"inLanguage":"lt-LT"},{"@type":"Organization","@id":"https:\/\/miumjau.ee\/#organization","name":"MiuMjau O\u00dc","url":"https:\/\/miumjau.ee\/","logo":{"@type":"ImageObject","inLanguage":"lt-LT","@id":"https:\/\/miumjau.ee\/#\/schema\/logo\/image\/","url":"https:\/\/miumjau.ee\/wp-content\/uploads\/2022\/04\/MiuMjau-logo-kollane.png","contentUrl":"https:\/\/miumjau.ee\/wp-content\/uploads\/2022\/04\/MiuMjau-logo-kollane.png","width":219,"height":100,"caption":"MiuMjau O\u00dc"},"image":{"@id":"https:\/\/miumjau.ee\/#\/schema\/logo\/image\/"},"sameAs":["https:\/\/www.facebook.com\/miumjaupood\/"]}]}},"_links":{"self":[{"href":"https:\/\/miumjau.ee\/lt\/wp-json\/wp\/v2\/product\/41120","targetHints":{"allow":["GET"]}}],"collection":[{"href":"https:\/\/miumjau.ee\/lt\/wp-json\/wp\/v2\/product"}],"about":[{"href":"https:\/\/miumjau.ee\/lt\/wp-json\/wp\/v2\/types\/product"}],"wp:featuredmedia":[{"embeddable":true,"href":"https:\/\/miumjau.ee\/lt\/wp-json\/wp\/v2\/media\/41271"}],"wp:attachment":[{"href":"https:\/\/miumjau.ee\/lt\/wp-json\/wp\/v2\/media?parent=41120"}],"wp:term":[{"taxonomy":"product_brand","embeddable":true,"href":"https:\/\/miumjau.ee\/lt\/wp-json\/wp\/v2\/product_brand?post=41120"},{"taxonomy":"product_cat","embeddable":true,"href":"https:\/\/miumjau.ee\/lt\/wp-json\/wp\/v2\/product_cat?post=41120"},{"taxonomy":"product_tag","embeddable":true,"href":"https:\/\/miumjau.ee\/lt\/wp-json\/wp\/v2\/product_tag?post=41120"}],"curies":[{"name":"wp","href":"https:\/\/api.w.org\/{rel}","templated":true}]}}