{"id":41118,"date":"2025-05-29T09:10:20","date_gmt":"2025-05-29T06:10:20","guid":{"rendered":"https:\/\/miumjau.ee\/toode\/mesingas-suns-skanestas-vistienos-ir-zuvies-juosteles-frigera-100-g\/"},"modified":"2026-01-07T20:54:10","modified_gmt":"2026-01-07T18:54:10","slug":"mesingas-suns-skanestas-vistienos-ir-zuvies-juosteles-frigera-100-g","status":"publish","type":"product","link":"https:\/\/miumjau.ee\/lt\/produktas\/mesingas-suns-skanestas-vistienos-ir-zuvies-juosteles-frigera-100-g\/","title":{"rendered":"M\u0117singas \u0161uns skan\u0117stas, vi\u0161tienos ir \u017euvies juostel\u0117s Frigera 100 g"},"content":{"rendered":"","protected":false},"excerpt":{"rendered":"<p>Ar kada nors mat\u0117te, kaip j\u016bs\u0173 \u0161uns akys suspindi i\u0161 d\u017eiaugsmo gavus skan\u0117st\u0105? Mes tai vadiname friGERA efektu! Pristatome friGERA vi\u0161tienos ir \u017euvies juosteles \u2013 tikr\u0105 skonio patirt\u012f j\u016bs\u0173 keturkojui draugui!<br \/>\nKruop\u0161\u010diai pagaminti skan\u0117stai sujungia geriausi\u0105 laukin\u0117je gamtoje sugaut\u0105 \u017euv\u012f ir auk\u0161tos kokyb\u0117s vi\u0161tien\u0105, sukurdami nepaprast\u0105 skonio derin\u012f, kur\u012f j\u016bs\u0173 \u0161uo tikrai pamils. \u0160ie gard\u0117siai ne tik skan\u016bs, bet ir turtingi baltymais, palaiko raumen\u0173 vystym\u0105si ir bendr\u0105 sveikat\u0105. Skan\u0117stai yra patogiai padalyti porcijomis ir supakuoti sandariame mai\u0161elyje \u2013 tinka tiek treniruot\u0117ms, tiek kaip skanus atlygis.<br \/>\nfriGERA vi\u0161tienos ir \u017euvies juostel\u0117s tikrai privers kiekvieno \u0161uns uodeg\u0105 d\u017eiugiai vizginti. Be dirbtini\u0173 pried\u0173 ir konservant\u0173, galite b\u016bti tikri, kad duodate savo augintiniui ka\u017ek\u0105 tiek sveiko, tiek gardaus. Apdovanokite savo \u0161un\u012f geriausiu \u2013 friGERA vi\u0161tienos ir \u017euvies juostel\u0117mis, nes kiekviena kartu praleista akimirka verta skanaus atlygio!<br \/>\n<strong>Sudedamosios dalys:<\/strong> vi\u0161tiena 78,5%, \u017euvis 15%, cukrus, glicerinas, modifikuotas kukur\u016bz\u0173 krakmolas, sorbitolis<br \/>\n<strong>\u0160\u0117rimo rekomendacijos:<\/strong> duokite kaip u\u017ekand\u012f tarp valgym\u0173 arba kaip atlyg\u012f kaip subalansuotos mitybos dal\u012f. Visada steb\u0117kite \u0161un\u012f valgymo metu. U\u017etikrinkite, kad visada b\u016bt\u0173 \u0161vie\u017eio vandens. Netinka \u017emoni\u0173 maistui.<br \/>\n<strong>Analitin\u0117 sud\u0117tis:<\/strong> baltymai 35%, riebalai 1%, pelenai 4%, skaidulos 2%, dr\u0117gm\u0117 25%<\/p>\n","protected":false},"featured_media":41270,"template":"","meta":[],"product_brand":[],"product_cat":[540,524],"product_tag":[],"class_list":{"0":"post-41118","1":"product","2":"type-product","3":"status-publish","4":"has-post-thumbnail","6":"product_cat-skanestai-sunims","7":"product_cat-kaup24-lt","9":"first","10":"instock","11":"taxable","12":"shipping-taxable","13":"purchasable","14":"product-type-simple"},"yoast_head":"<!-- This site is optimized with the Yoast SEO plugin v27.2 - https:\/\/yoast.com\/product\/yoast-seo-wordpress\/ -->\n<title>M\u0117singas \u0161uns skan\u0117stas, vi\u0161tienos ir \u017euvies juostel\u0117s Frigera 100 g - MiuMjau<\/title>\n<meta name=\"robots\" content=\"index, follow, max-snippet:-1, max-image-preview:large, max-video-preview:-1\" \/>\n<link rel=\"canonical\" href=\"https:\/\/miumjau.ee\/lt\/produktas\/mesingas-suns-skanestas-vistienos-ir-zuvies-juosteles-frigera-100-g\/\" \/>\n<meta property=\"og:locale\" content=\"lt_LT\" \/>\n<meta property=\"og:type\" content=\"article\" \/>\n<meta property=\"og:title\" content=\"M\u0117singas \u0161uns skan\u0117stas, vi\u0161tienos ir \u017euvies juostel\u0117s Frigera 100 g - MiuMjau\" \/>\n<meta property=\"og:description\" content=\"Ar kada nors mat\u0117te, kaip j\u016bs\u0173 \u0161uns akys suspindi i\u0161 d\u017eiaugsmo gavus skan\u0117st\u0105? Mes tai vadiname friGERA efektu! Pristatome friGERA vi\u0161tienos ir \u017euvies juosteles \u2013 tikr\u0105 skonio patirt\u012f j\u016bs\u0173 keturkojui draugui! Kruop\u0161\u010diai pagaminti skan\u0117stai sujungia geriausi\u0105 laukin\u0117je gamtoje sugaut\u0105 \u017euv\u012f ir auk\u0161tos kokyb\u0117s vi\u0161tien\u0105, sukurdami nepaprast\u0105 skonio derin\u012f, kur\u012f j\u016bs\u0173 \u0161uo tikrai pamils. \u0160ie gard\u0117siai ne tik skan\u016bs, bet ir turtingi baltymais, palaiko raumen\u0173 vystym\u0105si ir bendr\u0105 sveikat\u0105. Skan\u0117stai yra patogiai padalyti porcijomis ir supakuoti sandariame mai\u0161elyje \u2013 tinka tiek treniruot\u0117ms, tiek kaip skanus atlygis. friGERA vi\u0161tienos ir \u017euvies juostel\u0117s tikrai privers kiekvieno \u0161uns uodeg\u0105 d\u017eiugiai vizginti. Be dirbtini\u0173 pried\u0173 ir konservant\u0173, galite b\u016bti tikri, kad duodate savo augintiniui ka\u017ek\u0105 tiek sveiko, tiek gardaus. Apdovanokite savo \u0161un\u012f geriausiu \u2013 friGERA vi\u0161tienos ir \u017euvies juostel\u0117mis, nes kiekviena kartu praleista akimirka verta skanaus atlygio! Sudedamosios dalys: vi\u0161tiena 78,5%, \u017euvis 15%, cukrus, glicerinas, modifikuotas kukur\u016bz\u0173 krakmolas, sorbitolis \u0160\u0117rimo rekomendacijos: duokite kaip u\u017ekand\u012f tarp valgym\u0173 arba kaip atlyg\u012f kaip subalansuotos mitybos dal\u012f. Visada steb\u0117kite \u0161un\u012f valgymo metu. U\u017etikrinkite, kad visada b\u016bt\u0173 \u0161vie\u017eio vandens. Netinka \u017emoni\u0173 maistui. Analitin\u0117 sud\u0117tis: baltymai 35%, riebalai 1%, pelenai 4%, skaidulos 2%, dr\u0117gm\u0117 25%\" \/>\n<meta property=\"og:url\" content=\"https:\/\/miumjau.ee\/lt\/produktas\/mesingas-suns-skanestas-vistienos-ir-zuvies-juosteles-frigera-100-g\/\" \/>\n<meta property=\"og:site_name\" content=\"MiuMjau\" \/>\n<meta property=\"article:publisher\" content=\"https:\/\/www.facebook.com\/miumjaupood\/\" \/>\n<meta property=\"article:modified_time\" content=\"2026-01-07T18:54:10+00:00\" \/>\n<meta property=\"og:image\" content=\"https:\/\/miumjau.ee\/wp-content\/uploads\/2025\/05\/frigera-koerte-maius-kana-ja-kala-ribad-Photoroom.jpg\" \/>\n\t<meta property=\"og:image:width\" content=\"600\" \/>\n\t<meta property=\"og:image:height\" content=\"800\" \/>\n\t<meta property=\"og:image:type\" content=\"image\/jpeg\" \/>\n<meta name=\"twitter:card\" content=\"summary_large_image\" \/>\n<script type=\"application\/ld+json\" class=\"yoast-schema-graph\">{\"@context\":\"https:\/\/schema.org\",\"@graph\":[{\"@type\":\"WebPage\",\"@id\":\"https:\/\/miumjau.ee\/lt\/produktas\/mesingas-suns-skanestas-vistienos-ir-zuvies-juosteles-frigera-100-g\/\",\"url\":\"https:\/\/miumjau.ee\/lt\/produktas\/mesingas-suns-skanestas-vistienos-ir-zuvies-juosteles-frigera-100-g\/\",\"name\":\"M\u0117singas \u0161uns skan\u0117stas, vi\u0161tienos ir \u017euvies juostel\u0117s Frigera 100 g - MiuMjau\",\"isPartOf\":{\"@id\":\"https:\/\/miumjau.ee\/#website\"},\"primaryImageOfPage\":{\"@id\":\"https:\/\/miumjau.ee\/lt\/produktas\/mesingas-suns-skanestas-vistienos-ir-zuvies-juosteles-frigera-100-g\/#primaryimage\"},\"image\":{\"@id\":\"https:\/\/miumjau.ee\/lt\/produktas\/mesingas-suns-skanestas-vistienos-ir-zuvies-juosteles-frigera-100-g\/#primaryimage\"},\"thumbnailUrl\":\"https:\/\/miumjau.ee\/wp-content\/uploads\/2025\/05\/frigera-koerte-maius-kana-ja-kala-ribad-Photoroom.jpg\",\"datePublished\":\"2025-05-29T06:10:20+00:00\",\"dateModified\":\"2026-01-07T18:54:10+00:00\",\"breadcrumb\":{\"@id\":\"https:\/\/miumjau.ee\/lt\/produktas\/mesingas-suns-skanestas-vistienos-ir-zuvies-juosteles-frigera-100-g\/#breadcrumb\"},\"inLanguage\":\"lt-LT\",\"potentialAction\":[{\"@type\":\"ReadAction\",\"target\":[\"https:\/\/miumjau.ee\/lt\/produktas\/mesingas-suns-skanestas-vistienos-ir-zuvies-juosteles-frigera-100-g\/\"]}]},{\"@type\":\"ImageObject\",\"inLanguage\":\"lt-LT\",\"@id\":\"https:\/\/miumjau.ee\/lt\/produktas\/mesingas-suns-skanestas-vistienos-ir-zuvies-juosteles-frigera-100-g\/#primaryimage\",\"url\":\"https:\/\/miumjau.ee\/wp-content\/uploads\/2025\/05\/frigera-koerte-maius-kana-ja-kala-ribad-Photoroom.jpg\",\"contentUrl\":\"https:\/\/miumjau.ee\/wp-content\/uploads\/2025\/05\/frigera-koerte-maius-kana-ja-kala-ribad-Photoroom.jpg\",\"width\":600,\"height\":800,\"caption\":\"Liharohke koeramaius, kana- ja kalaribad Frigera 500g\"},{\"@type\":\"BreadcrumbList\",\"@id\":\"https:\/\/miumjau.ee\/lt\/produktas\/mesingas-suns-skanestas-vistienos-ir-zuvies-juosteles-frigera-100-g\/#breadcrumb\",\"itemListElement\":[{\"@type\":\"ListItem\",\"position\":1,\"name\":\"Home\",\"item\":\"https:\/\/miumjau.ee\/lt\/\"},{\"@type\":\"ListItem\",\"position\":2,\"name\":\"Parduotuv\u0117\",\"item\":\"https:\/\/miumjau.ee\/lt\/parduotuve\/\"},{\"@type\":\"ListItem\",\"position\":3,\"name\":\"M\u0117singas \u0161uns skan\u0117stas, vi\u0161tienos ir \u017euvies juostel\u0117s Frigera 100 g\"}]},{\"@type\":\"WebSite\",\"@id\":\"https:\/\/miumjau.ee\/#website\",\"url\":\"https:\/\/miumjau.ee\/\",\"name\":\"MiuMjau\",\"description\":\"Kraapimispuud kassidele\",\"publisher\":{\"@id\":\"https:\/\/miumjau.ee\/#organization\"},\"potentialAction\":[{\"@type\":\"SearchAction\",\"target\":{\"@type\":\"EntryPoint\",\"urlTemplate\":\"https:\/\/miumjau.ee\/?s={search_term_string}\"},\"query-input\":{\"@type\":\"PropertyValueSpecification\",\"valueRequired\":true,\"valueName\":\"search_term_string\"}}],\"inLanguage\":\"lt-LT\"},{\"@type\":\"Organization\",\"@id\":\"https:\/\/miumjau.ee\/#organization\",\"name\":\"MiuMjau O\u00dc\",\"url\":\"https:\/\/miumjau.ee\/\",\"logo\":{\"@type\":\"ImageObject\",\"inLanguage\":\"lt-LT\",\"@id\":\"https:\/\/miumjau.ee\/#\/schema\/logo\/image\/\",\"url\":\"https:\/\/miumjau.ee\/wp-content\/uploads\/2022\/04\/MiuMjau-logo-kollane.png\",\"contentUrl\":\"https:\/\/miumjau.ee\/wp-content\/uploads\/2022\/04\/MiuMjau-logo-kollane.png\",\"width\":219,\"height\":100,\"caption\":\"MiuMjau O\u00dc\"},\"image\":{\"@id\":\"https:\/\/miumjau.ee\/#\/schema\/logo\/image\/\"},\"sameAs\":[\"https:\/\/www.facebook.com\/miumjaupood\/\"]}]}<\/script>\n<!-- \/ Yoast SEO plugin. -->","yoast_head_json":{"title":"M\u0117singas \u0161uns skan\u0117stas, vi\u0161tienos ir \u017euvies juostel\u0117s Frigera 100 g - MiuMjau","robots":{"index":"index","follow":"follow","max-snippet":"max-snippet:-1","max-image-preview":"max-image-preview:large","max-video-preview":"max-video-preview:-1"},"canonical":"https:\/\/miumjau.ee\/lt\/produktas\/mesingas-suns-skanestas-vistienos-ir-zuvies-juosteles-frigera-100-g\/","og_locale":"lt_LT","og_type":"article","og_title":"M\u0117singas \u0161uns skan\u0117stas, vi\u0161tienos ir \u017euvies juostel\u0117s Frigera 100 g - MiuMjau","og_description":"Ar kada nors mat\u0117te, kaip j\u016bs\u0173 \u0161uns akys suspindi i\u0161 d\u017eiaugsmo gavus skan\u0117st\u0105? Mes tai vadiname friGERA efektu! Pristatome friGERA vi\u0161tienos ir \u017euvies juosteles \u2013 tikr\u0105 skonio patirt\u012f j\u016bs\u0173 keturkojui draugui! Kruop\u0161\u010diai pagaminti skan\u0117stai sujungia geriausi\u0105 laukin\u0117je gamtoje sugaut\u0105 \u017euv\u012f ir auk\u0161tos kokyb\u0117s vi\u0161tien\u0105, sukurdami nepaprast\u0105 skonio derin\u012f, kur\u012f j\u016bs\u0173 \u0161uo tikrai pamils. \u0160ie gard\u0117siai ne tik skan\u016bs, bet ir turtingi baltymais, palaiko raumen\u0173 vystym\u0105si ir bendr\u0105 sveikat\u0105. Skan\u0117stai yra patogiai padalyti porcijomis ir supakuoti sandariame mai\u0161elyje \u2013 tinka tiek treniruot\u0117ms, tiek kaip skanus atlygis. friGERA vi\u0161tienos ir \u017euvies juostel\u0117s tikrai privers kiekvieno \u0161uns uodeg\u0105 d\u017eiugiai vizginti. Be dirbtini\u0173 pried\u0173 ir konservant\u0173, galite b\u016bti tikri, kad duodate savo augintiniui ka\u017ek\u0105 tiek sveiko, tiek gardaus. Apdovanokite savo \u0161un\u012f geriausiu \u2013 friGERA vi\u0161tienos ir \u017euvies juostel\u0117mis, nes kiekviena kartu praleista akimirka verta skanaus atlygio! Sudedamosios dalys: vi\u0161tiena 78,5%, \u017euvis 15%, cukrus, glicerinas, modifikuotas kukur\u016bz\u0173 krakmolas, sorbitolis \u0160\u0117rimo rekomendacijos: duokite kaip u\u017ekand\u012f tarp valgym\u0173 arba kaip atlyg\u012f kaip subalansuotos mitybos dal\u012f. Visada steb\u0117kite \u0161un\u012f valgymo metu. U\u017etikrinkite, kad visada b\u016bt\u0173 \u0161vie\u017eio vandens. Netinka \u017emoni\u0173 maistui. Analitin\u0117 sud\u0117tis: baltymai 35%, riebalai 1%, pelenai 4%, skaidulos 2%, dr\u0117gm\u0117 25%","og_url":"https:\/\/miumjau.ee\/lt\/produktas\/mesingas-suns-skanestas-vistienos-ir-zuvies-juosteles-frigera-100-g\/","og_site_name":"MiuMjau","article_publisher":"https:\/\/www.facebook.com\/miumjaupood\/","article_modified_time":"2026-01-07T18:54:10+00:00","og_image":[{"width":600,"height":800,"url":"https:\/\/miumjau.ee\/wp-content\/uploads\/2025\/05\/frigera-koerte-maius-kana-ja-kala-ribad-Photoroom.jpg","type":"image\/jpeg"}],"twitter_card":"summary_large_image","schema":{"@context":"https:\/\/schema.org","@graph":[{"@type":"WebPage","@id":"https:\/\/miumjau.ee\/lt\/produktas\/mesingas-suns-skanestas-vistienos-ir-zuvies-juosteles-frigera-100-g\/","url":"https:\/\/miumjau.ee\/lt\/produktas\/mesingas-suns-skanestas-vistienos-ir-zuvies-juosteles-frigera-100-g\/","name":"M\u0117singas \u0161uns skan\u0117stas, vi\u0161tienos ir \u017euvies juostel\u0117s Frigera 100 g - MiuMjau","isPartOf":{"@id":"https:\/\/miumjau.ee\/#website"},"primaryImageOfPage":{"@id":"https:\/\/miumjau.ee\/lt\/produktas\/mesingas-suns-skanestas-vistienos-ir-zuvies-juosteles-frigera-100-g\/#primaryimage"},"image":{"@id":"https:\/\/miumjau.ee\/lt\/produktas\/mesingas-suns-skanestas-vistienos-ir-zuvies-juosteles-frigera-100-g\/#primaryimage"},"thumbnailUrl":"https:\/\/miumjau.ee\/wp-content\/uploads\/2025\/05\/frigera-koerte-maius-kana-ja-kala-ribad-Photoroom.jpg","datePublished":"2025-05-29T06:10:20+00:00","dateModified":"2026-01-07T18:54:10+00:00","breadcrumb":{"@id":"https:\/\/miumjau.ee\/lt\/produktas\/mesingas-suns-skanestas-vistienos-ir-zuvies-juosteles-frigera-100-g\/#breadcrumb"},"inLanguage":"lt-LT","potentialAction":[{"@type":"ReadAction","target":["https:\/\/miumjau.ee\/lt\/produktas\/mesingas-suns-skanestas-vistienos-ir-zuvies-juosteles-frigera-100-g\/"]}]},{"@type":"ImageObject","inLanguage":"lt-LT","@id":"https:\/\/miumjau.ee\/lt\/produktas\/mesingas-suns-skanestas-vistienos-ir-zuvies-juosteles-frigera-100-g\/#primaryimage","url":"https:\/\/miumjau.ee\/wp-content\/uploads\/2025\/05\/frigera-koerte-maius-kana-ja-kala-ribad-Photoroom.jpg","contentUrl":"https:\/\/miumjau.ee\/wp-content\/uploads\/2025\/05\/frigera-koerte-maius-kana-ja-kala-ribad-Photoroom.jpg","width":600,"height":800,"caption":"Liharohke koeramaius, kana- ja kalaribad Frigera 500g"},{"@type":"BreadcrumbList","@id":"https:\/\/miumjau.ee\/lt\/produktas\/mesingas-suns-skanestas-vistienos-ir-zuvies-juosteles-frigera-100-g\/#breadcrumb","itemListElement":[{"@type":"ListItem","position":1,"name":"Home","item":"https:\/\/miumjau.ee\/lt\/"},{"@type":"ListItem","position":2,"name":"Parduotuv\u0117","item":"https:\/\/miumjau.ee\/lt\/parduotuve\/"},{"@type":"ListItem","position":3,"name":"M\u0117singas \u0161uns skan\u0117stas, vi\u0161tienos ir \u017euvies juostel\u0117s Frigera 100 g"}]},{"@type":"WebSite","@id":"https:\/\/miumjau.ee\/#website","url":"https:\/\/miumjau.ee\/","name":"MiuMjau","description":"Kraapimispuud kassidele","publisher":{"@id":"https:\/\/miumjau.ee\/#organization"},"potentialAction":[{"@type":"SearchAction","target":{"@type":"EntryPoint","urlTemplate":"https:\/\/miumjau.ee\/?s={search_term_string}"},"query-input":{"@type":"PropertyValueSpecification","valueRequired":true,"valueName":"search_term_string"}}],"inLanguage":"lt-LT"},{"@type":"Organization","@id":"https:\/\/miumjau.ee\/#organization","name":"MiuMjau O\u00dc","url":"https:\/\/miumjau.ee\/","logo":{"@type":"ImageObject","inLanguage":"lt-LT","@id":"https:\/\/miumjau.ee\/#\/schema\/logo\/image\/","url":"https:\/\/miumjau.ee\/wp-content\/uploads\/2022\/04\/MiuMjau-logo-kollane.png","contentUrl":"https:\/\/miumjau.ee\/wp-content\/uploads\/2022\/04\/MiuMjau-logo-kollane.png","width":219,"height":100,"caption":"MiuMjau O\u00dc"},"image":{"@id":"https:\/\/miumjau.ee\/#\/schema\/logo\/image\/"},"sameAs":["https:\/\/www.facebook.com\/miumjaupood\/"]}]}},"_links":{"self":[{"href":"https:\/\/miumjau.ee\/lt\/wp-json\/wp\/v2\/product\/41118","targetHints":{"allow":["GET"]}}],"collection":[{"href":"https:\/\/miumjau.ee\/lt\/wp-json\/wp\/v2\/product"}],"about":[{"href":"https:\/\/miumjau.ee\/lt\/wp-json\/wp\/v2\/types\/product"}],"wp:featuredmedia":[{"embeddable":true,"href":"https:\/\/miumjau.ee\/lt\/wp-json\/wp\/v2\/media\/41270"}],"wp:attachment":[{"href":"https:\/\/miumjau.ee\/lt\/wp-json\/wp\/v2\/media?parent=41118"}],"wp:term":[{"taxonomy":"product_brand","embeddable":true,"href":"https:\/\/miumjau.ee\/lt\/wp-json\/wp\/v2\/product_brand?post=41118"},{"taxonomy":"product_cat","embeddable":true,"href":"https:\/\/miumjau.ee\/lt\/wp-json\/wp\/v2\/product_cat?post=41118"},{"taxonomy":"product_tag","embeddable":true,"href":"https:\/\/miumjau.ee\/lt\/wp-json\/wp\/v2\/product_tag?post=41118"}],"curies":[{"name":"wp","href":"https:\/\/api.w.org\/{rel}","templated":true}]}}