{"id":41117,"date":"2025-05-22T00:25:59","date_gmt":"2025-05-21T21:25:59","guid":{"rendered":"https:\/\/miumjau.ee\/toode\/frigera-jaucio-kaklo-sausgysles-250-g\/"},"modified":"2026-01-07T20:54:10","modified_gmt":"2026-01-07T18:54:10","slug":"frigera-jaucio-kaklo-sausgysles-250-g","status":"publish","type":"product","link":"https:\/\/miumjau.ee\/lt\/produktas\/frigera-jaucio-kaklo-sausgysles-250-g\/","title":{"rendered":"Frigera jau\u010dio kaklo sausgysl\u0117s, 250 g"},"content":{"rendered":"","protected":false},"excerpt":{"rendered":"<p>FRIGERA jautienos kaklo sausgysl\u0117s \u2013 tikras pasl\u0117ptas perlas ir idealus skan\u0117stas stipriems kramtytojams!<br \/>\nNat\u016bralios kilm\u0117s skan\u0117stas, pagamintas i\u0161 kruop\u0161\u010diai d\u017eiovint\u0173 kaklo sausgysli\u0173, gaut\u0173 i\u0161 laisvai laikom\u0173 galvij\u0173, auginam\u0173 maistui \u017emon\u0117ms. Gyv\u016bnai nebuvo \u0161eriami antibiotikais, steroidais ar hormonais \u2013 tai visi\u0161kai nat\u016bralus skan\u0117stas!<br \/>\nD\u0117l ma\u017eo riebumo ir bekvap\u0117s savyb\u0117s \u0161ie skan\u0117stai puikiai tinka antsvoriui linkusiems \u0161unims arba naudoti patalpose, pavyzd\u017eiui, miesto aplinkoje. Kieta ir gyslota tekst\u016bra, kuri kramtant tampa elastinga, padeda suma\u017einti apna\u0161as ir dant\u0173 akmenis bei stiprina \u017eandikaulio raumenis.<br \/>\nD\u0117l patogaus dyd\u017eio jautienos kaklo sausgysl\u0117s tinka tiek ma\u017eiems, tiek vidutinio dyd\u017eio \u0161unims. Veiksmingas, sveikas ir ilgai trunkantis kramtymo malonumas, kuris u\u017eims tavo augintin\u012f!<br \/>\n<strong>Grynasis kiekis:<\/strong> 250 g<br \/>\n<strong>Sudedamosios dalys:<\/strong> 100% jautiena<strong>Analitin\u0117 sud\u0117tis:<\/strong> baltymai 90,51%, riebalai 5,23%, dr\u0117gm\u0117 7,47%<strong>\u0160\u0117rimo rekomendacijos:<\/strong> duokite kaip skan\u0117st\u0105 tarp valgym\u0173 arba kaip atlyg\u012f kaip subalansuotos mitybos dal\u012f. Steb\u0117kite \u0161un\u012f valgymo metu ir visada u\u017etikrinkite \u0161vie\u017eio vandens prieinamum\u0105. Netinka \u017emoni\u0173 maistui.<\/p>\n","protected":false},"featured_media":41269,"template":"","meta":[],"product_brand":[],"product_cat":[540,524],"product_tag":[],"class_list":{"0":"post-41117","1":"product","2":"type-product","3":"status-publish","4":"has-post-thumbnail","6":"product_cat-skanestai-sunims","7":"product_cat-kaup24-lt","9":"first","10":"instock","11":"taxable","12":"shipping-taxable","13":"purchasable","14":"product-type-simple"},"yoast_head":"<!-- This site is optimized with the Yoast SEO plugin v27.2 - https:\/\/yoast.com\/product\/yoast-seo-wordpress\/ -->\n<title>Frigera jau\u010dio kaklo sausgysl\u0117s, 250 g - MiuMjau<\/title>\n<meta name=\"robots\" content=\"index, follow, max-snippet:-1, max-image-preview:large, max-video-preview:-1\" \/>\n<link rel=\"canonical\" href=\"https:\/\/miumjau.ee\/lt\/produktas\/frigera-jaucio-kaklo-sausgysles-250-g\/\" \/>\n<meta property=\"og:locale\" content=\"lt_LT\" \/>\n<meta property=\"og:type\" content=\"article\" \/>\n<meta property=\"og:title\" content=\"Frigera jau\u010dio kaklo sausgysl\u0117s, 250 g - MiuMjau\" \/>\n<meta property=\"og:description\" content=\"FRIGERA jautienos kaklo sausgysl\u0117s \u2013 tikras pasl\u0117ptas perlas ir idealus skan\u0117stas stipriems kramtytojams! Nat\u016bralios kilm\u0117s skan\u0117stas, pagamintas i\u0161 kruop\u0161\u010diai d\u017eiovint\u0173 kaklo sausgysli\u0173, gaut\u0173 i\u0161 laisvai laikom\u0173 galvij\u0173, auginam\u0173 maistui \u017emon\u0117ms. Gyv\u016bnai nebuvo \u0161eriami antibiotikais, steroidais ar hormonais \u2013 tai visi\u0161kai nat\u016bralus skan\u0117stas! D\u0117l ma\u017eo riebumo ir bekvap\u0117s savyb\u0117s \u0161ie skan\u0117stai puikiai tinka antsvoriui linkusiems \u0161unims arba naudoti patalpose, pavyzd\u017eiui, miesto aplinkoje. Kieta ir gyslota tekst\u016bra, kuri kramtant tampa elastinga, padeda suma\u017einti apna\u0161as ir dant\u0173 akmenis bei stiprina \u017eandikaulio raumenis. D\u0117l patogaus dyd\u017eio jautienos kaklo sausgysl\u0117s tinka tiek ma\u017eiems, tiek vidutinio dyd\u017eio \u0161unims. Veiksmingas, sveikas ir ilgai trunkantis kramtymo malonumas, kuris u\u017eims tavo augintin\u012f! Grynasis kiekis: 250 g Sudedamosios dalys: 100% jautienaAnalitin\u0117 sud\u0117tis: baltymai 90,51%, riebalai 5,23%, dr\u0117gm\u0117 7,47%\u0160\u0117rimo rekomendacijos: duokite kaip skan\u0117st\u0105 tarp valgym\u0173 arba kaip atlyg\u012f kaip subalansuotos mitybos dal\u012f. Steb\u0117kite \u0161un\u012f valgymo metu ir visada u\u017etikrinkite \u0161vie\u017eio vandens prieinamum\u0105. Netinka \u017emoni\u0173 maistui.\" \/>\n<meta property=\"og:url\" content=\"https:\/\/miumjau.ee\/lt\/produktas\/frigera-jaucio-kaklo-sausgysles-250-g\/\" \/>\n<meta property=\"og:site_name\" content=\"MiuMjau\" \/>\n<meta property=\"article:publisher\" content=\"https:\/\/www.facebook.com\/miumjaupood\/\" \/>\n<meta property=\"article:modified_time\" content=\"2026-01-07T18:54:10+00:00\" \/>\n<meta property=\"og:image\" content=\"https:\/\/miumjau.ee\/wp-content\/uploads\/2025\/05\/frigera-koerte-maius-veisekaelakoogilused-250g-1-Photoroom.jpg\" \/>\n\t<meta property=\"og:image:width\" content=\"600\" \/>\n\t<meta property=\"og:image:height\" content=\"800\" \/>\n\t<meta property=\"og:image:type\" content=\"image\/jpeg\" \/>\n<meta name=\"twitter:card\" content=\"summary_large_image\" \/>\n<script type=\"application\/ld+json\" class=\"yoast-schema-graph\">{\"@context\":\"https:\/\/schema.org\",\"@graph\":[{\"@type\":\"WebPage\",\"@id\":\"https:\/\/miumjau.ee\/lt\/produktas\/frigera-jaucio-kaklo-sausgysles-250-g\/\",\"url\":\"https:\/\/miumjau.ee\/lt\/produktas\/frigera-jaucio-kaklo-sausgysles-250-g\/\",\"name\":\"Frigera jau\u010dio kaklo sausgysl\u0117s, 250 g - MiuMjau\",\"isPartOf\":{\"@id\":\"https:\/\/miumjau.ee\/#website\"},\"primaryImageOfPage\":{\"@id\":\"https:\/\/miumjau.ee\/lt\/produktas\/frigera-jaucio-kaklo-sausgysles-250-g\/#primaryimage\"},\"image\":{\"@id\":\"https:\/\/miumjau.ee\/lt\/produktas\/frigera-jaucio-kaklo-sausgysles-250-g\/#primaryimage\"},\"thumbnailUrl\":\"https:\/\/miumjau.ee\/wp-content\/uploads\/2025\/05\/frigera-koerte-maius-veisekaelakoogilused-250g-1-Photoroom.jpg\",\"datePublished\":\"2025-05-21T21:25:59+00:00\",\"dateModified\":\"2026-01-07T18:54:10+00:00\",\"breadcrumb\":{\"@id\":\"https:\/\/miumjau.ee\/lt\/produktas\/frigera-jaucio-kaklo-sausgysles-250-g\/#breadcrumb\"},\"inLanguage\":\"lt-LT\",\"potentialAction\":[{\"@type\":\"ReadAction\",\"target\":[\"https:\/\/miumjau.ee\/lt\/produktas\/frigera-jaucio-kaklo-sausgysles-250-g\/\"]}]},{\"@type\":\"ImageObject\",\"inLanguage\":\"lt-LT\",\"@id\":\"https:\/\/miumjau.ee\/lt\/produktas\/frigera-jaucio-kaklo-sausgysles-250-g\/#primaryimage\",\"url\":\"https:\/\/miumjau.ee\/wp-content\/uploads\/2025\/05\/frigera-koerte-maius-veisekaelakoogilused-250g-1-Photoroom.jpg\",\"contentUrl\":\"https:\/\/miumjau.ee\/wp-content\/uploads\/2025\/05\/frigera-koerte-maius-veisekaelakoogilused-250g-1-Photoroom.jpg\",\"width\":600,\"height\":800,\"caption\":\"Frigera veise kaelak\u00f5\u00f5lused, 250 g\"},{\"@type\":\"BreadcrumbList\",\"@id\":\"https:\/\/miumjau.ee\/lt\/produktas\/frigera-jaucio-kaklo-sausgysles-250-g\/#breadcrumb\",\"itemListElement\":[{\"@type\":\"ListItem\",\"position\":1,\"name\":\"Home\",\"item\":\"https:\/\/miumjau.ee\/lt\/\"},{\"@type\":\"ListItem\",\"position\":2,\"name\":\"Parduotuv\u0117\",\"item\":\"https:\/\/miumjau.ee\/lt\/parduotuve\/\"},{\"@type\":\"ListItem\",\"position\":3,\"name\":\"Frigera jau\u010dio kaklo sausgysl\u0117s, 250 g\"}]},{\"@type\":\"WebSite\",\"@id\":\"https:\/\/miumjau.ee\/#website\",\"url\":\"https:\/\/miumjau.ee\/\",\"name\":\"MiuMjau\",\"description\":\"Kraapimispuud kassidele\",\"publisher\":{\"@id\":\"https:\/\/miumjau.ee\/#organization\"},\"potentialAction\":[{\"@type\":\"SearchAction\",\"target\":{\"@type\":\"EntryPoint\",\"urlTemplate\":\"https:\/\/miumjau.ee\/?s={search_term_string}\"},\"query-input\":{\"@type\":\"PropertyValueSpecification\",\"valueRequired\":true,\"valueName\":\"search_term_string\"}}],\"inLanguage\":\"lt-LT\"},{\"@type\":\"Organization\",\"@id\":\"https:\/\/miumjau.ee\/#organization\",\"name\":\"MiuMjau O\u00dc\",\"url\":\"https:\/\/miumjau.ee\/\",\"logo\":{\"@type\":\"ImageObject\",\"inLanguage\":\"lt-LT\",\"@id\":\"https:\/\/miumjau.ee\/#\/schema\/logo\/image\/\",\"url\":\"https:\/\/miumjau.ee\/wp-content\/uploads\/2022\/04\/MiuMjau-logo-kollane.png\",\"contentUrl\":\"https:\/\/miumjau.ee\/wp-content\/uploads\/2022\/04\/MiuMjau-logo-kollane.png\",\"width\":219,\"height\":100,\"caption\":\"MiuMjau O\u00dc\"},\"image\":{\"@id\":\"https:\/\/miumjau.ee\/#\/schema\/logo\/image\/\"},\"sameAs\":[\"https:\/\/www.facebook.com\/miumjaupood\/\"]}]}<\/script>\n<!-- \/ Yoast SEO plugin. -->","yoast_head_json":{"title":"Frigera jau\u010dio kaklo sausgysl\u0117s, 250 g - MiuMjau","robots":{"index":"index","follow":"follow","max-snippet":"max-snippet:-1","max-image-preview":"max-image-preview:large","max-video-preview":"max-video-preview:-1"},"canonical":"https:\/\/miumjau.ee\/lt\/produktas\/frigera-jaucio-kaklo-sausgysles-250-g\/","og_locale":"lt_LT","og_type":"article","og_title":"Frigera jau\u010dio kaklo sausgysl\u0117s, 250 g - MiuMjau","og_description":"FRIGERA jautienos kaklo sausgysl\u0117s \u2013 tikras pasl\u0117ptas perlas ir idealus skan\u0117stas stipriems kramtytojams! Nat\u016bralios kilm\u0117s skan\u0117stas, pagamintas i\u0161 kruop\u0161\u010diai d\u017eiovint\u0173 kaklo sausgysli\u0173, gaut\u0173 i\u0161 laisvai laikom\u0173 galvij\u0173, auginam\u0173 maistui \u017emon\u0117ms. Gyv\u016bnai nebuvo \u0161eriami antibiotikais, steroidais ar hormonais \u2013 tai visi\u0161kai nat\u016bralus skan\u0117stas! D\u0117l ma\u017eo riebumo ir bekvap\u0117s savyb\u0117s \u0161ie skan\u0117stai puikiai tinka antsvoriui linkusiems \u0161unims arba naudoti patalpose, pavyzd\u017eiui, miesto aplinkoje. Kieta ir gyslota tekst\u016bra, kuri kramtant tampa elastinga, padeda suma\u017einti apna\u0161as ir dant\u0173 akmenis bei stiprina \u017eandikaulio raumenis. D\u0117l patogaus dyd\u017eio jautienos kaklo sausgysl\u0117s tinka tiek ma\u017eiems, tiek vidutinio dyd\u017eio \u0161unims. Veiksmingas, sveikas ir ilgai trunkantis kramtymo malonumas, kuris u\u017eims tavo augintin\u012f! Grynasis kiekis: 250 g Sudedamosios dalys: 100% jautienaAnalitin\u0117 sud\u0117tis: baltymai 90,51%, riebalai 5,23%, dr\u0117gm\u0117 7,47%\u0160\u0117rimo rekomendacijos: duokite kaip skan\u0117st\u0105 tarp valgym\u0173 arba kaip atlyg\u012f kaip subalansuotos mitybos dal\u012f. Steb\u0117kite \u0161un\u012f valgymo metu ir visada u\u017etikrinkite \u0161vie\u017eio vandens prieinamum\u0105. Netinka \u017emoni\u0173 maistui.","og_url":"https:\/\/miumjau.ee\/lt\/produktas\/frigera-jaucio-kaklo-sausgysles-250-g\/","og_site_name":"MiuMjau","article_publisher":"https:\/\/www.facebook.com\/miumjaupood\/","article_modified_time":"2026-01-07T18:54:10+00:00","og_image":[{"width":600,"height":800,"url":"https:\/\/miumjau.ee\/wp-content\/uploads\/2025\/05\/frigera-koerte-maius-veisekaelakoogilused-250g-1-Photoroom.jpg","type":"image\/jpeg"}],"twitter_card":"summary_large_image","schema":{"@context":"https:\/\/schema.org","@graph":[{"@type":"WebPage","@id":"https:\/\/miumjau.ee\/lt\/produktas\/frigera-jaucio-kaklo-sausgysles-250-g\/","url":"https:\/\/miumjau.ee\/lt\/produktas\/frigera-jaucio-kaklo-sausgysles-250-g\/","name":"Frigera jau\u010dio kaklo sausgysl\u0117s, 250 g - MiuMjau","isPartOf":{"@id":"https:\/\/miumjau.ee\/#website"},"primaryImageOfPage":{"@id":"https:\/\/miumjau.ee\/lt\/produktas\/frigera-jaucio-kaklo-sausgysles-250-g\/#primaryimage"},"image":{"@id":"https:\/\/miumjau.ee\/lt\/produktas\/frigera-jaucio-kaklo-sausgysles-250-g\/#primaryimage"},"thumbnailUrl":"https:\/\/miumjau.ee\/wp-content\/uploads\/2025\/05\/frigera-koerte-maius-veisekaelakoogilused-250g-1-Photoroom.jpg","datePublished":"2025-05-21T21:25:59+00:00","dateModified":"2026-01-07T18:54:10+00:00","breadcrumb":{"@id":"https:\/\/miumjau.ee\/lt\/produktas\/frigera-jaucio-kaklo-sausgysles-250-g\/#breadcrumb"},"inLanguage":"lt-LT","potentialAction":[{"@type":"ReadAction","target":["https:\/\/miumjau.ee\/lt\/produktas\/frigera-jaucio-kaklo-sausgysles-250-g\/"]}]},{"@type":"ImageObject","inLanguage":"lt-LT","@id":"https:\/\/miumjau.ee\/lt\/produktas\/frigera-jaucio-kaklo-sausgysles-250-g\/#primaryimage","url":"https:\/\/miumjau.ee\/wp-content\/uploads\/2025\/05\/frigera-koerte-maius-veisekaelakoogilused-250g-1-Photoroom.jpg","contentUrl":"https:\/\/miumjau.ee\/wp-content\/uploads\/2025\/05\/frigera-koerte-maius-veisekaelakoogilused-250g-1-Photoroom.jpg","width":600,"height":800,"caption":"Frigera veise kaelak\u00f5\u00f5lused, 250 g"},{"@type":"BreadcrumbList","@id":"https:\/\/miumjau.ee\/lt\/produktas\/frigera-jaucio-kaklo-sausgysles-250-g\/#breadcrumb","itemListElement":[{"@type":"ListItem","position":1,"name":"Home","item":"https:\/\/miumjau.ee\/lt\/"},{"@type":"ListItem","position":2,"name":"Parduotuv\u0117","item":"https:\/\/miumjau.ee\/lt\/parduotuve\/"},{"@type":"ListItem","position":3,"name":"Frigera jau\u010dio kaklo sausgysl\u0117s, 250 g"}]},{"@type":"WebSite","@id":"https:\/\/miumjau.ee\/#website","url":"https:\/\/miumjau.ee\/","name":"MiuMjau","description":"Kraapimispuud kassidele","publisher":{"@id":"https:\/\/miumjau.ee\/#organization"},"potentialAction":[{"@type":"SearchAction","target":{"@type":"EntryPoint","urlTemplate":"https:\/\/miumjau.ee\/?s={search_term_string}"},"query-input":{"@type":"PropertyValueSpecification","valueRequired":true,"valueName":"search_term_string"}}],"inLanguage":"lt-LT"},{"@type":"Organization","@id":"https:\/\/miumjau.ee\/#organization","name":"MiuMjau O\u00dc","url":"https:\/\/miumjau.ee\/","logo":{"@type":"ImageObject","inLanguage":"lt-LT","@id":"https:\/\/miumjau.ee\/#\/schema\/logo\/image\/","url":"https:\/\/miumjau.ee\/wp-content\/uploads\/2022\/04\/MiuMjau-logo-kollane.png","contentUrl":"https:\/\/miumjau.ee\/wp-content\/uploads\/2022\/04\/MiuMjau-logo-kollane.png","width":219,"height":100,"caption":"MiuMjau O\u00dc"},"image":{"@id":"https:\/\/miumjau.ee\/#\/schema\/logo\/image\/"},"sameAs":["https:\/\/www.facebook.com\/miumjaupood\/"]}]}},"_links":{"self":[{"href":"https:\/\/miumjau.ee\/lt\/wp-json\/wp\/v2\/product\/41117","targetHints":{"allow":["GET"]}}],"collection":[{"href":"https:\/\/miumjau.ee\/lt\/wp-json\/wp\/v2\/product"}],"about":[{"href":"https:\/\/miumjau.ee\/lt\/wp-json\/wp\/v2\/types\/product"}],"wp:featuredmedia":[{"embeddable":true,"href":"https:\/\/miumjau.ee\/lt\/wp-json\/wp\/v2\/media\/41269"}],"wp:attachment":[{"href":"https:\/\/miumjau.ee\/lt\/wp-json\/wp\/v2\/media?parent=41117"}],"wp:term":[{"taxonomy":"product_brand","embeddable":true,"href":"https:\/\/miumjau.ee\/lt\/wp-json\/wp\/v2\/product_brand?post=41117"},{"taxonomy":"product_cat","embeddable":true,"href":"https:\/\/miumjau.ee\/lt\/wp-json\/wp\/v2\/product_cat?post=41117"},{"taxonomy":"product_tag","embeddable":true,"href":"https:\/\/miumjau.ee\/lt\/wp-json\/wp\/v2\/product_tag?post=41117"}],"curies":[{"name":"wp","href":"https:\/\/api.w.org\/{rel}","templated":true}]}}