{"id":41116,"date":"2025-05-20T23:55:36","date_gmt":"2025-05-20T20:55:36","guid":{"rendered":"https:\/\/miumjau.ee\/toode\/frigera-jaucio-ausys-su-mesa-500-g\/"},"modified":"2026-01-07T20:54:10","modified_gmt":"2026-01-07T18:54:10","slug":"frigera-jaucio-ausys-su-mesa-500-g","status":"publish","type":"product","link":"https:\/\/miumjau.ee\/lt\/produktas\/frigera-jaucio-ausys-su-mesa-500-g\/","title":{"rendered":"Frigera jau\u010dio ausys su m\u0117sa, 500 g"},"content":{"rendered":"","protected":false},"excerpt":{"rendered":"<p>Frigera jautienos ausys su m\u0117sa \u2013 klasikinis ir maistingas skan\u0117stas!<br \/>\nAr, kaip dauguma \u0161un\u0173 \u0161eiminink\u0173, lepinote savo keturkoj\u012f draug\u0105 skaniu k\u0105sneliu? Tuomet \u012fsitikinkite, kad jis ir sveikas! Vienas i\u0161 m\u016bs\u0173 vis\u0173 laik\u0173 populiariausi\u0173 klasikini\u0173 produkt\u0173 \u2013 jautienos ausys su m\u0117sa \u2013 yra b\u016btent tai, ko reikia!<br \/>\nJos pagamintos i\u0161 laisvai laikom\u0173 galvij\u0173, kurie nebuvo \u0161eriami antibiotikais, steroidais ar hormonais. Nat\u016braliai ma\u017eo riebumo ir beveik bekvap\u0117s, bet tvirtos tekst\u016bros \u2013 puiki alternatyva kiaul\u0117s ausims.<br \/>\n\u0160is skan\u0117stas suteikia ilgalaik\u012f kramtymo malonum\u0105 ir palaiko vir\u0161kinim\u0105. Kremzl\u0117s, odos ir m\u0117sos derinys paver\u010dia jas tikrai vertingu k\u0105sniu. \u017dinoma, jos nat\u016braliai turi daug gliukozamino ir chondroitino, kurie palaiko s\u0105nari\u0173 sveikat\u0105, taip pat gausu omega-3 riebal\u0173 r\u016bg\u0161\u010di\u0173, cinko ir seleno.<br \/>\n<strong>Sudedamosios dalys:<\/strong> 100% jautiena<strong>Grynasis kiekis:<\/strong> 500 g<strong>Analitin\u0117 sud\u0117tis:<\/strong> baltymai 85,1%, riebalai 1,16%, dr\u0117gm\u0117 6,73%<strong>\u0160\u0117rimo rekomendacijos:<\/strong> duokite kaip u\u017ekand\u012f arba atlyg\u012f kaip subalansuotos mitybos dal\u012f. Steb\u0117kite \u0161un\u012f valgymo metu ir visada u\u017etikrinkite, kad b\u016bt\u0173 \u0161vie\u017eio vandens. Netinka \u017emoni\u0173 maistui.<\/p>\n","protected":false},"featured_media":41268,"template":"","meta":[],"product_brand":[],"product_cat":[524,540],"product_tag":[],"class_list":{"0":"post-41116","1":"product","2":"type-product","3":"status-publish","4":"has-post-thumbnail","6":"product_cat-kaup24-lt","7":"product_cat-skanestai-sunims","9":"first","10":"instock","11":"taxable","12":"shipping-taxable","13":"purchasable","14":"product-type-simple"},"yoast_head":"<!-- This site is optimized with the Yoast SEO plugin v27.4 - https:\/\/yoast.com\/product\/yoast-seo-wordpress\/ -->\n<title>Frigera jau\u010dio ausys su m\u0117sa, 500 g - MiuMjau<\/title>\n<meta name=\"robots\" content=\"index, follow, max-snippet:-1, max-image-preview:large, max-video-preview:-1\" \/>\n<link rel=\"canonical\" href=\"https:\/\/miumjau.ee\/lt\/produktas\/frigera-jaucio-ausys-su-mesa-500-g\/\" \/>\n<meta property=\"og:locale\" content=\"lt_LT\" \/>\n<meta property=\"og:type\" content=\"article\" \/>\n<meta property=\"og:title\" content=\"Frigera jau\u010dio ausys su m\u0117sa, 500 g - MiuMjau\" \/>\n<meta property=\"og:description\" content=\"Frigera jautienos ausys su m\u0117sa \u2013 klasikinis ir maistingas skan\u0117stas! Ar, kaip dauguma \u0161un\u0173 \u0161eiminink\u0173, lepinote savo keturkoj\u012f draug\u0105 skaniu k\u0105sneliu? Tuomet \u012fsitikinkite, kad jis ir sveikas! Vienas i\u0161 m\u016bs\u0173 vis\u0173 laik\u0173 populiariausi\u0173 klasikini\u0173 produkt\u0173 \u2013 jautienos ausys su m\u0117sa \u2013 yra b\u016btent tai, ko reikia! Jos pagamintos i\u0161 laisvai laikom\u0173 galvij\u0173, kurie nebuvo \u0161eriami antibiotikais, steroidais ar hormonais. Nat\u016braliai ma\u017eo riebumo ir beveik bekvap\u0117s, bet tvirtos tekst\u016bros \u2013 puiki alternatyva kiaul\u0117s ausims. \u0160is skan\u0117stas suteikia ilgalaik\u012f kramtymo malonum\u0105 ir palaiko vir\u0161kinim\u0105. Kremzl\u0117s, odos ir m\u0117sos derinys paver\u010dia jas tikrai vertingu k\u0105sniu. \u017dinoma, jos nat\u016braliai turi daug gliukozamino ir chondroitino, kurie palaiko s\u0105nari\u0173 sveikat\u0105, taip pat gausu omega-3 riebal\u0173 r\u016bg\u0161\u010di\u0173, cinko ir seleno. Sudedamosios dalys: 100% jautienaGrynasis kiekis: 500 gAnalitin\u0117 sud\u0117tis: baltymai 85,1%, riebalai 1,16%, dr\u0117gm\u0117 6,73%\u0160\u0117rimo rekomendacijos: duokite kaip u\u017ekand\u012f arba atlyg\u012f kaip subalansuotos mitybos dal\u012f. Steb\u0117kite \u0161un\u012f valgymo metu ir visada u\u017etikrinkite, kad b\u016bt\u0173 \u0161vie\u017eio vandens. Netinka \u017emoni\u0173 maistui.\" \/>\n<meta property=\"og:url\" content=\"https:\/\/miumjau.ee\/lt\/produktas\/frigera-jaucio-ausys-su-mesa-500-g\/\" \/>\n<meta property=\"og:site_name\" content=\"MiuMjau\" \/>\n<meta property=\"article:publisher\" content=\"https:\/\/www.facebook.com\/miumjaupood\/\" \/>\n<meta property=\"article:modified_time\" content=\"2026-01-07T18:54:10+00:00\" \/>\n<meta property=\"og:image\" content=\"https:\/\/miumjau.ee\/wp-content\/uploads\/2025\/05\/frigera-koerte-maius-veisekorvad-lihaga-500g-1-Photoroom.jpg\" \/>\n\t<meta property=\"og:image:width\" content=\"600\" \/>\n\t<meta property=\"og:image:height\" content=\"800\" \/>\n\t<meta property=\"og:image:type\" content=\"image\/jpeg\" \/>\n<meta name=\"twitter:card\" content=\"summary_large_image\" \/>\n<script type=\"application\/ld+json\" class=\"yoast-schema-graph\">{\"@context\":\"https:\\\/\\\/schema.org\",\"@graph\":[{\"@type\":\"WebPage\",\"@id\":\"https:\\\/\\\/miumjau.ee\\\/lt\\\/produktas\\\/frigera-jaucio-ausys-su-mesa-500-g\\\/\",\"url\":\"https:\\\/\\\/miumjau.ee\\\/lt\\\/produktas\\\/frigera-jaucio-ausys-su-mesa-500-g\\\/\",\"name\":\"Frigera jau\u010dio ausys su m\u0117sa, 500 g - MiuMjau\",\"isPartOf\":{\"@id\":\"https:\\\/\\\/miumjau.ee\\\/#website\"},\"primaryImageOfPage\":{\"@id\":\"https:\\\/\\\/miumjau.ee\\\/lt\\\/produktas\\\/frigera-jaucio-ausys-su-mesa-500-g\\\/#primaryimage\"},\"image\":{\"@id\":\"https:\\\/\\\/miumjau.ee\\\/lt\\\/produktas\\\/frigera-jaucio-ausys-su-mesa-500-g\\\/#primaryimage\"},\"thumbnailUrl\":\"https:\\\/\\\/miumjau.ee\\\/wp-content\\\/uploads\\\/2025\\\/05\\\/frigera-koerte-maius-veisekorvad-lihaga-500g-1-Photoroom.jpg\",\"datePublished\":\"2025-05-20T20:55:36+00:00\",\"dateModified\":\"2026-01-07T18:54:10+00:00\",\"breadcrumb\":{\"@id\":\"https:\\\/\\\/miumjau.ee\\\/lt\\\/produktas\\\/frigera-jaucio-ausys-su-mesa-500-g\\\/#breadcrumb\"},\"inLanguage\":\"lt-LT\",\"potentialAction\":[{\"@type\":\"ReadAction\",\"target\":[\"https:\\\/\\\/miumjau.ee\\\/lt\\\/produktas\\\/frigera-jaucio-ausys-su-mesa-500-g\\\/\"]}]},{\"@type\":\"ImageObject\",\"inLanguage\":\"lt-LT\",\"@id\":\"https:\\\/\\\/miumjau.ee\\\/lt\\\/produktas\\\/frigera-jaucio-ausys-su-mesa-500-g\\\/#primaryimage\",\"url\":\"https:\\\/\\\/miumjau.ee\\\/wp-content\\\/uploads\\\/2025\\\/05\\\/frigera-koerte-maius-veisekorvad-lihaga-500g-1-Photoroom.jpg\",\"contentUrl\":\"https:\\\/\\\/miumjau.ee\\\/wp-content\\\/uploads\\\/2025\\\/05\\\/frigera-koerte-maius-veisekorvad-lihaga-500g-1-Photoroom.jpg\",\"width\":600,\"height\":800,\"caption\":\"Frigera veisek\u00f5rvad lihaga, 500 g\"},{\"@type\":\"BreadcrumbList\",\"@id\":\"https:\\\/\\\/miumjau.ee\\\/lt\\\/produktas\\\/frigera-jaucio-ausys-su-mesa-500-g\\\/#breadcrumb\",\"itemListElement\":[{\"@type\":\"ListItem\",\"position\":1,\"name\":\"Home\",\"item\":\"https:\\\/\\\/miumjau.ee\\\/lt\\\/\"},{\"@type\":\"ListItem\",\"position\":2,\"name\":\"Parduotuv\u0117\",\"item\":\"https:\\\/\\\/miumjau.ee\\\/lt\\\/parduotuve\\\/\"},{\"@type\":\"ListItem\",\"position\":3,\"name\":\"Frigera jau\u010dio ausys su m\u0117sa, 500 g\"}]},{\"@type\":\"WebSite\",\"@id\":\"https:\\\/\\\/miumjau.ee\\\/#website\",\"url\":\"https:\\\/\\\/miumjau.ee\\\/\",\"name\":\"MiuMjau\",\"description\":\"Kraapimispuud kassidele\",\"publisher\":{\"@id\":\"https:\\\/\\\/miumjau.ee\\\/#organization\"},\"potentialAction\":[{\"@type\":\"SearchAction\",\"target\":{\"@type\":\"EntryPoint\",\"urlTemplate\":\"https:\\\/\\\/miumjau.ee\\\/?s={search_term_string}\"},\"query-input\":{\"@type\":\"PropertyValueSpecification\",\"valueRequired\":true,\"valueName\":\"search_term_string\"}}],\"inLanguage\":\"lt-LT\"},{\"@type\":\"Organization\",\"@id\":\"https:\\\/\\\/miumjau.ee\\\/#organization\",\"name\":\"MiuMjau O\u00dc\",\"url\":\"https:\\\/\\\/miumjau.ee\\\/\",\"logo\":{\"@type\":\"ImageObject\",\"inLanguage\":\"lt-LT\",\"@id\":\"https:\\\/\\\/miumjau.ee\\\/#\\\/schema\\\/logo\\\/image\\\/\",\"url\":\"https:\\\/\\\/miumjau.ee\\\/wp-content\\\/uploads\\\/2022\\\/04\\\/MiuMjau-logo-kollane.png\",\"contentUrl\":\"https:\\\/\\\/miumjau.ee\\\/wp-content\\\/uploads\\\/2022\\\/04\\\/MiuMjau-logo-kollane.png\",\"width\":219,\"height\":100,\"caption\":\"MiuMjau O\u00dc\"},\"image\":{\"@id\":\"https:\\\/\\\/miumjau.ee\\\/#\\\/schema\\\/logo\\\/image\\\/\"},\"sameAs\":[\"https:\\\/\\\/www.facebook.com\\\/miumjaupood\\\/\"]}]}<\/script>\n<!-- \/ Yoast SEO plugin. -->","yoast_head_json":{"title":"Frigera jau\u010dio ausys su m\u0117sa, 500 g - MiuMjau","robots":{"index":"index","follow":"follow","max-snippet":"max-snippet:-1","max-image-preview":"max-image-preview:large","max-video-preview":"max-video-preview:-1"},"canonical":"https:\/\/miumjau.ee\/lt\/produktas\/frigera-jaucio-ausys-su-mesa-500-g\/","og_locale":"lt_LT","og_type":"article","og_title":"Frigera jau\u010dio ausys su m\u0117sa, 500 g - MiuMjau","og_description":"Frigera jautienos ausys su m\u0117sa \u2013 klasikinis ir maistingas skan\u0117stas! Ar, kaip dauguma \u0161un\u0173 \u0161eiminink\u0173, lepinote savo keturkoj\u012f draug\u0105 skaniu k\u0105sneliu? Tuomet \u012fsitikinkite, kad jis ir sveikas! Vienas i\u0161 m\u016bs\u0173 vis\u0173 laik\u0173 populiariausi\u0173 klasikini\u0173 produkt\u0173 \u2013 jautienos ausys su m\u0117sa \u2013 yra b\u016btent tai, ko reikia! Jos pagamintos i\u0161 laisvai laikom\u0173 galvij\u0173, kurie nebuvo \u0161eriami antibiotikais, steroidais ar hormonais. Nat\u016braliai ma\u017eo riebumo ir beveik bekvap\u0117s, bet tvirtos tekst\u016bros \u2013 puiki alternatyva kiaul\u0117s ausims. \u0160is skan\u0117stas suteikia ilgalaik\u012f kramtymo malonum\u0105 ir palaiko vir\u0161kinim\u0105. Kremzl\u0117s, odos ir m\u0117sos derinys paver\u010dia jas tikrai vertingu k\u0105sniu. \u017dinoma, jos nat\u016braliai turi daug gliukozamino ir chondroitino, kurie palaiko s\u0105nari\u0173 sveikat\u0105, taip pat gausu omega-3 riebal\u0173 r\u016bg\u0161\u010di\u0173, cinko ir seleno. Sudedamosios dalys: 100% jautienaGrynasis kiekis: 500 gAnalitin\u0117 sud\u0117tis: baltymai 85,1%, riebalai 1,16%, dr\u0117gm\u0117 6,73%\u0160\u0117rimo rekomendacijos: duokite kaip u\u017ekand\u012f arba atlyg\u012f kaip subalansuotos mitybos dal\u012f. Steb\u0117kite \u0161un\u012f valgymo metu ir visada u\u017etikrinkite, kad b\u016bt\u0173 \u0161vie\u017eio vandens. Netinka \u017emoni\u0173 maistui.","og_url":"https:\/\/miumjau.ee\/lt\/produktas\/frigera-jaucio-ausys-su-mesa-500-g\/","og_site_name":"MiuMjau","article_publisher":"https:\/\/www.facebook.com\/miumjaupood\/","article_modified_time":"2026-01-07T18:54:10+00:00","og_image":[{"width":600,"height":800,"url":"https:\/\/miumjau.ee\/wp-content\/uploads\/2025\/05\/frigera-koerte-maius-veisekorvad-lihaga-500g-1-Photoroom.jpg","type":"image\/jpeg"}],"twitter_card":"summary_large_image","schema":{"@context":"https:\/\/schema.org","@graph":[{"@type":"WebPage","@id":"https:\/\/miumjau.ee\/lt\/produktas\/frigera-jaucio-ausys-su-mesa-500-g\/","url":"https:\/\/miumjau.ee\/lt\/produktas\/frigera-jaucio-ausys-su-mesa-500-g\/","name":"Frigera jau\u010dio ausys su m\u0117sa, 500 g - MiuMjau","isPartOf":{"@id":"https:\/\/miumjau.ee\/#website"},"primaryImageOfPage":{"@id":"https:\/\/miumjau.ee\/lt\/produktas\/frigera-jaucio-ausys-su-mesa-500-g\/#primaryimage"},"image":{"@id":"https:\/\/miumjau.ee\/lt\/produktas\/frigera-jaucio-ausys-su-mesa-500-g\/#primaryimage"},"thumbnailUrl":"https:\/\/miumjau.ee\/wp-content\/uploads\/2025\/05\/frigera-koerte-maius-veisekorvad-lihaga-500g-1-Photoroom.jpg","datePublished":"2025-05-20T20:55:36+00:00","dateModified":"2026-01-07T18:54:10+00:00","breadcrumb":{"@id":"https:\/\/miumjau.ee\/lt\/produktas\/frigera-jaucio-ausys-su-mesa-500-g\/#breadcrumb"},"inLanguage":"lt-LT","potentialAction":[{"@type":"ReadAction","target":["https:\/\/miumjau.ee\/lt\/produktas\/frigera-jaucio-ausys-su-mesa-500-g\/"]}]},{"@type":"ImageObject","inLanguage":"lt-LT","@id":"https:\/\/miumjau.ee\/lt\/produktas\/frigera-jaucio-ausys-su-mesa-500-g\/#primaryimage","url":"https:\/\/miumjau.ee\/wp-content\/uploads\/2025\/05\/frigera-koerte-maius-veisekorvad-lihaga-500g-1-Photoroom.jpg","contentUrl":"https:\/\/miumjau.ee\/wp-content\/uploads\/2025\/05\/frigera-koerte-maius-veisekorvad-lihaga-500g-1-Photoroom.jpg","width":600,"height":800,"caption":"Frigera veisek\u00f5rvad lihaga, 500 g"},{"@type":"BreadcrumbList","@id":"https:\/\/miumjau.ee\/lt\/produktas\/frigera-jaucio-ausys-su-mesa-500-g\/#breadcrumb","itemListElement":[{"@type":"ListItem","position":1,"name":"Home","item":"https:\/\/miumjau.ee\/lt\/"},{"@type":"ListItem","position":2,"name":"Parduotuv\u0117","item":"https:\/\/miumjau.ee\/lt\/parduotuve\/"},{"@type":"ListItem","position":3,"name":"Frigera jau\u010dio ausys su m\u0117sa, 500 g"}]},{"@type":"WebSite","@id":"https:\/\/miumjau.ee\/#website","url":"https:\/\/miumjau.ee\/","name":"MiuMjau","description":"Kraapimispuud kassidele","publisher":{"@id":"https:\/\/miumjau.ee\/#organization"},"potentialAction":[{"@type":"SearchAction","target":{"@type":"EntryPoint","urlTemplate":"https:\/\/miumjau.ee\/?s={search_term_string}"},"query-input":{"@type":"PropertyValueSpecification","valueRequired":true,"valueName":"search_term_string"}}],"inLanguage":"lt-LT"},{"@type":"Organization","@id":"https:\/\/miumjau.ee\/#organization","name":"MiuMjau O\u00dc","url":"https:\/\/miumjau.ee\/","logo":{"@type":"ImageObject","inLanguage":"lt-LT","@id":"https:\/\/miumjau.ee\/#\/schema\/logo\/image\/","url":"https:\/\/miumjau.ee\/wp-content\/uploads\/2022\/04\/MiuMjau-logo-kollane.png","contentUrl":"https:\/\/miumjau.ee\/wp-content\/uploads\/2022\/04\/MiuMjau-logo-kollane.png","width":219,"height":100,"caption":"MiuMjau O\u00dc"},"image":{"@id":"https:\/\/miumjau.ee\/#\/schema\/logo\/image\/"},"sameAs":["https:\/\/www.facebook.com\/miumjaupood\/"]}]}},"_links":{"self":[{"href":"https:\/\/miumjau.ee\/lt\/wp-json\/wp\/v2\/product\/41116","targetHints":{"allow":["GET"]}}],"collection":[{"href":"https:\/\/miumjau.ee\/lt\/wp-json\/wp\/v2\/product"}],"about":[{"href":"https:\/\/miumjau.ee\/lt\/wp-json\/wp\/v2\/types\/product"}],"wp:featuredmedia":[{"embeddable":true,"href":"https:\/\/miumjau.ee\/lt\/wp-json\/wp\/v2\/media\/41268"}],"wp:attachment":[{"href":"https:\/\/miumjau.ee\/lt\/wp-json\/wp\/v2\/media?parent=41116"}],"wp:term":[{"taxonomy":"product_brand","embeddable":true,"href":"https:\/\/miumjau.ee\/lt\/wp-json\/wp\/v2\/product_brand?post=41116"},{"taxonomy":"product_cat","embeddable":true,"href":"https:\/\/miumjau.ee\/lt\/wp-json\/wp\/v2\/product_cat?post=41116"},{"taxonomy":"product_tag","embeddable":true,"href":"https:\/\/miumjau.ee\/lt\/wp-json\/wp\/v2\/product_tag?post=41116"}],"curies":[{"name":"wp","href":"https:\/\/api.w.org\/{rel}","templated":true}]}}