{"id":41115,"date":"2025-05-18T16:03:32","date_gmt":"2025-05-18T13:03:32","guid":{"rendered":"https:\/\/miumjau.ee\/toode\/frigera-dziovinti-avies-plauciu-kubeliai-200-g\/"},"modified":"2026-01-07T20:54:10","modified_gmt":"2026-01-07T18:54:10","slug":"frigera-dziovinti-avies-plauciu-kubeliai-200-g","status":"publish","type":"product","link":"https:\/\/miumjau.ee\/lt\/produktas\/frigera-dziovinti-avies-plauciu-kubeliai-200-g\/","title":{"rendered":"Frigera d\u017eiovinti avies plau\u010di\u0173 kubeliai, 200 g"},"content":{"rendered":"","protected":false},"excerpt":{"rendered":"<p>FRIGERA d\u017eiovintos avienos plau\u010di\u0173 kubeliai yra nat\u016bralus ir sveikas skan\u0117stas!<\/p>\n<p>Ie\u0161kote beveik neriebaus ir lengvai vir\u0161kinamo skan\u0117sto jautriam ar antsvoriui linkusiam keturkojui draugui? Esate tinkamoje vietoje! M\u016bs\u0173 FRIGERA avienos plau\u010diai yra kruop\u0161\u010diai atrinkti ir nat\u016bral\u016bs. Jie d\u017eiovinami l\u0117tai, kol tampa pur\u016bs, hipoalerginiai skan\u0117stai, turintys labai ma\u017eai riebal\u0173, bet daug baltym\u0173. Skan\u0117stas turi medien\u0105 ar bi\u010di\u0173 va\u0161k\u0105 primenan\u010di\u0105 tekst\u016br\u0105, kuri \u0161unims labai patinka. Be to, avienos plau\u010diuose yra svarbi\u0173 mineral\u0173 ir riebal\u0173 r\u016bg\u0161\u010di\u0173, toki\u0173 kaip omega-3, taip pat daug vitamin\u0173 ir net a\u0161tuoni\u0173 svarbi\u0173 mineral\u0173! Dar daugiau \u2013 avienos plau\u010diai yra aplinkai draugi\u0161kesnis pasirinkimas, nes avys daro ma\u017eesn\u012f poveik\u012f gamtai nei galvijai ar kiaul\u0117s. D\u0117l mink\u0161tos strukt\u016bros ir lengvo trup\u0117jimo \u0161is kramtomas skan\u0117stas ypa\u010d tinka labai jauniems ar seniems \u0161unims arba tiems, kurie turi kramtymo sunkum\u0173 \u2014 skan\u0117stas n\u0117ra per kietas, bet vis tiek suteikia kramtymo malonum\u0105. \u0160velnus kvapas daro j\u012f idealiu skan\u0117stu dalytis ir patalpose!<br \/>\n<strong>Grynasis kiekis:<\/strong> 200 g<strong>Sudedamosios dalys:<\/strong> 100% avis<strong>Analitin\u0117 sud\u0117tis:<\/strong> baltymai 70,67%, riebalai 5,94%, dr\u0117gm\u0117 11,47%<strong>\u0160\u0117rimo rekomendacijos:<\/strong> duokite kaip skan\u0117st\u0105 tarp valgym\u0173 arba kaip atlyg\u012f kaip subalansuotos mitybos dal\u012f. U\u017etikrinkite, kad \u0161uo visada tur\u0117t\u0173 \u0161vie\u017eio vandens. Steb\u0117kite \u0161un\u012f valgymo metu. Netinka \u017emoni\u0173 maistui.<\/p>\n","protected":false},"featured_media":41267,"template":"","meta":[],"product_brand":[],"product_cat":[524,540],"product_tag":[],"class_list":{"0":"post-41115","1":"product","2":"type-product","3":"status-publish","4":"has-post-thumbnail","6":"product_cat-kaup24-lt","7":"product_cat-skanestai-sunims","9":"first","10":"instock","11":"sale","12":"taxable","13":"shipping-taxable","14":"purchasable","15":"product-type-simple"},"yoast_head":"<!-- This site is optimized with the Yoast SEO plugin v27.4 - https:\/\/yoast.com\/product\/yoast-seo-wordpress\/ -->\n<title>Frigera d\u017eiovinti avies plau\u010di\u0173 kubeliai, 200 g - MiuMjau<\/title>\n<meta name=\"robots\" content=\"index, follow, max-snippet:-1, max-image-preview:large, max-video-preview:-1\" \/>\n<link rel=\"canonical\" href=\"https:\/\/miumjau.ee\/lt\/produktas\/frigera-dziovinti-avies-plauciu-kubeliai-200-g\/\" \/>\n<meta property=\"og:locale\" content=\"lt_LT\" \/>\n<meta property=\"og:type\" content=\"article\" \/>\n<meta property=\"og:title\" content=\"Frigera d\u017eiovinti avies plau\u010di\u0173 kubeliai, 200 g - MiuMjau\" \/>\n<meta property=\"og:description\" content=\"FRIGERA d\u017eiovintos avienos plau\u010di\u0173 kubeliai yra nat\u016bralus ir sveikas skan\u0117stas! Ie\u0161kote beveik neriebaus ir lengvai vir\u0161kinamo skan\u0117sto jautriam ar antsvoriui linkusiam keturkojui draugui? Esate tinkamoje vietoje! M\u016bs\u0173 FRIGERA avienos plau\u010diai yra kruop\u0161\u010diai atrinkti ir nat\u016bral\u016bs. Jie d\u017eiovinami l\u0117tai, kol tampa pur\u016bs, hipoalerginiai skan\u0117stai, turintys labai ma\u017eai riebal\u0173, bet daug baltym\u0173. Skan\u0117stas turi medien\u0105 ar bi\u010di\u0173 va\u0161k\u0105 primenan\u010di\u0105 tekst\u016br\u0105, kuri \u0161unims labai patinka. Be to, avienos plau\u010diuose yra svarbi\u0173 mineral\u0173 ir riebal\u0173 r\u016bg\u0161\u010di\u0173, toki\u0173 kaip omega-3, taip pat daug vitamin\u0173 ir net a\u0161tuoni\u0173 svarbi\u0173 mineral\u0173! Dar daugiau \u2013 avienos plau\u010diai yra aplinkai draugi\u0161kesnis pasirinkimas, nes avys daro ma\u017eesn\u012f poveik\u012f gamtai nei galvijai ar kiaul\u0117s. D\u0117l mink\u0161tos strukt\u016bros ir lengvo trup\u0117jimo \u0161is kramtomas skan\u0117stas ypa\u010d tinka labai jauniems ar seniems \u0161unims arba tiems, kurie turi kramtymo sunkum\u0173 \u2014 skan\u0117stas n\u0117ra per kietas, bet vis tiek suteikia kramtymo malonum\u0105. \u0160velnus kvapas daro j\u012f idealiu skan\u0117stu dalytis ir patalpose! Grynasis kiekis: 200 gSudedamosios dalys: 100% avisAnalitin\u0117 sud\u0117tis: baltymai 70,67%, riebalai 5,94%, dr\u0117gm\u0117 11,47%\u0160\u0117rimo rekomendacijos: duokite kaip skan\u0117st\u0105 tarp valgym\u0173 arba kaip atlyg\u012f kaip subalansuotos mitybos dal\u012f. U\u017etikrinkite, kad \u0161uo visada tur\u0117t\u0173 \u0161vie\u017eio vandens. Steb\u0117kite \u0161un\u012f valgymo metu. Netinka \u017emoni\u0173 maistui.\" \/>\n<meta property=\"og:url\" content=\"https:\/\/miumjau.ee\/lt\/produktas\/frigera-dziovinti-avies-plauciu-kubeliai-200-g\/\" \/>\n<meta property=\"og:site_name\" content=\"MiuMjau\" \/>\n<meta property=\"article:publisher\" content=\"https:\/\/www.facebook.com\/miumjaupood\/\" \/>\n<meta property=\"article:modified_time\" content=\"2026-01-07T18:54:10+00:00\" \/>\n<meta property=\"og:image\" content=\"https:\/\/miumjau.ee\/wp-content\/uploads\/2025\/05\/frigera-koerte-maius-lambakopsu-kuubikud-200g-1-Photoroom.jpg\" \/>\n\t<meta property=\"og:image:width\" content=\"600\" \/>\n\t<meta property=\"og:image:height\" content=\"800\" \/>\n\t<meta property=\"og:image:type\" content=\"image\/jpeg\" \/>\n<meta name=\"twitter:card\" content=\"summary_large_image\" \/>\n<script type=\"application\/ld+json\" class=\"yoast-schema-graph\">{\"@context\":\"https:\\\/\\\/schema.org\",\"@graph\":[{\"@type\":\"WebPage\",\"@id\":\"https:\\\/\\\/miumjau.ee\\\/lt\\\/produktas\\\/frigera-dziovinti-avies-plauciu-kubeliai-200-g\\\/\",\"url\":\"https:\\\/\\\/miumjau.ee\\\/lt\\\/produktas\\\/frigera-dziovinti-avies-plauciu-kubeliai-200-g\\\/\",\"name\":\"Frigera d\u017eiovinti avies plau\u010di\u0173 kubeliai, 200 g - MiuMjau\",\"isPartOf\":{\"@id\":\"https:\\\/\\\/miumjau.ee\\\/#website\"},\"primaryImageOfPage\":{\"@id\":\"https:\\\/\\\/miumjau.ee\\\/lt\\\/produktas\\\/frigera-dziovinti-avies-plauciu-kubeliai-200-g\\\/#primaryimage\"},\"image\":{\"@id\":\"https:\\\/\\\/miumjau.ee\\\/lt\\\/produktas\\\/frigera-dziovinti-avies-plauciu-kubeliai-200-g\\\/#primaryimage\"},\"thumbnailUrl\":\"https:\\\/\\\/miumjau.ee\\\/wp-content\\\/uploads\\\/2025\\\/05\\\/frigera-koerte-maius-lambakopsu-kuubikud-200g-1-Photoroom.jpg\",\"datePublished\":\"2025-05-18T13:03:32+00:00\",\"dateModified\":\"2026-01-07T18:54:10+00:00\",\"breadcrumb\":{\"@id\":\"https:\\\/\\\/miumjau.ee\\\/lt\\\/produktas\\\/frigera-dziovinti-avies-plauciu-kubeliai-200-g\\\/#breadcrumb\"},\"inLanguage\":\"lt-LT\",\"potentialAction\":[{\"@type\":\"ReadAction\",\"target\":[\"https:\\\/\\\/miumjau.ee\\\/lt\\\/produktas\\\/frigera-dziovinti-avies-plauciu-kubeliai-200-g\\\/\"]}]},{\"@type\":\"ImageObject\",\"inLanguage\":\"lt-LT\",\"@id\":\"https:\\\/\\\/miumjau.ee\\\/lt\\\/produktas\\\/frigera-dziovinti-avies-plauciu-kubeliai-200-g\\\/#primaryimage\",\"url\":\"https:\\\/\\\/miumjau.ee\\\/wp-content\\\/uploads\\\/2025\\\/05\\\/frigera-koerte-maius-lambakopsu-kuubikud-200g-1-Photoroom.jpg\",\"contentUrl\":\"https:\\\/\\\/miumjau.ee\\\/wp-content\\\/uploads\\\/2025\\\/05\\\/frigera-koerte-maius-lambakopsu-kuubikud-200g-1-Photoroom.jpg\",\"width\":600,\"height\":800,\"caption\":\"Frigera kuivatatud lambakopsu kuubikud, 200 g\"},{\"@type\":\"BreadcrumbList\",\"@id\":\"https:\\\/\\\/miumjau.ee\\\/lt\\\/produktas\\\/frigera-dziovinti-avies-plauciu-kubeliai-200-g\\\/#breadcrumb\",\"itemListElement\":[{\"@type\":\"ListItem\",\"position\":1,\"name\":\"Home\",\"item\":\"https:\\\/\\\/miumjau.ee\\\/lt\\\/\"},{\"@type\":\"ListItem\",\"position\":2,\"name\":\"Parduotuv\u0117\",\"item\":\"https:\\\/\\\/miumjau.ee\\\/lt\\\/parduotuve\\\/\"},{\"@type\":\"ListItem\",\"position\":3,\"name\":\"Frigera d\u017eiovinti avies plau\u010di\u0173 kubeliai, 200 g\"}]},{\"@type\":\"WebSite\",\"@id\":\"https:\\\/\\\/miumjau.ee\\\/#website\",\"url\":\"https:\\\/\\\/miumjau.ee\\\/\",\"name\":\"MiuMjau\",\"description\":\"Kraapimispuud kassidele\",\"publisher\":{\"@id\":\"https:\\\/\\\/miumjau.ee\\\/#organization\"},\"potentialAction\":[{\"@type\":\"SearchAction\",\"target\":{\"@type\":\"EntryPoint\",\"urlTemplate\":\"https:\\\/\\\/miumjau.ee\\\/?s={search_term_string}\"},\"query-input\":{\"@type\":\"PropertyValueSpecification\",\"valueRequired\":true,\"valueName\":\"search_term_string\"}}],\"inLanguage\":\"lt-LT\"},{\"@type\":\"Organization\",\"@id\":\"https:\\\/\\\/miumjau.ee\\\/#organization\",\"name\":\"MiuMjau O\u00dc\",\"url\":\"https:\\\/\\\/miumjau.ee\\\/\",\"logo\":{\"@type\":\"ImageObject\",\"inLanguage\":\"lt-LT\",\"@id\":\"https:\\\/\\\/miumjau.ee\\\/#\\\/schema\\\/logo\\\/image\\\/\",\"url\":\"https:\\\/\\\/miumjau.ee\\\/wp-content\\\/uploads\\\/2022\\\/04\\\/MiuMjau-logo-kollane.png\",\"contentUrl\":\"https:\\\/\\\/miumjau.ee\\\/wp-content\\\/uploads\\\/2022\\\/04\\\/MiuMjau-logo-kollane.png\",\"width\":219,\"height\":100,\"caption\":\"MiuMjau O\u00dc\"},\"image\":{\"@id\":\"https:\\\/\\\/miumjau.ee\\\/#\\\/schema\\\/logo\\\/image\\\/\"},\"sameAs\":[\"https:\\\/\\\/www.facebook.com\\\/miumjaupood\\\/\"]}]}<\/script>\n<!-- \/ Yoast SEO plugin. -->","yoast_head_json":{"title":"Frigera d\u017eiovinti avies plau\u010di\u0173 kubeliai, 200 g - MiuMjau","robots":{"index":"index","follow":"follow","max-snippet":"max-snippet:-1","max-image-preview":"max-image-preview:large","max-video-preview":"max-video-preview:-1"},"canonical":"https:\/\/miumjau.ee\/lt\/produktas\/frigera-dziovinti-avies-plauciu-kubeliai-200-g\/","og_locale":"lt_LT","og_type":"article","og_title":"Frigera d\u017eiovinti avies plau\u010di\u0173 kubeliai, 200 g - MiuMjau","og_description":"FRIGERA d\u017eiovintos avienos plau\u010di\u0173 kubeliai yra nat\u016bralus ir sveikas skan\u0117stas! Ie\u0161kote beveik neriebaus ir lengvai vir\u0161kinamo skan\u0117sto jautriam ar antsvoriui linkusiam keturkojui draugui? Esate tinkamoje vietoje! M\u016bs\u0173 FRIGERA avienos plau\u010diai yra kruop\u0161\u010diai atrinkti ir nat\u016bral\u016bs. Jie d\u017eiovinami l\u0117tai, kol tampa pur\u016bs, hipoalerginiai skan\u0117stai, turintys labai ma\u017eai riebal\u0173, bet daug baltym\u0173. Skan\u0117stas turi medien\u0105 ar bi\u010di\u0173 va\u0161k\u0105 primenan\u010di\u0105 tekst\u016br\u0105, kuri \u0161unims labai patinka. Be to, avienos plau\u010diuose yra svarbi\u0173 mineral\u0173 ir riebal\u0173 r\u016bg\u0161\u010di\u0173, toki\u0173 kaip omega-3, taip pat daug vitamin\u0173 ir net a\u0161tuoni\u0173 svarbi\u0173 mineral\u0173! Dar daugiau \u2013 avienos plau\u010diai yra aplinkai draugi\u0161kesnis pasirinkimas, nes avys daro ma\u017eesn\u012f poveik\u012f gamtai nei galvijai ar kiaul\u0117s. D\u0117l mink\u0161tos strukt\u016bros ir lengvo trup\u0117jimo \u0161is kramtomas skan\u0117stas ypa\u010d tinka labai jauniems ar seniems \u0161unims arba tiems, kurie turi kramtymo sunkum\u0173 \u2014 skan\u0117stas n\u0117ra per kietas, bet vis tiek suteikia kramtymo malonum\u0105. \u0160velnus kvapas daro j\u012f idealiu skan\u0117stu dalytis ir patalpose! Grynasis kiekis: 200 gSudedamosios dalys: 100% avisAnalitin\u0117 sud\u0117tis: baltymai 70,67%, riebalai 5,94%, dr\u0117gm\u0117 11,47%\u0160\u0117rimo rekomendacijos: duokite kaip skan\u0117st\u0105 tarp valgym\u0173 arba kaip atlyg\u012f kaip subalansuotos mitybos dal\u012f. U\u017etikrinkite, kad \u0161uo visada tur\u0117t\u0173 \u0161vie\u017eio vandens. Steb\u0117kite \u0161un\u012f valgymo metu. Netinka \u017emoni\u0173 maistui.","og_url":"https:\/\/miumjau.ee\/lt\/produktas\/frigera-dziovinti-avies-plauciu-kubeliai-200-g\/","og_site_name":"MiuMjau","article_publisher":"https:\/\/www.facebook.com\/miumjaupood\/","article_modified_time":"2026-01-07T18:54:10+00:00","og_image":[{"width":600,"height":800,"url":"https:\/\/miumjau.ee\/wp-content\/uploads\/2025\/05\/frigera-koerte-maius-lambakopsu-kuubikud-200g-1-Photoroom.jpg","type":"image\/jpeg"}],"twitter_card":"summary_large_image","schema":{"@context":"https:\/\/schema.org","@graph":[{"@type":"WebPage","@id":"https:\/\/miumjau.ee\/lt\/produktas\/frigera-dziovinti-avies-plauciu-kubeliai-200-g\/","url":"https:\/\/miumjau.ee\/lt\/produktas\/frigera-dziovinti-avies-plauciu-kubeliai-200-g\/","name":"Frigera d\u017eiovinti avies plau\u010di\u0173 kubeliai, 200 g - MiuMjau","isPartOf":{"@id":"https:\/\/miumjau.ee\/#website"},"primaryImageOfPage":{"@id":"https:\/\/miumjau.ee\/lt\/produktas\/frigera-dziovinti-avies-plauciu-kubeliai-200-g\/#primaryimage"},"image":{"@id":"https:\/\/miumjau.ee\/lt\/produktas\/frigera-dziovinti-avies-plauciu-kubeliai-200-g\/#primaryimage"},"thumbnailUrl":"https:\/\/miumjau.ee\/wp-content\/uploads\/2025\/05\/frigera-koerte-maius-lambakopsu-kuubikud-200g-1-Photoroom.jpg","datePublished":"2025-05-18T13:03:32+00:00","dateModified":"2026-01-07T18:54:10+00:00","breadcrumb":{"@id":"https:\/\/miumjau.ee\/lt\/produktas\/frigera-dziovinti-avies-plauciu-kubeliai-200-g\/#breadcrumb"},"inLanguage":"lt-LT","potentialAction":[{"@type":"ReadAction","target":["https:\/\/miumjau.ee\/lt\/produktas\/frigera-dziovinti-avies-plauciu-kubeliai-200-g\/"]}]},{"@type":"ImageObject","inLanguage":"lt-LT","@id":"https:\/\/miumjau.ee\/lt\/produktas\/frigera-dziovinti-avies-plauciu-kubeliai-200-g\/#primaryimage","url":"https:\/\/miumjau.ee\/wp-content\/uploads\/2025\/05\/frigera-koerte-maius-lambakopsu-kuubikud-200g-1-Photoroom.jpg","contentUrl":"https:\/\/miumjau.ee\/wp-content\/uploads\/2025\/05\/frigera-koerte-maius-lambakopsu-kuubikud-200g-1-Photoroom.jpg","width":600,"height":800,"caption":"Frigera kuivatatud lambakopsu kuubikud, 200 g"},{"@type":"BreadcrumbList","@id":"https:\/\/miumjau.ee\/lt\/produktas\/frigera-dziovinti-avies-plauciu-kubeliai-200-g\/#breadcrumb","itemListElement":[{"@type":"ListItem","position":1,"name":"Home","item":"https:\/\/miumjau.ee\/lt\/"},{"@type":"ListItem","position":2,"name":"Parduotuv\u0117","item":"https:\/\/miumjau.ee\/lt\/parduotuve\/"},{"@type":"ListItem","position":3,"name":"Frigera d\u017eiovinti avies plau\u010di\u0173 kubeliai, 200 g"}]},{"@type":"WebSite","@id":"https:\/\/miumjau.ee\/#website","url":"https:\/\/miumjau.ee\/","name":"MiuMjau","description":"Kraapimispuud kassidele","publisher":{"@id":"https:\/\/miumjau.ee\/#organization"},"potentialAction":[{"@type":"SearchAction","target":{"@type":"EntryPoint","urlTemplate":"https:\/\/miumjau.ee\/?s={search_term_string}"},"query-input":{"@type":"PropertyValueSpecification","valueRequired":true,"valueName":"search_term_string"}}],"inLanguage":"lt-LT"},{"@type":"Organization","@id":"https:\/\/miumjau.ee\/#organization","name":"MiuMjau O\u00dc","url":"https:\/\/miumjau.ee\/","logo":{"@type":"ImageObject","inLanguage":"lt-LT","@id":"https:\/\/miumjau.ee\/#\/schema\/logo\/image\/","url":"https:\/\/miumjau.ee\/wp-content\/uploads\/2022\/04\/MiuMjau-logo-kollane.png","contentUrl":"https:\/\/miumjau.ee\/wp-content\/uploads\/2022\/04\/MiuMjau-logo-kollane.png","width":219,"height":100,"caption":"MiuMjau O\u00dc"},"image":{"@id":"https:\/\/miumjau.ee\/#\/schema\/logo\/image\/"},"sameAs":["https:\/\/www.facebook.com\/miumjaupood\/"]}]}},"_links":{"self":[{"href":"https:\/\/miumjau.ee\/lt\/wp-json\/wp\/v2\/product\/41115","targetHints":{"allow":["GET"]}}],"collection":[{"href":"https:\/\/miumjau.ee\/lt\/wp-json\/wp\/v2\/product"}],"about":[{"href":"https:\/\/miumjau.ee\/lt\/wp-json\/wp\/v2\/types\/product"}],"wp:featuredmedia":[{"embeddable":true,"href":"https:\/\/miumjau.ee\/lt\/wp-json\/wp\/v2\/media\/41267"}],"wp:attachment":[{"href":"https:\/\/miumjau.ee\/lt\/wp-json\/wp\/v2\/media?parent=41115"}],"wp:term":[{"taxonomy":"product_brand","embeddable":true,"href":"https:\/\/miumjau.ee\/lt\/wp-json\/wp\/v2\/product_brand?post=41115"},{"taxonomy":"product_cat","embeddable":true,"href":"https:\/\/miumjau.ee\/lt\/wp-json\/wp\/v2\/product_cat?post=41115"},{"taxonomy":"product_tag","embeddable":true,"href":"https:\/\/miumjau.ee\/lt\/wp-json\/wp\/v2\/product_tag?post=41115"}],"curies":[{"name":"wp","href":"https:\/\/api.w.org\/{rel}","templated":true}]}}