{"id":41114,"date":"2025-05-18T15:43:10","date_gmt":"2025-05-18T12:43:10","guid":{"rendered":"https:\/\/miumjau.ee\/toode\/frigera-dziovintos-avies-ausys-su-kailiu-100-g\/"},"modified":"2026-01-07T20:54:10","modified_gmt":"2026-01-07T18:54:10","slug":"frigera-dziovintos-avies-ausys-su-kailiu-100-g","status":"publish","type":"product","link":"https:\/\/miumjau.ee\/lt\/produktas\/frigera-dziovintos-avies-ausys-su-kailiu-100-g\/","title":{"rendered":"Frigera d\u017eiovintos avies ausys su kailiu, 100 g"},"content":{"rendered":"","protected":false},"excerpt":{"rendered":"<p>FRIGERA d\u017eiovintos avies ausys yra nat\u016bralus ir sveikas skan\u0117stas!<br \/>\nAr kiaul\u0117s ar jau\u010dio ausys tavo \u0161uniui per \u012fprastos arba jam jos netinka? FRIGERA avies ausys su kailiu i\u0161gelb\u0117s situacij\u0105! \u0160ios 100% nat\u016bralios avies ausys yra kruop\u0161\u010diai d\u017eiovintos, kad b\u016bt\u0173 tra\u0161kios, bet \u0161iek tiek mink\u0161tesn\u0117s ir liesesn\u0117s alternatyvos kiaul\u0117s ausims.<br \/>\n\u0160is hipoalerginis skan\u0117stas puikiai tinka \u0161unims, turintiems jautr\u0173 vir\u0161kinim\u0105 \u2013 be to, intensyvus kramtymas valo dantis ir prisideda prie s\u0105nari\u0173 bei rai\u0161\u010di\u0173 sveikatos, nes avienoje gausu mangano. Avies ausys taip pat yra ekologi\u0161kesnis pasirinkimas, nes avi\u0173 p\u0117dsakas aplinkai ma\u017eesnis nei kiauli\u0173 ar galvij\u0173.<br \/>\nDar daugiau \u2013 jos beveik neturi kvapo ir puikiai tinka kramtyti patalpose. Ir geriausia dalis \u2013 kailis nat\u016braliai valo \u0161uns vir\u0161kinimo trakt\u0105! Tai imituoja nat\u016brali\u0105 mityb\u0105 laukin\u0117je gamtoje, kai \u0161unys valgydavo grob\u012f kartu su kailiu ir kaulais. D\u0117l tinkamo dyd\u017eio ir konsistencijos avies ausys tinka net ma\u017eesniems \u0161unims ar tiems, kuri\u0173 \u017eandikauliai silpnesni.<br \/>\n<strong>Grynasis kiekis:<\/strong> 100 g<strong>Sudedamosios dalys:<\/strong> 100% avis<br \/>\n<strong>Analitin\u0117 sud\u0117tis:<\/strong> \u017ealias baltymas 59,78%, \u017eali riebalai 29,4%, dr\u0117gm\u0117 8,27%<strong>\u0160\u0117rimo rekomendacijos:<\/strong> duokite kaip skan\u0117st\u0105 tarp valgym\u0173 kaip subalansuotos mitybos dal\u012f. U\u017etikrinkite, kad \u0161uo visada tur\u0117t\u0173 \u0161vie\u017eio vandens. Duokite tik pri\u017ei\u016brint. Netinka \u017emoni\u0173 maistui.<\/p>\n","protected":false},"featured_media":41240,"template":"","meta":[],"product_brand":[],"product_cat":[540,524],"product_tag":[],"class_list":{"0":"post-41114","1":"product","2":"type-product","3":"status-publish","4":"has-post-thumbnail","6":"product_cat-skanestai-sunims","7":"product_cat-kaup24-lt","9":"first","10":"instock","11":"taxable","12":"shipping-taxable","13":"purchasable","14":"product-type-simple"},"yoast_head":"<!-- This site is optimized with the Yoast SEO plugin v27.2 - https:\/\/yoast.com\/product\/yoast-seo-wordpress\/ -->\n<title>Frigera d\u017eiovintos avies ausys su kailiu, 100 g - MiuMjau<\/title>\n<meta name=\"robots\" content=\"index, follow, max-snippet:-1, max-image-preview:large, max-video-preview:-1\" \/>\n<link rel=\"canonical\" href=\"https:\/\/miumjau.ee\/lt\/produktas\/frigera-dziovintos-avies-ausys-su-kailiu-100-g\/\" \/>\n<meta property=\"og:locale\" content=\"lt_LT\" \/>\n<meta property=\"og:type\" content=\"article\" \/>\n<meta property=\"og:title\" content=\"Frigera d\u017eiovintos avies ausys su kailiu, 100 g - MiuMjau\" \/>\n<meta property=\"og:description\" content=\"FRIGERA d\u017eiovintos avies ausys yra nat\u016bralus ir sveikas skan\u0117stas! Ar kiaul\u0117s ar jau\u010dio ausys tavo \u0161uniui per \u012fprastos arba jam jos netinka? FRIGERA avies ausys su kailiu i\u0161gelb\u0117s situacij\u0105! \u0160ios 100% nat\u016bralios avies ausys yra kruop\u0161\u010diai d\u017eiovintos, kad b\u016bt\u0173 tra\u0161kios, bet \u0161iek tiek mink\u0161tesn\u0117s ir liesesn\u0117s alternatyvos kiaul\u0117s ausims. \u0160is hipoalerginis skan\u0117stas puikiai tinka \u0161unims, turintiems jautr\u0173 vir\u0161kinim\u0105 \u2013 be to, intensyvus kramtymas valo dantis ir prisideda prie s\u0105nari\u0173 bei rai\u0161\u010di\u0173 sveikatos, nes avienoje gausu mangano. Avies ausys taip pat yra ekologi\u0161kesnis pasirinkimas, nes avi\u0173 p\u0117dsakas aplinkai ma\u017eesnis nei kiauli\u0173 ar galvij\u0173. Dar daugiau \u2013 jos beveik neturi kvapo ir puikiai tinka kramtyti patalpose. Ir geriausia dalis \u2013 kailis nat\u016braliai valo \u0161uns vir\u0161kinimo trakt\u0105! Tai imituoja nat\u016brali\u0105 mityb\u0105 laukin\u0117je gamtoje, kai \u0161unys valgydavo grob\u012f kartu su kailiu ir kaulais. D\u0117l tinkamo dyd\u017eio ir konsistencijos avies ausys tinka net ma\u017eesniems \u0161unims ar tiems, kuri\u0173 \u017eandikauliai silpnesni. Grynasis kiekis: 100 gSudedamosios dalys: 100% avis Analitin\u0117 sud\u0117tis: \u017ealias baltymas 59,78%, \u017eali riebalai 29,4%, dr\u0117gm\u0117 8,27%\u0160\u0117rimo rekomendacijos: duokite kaip skan\u0117st\u0105 tarp valgym\u0173 kaip subalansuotos mitybos dal\u012f. U\u017etikrinkite, kad \u0161uo visada tur\u0117t\u0173 \u0161vie\u017eio vandens. Duokite tik pri\u017ei\u016brint. Netinka \u017emoni\u0173 maistui.\" \/>\n<meta property=\"og:url\" content=\"https:\/\/miumjau.ee\/lt\/produktas\/frigera-dziovintos-avies-ausys-su-kailiu-100-g\/\" \/>\n<meta property=\"og:site_name\" content=\"MiuMjau\" \/>\n<meta property=\"article:publisher\" content=\"https:\/\/www.facebook.com\/miumjaupood\/\" \/>\n<meta property=\"article:modified_time\" content=\"2026-01-07T18:54:10+00:00\" \/>\n<meta property=\"og:image\" content=\"https:\/\/miumjau.ee\/wp-content\/uploads\/2025\/05\/frigera-koerte-maius-lambakoervad-karvaga-100g-1-Photoroom.jpg\" \/>\n\t<meta property=\"og:image:width\" content=\"600\" \/>\n\t<meta property=\"og:image:height\" content=\"800\" \/>\n\t<meta property=\"og:image:type\" content=\"image\/jpeg\" \/>\n<meta name=\"twitter:card\" content=\"summary_large_image\" \/>\n<script type=\"application\/ld+json\" class=\"yoast-schema-graph\">{\"@context\":\"https:\/\/schema.org\",\"@graph\":[{\"@type\":\"WebPage\",\"@id\":\"https:\/\/miumjau.ee\/lt\/produktas\/frigera-dziovintos-avies-ausys-su-kailiu-100-g\/\",\"url\":\"https:\/\/miumjau.ee\/lt\/produktas\/frigera-dziovintos-avies-ausys-su-kailiu-100-g\/\",\"name\":\"Frigera d\u017eiovintos avies ausys su kailiu, 100 g - MiuMjau\",\"isPartOf\":{\"@id\":\"https:\/\/miumjau.ee\/#website\"},\"primaryImageOfPage\":{\"@id\":\"https:\/\/miumjau.ee\/lt\/produktas\/frigera-dziovintos-avies-ausys-su-kailiu-100-g\/#primaryimage\"},\"image\":{\"@id\":\"https:\/\/miumjau.ee\/lt\/produktas\/frigera-dziovintos-avies-ausys-su-kailiu-100-g\/#primaryimage\"},\"thumbnailUrl\":\"https:\/\/miumjau.ee\/wp-content\/uploads\/2025\/05\/frigera-koerte-maius-lambakoervad-karvaga-100g-1-Photoroom.jpg\",\"datePublished\":\"2025-05-18T12:43:10+00:00\",\"dateModified\":\"2026-01-07T18:54:10+00:00\",\"breadcrumb\":{\"@id\":\"https:\/\/miumjau.ee\/lt\/produktas\/frigera-dziovintos-avies-ausys-su-kailiu-100-g\/#breadcrumb\"},\"inLanguage\":\"lt-LT\",\"potentialAction\":[{\"@type\":\"ReadAction\",\"target\":[\"https:\/\/miumjau.ee\/lt\/produktas\/frigera-dziovintos-avies-ausys-su-kailiu-100-g\/\"]}]},{\"@type\":\"ImageObject\",\"inLanguage\":\"lt-LT\",\"@id\":\"https:\/\/miumjau.ee\/lt\/produktas\/frigera-dziovintos-avies-ausys-su-kailiu-100-g\/#primaryimage\",\"url\":\"https:\/\/miumjau.ee\/wp-content\/uploads\/2025\/05\/frigera-koerte-maius-lambakoervad-karvaga-100g-1-Photoroom.jpg\",\"contentUrl\":\"https:\/\/miumjau.ee\/wp-content\/uploads\/2025\/05\/frigera-koerte-maius-lambakoervad-karvaga-100g-1-Photoroom.jpg\",\"width\":600,\"height\":800,\"caption\":\"Frigera kuivatatud lamba k\u00f5rvad karvaga, 100 g\"},{\"@type\":\"BreadcrumbList\",\"@id\":\"https:\/\/miumjau.ee\/lt\/produktas\/frigera-dziovintos-avies-ausys-su-kailiu-100-g\/#breadcrumb\",\"itemListElement\":[{\"@type\":\"ListItem\",\"position\":1,\"name\":\"Home\",\"item\":\"https:\/\/miumjau.ee\/lt\/\"},{\"@type\":\"ListItem\",\"position\":2,\"name\":\"Parduotuv\u0117\",\"item\":\"https:\/\/miumjau.ee\/lt\/parduotuve\/\"},{\"@type\":\"ListItem\",\"position\":3,\"name\":\"Frigera d\u017eiovintos avies ausys su kailiu, 100 g\"}]},{\"@type\":\"WebSite\",\"@id\":\"https:\/\/miumjau.ee\/#website\",\"url\":\"https:\/\/miumjau.ee\/\",\"name\":\"MiuMjau\",\"description\":\"Kraapimispuud kassidele\",\"publisher\":{\"@id\":\"https:\/\/miumjau.ee\/#organization\"},\"potentialAction\":[{\"@type\":\"SearchAction\",\"target\":{\"@type\":\"EntryPoint\",\"urlTemplate\":\"https:\/\/miumjau.ee\/?s={search_term_string}\"},\"query-input\":{\"@type\":\"PropertyValueSpecification\",\"valueRequired\":true,\"valueName\":\"search_term_string\"}}],\"inLanguage\":\"lt-LT\"},{\"@type\":\"Organization\",\"@id\":\"https:\/\/miumjau.ee\/#organization\",\"name\":\"MiuMjau O\u00dc\",\"url\":\"https:\/\/miumjau.ee\/\",\"logo\":{\"@type\":\"ImageObject\",\"inLanguage\":\"lt-LT\",\"@id\":\"https:\/\/miumjau.ee\/#\/schema\/logo\/image\/\",\"url\":\"https:\/\/miumjau.ee\/wp-content\/uploads\/2022\/04\/MiuMjau-logo-kollane.png\",\"contentUrl\":\"https:\/\/miumjau.ee\/wp-content\/uploads\/2022\/04\/MiuMjau-logo-kollane.png\",\"width\":219,\"height\":100,\"caption\":\"MiuMjau O\u00dc\"},\"image\":{\"@id\":\"https:\/\/miumjau.ee\/#\/schema\/logo\/image\/\"},\"sameAs\":[\"https:\/\/www.facebook.com\/miumjaupood\/\"]}]}<\/script>\n<!-- \/ Yoast SEO plugin. -->","yoast_head_json":{"title":"Frigera d\u017eiovintos avies ausys su kailiu, 100 g - MiuMjau","robots":{"index":"index","follow":"follow","max-snippet":"max-snippet:-1","max-image-preview":"max-image-preview:large","max-video-preview":"max-video-preview:-1"},"canonical":"https:\/\/miumjau.ee\/lt\/produktas\/frigera-dziovintos-avies-ausys-su-kailiu-100-g\/","og_locale":"lt_LT","og_type":"article","og_title":"Frigera d\u017eiovintos avies ausys su kailiu, 100 g - MiuMjau","og_description":"FRIGERA d\u017eiovintos avies ausys yra nat\u016bralus ir sveikas skan\u0117stas! Ar kiaul\u0117s ar jau\u010dio ausys tavo \u0161uniui per \u012fprastos arba jam jos netinka? FRIGERA avies ausys su kailiu i\u0161gelb\u0117s situacij\u0105! \u0160ios 100% nat\u016bralios avies ausys yra kruop\u0161\u010diai d\u017eiovintos, kad b\u016bt\u0173 tra\u0161kios, bet \u0161iek tiek mink\u0161tesn\u0117s ir liesesn\u0117s alternatyvos kiaul\u0117s ausims. \u0160is hipoalerginis skan\u0117stas puikiai tinka \u0161unims, turintiems jautr\u0173 vir\u0161kinim\u0105 \u2013 be to, intensyvus kramtymas valo dantis ir prisideda prie s\u0105nari\u0173 bei rai\u0161\u010di\u0173 sveikatos, nes avienoje gausu mangano. Avies ausys taip pat yra ekologi\u0161kesnis pasirinkimas, nes avi\u0173 p\u0117dsakas aplinkai ma\u017eesnis nei kiauli\u0173 ar galvij\u0173. Dar daugiau \u2013 jos beveik neturi kvapo ir puikiai tinka kramtyti patalpose. Ir geriausia dalis \u2013 kailis nat\u016braliai valo \u0161uns vir\u0161kinimo trakt\u0105! Tai imituoja nat\u016brali\u0105 mityb\u0105 laukin\u0117je gamtoje, kai \u0161unys valgydavo grob\u012f kartu su kailiu ir kaulais. D\u0117l tinkamo dyd\u017eio ir konsistencijos avies ausys tinka net ma\u017eesniems \u0161unims ar tiems, kuri\u0173 \u017eandikauliai silpnesni. Grynasis kiekis: 100 gSudedamosios dalys: 100% avis Analitin\u0117 sud\u0117tis: \u017ealias baltymas 59,78%, \u017eali riebalai 29,4%, dr\u0117gm\u0117 8,27%\u0160\u0117rimo rekomendacijos: duokite kaip skan\u0117st\u0105 tarp valgym\u0173 kaip subalansuotos mitybos dal\u012f. U\u017etikrinkite, kad \u0161uo visada tur\u0117t\u0173 \u0161vie\u017eio vandens. Duokite tik pri\u017ei\u016brint. Netinka \u017emoni\u0173 maistui.","og_url":"https:\/\/miumjau.ee\/lt\/produktas\/frigera-dziovintos-avies-ausys-su-kailiu-100-g\/","og_site_name":"MiuMjau","article_publisher":"https:\/\/www.facebook.com\/miumjaupood\/","article_modified_time":"2026-01-07T18:54:10+00:00","og_image":[{"width":600,"height":800,"url":"https:\/\/miumjau.ee\/wp-content\/uploads\/2025\/05\/frigera-koerte-maius-lambakoervad-karvaga-100g-1-Photoroom.jpg","type":"image\/jpeg"}],"twitter_card":"summary_large_image","schema":{"@context":"https:\/\/schema.org","@graph":[{"@type":"WebPage","@id":"https:\/\/miumjau.ee\/lt\/produktas\/frigera-dziovintos-avies-ausys-su-kailiu-100-g\/","url":"https:\/\/miumjau.ee\/lt\/produktas\/frigera-dziovintos-avies-ausys-su-kailiu-100-g\/","name":"Frigera d\u017eiovintos avies ausys su kailiu, 100 g - MiuMjau","isPartOf":{"@id":"https:\/\/miumjau.ee\/#website"},"primaryImageOfPage":{"@id":"https:\/\/miumjau.ee\/lt\/produktas\/frigera-dziovintos-avies-ausys-su-kailiu-100-g\/#primaryimage"},"image":{"@id":"https:\/\/miumjau.ee\/lt\/produktas\/frigera-dziovintos-avies-ausys-su-kailiu-100-g\/#primaryimage"},"thumbnailUrl":"https:\/\/miumjau.ee\/wp-content\/uploads\/2025\/05\/frigera-koerte-maius-lambakoervad-karvaga-100g-1-Photoroom.jpg","datePublished":"2025-05-18T12:43:10+00:00","dateModified":"2026-01-07T18:54:10+00:00","breadcrumb":{"@id":"https:\/\/miumjau.ee\/lt\/produktas\/frigera-dziovintos-avies-ausys-su-kailiu-100-g\/#breadcrumb"},"inLanguage":"lt-LT","potentialAction":[{"@type":"ReadAction","target":["https:\/\/miumjau.ee\/lt\/produktas\/frigera-dziovintos-avies-ausys-su-kailiu-100-g\/"]}]},{"@type":"ImageObject","inLanguage":"lt-LT","@id":"https:\/\/miumjau.ee\/lt\/produktas\/frigera-dziovintos-avies-ausys-su-kailiu-100-g\/#primaryimage","url":"https:\/\/miumjau.ee\/wp-content\/uploads\/2025\/05\/frigera-koerte-maius-lambakoervad-karvaga-100g-1-Photoroom.jpg","contentUrl":"https:\/\/miumjau.ee\/wp-content\/uploads\/2025\/05\/frigera-koerte-maius-lambakoervad-karvaga-100g-1-Photoroom.jpg","width":600,"height":800,"caption":"Frigera kuivatatud lamba k\u00f5rvad karvaga, 100 g"},{"@type":"BreadcrumbList","@id":"https:\/\/miumjau.ee\/lt\/produktas\/frigera-dziovintos-avies-ausys-su-kailiu-100-g\/#breadcrumb","itemListElement":[{"@type":"ListItem","position":1,"name":"Home","item":"https:\/\/miumjau.ee\/lt\/"},{"@type":"ListItem","position":2,"name":"Parduotuv\u0117","item":"https:\/\/miumjau.ee\/lt\/parduotuve\/"},{"@type":"ListItem","position":3,"name":"Frigera d\u017eiovintos avies ausys su kailiu, 100 g"}]},{"@type":"WebSite","@id":"https:\/\/miumjau.ee\/#website","url":"https:\/\/miumjau.ee\/","name":"MiuMjau","description":"Kraapimispuud kassidele","publisher":{"@id":"https:\/\/miumjau.ee\/#organization"},"potentialAction":[{"@type":"SearchAction","target":{"@type":"EntryPoint","urlTemplate":"https:\/\/miumjau.ee\/?s={search_term_string}"},"query-input":{"@type":"PropertyValueSpecification","valueRequired":true,"valueName":"search_term_string"}}],"inLanguage":"lt-LT"},{"@type":"Organization","@id":"https:\/\/miumjau.ee\/#organization","name":"MiuMjau O\u00dc","url":"https:\/\/miumjau.ee\/","logo":{"@type":"ImageObject","inLanguage":"lt-LT","@id":"https:\/\/miumjau.ee\/#\/schema\/logo\/image\/","url":"https:\/\/miumjau.ee\/wp-content\/uploads\/2022\/04\/MiuMjau-logo-kollane.png","contentUrl":"https:\/\/miumjau.ee\/wp-content\/uploads\/2022\/04\/MiuMjau-logo-kollane.png","width":219,"height":100,"caption":"MiuMjau O\u00dc"},"image":{"@id":"https:\/\/miumjau.ee\/#\/schema\/logo\/image\/"},"sameAs":["https:\/\/www.facebook.com\/miumjaupood\/"]}]}},"_links":{"self":[{"href":"https:\/\/miumjau.ee\/lt\/wp-json\/wp\/v2\/product\/41114","targetHints":{"allow":["GET"]}}],"collection":[{"href":"https:\/\/miumjau.ee\/lt\/wp-json\/wp\/v2\/product"}],"about":[{"href":"https:\/\/miumjau.ee\/lt\/wp-json\/wp\/v2\/types\/product"}],"wp:featuredmedia":[{"embeddable":true,"href":"https:\/\/miumjau.ee\/lt\/wp-json\/wp\/v2\/media\/41240"}],"wp:attachment":[{"href":"https:\/\/miumjau.ee\/lt\/wp-json\/wp\/v2\/media?parent=41114"}],"wp:term":[{"taxonomy":"product_brand","embeddable":true,"href":"https:\/\/miumjau.ee\/lt\/wp-json\/wp\/v2\/product_brand?post=41114"},{"taxonomy":"product_cat","embeddable":true,"href":"https:\/\/miumjau.ee\/lt\/wp-json\/wp\/v2\/product_cat?post=41114"},{"taxonomy":"product_tag","embeddable":true,"href":"https:\/\/miumjau.ee\/lt\/wp-json\/wp\/v2\/product_tag?post=41114"}],"curies":[{"name":"wp","href":"https:\/\/api.w.org\/{rel}","templated":true}]}}